{"id":13648,"date":"2021-04-14T14:59:50","date_gmt":"2021-04-14T12:59:50","guid":{"rendered":"https:\/\/dodo-inflatables.com\/product\/razkuzilo-za-skece\/"},"modified":"2026-04-23T19:42:47","modified_gmt":"2026-04-23T17:42:47","slug":"razkuzilo-za-skece","status":"publish","type":"product","link":"https:\/\/dodo-inflatables.com\/sl\/izdelek\/razkuzilo-za-skece\/","title":{"rendered":"Razku\u017eilo za napihljive gradove (12 x 500 ml)"},"content":{"rendered":"<h1>Kupite razku\u017eilo za napihljive gradove<\/h1>\n<p class=\"p1\">Na\u0161e razku\u017eilo je primerno za higiensko \u010di\u0161\u010denje napihljivih gradov in druge napihljive opreme za igro.<br \/>\nZahvaljujo\u010d aktivnim sestavinam je u\u010dinkovito proti bakterijskim sevom ter <span class=\"s1\"><b>ovojni\u010dastim virusom (vklju\u010dno s SARS-CoV-2)<\/b><\/span> in je bilo posebej razvito za ob\u010dutljive povr\u0161ine.<\/p>\n<p class=\"p3\"><b>Ne\u017eno do materialov in brez alkohola:<br \/>\n<\/b>To razku\u017eilo ne vsebuje alkohola in je zato varno za uporabo na povr\u0161inah napihljivih gradov, toboganov in napihljivih event modulov.<br \/>\nNi korozivno in je biorazgradljivo.<\/p>\n<p class=\"p3\"><b>Pripravljeno za uporabo in enostavno za rokovanje:<br \/>\n<\/b>Razku\u017eilo se dobavi \u017ee zme\u0161ano in se ga lahko takoj uporabi.<br \/>\nPrakti\u010dna steklenica s pr\u0161ilom omogo\u010da enostavno in enakomerno nana\u0161anje.<\/p>\n<p class=\"p3\"><b>Primerno za najemodajalce in upravljavce:<br \/>\n<\/b>Zlasti v komercialni uporabi to razku\u017eilo zagotavlja dodatno higieno med najemi in pomaga zagotoviti, da se napihljivi gradovi predajo naslednjemu stranki \u010disti in dobro vzdr\u017eevani.<\/p>\n<p>&nbsp;<\/p>\n<h3><strong>Uporaba<\/strong><\/h3>\n<ol>\n<li>\n<p class=\"p1\">Pred uporabo odstranite grobo umazanijo z notranjosti in okolice napihljivega gradu.<\/p>\n<\/li>\n<li>\n<p class=\"p1\">Po\u0161kropite obmo\u010dje, ki ga je treba razku\u017eiti, ali ga enakomerno nanesite z gobico ali krpo, dokler povr\u0161ina ni popolnoma pokrita.<\/p>\n<\/li>\n<li>\n<p class=\"p1\">Pustite kratko \u010das delovati in nato ne\u017eno obri\u0161ite s \u010disto krpo (ne brisati do suhega).<\/p>\n<\/li>\n<li>\n<p class=\"p1\">Po pribl. <span class=\"s1\"><b>15 minutah kontaktnega \u010dasa<\/b><\/span> se dose\u017ee polna u\u010dinkovitost.<\/p>\n<\/li>\n<\/ol>\n<h4><b>U\u010dinkovina in odobritev<\/b><\/h4>\n<p class=\"p3\">U\u010dinkovina: 100 g nerazred\u010denega izdelka vsebuje naslednjo biocidno u\u010dinkovino:<br \/>\n<b>Benzil-C12-16-alkilidimetil kloridi<\/b><\/p>\n<p class=\"p3\">Odobritev: Skladno z evropsko direktivo o biocidnih proizvodih<br \/>\nRegistracijska \u0161t. BAuA: <span class=\"s2\"><b>N-31951<\/b><\/span><\/p>\n<p>&nbsp;<\/p>\n<h4><b>Testi in standardi<\/b><\/h4>\n<p class=\"p3\">Testirano skladno z med drugim: AMS 1550B, Boeing D6-17487, D6-7127, specifikacije Airbus in McDonnell Douglas, ASTM F 487, specifikacija LH, Boeing BSS 7434 (v testiranju), AMS 1452C (v testiranju), testirano v skladu s smernicami DGHM<\/p>\n<p><strong>Razku\u017eila uporabljajte previdno. Pred uporabo vedno preberite etiketo in informacije o izdelku.<\/strong><\/p>\n","protected":false},"excerpt":{"rendered":"<ul>\n<li>Razku\u017eilo za napihljive gradove<\/li>\n<li>12 x 500 ml steklenic<\/li>\n<li>Predhodno zme\u0161ano in pripravljeno za uporabo<\/li>\n<li>1 liter = 11,66 \u20ac<\/li>\n<\/ul>\n","protected":false},"featured_media":13649,"comment_status":"open","ping_status":"closed","template":"","meta":{"_acf_changed":false,"_uag_custom_page_level_css":"","site-sidebar-layout":"default","site-content-layout":"boxed-container","ast-site-content-layout":"normal-width-container","site-content-style":"boxed","site-sidebar-style":"boxed","ast-global-header-display":"","ast-banner-title-visibility":"","ast-main-header-display":"","ast-hfb-above-header-display":"","ast-hfb-below-header-display":"","ast-hfb-mobile-header-display":"","site-post-title":"disabled","ast-breadcrumbs-content":"","ast-featured-img":"","footer-sml-layout":"","ast-disable-related-posts":"","theme-transparent-header-meta":"default","adv-header-id-meta":"","stick-header-meta":"default","header-above-stick-meta":"","header-main-stick-meta":"","header-below-stick-meta":"","astra-migrate-meta-layouts":"default","ast-page-background-enabled":"default","ast-page-background-meta":{"desktop":{"background-color":"var(--ast-global-color-4)","background-image":"","background-repeat":"repeat","background-position":"center center","background-size":"auto","background-attachment":"scroll","background-type":"","background-media":"","overlay-type":"","overlay-color":"","overlay-opacity":"","overlay-gradient":""},"tablet":{"background-color":"","background-image":"","background-repeat":"repeat","background-position":"center center","background-size":"auto","background-attachment":"scroll","background-type":"","background-media":"","overlay-type":"","overlay-color":"","overlay-opacity":"","overlay-gradient":""},"mobile":{"background-color":"","background-image":"","background-repeat":"repeat","background-position":"center center","background-size":"auto","background-attachment":"scroll","background-type":"","background-media":"","overlay-type":"","overlay-color":"","overlay-opacity":"","overlay-gradient":""}},"ast-content-background-meta":{"desktop":{"background-color":"var(--ast-global-color-5)","background-image":"","background-repeat":"repeat","background-position":"center center","background-size":"auto","background-attachment":"scroll","background-type":"","background-media":"","overlay-type":"","overlay-color":"","overlay-opacity":"","overlay-gradient":""},"tablet":{"background-color":"var(--ast-global-color-5)","background-image":"","background-repeat":"repeat","background-position":"center center","background-size":"auto","background-attachment":"scroll","background-type":"","background-media":"","overlay-type":"","overlay-color":"","overlay-opacity":"","overlay-gradient":""},"mobile":{"background-color":"var(--ast-global-color-5)","background-image":"","background-repeat":"repeat","background-position":"center center","background-size":"auto","background-attachment":"scroll","background-type":"","background-media":"","overlay-type":"","overlay-color":"","overlay-opacity":"","overlay-gradient":""}}},"product_brand":[],"product_cat":[1132],"product_tag":[],"class_list":{"0":"post-13648","1":"product","2":"type-product","3":"status-publish","4":"has-post-thumbnail","6":"product_cat-dodatki","7":"product_shipping_class-zubehor-sl","8":"desktop-align-center","9":"tablet-align-center","10":"mobile-align-center","11":"ast-product-gallery-layout-horizontal","12":"ast-product-gallery-with-no-image","13":"ast-product-tabs-layout-horizontal","15":"first","16":"instock","17":"taxable","18":"shipping-taxable","19":"purchasable","20":"product-type-simple"},"acf":[],"yoast_head":"<!-- This site is optimized with the Yoast SEO plugin v27.5 - https:\/\/yoast.com\/product\/yoast-seo-wordpress\/ -->\n<title>Razku\u017eilo za skalne gradove | Dodo-Inflatables.com<\/title>\n<meta name=\"description\" content=\"Kupite razku\u017eilo za \u010di\u0161\u010denje napihljivih izdelkov na Dodo-Inflatables.com | Velika izbira na zalogi | Certificirano v skladu z EN14960 | Hitra dostava!\" \/>\n<meta name=\"robots\" content=\"index, follow, max-snippet:-1, max-image-preview:large, max-video-preview:-1\" \/>\n<link rel=\"canonical\" href=\"https:\/\/dodo-inflatables.com\/sl\/izdelek\/razkuzilo-za-skece\/\" \/>\n<meta name=\"twitter:label1\" content=\"Est. reading time\" \/>\n\t<meta name=\"twitter:data1\" content=\"1 minuta\" \/>\n<script type=\"application\/ld+json\" class=\"yoast-schema-graph\">{\"@context\":\"https:\\\/\\\/schema.org\",\"@graph\":[{\"@type\":\"WebPage\",\"@id\":\"https:\\\/\\\/dodo-inflatables.com\\\/sl\\\/izdelek\\\/razkuzilo-za-skece\\\/\",\"url\":\"https:\\\/\\\/dodo-inflatables.com\\\/sl\\\/izdelek\\\/razkuzilo-za-skece\\\/\",\"name\":\"Razku\u017eilo za skalne gradove | Dodo-Inflatables.com\",\"isPartOf\":{\"@id\":\"https:\\\/\\\/dodo-inflatables.com\\\/sl\\\/#website\"},\"primaryImageOfPage\":{\"@id\":\"https:\\\/\\\/dodo-inflatables.com\\\/sl\\\/izdelek\\\/razkuzilo-za-skece\\\/#primaryimage\"},\"image\":{\"@id\":\"https:\\\/\\\/dodo-inflatables.com\\\/sl\\\/izdelek\\\/razkuzilo-za-skece\\\/#primaryimage\"},\"thumbnailUrl\":\"https:\\\/\\\/dodo-inflatables.com\\\/wp-content\\\/uploads\\\/2021\\\/04\\\/huepfburg-desinfektionsmittel-kaufen.png\",\"datePublished\":\"2021-04-14T12:59:50+00:00\",\"dateModified\":\"2026-04-23T17:42:47+00:00\",\"description\":\"Kupite razku\u017eilo za \u010di\u0161\u010denje napihljivih izdelkov na Dodo-Inflatables.com | Velika izbira na zalogi | Certificirano v skladu z EN14960 | Hitra dostava!\",\"breadcrumb\":{\"@id\":\"https:\\\/\\\/dodo-inflatables.com\\\/sl\\\/izdelek\\\/razkuzilo-za-skece\\\/#breadcrumb\"},\"inLanguage\":\"sl-SI\",\"potentialAction\":[{\"@type\":\"ReadAction\",\"target\":[\"https:\\\/\\\/dodo-inflatables.com\\\/sl\\\/izdelek\\\/razkuzilo-za-skece\\\/\"]}]},{\"@type\":\"ImageObject\",\"inLanguage\":\"sl-SI\",\"@id\":\"https:\\\/\\\/dodo-inflatables.com\\\/sl\\\/izdelek\\\/razkuzilo-za-skece\\\/#primaryimage\",\"url\":\"https:\\\/\\\/dodo-inflatables.com\\\/wp-content\\\/uploads\\\/2021\\\/04\\\/huepfburg-desinfektionsmittel-kaufen.png\",\"contentUrl\":\"https:\\\/\\\/dodo-inflatables.com\\\/wp-content\\\/uploads\\\/2021\\\/04\\\/huepfburg-desinfektionsmittel-kaufen.png\",\"width\":500,\"height\":500,\"caption\":\"Razku\u017eilo za napihljive gradove (12 x 500 ml) | Dodo Inflatables\"},{\"@type\":\"BreadcrumbList\",\"@id\":\"https:\\\/\\\/dodo-inflatables.com\\\/sl\\\/izdelek\\\/razkuzilo-za-skece\\\/#breadcrumb\",\"itemListElement\":[{\"@type\":\"ListItem\",\"position\":1,\"name\":\"Home\",\"item\":\"https:\\\/\\\/dodo-inflatables.com\\\/sl\\\/\"},{\"@type\":\"ListItem\",\"position\":2,\"name\":\"Trgovina\",\"item\":\"https:\\\/\\\/dodo-inflatables.com\\\/sl\\\/trgovina\\\/\"},{\"@type\":\"ListItem\",\"position\":3,\"name\":\"Razku\u017eilo za ske\u010de\"}]},{\"@type\":\"WebSite\",\"@id\":\"https:\\\/\\\/dodo-inflatables.com\\\/sl\\\/#website\",\"url\":\"https:\\\/\\\/dodo-inflatables.com\\\/sl\\\/\",\"name\":\"dodo-inflatables.com\",\"description\":\"Kupite napihljive gradove in atrakcije v na\u0161i trgovini.\",\"potentialAction\":[{\"@type\":\"SearchAction\",\"target\":{\"@type\":\"EntryPoint\",\"urlTemplate\":\"https:\\\/\\\/dodo-inflatables.com\\\/sl\\\/?s={search_term_string}\"},\"query-input\":{\"@type\":\"PropertyValueSpecification\",\"valueRequired\":true,\"valueName\":\"search_term_string\"}}],\"inLanguage\":\"sl-SI\"}]}<\/script>\n<!-- \/ Yoast SEO plugin. -->","yoast_head_json":{"title":"Razku\u017eilo za skalne gradove | Dodo-Inflatables.com","description":"Kupite razku\u017eilo za \u010di\u0161\u010denje napihljivih izdelkov na Dodo-Inflatables.com | Velika izbira na zalogi | Certificirano v skladu z EN14960 | Hitra dostava!","robots":{"index":"index","follow":"follow","max-snippet":"max-snippet:-1","max-image-preview":"max-image-preview:large","max-video-preview":"max-video-preview:-1"},"canonical":"https:\/\/dodo-inflatables.com\/sl\/izdelek\/razkuzilo-za-skece\/","twitter_misc":{"Est. reading time":"1 minuta"},"schema":{"@context":"https:\/\/schema.org","@graph":[{"@type":"WebPage","@id":"https:\/\/dodo-inflatables.com\/sl\/izdelek\/razkuzilo-za-skece\/","url":"https:\/\/dodo-inflatables.com\/sl\/izdelek\/razkuzilo-za-skece\/","name":"Razku\u017eilo za skalne gradove | Dodo-Inflatables.com","isPartOf":{"@id":"https:\/\/dodo-inflatables.com\/sl\/#website"},"primaryImageOfPage":{"@id":"https:\/\/dodo-inflatables.com\/sl\/izdelek\/razkuzilo-za-skece\/#primaryimage"},"image":{"@id":"https:\/\/dodo-inflatables.com\/sl\/izdelek\/razkuzilo-za-skece\/#primaryimage"},"thumbnailUrl":"https:\/\/dodo-inflatables.com\/wp-content\/uploads\/2021\/04\/huepfburg-desinfektionsmittel-kaufen.png","datePublished":"2021-04-14T12:59:50+00:00","dateModified":"2026-04-23T17:42:47+00:00","description":"Kupite razku\u017eilo za \u010di\u0161\u010denje napihljivih izdelkov na Dodo-Inflatables.com | Velika izbira na zalogi | Certificirano v skladu z EN14960 | Hitra dostava!","breadcrumb":{"@id":"https:\/\/dodo-inflatables.com\/sl\/izdelek\/razkuzilo-za-skece\/#breadcrumb"},"inLanguage":"sl-SI","potentialAction":[{"@type":"ReadAction","target":["https:\/\/dodo-inflatables.com\/sl\/izdelek\/razkuzilo-za-skece\/"]}]},{"@type":"ImageObject","inLanguage":"sl-SI","@id":"https:\/\/dodo-inflatables.com\/sl\/izdelek\/razkuzilo-za-skece\/#primaryimage","url":"https:\/\/dodo-inflatables.com\/wp-content\/uploads\/2021\/04\/huepfburg-desinfektionsmittel-kaufen.png","contentUrl":"https:\/\/dodo-inflatables.com\/wp-content\/uploads\/2021\/04\/huepfburg-desinfektionsmittel-kaufen.png","width":500,"height":500,"caption":"Razku\u017eilo za napihljive gradove (12 x 500 ml) | Dodo Inflatables"},{"@type":"BreadcrumbList","@id":"https:\/\/dodo-inflatables.com\/sl\/izdelek\/razkuzilo-za-skece\/#breadcrumb","itemListElement":[{"@type":"ListItem","position":1,"name":"Home","item":"https:\/\/dodo-inflatables.com\/sl\/"},{"@type":"ListItem","position":2,"name":"Trgovina","item":"https:\/\/dodo-inflatables.com\/sl\/trgovina\/"},{"@type":"ListItem","position":3,"name":"Razku\u017eilo za ske\u010de"}]},{"@type":"WebSite","@id":"https:\/\/dodo-inflatables.com\/sl\/#website","url":"https:\/\/dodo-inflatables.com\/sl\/","name":"dodo-inflatables.com","description":"Kupite napihljive gradove in atrakcije v na\u0161i trgovini.","potentialAction":[{"@type":"SearchAction","target":{"@type":"EntryPoint","urlTemplate":"https:\/\/dodo-inflatables.com\/sl\/?s={search_term_string}"},"query-input":{"@type":"PropertyValueSpecification","valueRequired":true,"valueName":"search_term_string"}}],"inLanguage":"sl-SI"}]}},"uagb_featured_image_src":{"full":["https:\/\/dodo-inflatables.com\/wp-content\/uploads\/2021\/04\/huepfburg-desinfektionsmittel-kaufen.png",500,500,false],"thumbnail":["https:\/\/dodo-inflatables.com\/wp-content\/uploads\/2021\/04\/huepfburg-desinfektionsmittel-kaufen-150x150.png",150,150,true],"medium":["https:\/\/dodo-inflatables.com\/wp-content\/uploads\/2021\/04\/huepfburg-desinfektionsmittel-kaufen-300x300.png",300,300,true],"medium_large":["https:\/\/dodo-inflatables.com\/wp-content\/uploads\/2021\/04\/huepfburg-desinfektionsmittel-kaufen.png",500,500,false],"large":["https:\/\/dodo-inflatables.com\/wp-content\/uploads\/2021\/04\/huepfburg-desinfektionsmittel-kaufen.png",500,500,false],"1536x1536":["https:\/\/dodo-inflatables.com\/wp-content\/uploads\/2021\/04\/huepfburg-desinfektionsmittel-kaufen.png",500,500,false],"2048x2048":["https:\/\/dodo-inflatables.com\/wp-content\/uploads\/2021\/04\/huepfburg-desinfektionsmittel-kaufen.png",500,500,false],"woocommerce_thumbnail":["https:\/\/dodo-inflatables.com\/wp-content\/uploads\/2021\/04\/huepfburg-desinfektionsmittel-kaufen.png",500,500,false],"woocommerce_single":["https:\/\/dodo-inflatables.com\/wp-content\/uploads\/2021\/04\/huepfburg-desinfektionsmittel-kaufen.png",500,500,false],"woocommerce_gallery_thumbnail":["https:\/\/dodo-inflatables.com\/wp-content\/uploads\/2021\/04\/huepfburg-desinfektionsmittel-kaufen-100x100.png",100,100,true]},"uagb_author_info":{"display_name":"Andreas","author_link":"https:\/\/dodo-inflatables.com\/sl\/author\/"},"uagb_comment_info":0,"uagb_excerpt":"Razku\u017eilo za napihljive gradove 12 x 500 ml steklenic Predhodno zme\u0161ano in pripravljeno za uporabo 1 liter = 11,66 \u20ac","_links":{"self":[{"href":"https:\/\/dodo-inflatables.com\/sl\/wp-json\/wp\/v2\/product\/13648","targetHints":{"allow":["GET"]}}],"collection":[{"href":"https:\/\/dodo-inflatables.com\/sl\/wp-json\/wp\/v2\/product"}],"about":[{"href":"https:\/\/dodo-inflatables.com\/sl\/wp-json\/wp\/v2\/types\/product"}],"replies":[{"embeddable":true,"href":"https:\/\/dodo-inflatables.com\/sl\/wp-json\/wp\/v2\/comments?post=13648"}],"wp:featuredmedia":[{"embeddable":true,"href":"https:\/\/dodo-inflatables.com\/sl\/wp-json\/wp\/v2\/media\/13649"}],"wp:attachment":[{"href":"https:\/\/dodo-inflatables.com\/sl\/wp-json\/wp\/v2\/media?parent=13648"}],"wp:term":[{"taxonomy":"product_brand","embeddable":true,"href":"https:\/\/dodo-inflatables.com\/sl\/wp-json\/wp\/v2\/product_brand?post=13648"},{"taxonomy":"product_cat","embeddable":true,"href":"https:\/\/dodo-inflatables.com\/sl\/wp-json\/wp\/v2\/product_cat?post=13648"},{"taxonomy":"product_tag","embeddable":true,"href":"https:\/\/dodo-inflatables.com\/sl\/wp-json\/wp\/v2\/product_tag?post=13648"}],"curies":[{"name":"wp","href":"https:\/\/api.w.org\/{rel}","templated":true}]}}