{"id":13704,"date":"2020-12-29T15:00:18","date_gmt":"2020-12-29T14:00:18","guid":{"rendered":"https:\/\/dodo-inflatables.com\/product\/prikljucek-za-grelnik-huawei\/"},"modified":"2026-04-25T18:30:19","modified_gmt":"2026-04-25T16:30:19","slug":"prikljucek-za-grelnik-huawei","status":"publish","type":"product","link":"https:\/\/dodo-inflatables.com\/sl\/izdelek\/prikljucek-za-grelnik-huawei\/","title":{"rendered":"Grelni priklju\u010dek za Huawei pihala"},"content":{"rendered":"<h2>Kupite grelni priklju\u010dek za Huawei pihala za napihljive gradove<\/h2>\n<p>Grelni priklju\u010dek za Huawei pihala je idealna re\u0161itev za veliko hitrej\u0161e su\u0161enje mokrih napihljivih gradov.<br \/>\nS pomo\u010djo patentiranega sistema hitrega pritiska se grelnik neposredno priklju\u010di na pihalo in segreva zrak, ki se nato vpihuje v napihljivi grad.<br \/>\n<strong>Hitrej\u0161e su\u0161enje:<\/strong><br \/>\nTopel zrak bistveno skraj\u0161a \u010das su\u0161enja vla\u017enega napihljivega gradu. Dolgo \u010dakanje ali ure dodatnega su\u0161enja so mo\u010dno zmanj\u0161ane \u2013 \u0161e posebej koristno za najemodajalce z ve\u010d najemi v enem dnevu.<br \/>\n<strong>Za\u0161\u010dita pred vlago in plesnijo:<\/strong><br \/>\nGrelnik ne su\u0161i samo zunanjih povr\u0161in, ampak tudi notranjost napihljivega gradu. To pomaga u\u010dinkovito prepre\u010diti nabiranje vlage in plesen, hkrati pa podalj\u0161a \u017eivljenjsko dobo napihljive konstrukcije.<br \/>\n<strong>Enostavna namestitev:<\/strong><br \/>\nZahvaljujo\u010d patentiranemu sistemu hitrega pritiska je grelnik mogo\u010de hitro in preprosto namestiti na Huawei pihalo \u2013 brez potrebe po dodatnih orodjih.<br \/>\n<strong>Idealno za najemodajalce:<\/strong><br \/>\nZlasti pri najemodajalskih operacijah s pogostim postavljanjem in pakiranjem ter spremenljivimi vremenskimi razmerami je grelni priklju\u010dek dragocen dodatek za profesionalne uporabnike.<br \/>\n&nbsp;<\/p>\n<h3><strong>Tehni\u010dni podatki<\/strong><\/h3>\n<ul>\n<li>Mere: 33,5 x 31,5 x 28 cm (D x \u0160 x V)<\/li>\n<li>Mo\u010d: 2,5 kW<\/li>\n<li>Priklju\u010dek: Schuko vti\u010d<\/li>\n<\/ul>\n<h3><strong>Navodila<\/strong><\/h3>\n<ul>\n<li>1. Priklju\u010dite grelnik na Huawei pihalo<\/li>\n<li>2. Odprite vse zadrge na napihljivem gradu<\/li>\n<li>3. Vklopite grelnik<\/li>\n<\/ul>\n<p><b>Pomembno:<\/b><span style=\"font-size: 16px;\"> Grelnik zahteva <\/span><span class=\"s1\" style=\"font-size: 16px;\"><b>2,5 kW<\/b><\/span><span style=\"font-size: 16px;\"> in mora biti vedno upravljan prek <\/span><span class=\"s1\" style=\"font-size: 16px;\"><b>lo\u010dene napajalne linije<\/b><\/span><span style=\"font-size: 16px;\">.<\/span><\/p>\n","protected":false},"excerpt":{"rendered":"<ul>\n<li>Primerno za Huawei pihalo REH-1.5E &#8211; 1.5 HP in Huawei pihalo REH-2E &#8211; 2 HP<\/li>\n<li>Primerno za vse napihljive gradove in event module v ponudbi<\/li>\n<li>Enostavna uporaba \u2013 idealno za su\u0161enje napihljive konstrukcije<\/li>\n<\/ul>\n","protected":false},"featured_media":13709,"comment_status":"open","ping_status":"closed","template":"","meta":{"_acf_changed":false,"_uag_custom_page_level_css":"","site-sidebar-layout":"default","site-content-layout":"boxed-container","ast-site-content-layout":"normal-width-container","site-content-style":"boxed","site-sidebar-style":"boxed","ast-global-header-display":"","ast-banner-title-visibility":"","ast-main-header-display":"","ast-hfb-above-header-display":"","ast-hfb-below-header-display":"","ast-hfb-mobile-header-display":"","site-post-title":"disabled","ast-breadcrumbs-content":"","ast-featured-img":"","footer-sml-layout":"","ast-disable-related-posts":"","theme-transparent-header-meta":"default","adv-header-id-meta":"","stick-header-meta":"default","header-above-stick-meta":"","header-main-stick-meta":"","header-below-stick-meta":"","astra-migrate-meta-layouts":"default","ast-page-background-enabled":"default","ast-page-background-meta":{"desktop":{"background-color":"var(--ast-global-color-4)","background-image":"","background-repeat":"repeat","background-position":"center center","background-size":"auto","background-attachment":"scroll","background-type":"","background-media":"","overlay-type":"","overlay-color":"","overlay-opacity":"","overlay-gradient":""},"tablet":{"background-color":"","background-image":"","background-repeat":"repeat","background-position":"center center","background-size":"auto","background-attachment":"scroll","background-type":"","background-media":"","overlay-type":"","overlay-color":"","overlay-opacity":"","overlay-gradient":""},"mobile":{"background-color":"","background-image":"","background-repeat":"repeat","background-position":"center center","background-size":"auto","background-attachment":"scroll","background-type":"","background-media":"","overlay-type":"","overlay-color":"","overlay-opacity":"","overlay-gradient":""}},"ast-content-background-meta":{"desktop":{"background-color":"var(--ast-global-color-5)","background-image":"","background-repeat":"repeat","background-position":"center center","background-size":"auto","background-attachment":"scroll","background-type":"","background-media":"","overlay-type":"","overlay-color":"","overlay-opacity":"","overlay-gradient":""},"tablet":{"background-color":"var(--ast-global-color-5)","background-image":"","background-repeat":"repeat","background-position":"center center","background-size":"auto","background-attachment":"scroll","background-type":"","background-media":"","overlay-type":"","overlay-color":"","overlay-opacity":"","overlay-gradient":""},"mobile":{"background-color":"var(--ast-global-color-5)","background-image":"","background-repeat":"repeat","background-position":"center center","background-size":"auto","background-attachment":"scroll","background-type":"","background-media":"","overlay-type":"","overlay-color":"","overlay-opacity":"","overlay-gradient":""}}},"product_brand":[],"product_cat":[1132],"product_tag":[],"class_list":{"0":"post-13704","1":"product","2":"type-product","3":"status-publish","4":"has-post-thumbnail","6":"product_cat-dodatki","7":"product_shipping_class-zubehor-sl","8":"pa_gtin-0669145333994-sl","9":"desktop-align-center","10":"tablet-align-center","11":"mobile-align-center","12":"ast-product-gallery-layout-horizontal","13":"ast-product-tabs-layout-horizontal","15":"first","16":"instock","17":"taxable","18":"shipping-taxable","19":"purchasable","20":"product-type-simple"},"acf":[],"yoast_head":"<!-- This site is optimized with the Yoast SEO plugin v27.5 - https:\/\/yoast.com\/product\/yoast-seo-wordpress\/ -->\n<title>Nakup grelnika za pihalnike Huawei | Dodo-Inflatables.com<\/title>\n<meta name=\"description\" content=\"Nakup grelnika za napihljive pihalnike Huawei REH-1.5E - 1.5HP na Dodo-Inflatables.com | Po\u0161tene cene | Vedno na zalogi | Hitra dostava!\" \/>\n<meta name=\"robots\" content=\"index, follow, max-snippet:-1, max-image-preview:large, max-video-preview:-1\" \/>\n<link rel=\"canonical\" href=\"https:\/\/dodo-inflatables.com\/sl\/izdelek\/prikljucek-za-grelnik-huawei\/\" \/>\n<meta name=\"twitter:label1\" content=\"Est. reading time\" \/>\n\t<meta name=\"twitter:data1\" content=\"1 minuta\" \/>\n<script type=\"application\/ld+json\" class=\"yoast-schema-graph\">{\"@context\":\"https:\\\/\\\/schema.org\",\"@graph\":[{\"@type\":\"WebPage\",\"@id\":\"https:\\\/\\\/dodo-inflatables.com\\\/sl\\\/izdelek\\\/prikljucek-za-grelnik-huawei\\\/\",\"url\":\"https:\\\/\\\/dodo-inflatables.com\\\/sl\\\/izdelek\\\/prikljucek-za-grelnik-huawei\\\/\",\"name\":\"Nakup grelnika za pihalnike Huawei | Dodo-Inflatables.com\",\"isPartOf\":{\"@id\":\"https:\\\/\\\/dodo-inflatables.com\\\/sl\\\/#website\"},\"primaryImageOfPage\":{\"@id\":\"https:\\\/\\\/dodo-inflatables.com\\\/sl\\\/izdelek\\\/prikljucek-za-grelnik-huawei\\\/#primaryimage\"},\"image\":{\"@id\":\"https:\\\/\\\/dodo-inflatables.com\\\/sl\\\/izdelek\\\/prikljucek-za-grelnik-huawei\\\/#primaryimage\"},\"thumbnailUrl\":\"https:\\\/\\\/dodo-inflatables.com\\\/wp-content\\\/uploads\\\/2020\\\/12\\\/Hupfburg-Geblase-Huawei-kaufen_0004_Air-Heater.jpg\",\"datePublished\":\"2020-12-29T14:00:18+00:00\",\"dateModified\":\"2026-04-25T16:30:19+00:00\",\"description\":\"Nakup grelnika za napihljive pihalnike Huawei REH-1.5E - 1.5HP na Dodo-Inflatables.com | Po\u0161tene cene | Vedno na zalogi | Hitra dostava!\",\"breadcrumb\":{\"@id\":\"https:\\\/\\\/dodo-inflatables.com\\\/sl\\\/izdelek\\\/prikljucek-za-grelnik-huawei\\\/#breadcrumb\"},\"inLanguage\":\"sl-SI\",\"potentialAction\":[{\"@type\":\"ReadAction\",\"target\":[\"https:\\\/\\\/dodo-inflatables.com\\\/sl\\\/izdelek\\\/prikljucek-za-grelnik-huawei\\\/\"]}]},{\"@type\":\"ImageObject\",\"inLanguage\":\"sl-SI\",\"@id\":\"https:\\\/\\\/dodo-inflatables.com\\\/sl\\\/izdelek\\\/prikljucek-za-grelnik-huawei\\\/#primaryimage\",\"url\":\"https:\\\/\\\/dodo-inflatables.com\\\/wp-content\\\/uploads\\\/2020\\\/12\\\/Hupfburg-Geblase-Huawei-kaufen_0004_Air-Heater.jpg\",\"contentUrl\":\"https:\\\/\\\/dodo-inflatables.com\\\/wp-content\\\/uploads\\\/2020\\\/12\\\/Hupfburg-Geblase-Huawei-kaufen_0004_Air-Heater.jpg\",\"width\":500,\"height\":500,\"caption\":\"Grelni priklju\u010dek za Huawei pihala | Dodo Inflatables\"},{\"@type\":\"BreadcrumbList\",\"@id\":\"https:\\\/\\\/dodo-inflatables.com\\\/sl\\\/izdelek\\\/prikljucek-za-grelnik-huawei\\\/#breadcrumb\",\"itemListElement\":[{\"@type\":\"ListItem\",\"position\":1,\"name\":\"Home\",\"item\":\"https:\\\/\\\/dodo-inflatables.com\\\/sl\\\/\"},{\"@type\":\"ListItem\",\"position\":2,\"name\":\"Trgovina\",\"item\":\"https:\\\/\\\/dodo-inflatables.com\\\/sl\\\/trgovina\\\/\"},{\"@type\":\"ListItem\",\"position\":3,\"name\":\"Priklju\u010dek za grelnik Huawei\"}]},{\"@type\":\"WebSite\",\"@id\":\"https:\\\/\\\/dodo-inflatables.com\\\/sl\\\/#website\",\"url\":\"https:\\\/\\\/dodo-inflatables.com\\\/sl\\\/\",\"name\":\"dodo-inflatables.com\",\"description\":\"Kupite napihljive gradove in atrakcije v na\u0161i trgovini.\",\"potentialAction\":[{\"@type\":\"SearchAction\",\"target\":{\"@type\":\"EntryPoint\",\"urlTemplate\":\"https:\\\/\\\/dodo-inflatables.com\\\/sl\\\/?s={search_term_string}\"},\"query-input\":{\"@type\":\"PropertyValueSpecification\",\"valueRequired\":true,\"valueName\":\"search_term_string\"}}],\"inLanguage\":\"sl-SI\"}]}<\/script>\n<!-- \/ Yoast SEO plugin. -->","yoast_head_json":{"title":"Nakup grelnika za pihalnike Huawei | Dodo-Inflatables.com","description":"Nakup grelnika za napihljive pihalnike Huawei REH-1.5E - 1.5HP na Dodo-Inflatables.com | Po\u0161tene cene | Vedno na zalogi | Hitra dostava!","robots":{"index":"index","follow":"follow","max-snippet":"max-snippet:-1","max-image-preview":"max-image-preview:large","max-video-preview":"max-video-preview:-1"},"canonical":"https:\/\/dodo-inflatables.com\/sl\/izdelek\/prikljucek-za-grelnik-huawei\/","twitter_misc":{"Est. reading time":"1 minuta"},"schema":{"@context":"https:\/\/schema.org","@graph":[{"@type":"WebPage","@id":"https:\/\/dodo-inflatables.com\/sl\/izdelek\/prikljucek-za-grelnik-huawei\/","url":"https:\/\/dodo-inflatables.com\/sl\/izdelek\/prikljucek-za-grelnik-huawei\/","name":"Nakup grelnika za pihalnike Huawei | Dodo-Inflatables.com","isPartOf":{"@id":"https:\/\/dodo-inflatables.com\/sl\/#website"},"primaryImageOfPage":{"@id":"https:\/\/dodo-inflatables.com\/sl\/izdelek\/prikljucek-za-grelnik-huawei\/#primaryimage"},"image":{"@id":"https:\/\/dodo-inflatables.com\/sl\/izdelek\/prikljucek-za-grelnik-huawei\/#primaryimage"},"thumbnailUrl":"https:\/\/dodo-inflatables.com\/wp-content\/uploads\/2020\/12\/Hupfburg-Geblase-Huawei-kaufen_0004_Air-Heater.jpg","datePublished":"2020-12-29T14:00:18+00:00","dateModified":"2026-04-25T16:30:19+00:00","description":"Nakup grelnika za napihljive pihalnike Huawei REH-1.5E - 1.5HP na Dodo-Inflatables.com | Po\u0161tene cene | Vedno na zalogi | Hitra dostava!","breadcrumb":{"@id":"https:\/\/dodo-inflatables.com\/sl\/izdelek\/prikljucek-za-grelnik-huawei\/#breadcrumb"},"inLanguage":"sl-SI","potentialAction":[{"@type":"ReadAction","target":["https:\/\/dodo-inflatables.com\/sl\/izdelek\/prikljucek-za-grelnik-huawei\/"]}]},{"@type":"ImageObject","inLanguage":"sl-SI","@id":"https:\/\/dodo-inflatables.com\/sl\/izdelek\/prikljucek-za-grelnik-huawei\/#primaryimage","url":"https:\/\/dodo-inflatables.com\/wp-content\/uploads\/2020\/12\/Hupfburg-Geblase-Huawei-kaufen_0004_Air-Heater.jpg","contentUrl":"https:\/\/dodo-inflatables.com\/wp-content\/uploads\/2020\/12\/Hupfburg-Geblase-Huawei-kaufen_0004_Air-Heater.jpg","width":500,"height":500,"caption":"Grelni priklju\u010dek za Huawei pihala | Dodo Inflatables"},{"@type":"BreadcrumbList","@id":"https:\/\/dodo-inflatables.com\/sl\/izdelek\/prikljucek-za-grelnik-huawei\/#breadcrumb","itemListElement":[{"@type":"ListItem","position":1,"name":"Home","item":"https:\/\/dodo-inflatables.com\/sl\/"},{"@type":"ListItem","position":2,"name":"Trgovina","item":"https:\/\/dodo-inflatables.com\/sl\/trgovina\/"},{"@type":"ListItem","position":3,"name":"Priklju\u010dek za grelnik Huawei"}]},{"@type":"WebSite","@id":"https:\/\/dodo-inflatables.com\/sl\/#website","url":"https:\/\/dodo-inflatables.com\/sl\/","name":"dodo-inflatables.com","description":"Kupite napihljive gradove in atrakcije v na\u0161i trgovini.","potentialAction":[{"@type":"SearchAction","target":{"@type":"EntryPoint","urlTemplate":"https:\/\/dodo-inflatables.com\/sl\/?s={search_term_string}"},"query-input":{"@type":"PropertyValueSpecification","valueRequired":true,"valueName":"search_term_string"}}],"inLanguage":"sl-SI"}]}},"uagb_featured_image_src":{"full":["https:\/\/dodo-inflatables.com\/wp-content\/uploads\/2020\/12\/Hupfburg-Geblase-Huawei-kaufen_0004_Air-Heater.jpg",500,500,false],"thumbnail":["https:\/\/dodo-inflatables.com\/wp-content\/uploads\/2020\/12\/Hupfburg-Geblase-Huawei-kaufen_0004_Air-Heater-150x150.jpg",150,150,true],"medium":["https:\/\/dodo-inflatables.com\/wp-content\/uploads\/2020\/12\/Hupfburg-Geblase-Huawei-kaufen_0004_Air-Heater-300x300.jpg",300,300,true],"medium_large":["https:\/\/dodo-inflatables.com\/wp-content\/uploads\/2020\/12\/Hupfburg-Geblase-Huawei-kaufen_0004_Air-Heater.jpg",500,500,false],"large":["https:\/\/dodo-inflatables.com\/wp-content\/uploads\/2020\/12\/Hupfburg-Geblase-Huawei-kaufen_0004_Air-Heater.jpg",500,500,false],"1536x1536":["https:\/\/dodo-inflatables.com\/wp-content\/uploads\/2020\/12\/Hupfburg-Geblase-Huawei-kaufen_0004_Air-Heater.jpg",500,500,false],"2048x2048":["https:\/\/dodo-inflatables.com\/wp-content\/uploads\/2020\/12\/Hupfburg-Geblase-Huawei-kaufen_0004_Air-Heater.jpg",500,500,false],"woocommerce_thumbnail":["https:\/\/dodo-inflatables.com\/wp-content\/uploads\/2020\/12\/Hupfburg-Geblase-Huawei-kaufen_0004_Air-Heater.jpg",500,500,false],"woocommerce_single":["https:\/\/dodo-inflatables.com\/wp-content\/uploads\/2020\/12\/Hupfburg-Geblase-Huawei-kaufen_0004_Air-Heater.jpg",500,500,false],"woocommerce_gallery_thumbnail":["https:\/\/dodo-inflatables.com\/wp-content\/uploads\/2020\/12\/Hupfburg-Geblase-Huawei-kaufen_0004_Air-Heater-100x100.jpg",100,100,true]},"uagb_author_info":{"display_name":"Andreas","author_link":"https:\/\/dodo-inflatables.com\/sl\/author\/"},"uagb_comment_info":0,"uagb_excerpt":"Primerno za Huawei pihalo REH-1.5E - 1.5 HP in Huawei pihalo REH-2E - 2 HP Primerno za vse napihljive gradove in event module v ponudbi Enostavna uporaba \u2013 idealno za su\u0161enje napihljive konstrukcije","_links":{"self":[{"href":"https:\/\/dodo-inflatables.com\/sl\/wp-json\/wp\/v2\/product\/13704","targetHints":{"allow":["GET"]}}],"collection":[{"href":"https:\/\/dodo-inflatables.com\/sl\/wp-json\/wp\/v2\/product"}],"about":[{"href":"https:\/\/dodo-inflatables.com\/sl\/wp-json\/wp\/v2\/types\/product"}],"replies":[{"embeddable":true,"href":"https:\/\/dodo-inflatables.com\/sl\/wp-json\/wp\/v2\/comments?post=13704"}],"wp:featuredmedia":[{"embeddable":true,"href":"https:\/\/dodo-inflatables.com\/sl\/wp-json\/wp\/v2\/media\/13709"}],"wp:attachment":[{"href":"https:\/\/dodo-inflatables.com\/sl\/wp-json\/wp\/v2\/media?parent=13704"}],"wp:term":[{"taxonomy":"product_brand","embeddable":true,"href":"https:\/\/dodo-inflatables.com\/sl\/wp-json\/wp\/v2\/product_brand?post=13704"},{"taxonomy":"product_cat","embeddable":true,"href":"https:\/\/dodo-inflatables.com\/sl\/wp-json\/wp\/v2\/product_cat?post=13704"},{"taxonomy":"product_tag","embeddable":true,"href":"https:\/\/dodo-inflatables.com\/sl\/wp-json\/wp\/v2\/product_tag?post=13704"}],"curies":[{"name":"wp","href":"https:\/\/api.w.org\/{rel}","templated":true}]}}