{"id":14185,"date":"2024-03-26T17:00:35","date_gmt":"2024-03-26T16:00:35","guid":{"rendered":"https:\/\/dodo-inflatables.com\/product\/huawei-pihalnik-reh-2e-2ps\/"},"modified":"2026-04-23T20:55:22","modified_gmt":"2026-04-23T18:55:22","slug":"huawei-pihalnik-reh-2e-2ps","status":"publish","type":"product","link":"https:\/\/dodo-inflatables.com\/sl\/izdelek\/huawei-pihalnik-reh-2e-2ps\/","title":{"rendered":"Huawei pihalo REH-2E &#8211; 2 HP"},"content":{"rendered":"<h2>Kupite Huawei pihalo za napihljive gradove REH-2E &#8211; 2 HP<\/h2>\n<p>Huawei pihalo za napihljive gradove je ravno prava izbira za najemodajalce ali stranke z ve\u010d napihljivimi gradovi v svojem inventarju.<br \/>\n<strong>Mo\u010dan pretok zraka:<\/strong> Zasnovano za optimalen pretok zraka, hitro in u\u010dinkovito napiha va\u0161 napihljivi grad, hkrati pa med celotno uporabo ohranja pravi zra\u010dni tlak.<br \/>\n<strong>Vsestransk\u00e1 zdru\u017eljivost:<\/strong> Primerno za \u0161irok nabor napihljivih konstrukcij, od napihljivih gradov do napihljivih toboganov in ve\u010d.<br \/>\n<strong>Mo\u017enosti nadgradnje:<\/strong> Zahvaljujo\u010d mo\u017enostim raz\u0161iritve je pihalo mogo\u010de opremiti z deflatorjem za odstranjevanje zraka iz napihljivega gradu in omogo\u010diti hitrej\u0161e praznjenje in pakiranje. Huawei pihalo je mogo\u010de nadgraditi tudi z grelnim priklju\u010dkom. Ta grelec je priklju\u010den na pihalo s patentiranim sistemom hitrega pritiska in segreva zrak, ki se vpihuje v napihljivi grad. To omogo\u010da, da se moker napihljivi grad posu\u0161i veliko hitreje, brez potrebe po dolgih urah su\u0161enja.<br \/>\n&nbsp;<\/p>\n<h3><strong>Podrobnosti o Huawei pihalu REH-2E &#8211; 2 HP<\/strong><\/h3>\n<ul>\n<li>Material: ohi\u0161je iz visokokakovostne plastike<\/li>\n<li>Mo\u010d: 2,4 kW, 2 HP<\/li>\n<li>Priklju\u010dek: Schuko vti\u010d<\/li>\n<li>Premer lijaka: 14,5 cm<\/li>\n<li>Mere: 49 x 38,5 x 49,5 cm<\/li>\n<li>Te\u017ea: 18,1 kg<\/li>\n<li>Raven hrupa: 91 dB<\/li>\n<li>Registracijska \u0161t. WEEE: DE 82972723<\/li>\n<\/ul>\n<p><span style=\"color: #ff0000;\"><strong>To pihalo je potrebno samo za zelo velike napihljive gradove in za starej\u0161e napihljive konstrukcije, pri katerih so \u0161ivi nekoliko popustili in zato dopu\u0161\u010dajo pove\u010dano uhajanje zraka.<\/strong><\/span><br \/>\n<span style=\"color: #ff0000;\"><strong>Za vse na\u0161e standardne napihljive gradove uporabite Huawei pihalo 1,5 HP.<\/strong><\/span><br \/>\n&nbsp;<\/p>\n","protected":false},"excerpt":{"rendered":"<ul>\n<li>Material: ohi\u0161je iz visokokakovostne plastike<\/li>\n<li>Mo\u010d: 2,4 kW, 2 HP<\/li>\n<li>Priklju\u010dek: Schuko vti\u010d<\/li>\n<li>Premer lijaka: 14,5 cm<\/li>\n<li>Mere: 49 x 38,5 x 49,5 cm<\/li>\n<li>Te\u017ea: 18,1 kg<\/li>\n<li>Raven hrupa: 91 dB<\/li>\n<li>Registracijska \u0161t. WEEE: DE 82972723<\/li>\n<\/ul>\n","protected":false},"featured_media":104837,"comment_status":"open","ping_status":"closed","template":"","meta":{"_acf_changed":false,"_uag_custom_page_level_css":"","site-sidebar-layout":"default","site-content-layout":"boxed-container","ast-site-content-layout":"normal-width-container","site-content-style":"boxed","site-sidebar-style":"boxed","ast-global-header-display":"","ast-banner-title-visibility":"","ast-main-header-display":"","ast-hfb-above-header-display":"","ast-hfb-below-header-display":"","ast-hfb-mobile-header-display":"","site-post-title":"disabled","ast-breadcrumbs-content":"","ast-featured-img":"","footer-sml-layout":"","ast-disable-related-posts":"","theme-transparent-header-meta":"default","adv-header-id-meta":"","stick-header-meta":"default","header-above-stick-meta":"","header-main-stick-meta":"","header-below-stick-meta":"","astra-migrate-meta-layouts":"default","ast-page-background-enabled":"default","ast-page-background-meta":{"desktop":{"background-color":"var(--ast-global-color-4)","background-image":"","background-repeat":"repeat","background-position":"center center","background-size":"auto","background-attachment":"scroll","background-type":"","background-media":"","overlay-type":"","overlay-color":"","overlay-opacity":"","overlay-gradient":""},"tablet":{"background-color":"","background-image":"","background-repeat":"repeat","background-position":"center center","background-size":"auto","background-attachment":"scroll","background-type":"","background-media":"","overlay-type":"","overlay-color":"","overlay-opacity":"","overlay-gradient":""},"mobile":{"background-color":"","background-image":"","background-repeat":"repeat","background-position":"center center","background-size":"auto","background-attachment":"scroll","background-type":"","background-media":"","overlay-type":"","overlay-color":"","overlay-opacity":"","overlay-gradient":""}},"ast-content-background-meta":{"desktop":{"background-color":"var(--ast-global-color-5)","background-image":"","background-repeat":"repeat","background-position":"center center","background-size":"auto","background-attachment":"scroll","background-type":"","background-media":"","overlay-type":"","overlay-color":"","overlay-opacity":"","overlay-gradient":""},"tablet":{"background-color":"var(--ast-global-color-5)","background-image":"","background-repeat":"repeat","background-position":"center center","background-size":"auto","background-attachment":"scroll","background-type":"","background-media":"","overlay-type":"","overlay-color":"","overlay-opacity":"","overlay-gradient":""},"mobile":{"background-color":"var(--ast-global-color-5)","background-image":"","background-repeat":"repeat","background-position":"center center","background-size":"auto","background-attachment":"scroll","background-type":"","background-media":"","overlay-type":"","overlay-color":"","overlay-opacity":"","overlay-gradient":""}}},"product_brand":[],"product_cat":[1132],"product_tag":[],"class_list":{"0":"post-14185","1":"product","2":"type-product","3":"status-publish","4":"has-post-thumbnail","6":"product_cat-dodatki","7":"product_shipping_class-zubehor-sl","8":"desktop-align-center","9":"tablet-align-center","10":"mobile-align-center","11":"ast-product-gallery-layout-horizontal","12":"ast-product-gallery-with-no-image","13":"ast-product-tabs-layout-horizontal","15":"first","16":"instock","17":"taxable","18":"shipping-taxable","19":"purchasable","20":"product-type-simple"},"acf":[],"yoast_head":"<!-- This site is optimized with the Yoast SEO plugin v27.5 - https:\/\/yoast.com\/product\/yoast-seo-wordpress\/ -->\n<title>Nakup Huawei pihalniki za skalne gradove | Dodo-Inflatables.com<\/title>\n<meta name=\"description\" content=\"Nakup Huawei pihalnik za napihljivke REH-1.5E - 1.5HP na Dodo-Inflatables.com | Po\u0161tene cene | Vedno na zalogi | Hitra dostava!\" \/>\n<meta name=\"robots\" content=\"index, follow, max-snippet:-1, max-image-preview:large, max-video-preview:-1\" \/>\n<link rel=\"canonical\" href=\"https:\/\/dodo-inflatables.com\/sl\/izdelek\/huawei-pihalnik-reh-2e-2ps\/\" \/>\n<meta name=\"twitter:label1\" content=\"Est. reading time\" \/>\n\t<meta name=\"twitter:data1\" content=\"1 minuta\" \/>\n<script type=\"application\/ld+json\" class=\"yoast-schema-graph\">{\"@context\":\"https:\\\/\\\/schema.org\",\"@graph\":[{\"@type\":\"WebPage\",\"@id\":\"https:\\\/\\\/dodo-inflatables.com\\\/sl\\\/izdelek\\\/huawei-pihalnik-reh-2e-2ps\\\/\",\"url\":\"https:\\\/\\\/dodo-inflatables.com\\\/sl\\\/izdelek\\\/huawei-pihalnik-reh-2e-2ps\\\/\",\"name\":\"Nakup Huawei pihalniki za skalne gradove | Dodo-Inflatables.com\",\"isPartOf\":{\"@id\":\"https:\\\/\\\/dodo-inflatables.com\\\/sl\\\/#website\"},\"primaryImageOfPage\":{\"@id\":\"https:\\\/\\\/dodo-inflatables.com\\\/sl\\\/izdelek\\\/huawei-pihalnik-reh-2e-2ps\\\/#primaryimage\"},\"image\":{\"@id\":\"https:\\\/\\\/dodo-inflatables.com\\\/sl\\\/izdelek\\\/huawei-pihalnik-reh-2e-2ps\\\/#primaryimage\"},\"thumbnailUrl\":\"https:\\\/\\\/dodo-inflatables.com\\\/wp-content\\\/uploads\\\/2020\\\/12\\\/Huawei-Blower.png\",\"datePublished\":\"2024-03-26T16:00:35+00:00\",\"dateModified\":\"2026-04-23T18:55:22+00:00\",\"description\":\"Nakup Huawei pihalnik za napihljivke REH-1.5E - 1.5HP na Dodo-Inflatables.com | Po\u0161tene cene | Vedno na zalogi | Hitra dostava!\",\"breadcrumb\":{\"@id\":\"https:\\\/\\\/dodo-inflatables.com\\\/sl\\\/izdelek\\\/huawei-pihalnik-reh-2e-2ps\\\/#breadcrumb\"},\"inLanguage\":\"sl-SI\",\"potentialAction\":[{\"@type\":\"ReadAction\",\"target\":[\"https:\\\/\\\/dodo-inflatables.com\\\/sl\\\/izdelek\\\/huawei-pihalnik-reh-2e-2ps\\\/\"]}]},{\"@type\":\"ImageObject\",\"inLanguage\":\"sl-SI\",\"@id\":\"https:\\\/\\\/dodo-inflatables.com\\\/sl\\\/izdelek\\\/huawei-pihalnik-reh-2e-2ps\\\/#primaryimage\",\"url\":\"https:\\\/\\\/dodo-inflatables.com\\\/wp-content\\\/uploads\\\/2020\\\/12\\\/Huawei-Blower.png\",\"contentUrl\":\"https:\\\/\\\/dodo-inflatables.com\\\/wp-content\\\/uploads\\\/2020\\\/12\\\/Huawei-Blower.png\",\"width\":500,\"height\":500,\"caption\":\"Huawei pihalo REH-2E - 2 HP | Dodo Inflatables\"},{\"@type\":\"BreadcrumbList\",\"@id\":\"https:\\\/\\\/dodo-inflatables.com\\\/sl\\\/izdelek\\\/huawei-pihalnik-reh-2e-2ps\\\/#breadcrumb\",\"itemListElement\":[{\"@type\":\"ListItem\",\"position\":1,\"name\":\"Home\",\"item\":\"https:\\\/\\\/dodo-inflatables.com\\\/sl\\\/\"},{\"@type\":\"ListItem\",\"position\":2,\"name\":\"Trgovina\",\"item\":\"https:\\\/\\\/dodo-inflatables.com\\\/sl\\\/trgovina\\\/\"},{\"@type\":\"ListItem\",\"position\":3,\"name\":\"Huawei Pihalnik REH-2E &#8211; 2PS\"}]},{\"@type\":\"WebSite\",\"@id\":\"https:\\\/\\\/dodo-inflatables.com\\\/sl\\\/#website\",\"url\":\"https:\\\/\\\/dodo-inflatables.com\\\/sl\\\/\",\"name\":\"dodo-inflatables.com\",\"description\":\"Kupite napihljive gradove in atrakcije v na\u0161i trgovini.\",\"potentialAction\":[{\"@type\":\"SearchAction\",\"target\":{\"@type\":\"EntryPoint\",\"urlTemplate\":\"https:\\\/\\\/dodo-inflatables.com\\\/sl\\\/?s={search_term_string}\"},\"query-input\":{\"@type\":\"PropertyValueSpecification\",\"valueRequired\":true,\"valueName\":\"search_term_string\"}}],\"inLanguage\":\"sl-SI\"}]}<\/script>\n<!-- \/ Yoast SEO plugin. -->","yoast_head_json":{"title":"Nakup Huawei pihalniki za skalne gradove | Dodo-Inflatables.com","description":"Nakup Huawei pihalnik za napihljivke REH-1.5E - 1.5HP na Dodo-Inflatables.com | Po\u0161tene cene | Vedno na zalogi | Hitra dostava!","robots":{"index":"index","follow":"follow","max-snippet":"max-snippet:-1","max-image-preview":"max-image-preview:large","max-video-preview":"max-video-preview:-1"},"canonical":"https:\/\/dodo-inflatables.com\/sl\/izdelek\/huawei-pihalnik-reh-2e-2ps\/","twitter_misc":{"Est. reading time":"1 minuta"},"schema":{"@context":"https:\/\/schema.org","@graph":[{"@type":"WebPage","@id":"https:\/\/dodo-inflatables.com\/sl\/izdelek\/huawei-pihalnik-reh-2e-2ps\/","url":"https:\/\/dodo-inflatables.com\/sl\/izdelek\/huawei-pihalnik-reh-2e-2ps\/","name":"Nakup Huawei pihalniki za skalne gradove | Dodo-Inflatables.com","isPartOf":{"@id":"https:\/\/dodo-inflatables.com\/sl\/#website"},"primaryImageOfPage":{"@id":"https:\/\/dodo-inflatables.com\/sl\/izdelek\/huawei-pihalnik-reh-2e-2ps\/#primaryimage"},"image":{"@id":"https:\/\/dodo-inflatables.com\/sl\/izdelek\/huawei-pihalnik-reh-2e-2ps\/#primaryimage"},"thumbnailUrl":"https:\/\/dodo-inflatables.com\/wp-content\/uploads\/2020\/12\/Huawei-Blower.png","datePublished":"2024-03-26T16:00:35+00:00","dateModified":"2026-04-23T18:55:22+00:00","description":"Nakup Huawei pihalnik za napihljivke REH-1.5E - 1.5HP na Dodo-Inflatables.com | Po\u0161tene cene | Vedno na zalogi | Hitra dostava!","breadcrumb":{"@id":"https:\/\/dodo-inflatables.com\/sl\/izdelek\/huawei-pihalnik-reh-2e-2ps\/#breadcrumb"},"inLanguage":"sl-SI","potentialAction":[{"@type":"ReadAction","target":["https:\/\/dodo-inflatables.com\/sl\/izdelek\/huawei-pihalnik-reh-2e-2ps\/"]}]},{"@type":"ImageObject","inLanguage":"sl-SI","@id":"https:\/\/dodo-inflatables.com\/sl\/izdelek\/huawei-pihalnik-reh-2e-2ps\/#primaryimage","url":"https:\/\/dodo-inflatables.com\/wp-content\/uploads\/2020\/12\/Huawei-Blower.png","contentUrl":"https:\/\/dodo-inflatables.com\/wp-content\/uploads\/2020\/12\/Huawei-Blower.png","width":500,"height":500,"caption":"Huawei pihalo REH-2E - 2 HP | Dodo Inflatables"},{"@type":"BreadcrumbList","@id":"https:\/\/dodo-inflatables.com\/sl\/izdelek\/huawei-pihalnik-reh-2e-2ps\/#breadcrumb","itemListElement":[{"@type":"ListItem","position":1,"name":"Home","item":"https:\/\/dodo-inflatables.com\/sl\/"},{"@type":"ListItem","position":2,"name":"Trgovina","item":"https:\/\/dodo-inflatables.com\/sl\/trgovina\/"},{"@type":"ListItem","position":3,"name":"Huawei Pihalnik REH-2E &#8211; 2PS"}]},{"@type":"WebSite","@id":"https:\/\/dodo-inflatables.com\/sl\/#website","url":"https:\/\/dodo-inflatables.com\/sl\/","name":"dodo-inflatables.com","description":"Kupite napihljive gradove in atrakcije v na\u0161i trgovini.","potentialAction":[{"@type":"SearchAction","target":{"@type":"EntryPoint","urlTemplate":"https:\/\/dodo-inflatables.com\/sl\/?s={search_term_string}"},"query-input":{"@type":"PropertyValueSpecification","valueRequired":true,"valueName":"search_term_string"}}],"inLanguage":"sl-SI"}]}},"uagb_featured_image_src":{"full":["https:\/\/dodo-inflatables.com\/wp-content\/uploads\/2020\/12\/Huawei-Blower.png",500,500,false],"thumbnail":["https:\/\/dodo-inflatables.com\/wp-content\/uploads\/2020\/12\/Huawei-Blower-150x150.png",150,150,true],"medium":["https:\/\/dodo-inflatables.com\/wp-content\/uploads\/2020\/12\/Huawei-Blower-300x300.png",300,300,true],"medium_large":["https:\/\/dodo-inflatables.com\/wp-content\/uploads\/2020\/12\/Huawei-Blower.png",500,500,false],"large":["https:\/\/dodo-inflatables.com\/wp-content\/uploads\/2020\/12\/Huawei-Blower.png",500,500,false],"1536x1536":["https:\/\/dodo-inflatables.com\/wp-content\/uploads\/2020\/12\/Huawei-Blower.png",500,500,false],"2048x2048":["https:\/\/dodo-inflatables.com\/wp-content\/uploads\/2020\/12\/Huawei-Blower.png",500,500,false],"woocommerce_thumbnail":["https:\/\/dodo-inflatables.com\/wp-content\/uploads\/2020\/12\/Huawei-Blower.png",500,500,false],"woocommerce_single":["https:\/\/dodo-inflatables.com\/wp-content\/uploads\/2020\/12\/Huawei-Blower.png",500,500,false],"woocommerce_gallery_thumbnail":["https:\/\/dodo-inflatables.com\/wp-content\/uploads\/2020\/12\/Huawei-Blower-100x100.png",100,100,true]},"uagb_author_info":{"display_name":"Andreas","author_link":"https:\/\/dodo-inflatables.com\/sl\/author\/"},"uagb_comment_info":0,"uagb_excerpt":"Material: ohi\u0161je iz visokokakovostne plastike Mo\u010d: 2,4 kW, 2 HP Priklju\u010dek: Schuko vti\u010d Premer lijaka: 14,5 cm Mere: 49 x 38,5 x 49,5 cm Te\u017ea: 18,1 kg Raven hrupa: 91 dB Registracijska \u0161t. WEEE: DE 82972723","_links":{"self":[{"href":"https:\/\/dodo-inflatables.com\/sl\/wp-json\/wp\/v2\/product\/14185","targetHints":{"allow":["GET"]}}],"collection":[{"href":"https:\/\/dodo-inflatables.com\/sl\/wp-json\/wp\/v2\/product"}],"about":[{"href":"https:\/\/dodo-inflatables.com\/sl\/wp-json\/wp\/v2\/types\/product"}],"replies":[{"embeddable":true,"href":"https:\/\/dodo-inflatables.com\/sl\/wp-json\/wp\/v2\/comments?post=14185"}],"wp:featuredmedia":[{"embeddable":true,"href":"https:\/\/dodo-inflatables.com\/sl\/wp-json\/wp\/v2\/media\/104837"}],"wp:attachment":[{"href":"https:\/\/dodo-inflatables.com\/sl\/wp-json\/wp\/v2\/media?parent=14185"}],"wp:term":[{"taxonomy":"product_brand","embeddable":true,"href":"https:\/\/dodo-inflatables.com\/sl\/wp-json\/wp\/v2\/product_brand?post=14185"},{"taxonomy":"product_cat","embeddable":true,"href":"https:\/\/dodo-inflatables.com\/sl\/wp-json\/wp\/v2\/product_cat?post=14185"},{"taxonomy":"product_tag","embeddable":true,"href":"https:\/\/dodo-inflatables.com\/sl\/wp-json\/wp\/v2\/product_tag?post=14185"}],"curies":[{"name":"wp","href":"https:\/\/api.w.org\/{rel}","templated":true}]}}