{"id":14397,"date":"2023-10-16T15:14:56","date_gmt":"2023-10-16T13:14:56","guid":{"rendered":"https:\/\/dodo-inflatables.com\/product\/napihljiv-grad-slonji-svet-s-toboganom\/"},"modified":"2026-02-06T07:04:23","modified_gmt":"2026-02-06T06:04:23","slug":"napihljiv-grad-svet-slonov-s-toboganom","status":"publish","type":"product","link":"https:\/\/dodo-inflatables.com\/sl\/izdelek\/napihljiv-grad-svet-slonov-s-toboganom\/","title":{"rendered":"Napihljiv grad Svet slonov s toboganom"},"content":{"rendered":"<h2>Kupi Napihljiv grad Svet slonov s toboganom<\/h2>\n<p>Napihljiv grad Svet slonov s toboganom ponuja vznemirljivo pustolov\u0161\u010dino v osr\u010dju d\u017eungle! Napihljiv grad je okra\u0161en z bujno zeleno vegetacijo in eksoti\u010dnimi rastlinami, ki otroke popeljejo v divjo naravo. Pri vhodu jih pri\u010daka mogo\u010den slon s prijaznim pogledom, ki vabi k raziskovanju. Otroci lahko ska\u010dejo, se igrajo in se spu\u0161\u010dajo po velikem toboganu, ki zagotavlja dodatno veselje. Varnostna mre\u017ea popolnoma obdaja notranjost igrala, kar zagotavlja dodatno varnost, hkrati pa star\u0161em omogo\u010da, da imajo otroke ves \u010das na o\u010deh.<\/p>\n<p>Napihljiv grad Svet slonov s toboganom je dostavljen v ustrezni transportni vre\u010di in ga je mogo\u010de enostavno postaviti v pribli\u017eno 10 minutah. V paketu so vklju\u010deni napihljiv grad, transportna vre\u010da in komplet za popravilo. Upo\u0161tevaj, da <a href=\"https:\/\/dodo-inflatables.com\/sl\/izdelek\/puhalnik-huawei-reh-1-5e-15ps\/\">puhalo<\/a> in <a href=\"https:\/\/dodo-inflatables.com\/sl\/izdelek\/gibbonsov-pihalnik-fp5005-15ps\/\">podloga<\/a> nista vklju\u010dena; najde\u0161 ju v na\u0161i kategoriji <a href=\"https:\/\/dodo-inflatables.com\/sl\/kategorija-izdelka\/dodatki\/\">Dodatki<\/a>. Obe ponujeni puhali (<a href=\"https:\/\/dodo-inflatables.com\/sl\/izdelek\/puhalnik-huawei-reh-1-5e-15ps\/\">Huawei<\/a> in <a href=\"https:\/\/dodo-inflatables.com\/sl\/izdelek\/gibbonsov-pihalnik-fp5005-15ps\/\">Gibbons<\/a>) sta primerni za ta napihljiv grad.<\/p>\n<p>Izdelan iz trpe\u017enega PVC platna (0,55 mm \/ 621,3 g\/m\u00b2) in certificiran po DIN EN 14960, je Napihljiv grad Svet slonov s toboganom kakovosten izdelek, ki ustreza najvi\u0161jim varnostnim standardom.<\/p>\n<p>Prosimo, uporabljaj napihljiv grad izklju\u010dno na ustreznih podlogah, da ga za\u0161\u010diti\u0161 pred ostrimi predmeti na tleh in obrabo. Priporo\u010damo, da napihljiv grad postavi\u0161 na travnato povr\u0161ino in ga pritrdi\u0161 z na\u0161imi <a href=\"https:\/\/dodo-inflatables.com\/sl\/izdelek\/okovi-za-pritrditev-napihljivega-predmeta\/\">talnimi klini<\/a> za maksimalno varnost. Po vsaki uporabi naj bo napihljiv grad ponovno suh in pravilno zapakiran, da ga za\u0161\u010diti\u0161 pred zunanjimi vplivi in po\u0161kodbami med transportom.<\/p>\n<p>\u26a0\ufe0f Za delovanje napihljivega gradu je potrebno le <strong>eno puhalo<\/strong>. Druga zra\u010dna cev je le alternativa \u2013 na primer, \u010de na lokaciji primanjkuje prostora in je drug priklju\u010dek bolj primeren \u2013 ali pa se lahko uporabi pri razstavljanju za hitrej\u0161e izpihovanje zraka.<\/p>\n<div class=\"product-description\">\n<p><!-- Rumena informacijska \u0161katla --><\/p>\n<div class=\"yellow-box\">\n<h2>Podrobnosti o Napihljiv grad Svet slonov s toboganom<\/h2>\n<div class=\"info-container\">\n<p><!-- Prva vrstica --><\/p>\n<div class=\"info-group\">\n<div class=\"info-column\">\n<h3>Dimenzije &amp; uporabniki<\/h3>\n<ul>\n<li><strong>Dimenzije<\/strong>: 5,50 m x 5,50 m x 3,40 m * (D x \u0160 x V)<\/li>\n<li><strong>Skakalna povr\u0161ina<\/strong>: 3,60 x 3,40 m (D x \u0160)<\/li>\n<li><strong>Vi\u0161ina drsnika<\/strong>: 0,90 m + 50 cm vi\u0161ina od tal *<\/li>\n<li>Primerno za pribli\u017eno <strong>12 otrok<\/strong> (odvisno od starosti in velikosti)<\/li>\n<li><strong>Maksimalna vi\u0161ina<\/strong> uporabnikov: 1,50 m<\/li>\n<\/ul>\n<\/div>\n<div class=\"info-column\">\n<h3>Postavitev in razstavljanje<\/h3>\n<ul>\n<li><strong>Dimenzije paketa<\/strong>: Vi\u0161ina 120 cm, Premer 90 cm<\/li>\n<li><strong>Te\u017ea<\/strong>: pribli\u017eno 150 kg<\/li>\n<li><strong>\u010cas postavitve<\/strong>: 10 \u2013 20 minut<\/li>\n<li><strong>Potreben puhalnik<\/strong>: <span style=\"color: #ffffff;\"><a style=\"color: #ffffff;\" href=\"https:\/\/dodo-inflatables.com\/sl\/izdelek\/huawei-pihalnik-reh-2e-2ps\/\">1 x Huawei REH-2E \u2013 2 PS<\/a><\/span><\/li>\n<li><strong>Potreben prostor<\/strong>: 10,80 x 9,10 m (D x \u0160) (po DIN EN14960) <span class=\"tooltip\"><em><span style=\"color: #ffffff;\">Kaj to pomeni?<\/span><\/em><span class=\"tooltiptext\"> Po DIN standardu mora biti okoli napihljivega gradu 1,80 m prostora in 3,50 m pred odprto stranjo. To slu\u017ei varnosti; izvedba je po lastni presoji.<\/span><\/span><\/li>\n<\/ul>\n<\/div>\n<div class=\"info-column\">\n<h3>Lastnosti<\/h3>\n<ul>\n<li><strong>Certifikat odobritve<\/strong> po EN 14960<\/li>\n<li>Material: PVC (0,55 mm \/ 621,3 g\/m\u00b2)<\/li>\n<li>2 \u2013 4-krat \u0161ivano<\/li>\n<li>Te\u017eko vnetljivo<\/li>\n<li>Skakalna povr\u0161ina z za\u0161\u010ditnimi trakovi, zadrga s pokrovom na je\u017eka, oja\u010dani vogali<\/li>\n<\/ul>\n<\/div>\n<\/div>\n<p><!-- Druga vrstica --><\/p>\n<div class=\"info-group\">\n<div class=\"info-column\">\n<h3>Vklju\u010deno<\/h3>\n<ul class=\"check-list\">\n<li>Obse\u017een vodnik z varnostnimi navodili, navodili za postavitev in razstavljanje ter nasveti za najem<\/li>\n<li>Ustrezna transportna vre\u010da<\/li>\n<li>Komplet za popravilo<\/li>\n<\/ul>\n<\/div>\n<div class=\"info-column\">\n<h3>Ni vklju\u010deno<\/h3>\n<ul class=\"cross-list\">\n<li><span style=\"color: #ffffff;\"><a style=\"color: #ffffff;\" href=\"https:\/\/dodo-inflatables.com\/sl\/izdelek\/huawei-pihalnik-reh-2e-2ps\/\">Puhalo<\/a><\/span><\/li>\n<li><span style=\"color: #ffffff;\"><a style=\"color: #ffffff;\" href=\"https:\/\/dodo-inflatables.com\/sl\/izdelek\/zemeljska-plocevina-5-x-6-metrov\/\">Podloga<\/a><\/span><\/li>\n<li><span style=\"color: #ffffff;\"><a style=\"color: #ffffff;\" href=\"https:\/\/dodo-inflatables.com\/sl\/izdelek\/okovi-za-pritrditev-napihljivega-predmeta\/\">Talni klini<\/a><\/span><\/li>\n<li><span style=\"color: #ffffff;\"><a style=\"color: #ffffff;\" href=\"https:\/\/dodo-inflatables.com\/sl\/izdelek\/podloge-za-zascito-pred-padci-240-x-120-x-5-cm\/\">Za\u0161\u010ditne podloge<\/a><\/span><\/li>\n<li>Dodatna oprema<\/li>\n<\/ul>\n<\/div>\n<div class=\"info-column\"><\/div>\n<\/div>\n<\/div>\n<\/div>\n<\/div>\n<h3>Pomembna navodila za uporabo<\/h3>\n<p>Napihljiv grad Svet slonov s toboganom je profesionalni modul, izdelan in preizku\u0161en po strogih smernicah standarda DIN EN 14960, kar pomeni, da je varen in zanesljiv. Zato je idealen za profesionalno oddajo v najem. Prosimo, upo\u0161tevaj, da je uporaba dovoljena samo otrokom \u2013 odrasli niso dovoljeni!<\/p>\n<p>Upo\u0161tevaj tudi, da mora puhalo (ni vklju\u010deno) med uporabo neprekinjeno delovati in da je rahel izpust zraka skozi odprtine potreben, da napihljiv grad ne po\u010di.<\/p>\n<p>Zgrabi zdaj Napihljiv grad Svet slonov s toboganom in do\u017eivi nepozabne trenutke polne zabave in pustolov\u0161\u010din!<\/p>\n<p><em>Ta model je za\u0161\u010diten z registriranim dizajnom, ki velja po vsej EU.<\/em><\/p>\n<div class=\"green-box\">\n<p><img decoding=\"async\" src=\"https:\/\/dodo-inflatables.com\/wp-content\/uploads\/2025\/04\/SL-1.png\" alt=\"Vodnik\" \/><\/p>\n<div class=\"text-container\">\n<h3>Po nakupu prejme\u0161 23-stranski vodnik,<br \/>\nki vsebuje naslednje vsebine:<\/h3>\n<ul>\n<li>Varnostna navodila za postavitev, razstavljanje in uporabo napihljivega gradu<\/li>\n<li>Certifikat DIN EN 14960 in individualna serijska \u0161tevilka<\/li>\n<li>Podrobna navodila za monta\u017eo in demonta\u017eo<\/li>\n<li>Navodila za pregled in vzdr\u017eevanje<\/li>\n<li>Priporo\u010dila za uporabo pri oddaji v najem<\/li>\n<\/ul>\n<\/div>\n<\/div>\n","protected":false},"excerpt":{"rendered":"<h4>[gzd_product_delivery_time]<\/h4>\n<div class=\"delivery-info\">\n<p>\u010ce je naro\u010dilo in pla\u010dilo prejeto <b>do 11. ure<\/b>,<br \/>\nbo po\u0161iljka odposlana isti dan!<\/p>\n<p><i class=\"fas fa-shipping-fast\"><\/i> \u00a0\u00a0Dobavni rok: pribl. 2 \u2013 8 delovnih dni (Dostava iz Nem\u010dije)<br \/>\n<i class=\"fas fa-expand-arrows-alt\"><\/i> \u00a0\u00a0\u00a0Dimenzije: 5,50 m x 5,50 m x 3,40 m * (D \u00d7 \u0160 \u00d7 V)<br \/>\n<i class=\"fas fa-users\"><\/i> \u00a0\u00a0Primerno za pribl. 12 otrok (odvisno od starosti in velikosti)<br \/>\n<i class=\"fas fa-award\"><\/i> \u00a0\u00a0\u00a0Certificirano po DIN EN 14960<br \/>\n<i class=\"fas fa-book\"><\/i> \u00a0\u00a0\u00a0Priro\u010dnik s certifikatom in serijsko \u0161tevilko<\/p>\n<\/div>\n","protected":false},"featured_media":69634,"comment_status":"open","ping_status":"closed","template":"","meta":{"_acf_changed":false,"_uag_custom_page_level_css":"","site-sidebar-layout":"default","site-content-layout":"boxed-container","ast-site-content-layout":"normal-width-container","site-content-style":"boxed","site-sidebar-style":"boxed","ast-global-header-display":"","ast-banner-title-visibility":"","ast-main-header-display":"","ast-hfb-above-header-display":"","ast-hfb-below-header-display":"","ast-hfb-mobile-header-display":"","site-post-title":"disabled","ast-breadcrumbs-content":"","ast-featured-img":"","footer-sml-layout":"","ast-disable-related-posts":"","theme-transparent-header-meta":"default","adv-header-id-meta":"","stick-header-meta":"default","header-above-stick-meta":"","header-main-stick-meta":"","header-below-stick-meta":"","astra-migrate-meta-layouts":"set","ast-page-background-enabled":"default","ast-page-background-meta":{"desktop":{"background-color":"var(--ast-global-color-4)","background-image":"","background-repeat":"repeat","background-position":"center center","background-size":"auto","background-attachment":"scroll","background-type":"","background-media":"","overlay-type":"","overlay-color":"","overlay-opacity":"","overlay-gradient":""},"tablet":{"background-color":"","background-image":"","background-repeat":"repeat","background-position":"center center","background-size":"auto","background-attachment":"scroll","background-type":"","background-media":"","overlay-type":"","overlay-color":"","overlay-opacity":"","overlay-gradient":""},"mobile":{"background-color":"","background-image":"","background-repeat":"repeat","background-position":"center center","background-size":"auto","background-attachment":"scroll","background-type":"","background-media":"","overlay-type":"","overlay-color":"","overlay-opacity":"","overlay-gradient":""}},"ast-content-background-meta":{"desktop":{"background-color":"var(--ast-global-color-5)","background-image":"","background-repeat":"repeat","background-position":"center center","background-size":"auto","background-attachment":"scroll","background-type":"","background-media":"","overlay-type":"","overlay-color":"","overlay-opacity":"","overlay-gradient":""},"tablet":{"background-color":"var(--ast-global-color-5)","background-image":"","background-repeat":"repeat","background-position":"center center","background-size":"auto","background-attachment":"scroll","background-type":"","background-media":"","overlay-type":"","overlay-color":"","overlay-opacity":"","overlay-gradient":""},"mobile":{"background-color":"var(--ast-global-color-5)","background-image":"","background-repeat":"repeat","background-position":"center center","background-size":"auto","background-attachment":"scroll","background-type":"","background-media":"","overlay-type":"","overlay-color":"","overlay-opacity":"","overlay-gradient":""}}},"product_brand":[],"product_cat":[1189,1141],"product_tag":[1191],"class_list":{"0":"post-14397","1":"product","2":"type-product","3":"status-publish","4":"has-post-thumbnail","6":"product_cat-slides-sl","7":"product_cat-gradovi-bouncy","8":"product_tag-z-drsnikom","9":"product_shipping_class-spedition-hupfburg-sl","10":"pa_gtin-0645117542434-sl","11":"pa_height-310-m-350-m-sl","12":"pa_height-of-the-slide-under-100-m-sl","13":"pa_length-510-m-550-m-sl","14":"pa_type-of-bouncy-castle-bouncy-castle-with-slide-sl","15":"pa_width-510-m-550-m-sl","16":"desktop-align-center","17":"tablet-align-center","18":"mobile-align-center","19":"ast-product-gallery-layout-horizontal","20":"ast-product-tabs-layout-horizontal","22":"first","23":"instock","24":"taxable","25":"shipping-taxable","26":"purchasable","27":"product-type-simple"},"acf":[],"yoast_head":"<!-- This site is optimized with the Yoast SEO plugin v27.3 - https:\/\/yoast.com\/product\/yoast-seo-wordpress\/ -->\n<title>Kupite Napihljiv grad Svet slonov s toboganom zdaj<\/title>\n<meta name=\"description\" content=\"Kupite Napihljiv grad Svet slonov s toboganom za zasebno in poslovno uporabo v Sloveniji. T\u00dcV certifikat, skladno z EN 14960, hitra dostava.\" \/>\n<meta name=\"robots\" content=\"index, follow, max-snippet:-1, max-image-preview:large, max-video-preview:-1\" \/>\n<link rel=\"canonical\" href=\"https:\/\/dodo-inflatables.com\/sl\/izdelek\/napihljiv-grad-svet-slonov-s-toboganom\/\" \/>\n<meta name=\"twitter:label1\" content=\"Est. reading time\" \/>\n\t<meta name=\"twitter:data1\" content=\"3 minute\" \/>\n<script type=\"application\/ld+json\" class=\"yoast-schema-graph\">{\"@context\":\"https:\\\/\\\/schema.org\",\"@graph\":[{\"@type\":\"WebPage\",\"@id\":\"https:\\\/\\\/dodo-inflatables.com\\\/sl\\\/izdelek\\\/napihljiv-grad-svet-slonov-s-toboganom\\\/\",\"url\":\"https:\\\/\\\/dodo-inflatables.com\\\/sl\\\/izdelek\\\/napihljiv-grad-svet-slonov-s-toboganom\\\/\",\"name\":\"Kupite Napihljiv grad Svet slonov s toboganom zdaj\",\"isPartOf\":{\"@id\":\"https:\\\/\\\/dodo-inflatables.com\\\/sl\\\/#website\"},\"primaryImageOfPage\":{\"@id\":\"https:\\\/\\\/dodo-inflatables.com\\\/sl\\\/izdelek\\\/napihljiv-grad-svet-slonov-s-toboganom\\\/#primaryimage\"},\"image\":{\"@id\":\"https:\\\/\\\/dodo-inflatables.com\\\/sl\\\/izdelek\\\/napihljiv-grad-svet-slonov-s-toboganom\\\/#primaryimage\"},\"thumbnailUrl\":\"https:\\\/\\\/dodo-inflatables.com\\\/wp-content\\\/uploads\\\/2023\\\/10\\\/Bouncy-Castle-Elephant-World-with-Slide7.jpg\",\"datePublished\":\"2023-10-16T13:14:56+00:00\",\"dateModified\":\"2026-02-06T06:04:23+00:00\",\"description\":\"Kupite Napihljiv grad Svet slonov s toboganom za zasebno in poslovno uporabo v Sloveniji. T\u00dcV certifikat, skladno z EN 14960, hitra dostava.\",\"breadcrumb\":{\"@id\":\"https:\\\/\\\/dodo-inflatables.com\\\/sl\\\/izdelek\\\/napihljiv-grad-svet-slonov-s-toboganom\\\/#breadcrumb\"},\"inLanguage\":\"sl-SI\",\"potentialAction\":[{\"@type\":\"ReadAction\",\"target\":[\"https:\\\/\\\/dodo-inflatables.com\\\/sl\\\/izdelek\\\/napihljiv-grad-svet-slonov-s-toboganom\\\/\"]}]},{\"@type\":\"ImageObject\",\"inLanguage\":\"sl-SI\",\"@id\":\"https:\\\/\\\/dodo-inflatables.com\\\/sl\\\/izdelek\\\/napihljiv-grad-svet-slonov-s-toboganom\\\/#primaryimage\",\"url\":\"https:\\\/\\\/dodo-inflatables.com\\\/wp-content\\\/uploads\\\/2023\\\/10\\\/Bouncy-Castle-Elephant-World-with-Slide7.jpg\",\"contentUrl\":\"https:\\\/\\\/dodo-inflatables.com\\\/wp-content\\\/uploads\\\/2023\\\/10\\\/Bouncy-Castle-Elephant-World-with-Slide7.jpg\",\"width\":1000,\"height\":1000},{\"@type\":\"BreadcrumbList\",\"@id\":\"https:\\\/\\\/dodo-inflatables.com\\\/sl\\\/izdelek\\\/napihljiv-grad-svet-slonov-s-toboganom\\\/#breadcrumb\",\"itemListElement\":[{\"@type\":\"ListItem\",\"position\":1,\"name\":\"Home\",\"item\":\"https:\\\/\\\/dodo-inflatables.com\\\/sl\\\/\"},{\"@type\":\"ListItem\",\"position\":2,\"name\":\"Trgovina\",\"item\":\"https:\\\/\\\/dodo-inflatables.com\\\/sl\\\/trgovina\\\/\"},{\"@type\":\"ListItem\",\"position\":3,\"name\":\"Napihljiv grad Svet slonov s toboganom\"}]},{\"@type\":\"WebSite\",\"@id\":\"https:\\\/\\\/dodo-inflatables.com\\\/sl\\\/#website\",\"url\":\"https:\\\/\\\/dodo-inflatables.com\\\/sl\\\/\",\"name\":\"dodo-inflatables.com\",\"description\":\"Kupite napihljive gradove in atrakcije v na\u0161i trgovini.\",\"publisher\":{\"@id\":\"https:\\\/\\\/dodo-inflatables.com\\\/sl\\\/#organization\"},\"potentialAction\":[{\"@type\":\"SearchAction\",\"target\":{\"@type\":\"EntryPoint\",\"urlTemplate\":\"https:\\\/\\\/dodo-inflatables.com\\\/sl\\\/?s={search_term_string}\"},\"query-input\":{\"@type\":\"PropertyValueSpecification\",\"valueRequired\":true,\"valueName\":\"search_term_string\"}}],\"inLanguage\":\"sl-SI\"},{\"@type\":\"Organization\",\"@id\":\"https:\\\/\\\/dodo-inflatables.com\\\/sl\\\/#organization\",\"name\":\"dodo-inflatables.com\",\"url\":\"https:\\\/\\\/dodo-inflatables.com\\\/sl\\\/\",\"logo\":{\"@type\":\"ImageObject\",\"inLanguage\":\"sl-SI\",\"@id\":\"https:\\\/\\\/dodo-inflatables.com\\\/sl\\\/#\\\/schema\\\/logo\\\/image\\\/\",\"url\":\"https:\\\/\\\/dodo-inflatables.com\\\/wp-content\\\/uploads\\\/2023\\\/04\\\/cropped-cropped-cropped-Dodo-Logo.png\",\"contentUrl\":\"https:\\\/\\\/dodo-inflatables.com\\\/wp-content\\\/uploads\\\/2023\\\/04\\\/cropped-cropped-cropped-Dodo-Logo.png\",\"width\":2996,\"height\":1545,\"caption\":\"dodo-inflatables.com\"},\"image\":{\"@id\":\"https:\\\/\\\/dodo-inflatables.com\\\/sl\\\/#\\\/schema\\\/logo\\\/image\\\/\"}}]}<\/script>\n<!-- \/ Yoast SEO plugin. -->","yoast_head_json":{"title":"Kupite Napihljiv grad Svet slonov s toboganom zdaj","description":"Kupite Napihljiv grad Svet slonov s toboganom za zasebno in poslovno uporabo v Sloveniji. T\u00dcV certifikat, skladno z EN 14960, hitra dostava.","robots":{"index":"index","follow":"follow","max-snippet":"max-snippet:-1","max-image-preview":"max-image-preview:large","max-video-preview":"max-video-preview:-1"},"canonical":"https:\/\/dodo-inflatables.com\/sl\/izdelek\/napihljiv-grad-svet-slonov-s-toboganom\/","twitter_misc":{"Est. reading time":"3 minute"},"schema":{"@context":"https:\/\/schema.org","@graph":[{"@type":"WebPage","@id":"https:\/\/dodo-inflatables.com\/sl\/izdelek\/napihljiv-grad-svet-slonov-s-toboganom\/","url":"https:\/\/dodo-inflatables.com\/sl\/izdelek\/napihljiv-grad-svet-slonov-s-toboganom\/","name":"Kupite Napihljiv grad Svet slonov s toboganom zdaj","isPartOf":{"@id":"https:\/\/dodo-inflatables.com\/sl\/#website"},"primaryImageOfPage":{"@id":"https:\/\/dodo-inflatables.com\/sl\/izdelek\/napihljiv-grad-svet-slonov-s-toboganom\/#primaryimage"},"image":{"@id":"https:\/\/dodo-inflatables.com\/sl\/izdelek\/napihljiv-grad-svet-slonov-s-toboganom\/#primaryimage"},"thumbnailUrl":"https:\/\/dodo-inflatables.com\/wp-content\/uploads\/2023\/10\/Bouncy-Castle-Elephant-World-with-Slide7.jpg","datePublished":"2023-10-16T13:14:56+00:00","dateModified":"2026-02-06T06:04:23+00:00","description":"Kupite Napihljiv grad Svet slonov s toboganom za zasebno in poslovno uporabo v Sloveniji. T\u00dcV certifikat, skladno z EN 14960, hitra dostava.","breadcrumb":{"@id":"https:\/\/dodo-inflatables.com\/sl\/izdelek\/napihljiv-grad-svet-slonov-s-toboganom\/#breadcrumb"},"inLanguage":"sl-SI","potentialAction":[{"@type":"ReadAction","target":["https:\/\/dodo-inflatables.com\/sl\/izdelek\/napihljiv-grad-svet-slonov-s-toboganom\/"]}]},{"@type":"ImageObject","inLanguage":"sl-SI","@id":"https:\/\/dodo-inflatables.com\/sl\/izdelek\/napihljiv-grad-svet-slonov-s-toboganom\/#primaryimage","url":"https:\/\/dodo-inflatables.com\/wp-content\/uploads\/2023\/10\/Bouncy-Castle-Elephant-World-with-Slide7.jpg","contentUrl":"https:\/\/dodo-inflatables.com\/wp-content\/uploads\/2023\/10\/Bouncy-Castle-Elephant-World-with-Slide7.jpg","width":1000,"height":1000},{"@type":"BreadcrumbList","@id":"https:\/\/dodo-inflatables.com\/sl\/izdelek\/napihljiv-grad-svet-slonov-s-toboganom\/#breadcrumb","itemListElement":[{"@type":"ListItem","position":1,"name":"Home","item":"https:\/\/dodo-inflatables.com\/sl\/"},{"@type":"ListItem","position":2,"name":"Trgovina","item":"https:\/\/dodo-inflatables.com\/sl\/trgovina\/"},{"@type":"ListItem","position":3,"name":"Napihljiv grad Svet slonov s toboganom"}]},{"@type":"WebSite","@id":"https:\/\/dodo-inflatables.com\/sl\/#website","url":"https:\/\/dodo-inflatables.com\/sl\/","name":"dodo-inflatables.com","description":"Kupite napihljive gradove in atrakcije v na\u0161i trgovini.","publisher":{"@id":"https:\/\/dodo-inflatables.com\/sl\/#organization"},"potentialAction":[{"@type":"SearchAction","target":{"@type":"EntryPoint","urlTemplate":"https:\/\/dodo-inflatables.com\/sl\/?s={search_term_string}"},"query-input":{"@type":"PropertyValueSpecification","valueRequired":true,"valueName":"search_term_string"}}],"inLanguage":"sl-SI"},{"@type":"Organization","@id":"https:\/\/dodo-inflatables.com\/sl\/#organization","name":"dodo-inflatables.com","url":"https:\/\/dodo-inflatables.com\/sl\/","logo":{"@type":"ImageObject","inLanguage":"sl-SI","@id":"https:\/\/dodo-inflatables.com\/sl\/#\/schema\/logo\/image\/","url":"https:\/\/dodo-inflatables.com\/wp-content\/uploads\/2023\/04\/cropped-cropped-cropped-Dodo-Logo.png","contentUrl":"https:\/\/dodo-inflatables.com\/wp-content\/uploads\/2023\/04\/cropped-cropped-cropped-Dodo-Logo.png","width":2996,"height":1545,"caption":"dodo-inflatables.com"},"image":{"@id":"https:\/\/dodo-inflatables.com\/sl\/#\/schema\/logo\/image\/"}}]}},"uagb_featured_image_src":{"full":["https:\/\/dodo-inflatables.com\/wp-content\/uploads\/2023\/10\/Bouncy-Castle-Elephant-World-with-Slide7.jpg",1000,1000,false],"thumbnail":["https:\/\/dodo-inflatables.com\/wp-content\/uploads\/2023\/10\/Bouncy-Castle-Elephant-World-with-Slide7-150x150.jpg",150,150,true],"medium":["https:\/\/dodo-inflatables.com\/wp-content\/uploads\/2023\/10\/Bouncy-Castle-Elephant-World-with-Slide7-300x300.jpg",300,300,true],"medium_large":["https:\/\/dodo-inflatables.com\/wp-content\/uploads\/2023\/10\/Bouncy-Castle-Elephant-World-with-Slide7-768x768.jpg",768,768,true],"large":["https:\/\/dodo-inflatables.com\/wp-content\/uploads\/2023\/10\/Bouncy-Castle-Elephant-World-with-Slide7.jpg",1000,1000,false],"1536x1536":["https:\/\/dodo-inflatables.com\/wp-content\/uploads\/2023\/10\/Bouncy-Castle-Elephant-World-with-Slide7.jpg",1000,1000,false],"2048x2048":["https:\/\/dodo-inflatables.com\/wp-content\/uploads\/2023\/10\/Bouncy-Castle-Elephant-World-with-Slide7.jpg",1000,1000,false],"woocommerce_thumbnail":["https:\/\/dodo-inflatables.com\/wp-content\/uploads\/2023\/10\/Bouncy-Castle-Elephant-World-with-Slide7-900x900.jpg",900,900,true],"woocommerce_single":["https:\/\/dodo-inflatables.com\/wp-content\/uploads\/2023\/10\/Bouncy-Castle-Elephant-World-with-Slide7-900x900.jpg",900,900,true],"woocommerce_gallery_thumbnail":["https:\/\/dodo-inflatables.com\/wp-content\/uploads\/2023\/10\/Bouncy-Castle-Elephant-World-with-Slide7-100x100.jpg",100,100,true]},"uagb_author_info":{"display_name":"Andreas","author_link":"https:\/\/dodo-inflatables.com\/sl\/author\/"},"uagb_comment_info":0,"uagb_excerpt":"[gzd_product_delivery_time] \u010ce je naro\u010dilo in pla\u010dilo prejeto do 11. ure, bo po\u0161iljka odposlana isti dan! \u00a0\u00a0Dobavni rok: pribl. 2 \u2013 8 delovnih dni (Dostava iz Nem\u010dije) \u00a0\u00a0\u00a0Dimenzije: 5,50 m x 5,50 m x 3,40 m * (D \u00d7 \u0160 \u00d7 V) \u00a0\u00a0Primerno za pribl. 12 otrok (odvisno od starosti in velikosti) \u00a0\u00a0\u00a0Certificirano po DIN EN&hellip;","_links":{"self":[{"href":"https:\/\/dodo-inflatables.com\/sl\/wp-json\/wp\/v2\/product\/14397","targetHints":{"allow":["GET"]}}],"collection":[{"href":"https:\/\/dodo-inflatables.com\/sl\/wp-json\/wp\/v2\/product"}],"about":[{"href":"https:\/\/dodo-inflatables.com\/sl\/wp-json\/wp\/v2\/types\/product"}],"replies":[{"embeddable":true,"href":"https:\/\/dodo-inflatables.com\/sl\/wp-json\/wp\/v2\/comments?post=14397"}],"wp:featuredmedia":[{"embeddable":true,"href":"https:\/\/dodo-inflatables.com\/sl\/wp-json\/wp\/v2\/media\/69634"}],"wp:attachment":[{"href":"https:\/\/dodo-inflatables.com\/sl\/wp-json\/wp\/v2\/media?parent=14397"}],"wp:term":[{"taxonomy":"product_brand","embeddable":true,"href":"https:\/\/dodo-inflatables.com\/sl\/wp-json\/wp\/v2\/product_brand?post=14397"},{"taxonomy":"product_cat","embeddable":true,"href":"https:\/\/dodo-inflatables.com\/sl\/wp-json\/wp\/v2\/product_cat?post=14397"},{"taxonomy":"product_tag","embeddable":true,"href":"https:\/\/dodo-inflatables.com\/sl\/wp-json\/wp\/v2\/product_tag?post=14397"}],"curies":[{"name":"wp","href":"https:\/\/api.w.org\/{rel}","templated":true}]}}