{"id":15403,"date":"2022-03-01T11:02:01","date_gmt":"2022-03-01T10:02:01","guid":{"rendered":"https:\/\/dodo-inflatables.com\/product\/podloge-za-zascito-pred-padci-240-x-120-x-5-cm\/"},"modified":"2026-04-23T20:04:34","modified_gmt":"2026-04-23T18:04:34","slug":"podloge-za-zascito-pred-padci-240-x-120-x-5-cm","status":"publish","type":"product","link":"https:\/\/dodo-inflatables.com\/sl\/izdelek\/podloge-za-zascito-pred-padci-240-x-120-x-5-cm\/","title":{"rendered":"Varnostne podloge za napihljive gradove 240 x 120 x 5 cm"},"content":{"rendered":"<h2>Kupite varnostne podloge za napihljive gradove<\/h2>\n<p class=\"p1\">Na\u0161e varnostne podloge so ide\u0430\u043b\u0435\u043d dodatek vsakemu napihljivemu gradu in zagotavljajo maksimalno varnost na obmo\u010dju vstopa in izstopa. Zlasti za najemodajalce in upravljavce z visokimi varnostnimi standardi so te podloge zanesljiva in trpe\u017ena re\u0161itev.<\/p>\n<p class=\"p1\"><span class=\"s1\"><b>Optimalna absorpcija udarcev:<\/b><\/span> Visokokakovostna lahka EPE pena zanesljivo absorbira udarce in bistveno zmanj\u0161uje tveganje po\u0161kodb pri vstopu in izstopu iz napihljivega gradu.<\/p>\n<p class=\"p1\"><span class=\"s1\"><b>Var\u010devanje s prostorom in prilagodljivost:<\/b><\/span> Zlo\u017eljiva varnostna podloga se lahko zlo\u017ei v tri dele, kar jo naredi posebej kompaktno za prevoz in shranjevanje \u2013 idealno za mobilno uporabo pri najemodajalnih dejavnostih.<\/p>\n<p class=\"p1\"><span class=\"s1\"><b>Izbolj\u0161ana kakovost izdelave:<\/b><\/span> \u0160ivi so name\u0161\u010deni na notranji strani in ne le\u017eijo ve\u010d na zunanji povr\u0161ini. To pomaga prepre\u010diti drgnjenje ob tla in prezgodnje obrabo.<\/p>\n<p class=\"p1\"><span class=\"s1\"><b>Maksimalna varnost:<\/b><\/span> Namerno izdelano brez ro\u010dajev za prena\u0161anje, da se izognemo nevarnosti spotikanja in da je uporaba v neposredni bli\u017eini napihljivega gradu \u0161e varnej\u0161a.<\/p>\n<p class=\"p1\"><span class=\"s1\"><b>Vzdr\u017eljiva prevleka:<\/b><\/span> Trpe\u017eno blago iz PU ponjave je dolgotrajno, enostavno za vzdr\u017eevanje in zasnovano za redno uporabo v sektorju prireditev in najema.<\/p>\n<p><strong>Podrobnosti o varnostni podlogi<\/strong><\/p>\n<ul>\n<li>Odprte mere: 240 x 120 x 5 cm<\/li>\n<li>Zlo\u017eene mere: 60 x 120 x 20 cm<\/li>\n<li>Material pene: EPE RG 18<\/li>\n<li>Material prevleke: blago iz PU ponjave, debelina 0,6 mm<\/li>\n<li>Te\u017ea: 5,4 kg<\/li>\n<\/ul>\n","protected":false},"excerpt":{"rendered":"<ul>\n<li>Odprte mere: 240 x 120 x 5 cm<\/li>\n<li>Zlo\u017eene mere: 60 x 120 x 20 cm<\/li>\n<li>Material pene: EPE RG 18<\/li>\n<li>Material prevleke: blago iz PU ponjave, debelina 0,6 mm<\/li>\n<li>Te\u017ea: 5,4 kg<\/li>\n<\/ul>\n","protected":false},"featured_media":104817,"comment_status":"open","ping_status":"closed","template":"","meta":{"_acf_changed":false,"_uag_custom_page_level_css":"","site-sidebar-layout":"default","site-content-layout":"boxed-container","ast-site-content-layout":"normal-width-container","site-content-style":"boxed","site-sidebar-style":"boxed","ast-global-header-display":"","ast-banner-title-visibility":"","ast-main-header-display":"","ast-hfb-above-header-display":"","ast-hfb-below-header-display":"","ast-hfb-mobile-header-display":"","site-post-title":"disabled","ast-breadcrumbs-content":"","ast-featured-img":"","footer-sml-layout":"","ast-disable-related-posts":"","theme-transparent-header-meta":"default","adv-header-id-meta":"","stick-header-meta":"default","header-above-stick-meta":"","header-main-stick-meta":"","header-below-stick-meta":"","astra-migrate-meta-layouts":"default","ast-page-background-enabled":"default","ast-page-background-meta":{"desktop":{"background-color":"var(--ast-global-color-4)","background-image":"","background-repeat":"repeat","background-position":"center center","background-size":"auto","background-attachment":"scroll","background-type":"","background-media":"","overlay-type":"","overlay-color":"","overlay-opacity":"","overlay-gradient":""},"tablet":{"background-color":"","background-image":"","background-repeat":"repeat","background-position":"center center","background-size":"auto","background-attachment":"scroll","background-type":"","background-media":"","overlay-type":"","overlay-color":"","overlay-opacity":"","overlay-gradient":""},"mobile":{"background-color":"","background-image":"","background-repeat":"repeat","background-position":"center center","background-size":"auto","background-attachment":"scroll","background-type":"","background-media":"","overlay-type":"","overlay-color":"","overlay-opacity":"","overlay-gradient":""}},"ast-content-background-meta":{"desktop":{"background-color":"var(--ast-global-color-5)","background-image":"","background-repeat":"repeat","background-position":"center center","background-size":"auto","background-attachment":"scroll","background-type":"","background-media":"","overlay-type":"","overlay-color":"","overlay-opacity":"","overlay-gradient":""},"tablet":{"background-color":"var(--ast-global-color-5)","background-image":"","background-repeat":"repeat","background-position":"center center","background-size":"auto","background-attachment":"scroll","background-type":"","background-media":"","overlay-type":"","overlay-color":"","overlay-opacity":"","overlay-gradient":""},"mobile":{"background-color":"var(--ast-global-color-5)","background-image":"","background-repeat":"repeat","background-position":"center center","background-size":"auto","background-attachment":"scroll","background-type":"","background-media":"","overlay-type":"","overlay-color":"","overlay-opacity":"","overlay-gradient":""}}},"product_brand":[],"product_cat":[1132],"product_tag":[],"class_list":{"0":"post-15403","1":"product","2":"type-product","3":"status-publish","4":"has-post-thumbnail","6":"product_cat-dodatki","7":"product_shipping_class-zubehor-sl","8":"desktop-align-center","9":"tablet-align-center","10":"mobile-align-center","11":"ast-product-gallery-layout-horizontal","12":"ast-product-gallery-with-no-image","13":"ast-product-tabs-layout-horizontal","15":"first","16":"instock","17":"taxable","18":"shipping-taxable","19":"purchasable","20":"product-type-simple"},"acf":[],"yoast_head":"<!-- This site is optimized with the Yoast SEO plugin v27.5 - https:\/\/yoast.com\/product\/yoast-seo-wordpress\/ -->\n<title>Podloge za za\u0161\u010dito pred padci za skalne gradove | Dodo-Inflatables.com<\/title>\n<meta name=\"description\" content=\"Nakup zlo\u017eljivih podlog za za\u0161\u010dito pred padcem za skakalne gradove na Dodo-Inflatables.com | Certified according to EN14960 | Hitra dostava!\" \/>\n<meta name=\"robots\" content=\"index, follow, max-snippet:-1, max-image-preview:large, max-video-preview:-1\" \/>\n<link rel=\"canonical\" href=\"https:\/\/dodo-inflatables.com\/sl\/izdelek\/podloge-za-zascito-pred-padci-240-x-120-x-5-cm\/\" \/>\n<meta name=\"twitter:label1\" content=\"Est. reading time\" \/>\n\t<meta name=\"twitter:data1\" content=\"1 minuta\" \/>\n<script type=\"application\/ld+json\" class=\"yoast-schema-graph\">{\"@context\":\"https:\\\/\\\/schema.org\",\"@graph\":[{\"@type\":\"WebPage\",\"@id\":\"https:\\\/\\\/dodo-inflatables.com\\\/sl\\\/izdelek\\\/podloge-za-zascito-pred-padci-240-x-120-x-5-cm\\\/\",\"url\":\"https:\\\/\\\/dodo-inflatables.com\\\/sl\\\/izdelek\\\/podloge-za-zascito-pred-padci-240-x-120-x-5-cm\\\/\",\"name\":\"Podloge za za\u0161\u010dito pred padci za skalne gradove | Dodo-Inflatables.com\",\"isPartOf\":{\"@id\":\"https:\\\/\\\/dodo-inflatables.com\\\/sl\\\/#website\"},\"primaryImageOfPage\":{\"@id\":\"https:\\\/\\\/dodo-inflatables.com\\\/sl\\\/izdelek\\\/podloge-za-zascito-pred-padci-240-x-120-x-5-cm\\\/#primaryimage\"},\"image\":{\"@id\":\"https:\\\/\\\/dodo-inflatables.com\\\/sl\\\/izdelek\\\/podloge-za-zascito-pred-padci-240-x-120-x-5-cm\\\/#primaryimage\"},\"thumbnailUrl\":\"https:\\\/\\\/dodo-inflatables.com\\\/wp-content\\\/uploads\\\/2022\\\/03\\\/Untitled-design-16.png\",\"datePublished\":\"2022-03-01T10:02:01+00:00\",\"dateModified\":\"2026-04-23T18:04:34+00:00\",\"description\":\"Nakup zlo\u017eljivih podlog za za\u0161\u010dito pred padcem za skakalne gradove na Dodo-Inflatables.com | Certified according to EN14960 | Hitra dostava!\",\"breadcrumb\":{\"@id\":\"https:\\\/\\\/dodo-inflatables.com\\\/sl\\\/izdelek\\\/podloge-za-zascito-pred-padci-240-x-120-x-5-cm\\\/#breadcrumb\"},\"inLanguage\":\"sl-SI\",\"potentialAction\":[{\"@type\":\"ReadAction\",\"target\":[\"https:\\\/\\\/dodo-inflatables.com\\\/sl\\\/izdelek\\\/podloge-za-zascito-pred-padci-240-x-120-x-5-cm\\\/\"]}]},{\"@type\":\"ImageObject\",\"inLanguage\":\"sl-SI\",\"@id\":\"https:\\\/\\\/dodo-inflatables.com\\\/sl\\\/izdelek\\\/podloge-za-zascito-pred-padci-240-x-120-x-5-cm\\\/#primaryimage\",\"url\":\"https:\\\/\\\/dodo-inflatables.com\\\/wp-content\\\/uploads\\\/2022\\\/03\\\/Untitled-design-16.png\",\"contentUrl\":\"https:\\\/\\\/dodo-inflatables.com\\\/wp-content\\\/uploads\\\/2022\\\/03\\\/Untitled-design-16.png\",\"width\":1000,\"height\":1000,\"caption\":\"Varnostne podloge za napihljive gradove 240 x 120 x 5 cm | Dodo Inflatables\"},{\"@type\":\"BreadcrumbList\",\"@id\":\"https:\\\/\\\/dodo-inflatables.com\\\/sl\\\/izdelek\\\/podloge-za-zascito-pred-padci-240-x-120-x-5-cm\\\/#breadcrumb\",\"itemListElement\":[{\"@type\":\"ListItem\",\"position\":1,\"name\":\"Home\",\"item\":\"https:\\\/\\\/dodo-inflatables.com\\\/sl\\\/\"},{\"@type\":\"ListItem\",\"position\":2,\"name\":\"Trgovina\",\"item\":\"https:\\\/\\\/dodo-inflatables.com\\\/sl\\\/trgovina\\\/\"},{\"@type\":\"ListItem\",\"position\":3,\"name\":\"Podloge za za\u0161\u010dito pred padci 240 x 120 x 5 cm\"}]},{\"@type\":\"WebSite\",\"@id\":\"https:\\\/\\\/dodo-inflatables.com\\\/sl\\\/#website\",\"url\":\"https:\\\/\\\/dodo-inflatables.com\\\/sl\\\/\",\"name\":\"dodo-inflatables.com\",\"description\":\"Kupite napihljive gradove in atrakcije v na\u0161i trgovini.\",\"potentialAction\":[{\"@type\":\"SearchAction\",\"target\":{\"@type\":\"EntryPoint\",\"urlTemplate\":\"https:\\\/\\\/dodo-inflatables.com\\\/sl\\\/?s={search_term_string}\"},\"query-input\":{\"@type\":\"PropertyValueSpecification\",\"valueRequired\":true,\"valueName\":\"search_term_string\"}}],\"inLanguage\":\"sl-SI\"}]}<\/script>\n<!-- \/ Yoast SEO plugin. -->","yoast_head_json":{"title":"Podloge za za\u0161\u010dito pred padci za skalne gradove | Dodo-Inflatables.com","description":"Nakup zlo\u017eljivih podlog za za\u0161\u010dito pred padcem za skakalne gradove na Dodo-Inflatables.com | Certified according to EN14960 | Hitra dostava!","robots":{"index":"index","follow":"follow","max-snippet":"max-snippet:-1","max-image-preview":"max-image-preview:large","max-video-preview":"max-video-preview:-1"},"canonical":"https:\/\/dodo-inflatables.com\/sl\/izdelek\/podloge-za-zascito-pred-padci-240-x-120-x-5-cm\/","twitter_misc":{"Est. reading time":"1 minuta"},"schema":{"@context":"https:\/\/schema.org","@graph":[{"@type":"WebPage","@id":"https:\/\/dodo-inflatables.com\/sl\/izdelek\/podloge-za-zascito-pred-padci-240-x-120-x-5-cm\/","url":"https:\/\/dodo-inflatables.com\/sl\/izdelek\/podloge-za-zascito-pred-padci-240-x-120-x-5-cm\/","name":"Podloge za za\u0161\u010dito pred padci za skalne gradove | Dodo-Inflatables.com","isPartOf":{"@id":"https:\/\/dodo-inflatables.com\/sl\/#website"},"primaryImageOfPage":{"@id":"https:\/\/dodo-inflatables.com\/sl\/izdelek\/podloge-za-zascito-pred-padci-240-x-120-x-5-cm\/#primaryimage"},"image":{"@id":"https:\/\/dodo-inflatables.com\/sl\/izdelek\/podloge-za-zascito-pred-padci-240-x-120-x-5-cm\/#primaryimage"},"thumbnailUrl":"https:\/\/dodo-inflatables.com\/wp-content\/uploads\/2022\/03\/Untitled-design-16.png","datePublished":"2022-03-01T10:02:01+00:00","dateModified":"2026-04-23T18:04:34+00:00","description":"Nakup zlo\u017eljivih podlog za za\u0161\u010dito pred padcem za skakalne gradove na Dodo-Inflatables.com | Certified according to EN14960 | Hitra dostava!","breadcrumb":{"@id":"https:\/\/dodo-inflatables.com\/sl\/izdelek\/podloge-za-zascito-pred-padci-240-x-120-x-5-cm\/#breadcrumb"},"inLanguage":"sl-SI","potentialAction":[{"@type":"ReadAction","target":["https:\/\/dodo-inflatables.com\/sl\/izdelek\/podloge-za-zascito-pred-padci-240-x-120-x-5-cm\/"]}]},{"@type":"ImageObject","inLanguage":"sl-SI","@id":"https:\/\/dodo-inflatables.com\/sl\/izdelek\/podloge-za-zascito-pred-padci-240-x-120-x-5-cm\/#primaryimage","url":"https:\/\/dodo-inflatables.com\/wp-content\/uploads\/2022\/03\/Untitled-design-16.png","contentUrl":"https:\/\/dodo-inflatables.com\/wp-content\/uploads\/2022\/03\/Untitled-design-16.png","width":1000,"height":1000,"caption":"Varnostne podloge za napihljive gradove 240 x 120 x 5 cm | Dodo Inflatables"},{"@type":"BreadcrumbList","@id":"https:\/\/dodo-inflatables.com\/sl\/izdelek\/podloge-za-zascito-pred-padci-240-x-120-x-5-cm\/#breadcrumb","itemListElement":[{"@type":"ListItem","position":1,"name":"Home","item":"https:\/\/dodo-inflatables.com\/sl\/"},{"@type":"ListItem","position":2,"name":"Trgovina","item":"https:\/\/dodo-inflatables.com\/sl\/trgovina\/"},{"@type":"ListItem","position":3,"name":"Podloge za za\u0161\u010dito pred padci 240 x 120 x 5 cm"}]},{"@type":"WebSite","@id":"https:\/\/dodo-inflatables.com\/sl\/#website","url":"https:\/\/dodo-inflatables.com\/sl\/","name":"dodo-inflatables.com","description":"Kupite napihljive gradove in atrakcije v na\u0161i trgovini.","potentialAction":[{"@type":"SearchAction","target":{"@type":"EntryPoint","urlTemplate":"https:\/\/dodo-inflatables.com\/sl\/?s={search_term_string}"},"query-input":{"@type":"PropertyValueSpecification","valueRequired":true,"valueName":"search_term_string"}}],"inLanguage":"sl-SI"}]}},"uagb_featured_image_src":{"full":["https:\/\/dodo-inflatables.com\/wp-content\/uploads\/2022\/03\/Untitled-design-16.png",1000,1000,false],"thumbnail":["https:\/\/dodo-inflatables.com\/wp-content\/uploads\/2022\/03\/Untitled-design-16-150x150.png",150,150,true],"medium":["https:\/\/dodo-inflatables.com\/wp-content\/uploads\/2022\/03\/Untitled-design-16-300x300.png",300,300,true],"medium_large":["https:\/\/dodo-inflatables.com\/wp-content\/uploads\/2022\/03\/Untitled-design-16-768x768.png",768,768,true],"large":["https:\/\/dodo-inflatables.com\/wp-content\/uploads\/2022\/03\/Untitled-design-16.png",1000,1000,false],"1536x1536":["https:\/\/dodo-inflatables.com\/wp-content\/uploads\/2022\/03\/Untitled-design-16.png",1000,1000,false],"2048x2048":["https:\/\/dodo-inflatables.com\/wp-content\/uploads\/2022\/03\/Untitled-design-16.png",1000,1000,false],"woocommerce_thumbnail":["https:\/\/dodo-inflatables.com\/wp-content\/uploads\/2022\/03\/Untitled-design-16-900x900.png",900,900,true],"woocommerce_single":["https:\/\/dodo-inflatables.com\/wp-content\/uploads\/2022\/03\/Untitled-design-16-900x900.png",900,900,true],"woocommerce_gallery_thumbnail":["https:\/\/dodo-inflatables.com\/wp-content\/uploads\/2022\/03\/Untitled-design-16-100x100.png",100,100,true]},"uagb_author_info":{"display_name":"Andreas","author_link":"https:\/\/dodo-inflatables.com\/sl\/author\/"},"uagb_comment_info":0,"uagb_excerpt":"Odprte mere: 240 x 120 x 5 cm Zlo\u017eene mere: 60 x 120 x 20 cm Material pene: EPE RG 18 Material prevleke: blago iz PU ponjave, debelina 0,6 mm Te\u017ea: 5,4 kg","_links":{"self":[{"href":"https:\/\/dodo-inflatables.com\/sl\/wp-json\/wp\/v2\/product\/15403","targetHints":{"allow":["GET"]}}],"collection":[{"href":"https:\/\/dodo-inflatables.com\/sl\/wp-json\/wp\/v2\/product"}],"about":[{"href":"https:\/\/dodo-inflatables.com\/sl\/wp-json\/wp\/v2\/types\/product"}],"replies":[{"embeddable":true,"href":"https:\/\/dodo-inflatables.com\/sl\/wp-json\/wp\/v2\/comments?post=15403"}],"wp:featuredmedia":[{"embeddable":true,"href":"https:\/\/dodo-inflatables.com\/sl\/wp-json\/wp\/v2\/media\/104817"}],"wp:attachment":[{"href":"https:\/\/dodo-inflatables.com\/sl\/wp-json\/wp\/v2\/media?parent=15403"}],"wp:term":[{"taxonomy":"product_brand","embeddable":true,"href":"https:\/\/dodo-inflatables.com\/sl\/wp-json\/wp\/v2\/product_brand?post=15403"},{"taxonomy":"product_cat","embeddable":true,"href":"https:\/\/dodo-inflatables.com\/sl\/wp-json\/wp\/v2\/product_cat?post=15403"},{"taxonomy":"product_tag","embeddable":true,"href":"https:\/\/dodo-inflatables.com\/sl\/wp-json\/wp\/v2\/product_tag?post=15403"}],"curies":[{"name":"wp","href":"https:\/\/api.w.org\/{rel}","templated":true}]}}