{"id":15942,"date":"2024-06-10T15:48:06","date_gmt":"2024-06-10T13:48:06","guid":{"rendered":"https:\/\/dodo-inflatables.com\/?post_type=product&#038;p=15942"},"modified":"2026-04-23T20:32:06","modified_gmt":"2026-04-23T18:32:06","slug":"podloge-za-zascito-pred-padci-240-x-120-x-5-cm-copy","status":"publish","type":"product","link":"https:\/\/dodo-inflatables.com\/sl\/izdelek\/podloge-za-zascito-pred-padci-240-x-120-x-5-cm-copy\/","title":{"rendered":"Glu\u0161nik za pihala napihljivih gradov"},"content":{"rendered":"<h2>Kupite glu\u0161nik za pihala napihljivih gradov<\/h2>\n<p>Glu\u0161nik za pihala napihljivih gradov je idealna re\u0161itev za znatno zmanj\u0161anje hrupa pihala brez vpliva na zmogljivost.<br \/>\nRazvit in izdelan v Nem\u010diji, je ta pripomo\u010dek posebej zasnovan za najemodajalce, organizatorje prireditev in zasebne stranke, ki cenijo ti\u0161je delovanje.<br \/>\n<strong>Opazno zmanj\u0161ana raven hrupa:<\/strong><br \/>\nGlu\u0161nik zmanj\u0161a raven hrupa pihala za pribl. 5 dB. \u010ceprav se to na papirju morda zdi malo, je razlika v praksi jasno opazna \u2013 zlasti med dalj\u0161o uporabo ali v okoljih, ob\u010dutljivih na hrup, kot so stanovanjska obmo\u010dja, vrtovi ali zaprti prostori.<br \/>\n<strong>Popolna ustreznost za obi\u010dajna pihala:<\/strong><br \/>\nGlu\u0161nik je bil posebej zasnovan za pihala napihljivih gradov in je popolnoma zdru\u017eljiv s pihali Huawei in Gibbons.<br \/>\n<strong>Hitra in enostavna namestitev:<\/strong><br \/>\nNamestitev je zelo preprosta: glu\u0161nik se preprosto dr\u017ei ob pihalu in pritrdi z vsesavanjem. Prav tako ga je mogo\u010de varno pritrditi na pihalo z vklju\u010denim gumijastim trakom.<br \/>\n<strong>Brez izgube zmogljivosti:<\/strong><br \/>\nKljub zmanj\u0161anju hrupa se ohrani polni pretok zraka. Glu\u0161nik ne vpliva na pretok zraka pihala ali delovni tlak in je zato primeren tudi za neprekinjeno uporabo pri najemodajalnih dejavnostih.<br \/>\n<strong>Za poslovno in zasebno uporabo:<\/strong><br \/>\nNe glede na to, ali gre za profesionalno uporabo na prireditvah ali v lastnem vrtu, glu\u0161nik ustvarja ti\u0161je okolje in izbolj\u0161uje sprejemljivost med gosti, strankami in sosedi.<br \/>\nOpomba: Pihalo ni vklju\u010deno v obseg dobave.<\/p>\n","protected":false},"excerpt":{"rendered":"<ul>\n<li>Zmanj\u0161a hrup pihala za pribl. 5 dB<\/li>\n<li>Zdru\u017eljiv s pihali Huawei in Gibbons<\/li>\n<li>Hitra namestitev \u2013 pritrjen z vsesavanjem in gumijastim trakom<\/li>\n<li>Brez izgube pretoka zraka ali zmogljivosti<\/li>\n<li>Primerno za najemodajalce in zasebno uporabo<\/li>\n<\/ul>\n","protected":false},"featured_media":55256,"comment_status":"open","ping_status":"closed","template":"","meta":{"_acf_changed":false,"_uag_custom_page_level_css":"","site-sidebar-layout":"default","site-content-layout":"boxed-container","ast-site-content-layout":"normal-width-container","site-content-style":"boxed","site-sidebar-style":"boxed","ast-global-header-display":"","ast-banner-title-visibility":"","ast-main-header-display":"","ast-hfb-above-header-display":"","ast-hfb-below-header-display":"","ast-hfb-mobile-header-display":"","site-post-title":"disabled","ast-breadcrumbs-content":"","ast-featured-img":"","footer-sml-layout":"","ast-disable-related-posts":"","theme-transparent-header-meta":"default","adv-header-id-meta":"","stick-header-meta":"default","header-above-stick-meta":"","header-main-stick-meta":"","header-below-stick-meta":"","astra-migrate-meta-layouts":"set","ast-page-background-enabled":"default","ast-page-background-meta":{"desktop":{"background-color":"var(--ast-global-color-4)","background-image":"","background-repeat":"repeat","background-position":"center center","background-size":"auto","background-attachment":"scroll","background-type":"","background-media":"","overlay-type":"","overlay-color":"","overlay-opacity":"","overlay-gradient":""},"tablet":{"background-color":"","background-image":"","background-repeat":"repeat","background-position":"center center","background-size":"auto","background-attachment":"scroll","background-type":"","background-media":"","overlay-type":"","overlay-color":"","overlay-opacity":"","overlay-gradient":""},"mobile":{"background-color":"","background-image":"","background-repeat":"repeat","background-position":"center center","background-size":"auto","background-attachment":"scroll","background-type":"","background-media":"","overlay-type":"","overlay-color":"","overlay-opacity":"","overlay-gradient":""}},"ast-content-background-meta":{"desktop":{"background-color":"var(--ast-global-color-5)","background-image":"","background-repeat":"repeat","background-position":"center center","background-size":"auto","background-attachment":"scroll","background-type":"","background-media":"","overlay-type":"","overlay-color":"","overlay-opacity":"","overlay-gradient":""},"tablet":{"background-color":"var(--ast-global-color-5)","background-image":"","background-repeat":"repeat","background-position":"center center","background-size":"auto","background-attachment":"scroll","background-type":"","background-media":"","overlay-type":"","overlay-color":"","overlay-opacity":"","overlay-gradient":""},"mobile":{"background-color":"var(--ast-global-color-5)","background-image":"","background-repeat":"repeat","background-position":"center center","background-size":"auto","background-attachment":"scroll","background-type":"","background-media":"","overlay-type":"","overlay-color":"","overlay-opacity":"","overlay-gradient":""}}},"product_brand":[],"product_cat":[1132],"product_tag":[],"class_list":{"0":"post-15942","1":"product","2":"type-product","3":"status-publish","4":"has-post-thumbnail","6":"product_cat-dodatki","7":"product_shipping_class-zubehor-sl","8":"desktop-align-center","9":"tablet-align-center","10":"mobile-align-center","11":"ast-product-gallery-layout-horizontal","12":"ast-product-tabs-layout-horizontal","14":"first","15":"instock","16":"taxable","17":"shipping-taxable","18":"purchasable","19":"product-type-simple"},"acf":[],"yoast_head":"<!-- This site is optimized with the Yoast SEO plugin v27.5 - https:\/\/yoast.com\/product\/yoast-seo-wordpress\/ -->\n<title>Nakup za\u0161\u010dite pred hrupom za skalne gradove | Dodo-Inflatables.com<\/title>\n<meta name=\"description\" content=\"Kupite za\u0161\u010dito pred hrupom za pihala za skalne gradove na Dodo-Inflatables.com | Certificirano v skladu z EN14960 | Hitra dostava!\" \/>\n<meta name=\"robots\" content=\"index, follow, max-snippet:-1, max-image-preview:large, max-video-preview:-1\" \/>\n<link rel=\"canonical\" href=\"https:\/\/dodo-inflatables.com\/sl\/izdelek\/podloge-za-zascito-pred-padci-240-x-120-x-5-cm-copy\/\" \/>\n<meta name=\"twitter:label1\" content=\"Est. reading time\" \/>\n\t<meta name=\"twitter:data1\" content=\"1 minuta\" \/>\n<script type=\"application\/ld+json\" class=\"yoast-schema-graph\">{\"@context\":\"https:\\\/\\\/schema.org\",\"@graph\":[{\"@type\":\"WebPage\",\"@id\":\"https:\\\/\\\/dodo-inflatables.com\\\/sl\\\/izdelek\\\/podloge-za-zascito-pred-padci-240-x-120-x-5-cm-copy\\\/\",\"url\":\"https:\\\/\\\/dodo-inflatables.com\\\/sl\\\/izdelek\\\/podloge-za-zascito-pred-padci-240-x-120-x-5-cm-copy\\\/\",\"name\":\"Nakup za\u0161\u010dite pred hrupom za skalne gradove | Dodo-Inflatables.com\",\"isPartOf\":{\"@id\":\"https:\\\/\\\/dodo-inflatables.com\\\/sl\\\/#website\"},\"primaryImageOfPage\":{\"@id\":\"https:\\\/\\\/dodo-inflatables.com\\\/sl\\\/izdelek\\\/podloge-za-zascito-pred-padci-240-x-120-x-5-cm-copy\\\/#primaryimage\"},\"image\":{\"@id\":\"https:\\\/\\\/dodo-inflatables.com\\\/sl\\\/izdelek\\\/podloge-za-zascito-pred-padci-240-x-120-x-5-cm-copy\\\/#primaryimage\"},\"thumbnailUrl\":\"https:\\\/\\\/dodo-inflatables.com\\\/wp-content\\\/uploads\\\/2024\\\/06\\\/buy-bouncy-castle-blower-noise-protection-silencer-4-Kopie.jpg\",\"datePublished\":\"2024-06-10T13:48:06+00:00\",\"dateModified\":\"2026-04-23T18:32:06+00:00\",\"description\":\"Kupite za\u0161\u010dito pred hrupom za pihala za skalne gradove na Dodo-Inflatables.com | Certificirano v skladu z EN14960 | Hitra dostava!\",\"breadcrumb\":{\"@id\":\"https:\\\/\\\/dodo-inflatables.com\\\/sl\\\/izdelek\\\/podloge-za-zascito-pred-padci-240-x-120-x-5-cm-copy\\\/#breadcrumb\"},\"inLanguage\":\"sl-SI\",\"potentialAction\":[{\"@type\":\"ReadAction\",\"target\":[\"https:\\\/\\\/dodo-inflatables.com\\\/sl\\\/izdelek\\\/podloge-za-zascito-pred-padci-240-x-120-x-5-cm-copy\\\/\"]}]},{\"@type\":\"ImageObject\",\"inLanguage\":\"sl-SI\",\"@id\":\"https:\\\/\\\/dodo-inflatables.com\\\/sl\\\/izdelek\\\/podloge-za-zascito-pred-padci-240-x-120-x-5-cm-copy\\\/#primaryimage\",\"url\":\"https:\\\/\\\/dodo-inflatables.com\\\/wp-content\\\/uploads\\\/2024\\\/06\\\/buy-bouncy-castle-blower-noise-protection-silencer-4-Kopie.jpg\",\"contentUrl\":\"https:\\\/\\\/dodo-inflatables.com\\\/wp-content\\\/uploads\\\/2024\\\/06\\\/buy-bouncy-castle-blower-noise-protection-silencer-4-Kopie.jpg\",\"width\":1000,\"height\":1000,\"caption\":\"Glu\u0161nik za pihala napihljivih gradov | Dodo Inflatables\"},{\"@type\":\"BreadcrumbList\",\"@id\":\"https:\\\/\\\/dodo-inflatables.com\\\/sl\\\/izdelek\\\/podloge-za-zascito-pred-padci-240-x-120-x-5-cm-copy\\\/#breadcrumb\",\"itemListElement\":[{\"@type\":\"ListItem\",\"position\":1,\"name\":\"Home\",\"item\":\"https:\\\/\\\/dodo-inflatables.com\\\/sl\\\/\"},{\"@type\":\"ListItem\",\"position\":2,\"name\":\"Trgovina\",\"item\":\"https:\\\/\\\/dodo-inflatables.com\\\/sl\\\/trgovina\\\/\"},{\"@type\":\"ListItem\",\"position\":3,\"name\":\"Du\u0161ilnik za napihljiv pihalnik\"}]},{\"@type\":\"WebSite\",\"@id\":\"https:\\\/\\\/dodo-inflatables.com\\\/sl\\\/#website\",\"url\":\"https:\\\/\\\/dodo-inflatables.com\\\/sl\\\/\",\"name\":\"dodo-inflatables.com\",\"description\":\"Kupite napihljive gradove in atrakcije v na\u0161i trgovini.\",\"potentialAction\":[{\"@type\":\"SearchAction\",\"target\":{\"@type\":\"EntryPoint\",\"urlTemplate\":\"https:\\\/\\\/dodo-inflatables.com\\\/sl\\\/?s={search_term_string}\"},\"query-input\":{\"@type\":\"PropertyValueSpecification\",\"valueRequired\":true,\"valueName\":\"search_term_string\"}}],\"inLanguage\":\"sl-SI\"}]}<\/script>\n<!-- \/ Yoast SEO plugin. -->","yoast_head_json":{"title":"Nakup za\u0161\u010dite pred hrupom za skalne gradove | Dodo-Inflatables.com","description":"Kupite za\u0161\u010dito pred hrupom za pihala za skalne gradove na Dodo-Inflatables.com | Certificirano v skladu z EN14960 | Hitra dostava!","robots":{"index":"index","follow":"follow","max-snippet":"max-snippet:-1","max-image-preview":"max-image-preview:large","max-video-preview":"max-video-preview:-1"},"canonical":"https:\/\/dodo-inflatables.com\/sl\/izdelek\/podloge-za-zascito-pred-padci-240-x-120-x-5-cm-copy\/","twitter_misc":{"Est. reading time":"1 minuta"},"schema":{"@context":"https:\/\/schema.org","@graph":[{"@type":"WebPage","@id":"https:\/\/dodo-inflatables.com\/sl\/izdelek\/podloge-za-zascito-pred-padci-240-x-120-x-5-cm-copy\/","url":"https:\/\/dodo-inflatables.com\/sl\/izdelek\/podloge-za-zascito-pred-padci-240-x-120-x-5-cm-copy\/","name":"Nakup za\u0161\u010dite pred hrupom za skalne gradove | Dodo-Inflatables.com","isPartOf":{"@id":"https:\/\/dodo-inflatables.com\/sl\/#website"},"primaryImageOfPage":{"@id":"https:\/\/dodo-inflatables.com\/sl\/izdelek\/podloge-za-zascito-pred-padci-240-x-120-x-5-cm-copy\/#primaryimage"},"image":{"@id":"https:\/\/dodo-inflatables.com\/sl\/izdelek\/podloge-za-zascito-pred-padci-240-x-120-x-5-cm-copy\/#primaryimage"},"thumbnailUrl":"https:\/\/dodo-inflatables.com\/wp-content\/uploads\/2024\/06\/buy-bouncy-castle-blower-noise-protection-silencer-4-Kopie.jpg","datePublished":"2024-06-10T13:48:06+00:00","dateModified":"2026-04-23T18:32:06+00:00","description":"Kupite za\u0161\u010dito pred hrupom za pihala za skalne gradove na Dodo-Inflatables.com | Certificirano v skladu z EN14960 | Hitra dostava!","breadcrumb":{"@id":"https:\/\/dodo-inflatables.com\/sl\/izdelek\/podloge-za-zascito-pred-padci-240-x-120-x-5-cm-copy\/#breadcrumb"},"inLanguage":"sl-SI","potentialAction":[{"@type":"ReadAction","target":["https:\/\/dodo-inflatables.com\/sl\/izdelek\/podloge-za-zascito-pred-padci-240-x-120-x-5-cm-copy\/"]}]},{"@type":"ImageObject","inLanguage":"sl-SI","@id":"https:\/\/dodo-inflatables.com\/sl\/izdelek\/podloge-za-zascito-pred-padci-240-x-120-x-5-cm-copy\/#primaryimage","url":"https:\/\/dodo-inflatables.com\/wp-content\/uploads\/2024\/06\/buy-bouncy-castle-blower-noise-protection-silencer-4-Kopie.jpg","contentUrl":"https:\/\/dodo-inflatables.com\/wp-content\/uploads\/2024\/06\/buy-bouncy-castle-blower-noise-protection-silencer-4-Kopie.jpg","width":1000,"height":1000,"caption":"Glu\u0161nik za pihala napihljivih gradov | Dodo Inflatables"},{"@type":"BreadcrumbList","@id":"https:\/\/dodo-inflatables.com\/sl\/izdelek\/podloge-za-zascito-pred-padci-240-x-120-x-5-cm-copy\/#breadcrumb","itemListElement":[{"@type":"ListItem","position":1,"name":"Home","item":"https:\/\/dodo-inflatables.com\/sl\/"},{"@type":"ListItem","position":2,"name":"Trgovina","item":"https:\/\/dodo-inflatables.com\/sl\/trgovina\/"},{"@type":"ListItem","position":3,"name":"Du\u0161ilnik za napihljiv pihalnik"}]},{"@type":"WebSite","@id":"https:\/\/dodo-inflatables.com\/sl\/#website","url":"https:\/\/dodo-inflatables.com\/sl\/","name":"dodo-inflatables.com","description":"Kupite napihljive gradove in atrakcije v na\u0161i trgovini.","potentialAction":[{"@type":"SearchAction","target":{"@type":"EntryPoint","urlTemplate":"https:\/\/dodo-inflatables.com\/sl\/?s={search_term_string}"},"query-input":{"@type":"PropertyValueSpecification","valueRequired":true,"valueName":"search_term_string"}}],"inLanguage":"sl-SI"}]}},"uagb_featured_image_src":{"full":["https:\/\/dodo-inflatables.com\/wp-content\/uploads\/2024\/06\/buy-bouncy-castle-blower-noise-protection-silencer-4-Kopie.jpg",1000,1000,false],"thumbnail":["https:\/\/dodo-inflatables.com\/wp-content\/uploads\/2024\/06\/buy-bouncy-castle-blower-noise-protection-silencer-4-Kopie-150x150.jpg",150,150,true],"medium":["https:\/\/dodo-inflatables.com\/wp-content\/uploads\/2024\/06\/buy-bouncy-castle-blower-noise-protection-silencer-4-Kopie-300x300.jpg",300,300,true],"medium_large":["https:\/\/dodo-inflatables.com\/wp-content\/uploads\/2024\/06\/buy-bouncy-castle-blower-noise-protection-silencer-4-Kopie-768x768.jpg",768,768,true],"large":["https:\/\/dodo-inflatables.com\/wp-content\/uploads\/2024\/06\/buy-bouncy-castle-blower-noise-protection-silencer-4-Kopie.jpg",1000,1000,false],"1536x1536":["https:\/\/dodo-inflatables.com\/wp-content\/uploads\/2024\/06\/buy-bouncy-castle-blower-noise-protection-silencer-4-Kopie.jpg",1000,1000,false],"2048x2048":["https:\/\/dodo-inflatables.com\/wp-content\/uploads\/2024\/06\/buy-bouncy-castle-blower-noise-protection-silencer-4-Kopie.jpg",1000,1000,false],"woocommerce_thumbnail":["https:\/\/dodo-inflatables.com\/wp-content\/uploads\/2024\/06\/buy-bouncy-castle-blower-noise-protection-silencer-4-Kopie-900x900.jpg",900,900,true],"woocommerce_single":["https:\/\/dodo-inflatables.com\/wp-content\/uploads\/2024\/06\/buy-bouncy-castle-blower-noise-protection-silencer-4-Kopie-900x900.jpg",900,900,true],"woocommerce_gallery_thumbnail":["https:\/\/dodo-inflatables.com\/wp-content\/uploads\/2024\/06\/buy-bouncy-castle-blower-noise-protection-silencer-4-Kopie-100x100.jpg",100,100,true]},"uagb_author_info":{"display_name":"Andreas","author_link":"https:\/\/dodo-inflatables.com\/sl\/author\/"},"uagb_comment_info":0,"uagb_excerpt":"Zmanj\u0161a hrup pihala za pribl. 5 dB Zdru\u017eljiv s pihali Huawei in Gibbons Hitra namestitev \u2013 pritrjen z vsesavanjem in gumijastim trakom Brez izgube pretoka zraka ali zmogljivosti Primerno za najemodajalce in zasebno uporabo","_links":{"self":[{"href":"https:\/\/dodo-inflatables.com\/sl\/wp-json\/wp\/v2\/product\/15942","targetHints":{"allow":["GET"]}}],"collection":[{"href":"https:\/\/dodo-inflatables.com\/sl\/wp-json\/wp\/v2\/product"}],"about":[{"href":"https:\/\/dodo-inflatables.com\/sl\/wp-json\/wp\/v2\/types\/product"}],"replies":[{"embeddable":true,"href":"https:\/\/dodo-inflatables.com\/sl\/wp-json\/wp\/v2\/comments?post=15942"}],"wp:featuredmedia":[{"embeddable":true,"href":"https:\/\/dodo-inflatables.com\/sl\/wp-json\/wp\/v2\/media\/55256"}],"wp:attachment":[{"href":"https:\/\/dodo-inflatables.com\/sl\/wp-json\/wp\/v2\/media?parent=15942"}],"wp:term":[{"taxonomy":"product_brand","embeddable":true,"href":"https:\/\/dodo-inflatables.com\/sl\/wp-json\/wp\/v2\/product_brand?post=15942"},{"taxonomy":"product_cat","embeddable":true,"href":"https:\/\/dodo-inflatables.com\/sl\/wp-json\/wp\/v2\/product_cat?post=15942"},{"taxonomy":"product_tag","embeddable":true,"href":"https:\/\/dodo-inflatables.com\/sl\/wp-json\/wp\/v2\/product_tag?post=15942"}],"curies":[{"name":"wp","href":"https:\/\/api.w.org\/{rel}","templated":true}]}}