{"id":16186,"date":"2024-07-10T13:09:06","date_gmt":"2024-07-10T11:09:06","guid":{"rendered":"https:\/\/dodo-inflatables.com\/?post_type=product&#038;p=16186"},"modified":"2024-07-10T13:12:19","modified_gmt":"2024-07-10T11:12:19","slug":"torba-za-prevoz-skakalnega-gradu-xs-copy","status":"publish","type":"product","link":"https:\/\/dodo-inflatables.com\/sl\/izdelek\/torba-za-prevoz-skakalnega-gradu-xs-copy\/","title":{"rendered":"Torba za prevoz skakalnega gradu S"},"content":{"rendered":"<h2>Kupite transportne vre\u010dke za navija\u0161ke gradove<\/h2>\n<p>Na\u0161e vre\u010dke za prevoz nabitih gradov so idealna re\u0161itev za podjetja za najem ali stranke, ki imajo na zalogi ve\u010d nabitih gradov.<\/p>\n<p><strong>Prakti\u010dni ro\u010daji<\/strong>: Ro\u010daji omogo\u010dajo enostavno rokovanje z vre\u010dami in la\u017eje prena\u0161anje napihljivih sede\u017eev. Upo\u0161tevajte, da ro\u010daji glede na te\u017eo napihljivega predmeta ne prenesejo vedno celotne te\u017ee, zato jih je treba uporabljati previdno, da jih ne odtrgate.<\/p>\n<p><strong>Mo\u017enosti varnega zapenjanja<\/strong>: Da bo va\u0161 napihljivec med prevozom za\u0161\u010diten in dobro zapakiran, lahko transportne vre\u010de na vrhu varno zave\u017eete z zanko. To prepre\u010duje nenamerno odpiranje in zagotavlja, da napihljivka ostane \u010dista in urejena.<\/p>\n<p><strong>Za\u0161\u010dita pred po\u0161kodbami pri prevozu<\/strong>: Na\u0161e transportne vre\u010dke so posebej zasnovane za za\u0161\u010dito napihljivih obla\u010dil pred po\u0161kodbami pri prevozu. Trpe\u017een material \u0161\u010diti napihljive naprave pred umazanijo, prahom in mehanskimi vplivi, tako da vedno prispejo na cilj v odli\u010dnem stanju.<\/p>\n<p>Na\u0161e napihljive transportne torbe so odli\u010dna kombinacija funkcionalnosti in udobja. Z njimi je prevoz napihljivih konstrukcij veliko la\u017eji, poleg tega pa zagotavljajo, da bodo napihljive konstrukcije vedno v odli\u010dnem stanju.<\/p>\n<h3>Podatki o velikosti transportne torbe S<\/h3>\n<ul>\n<li>Material: (0,55 mm \/ 621,3 g\/m2)<\/li>\n<li>Premer 90 cm<\/li>\n<li>Vi\u0161ina 120 cm<\/li>\n<li>Me\u0161ane barve<\/li>\n<\/ul>\n<p><strong>Vsak napihljivec je dobavljen v transportni torbi, dodatne torbe ni treba naro\u010diti.<\/strong><\/p>\n","protected":false},"excerpt":{"rendered":"<ul>\n<li style=\"list-style-type: none;\">\n<ul>\n<li>Transportna torba velikosti S (premer 90 cm, vi\u0161ina 120 cm)<\/li>\n<li>Material: (0,55 mm \/ 621,3 g\/m2)<\/li>\n<li>Me\u0161ane barve<\/li>\n<\/ul>\n<\/li>\n<\/ul>\n","protected":false},"featured_media":55161,"comment_status":"open","ping_status":"closed","template":"","meta":{"_acf_changed":false,"_uag_custom_page_level_css":"","site-sidebar-layout":"default","site-content-layout":"boxed-container","ast-site-content-layout":"normal-width-container","site-content-style":"boxed","site-sidebar-style":"boxed","ast-global-header-display":"","ast-banner-title-visibility":"","ast-main-header-display":"","ast-hfb-above-header-display":"","ast-hfb-below-header-display":"","ast-hfb-mobile-header-display":"","site-post-title":"disabled","ast-breadcrumbs-content":"","ast-featured-img":"","footer-sml-layout":"","ast-disable-related-posts":"","theme-transparent-header-meta":"default","adv-header-id-meta":"","stick-header-meta":"default","header-above-stick-meta":"","header-main-stick-meta":"","header-below-stick-meta":"","astra-migrate-meta-layouts":"set","ast-page-background-enabled":"default","ast-page-background-meta":{"desktop":{"background-color":"var(--ast-global-color-4)","background-image":"","background-repeat":"repeat","background-position":"center center","background-size":"auto","background-attachment":"scroll","background-type":"","background-media":"","overlay-type":"","overlay-color":"","overlay-opacity":"","overlay-gradient":""},"tablet":{"background-color":"","background-image":"","background-repeat":"repeat","background-position":"center center","background-size":"auto","background-attachment":"scroll","background-type":"","background-media":"","overlay-type":"","overlay-color":"","overlay-opacity":"","overlay-gradient":""},"mobile":{"background-color":"","background-image":"","background-repeat":"repeat","background-position":"center center","background-size":"auto","background-attachment":"scroll","background-type":"","background-media":"","overlay-type":"","overlay-color":"","overlay-opacity":"","overlay-gradient":""}},"ast-content-background-meta":{"desktop":{"background-color":"var(--ast-global-color-5)","background-image":"","background-repeat":"repeat","background-position":"center center","background-size":"auto","background-attachment":"scroll","background-type":"","background-media":"","overlay-type":"","overlay-color":"","overlay-opacity":"","overlay-gradient":""},"tablet":{"background-color":"var(--ast-global-color-5)","background-image":"","background-repeat":"repeat","background-position":"center center","background-size":"auto","background-attachment":"scroll","background-type":"","background-media":"","overlay-type":"","overlay-color":"","overlay-opacity":"","overlay-gradient":""},"mobile":{"background-color":"var(--ast-global-color-5)","background-image":"","background-repeat":"repeat","background-position":"center center","background-size":"auto","background-attachment":"scroll","background-type":"","background-media":"","overlay-type":"","overlay-color":"","overlay-opacity":"","overlay-gradient":""}}},"product_brand":[],"product_cat":[1132],"product_tag":[],"class_list":{"0":"post-16186","1":"product","2":"type-product","3":"status-publish","4":"has-post-thumbnail","6":"product_cat-dodatki","7":"product_shipping_class-zubehor-sl","8":"pa_gtin-0654170861765-sl","9":"desktop-align-center","10":"tablet-align-center","11":"mobile-align-center","12":"ast-product-gallery-layout-horizontal","13":"ast-product-gallery-with-no-image","14":"ast-product-tabs-layout-horizontal","16":"first","17":"onbackorder","18":"taxable","19":"shipping-taxable","20":"purchasable","21":"product-type-simple"},"acf":[],"yoast_head":"<!-- This site is optimized with the Yoast SEO plugin v27.3 - https:\/\/yoast.com\/product\/yoast-seo-wordpress\/ -->\n<title>Nakup napihljivih transportnih vre\u010d | Dodo-Inflatables.com<\/title>\n<meta name=\"description\" content=\"Nakup transportnih vre\u010dk za napihljive predmete in napihljive gradove na Dodo-Inflatables.com | Certificirano v skladu z EN14960 | Hitra dostava!\" \/>\n<meta name=\"robots\" content=\"index, follow, max-snippet:-1, max-image-preview:large, max-video-preview:-1\" \/>\n<link rel=\"canonical\" href=\"https:\/\/dodo-inflatables.com\/sl\/izdelek\/torba-za-prevoz-skakalnega-gradu-xs-copy\/\" \/>\n<meta name=\"twitter:label1\" content=\"Est. reading time\" \/>\n\t<meta name=\"twitter:data1\" content=\"1 minuta\" \/>\n<script type=\"application\/ld+json\" class=\"yoast-schema-graph\">{\"@context\":\"https:\\\/\\\/schema.org\",\"@graph\":[{\"@type\":\"WebPage\",\"@id\":\"https:\\\/\\\/dodo-inflatables.com\\\/sl\\\/izdelek\\\/torba-za-prevoz-skakalnega-gradu-xs-copy\\\/\",\"url\":\"https:\\\/\\\/dodo-inflatables.com\\\/sl\\\/izdelek\\\/torba-za-prevoz-skakalnega-gradu-xs-copy\\\/\",\"name\":\"Nakup napihljivih transportnih vre\u010d | Dodo-Inflatables.com\",\"isPartOf\":{\"@id\":\"https:\\\/\\\/dodo-inflatables.com\\\/sl\\\/#website\"},\"primaryImageOfPage\":{\"@id\":\"https:\\\/\\\/dodo-inflatables.com\\\/sl\\\/izdelek\\\/torba-za-prevoz-skakalnega-gradu-xs-copy\\\/#primaryimage\"},\"image\":{\"@id\":\"https:\\\/\\\/dodo-inflatables.com\\\/sl\\\/izdelek\\\/torba-za-prevoz-skakalnega-gradu-xs-copy\\\/#primaryimage\"},\"thumbnailUrl\":\"https:\\\/\\\/dodo-inflatables.com\\\/wp-content\\\/uploads\\\/2024\\\/07\\\/S-Bouncy-castle-Transport-bag.jpg\",\"datePublished\":\"2024-07-10T11:09:06+00:00\",\"dateModified\":\"2024-07-10T11:12:19+00:00\",\"description\":\"Nakup transportnih vre\u010dk za napihljive predmete in napihljive gradove na Dodo-Inflatables.com | Certificirano v skladu z EN14960 | Hitra dostava!\",\"breadcrumb\":{\"@id\":\"https:\\\/\\\/dodo-inflatables.com\\\/sl\\\/izdelek\\\/torba-za-prevoz-skakalnega-gradu-xs-copy\\\/#breadcrumb\"},\"inLanguage\":\"sl-SI\",\"potentialAction\":[{\"@type\":\"ReadAction\",\"target\":[\"https:\\\/\\\/dodo-inflatables.com\\\/sl\\\/izdelek\\\/torba-za-prevoz-skakalnega-gradu-xs-copy\\\/\"]}]},{\"@type\":\"ImageObject\",\"inLanguage\":\"sl-SI\",\"@id\":\"https:\\\/\\\/dodo-inflatables.com\\\/sl\\\/izdelek\\\/torba-za-prevoz-skakalnega-gradu-xs-copy\\\/#primaryimage\",\"url\":\"https:\\\/\\\/dodo-inflatables.com\\\/wp-content\\\/uploads\\\/2024\\\/07\\\/S-Bouncy-castle-Transport-bag.jpg\",\"contentUrl\":\"https:\\\/\\\/dodo-inflatables.com\\\/wp-content\\\/uploads\\\/2024\\\/07\\\/S-Bouncy-castle-Transport-bag.jpg\",\"width\":1000,\"height\":1000},{\"@type\":\"BreadcrumbList\",\"@id\":\"https:\\\/\\\/dodo-inflatables.com\\\/sl\\\/izdelek\\\/torba-za-prevoz-skakalnega-gradu-xs-copy\\\/#breadcrumb\",\"itemListElement\":[{\"@type\":\"ListItem\",\"position\":1,\"name\":\"Home\",\"item\":\"https:\\\/\\\/dodo-inflatables.com\\\/sl\\\/\"},{\"@type\":\"ListItem\",\"position\":2,\"name\":\"Trgovina\",\"item\":\"https:\\\/\\\/dodo-inflatables.com\\\/sl\\\/trgovina\\\/\"},{\"@type\":\"ListItem\",\"position\":3,\"name\":\"Torba za prevoz skakalnega gradu S\"}]},{\"@type\":\"WebSite\",\"@id\":\"https:\\\/\\\/dodo-inflatables.com\\\/sl\\\/#website\",\"url\":\"https:\\\/\\\/dodo-inflatables.com\\\/sl\\\/\",\"name\":\"dodo-inflatables.com\",\"description\":\"Kupite napihljive gradove in atrakcije v na\u0161i trgovini.\",\"publisher\":{\"@id\":\"https:\\\/\\\/dodo-inflatables.com\\\/sl\\\/#organization\"},\"potentialAction\":[{\"@type\":\"SearchAction\",\"target\":{\"@type\":\"EntryPoint\",\"urlTemplate\":\"https:\\\/\\\/dodo-inflatables.com\\\/sl\\\/?s={search_term_string}\"},\"query-input\":{\"@type\":\"PropertyValueSpecification\",\"valueRequired\":true,\"valueName\":\"search_term_string\"}}],\"inLanguage\":\"sl-SI\"},{\"@type\":\"Organization\",\"@id\":\"https:\\\/\\\/dodo-inflatables.com\\\/sl\\\/#organization\",\"name\":\"dodo-inflatables.com\",\"url\":\"https:\\\/\\\/dodo-inflatables.com\\\/sl\\\/\",\"logo\":{\"@type\":\"ImageObject\",\"inLanguage\":\"sl-SI\",\"@id\":\"https:\\\/\\\/dodo-inflatables.com\\\/sl\\\/#\\\/schema\\\/logo\\\/image\\\/\",\"url\":\"https:\\\/\\\/dodo-inflatables.com\\\/wp-content\\\/uploads\\\/2023\\\/04\\\/cropped-cropped-cropped-Dodo-Logo.png\",\"contentUrl\":\"https:\\\/\\\/dodo-inflatables.com\\\/wp-content\\\/uploads\\\/2023\\\/04\\\/cropped-cropped-cropped-Dodo-Logo.png\",\"width\":2996,\"height\":1545,\"caption\":\"dodo-inflatables.com\"},\"image\":{\"@id\":\"https:\\\/\\\/dodo-inflatables.com\\\/sl\\\/#\\\/schema\\\/logo\\\/image\\\/\"}}]}<\/script>\n<!-- \/ Yoast SEO plugin. -->","yoast_head_json":{"title":"Nakup napihljivih transportnih vre\u010d | Dodo-Inflatables.com","description":"Nakup transportnih vre\u010dk za napihljive predmete in napihljive gradove na Dodo-Inflatables.com | Certificirano v skladu z EN14960 | Hitra dostava!","robots":{"index":"index","follow":"follow","max-snippet":"max-snippet:-1","max-image-preview":"max-image-preview:large","max-video-preview":"max-video-preview:-1"},"canonical":"https:\/\/dodo-inflatables.com\/sl\/izdelek\/torba-za-prevoz-skakalnega-gradu-xs-copy\/","twitter_misc":{"Est. reading time":"1 minuta"},"schema":{"@context":"https:\/\/schema.org","@graph":[{"@type":"WebPage","@id":"https:\/\/dodo-inflatables.com\/sl\/izdelek\/torba-za-prevoz-skakalnega-gradu-xs-copy\/","url":"https:\/\/dodo-inflatables.com\/sl\/izdelek\/torba-za-prevoz-skakalnega-gradu-xs-copy\/","name":"Nakup napihljivih transportnih vre\u010d | Dodo-Inflatables.com","isPartOf":{"@id":"https:\/\/dodo-inflatables.com\/sl\/#website"},"primaryImageOfPage":{"@id":"https:\/\/dodo-inflatables.com\/sl\/izdelek\/torba-za-prevoz-skakalnega-gradu-xs-copy\/#primaryimage"},"image":{"@id":"https:\/\/dodo-inflatables.com\/sl\/izdelek\/torba-za-prevoz-skakalnega-gradu-xs-copy\/#primaryimage"},"thumbnailUrl":"https:\/\/dodo-inflatables.com\/wp-content\/uploads\/2024\/07\/S-Bouncy-castle-Transport-bag.jpg","datePublished":"2024-07-10T11:09:06+00:00","dateModified":"2024-07-10T11:12:19+00:00","description":"Nakup transportnih vre\u010dk za napihljive predmete in napihljive gradove na Dodo-Inflatables.com | Certificirano v skladu z EN14960 | Hitra dostava!","breadcrumb":{"@id":"https:\/\/dodo-inflatables.com\/sl\/izdelek\/torba-za-prevoz-skakalnega-gradu-xs-copy\/#breadcrumb"},"inLanguage":"sl-SI","potentialAction":[{"@type":"ReadAction","target":["https:\/\/dodo-inflatables.com\/sl\/izdelek\/torba-za-prevoz-skakalnega-gradu-xs-copy\/"]}]},{"@type":"ImageObject","inLanguage":"sl-SI","@id":"https:\/\/dodo-inflatables.com\/sl\/izdelek\/torba-za-prevoz-skakalnega-gradu-xs-copy\/#primaryimage","url":"https:\/\/dodo-inflatables.com\/wp-content\/uploads\/2024\/07\/S-Bouncy-castle-Transport-bag.jpg","contentUrl":"https:\/\/dodo-inflatables.com\/wp-content\/uploads\/2024\/07\/S-Bouncy-castle-Transport-bag.jpg","width":1000,"height":1000},{"@type":"BreadcrumbList","@id":"https:\/\/dodo-inflatables.com\/sl\/izdelek\/torba-za-prevoz-skakalnega-gradu-xs-copy\/#breadcrumb","itemListElement":[{"@type":"ListItem","position":1,"name":"Home","item":"https:\/\/dodo-inflatables.com\/sl\/"},{"@type":"ListItem","position":2,"name":"Trgovina","item":"https:\/\/dodo-inflatables.com\/sl\/trgovina\/"},{"@type":"ListItem","position":3,"name":"Torba za prevoz skakalnega gradu S"}]},{"@type":"WebSite","@id":"https:\/\/dodo-inflatables.com\/sl\/#website","url":"https:\/\/dodo-inflatables.com\/sl\/","name":"dodo-inflatables.com","description":"Kupite napihljive gradove in atrakcije v na\u0161i trgovini.","publisher":{"@id":"https:\/\/dodo-inflatables.com\/sl\/#organization"},"potentialAction":[{"@type":"SearchAction","target":{"@type":"EntryPoint","urlTemplate":"https:\/\/dodo-inflatables.com\/sl\/?s={search_term_string}"},"query-input":{"@type":"PropertyValueSpecification","valueRequired":true,"valueName":"search_term_string"}}],"inLanguage":"sl-SI"},{"@type":"Organization","@id":"https:\/\/dodo-inflatables.com\/sl\/#organization","name":"dodo-inflatables.com","url":"https:\/\/dodo-inflatables.com\/sl\/","logo":{"@type":"ImageObject","inLanguage":"sl-SI","@id":"https:\/\/dodo-inflatables.com\/sl\/#\/schema\/logo\/image\/","url":"https:\/\/dodo-inflatables.com\/wp-content\/uploads\/2023\/04\/cropped-cropped-cropped-Dodo-Logo.png","contentUrl":"https:\/\/dodo-inflatables.com\/wp-content\/uploads\/2023\/04\/cropped-cropped-cropped-Dodo-Logo.png","width":2996,"height":1545,"caption":"dodo-inflatables.com"},"image":{"@id":"https:\/\/dodo-inflatables.com\/sl\/#\/schema\/logo\/image\/"}}]}},"uagb_featured_image_src":{"full":["https:\/\/dodo-inflatables.com\/wp-content\/uploads\/2024\/07\/S-Bouncy-castle-Transport-bag.jpg",1000,1000,false],"thumbnail":["https:\/\/dodo-inflatables.com\/wp-content\/uploads\/2024\/07\/S-Bouncy-castle-Transport-bag-150x150.jpg",150,150,true],"medium":["https:\/\/dodo-inflatables.com\/wp-content\/uploads\/2024\/07\/S-Bouncy-castle-Transport-bag-300x300.jpg",300,300,true],"medium_large":["https:\/\/dodo-inflatables.com\/wp-content\/uploads\/2024\/07\/S-Bouncy-castle-Transport-bag-768x768.jpg",768,768,true],"large":["https:\/\/dodo-inflatables.com\/wp-content\/uploads\/2024\/07\/S-Bouncy-castle-Transport-bag.jpg",1000,1000,false],"1536x1536":["https:\/\/dodo-inflatables.com\/wp-content\/uploads\/2024\/07\/S-Bouncy-castle-Transport-bag.jpg",1000,1000,false],"2048x2048":["https:\/\/dodo-inflatables.com\/wp-content\/uploads\/2024\/07\/S-Bouncy-castle-Transport-bag.jpg",1000,1000,false],"woocommerce_thumbnail":["https:\/\/dodo-inflatables.com\/wp-content\/uploads\/2024\/07\/S-Bouncy-castle-Transport-bag-900x900.jpg",900,900,true],"woocommerce_single":["https:\/\/dodo-inflatables.com\/wp-content\/uploads\/2024\/07\/S-Bouncy-castle-Transport-bag-900x900.jpg",900,900,true],"woocommerce_gallery_thumbnail":["https:\/\/dodo-inflatables.com\/wp-content\/uploads\/2024\/07\/S-Bouncy-castle-Transport-bag-100x100.jpg",100,100,true]},"uagb_author_info":{"display_name":"Andreas","author_link":"https:\/\/dodo-inflatables.com\/sl\/author\/"},"uagb_comment_info":0,"uagb_excerpt":"Transportna torba velikosti S (premer 90 cm, vi\u0161ina 120 cm) Material: (0,55 mm \/ 621,3 g\/m2) Me\u0161ane barve","_links":{"self":[{"href":"https:\/\/dodo-inflatables.com\/sl\/wp-json\/wp\/v2\/product\/16186","targetHints":{"allow":["GET"]}}],"collection":[{"href":"https:\/\/dodo-inflatables.com\/sl\/wp-json\/wp\/v2\/product"}],"about":[{"href":"https:\/\/dodo-inflatables.com\/sl\/wp-json\/wp\/v2\/types\/product"}],"replies":[{"embeddable":true,"href":"https:\/\/dodo-inflatables.com\/sl\/wp-json\/wp\/v2\/comments?post=16186"}],"wp:featuredmedia":[{"embeddable":true,"href":"https:\/\/dodo-inflatables.com\/sl\/wp-json\/wp\/v2\/media\/55161"}],"wp:attachment":[{"href":"https:\/\/dodo-inflatables.com\/sl\/wp-json\/wp\/v2\/media?parent=16186"}],"wp:term":[{"taxonomy":"product_brand","embeddable":true,"href":"https:\/\/dodo-inflatables.com\/sl\/wp-json\/wp\/v2\/product_brand?post=16186"},{"taxonomy":"product_cat","embeddable":true,"href":"https:\/\/dodo-inflatables.com\/sl\/wp-json\/wp\/v2\/product_cat?post=16186"},{"taxonomy":"product_tag","embeddable":true,"href":"https:\/\/dodo-inflatables.com\/sl\/wp-json\/wp\/v2\/product_tag?post=16186"}],"curies":[{"name":"wp","href":"https:\/\/api.w.org\/{rel}","templated":true}]}}