{"id":105469,"date":"2026-04-04T13:54:47","date_gmt":"2026-04-04T11:54:47","guid":{"rendered":"https:\/\/dodo-inflatables.com\/dodo-relaunch?product=tear-aid-komplet-za-popravku-dvoraca-na-naduvavanje"},"modified":"2026-04-04T13:54:47","modified_gmt":"2026-04-04T11:54:47","slug":"tear-aid-komplet-za-popravku-dvoraca-na-naduvavanje","status":"publish","type":"product","link":"https:\/\/dodo-inflatables.com\/sr\/\u043f\u0440\u043e\u0438\u0437\u0432\u043e\u0434\/tear-aid-komplet-za-popravku-dvoraca-na-naduvavanje\/","title":{"rendered":"Tear-Aid komplet za popravku dvoraca na naduvavanje"},"content":{"rendered":"<h2>Tear-Aid komplet za popravku dvoraca na naduvavanje<\/h2>\n<h5>Tear-Aid: Pouzdano re\u0161enje za popravku va\u0161eg dvorca na naduvavanje<\/h5>\n<p>Produ\u017eite vek trajanja va\u0161eg dvorca na naduvavanje uz Tear-Aid komplet za popravku \u2013 idealno re\u0161enje za brze, jednostavne i dugotrajne popravke.<br \/>\nBilo da se radi o malim pukotinama ili ve\u0107im rupama, Tear-Aid nudi savr\u0161eno re\u0161enje za vra\u0107anje va\u0161eg dvorca na naduvavanje u vrhunsko stanje.<br \/>\n<strong>\u010cvrsto i izdr\u017eljivo:<\/strong><br \/>\nVisokokvalitetna, elasti\u010dna zakrpa prilago\u0111ava se kretanju dvorca na naduvavanje i pru\u017ea dugotrajnu popravku koja podnosi intenzivnu upotrebu.<br \/>\n<strong>Jednostavno za upotrebu:<\/strong><br \/>\nZahvaljuju\u0107i samoljepivoj podlozi i jasnim uputstvima, mo\u017eete popraviti pukotine i rupe za samo nekoliko minuta.<br \/>\n<strong>Vodootporno i nepropusno za vazduh:<\/strong><br \/>\nTear-Aid pouzdano funkcioni\u0161e i u mokrim uslovima te poma\u017ee spre\u010diti curenje vazduha, tako da va\u0161 dvorac na naduvavanje ostaje bezbedan i u potpunosti funkcionalan.<br \/>\n<strong>Proziran dizajn:<\/strong><br \/>\nDiskretni, prozirni materijal besprekorno se uklapa u svaku boju i dizajn bez uticaja na izgled va\u0161eg dvorca na naduvavanje.<br \/>\n&nbsp;<br \/>\n<strong>Sadr\u017eaj kompleta:<\/strong><\/p>\n<ul>\n<li>1 Tear-Aid zakrpa (30 x 8 cm)<\/li>\n<li>1 armiraju\u0107a nit za popravku ivica<\/li>\n<li>Alkoholne maramice za \u010di\u0161\u0107enje<\/li>\n<li>Uputstvo za upotrebu<\/li>\n<\/ul>\n<p>&nbsp;<\/p>\n","protected":false},"excerpt":{"rendered":"<ul>\n<li>1 Tear-Aid zakrpa (30 x 8 cm)<\/li>\n<li>1 armiraju\u0107a nit za popravku ivica<\/li>\n<li>Alkoholne maramice za \u010di\u0161\u0107enje<\/li>\n<li>Uputstvo za upotrebu<\/li>\n<\/ul>\n","protected":false},"featured_media":105459,"comment_status":"open","ping_status":"closed","template":"","meta":{"_acf_changed":false,"_uag_custom_page_level_css":"","site-sidebar-layout":"default","site-content-layout":"boxed-container","ast-site-content-layout":"normal-width-container","site-content-style":"boxed","site-sidebar-style":"default","ast-global-header-display":"","ast-banner-title-visibility":"","ast-main-header-display":"","ast-hfb-above-header-display":"","ast-hfb-below-header-display":"","ast-hfb-mobile-header-display":"","site-post-title":"disabled","ast-breadcrumbs-content":"","ast-featured-img":"","footer-sml-layout":"","ast-disable-related-posts":"","theme-transparent-header-meta":"default","adv-header-id-meta":"","stick-header-meta":"default","header-above-stick-meta":"","header-main-stick-meta":"","header-below-stick-meta":"","astra-migrate-meta-layouts":"default","ast-page-background-enabled":"default","ast-page-background-meta":{"desktop":{"background-color":"var(--ast-global-color-4)","background-image":"","background-repeat":"repeat","background-position":"center center","background-size":"auto","background-attachment":"scroll","background-type":"","background-media":"","overlay-type":"","overlay-color":"","overlay-opacity":"","overlay-gradient":""},"tablet":{"background-color":"","background-image":"","background-repeat":"repeat","background-position":"center center","background-size":"auto","background-attachment":"scroll","background-type":"","background-media":"","overlay-type":"","overlay-color":"","overlay-opacity":"","overlay-gradient":""},"mobile":{"background-color":"","background-image":"","background-repeat":"repeat","background-position":"center center","background-size":"auto","background-attachment":"scroll","background-type":"","background-media":"","overlay-type":"","overlay-color":"","overlay-opacity":"","overlay-gradient":""}},"ast-content-background-meta":{"desktop":{"background-color":"var(--ast-global-color-5)","background-image":"","background-repeat":"repeat","background-position":"center center","background-size":"auto","background-attachment":"scroll","background-type":"","background-media":"","overlay-type":"","overlay-color":"","overlay-opacity":"","overlay-gradient":""},"tablet":{"background-color":"var(--ast-global-color-5)","background-image":"","background-repeat":"repeat","background-position":"center center","background-size":"auto","background-attachment":"scroll","background-type":"","background-media":"","overlay-type":"","overlay-color":"","overlay-opacity":"","overlay-gradient":""},"mobile":{"background-color":"var(--ast-global-color-5)","background-image":"","background-repeat":"repeat","background-position":"center center","background-size":"auto","background-attachment":"scroll","background-type":"","background-media":"","overlay-type":"","overlay-color":"","overlay-opacity":"","overlay-gradient":""}}},"product_brand":[],"product_cat":[2062],"product_tag":[],"class_list":{"0":"post-105469","1":"product","2":"type-product","3":"status-publish","4":"has-post-thumbnail","6":"product_cat-2062","7":"product_shipping_class-2063","8":"desktop-align-center","9":"tablet-align-center","10":"mobile-align-center","11":"ast-product-gallery-layout-horizontal","12":"ast-product-tabs-layout-horizontal","14":"first","15":"instock","16":"taxable","17":"shipping-taxable","18":"purchasable","19":"product-type-simple"},"acf":[],"yoast_head":"<!-- This site is optimized with the Yoast SEO plugin v27.5 - https:\/\/yoast.com\/product\/yoast-seo-wordpress\/ -->\n<title>Tear-Aid komplet za popravku dvoraca na naduvavanje | Dodo Inflatables<\/title>\n<meta name=\"description\" content=\"Tear-Aid komplet za popravku dvoraca na naduvavanje \u2013 elasti\u010dna zakrpa 30 x 8 cm, vodootporna, prozirna. Brza i dugotrajna popravka pukotina i rupa.\" \/>\n<meta name=\"robots\" content=\"index, follow, max-snippet:-1, max-image-preview:large, max-video-preview:-1\" \/>\n<link rel=\"canonical\" href=\"https:\/\/dodo-inflatables.com\/sr\/\u043f\u0440\u043e\u0438\u0437\u0432\u043e\u0434\/tear-aid-komplet-za-popravku-dvoraca-na-naduvavanje\/\" \/>\n<meta name=\"twitter:label1\" content=\"\u041f\u0440\u043e\u0446\u0435\u045a\u0435\u043d\u043e \u0432\u0440\u0435\u043c\u0435 \u0447\u0438\u0442\u0430\u045a\u0430\" \/>\n\t<meta name=\"twitter:data1\" content=\"1 \u043c\u0438\u043d\u0443\u0442\" \/>\n<script type=\"application\/ld+json\" class=\"yoast-schema-graph\">{\"@context\":\"https:\\\/\\\/schema.org\",\"@graph\":[{\"@type\":\"WebPage\",\"@id\":\"https:\\\/\\\/dodo-inflatables.com\\\/sr\\\/\u043f\u0440\u043e\u0438\u0437\u0432\u043e\u0434\\\/tear-aid-komplet-za-popravku-dvoraca-na-naduvavanje\\\/\",\"url\":\"https:\\\/\\\/dodo-inflatables.com\\\/sr\\\/\u043f\u0440\u043e\u0438\u0437\u0432\u043e\u0434\\\/tear-aid-komplet-za-popravku-dvoraca-na-naduvavanje\\\/\",\"name\":\"Tear-Aid komplet za popravku dvoraca na naduvavanje | Dodo Inflatables\",\"isPartOf\":{\"@id\":\"https:\\\/\\\/dodo-inflatables.com\\\/sr\\\/#website\"},\"primaryImageOfPage\":{\"@id\":\"https:\\\/\\\/dodo-inflatables.com\\\/sr\\\/\u043f\u0440\u043e\u0438\u0437\u0432\u043e\u0434\\\/tear-aid-komplet-za-popravku-dvoraca-na-naduvavanje\\\/#primaryimage\"},\"image\":{\"@id\":\"https:\\\/\\\/dodo-inflatables.com\\\/sr\\\/\u043f\u0440\u043e\u0438\u0437\u0432\u043e\u0434\\\/tear-aid-komplet-za-popravku-dvoraca-na-naduvavanje\\\/#primaryimage\"},\"thumbnailUrl\":\"https:\\\/\\\/dodo-inflatables.com\\\/wp-content\\\/uploads\\\/2026\\\/04\\\/Tear-Aid-Reparatur-fur-Hupfburgen-_0004_TA-ZAK-TB-2.jpg\",\"datePublished\":\"2026-04-04T11:54:47+00:00\",\"description\":\"Tear-Aid komplet za popravku dvoraca na naduvavanje \u2013 elasti\u010dna zakrpa 30 x 8 cm, vodootporna, prozirna. Brza i dugotrajna popravka pukotina i rupa.\",\"breadcrumb\":{\"@id\":\"https:\\\/\\\/dodo-inflatables.com\\\/sr\\\/\u043f\u0440\u043e\u0438\u0437\u0432\u043e\u0434\\\/tear-aid-komplet-za-popravku-dvoraca-na-naduvavanje\\\/#breadcrumb\"},\"inLanguage\":\"sr-RS\",\"potentialAction\":[{\"@type\":\"ReadAction\",\"target\":[\"https:\\\/\\\/dodo-inflatables.com\\\/sr\\\/\u043f\u0440\u043e\u0438\u0437\u0432\u043e\u0434\\\/tear-aid-komplet-za-popravku-dvoraca-na-naduvavanje\\\/\"]}]},{\"@type\":\"ImageObject\",\"inLanguage\":\"sr-RS\",\"@id\":\"https:\\\/\\\/dodo-inflatables.com\\\/sr\\\/\u043f\u0440\u043e\u0438\u0437\u0432\u043e\u0434\\\/tear-aid-komplet-za-popravku-dvoraca-na-naduvavanje\\\/#primaryimage\",\"url\":\"https:\\\/\\\/dodo-inflatables.com\\\/wp-content\\\/uploads\\\/2026\\\/04\\\/Tear-Aid-Reparatur-fur-Hupfburgen-_0004_TA-ZAK-TB-2.jpg\",\"contentUrl\":\"https:\\\/\\\/dodo-inflatables.com\\\/wp-content\\\/uploads\\\/2026\\\/04\\\/Tear-Aid-Reparatur-fur-Hupfburgen-_0004_TA-ZAK-TB-2.jpg\",\"width\":1000,\"height\":1000,\"caption\":\"Tear-Aid komplet za popravku dvoraca na naduvavanje | Dodo Inflatables\"},{\"@type\":\"BreadcrumbList\",\"@id\":\"https:\\\/\\\/dodo-inflatables.com\\\/sr\\\/\u043f\u0440\u043e\u0438\u0437\u0432\u043e\u0434\\\/tear-aid-komplet-za-popravku-dvoraca-na-naduvavanje\\\/#breadcrumb\",\"itemListElement\":[{\"@type\":\"ListItem\",\"position\":1,\"name\":\"\u041f\u043e\u0447\u0435\u0442\u043d\u0430\",\"item\":\"https:\\\/\\\/dodo-inflatables.com\\\/sr\\\/\"},{\"@type\":\"ListItem\",\"position\":2,\"name\":\"\u0421\u0445\u043e\u043f\",\"item\":\"https:\\\/\\\/dodo-inflatables.com\\\/sr\\\/%d1%81%d1%85%d0%be%d0%bf\\\/\"},{\"@type\":\"ListItem\",\"position\":3,\"name\":\"Tear-Aid komplet za popravku dvoraca na naduvavanje\"}]},{\"@type\":\"WebSite\",\"@id\":\"https:\\\/\\\/dodo-inflatables.com\\\/sr\\\/#website\",\"url\":\"https:\\\/\\\/dodo-inflatables.com\\\/sr\\\/\",\"name\":\"dodo-inflatables.com\",\"description\":\"\u041a\u0443\u043f\u0438\u0442\u0435 \u043d\u0430\u0441\u043a\u043e\u0447\u043d\u0435 \u0434\u0432\u043e\u0440\u0446\u0435 \u0438 \u0430\u0442\u0440\u0430\u043a\u0446\u0438\u0458\u0435 \u0443 \u043d\u0430\u0448\u043e\u0458 \u043f\u0440\u043e\u0434\u0430\u0432\u043d\u0438\u0446\u0438.\",\"potentialAction\":[{\"@type\":\"SearchAction\",\"target\":{\"@type\":\"EntryPoint\",\"urlTemplate\":\"https:\\\/\\\/dodo-inflatables.com\\\/sr\\\/?s={search_term_string}\"},\"query-input\":{\"@type\":\"PropertyValueSpecification\",\"valueRequired\":true,\"valueName\":\"search_term_string\"}}],\"inLanguage\":\"sr-RS\"}]}<\/script>\n<!-- \/ Yoast SEO plugin. -->","yoast_head_json":{"title":"Tear-Aid komplet za popravku dvoraca na naduvavanje | Dodo Inflatables","description":"Tear-Aid komplet za popravku dvoraca na naduvavanje \u2013 elasti\u010dna zakrpa 30 x 8 cm, vodootporna, prozirna. Brza i dugotrajna popravka pukotina i rupa.","robots":{"index":"index","follow":"follow","max-snippet":"max-snippet:-1","max-image-preview":"max-image-preview:large","max-video-preview":"max-video-preview:-1"},"canonical":"https:\/\/dodo-inflatables.com\/sr\/\u043f\u0440\u043e\u0438\u0437\u0432\u043e\u0434\/tear-aid-komplet-za-popravku-dvoraca-na-naduvavanje\/","twitter_misc":{"\u041f\u0440\u043e\u0446\u0435\u045a\u0435\u043d\u043e \u0432\u0440\u0435\u043c\u0435 \u0447\u0438\u0442\u0430\u045a\u0430":"1 \u043c\u0438\u043d\u0443\u0442"},"schema":{"@context":"https:\/\/schema.org","@graph":[{"@type":"WebPage","@id":"https:\/\/dodo-inflatables.com\/sr\/\u043f\u0440\u043e\u0438\u0437\u0432\u043e\u0434\/tear-aid-komplet-za-popravku-dvoraca-na-naduvavanje\/","url":"https:\/\/dodo-inflatables.com\/sr\/\u043f\u0440\u043e\u0438\u0437\u0432\u043e\u0434\/tear-aid-komplet-za-popravku-dvoraca-na-naduvavanje\/","name":"Tear-Aid komplet za popravku dvoraca na naduvavanje | Dodo Inflatables","isPartOf":{"@id":"https:\/\/dodo-inflatables.com\/sr\/#website"},"primaryImageOfPage":{"@id":"https:\/\/dodo-inflatables.com\/sr\/\u043f\u0440\u043e\u0438\u0437\u0432\u043e\u0434\/tear-aid-komplet-za-popravku-dvoraca-na-naduvavanje\/#primaryimage"},"image":{"@id":"https:\/\/dodo-inflatables.com\/sr\/\u043f\u0440\u043e\u0438\u0437\u0432\u043e\u0434\/tear-aid-komplet-za-popravku-dvoraca-na-naduvavanje\/#primaryimage"},"thumbnailUrl":"https:\/\/dodo-inflatables.com\/wp-content\/uploads\/2026\/04\/Tear-Aid-Reparatur-fur-Hupfburgen-_0004_TA-ZAK-TB-2.jpg","datePublished":"2026-04-04T11:54:47+00:00","description":"Tear-Aid komplet za popravku dvoraca na naduvavanje \u2013 elasti\u010dna zakrpa 30 x 8 cm, vodootporna, prozirna. Brza i dugotrajna popravka pukotina i rupa.","breadcrumb":{"@id":"https:\/\/dodo-inflatables.com\/sr\/\u043f\u0440\u043e\u0438\u0437\u0432\u043e\u0434\/tear-aid-komplet-za-popravku-dvoraca-na-naduvavanje\/#breadcrumb"},"inLanguage":"sr-RS","potentialAction":[{"@type":"ReadAction","target":["https:\/\/dodo-inflatables.com\/sr\/\u043f\u0440\u043e\u0438\u0437\u0432\u043e\u0434\/tear-aid-komplet-za-popravku-dvoraca-na-naduvavanje\/"]}]},{"@type":"ImageObject","inLanguage":"sr-RS","@id":"https:\/\/dodo-inflatables.com\/sr\/\u043f\u0440\u043e\u0438\u0437\u0432\u043e\u0434\/tear-aid-komplet-za-popravku-dvoraca-na-naduvavanje\/#primaryimage","url":"https:\/\/dodo-inflatables.com\/wp-content\/uploads\/2026\/04\/Tear-Aid-Reparatur-fur-Hupfburgen-_0004_TA-ZAK-TB-2.jpg","contentUrl":"https:\/\/dodo-inflatables.com\/wp-content\/uploads\/2026\/04\/Tear-Aid-Reparatur-fur-Hupfburgen-_0004_TA-ZAK-TB-2.jpg","width":1000,"height":1000,"caption":"Tear-Aid komplet za popravku dvoraca na naduvavanje | Dodo Inflatables"},{"@type":"BreadcrumbList","@id":"https:\/\/dodo-inflatables.com\/sr\/\u043f\u0440\u043e\u0438\u0437\u0432\u043e\u0434\/tear-aid-komplet-za-popravku-dvoraca-na-naduvavanje\/#breadcrumb","itemListElement":[{"@type":"ListItem","position":1,"name":"\u041f\u043e\u0447\u0435\u0442\u043d\u0430","item":"https:\/\/dodo-inflatables.com\/sr\/"},{"@type":"ListItem","position":2,"name":"\u0421\u0445\u043e\u043f","item":"https:\/\/dodo-inflatables.com\/sr\/%d1%81%d1%85%d0%be%d0%bf\/"},{"@type":"ListItem","position":3,"name":"Tear-Aid komplet za popravku dvoraca na naduvavanje"}]},{"@type":"WebSite","@id":"https:\/\/dodo-inflatables.com\/sr\/#website","url":"https:\/\/dodo-inflatables.com\/sr\/","name":"dodo-inflatables.com","description":"\u041a\u0443\u043f\u0438\u0442\u0435 \u043d\u0430\u0441\u043a\u043e\u0447\u043d\u0435 \u0434\u0432\u043e\u0440\u0446\u0435 \u0438 \u0430\u0442\u0440\u0430\u043a\u0446\u0438\u0458\u0435 \u0443 \u043d\u0430\u0448\u043e\u0458 \u043f\u0440\u043e\u0434\u0430\u0432\u043d\u0438\u0446\u0438.","potentialAction":[{"@type":"SearchAction","target":{"@type":"EntryPoint","urlTemplate":"https:\/\/dodo-inflatables.com\/sr\/?s={search_term_string}"},"query-input":{"@type":"PropertyValueSpecification","valueRequired":true,"valueName":"search_term_string"}}],"inLanguage":"sr-RS"}]}},"uagb_featured_image_src":{"full":["https:\/\/dodo-inflatables.com\/wp-content\/uploads\/2026\/04\/Tear-Aid-Reparatur-fur-Hupfburgen-_0004_TA-ZAK-TB-2.jpg",1000,1000,false],"thumbnail":["https:\/\/dodo-inflatables.com\/wp-content\/uploads\/2026\/04\/Tear-Aid-Reparatur-fur-Hupfburgen-_0004_TA-ZAK-TB-2-150x150.jpg",150,150,true],"medium":["https:\/\/dodo-inflatables.com\/wp-content\/uploads\/2026\/04\/Tear-Aid-Reparatur-fur-Hupfburgen-_0004_TA-ZAK-TB-2-300x300.jpg",300,300,true],"medium_large":["https:\/\/dodo-inflatables.com\/wp-content\/uploads\/2026\/04\/Tear-Aid-Reparatur-fur-Hupfburgen-_0004_TA-ZAK-TB-2-768x768.jpg",768,768,true],"large":["https:\/\/dodo-inflatables.com\/wp-content\/uploads\/2026\/04\/Tear-Aid-Reparatur-fur-Hupfburgen-_0004_TA-ZAK-TB-2.jpg",1000,1000,false],"1536x1536":["https:\/\/dodo-inflatables.com\/wp-content\/uploads\/2026\/04\/Tear-Aid-Reparatur-fur-Hupfburgen-_0004_TA-ZAK-TB-2.jpg",1000,1000,false],"2048x2048":["https:\/\/dodo-inflatables.com\/wp-content\/uploads\/2026\/04\/Tear-Aid-Reparatur-fur-Hupfburgen-_0004_TA-ZAK-TB-2.jpg",1000,1000,false],"woocommerce_thumbnail":["https:\/\/dodo-inflatables.com\/wp-content\/uploads\/2026\/04\/Tear-Aid-Reparatur-fur-Hupfburgen-_0004_TA-ZAK-TB-2-900x900.jpg",900,900,true],"woocommerce_single":["https:\/\/dodo-inflatables.com\/wp-content\/uploads\/2026\/04\/Tear-Aid-Reparatur-fur-Hupfburgen-_0004_TA-ZAK-TB-2-900x900.jpg",900,900,true],"woocommerce_gallery_thumbnail":["https:\/\/dodo-inflatables.com\/wp-content\/uploads\/2026\/04\/Tear-Aid-Reparatur-fur-Hupfburgen-_0004_TA-ZAK-TB-2-100x100.jpg",100,100,true]},"uagb_author_info":{"display_name":"Andreas","author_link":"https:\/\/dodo-inflatables.com\/sr\/author\/"},"uagb_comment_info":0,"uagb_excerpt":"1 Tear-Aid zakrpa (30 x 8 cm) 1 armiraju\u0107a nit za popravku ivica Alkoholne maramice za \u010di\u0161\u0107enje Uputstvo za upotrebu","_links":{"self":[{"href":"https:\/\/dodo-inflatables.com\/sr\/wp-json\/wp\/v2\/product\/105469","targetHints":{"allow":["GET"]}}],"collection":[{"href":"https:\/\/dodo-inflatables.com\/sr\/wp-json\/wp\/v2\/product"}],"about":[{"href":"https:\/\/dodo-inflatables.com\/sr\/wp-json\/wp\/v2\/types\/product"}],"replies":[{"embeddable":true,"href":"https:\/\/dodo-inflatables.com\/sr\/wp-json\/wp\/v2\/comments?post=105469"}],"wp:featuredmedia":[{"embeddable":true,"href":"https:\/\/dodo-inflatables.com\/sr\/wp-json\/wp\/v2\/media\/105459"}],"wp:attachment":[{"href":"https:\/\/dodo-inflatables.com\/sr\/wp-json\/wp\/v2\/media?parent=105469"}],"wp:term":[{"taxonomy":"product_brand","embeddable":true,"href":"https:\/\/dodo-inflatables.com\/sr\/wp-json\/wp\/v2\/product_brand?post=105469"},{"taxonomy":"product_cat","embeddable":true,"href":"https:\/\/dodo-inflatables.com\/sr\/wp-json\/wp\/v2\/product_cat?post=105469"},{"taxonomy":"product_tag","embeddable":true,"href":"https:\/\/dodo-inflatables.com\/sr\/wp-json\/wp\/v2\/product_tag?post=105469"}],"curies":[{"name":"wp","href":"https:\/\/api.w.org\/{rel}","templated":true}]}}