{"id":105600,"date":"2026-04-04T13:54:47","date_gmt":"2026-04-04T11:54:47","guid":{"rendered":"https:\/\/dodo-inflatables.com\/dodo-relaunch?product=male-sigurnosne-prostirke-za-dvorce-na-naduvavanje-120-x-120-x-5-cm"},"modified":"2026-04-04T13:54:47","modified_gmt":"2026-04-04T11:54:47","slug":"male-sigurnosne-prostirke-za-dvorce-na-naduvavanje-120-x-120-x-5-cm","status":"publish","type":"product","link":"https:\/\/dodo-inflatables.com\/sr\/\u043f\u0440\u043e\u0438\u0437\u0432\u043e\u0434\/male-sigurnosne-prostirke-za-dvorce-na-naduvavanje-120-x-120-x-5-cm\/","title":{"rendered":"Male sigurnosne prostirke za dvorce na naduvavanje 120 x 120 x 5 cm"},"content":{"rendered":"<h2>Kupite male sigurnosne prostirke za dvorce na naduvavanje<\/h2>\n<p class=\"p1\">Na\u0161e sigurnosne prostirke su idealan dodatak svakom dvorcu na naduvavanje i pru\u017eaju maksimalnu sigurnost u oblasti ulaza i izlaza. Posebno za iznajmljiva\u010dke firme i operatere sa visokim standardima bezbednosti, ove male prostirke su pouzdano i trajno re\u0161enje.<\/p>\n<p class=\"p1\"><span class=\"s1\"><b>Optimalna apsorpcija udara:<\/b><\/span> Visokokvalitetna lagana EPE pena pouzdano apsorbuje udare i zna\u010dajno smanjuje rizik od povreda pri ulasku i izlasku iz dvorca na naduvavanje.<\/p>\n<p class=\"p1\"><span class=\"s1\"><b>U\u0161teda prostora i fleksibilnost:<\/b><\/span> Sklopiva sigurnosna prostirka mo\u017ee se presaviti u tri dela, \u010dine\u0107i je posebno kompaktnom za transport i skladi\u0161tenje \u2013 idealno za mobilnu upotrebu u iznajmljiva\u010dkim operacijama.<\/p>\n<p class=\"p1\"><span class=\"s1\"><b>Pobolj\u0161ana izrada:<\/b><\/span> \u0160avovi su postavljeni s unutra\u0161nje strane i vi\u0161e ne le\u017ee na spoljnoj povr\u0161ini. To poma\u017ee da se spre\u010di trljanje o tlo i prerano habanje.<\/p>\n<p class=\"p1\"><span class=\"s1\"><b>Maksimalna sigurnost:<\/b><\/span> Namerno izra\u0111eno bez ru\u010dki za no\u0161enje kako bi se izbegla opasnost od spoticanja i koristilo se u neposrednoj blizini dvorca na naduvavanje jo\u0161 bezbednije.<\/p>\n<p class=\"p1\"><span class=\"s1\"><b>Izdr\u017eljiva navlaka:<\/b><\/span> \u010cvrsta tkanina od PU cerade je trajna, laka za odr\u017eavanje i dizajnirana za redovnu upotrebu u event i iznajmljiva\u010dkom poslovanju.<\/p>\n<p>&nbsp;<br \/>\n<strong>Detalji o maloj sigurnosnoj prostirci<\/strong><\/p>\n<ul>\n<li>Otvorene dimenzije: 120 x 120 x 5 cm<\/li>\n<li>Sklopljene dimenzije: 60 x 120 x 10 cm<\/li>\n<li>Materijal pene: EPE RG 18<\/li>\n<li>Materijal navlake: PU tkanina od cerade, debljina 0,6 mm<\/li>\n<li>Te\u017eina: 2,8 kg<\/li>\n<\/ul>\n","protected":false},"excerpt":{"rendered":"<ul>\n<li>Otvorene dimenzije: 120 x 120 x 5 cm<\/li>\n<li>Sklopljene dimenzije: 60 x 120 x 10 cm<\/li>\n<li>Materijal pene: EPE RG 18<\/li>\n<li>Materijal navlake: PU tkanina od cerade, debljina 0,6 mm<\/li>\n<li>Te\u017eina: 2,8 kg<\/li>\n<\/ul>\n","protected":false},"featured_media":105594,"comment_status":"open","ping_status":"closed","template":"","meta":{"_acf_changed":false,"_uag_custom_page_level_css":"","site-sidebar-layout":"default","site-content-layout":"boxed-container","ast-site-content-layout":"normal-width-container","site-content-style":"boxed","site-sidebar-style":"default","ast-global-header-display":"","ast-banner-title-visibility":"","ast-main-header-display":"","ast-hfb-above-header-display":"","ast-hfb-below-header-display":"","ast-hfb-mobile-header-display":"","site-post-title":"disabled","ast-breadcrumbs-content":"","ast-featured-img":"","footer-sml-layout":"","ast-disable-related-posts":"","theme-transparent-header-meta":"default","adv-header-id-meta":"","stick-header-meta":"default","header-above-stick-meta":"","header-main-stick-meta":"","header-below-stick-meta":"","astra-migrate-meta-layouts":"default","ast-page-background-enabled":"default","ast-page-background-meta":{"desktop":{"background-color":"var(--ast-global-color-4)","background-image":"","background-repeat":"repeat","background-position":"center center","background-size":"auto","background-attachment":"scroll","background-type":"","background-media":"","overlay-type":"","overlay-color":"","overlay-opacity":"","overlay-gradient":""},"tablet":{"background-color":"","background-image":"","background-repeat":"repeat","background-position":"center center","background-size":"auto","background-attachment":"scroll","background-type":"","background-media":"","overlay-type":"","overlay-color":"","overlay-opacity":"","overlay-gradient":""},"mobile":{"background-color":"","background-image":"","background-repeat":"repeat","background-position":"center center","background-size":"auto","background-attachment":"scroll","background-type":"","background-media":"","overlay-type":"","overlay-color":"","overlay-opacity":"","overlay-gradient":""}},"ast-content-background-meta":{"desktop":{"background-color":"var(--ast-global-color-5)","background-image":"","background-repeat":"repeat","background-position":"center center","background-size":"auto","background-attachment":"scroll","background-type":"","background-media":"","overlay-type":"","overlay-color":"","overlay-opacity":"","overlay-gradient":""},"tablet":{"background-color":"var(--ast-global-color-5)","background-image":"","background-repeat":"repeat","background-position":"center center","background-size":"auto","background-attachment":"scroll","background-type":"","background-media":"","overlay-type":"","overlay-color":"","overlay-opacity":"","overlay-gradient":""},"mobile":{"background-color":"var(--ast-global-color-5)","background-image":"","background-repeat":"repeat","background-position":"center center","background-size":"auto","background-attachment":"scroll","background-type":"","background-media":"","overlay-type":"","overlay-color":"","overlay-opacity":"","overlay-gradient":""}}},"product_brand":[],"product_cat":[2062],"product_tag":[],"class_list":{"0":"post-105600","1":"product","2":"type-product","3":"status-publish","4":"has-post-thumbnail","6":"product_cat-2062","7":"product_shipping_class-1969","8":"desktop-align-center","9":"tablet-align-center","10":"mobile-align-center","11":"ast-product-gallery-layout-horizontal","12":"ast-product-tabs-layout-horizontal","14":"first","15":"instock","16":"taxable","17":"shipping-taxable","18":"purchasable","19":"product-type-simple"},"acf":[],"yoast_head":"<!-- This site is optimized with the Yoast SEO plugin v27.5 - https:\/\/yoast.com\/product\/yoast-seo-wordpress\/ -->\n<title>Male sigurnosne prostirke za dvorce na naduvavanje 120 x 120 x 5 cm | Dodo Inflatables<\/title>\n<meta name=\"description\" content=\"Male sigurnosne prostirke za dvorce na naduvavanje \u2013 EPE pena, sklopive u tri dela, PU cerada navlaka. Maksimalna sigurnost u oblasti ulaza i izlaza, idealno za iznajmljiva\u010dke firme.\" \/>\n<meta name=\"robots\" content=\"index, follow, max-snippet:-1, max-image-preview:large, max-video-preview:-1\" \/>\n<link rel=\"canonical\" href=\"https:\/\/dodo-inflatables.com\/sr\/\u043f\u0440\u043e\u0438\u0437\u0432\u043e\u0434\/male-sigurnosne-prostirke-za-dvorce-na-naduvavanje-120-x-120-x-5-cm\/\" \/>\n<meta name=\"twitter:label1\" content=\"\u041f\u0440\u043e\u0446\u0435\u045a\u0435\u043d\u043e \u0432\u0440\u0435\u043c\u0435 \u0447\u0438\u0442\u0430\u045a\u0430\" \/>\n\t<meta name=\"twitter:data1\" content=\"1 \u043c\u0438\u043d\u0443\u0442\" \/>\n<script type=\"application\/ld+json\" class=\"yoast-schema-graph\">{\"@context\":\"https:\\\/\\\/schema.org\",\"@graph\":[{\"@type\":\"WebPage\",\"@id\":\"https:\\\/\\\/dodo-inflatables.com\\\/sr\\\/\u043f\u0440\u043e\u0438\u0437\u0432\u043e\u0434\\\/male-sigurnosne-prostirke-za-dvorce-na-naduvavanje-120-x-120-x-5-cm\\\/\",\"url\":\"https:\\\/\\\/dodo-inflatables.com\\\/sr\\\/\u043f\u0440\u043e\u0438\u0437\u0432\u043e\u0434\\\/male-sigurnosne-prostirke-za-dvorce-na-naduvavanje-120-x-120-x-5-cm\\\/\",\"name\":\"Male sigurnosne prostirke za dvorce na naduvavanje 120 x 120 x 5 cm | Dodo Inflatables\",\"isPartOf\":{\"@id\":\"https:\\\/\\\/dodo-inflatables.com\\\/sr\\\/#website\"},\"primaryImageOfPage\":{\"@id\":\"https:\\\/\\\/dodo-inflatables.com\\\/sr\\\/\u043f\u0440\u043e\u0438\u0437\u0432\u043e\u0434\\\/male-sigurnosne-prostirke-za-dvorce-na-naduvavanje-120-x-120-x-5-cm\\\/#primaryimage\"},\"image\":{\"@id\":\"https:\\\/\\\/dodo-inflatables.com\\\/sr\\\/\u043f\u0440\u043e\u0438\u0437\u0432\u043e\u0434\\\/male-sigurnosne-prostirke-za-dvorce-na-naduvavanje-120-x-120-x-5-cm\\\/#primaryimage\"},\"thumbnailUrl\":\"https:\\\/\\\/dodo-inflatables.com\\\/wp-content\\\/uploads\\\/2026\\\/04\\\/Buy-small-fall-protection-mats-for-bouncy-castles-06.jpg\",\"datePublished\":\"2026-04-04T11:54:47+00:00\",\"description\":\"Male sigurnosne prostirke za dvorce na naduvavanje \u2013 EPE pena, sklopive u tri dela, PU cerada navlaka. Maksimalna sigurnost u oblasti ulaza i izlaza, idealno za iznajmljiva\u010dke firme.\",\"breadcrumb\":{\"@id\":\"https:\\\/\\\/dodo-inflatables.com\\\/sr\\\/\u043f\u0440\u043e\u0438\u0437\u0432\u043e\u0434\\\/male-sigurnosne-prostirke-za-dvorce-na-naduvavanje-120-x-120-x-5-cm\\\/#breadcrumb\"},\"inLanguage\":\"sr-RS\",\"potentialAction\":[{\"@type\":\"ReadAction\",\"target\":[\"https:\\\/\\\/dodo-inflatables.com\\\/sr\\\/\u043f\u0440\u043e\u0438\u0437\u0432\u043e\u0434\\\/male-sigurnosne-prostirke-za-dvorce-na-naduvavanje-120-x-120-x-5-cm\\\/\"]}]},{\"@type\":\"ImageObject\",\"inLanguage\":\"sr-RS\",\"@id\":\"https:\\\/\\\/dodo-inflatables.com\\\/sr\\\/\u043f\u0440\u043e\u0438\u0437\u0432\u043e\u0434\\\/male-sigurnosne-prostirke-za-dvorce-na-naduvavanje-120-x-120-x-5-cm\\\/#primaryimage\",\"url\":\"https:\\\/\\\/dodo-inflatables.com\\\/wp-content\\\/uploads\\\/2026\\\/04\\\/Buy-small-fall-protection-mats-for-bouncy-castles-06.jpg\",\"contentUrl\":\"https:\\\/\\\/dodo-inflatables.com\\\/wp-content\\\/uploads\\\/2026\\\/04\\\/Buy-small-fall-protection-mats-for-bouncy-castles-06.jpg\",\"width\":1000,\"height\":1000,\"caption\":\"Male sigurnosne prostirke za dvorce na naduvavanje 120 x 120 x 5 cm | Dodo Inflatables\"},{\"@type\":\"BreadcrumbList\",\"@id\":\"https:\\\/\\\/dodo-inflatables.com\\\/sr\\\/\u043f\u0440\u043e\u0438\u0437\u0432\u043e\u0434\\\/male-sigurnosne-prostirke-za-dvorce-na-naduvavanje-120-x-120-x-5-cm\\\/#breadcrumb\",\"itemListElement\":[{\"@type\":\"ListItem\",\"position\":1,\"name\":\"\u041f\u043e\u0447\u0435\u0442\u043d\u0430\",\"item\":\"https:\\\/\\\/dodo-inflatables.com\\\/sr\\\/\"},{\"@type\":\"ListItem\",\"position\":2,\"name\":\"\u0421\u0445\u043e\u043f\",\"item\":\"https:\\\/\\\/dodo-inflatables.com\\\/sr\\\/%d1%81%d1%85%d0%be%d0%bf\\\/\"},{\"@type\":\"ListItem\",\"position\":3,\"name\":\"Male sigurnosne prostirke za dvorce na naduvavanje 120 x 120 x 5 cm\"}]},{\"@type\":\"WebSite\",\"@id\":\"https:\\\/\\\/dodo-inflatables.com\\\/sr\\\/#website\",\"url\":\"https:\\\/\\\/dodo-inflatables.com\\\/sr\\\/\",\"name\":\"dodo-inflatables.com\",\"description\":\"\u041a\u0443\u043f\u0438\u0442\u0435 \u043d\u0430\u0441\u043a\u043e\u0447\u043d\u0435 \u0434\u0432\u043e\u0440\u0446\u0435 \u0438 \u0430\u0442\u0440\u0430\u043a\u0446\u0438\u0458\u0435 \u0443 \u043d\u0430\u0448\u043e\u0458 \u043f\u0440\u043e\u0434\u0430\u0432\u043d\u0438\u0446\u0438.\",\"potentialAction\":[{\"@type\":\"SearchAction\",\"target\":{\"@type\":\"EntryPoint\",\"urlTemplate\":\"https:\\\/\\\/dodo-inflatables.com\\\/sr\\\/?s={search_term_string}\"},\"query-input\":{\"@type\":\"PropertyValueSpecification\",\"valueRequired\":true,\"valueName\":\"search_term_string\"}}],\"inLanguage\":\"sr-RS\"}]}<\/script>\n<!-- \/ Yoast SEO plugin. -->","yoast_head_json":{"title":"Male sigurnosne prostirke za dvorce na naduvavanje 120 x 120 x 5 cm | Dodo Inflatables","description":"Male sigurnosne prostirke za dvorce na naduvavanje \u2013 EPE pena, sklopive u tri dela, PU cerada navlaka. Maksimalna sigurnost u oblasti ulaza i izlaza, idealno za iznajmljiva\u010dke firme.","robots":{"index":"index","follow":"follow","max-snippet":"max-snippet:-1","max-image-preview":"max-image-preview:large","max-video-preview":"max-video-preview:-1"},"canonical":"https:\/\/dodo-inflatables.com\/sr\/\u043f\u0440\u043e\u0438\u0437\u0432\u043e\u0434\/male-sigurnosne-prostirke-za-dvorce-na-naduvavanje-120-x-120-x-5-cm\/","twitter_misc":{"\u041f\u0440\u043e\u0446\u0435\u045a\u0435\u043d\u043e \u0432\u0440\u0435\u043c\u0435 \u0447\u0438\u0442\u0430\u045a\u0430":"1 \u043c\u0438\u043d\u0443\u0442"},"schema":{"@context":"https:\/\/schema.org","@graph":[{"@type":"WebPage","@id":"https:\/\/dodo-inflatables.com\/sr\/\u043f\u0440\u043e\u0438\u0437\u0432\u043e\u0434\/male-sigurnosne-prostirke-za-dvorce-na-naduvavanje-120-x-120-x-5-cm\/","url":"https:\/\/dodo-inflatables.com\/sr\/\u043f\u0440\u043e\u0438\u0437\u0432\u043e\u0434\/male-sigurnosne-prostirke-za-dvorce-na-naduvavanje-120-x-120-x-5-cm\/","name":"Male sigurnosne prostirke za dvorce na naduvavanje 120 x 120 x 5 cm | Dodo Inflatables","isPartOf":{"@id":"https:\/\/dodo-inflatables.com\/sr\/#website"},"primaryImageOfPage":{"@id":"https:\/\/dodo-inflatables.com\/sr\/\u043f\u0440\u043e\u0438\u0437\u0432\u043e\u0434\/male-sigurnosne-prostirke-za-dvorce-na-naduvavanje-120-x-120-x-5-cm\/#primaryimage"},"image":{"@id":"https:\/\/dodo-inflatables.com\/sr\/\u043f\u0440\u043e\u0438\u0437\u0432\u043e\u0434\/male-sigurnosne-prostirke-za-dvorce-na-naduvavanje-120-x-120-x-5-cm\/#primaryimage"},"thumbnailUrl":"https:\/\/dodo-inflatables.com\/wp-content\/uploads\/2026\/04\/Buy-small-fall-protection-mats-for-bouncy-castles-06.jpg","datePublished":"2026-04-04T11:54:47+00:00","description":"Male sigurnosne prostirke za dvorce na naduvavanje \u2013 EPE pena, sklopive u tri dela, PU cerada navlaka. Maksimalna sigurnost u oblasti ulaza i izlaza, idealno za iznajmljiva\u010dke firme.","breadcrumb":{"@id":"https:\/\/dodo-inflatables.com\/sr\/\u043f\u0440\u043e\u0438\u0437\u0432\u043e\u0434\/male-sigurnosne-prostirke-za-dvorce-na-naduvavanje-120-x-120-x-5-cm\/#breadcrumb"},"inLanguage":"sr-RS","potentialAction":[{"@type":"ReadAction","target":["https:\/\/dodo-inflatables.com\/sr\/\u043f\u0440\u043e\u0438\u0437\u0432\u043e\u0434\/male-sigurnosne-prostirke-za-dvorce-na-naduvavanje-120-x-120-x-5-cm\/"]}]},{"@type":"ImageObject","inLanguage":"sr-RS","@id":"https:\/\/dodo-inflatables.com\/sr\/\u043f\u0440\u043e\u0438\u0437\u0432\u043e\u0434\/male-sigurnosne-prostirke-za-dvorce-na-naduvavanje-120-x-120-x-5-cm\/#primaryimage","url":"https:\/\/dodo-inflatables.com\/wp-content\/uploads\/2026\/04\/Buy-small-fall-protection-mats-for-bouncy-castles-06.jpg","contentUrl":"https:\/\/dodo-inflatables.com\/wp-content\/uploads\/2026\/04\/Buy-small-fall-protection-mats-for-bouncy-castles-06.jpg","width":1000,"height":1000,"caption":"Male sigurnosne prostirke za dvorce na naduvavanje 120 x 120 x 5 cm | Dodo Inflatables"},{"@type":"BreadcrumbList","@id":"https:\/\/dodo-inflatables.com\/sr\/\u043f\u0440\u043e\u0438\u0437\u0432\u043e\u0434\/male-sigurnosne-prostirke-za-dvorce-na-naduvavanje-120-x-120-x-5-cm\/#breadcrumb","itemListElement":[{"@type":"ListItem","position":1,"name":"\u041f\u043e\u0447\u0435\u0442\u043d\u0430","item":"https:\/\/dodo-inflatables.com\/sr\/"},{"@type":"ListItem","position":2,"name":"\u0421\u0445\u043e\u043f","item":"https:\/\/dodo-inflatables.com\/sr\/%d1%81%d1%85%d0%be%d0%bf\/"},{"@type":"ListItem","position":3,"name":"Male sigurnosne prostirke za dvorce na naduvavanje 120 x 120 x 5 cm"}]},{"@type":"WebSite","@id":"https:\/\/dodo-inflatables.com\/sr\/#website","url":"https:\/\/dodo-inflatables.com\/sr\/","name":"dodo-inflatables.com","description":"\u041a\u0443\u043f\u0438\u0442\u0435 \u043d\u0430\u0441\u043a\u043e\u0447\u043d\u0435 \u0434\u0432\u043e\u0440\u0446\u0435 \u0438 \u0430\u0442\u0440\u0430\u043a\u0446\u0438\u0458\u0435 \u0443 \u043d\u0430\u0448\u043e\u0458 \u043f\u0440\u043e\u0434\u0430\u0432\u043d\u0438\u0446\u0438.","potentialAction":[{"@type":"SearchAction","target":{"@type":"EntryPoint","urlTemplate":"https:\/\/dodo-inflatables.com\/sr\/?s={search_term_string}"},"query-input":{"@type":"PropertyValueSpecification","valueRequired":true,"valueName":"search_term_string"}}],"inLanguage":"sr-RS"}]}},"uagb_featured_image_src":{"full":["https:\/\/dodo-inflatables.com\/wp-content\/uploads\/2026\/04\/Buy-small-fall-protection-mats-for-bouncy-castles-06.jpg",1000,1000,false],"thumbnail":["https:\/\/dodo-inflatables.com\/wp-content\/uploads\/2026\/04\/Buy-small-fall-protection-mats-for-bouncy-castles-06-150x150.jpg",150,150,true],"medium":["https:\/\/dodo-inflatables.com\/wp-content\/uploads\/2026\/04\/Buy-small-fall-protection-mats-for-bouncy-castles-06-300x300.jpg",300,300,true],"medium_large":["https:\/\/dodo-inflatables.com\/wp-content\/uploads\/2026\/04\/Buy-small-fall-protection-mats-for-bouncy-castles-06-768x768.jpg",768,768,true],"large":["https:\/\/dodo-inflatables.com\/wp-content\/uploads\/2026\/04\/Buy-small-fall-protection-mats-for-bouncy-castles-06.jpg",1000,1000,false],"1536x1536":["https:\/\/dodo-inflatables.com\/wp-content\/uploads\/2026\/04\/Buy-small-fall-protection-mats-for-bouncy-castles-06.jpg",1000,1000,false],"2048x2048":["https:\/\/dodo-inflatables.com\/wp-content\/uploads\/2026\/04\/Buy-small-fall-protection-mats-for-bouncy-castles-06.jpg",1000,1000,false],"woocommerce_thumbnail":["https:\/\/dodo-inflatables.com\/wp-content\/uploads\/2026\/04\/Buy-small-fall-protection-mats-for-bouncy-castles-06-900x900.jpg",900,900,true],"woocommerce_single":["https:\/\/dodo-inflatables.com\/wp-content\/uploads\/2026\/04\/Buy-small-fall-protection-mats-for-bouncy-castles-06-900x900.jpg",900,900,true],"woocommerce_gallery_thumbnail":["https:\/\/dodo-inflatables.com\/wp-content\/uploads\/2026\/04\/Buy-small-fall-protection-mats-for-bouncy-castles-06-100x100.jpg",100,100,true]},"uagb_author_info":{"display_name":"Andreas","author_link":"https:\/\/dodo-inflatables.com\/sr\/author\/"},"uagb_comment_info":0,"uagb_excerpt":"Otvorene dimenzije: 120 x 120 x 5 cm Sklopljene dimenzije: 60 x 120 x 10 cm Materijal pene: EPE RG 18 Materijal navlake: PU tkanina od cerade, debljina 0,6 mm Te\u017eina: 2,8 kg","_links":{"self":[{"href":"https:\/\/dodo-inflatables.com\/sr\/wp-json\/wp\/v2\/product\/105600","targetHints":{"allow":["GET"]}}],"collection":[{"href":"https:\/\/dodo-inflatables.com\/sr\/wp-json\/wp\/v2\/product"}],"about":[{"href":"https:\/\/dodo-inflatables.com\/sr\/wp-json\/wp\/v2\/types\/product"}],"replies":[{"embeddable":true,"href":"https:\/\/dodo-inflatables.com\/sr\/wp-json\/wp\/v2\/comments?post=105600"}],"wp:featuredmedia":[{"embeddable":true,"href":"https:\/\/dodo-inflatables.com\/sr\/wp-json\/wp\/v2\/media\/105594"}],"wp:attachment":[{"href":"https:\/\/dodo-inflatables.com\/sr\/wp-json\/wp\/v2\/media?parent=105600"}],"wp:term":[{"taxonomy":"product_brand","embeddable":true,"href":"https:\/\/dodo-inflatables.com\/sr\/wp-json\/wp\/v2\/product_brand?post=105600"},{"taxonomy":"product_cat","embeddable":true,"href":"https:\/\/dodo-inflatables.com\/sr\/wp-json\/wp\/v2\/product_cat?post=105600"},{"taxonomy":"product_tag","embeddable":true,"href":"https:\/\/dodo-inflatables.com\/sr\/wp-json\/wp\/v2\/product_tag?post=105600"}],"curies":[{"name":"wp","href":"https:\/\/api.w.org\/{rel}","templated":true}]}}