{"id":105734,"date":"2026-04-04T13:54:46","date_gmt":"2026-04-04T11:54:46","guid":{"rendered":"https:\/\/dodo-inflatables.com\/dodo-relaunch?product=set-od-6-profesionalnih-velcro-fudbalskih-lopti"},"modified":"2026-04-04T13:54:46","modified_gmt":"2026-04-04T11:54:46","slug":"set-od-6-profesionalnih-velcro-fudbalskih-lopti","status":"publish","type":"product","link":"https:\/\/dodo-inflatables.com\/sr\/\u043f\u0440\u043e\u0438\u0437\u0432\u043e\u0434\/set-od-6-profesionalnih-velcro-fudbalskih-lopti\/","title":{"rendered":"Set od 6 profesionalnih velcro fudbalskih lopti"},"content":{"rendered":"<h2><strong>Set od 6 profesionalnih velcro fudbalskih lopti \u2013 Vi\u0161e zabave u jednom prakti\u010dnom setu!<\/strong><\/h2>\n<p>Trebate vi\u0161e lopti za svoju igru fudbalskih strelica? Tada je na\u0161 <strong>set od 6 profesionalnih velcro fudbalskih lopti<\/strong> ta\u010dno ono \u0161to vam treba! Ove visokokvalitetne velcro lopte nude odli\u010dno prianjanje i ostavljaju manje neugodnih vlakana na velcro povr\u0161ini. Zahvaljuju\u0107i optimizovanoj velcro obradi, trajne su i osiguravaju precizne udarce.<br \/>\n<em>Va\u0161e prednosti:<\/em><br \/>\n\u2705 Premium kvalitet \u2013 Manje vlakana, odli\u010dno prianjanje!<br \/>\n\u2705 Prednost prakti\u010dnog seta \u2013 Idealno ako trebate vi\u0161e lopti za redovnu upotrebu<br \/>\n<em>Detalji proizvoda:<\/em><br \/>\n\u26bd Set od 6 profesionalnih velcro fudbalskih lopti<br \/>\n\u26bd Pre\u010dnik: 21 cm<br \/>\n\u26bd Boje: crvena, \u017euta, crna (boje se biraju nasumi\u010dno)<br \/>\nVi\u0161e lopti \u2013 vi\u0161e zabave! Naru\u010dite svoj set od 6 profesionalnih velcro fudbalskih lopti sada!<\/p>\n","protected":false},"excerpt":{"rendered":"<p>\u26bd Set od 6 profesionalnih velcro fudbalskih lopti<br \/>\n\u26bd Pre\u010dnik: 21 cm<br \/>\n\u26bd Boje: crvena, \u017euta, crna (boje se biraju nasumi\u010dno)<\/p>\n","protected":false},"featured_media":105733,"comment_status":"open","ping_status":"closed","template":"","meta":{"_acf_changed":false,"_uag_custom_page_level_css":"","site-sidebar-layout":"default","site-content-layout":"boxed-container","ast-site-content-layout":"normal-width-container","site-content-style":"boxed","site-sidebar-style":"default","ast-global-header-display":"","ast-banner-title-visibility":"","ast-main-header-display":"","ast-hfb-above-header-display":"","ast-hfb-below-header-display":"","ast-hfb-mobile-header-display":"","site-post-title":"disabled","ast-breadcrumbs-content":"","ast-featured-img":"","footer-sml-layout":"","ast-disable-related-posts":"","theme-transparent-header-meta":"default","adv-header-id-meta":"","stick-header-meta":"default","header-above-stick-meta":"","header-main-stick-meta":"","header-below-stick-meta":"","astra-migrate-meta-layouts":"default","ast-page-background-enabled":"default","ast-page-background-meta":{"desktop":{"background-color":"var(--ast-global-color-4)","background-image":"","background-repeat":"repeat","background-position":"center center","background-size":"auto","background-attachment":"scroll","background-type":"","background-media":"","overlay-type":"","overlay-color":"","overlay-opacity":"","overlay-gradient":""},"tablet":{"background-color":"","background-image":"","background-repeat":"repeat","background-position":"center center","background-size":"auto","background-attachment":"scroll","background-type":"","background-media":"","overlay-type":"","overlay-color":"","overlay-opacity":"","overlay-gradient":""},"mobile":{"background-color":"","background-image":"","background-repeat":"repeat","background-position":"center center","background-size":"auto","background-attachment":"scroll","background-type":"","background-media":"","overlay-type":"","overlay-color":"","overlay-opacity":"","overlay-gradient":""}},"ast-content-background-meta":{"desktop":{"background-color":"var(--ast-global-color-5)","background-image":"","background-repeat":"repeat","background-position":"center center","background-size":"auto","background-attachment":"scroll","background-type":"","background-media":"","overlay-type":"","overlay-color":"","overlay-opacity":"","overlay-gradient":""},"tablet":{"background-color":"var(--ast-global-color-5)","background-image":"","background-repeat":"repeat","background-position":"center center","background-size":"auto","background-attachment":"scroll","background-type":"","background-media":"","overlay-type":"","overlay-color":"","overlay-opacity":"","overlay-gradient":""},"mobile":{"background-color":"var(--ast-global-color-5)","background-image":"","background-repeat":"repeat","background-position":"center center","background-size":"auto","background-attachment":"scroll","background-type":"","background-media":"","overlay-type":"","overlay-color":"","overlay-opacity":"","overlay-gradient":""}}},"product_brand":[],"product_cat":[2062],"product_tag":[],"class_list":{"0":"post-105734","1":"product","2":"type-product","3":"status-publish","4":"has-post-thumbnail","6":"product_cat-2062","7":"product_shipping_class-2063","8":"desktop-align-center","9":"tablet-align-center","10":"mobile-align-center","11":"ast-product-gallery-layout-horizontal","12":"ast-product-tabs-layout-horizontal","14":"first","15":"instock","16":"sale","17":"taxable","18":"shipping-taxable","19":"purchasable","20":"product-type-simple"},"acf":[],"yoast_head":"<!-- This site is optimized with the Yoast SEO plugin v27.5 - https:\/\/yoast.com\/product\/yoast-seo-wordpress\/ -->\n<title>Set od 6 profesionalnih velcro fudbalskih lopti | Dodo Inflatables<\/title>\n<meta name=\"description\" content=\"Set od 6 profesionalnih velcro fudbalskih lopti \u2013 pre\u010dnik 21 cm, odli\u010dno prianjanje, manje vlakana. Crvena, \u017euta, crna \u2013 idealno za igru fudbalskih strelica.\" \/>\n<meta name=\"robots\" content=\"index, follow, max-snippet:-1, max-image-preview:large, max-video-preview:-1\" \/>\n<link rel=\"canonical\" href=\"https:\/\/dodo-inflatables.com\/sr\/\u043f\u0440\u043e\u0438\u0437\u0432\u043e\u0434\/set-od-6-profesionalnih-velcro-fudbalskih-lopti\/\" \/>\n<meta name=\"twitter:label1\" content=\"\u041f\u0440\u043e\u0446\u0435\u045a\u0435\u043d\u043e \u0432\u0440\u0435\u043c\u0435 \u0447\u0438\u0442\u0430\u045a\u0430\" \/>\n\t<meta name=\"twitter:data1\" content=\"1 \u043c\u0438\u043d\u0443\u0442\" \/>\n<script type=\"application\/ld+json\" class=\"yoast-schema-graph\">{\"@context\":\"https:\\\/\\\/schema.org\",\"@graph\":[{\"@type\":\"WebPage\",\"@id\":\"https:\\\/\\\/dodo-inflatables.com\\\/sr\\\/\u043f\u0440\u043e\u0438\u0437\u0432\u043e\u0434\\\/set-od-6-profesionalnih-velcro-fudbalskih-lopti\\\/\",\"url\":\"https:\\\/\\\/dodo-inflatables.com\\\/sr\\\/\u043f\u0440\u043e\u0438\u0437\u0432\u043e\u0434\\\/set-od-6-profesionalnih-velcro-fudbalskih-lopti\\\/\",\"name\":\"Set od 6 profesionalnih velcro fudbalskih lopti | Dodo Inflatables\",\"isPartOf\":{\"@id\":\"https:\\\/\\\/dodo-inflatables.com\\\/sr\\\/#website\"},\"primaryImageOfPage\":{\"@id\":\"https:\\\/\\\/dodo-inflatables.com\\\/sr\\\/\u043f\u0440\u043e\u0438\u0437\u0432\u043e\u0434\\\/set-od-6-profesionalnih-velcro-fudbalskih-lopti\\\/#primaryimage\"},\"image\":{\"@id\":\"https:\\\/\\\/dodo-inflatables.com\\\/sr\\\/\u043f\u0440\u043e\u0438\u0437\u0432\u043e\u0434\\\/set-od-6-profesionalnih-velcro-fudbalskih-lopti\\\/#primaryimage\"},\"thumbnailUrl\":\"https:\\\/\\\/dodo-inflatables.com\\\/wp-content\\\/uploads\\\/2026\\\/04\\\/6er-set-klettbaelle-fussball-dart.jpg\",\"datePublished\":\"2026-04-04T11:54:46+00:00\",\"description\":\"Set od 6 profesionalnih velcro fudbalskih lopti \u2013 pre\u010dnik 21 cm, odli\u010dno prianjanje, manje vlakana. Crvena, \u017euta, crna \u2013 idealno za igru fudbalskih strelica.\",\"breadcrumb\":{\"@id\":\"https:\\\/\\\/dodo-inflatables.com\\\/sr\\\/\u043f\u0440\u043e\u0438\u0437\u0432\u043e\u0434\\\/set-od-6-profesionalnih-velcro-fudbalskih-lopti\\\/#breadcrumb\"},\"inLanguage\":\"sr-RS\",\"potentialAction\":[{\"@type\":\"ReadAction\",\"target\":[\"https:\\\/\\\/dodo-inflatables.com\\\/sr\\\/\u043f\u0440\u043e\u0438\u0437\u0432\u043e\u0434\\\/set-od-6-profesionalnih-velcro-fudbalskih-lopti\\\/\"]}]},{\"@type\":\"ImageObject\",\"inLanguage\":\"sr-RS\",\"@id\":\"https:\\\/\\\/dodo-inflatables.com\\\/sr\\\/\u043f\u0440\u043e\u0438\u0437\u0432\u043e\u0434\\\/set-od-6-profesionalnih-velcro-fudbalskih-lopti\\\/#primaryimage\",\"url\":\"https:\\\/\\\/dodo-inflatables.com\\\/wp-content\\\/uploads\\\/2026\\\/04\\\/6er-set-klettbaelle-fussball-dart.jpg\",\"contentUrl\":\"https:\\\/\\\/dodo-inflatables.com\\\/wp-content\\\/uploads\\\/2026\\\/04\\\/6er-set-klettbaelle-fussball-dart.jpg\",\"width\":1000,\"height\":1000,\"caption\":\"Set od 6 profesionalnih velcro fudbalskih lopti | Dodo Inflatables\"},{\"@type\":\"BreadcrumbList\",\"@id\":\"https:\\\/\\\/dodo-inflatables.com\\\/sr\\\/\u043f\u0440\u043e\u0438\u0437\u0432\u043e\u0434\\\/set-od-6-profesionalnih-velcro-fudbalskih-lopti\\\/#breadcrumb\",\"itemListElement\":[{\"@type\":\"ListItem\",\"position\":1,\"name\":\"\u041f\u043e\u0447\u0435\u0442\u043d\u0430\",\"item\":\"https:\\\/\\\/dodo-inflatables.com\\\/sr\\\/\"},{\"@type\":\"ListItem\",\"position\":2,\"name\":\"\u0421\u0445\u043e\u043f\",\"item\":\"https:\\\/\\\/dodo-inflatables.com\\\/sr\\\/%d1%81%d1%85%d0%be%d0%bf\\\/\"},{\"@type\":\"ListItem\",\"position\":3,\"name\":\"Set od 6 profesionalnih velcro fudbalskih lopti\"}]},{\"@type\":\"WebSite\",\"@id\":\"https:\\\/\\\/dodo-inflatables.com\\\/sr\\\/#website\",\"url\":\"https:\\\/\\\/dodo-inflatables.com\\\/sr\\\/\",\"name\":\"dodo-inflatables.com\",\"description\":\"\u041a\u0443\u043f\u0438\u0442\u0435 \u043d\u0430\u0441\u043a\u043e\u0447\u043d\u0435 \u0434\u0432\u043e\u0440\u0446\u0435 \u0438 \u0430\u0442\u0440\u0430\u043a\u0446\u0438\u0458\u0435 \u0443 \u043d\u0430\u0448\u043e\u0458 \u043f\u0440\u043e\u0434\u0430\u0432\u043d\u0438\u0446\u0438.\",\"potentialAction\":[{\"@type\":\"SearchAction\",\"target\":{\"@type\":\"EntryPoint\",\"urlTemplate\":\"https:\\\/\\\/dodo-inflatables.com\\\/sr\\\/?s={search_term_string}\"},\"query-input\":{\"@type\":\"PropertyValueSpecification\",\"valueRequired\":true,\"valueName\":\"search_term_string\"}}],\"inLanguage\":\"sr-RS\"}]}<\/script>\n<!-- \/ Yoast SEO plugin. -->","yoast_head_json":{"title":"Set od 6 profesionalnih velcro fudbalskih lopti | Dodo Inflatables","description":"Set od 6 profesionalnih velcro fudbalskih lopti \u2013 pre\u010dnik 21 cm, odli\u010dno prianjanje, manje vlakana. Crvena, \u017euta, crna \u2013 idealno za igru fudbalskih strelica.","robots":{"index":"index","follow":"follow","max-snippet":"max-snippet:-1","max-image-preview":"max-image-preview:large","max-video-preview":"max-video-preview:-1"},"canonical":"https:\/\/dodo-inflatables.com\/sr\/\u043f\u0440\u043e\u0438\u0437\u0432\u043e\u0434\/set-od-6-profesionalnih-velcro-fudbalskih-lopti\/","twitter_misc":{"\u041f\u0440\u043e\u0446\u0435\u045a\u0435\u043d\u043e \u0432\u0440\u0435\u043c\u0435 \u0447\u0438\u0442\u0430\u045a\u0430":"1 \u043c\u0438\u043d\u0443\u0442"},"schema":{"@context":"https:\/\/schema.org","@graph":[{"@type":"WebPage","@id":"https:\/\/dodo-inflatables.com\/sr\/\u043f\u0440\u043e\u0438\u0437\u0432\u043e\u0434\/set-od-6-profesionalnih-velcro-fudbalskih-lopti\/","url":"https:\/\/dodo-inflatables.com\/sr\/\u043f\u0440\u043e\u0438\u0437\u0432\u043e\u0434\/set-od-6-profesionalnih-velcro-fudbalskih-lopti\/","name":"Set od 6 profesionalnih velcro fudbalskih lopti | Dodo Inflatables","isPartOf":{"@id":"https:\/\/dodo-inflatables.com\/sr\/#website"},"primaryImageOfPage":{"@id":"https:\/\/dodo-inflatables.com\/sr\/\u043f\u0440\u043e\u0438\u0437\u0432\u043e\u0434\/set-od-6-profesionalnih-velcro-fudbalskih-lopti\/#primaryimage"},"image":{"@id":"https:\/\/dodo-inflatables.com\/sr\/\u043f\u0440\u043e\u0438\u0437\u0432\u043e\u0434\/set-od-6-profesionalnih-velcro-fudbalskih-lopti\/#primaryimage"},"thumbnailUrl":"https:\/\/dodo-inflatables.com\/wp-content\/uploads\/2026\/04\/6er-set-klettbaelle-fussball-dart.jpg","datePublished":"2026-04-04T11:54:46+00:00","description":"Set od 6 profesionalnih velcro fudbalskih lopti \u2013 pre\u010dnik 21 cm, odli\u010dno prianjanje, manje vlakana. Crvena, \u017euta, crna \u2013 idealno za igru fudbalskih strelica.","breadcrumb":{"@id":"https:\/\/dodo-inflatables.com\/sr\/\u043f\u0440\u043e\u0438\u0437\u0432\u043e\u0434\/set-od-6-profesionalnih-velcro-fudbalskih-lopti\/#breadcrumb"},"inLanguage":"sr-RS","potentialAction":[{"@type":"ReadAction","target":["https:\/\/dodo-inflatables.com\/sr\/\u043f\u0440\u043e\u0438\u0437\u0432\u043e\u0434\/set-od-6-profesionalnih-velcro-fudbalskih-lopti\/"]}]},{"@type":"ImageObject","inLanguage":"sr-RS","@id":"https:\/\/dodo-inflatables.com\/sr\/\u043f\u0440\u043e\u0438\u0437\u0432\u043e\u0434\/set-od-6-profesionalnih-velcro-fudbalskih-lopti\/#primaryimage","url":"https:\/\/dodo-inflatables.com\/wp-content\/uploads\/2026\/04\/6er-set-klettbaelle-fussball-dart.jpg","contentUrl":"https:\/\/dodo-inflatables.com\/wp-content\/uploads\/2026\/04\/6er-set-klettbaelle-fussball-dart.jpg","width":1000,"height":1000,"caption":"Set od 6 profesionalnih velcro fudbalskih lopti | Dodo Inflatables"},{"@type":"BreadcrumbList","@id":"https:\/\/dodo-inflatables.com\/sr\/\u043f\u0440\u043e\u0438\u0437\u0432\u043e\u0434\/set-od-6-profesionalnih-velcro-fudbalskih-lopti\/#breadcrumb","itemListElement":[{"@type":"ListItem","position":1,"name":"\u041f\u043e\u0447\u0435\u0442\u043d\u0430","item":"https:\/\/dodo-inflatables.com\/sr\/"},{"@type":"ListItem","position":2,"name":"\u0421\u0445\u043e\u043f","item":"https:\/\/dodo-inflatables.com\/sr\/%d1%81%d1%85%d0%be%d0%bf\/"},{"@type":"ListItem","position":3,"name":"Set od 6 profesionalnih velcro fudbalskih lopti"}]},{"@type":"WebSite","@id":"https:\/\/dodo-inflatables.com\/sr\/#website","url":"https:\/\/dodo-inflatables.com\/sr\/","name":"dodo-inflatables.com","description":"\u041a\u0443\u043f\u0438\u0442\u0435 \u043d\u0430\u0441\u043a\u043e\u0447\u043d\u0435 \u0434\u0432\u043e\u0440\u0446\u0435 \u0438 \u0430\u0442\u0440\u0430\u043a\u0446\u0438\u0458\u0435 \u0443 \u043d\u0430\u0448\u043e\u0458 \u043f\u0440\u043e\u0434\u0430\u0432\u043d\u0438\u0446\u0438.","potentialAction":[{"@type":"SearchAction","target":{"@type":"EntryPoint","urlTemplate":"https:\/\/dodo-inflatables.com\/sr\/?s={search_term_string}"},"query-input":{"@type":"PropertyValueSpecification","valueRequired":true,"valueName":"search_term_string"}}],"inLanguage":"sr-RS"}]}},"uagb_featured_image_src":{"full":["https:\/\/dodo-inflatables.com\/wp-content\/uploads\/2026\/04\/6er-set-klettbaelle-fussball-dart.jpg",1000,1000,false],"thumbnail":["https:\/\/dodo-inflatables.com\/wp-content\/uploads\/2026\/04\/6er-set-klettbaelle-fussball-dart-150x150.jpg",150,150,true],"medium":["https:\/\/dodo-inflatables.com\/wp-content\/uploads\/2026\/04\/6er-set-klettbaelle-fussball-dart-300x300.jpg",300,300,true],"medium_large":["https:\/\/dodo-inflatables.com\/wp-content\/uploads\/2026\/04\/6er-set-klettbaelle-fussball-dart-768x768.jpg",768,768,true],"large":["https:\/\/dodo-inflatables.com\/wp-content\/uploads\/2026\/04\/6er-set-klettbaelle-fussball-dart.jpg",1000,1000,false],"1536x1536":["https:\/\/dodo-inflatables.com\/wp-content\/uploads\/2026\/04\/6er-set-klettbaelle-fussball-dart.jpg",1000,1000,false],"2048x2048":["https:\/\/dodo-inflatables.com\/wp-content\/uploads\/2026\/04\/6er-set-klettbaelle-fussball-dart.jpg",1000,1000,false],"woocommerce_thumbnail":["https:\/\/dodo-inflatables.com\/wp-content\/uploads\/2026\/04\/6er-set-klettbaelle-fussball-dart-900x900.jpg",900,900,true],"woocommerce_single":["https:\/\/dodo-inflatables.com\/wp-content\/uploads\/2026\/04\/6er-set-klettbaelle-fussball-dart-900x900.jpg",900,900,true],"woocommerce_gallery_thumbnail":["https:\/\/dodo-inflatables.com\/wp-content\/uploads\/2026\/04\/6er-set-klettbaelle-fussball-dart-100x100.jpg",100,100,true]},"uagb_author_info":{"display_name":"Andreas","author_link":"https:\/\/dodo-inflatables.com\/sr\/author\/"},"uagb_comment_info":0,"uagb_excerpt":"\u26bd Set od 6 profesionalnih velcro fudbalskih lopti \u26bd Pre\u010dnik: 21 cm \u26bd Boje: crvena, \u017euta, crna (boje se biraju nasumi\u010dno)","_links":{"self":[{"href":"https:\/\/dodo-inflatables.com\/sr\/wp-json\/wp\/v2\/product\/105734","targetHints":{"allow":["GET"]}}],"collection":[{"href":"https:\/\/dodo-inflatables.com\/sr\/wp-json\/wp\/v2\/product"}],"about":[{"href":"https:\/\/dodo-inflatables.com\/sr\/wp-json\/wp\/v2\/types\/product"}],"replies":[{"embeddable":true,"href":"https:\/\/dodo-inflatables.com\/sr\/wp-json\/wp\/v2\/comments?post=105734"}],"wp:featuredmedia":[{"embeddable":true,"href":"https:\/\/dodo-inflatables.com\/sr\/wp-json\/wp\/v2\/media\/105733"}],"wp:attachment":[{"href":"https:\/\/dodo-inflatables.com\/sr\/wp-json\/wp\/v2\/media?parent=105734"}],"wp:term":[{"taxonomy":"product_brand","embeddable":true,"href":"https:\/\/dodo-inflatables.com\/sr\/wp-json\/wp\/v2\/product_brand?post=105734"},{"taxonomy":"product_cat","embeddable":true,"href":"https:\/\/dodo-inflatables.com\/sr\/wp-json\/wp\/v2\/product_cat?post=105734"},{"taxonomy":"product_tag","embeddable":true,"href":"https:\/\/dodo-inflatables.com\/sr\/wp-json\/wp\/v2\/product_tag?post=105734"}],"curies":[{"name":"wp","href":"https:\/\/api.w.org\/{rel}","templated":true}]}}