{"id":105768,"date":"2026-04-04T13:54:46","date_gmt":"2026-04-04T11:54:46","guid":{"rendered":"https:\/\/dodo-inflatables.com\/dodo-relaunch?product=16-pack-huawei-reh-1-5e-duvaci-za-dvorce-na-naduvavanje"},"modified":"2026-04-04T13:54:46","modified_gmt":"2026-04-04T11:54:46","slug":"16-pack-huawei-reh-1-5e-duvaci-za-dvorce-na-naduvavanje","status":"publish","type":"product","link":"https:\/\/dodo-inflatables.com\/sr\/\u043f\u0440\u043e\u0438\u0437\u0432\u043e\u0434\/16-pack-huawei-reh-1-5e-duvaci-za-dvorce-na-naduvavanje\/","title":{"rendered":"16-Pack Huawei REH-1.5E duva\u010di za dvorce na naduvavanje"},"content":{"rendered":"<h2>16-Pack Huawei REH-1.5E duva\u010di za dvorce na naduvavanje \u2013 Sada dostupno kao vrednosni paket!<\/h2>\n<p>Za iznajmljiva\u010dke firme, organizatore doga\u0111aja ili korisnike sa ve\u0107om flotom dvoraca na naduvavanje, na\u0161 16-Pack Huawei REH-1.5E duva\u010da je savr\u0161en izbor. Osigurajte sebi punu paletu sa 16 duva\u010da i efikasno opremite svoju zalihu ovim prakti\u010dnim paketom.<br \/>\n<strong>Za\u0161to odabrati ovaj set?<\/strong><br \/>\n\u2705 <em>Sna\u017ean protok vazduha<\/em> \u2013 Huawei duva\u010di od 1,5 HP obezbe\u0111uju brzo naduvavanje i stabilan pritisak vazduha, tako da su va\u0161i dvorci na naduvavanje uvek spremni za upotrebu.<br \/>\n\u2705 <em>Idealno za ve\u0107e zalihe<\/em> \u2013 Prakti\u010dno re\u0161enje za firme i operatere kojima je potrebno vi\u0161e duva\u010da za redovnu upotrebu.<br \/>\n\u2705 <em>Pro\u0161irivo za jo\u0161 ve\u0107u efikasnost<\/em> \u2013 Duva\u010di su kompatibilni sa:<br \/>\n&#8211; Deflatorima i dvostrukim deflatorima za br\u017ee uklanjanje vazduha tokom pakiranja.<br \/>\n&#8211; Nastavcima za grejanje za su\u0161enje mokrih dvoraca na naduvavanje toplim vazduhom (oba dodatka prodaju se zasebno).<br \/>\n<strong>Detalji proizvoda (po duva\u010du):<\/strong><br \/>\n&#8211; Materijal: ku\u0107i\u0161te od visokokvalitetne plastike<br \/>\n&#8211; Snaga: 1,35 kW (izlaz), 1,8 kW (ulaz), 1,5 HP<br \/>\n&#8211; Priklju\u010dak: Schuko utika\u010d<br \/>\n&#8211; Pre\u010dnik levka: 14,5 cm<br \/>\n&#8211; Dimenzije: 49 x 38,5 x 49,5 cm<br \/>\n&#8211; Te\u017eina: 16,8 kg<br \/>\n&#8211; Nivo buke: 85 dB<br \/>\n&#8211; WEEE registracioni br.: DE 82972723<br \/>\nIskoristite ovaj prakti\u010dni paket za efikasno pro\u0161irenje svojih zaliha. Naru\u010dite svoju paletu sa 16 Huawei duva\u010da sada!<\/p>\n","protected":false},"excerpt":{"rendered":"<p><strong>Detalji proizvoda (po duva\u010du):<\/strong><br \/>\n&#8211; Materijal: ku\u0107i\u0161te od visokokvalitetne plastike<br \/>\n&#8211; Snaga: 1,35 kW (izlaz), 1,8 kW (ulaz), 1,5 HP<br \/>\n&#8211; Priklju\u010dak: Schuko utika\u010d<br \/>\n&#8211; Pre\u010dnik levka: 14,5 cm<br \/>\n&#8211; Dimenzije: 49 x 38,5 x 49,5 cm<br \/>\n&#8211; Te\u017eina: 16,8 kg<br \/>\n&#8211; Nivo buke: 85 dB<br \/>\n&#8211; WEEE registracioni br.: DE 82972723<\/p>\n","protected":false},"featured_media":105767,"comment_status":"open","ping_status":"closed","template":"","meta":{"_acf_changed":false,"_uag_custom_page_level_css":"","site-sidebar-layout":"default","site-content-layout":"boxed-container","ast-site-content-layout":"normal-width-container","site-content-style":"boxed","site-sidebar-style":"default","ast-global-header-display":"","ast-banner-title-visibility":"","ast-main-header-display":"","ast-hfb-above-header-display":"","ast-hfb-below-header-display":"","ast-hfb-mobile-header-display":"","site-post-title":"disabled","ast-breadcrumbs-content":"","ast-featured-img":"","footer-sml-layout":"","ast-disable-related-posts":"","theme-transparent-header-meta":"default","adv-header-id-meta":"","stick-header-meta":"default","header-above-stick-meta":"","header-main-stick-meta":"","header-below-stick-meta":"","astra-migrate-meta-layouts":"default","ast-page-background-enabled":"default","ast-page-background-meta":{"desktop":{"background-color":"var(--ast-global-color-4)","background-image":"","background-repeat":"repeat","background-position":"center center","background-size":"auto","background-attachment":"scroll","background-type":"","background-media":"","overlay-type":"","overlay-color":"","overlay-opacity":"","overlay-gradient":""},"tablet":{"background-color":"","background-image":"","background-repeat":"repeat","background-position":"center center","background-size":"auto","background-attachment":"scroll","background-type":"","background-media":"","overlay-type":"","overlay-color":"","overlay-opacity":"","overlay-gradient":""},"mobile":{"background-color":"","background-image":"","background-repeat":"repeat","background-position":"center center","background-size":"auto","background-attachment":"scroll","background-type":"","background-media":"","overlay-type":"","overlay-color":"","overlay-opacity":"","overlay-gradient":""}},"ast-content-background-meta":{"desktop":{"background-color":"var(--ast-global-color-5)","background-image":"","background-repeat":"repeat","background-position":"center center","background-size":"auto","background-attachment":"scroll","background-type":"","background-media":"","overlay-type":"","overlay-color":"","overlay-opacity":"","overlay-gradient":""},"tablet":{"background-color":"var(--ast-global-color-5)","background-image":"","background-repeat":"repeat","background-position":"center center","background-size":"auto","background-attachment":"scroll","background-type":"","background-media":"","overlay-type":"","overlay-color":"","overlay-opacity":"","overlay-gradient":""},"mobile":{"background-color":"var(--ast-global-color-5)","background-image":"","background-repeat":"repeat","background-position":"center center","background-size":"auto","background-attachment":"scroll","background-type":"","background-media":"","overlay-type":"","overlay-color":"","overlay-opacity":"","overlay-gradient":""}}},"product_brand":[],"product_cat":[2062],"product_tag":[],"class_list":{"0":"post-105768","1":"product","2":"type-product","3":"status-publish","4":"has-post-thumbnail","6":"product_cat-2062","7":"product_shipping_class-1969","8":"desktop-align-center","9":"tablet-align-center","10":"mobile-align-center","11":"ast-product-gallery-layout-horizontal","12":"ast-product-tabs-layout-horizontal","14":"first","15":"instock","16":"sale","17":"taxable","18":"shipping-taxable","19":"purchasable","20":"product-type-simple"},"acf":[],"yoast_head":"<!-- This site is optimized with the Yoast SEO plugin v27.5 - https:\/\/yoast.com\/product\/yoast-seo-wordpress\/ -->\n<title>16-Pack Huawei REH-1.5E duva\u010di za dvorce na naduvavanje | Dodo Inflatables<\/title>\n<meta name=\"description\" content=\"16-Pack Huawei REH-1.5E duva\u010di za dvorce na naduvavanje \u2013 1,5 HP, 85 dB, pre\u010dnik levka 14,5 cm. Idealni vrednosni paket za iznajmljiva\u010dke firme sa ve\u0107om flotom dvoraca na naduvavanje.\" \/>\n<meta name=\"robots\" content=\"index, follow, max-snippet:-1, max-image-preview:large, max-video-preview:-1\" \/>\n<link rel=\"canonical\" href=\"https:\/\/dodo-inflatables.com\/sr\/\u043f\u0440\u043e\u0438\u0437\u0432\u043e\u0434\/16-pack-huawei-reh-1-5e-duvaci-za-dvorce-na-naduvavanje\/\" \/>\n<meta name=\"twitter:label1\" content=\"\u041f\u0440\u043e\u0446\u0435\u045a\u0435\u043d\u043e \u0432\u0440\u0435\u043c\u0435 \u0447\u0438\u0442\u0430\u045a\u0430\" \/>\n\t<meta name=\"twitter:data1\" content=\"1 \u043c\u0438\u043d\u0443\u0442\" \/>\n<script type=\"application\/ld+json\" class=\"yoast-schema-graph\">{\"@context\":\"https:\\\/\\\/schema.org\",\"@graph\":[{\"@type\":\"WebPage\",\"@id\":\"https:\\\/\\\/dodo-inflatables.com\\\/sr\\\/\u043f\u0440\u043e\u0438\u0437\u0432\u043e\u0434\\\/16-pack-huawei-reh-1-5e-duvaci-za-dvorce-na-naduvavanje\\\/\",\"url\":\"https:\\\/\\\/dodo-inflatables.com\\\/sr\\\/\u043f\u0440\u043e\u0438\u0437\u0432\u043e\u0434\\\/16-pack-huawei-reh-1-5e-duvaci-za-dvorce-na-naduvavanje\\\/\",\"name\":\"16-Pack Huawei REH-1.5E duva\u010di za dvorce na naduvavanje | Dodo Inflatables\",\"isPartOf\":{\"@id\":\"https:\\\/\\\/dodo-inflatables.com\\\/sr\\\/#website\"},\"primaryImageOfPage\":{\"@id\":\"https:\\\/\\\/dodo-inflatables.com\\\/sr\\\/\u043f\u0440\u043e\u0438\u0437\u0432\u043e\u0434\\\/16-pack-huawei-reh-1-5e-duvaci-za-dvorce-na-naduvavanje\\\/#primaryimage\"},\"image\":{\"@id\":\"https:\\\/\\\/dodo-inflatables.com\\\/sr\\\/\u043f\u0440\u043e\u0438\u0437\u0432\u043e\u0434\\\/16-pack-huawei-reh-1-5e-duvaci-za-dvorce-na-naduvavanje\\\/#primaryimage\"},\"thumbnailUrl\":\"https:\\\/\\\/dodo-inflatables.com\\\/wp-content\\\/uploads\\\/2026\\\/04\\\/huawei-huepfburg-geblaese-kaufen.jpg\",\"datePublished\":\"2026-04-04T11:54:46+00:00\",\"description\":\"16-Pack Huawei REH-1.5E duva\u010di za dvorce na naduvavanje \u2013 1,5 HP, 85 dB, pre\u010dnik levka 14,5 cm. Idealni vrednosni paket za iznajmljiva\u010dke firme sa ve\u0107om flotom dvoraca na naduvavanje.\",\"breadcrumb\":{\"@id\":\"https:\\\/\\\/dodo-inflatables.com\\\/sr\\\/\u043f\u0440\u043e\u0438\u0437\u0432\u043e\u0434\\\/16-pack-huawei-reh-1-5e-duvaci-za-dvorce-na-naduvavanje\\\/#breadcrumb\"},\"inLanguage\":\"sr-RS\",\"potentialAction\":[{\"@type\":\"ReadAction\",\"target\":[\"https:\\\/\\\/dodo-inflatables.com\\\/sr\\\/\u043f\u0440\u043e\u0438\u0437\u0432\u043e\u0434\\\/16-pack-huawei-reh-1-5e-duvaci-za-dvorce-na-naduvavanje\\\/\"]}]},{\"@type\":\"ImageObject\",\"inLanguage\":\"sr-RS\",\"@id\":\"https:\\\/\\\/dodo-inflatables.com\\\/sr\\\/\u043f\u0440\u043e\u0438\u0437\u0432\u043e\u0434\\\/16-pack-huawei-reh-1-5e-duvaci-za-dvorce-na-naduvavanje\\\/#primaryimage\",\"url\":\"https:\\\/\\\/dodo-inflatables.com\\\/wp-content\\\/uploads\\\/2026\\\/04\\\/huawei-huepfburg-geblaese-kaufen.jpg\",\"contentUrl\":\"https:\\\/\\\/dodo-inflatables.com\\\/wp-content\\\/uploads\\\/2026\\\/04\\\/huawei-huepfburg-geblaese-kaufen.jpg\",\"width\":1000,\"height\":1000,\"caption\":\"16-Pack Huawei REH-1.5E duva\u010di za dvorce na naduvavanje | Dodo Inflatables\"},{\"@type\":\"BreadcrumbList\",\"@id\":\"https:\\\/\\\/dodo-inflatables.com\\\/sr\\\/\u043f\u0440\u043e\u0438\u0437\u0432\u043e\u0434\\\/16-pack-huawei-reh-1-5e-duvaci-za-dvorce-na-naduvavanje\\\/#breadcrumb\",\"itemListElement\":[{\"@type\":\"ListItem\",\"position\":1,\"name\":\"\u041f\u043e\u0447\u0435\u0442\u043d\u0430\",\"item\":\"https:\\\/\\\/dodo-inflatables.com\\\/sr\\\/\"},{\"@type\":\"ListItem\",\"position\":2,\"name\":\"\u0421\u0445\u043e\u043f\",\"item\":\"https:\\\/\\\/dodo-inflatables.com\\\/sr\\\/%d1%81%d1%85%d0%be%d0%bf\\\/\"},{\"@type\":\"ListItem\",\"position\":3,\"name\":\"16-Pack Huawei REH-1.5E duva\u010di za dvorce na naduvavanje\"}]},{\"@type\":\"WebSite\",\"@id\":\"https:\\\/\\\/dodo-inflatables.com\\\/sr\\\/#website\",\"url\":\"https:\\\/\\\/dodo-inflatables.com\\\/sr\\\/\",\"name\":\"dodo-inflatables.com\",\"description\":\"\u041a\u0443\u043f\u0438\u0442\u0435 \u043d\u0430\u0441\u043a\u043e\u0447\u043d\u0435 \u0434\u0432\u043e\u0440\u0446\u0435 \u0438 \u0430\u0442\u0440\u0430\u043a\u0446\u0438\u0458\u0435 \u0443 \u043d\u0430\u0448\u043e\u0458 \u043f\u0440\u043e\u0434\u0430\u0432\u043d\u0438\u0446\u0438.\",\"potentialAction\":[{\"@type\":\"SearchAction\",\"target\":{\"@type\":\"EntryPoint\",\"urlTemplate\":\"https:\\\/\\\/dodo-inflatables.com\\\/sr\\\/?s={search_term_string}\"},\"query-input\":{\"@type\":\"PropertyValueSpecification\",\"valueRequired\":true,\"valueName\":\"search_term_string\"}}],\"inLanguage\":\"sr-RS\"}]}<\/script>\n<!-- \/ Yoast SEO plugin. -->","yoast_head_json":{"title":"16-Pack Huawei REH-1.5E duva\u010di za dvorce na naduvavanje | Dodo Inflatables","description":"16-Pack Huawei REH-1.5E duva\u010di za dvorce na naduvavanje \u2013 1,5 HP, 85 dB, pre\u010dnik levka 14,5 cm. Idealni vrednosni paket za iznajmljiva\u010dke firme sa ve\u0107om flotom dvoraca na naduvavanje.","robots":{"index":"index","follow":"follow","max-snippet":"max-snippet:-1","max-image-preview":"max-image-preview:large","max-video-preview":"max-video-preview:-1"},"canonical":"https:\/\/dodo-inflatables.com\/sr\/\u043f\u0440\u043e\u0438\u0437\u0432\u043e\u0434\/16-pack-huawei-reh-1-5e-duvaci-za-dvorce-na-naduvavanje\/","twitter_misc":{"\u041f\u0440\u043e\u0446\u0435\u045a\u0435\u043d\u043e \u0432\u0440\u0435\u043c\u0435 \u0447\u0438\u0442\u0430\u045a\u0430":"1 \u043c\u0438\u043d\u0443\u0442"},"schema":{"@context":"https:\/\/schema.org","@graph":[{"@type":"WebPage","@id":"https:\/\/dodo-inflatables.com\/sr\/\u043f\u0440\u043e\u0438\u0437\u0432\u043e\u0434\/16-pack-huawei-reh-1-5e-duvaci-za-dvorce-na-naduvavanje\/","url":"https:\/\/dodo-inflatables.com\/sr\/\u043f\u0440\u043e\u0438\u0437\u0432\u043e\u0434\/16-pack-huawei-reh-1-5e-duvaci-za-dvorce-na-naduvavanje\/","name":"16-Pack Huawei REH-1.5E duva\u010di za dvorce na naduvavanje | Dodo Inflatables","isPartOf":{"@id":"https:\/\/dodo-inflatables.com\/sr\/#website"},"primaryImageOfPage":{"@id":"https:\/\/dodo-inflatables.com\/sr\/\u043f\u0440\u043e\u0438\u0437\u0432\u043e\u0434\/16-pack-huawei-reh-1-5e-duvaci-za-dvorce-na-naduvavanje\/#primaryimage"},"image":{"@id":"https:\/\/dodo-inflatables.com\/sr\/\u043f\u0440\u043e\u0438\u0437\u0432\u043e\u0434\/16-pack-huawei-reh-1-5e-duvaci-za-dvorce-na-naduvavanje\/#primaryimage"},"thumbnailUrl":"https:\/\/dodo-inflatables.com\/wp-content\/uploads\/2026\/04\/huawei-huepfburg-geblaese-kaufen.jpg","datePublished":"2026-04-04T11:54:46+00:00","description":"16-Pack Huawei REH-1.5E duva\u010di za dvorce na naduvavanje \u2013 1,5 HP, 85 dB, pre\u010dnik levka 14,5 cm. Idealni vrednosni paket za iznajmljiva\u010dke firme sa ve\u0107om flotom dvoraca na naduvavanje.","breadcrumb":{"@id":"https:\/\/dodo-inflatables.com\/sr\/\u043f\u0440\u043e\u0438\u0437\u0432\u043e\u0434\/16-pack-huawei-reh-1-5e-duvaci-za-dvorce-na-naduvavanje\/#breadcrumb"},"inLanguage":"sr-RS","potentialAction":[{"@type":"ReadAction","target":["https:\/\/dodo-inflatables.com\/sr\/\u043f\u0440\u043e\u0438\u0437\u0432\u043e\u0434\/16-pack-huawei-reh-1-5e-duvaci-za-dvorce-na-naduvavanje\/"]}]},{"@type":"ImageObject","inLanguage":"sr-RS","@id":"https:\/\/dodo-inflatables.com\/sr\/\u043f\u0440\u043e\u0438\u0437\u0432\u043e\u0434\/16-pack-huawei-reh-1-5e-duvaci-za-dvorce-na-naduvavanje\/#primaryimage","url":"https:\/\/dodo-inflatables.com\/wp-content\/uploads\/2026\/04\/huawei-huepfburg-geblaese-kaufen.jpg","contentUrl":"https:\/\/dodo-inflatables.com\/wp-content\/uploads\/2026\/04\/huawei-huepfburg-geblaese-kaufen.jpg","width":1000,"height":1000,"caption":"16-Pack Huawei REH-1.5E duva\u010di za dvorce na naduvavanje | Dodo Inflatables"},{"@type":"BreadcrumbList","@id":"https:\/\/dodo-inflatables.com\/sr\/\u043f\u0440\u043e\u0438\u0437\u0432\u043e\u0434\/16-pack-huawei-reh-1-5e-duvaci-za-dvorce-na-naduvavanje\/#breadcrumb","itemListElement":[{"@type":"ListItem","position":1,"name":"\u041f\u043e\u0447\u0435\u0442\u043d\u0430","item":"https:\/\/dodo-inflatables.com\/sr\/"},{"@type":"ListItem","position":2,"name":"\u0421\u0445\u043e\u043f","item":"https:\/\/dodo-inflatables.com\/sr\/%d1%81%d1%85%d0%be%d0%bf\/"},{"@type":"ListItem","position":3,"name":"16-Pack Huawei REH-1.5E duva\u010di za dvorce na naduvavanje"}]},{"@type":"WebSite","@id":"https:\/\/dodo-inflatables.com\/sr\/#website","url":"https:\/\/dodo-inflatables.com\/sr\/","name":"dodo-inflatables.com","description":"\u041a\u0443\u043f\u0438\u0442\u0435 \u043d\u0430\u0441\u043a\u043e\u0447\u043d\u0435 \u0434\u0432\u043e\u0440\u0446\u0435 \u0438 \u0430\u0442\u0440\u0430\u043a\u0446\u0438\u0458\u0435 \u0443 \u043d\u0430\u0448\u043e\u0458 \u043f\u0440\u043e\u0434\u0430\u0432\u043d\u0438\u0446\u0438.","potentialAction":[{"@type":"SearchAction","target":{"@type":"EntryPoint","urlTemplate":"https:\/\/dodo-inflatables.com\/sr\/?s={search_term_string}"},"query-input":{"@type":"PropertyValueSpecification","valueRequired":true,"valueName":"search_term_string"}}],"inLanguage":"sr-RS"}]}},"uagb_featured_image_src":{"full":["https:\/\/dodo-inflatables.com\/wp-content\/uploads\/2026\/04\/huawei-huepfburg-geblaese-kaufen.jpg",1000,1000,false],"thumbnail":["https:\/\/dodo-inflatables.com\/wp-content\/uploads\/2026\/04\/huawei-huepfburg-geblaese-kaufen-150x150.jpg",150,150,true],"medium":["https:\/\/dodo-inflatables.com\/wp-content\/uploads\/2026\/04\/huawei-huepfburg-geblaese-kaufen-300x300.jpg",300,300,true],"medium_large":["https:\/\/dodo-inflatables.com\/wp-content\/uploads\/2026\/04\/huawei-huepfburg-geblaese-kaufen-768x768.jpg",768,768,true],"large":["https:\/\/dodo-inflatables.com\/wp-content\/uploads\/2026\/04\/huawei-huepfburg-geblaese-kaufen.jpg",1000,1000,false],"1536x1536":["https:\/\/dodo-inflatables.com\/wp-content\/uploads\/2026\/04\/huawei-huepfburg-geblaese-kaufen.jpg",1000,1000,false],"2048x2048":["https:\/\/dodo-inflatables.com\/wp-content\/uploads\/2026\/04\/huawei-huepfburg-geblaese-kaufen.jpg",1000,1000,false],"woocommerce_thumbnail":["https:\/\/dodo-inflatables.com\/wp-content\/uploads\/2026\/04\/huawei-huepfburg-geblaese-kaufen-900x900.jpg",900,900,true],"woocommerce_single":["https:\/\/dodo-inflatables.com\/wp-content\/uploads\/2026\/04\/huawei-huepfburg-geblaese-kaufen-900x900.jpg",900,900,true],"woocommerce_gallery_thumbnail":["https:\/\/dodo-inflatables.com\/wp-content\/uploads\/2026\/04\/huawei-huepfburg-geblaese-kaufen-100x100.jpg",100,100,true]},"uagb_author_info":{"display_name":"Andreas","author_link":"https:\/\/dodo-inflatables.com\/sr\/author\/"},"uagb_comment_info":0,"uagb_excerpt":"Detalji proizvoda (po duva\u010du): - Materijal: ku\u0107i\u0161te od visokokvalitetne plastike - Snaga: 1,35 kW (izlaz), 1,8 kW (ulaz), 1,5 HP - Priklju\u010dak: Schuko utika\u010d - Pre\u010dnik levka: 14,5 cm - Dimenzije: 49 x 38,5 x 49,5 cm - Te\u017eina: 16,8 kg - Nivo buke: 85 dB - WEEE registracioni br.: DE 82972723","_links":{"self":[{"href":"https:\/\/dodo-inflatables.com\/sr\/wp-json\/wp\/v2\/product\/105768","targetHints":{"allow":["GET"]}}],"collection":[{"href":"https:\/\/dodo-inflatables.com\/sr\/wp-json\/wp\/v2\/product"}],"about":[{"href":"https:\/\/dodo-inflatables.com\/sr\/wp-json\/wp\/v2\/types\/product"}],"replies":[{"embeddable":true,"href":"https:\/\/dodo-inflatables.com\/sr\/wp-json\/wp\/v2\/comments?post=105768"}],"wp:featuredmedia":[{"embeddable":true,"href":"https:\/\/dodo-inflatables.com\/sr\/wp-json\/wp\/v2\/media\/105767"}],"wp:attachment":[{"href":"https:\/\/dodo-inflatables.com\/sr\/wp-json\/wp\/v2\/media?parent=105768"}],"wp:term":[{"taxonomy":"product_brand","embeddable":true,"href":"https:\/\/dodo-inflatables.com\/sr\/wp-json\/wp\/v2\/product_brand?post=105768"},{"taxonomy":"product_cat","embeddable":true,"href":"https:\/\/dodo-inflatables.com\/sr\/wp-json\/wp\/v2\/product_cat?post=105768"},{"taxonomy":"product_tag","embeddable":true,"href":"https:\/\/dodo-inflatables.com\/sr\/wp-json\/wp\/v2\/product_tag?post=105768"}],"curies":[{"name":"wp","href":"https:\/\/api.w.org\/{rel}","templated":true}]}}