{"id":105856,"date":"2026-04-04T13:54:45","date_gmt":"2026-04-04T11:54:45","guid":{"rendered":"https:\/\/dodo-inflatables.com\/dodo-relaunch?product=starter-set-veliki-huawei-2-hp"},"modified":"2026-04-04T13:54:45","modified_gmt":"2026-04-04T11:54:45","slug":"starter-set-veliki-huawei-2-hp","status":"publish","type":"product","link":"https:\/\/dodo-inflatables.com\/sr\/\u043f\u0440\u043e\u0438\u0437\u0432\u043e\u0434\/starter-set-veliki-huawei-2-hp\/","title":{"rendered":"Starter Set veliki &#8211; Huawei 2 HP"},"content":{"rendered":"<h2>Starter Set veliki &#8211; Huawei \u2013 Sve \u0161to vam je potrebno za savr\u0161eni po\u010detak sa dvorcem na naduvavanje!<\/h2>\n<p>&nbsp;<br \/>\nKupili ste dvorac na naduvavanje i \u017eelite odmah da po\u010dnete? Tada je na\u0161 Starter Set veliki &#8211; Huawei ta\u010dno ono \u0161to vam treba! Uklju\u010duje sve bitne dodatke potrebne za bezbedno i nesmetano kori\u0161\u0107enje va\u0161eg dvorca na naduvavanje \u2013 a kao dodatni bonus, dvostruki deflator je uklju\u010den besplatno!<br \/>\n<em><strong>Ovaj set uklju\u010duje:<\/strong><\/em><br \/>\n\u2705 <strong>Huawei duva\u010d (2 HP) &#8211; <\/strong><br \/>\nSna\u017ean i pouzdan duva\u010d je srce svakog dvorca na naduvavanje. Huawei duva\u010d od 2 HP obezbe\u0111uje brzo i ravnomerno naduvavanje, tako da je va\u0161 dvorac na naduvavanje spreman za upotrebu u tren oka. Radi efikasno, napravljen je da traje i savr\u0161eno odgovara zahtevima dvoraca na naduvavanje.<br \/>\n\u2705 <strong>Zemaljski klinovi za sigurno sidrenje &#8211; <\/strong><br \/>\nKako bi va\u0161 dvorac na naduvavanje ostao stabilan i sigurno na mestu, set uklju\u010duje visokokvalitetne zemaljske klinove. Poma\u017eu da se osigura da va\u0161a naduvavaju\u0107a konstrukcija ostane \u010dvrsto pozicionirana, \u010dak i pri intenzivnoj upotrebi i energi\u010dnom skakanju, te pru\u017eaju dodatnu sigurnost u uslovima laganog vetra. Jednostavno za upotrebu, maksimalna sigurnost!<br \/>\n\u2705 <strong>Podlo\u017ena cerada (5 x 6 m) \u2013 Za\u0161tita za va\u0161 dvorac na naduvavanje &#8211; <\/strong><br \/>\nDobra podlo\u017ena cerada neophodna je za za\u0161titu va\u0161eg dvorca na naduvavanje od prljav\u0161tine, malih kamen\u010di\u0107a i neravnih povr\u0161ina. Prilo\u017eena podlo\u017ena cerada 5 x 6 m pru\u017ea trajni za\u0161titni sloj i poma\u017ee produ\u017eiti vek trajanja va\u0161e naduvavaju\u0107e konstrukcije.<br \/>\n\u2705 <strong>Sigurnosne prostirke za dodatnu za\u0161titu<\/strong><br \/>\n1x velika sigurnosna prostirka \u2013 Savr\u0161ena za posebno osetljiva podru\u010dja kao \u0161to su ulaz ili podru\u010dje tobogana.<br \/>\n2x male sigurnosne prostirke \u2013 Dodatna za\u0161tita za daljnje zone ulaza i izlaza.<br \/>\n\ud83d\udca8 <strong>Besplatno u kompletu: Dvostruki deflator \u2013 za br\u017ee pakiranje! &#8211; <\/strong><br \/>\nNakon \u0161to zabava zavr\u0161i, dvorac na naduvavanje treba ispuhati i pospremiti \u2013 a upravo tu dolazi deflator! Ovaj prakti\u010dni dodatak poma\u017ee izvu\u0107i vazduh mnogo br\u017ee, \u010dine\u0107i pakiranje brzim i jednostavnim.<br \/>\n<strong>Za\u0161to odabrati ovaj starter set?<\/strong><br \/>\n\u2714 <em>Savr\u0161eno uskla\u0111eni dodaci<\/em> \u2013 Sve \u0161to vam treba za po\u010detak u jednom prakti\u010dnom setu.<br \/>\n\u2714 <em>Maksimalna sigurnost<\/em> \u2013 Zahvaljuju\u0107i sigurnosnim prostirkama za zone ulaza i izlaza.<br \/>\n\u2714 <em>Brzo postavljanje i bezbedno kori\u0161\u0107enje<\/em> \u2013 Zahvaljuju\u0107i sna\u017enom duva\u010da i \u010dvrstim zemaljskim klinovima.<br \/>\n\u2714 <em>Du\u017ei vek trajanja va\u0161eg dvorca na naduvavanje<\/em> \u2013 Sa za\u0161titnom podlo\u017enom ceradom.<br \/>\n\u2714 <em>Lak\u0161e pakiranje<\/em> \u2013 Besplatni dvostruki deflator \u0161tedi vam vreme i trud!<br \/>\nSa Starter Set veliki &#8211; Huawei, potpuno ste opremljeni i spremni za po\u010detak odmah.<\/p>\n","protected":false},"excerpt":{"rendered":"<p>\u2714 <em>Savr\u0161eno uskla\u0111eni dodaci<\/em> \u2013 Sve \u0161to vam treba za po\u010detak u jednom prakti\u010dnom setu.<br \/>\n\u2714 <em>Maksimalna sigurnost<\/em> \u2013 Zahvaljuju\u0107i sigurnosnim prostirkama za zone ulaza i izlaza.<br \/>\n\u2714 <em>Brzo postavljanje i bezbedno kori\u0161\u0107enje<\/em> \u2013 Zahvaljuju\u0107i sna\u017enom duva\u010da i \u010dvrstim zemaljskim klinovima.<br \/>\n\u2714 <em>Du\u017ei vek trajanja va\u0161eg dvorca na naduvavanje<\/em> \u2013 Sa za\u0161titnom podlo\u017enom ceradom.<br \/>\n\u2714 <em>Lak\u0161e pakiranje<\/em> \u2013 Besplatni dvostruki deflator \u0161tedi vam vreme i trud!<\/p>\n","protected":false},"featured_media":105699,"comment_status":"open","ping_status":"closed","template":"","meta":{"_acf_changed":false,"_uag_custom_page_level_css":"","site-sidebar-layout":"default","site-content-layout":"boxed-container","ast-site-content-layout":"normal-width-container","site-content-style":"boxed","site-sidebar-style":"default","ast-global-header-display":"","ast-banner-title-visibility":"","ast-main-header-display":"","ast-hfb-above-header-display":"","ast-hfb-below-header-display":"","ast-hfb-mobile-header-display":"","site-post-title":"disabled","ast-breadcrumbs-content":"","ast-featured-img":"","footer-sml-layout":"","ast-disable-related-posts":"","theme-transparent-header-meta":"default","adv-header-id-meta":"","stick-header-meta":"default","header-above-stick-meta":"","header-main-stick-meta":"","header-below-stick-meta":"","astra-migrate-meta-layouts":"default","ast-page-background-enabled":"default","ast-page-background-meta":{"desktop":{"background-color":"var(--ast-global-color-4)","background-image":"","background-repeat":"repeat","background-position":"center center","background-size":"auto","background-attachment":"scroll","background-type":"","background-media":"","overlay-type":"","overlay-color":"","overlay-opacity":"","overlay-gradient":""},"tablet":{"background-color":"","background-image":"","background-repeat":"repeat","background-position":"center center","background-size":"auto","background-attachment":"scroll","background-type":"","background-media":"","overlay-type":"","overlay-color":"","overlay-opacity":"","overlay-gradient":""},"mobile":{"background-color":"","background-image":"","background-repeat":"repeat","background-position":"center center","background-size":"auto","background-attachment":"scroll","background-type":"","background-media":"","overlay-type":"","overlay-color":"","overlay-opacity":"","overlay-gradient":""}},"ast-content-background-meta":{"desktop":{"background-color":"var(--ast-global-color-5)","background-image":"","background-repeat":"repeat","background-position":"center center","background-size":"auto","background-attachment":"scroll","background-type":"","background-media":"","overlay-type":"","overlay-color":"","overlay-opacity":"","overlay-gradient":""},"tablet":{"background-color":"var(--ast-global-color-5)","background-image":"","background-repeat":"repeat","background-position":"center center","background-size":"auto","background-attachment":"scroll","background-type":"","background-media":"","overlay-type":"","overlay-color":"","overlay-opacity":"","overlay-gradient":""},"mobile":{"background-color":"var(--ast-global-color-5)","background-image":"","background-repeat":"repeat","background-position":"center center","background-size":"auto","background-attachment":"scroll","background-type":"","background-media":"","overlay-type":"","overlay-color":"","overlay-opacity":"","overlay-gradient":""}}},"product_brand":[],"product_cat":[2062],"product_tag":[],"class_list":{"0":"post-105856","1":"product","2":"type-product","3":"status-publish","4":"has-post-thumbnail","6":"product_cat-2062","7":"product_shipping_class-1969","8":"desktop-align-center","9":"tablet-align-center","10":"mobile-align-center","11":"ast-product-gallery-layout-horizontal","12":"ast-product-gallery-with-no-image","13":"ast-product-tabs-layout-horizontal","15":"first","16":"instock","17":"sale","18":"taxable","19":"shipping-taxable","20":"purchasable","21":"product-type-simple"},"acf":[],"yoast_head":"<!-- This site is optimized with the Yoast SEO plugin v27.5 - https:\/\/yoast.com\/product\/yoast-seo-wordpress\/ -->\n<title>Starter Set veliki - Huawei 2 HP za dvorce na naduvavanje | Dodo Inflatables<\/title>\n<meta name=\"description\" content=\"Starter Set veliki - Huawei 2 HP \u2013 duva\u010d, zemaljski klinovi, podlo\u017ena cerada 5 x 6 m, sigurnosne prostirke i besplatni dvostruki deflator. Sve za savr\u0161eni po\u010detak sa dvorcem na naduvavanje.\" \/>\n<meta name=\"robots\" content=\"index, follow, max-snippet:-1, max-image-preview:large, max-video-preview:-1\" \/>\n<link rel=\"canonical\" href=\"https:\/\/dodo-inflatables.com\/sr\/\u043f\u0440\u043e\u0438\u0437\u0432\u043e\u0434\/starter-set-veliki-huawei-2-hp\/\" \/>\n<meta name=\"twitter:label1\" content=\"\u041f\u0440\u043e\u0446\u0435\u045a\u0435\u043d\u043e \u0432\u0440\u0435\u043c\u0435 \u0447\u0438\u0442\u0430\u045a\u0430\" \/>\n\t<meta name=\"twitter:data1\" content=\"2 \u043c\u0438\u043d\u0443\u0442\u0430\" \/>\n<script type=\"application\/ld+json\" class=\"yoast-schema-graph\">{\"@context\":\"https:\\\/\\\/schema.org\",\"@graph\":[{\"@type\":\"WebPage\",\"@id\":\"https:\\\/\\\/dodo-inflatables.com\\\/sr\\\/\u043f\u0440\u043e\u0438\u0437\u0432\u043e\u0434\\\/starter-set-veliki-huawei-2-hp\\\/\",\"url\":\"https:\\\/\\\/dodo-inflatables.com\\\/sr\\\/\u043f\u0440\u043e\u0438\u0437\u0432\u043e\u0434\\\/starter-set-veliki-huawei-2-hp\\\/\",\"name\":\"Starter Set veliki - Huawei 2 HP za dvorce na naduvavanje | Dodo Inflatables\",\"isPartOf\":{\"@id\":\"https:\\\/\\\/dodo-inflatables.com\\\/sr\\\/#website\"},\"primaryImageOfPage\":{\"@id\":\"https:\\\/\\\/dodo-inflatables.com\\\/sr\\\/\u043f\u0440\u043e\u0438\u0437\u0432\u043e\u0434\\\/starter-set-veliki-huawei-2-hp\\\/#primaryimage\"},\"image\":{\"@id\":\"https:\\\/\\\/dodo-inflatables.com\\\/sr\\\/\u043f\u0440\u043e\u0438\u0437\u0432\u043e\u0434\\\/starter-set-veliki-huawei-2-hp\\\/#primaryimage\"},\"thumbnailUrl\":\"https:\\\/\\\/dodo-inflatables.com\\\/wp-content\\\/uploads\\\/2026\\\/04\\\/Starterset-gross-huawei.png\",\"datePublished\":\"2026-04-04T11:54:45+00:00\",\"description\":\"Starter Set veliki - Huawei 2 HP \u2013 duva\u010d, zemaljski klinovi, podlo\u017ena cerada 5 x 6 m, sigurnosne prostirke i besplatni dvostruki deflator. Sve za savr\u0161eni po\u010detak sa dvorcem na naduvavanje.\",\"breadcrumb\":{\"@id\":\"https:\\\/\\\/dodo-inflatables.com\\\/sr\\\/\u043f\u0440\u043e\u0438\u0437\u0432\u043e\u0434\\\/starter-set-veliki-huawei-2-hp\\\/#breadcrumb\"},\"inLanguage\":\"sr-RS\",\"potentialAction\":[{\"@type\":\"ReadAction\",\"target\":[\"https:\\\/\\\/dodo-inflatables.com\\\/sr\\\/\u043f\u0440\u043e\u0438\u0437\u0432\u043e\u0434\\\/starter-set-veliki-huawei-2-hp\\\/\"]}]},{\"@type\":\"ImageObject\",\"inLanguage\":\"sr-RS\",\"@id\":\"https:\\\/\\\/dodo-inflatables.com\\\/sr\\\/\u043f\u0440\u043e\u0438\u0437\u0432\u043e\u0434\\\/starter-set-veliki-huawei-2-hp\\\/#primaryimage\",\"url\":\"https:\\\/\\\/dodo-inflatables.com\\\/wp-content\\\/uploads\\\/2026\\\/04\\\/Starterset-gross-huawei.png\",\"contentUrl\":\"https:\\\/\\\/dodo-inflatables.com\\\/wp-content\\\/uploads\\\/2026\\\/04\\\/Starterset-gross-huawei.png\",\"width\":1000,\"height\":1000,\"caption\":\"Starter Set veliki - Huawei 2 HP za dvorce na naduvavanje | Dodo Inflatables\"},{\"@type\":\"BreadcrumbList\",\"@id\":\"https:\\\/\\\/dodo-inflatables.com\\\/sr\\\/\u043f\u0440\u043e\u0438\u0437\u0432\u043e\u0434\\\/starter-set-veliki-huawei-2-hp\\\/#breadcrumb\",\"itemListElement\":[{\"@type\":\"ListItem\",\"position\":1,\"name\":\"\u041f\u043e\u0447\u0435\u0442\u043d\u0430\",\"item\":\"https:\\\/\\\/dodo-inflatables.com\\\/sr\\\/\"},{\"@type\":\"ListItem\",\"position\":2,\"name\":\"\u0421\u0445\u043e\u043f\",\"item\":\"https:\\\/\\\/dodo-inflatables.com\\\/sr\\\/%d1%81%d1%85%d0%be%d0%bf\\\/\"},{\"@type\":\"ListItem\",\"position\":3,\"name\":\"Starter Set veliki &#8211; Huawei 2 HP\"}]},{\"@type\":\"WebSite\",\"@id\":\"https:\\\/\\\/dodo-inflatables.com\\\/sr\\\/#website\",\"url\":\"https:\\\/\\\/dodo-inflatables.com\\\/sr\\\/\",\"name\":\"dodo-inflatables.com\",\"description\":\"\u041a\u0443\u043f\u0438\u0442\u0435 \u043d\u0430\u0441\u043a\u043e\u0447\u043d\u0435 \u0434\u0432\u043e\u0440\u0446\u0435 \u0438 \u0430\u0442\u0440\u0430\u043a\u0446\u0438\u0458\u0435 \u0443 \u043d\u0430\u0448\u043e\u0458 \u043f\u0440\u043e\u0434\u0430\u0432\u043d\u0438\u0446\u0438.\",\"potentialAction\":[{\"@type\":\"SearchAction\",\"target\":{\"@type\":\"EntryPoint\",\"urlTemplate\":\"https:\\\/\\\/dodo-inflatables.com\\\/sr\\\/?s={search_term_string}\"},\"query-input\":{\"@type\":\"PropertyValueSpecification\",\"valueRequired\":true,\"valueName\":\"search_term_string\"}}],\"inLanguage\":\"sr-RS\"}]}<\/script>\n<!-- \/ Yoast SEO plugin. -->","yoast_head_json":{"title":"Starter Set veliki - Huawei 2 HP za dvorce na naduvavanje | Dodo Inflatables","description":"Starter Set veliki - Huawei 2 HP \u2013 duva\u010d, zemaljski klinovi, podlo\u017ena cerada 5 x 6 m, sigurnosne prostirke i besplatni dvostruki deflator. Sve za savr\u0161eni po\u010detak sa dvorcem na naduvavanje.","robots":{"index":"index","follow":"follow","max-snippet":"max-snippet:-1","max-image-preview":"max-image-preview:large","max-video-preview":"max-video-preview:-1"},"canonical":"https:\/\/dodo-inflatables.com\/sr\/\u043f\u0440\u043e\u0438\u0437\u0432\u043e\u0434\/starter-set-veliki-huawei-2-hp\/","twitter_misc":{"\u041f\u0440\u043e\u0446\u0435\u045a\u0435\u043d\u043e \u0432\u0440\u0435\u043c\u0435 \u0447\u0438\u0442\u0430\u045a\u0430":"2 \u043c\u0438\u043d\u0443\u0442\u0430"},"schema":{"@context":"https:\/\/schema.org","@graph":[{"@type":"WebPage","@id":"https:\/\/dodo-inflatables.com\/sr\/\u043f\u0440\u043e\u0438\u0437\u0432\u043e\u0434\/starter-set-veliki-huawei-2-hp\/","url":"https:\/\/dodo-inflatables.com\/sr\/\u043f\u0440\u043e\u0438\u0437\u0432\u043e\u0434\/starter-set-veliki-huawei-2-hp\/","name":"Starter Set veliki - Huawei 2 HP za dvorce na naduvavanje | Dodo Inflatables","isPartOf":{"@id":"https:\/\/dodo-inflatables.com\/sr\/#website"},"primaryImageOfPage":{"@id":"https:\/\/dodo-inflatables.com\/sr\/\u043f\u0440\u043e\u0438\u0437\u0432\u043e\u0434\/starter-set-veliki-huawei-2-hp\/#primaryimage"},"image":{"@id":"https:\/\/dodo-inflatables.com\/sr\/\u043f\u0440\u043e\u0438\u0437\u0432\u043e\u0434\/starter-set-veliki-huawei-2-hp\/#primaryimage"},"thumbnailUrl":"https:\/\/dodo-inflatables.com\/wp-content\/uploads\/2026\/04\/Starterset-gross-huawei.png","datePublished":"2026-04-04T11:54:45+00:00","description":"Starter Set veliki - Huawei 2 HP \u2013 duva\u010d, zemaljski klinovi, podlo\u017ena cerada 5 x 6 m, sigurnosne prostirke i besplatni dvostruki deflator. Sve za savr\u0161eni po\u010detak sa dvorcem na naduvavanje.","breadcrumb":{"@id":"https:\/\/dodo-inflatables.com\/sr\/\u043f\u0440\u043e\u0438\u0437\u0432\u043e\u0434\/starter-set-veliki-huawei-2-hp\/#breadcrumb"},"inLanguage":"sr-RS","potentialAction":[{"@type":"ReadAction","target":["https:\/\/dodo-inflatables.com\/sr\/\u043f\u0440\u043e\u0438\u0437\u0432\u043e\u0434\/starter-set-veliki-huawei-2-hp\/"]}]},{"@type":"ImageObject","inLanguage":"sr-RS","@id":"https:\/\/dodo-inflatables.com\/sr\/\u043f\u0440\u043e\u0438\u0437\u0432\u043e\u0434\/starter-set-veliki-huawei-2-hp\/#primaryimage","url":"https:\/\/dodo-inflatables.com\/wp-content\/uploads\/2026\/04\/Starterset-gross-huawei.png","contentUrl":"https:\/\/dodo-inflatables.com\/wp-content\/uploads\/2026\/04\/Starterset-gross-huawei.png","width":1000,"height":1000,"caption":"Starter Set veliki - Huawei 2 HP za dvorce na naduvavanje | Dodo Inflatables"},{"@type":"BreadcrumbList","@id":"https:\/\/dodo-inflatables.com\/sr\/\u043f\u0440\u043e\u0438\u0437\u0432\u043e\u0434\/starter-set-veliki-huawei-2-hp\/#breadcrumb","itemListElement":[{"@type":"ListItem","position":1,"name":"\u041f\u043e\u0447\u0435\u0442\u043d\u0430","item":"https:\/\/dodo-inflatables.com\/sr\/"},{"@type":"ListItem","position":2,"name":"\u0421\u0445\u043e\u043f","item":"https:\/\/dodo-inflatables.com\/sr\/%d1%81%d1%85%d0%be%d0%bf\/"},{"@type":"ListItem","position":3,"name":"Starter Set veliki &#8211; Huawei 2 HP"}]},{"@type":"WebSite","@id":"https:\/\/dodo-inflatables.com\/sr\/#website","url":"https:\/\/dodo-inflatables.com\/sr\/","name":"dodo-inflatables.com","description":"\u041a\u0443\u043f\u0438\u0442\u0435 \u043d\u0430\u0441\u043a\u043e\u0447\u043d\u0435 \u0434\u0432\u043e\u0440\u0446\u0435 \u0438 \u0430\u0442\u0440\u0430\u043a\u0446\u0438\u0458\u0435 \u0443 \u043d\u0430\u0448\u043e\u0458 \u043f\u0440\u043e\u0434\u0430\u0432\u043d\u0438\u0446\u0438.","potentialAction":[{"@type":"SearchAction","target":{"@type":"EntryPoint","urlTemplate":"https:\/\/dodo-inflatables.com\/sr\/?s={search_term_string}"},"query-input":{"@type":"PropertyValueSpecification","valueRequired":true,"valueName":"search_term_string"}}],"inLanguage":"sr-RS"}]}},"uagb_featured_image_src":{"full":["https:\/\/dodo-inflatables.com\/wp-content\/uploads\/2026\/04\/Starterset-gross-huawei.png",1000,1000,false],"thumbnail":["https:\/\/dodo-inflatables.com\/wp-content\/uploads\/2026\/04\/Starterset-gross-huawei-150x150.png",150,150,true],"medium":["https:\/\/dodo-inflatables.com\/wp-content\/uploads\/2026\/04\/Starterset-gross-huawei-300x300.png",300,300,true],"medium_large":["https:\/\/dodo-inflatables.com\/wp-content\/uploads\/2026\/04\/Starterset-gross-huawei-768x768.png",768,768,true],"large":["https:\/\/dodo-inflatables.com\/wp-content\/uploads\/2026\/04\/Starterset-gross-huawei.png",1000,1000,false],"1536x1536":["https:\/\/dodo-inflatables.com\/wp-content\/uploads\/2026\/04\/Starterset-gross-huawei.png",1000,1000,false],"2048x2048":["https:\/\/dodo-inflatables.com\/wp-content\/uploads\/2026\/04\/Starterset-gross-huawei.png",1000,1000,false],"woocommerce_thumbnail":["https:\/\/dodo-inflatables.com\/wp-content\/uploads\/2026\/04\/Starterset-gross-huawei-900x900.png",900,900,true],"woocommerce_single":["https:\/\/dodo-inflatables.com\/wp-content\/uploads\/2026\/04\/Starterset-gross-huawei-900x900.png",900,900,true],"woocommerce_gallery_thumbnail":["https:\/\/dodo-inflatables.com\/wp-content\/uploads\/2026\/04\/Starterset-gross-huawei-100x100.png",100,100,true]},"uagb_author_info":{"display_name":"Andreas","author_link":"https:\/\/dodo-inflatables.com\/sr\/author\/"},"uagb_comment_info":0,"uagb_excerpt":"\u2714 Savr\u0161eno uskla\u0111eni dodaci \u2013 Sve \u0161to vam treba za po\u010detak u jednom prakti\u010dnom setu. \u2714 Maksimalna sigurnost \u2013 Zahvaljuju\u0107i sigurnosnim prostirkama za zone ulaza i izlaza. \u2714 Brzo postavljanje i bezbedno kori\u0161\u0107enje \u2013 Zahvaljuju\u0107i sna\u017enom duva\u010da i \u010dvrstim zemaljskim klinovima. \u2714 Du\u017ei vek trajanja va\u0161eg dvorca na naduvavanje \u2013 Sa za\u0161titnom podlo\u017enom ceradom. \u2714&hellip;","_links":{"self":[{"href":"https:\/\/dodo-inflatables.com\/sr\/wp-json\/wp\/v2\/product\/105856","targetHints":{"allow":["GET"]}}],"collection":[{"href":"https:\/\/dodo-inflatables.com\/sr\/wp-json\/wp\/v2\/product"}],"about":[{"href":"https:\/\/dodo-inflatables.com\/sr\/wp-json\/wp\/v2\/types\/product"}],"replies":[{"embeddable":true,"href":"https:\/\/dodo-inflatables.com\/sr\/wp-json\/wp\/v2\/comments?post=105856"}],"wp:featuredmedia":[{"embeddable":true,"href":"https:\/\/dodo-inflatables.com\/sr\/wp-json\/wp\/v2\/media\/105699"}],"wp:attachment":[{"href":"https:\/\/dodo-inflatables.com\/sr\/wp-json\/wp\/v2\/media?parent=105856"}],"wp:term":[{"taxonomy":"product_brand","embeddable":true,"href":"https:\/\/dodo-inflatables.com\/sr\/wp-json\/wp\/v2\/product_brand?post=105856"},{"taxonomy":"product_cat","embeddable":true,"href":"https:\/\/dodo-inflatables.com\/sr\/wp-json\/wp\/v2\/product_cat?post=105856"},{"taxonomy":"product_tag","embeddable":true,"href":"https:\/\/dodo-inflatables.com\/sr\/wp-json\/wp\/v2\/product_tag?post=105856"}],"curies":[{"name":"wp","href":"https:\/\/api.w.org\/{rel}","templated":true}]}}