{"id":105989,"date":"2026-04-04T13:54:45","date_gmt":"2026-04-04T11:54:45","guid":{"rendered":"https:\/\/dodo-inflatables.com\/dodo-relaunch?product=monitor-pritiska-manometar-za-dvorce-na-naduvavanje-huawei-ny-s01"},"modified":"2026-04-04T13:54:45","modified_gmt":"2026-04-04T11:54:45","slug":"monitor-pritiska-manometar-za-dvorce-na-naduvavanje-huawei-ny-s01","status":"publish","type":"product","link":"https:\/\/dodo-inflatables.com\/sr\/\u043f\u0440\u043e\u0438\u0437\u0432\u043e\u0434\/monitor-pritiska-manometar-za-dvorce-na-naduvavanje-huawei-ny-s01\/","title":{"rendered":"Monitor pritiska \/ manometar za dvorce na naduvavanje \u2013 Huawei NY-S01"},"content":{"rendered":"<h1><b>Kupite monitor pritiska \/ manometar za dvorce na naduvavanje \u2013 Huawei NY-S01<\/b><\/h1>\n<p>&nbsp;<\/p>\n<p class=\"p1\"><span class=\"s1\"><b>Huawei NY-S01 SafeAlert monitor pritiska<\/b><\/span> dizajniran je za kontinuirano pra\u0107enje pritiska vazduha u dvorcima na naduvavanje i naduvavaju\u0107oj opremi za igru.<br \/>\nMeri trenutni unutra\u0161nji pritisak u realnom vremenu i pru\u017ea vizualna i akusti\u010dna upozorenja ako pritisak padne ispod definisanog nivoa.<br \/>\nTo poma\u017ee u podr\u0161ci bezbednog rada dvorca na naduvavanje i \u010dini monitor pritiska posebno pogodnim za profesionalnu upotrebu u iznajmljiva\u010dkim firmama, na doga\u0111ajima i javnim funkcijama.<\/p>\n<p class=\"p3\"><b>Pouzdano pra\u0107enje pritiska:<br \/>\n<\/b>Integrisani senzor meri pritisak vazduha u opsegu <span class=\"s1\"><b>0\u20133000 Pa<\/b><\/span> i jasno prikazuje vrednosti na digitalnom ekranu.<\/p>\n<p class=\"p3\"><b>Vizualni i akusti\u010dni signali upozorenja:<br \/>\n<\/b>Ako pritisak padne, odmah se aktivira upozorenje putem LED ekrana i zvu\u010dnog signala, \u0161to omogu\u0107uje brzo delovanje.<\/p>\n<p class=\"p3\"><b>Robusni dizajn:<br \/>\n<\/b>Monitor pritiska je vatrootporan i vodootporan te je pogodan za upotrebu u razli\u010ditim vremenskim uslovima.<\/p>\n<p class=\"p3\"><b>Kompaktan i jednostavan za upotrebu:<br \/>\n<\/b>Zahvaljuju\u0107i kompaktnom dizajnu, maloj te\u017eini i jednostavnom rukovanju, ure\u0111aj je lako instalirati, podesiti i transportovati.<\/p>\n<h3>Detalji o monitoru pritiska \/ manometru<\/h3>\n<ul>\n<li class=\"p1\">Dimenzije (\u0160 \u00d7 D \u00d7 V): oko 80 \u00d7 73 \u00d7 52 mm<\/li>\n<li class=\"p1\">Dimenzije u pakovanom stanju: oko 110 \u00d7 110 \u00d7 100 mm<\/li>\n<li>\n<p class=\"p1\">Opseg merenja: 0\u20133000 Pa<\/p>\n<\/li>\n<\/ul>\n","protected":false},"excerpt":{"rendered":"<ul>\n<li class=\"p1\">Dimenzije (\u0160 \u00d7 D \u00d7 V): oko 80 \u00d7 73 \u00d7 52 mm<\/li>\n<li class=\"p1\">Dimenzije u pakovanom stanju: oko 110 \u00d7 110 \u00d7 100 mm<\/li>\n<li>\n<p class=\"p1\">Opseg merenja: 0\u20133000 Pa<\/p>\n<\/li>\n<\/ul>\n","protected":false},"featured_media":105988,"comment_status":"open","ping_status":"closed","template":"","meta":{"_acf_changed":false,"_uag_custom_page_level_css":"","site-sidebar-layout":"default","site-content-layout":"boxed-container","ast-site-content-layout":"normal-width-container","site-content-style":"boxed","site-sidebar-style":"default","ast-global-header-display":"","ast-banner-title-visibility":"","ast-main-header-display":"","ast-hfb-above-header-display":"","ast-hfb-below-header-display":"","ast-hfb-mobile-header-display":"","site-post-title":"disabled","ast-breadcrumbs-content":"","ast-featured-img":"","footer-sml-layout":"","ast-disable-related-posts":"","theme-transparent-header-meta":"default","adv-header-id-meta":"","stick-header-meta":"default","header-above-stick-meta":"","header-main-stick-meta":"","header-below-stick-meta":"","astra-migrate-meta-layouts":"default","ast-page-background-enabled":"default","ast-page-background-meta":{"desktop":{"background-color":"var(--ast-global-color-4)","background-image":"","background-repeat":"repeat","background-position":"center center","background-size":"auto","background-attachment":"scroll","background-type":"","background-media":"","overlay-type":"","overlay-color":"","overlay-opacity":"","overlay-gradient":""},"tablet":{"background-color":"","background-image":"","background-repeat":"repeat","background-position":"center center","background-size":"auto","background-attachment":"scroll","background-type":"","background-media":"","overlay-type":"","overlay-color":"","overlay-opacity":"","overlay-gradient":""},"mobile":{"background-color":"","background-image":"","background-repeat":"repeat","background-position":"center center","background-size":"auto","background-attachment":"scroll","background-type":"","background-media":"","overlay-type":"","overlay-color":"","overlay-opacity":"","overlay-gradient":""}},"ast-content-background-meta":{"desktop":{"background-color":"var(--ast-global-color-5)","background-image":"","background-repeat":"repeat","background-position":"center center","background-size":"auto","background-attachment":"scroll","background-type":"","background-media":"","overlay-type":"","overlay-color":"","overlay-opacity":"","overlay-gradient":""},"tablet":{"background-color":"var(--ast-global-color-5)","background-image":"","background-repeat":"repeat","background-position":"center center","background-size":"auto","background-attachment":"scroll","background-type":"","background-media":"","overlay-type":"","overlay-color":"","overlay-opacity":"","overlay-gradient":""},"mobile":{"background-color":"var(--ast-global-color-5)","background-image":"","background-repeat":"repeat","background-position":"center center","background-size":"auto","background-attachment":"scroll","background-type":"","background-media":"","overlay-type":"","overlay-color":"","overlay-opacity":"","overlay-gradient":""}}},"product_brand":[],"product_cat":[2062],"product_tag":[],"class_list":{"0":"post-105989","1":"product","2":"type-product","3":"status-publish","4":"has-post-thumbnail","6":"product_cat-2062","7":"product_shipping_class-2063","8":"desktop-align-center","9":"tablet-align-center","10":"mobile-align-center","11":"ast-product-gallery-layout-horizontal","12":"ast-product-gallery-with-no-image","13":"ast-product-tabs-layout-horizontal","15":"first","16":"instock","17":"taxable","18":"shipping-taxable","19":"purchasable","20":"product-type-simple"},"acf":[],"yoast_head":"<!-- This site is optimized with the Yoast SEO plugin v27.5 - https:\/\/yoast.com\/product\/yoast-seo-wordpress\/ -->\n<title>Monitor pritiska \/ manometar za dvorce na naduvavanje \u2013 Huawei NY-S01 | Dodo Inflatables<\/title>\n<meta name=\"description\" content=\"Huawei NY-S01 monitor pritiska za dvorce na naduvavanje \u2013 pra\u0107enje pritiska u realnom vremenu 0\u20133000 Pa, vizualna i akusti\u010dna upozorenja, vatrootporan i vodootporan. Idealno za iznajmljiva\u010dke firme i doga\u0111aje.\" \/>\n<meta name=\"robots\" content=\"index, follow, max-snippet:-1, max-image-preview:large, max-video-preview:-1\" \/>\n<link rel=\"canonical\" href=\"https:\/\/dodo-inflatables.com\/sr\/\u043f\u0440\u043e\u0438\u0437\u0432\u043e\u0434\/monitor-pritiska-manometar-za-dvorce-na-naduvavanje-huawei-ny-s01\/\" \/>\n<meta name=\"twitter:label1\" content=\"\u041f\u0440\u043e\u0446\u0435\u045a\u0435\u043d\u043e \u0432\u0440\u0435\u043c\u0435 \u0447\u0438\u0442\u0430\u045a\u0430\" \/>\n\t<meta name=\"twitter:data1\" content=\"1 \u043c\u0438\u043d\u0443\u0442\" \/>\n<script type=\"application\/ld+json\" class=\"yoast-schema-graph\">{\"@context\":\"https:\\\/\\\/schema.org\",\"@graph\":[{\"@type\":\"WebPage\",\"@id\":\"https:\\\/\\\/dodo-inflatables.com\\\/sr\\\/\u043f\u0440\u043e\u0438\u0437\u0432\u043e\u0434\\\/monitor-pritiska-manometar-za-dvorce-na-naduvavanje-huawei-ny-s01\\\/\",\"url\":\"https:\\\/\\\/dodo-inflatables.com\\\/sr\\\/\u043f\u0440\u043e\u0438\u0437\u0432\u043e\u0434\\\/monitor-pritiska-manometar-za-dvorce-na-naduvavanje-huawei-ny-s01\\\/\",\"name\":\"Monitor pritiska \\\/ manometar za dvorce na naduvavanje \u2013 Huawei NY-S01 | Dodo Inflatables\",\"isPartOf\":{\"@id\":\"https:\\\/\\\/dodo-inflatables.com\\\/sr\\\/#website\"},\"primaryImageOfPage\":{\"@id\":\"https:\\\/\\\/dodo-inflatables.com\\\/sr\\\/\u043f\u0440\u043e\u0438\u0437\u0432\u043e\u0434\\\/monitor-pritiska-manometar-za-dvorce-na-naduvavanje-huawei-ny-s01\\\/#primaryimage\"},\"image\":{\"@id\":\"https:\\\/\\\/dodo-inflatables.com\\\/sr\\\/\u043f\u0440\u043e\u0438\u0437\u0432\u043e\u0434\\\/monitor-pritiska-manometar-za-dvorce-na-naduvavanje-huawei-ny-s01\\\/#primaryimage\"},\"thumbnailUrl\":\"https:\\\/\\\/dodo-inflatables.com\\\/wp-content\\\/uploads\\\/2026\\\/04\\\/Druckwaechter-Druckmesser-fur-Huepfburgen.jpg\",\"datePublished\":\"2026-04-04T11:54:45+00:00\",\"description\":\"Huawei NY-S01 monitor pritiska za dvorce na naduvavanje \u2013 pra\u0107enje pritiska u realnom vremenu 0\u20133000 Pa, vizualna i akusti\u010dna upozorenja, vatrootporan i vodootporan. Idealno za iznajmljiva\u010dke firme i doga\u0111aje.\",\"breadcrumb\":{\"@id\":\"https:\\\/\\\/dodo-inflatables.com\\\/sr\\\/\u043f\u0440\u043e\u0438\u0437\u0432\u043e\u0434\\\/monitor-pritiska-manometar-za-dvorce-na-naduvavanje-huawei-ny-s01\\\/#breadcrumb\"},\"inLanguage\":\"sr-RS\",\"potentialAction\":[{\"@type\":\"ReadAction\",\"target\":[\"https:\\\/\\\/dodo-inflatables.com\\\/sr\\\/\u043f\u0440\u043e\u0438\u0437\u0432\u043e\u0434\\\/monitor-pritiska-manometar-za-dvorce-na-naduvavanje-huawei-ny-s01\\\/\"]}]},{\"@type\":\"ImageObject\",\"inLanguage\":\"sr-RS\",\"@id\":\"https:\\\/\\\/dodo-inflatables.com\\\/sr\\\/\u043f\u0440\u043e\u0438\u0437\u0432\u043e\u0434\\\/monitor-pritiska-manometar-za-dvorce-na-naduvavanje-huawei-ny-s01\\\/#primaryimage\",\"url\":\"https:\\\/\\\/dodo-inflatables.com\\\/wp-content\\\/uploads\\\/2026\\\/04\\\/Druckwaechter-Druckmesser-fur-Huepfburgen.jpg\",\"contentUrl\":\"https:\\\/\\\/dodo-inflatables.com\\\/wp-content\\\/uploads\\\/2026\\\/04\\\/Druckwaechter-Druckmesser-fur-Huepfburgen.jpg\",\"width\":700,\"height\":700,\"caption\":\"Monitor pritiska \\\/ manometar za dvorce na naduvavanje \u2013 Huawei NY-S01 | Dodo Inflatables\"},{\"@type\":\"BreadcrumbList\",\"@id\":\"https:\\\/\\\/dodo-inflatables.com\\\/sr\\\/\u043f\u0440\u043e\u0438\u0437\u0432\u043e\u0434\\\/monitor-pritiska-manometar-za-dvorce-na-naduvavanje-huawei-ny-s01\\\/#breadcrumb\",\"itemListElement\":[{\"@type\":\"ListItem\",\"position\":1,\"name\":\"\u041f\u043e\u0447\u0435\u0442\u043d\u0430\",\"item\":\"https:\\\/\\\/dodo-inflatables.com\\\/sr\\\/\"},{\"@type\":\"ListItem\",\"position\":2,\"name\":\"\u0421\u0445\u043e\u043f\",\"item\":\"https:\\\/\\\/dodo-inflatables.com\\\/sr\\\/%d1%81%d1%85%d0%be%d0%bf\\\/\"},{\"@type\":\"ListItem\",\"position\":3,\"name\":\"Monitor pritiska \\\/ manometar za dvorce na naduvavanje \u2013 Huawei NY-S01\"}]},{\"@type\":\"WebSite\",\"@id\":\"https:\\\/\\\/dodo-inflatables.com\\\/sr\\\/#website\",\"url\":\"https:\\\/\\\/dodo-inflatables.com\\\/sr\\\/\",\"name\":\"dodo-inflatables.com\",\"description\":\"\u041a\u0443\u043f\u0438\u0442\u0435 \u043d\u0430\u0441\u043a\u043e\u0447\u043d\u0435 \u0434\u0432\u043e\u0440\u0446\u0435 \u0438 \u0430\u0442\u0440\u0430\u043a\u0446\u0438\u0458\u0435 \u0443 \u043d\u0430\u0448\u043e\u0458 \u043f\u0440\u043e\u0434\u0430\u0432\u043d\u0438\u0446\u0438.\",\"potentialAction\":[{\"@type\":\"SearchAction\",\"target\":{\"@type\":\"EntryPoint\",\"urlTemplate\":\"https:\\\/\\\/dodo-inflatables.com\\\/sr\\\/?s={search_term_string}\"},\"query-input\":{\"@type\":\"PropertyValueSpecification\",\"valueRequired\":true,\"valueName\":\"search_term_string\"}}],\"inLanguage\":\"sr-RS\"}]}<\/script>\n<!-- \/ Yoast SEO plugin. -->","yoast_head_json":{"title":"Monitor pritiska \/ manometar za dvorce na naduvavanje \u2013 Huawei NY-S01 | Dodo Inflatables","description":"Huawei NY-S01 monitor pritiska za dvorce na naduvavanje \u2013 pra\u0107enje pritiska u realnom vremenu 0\u20133000 Pa, vizualna i akusti\u010dna upozorenja, vatrootporan i vodootporan. Idealno za iznajmljiva\u010dke firme i doga\u0111aje.","robots":{"index":"index","follow":"follow","max-snippet":"max-snippet:-1","max-image-preview":"max-image-preview:large","max-video-preview":"max-video-preview:-1"},"canonical":"https:\/\/dodo-inflatables.com\/sr\/\u043f\u0440\u043e\u0438\u0437\u0432\u043e\u0434\/monitor-pritiska-manometar-za-dvorce-na-naduvavanje-huawei-ny-s01\/","twitter_misc":{"\u041f\u0440\u043e\u0446\u0435\u045a\u0435\u043d\u043e \u0432\u0440\u0435\u043c\u0435 \u0447\u0438\u0442\u0430\u045a\u0430":"1 \u043c\u0438\u043d\u0443\u0442"},"schema":{"@context":"https:\/\/schema.org","@graph":[{"@type":"WebPage","@id":"https:\/\/dodo-inflatables.com\/sr\/\u043f\u0440\u043e\u0438\u0437\u0432\u043e\u0434\/monitor-pritiska-manometar-za-dvorce-na-naduvavanje-huawei-ny-s01\/","url":"https:\/\/dodo-inflatables.com\/sr\/\u043f\u0440\u043e\u0438\u0437\u0432\u043e\u0434\/monitor-pritiska-manometar-za-dvorce-na-naduvavanje-huawei-ny-s01\/","name":"Monitor pritiska \/ manometar za dvorce na naduvavanje \u2013 Huawei NY-S01 | Dodo Inflatables","isPartOf":{"@id":"https:\/\/dodo-inflatables.com\/sr\/#website"},"primaryImageOfPage":{"@id":"https:\/\/dodo-inflatables.com\/sr\/\u043f\u0440\u043e\u0438\u0437\u0432\u043e\u0434\/monitor-pritiska-manometar-za-dvorce-na-naduvavanje-huawei-ny-s01\/#primaryimage"},"image":{"@id":"https:\/\/dodo-inflatables.com\/sr\/\u043f\u0440\u043e\u0438\u0437\u0432\u043e\u0434\/monitor-pritiska-manometar-za-dvorce-na-naduvavanje-huawei-ny-s01\/#primaryimage"},"thumbnailUrl":"https:\/\/dodo-inflatables.com\/wp-content\/uploads\/2026\/04\/Druckwaechter-Druckmesser-fur-Huepfburgen.jpg","datePublished":"2026-04-04T11:54:45+00:00","description":"Huawei NY-S01 monitor pritiska za dvorce na naduvavanje \u2013 pra\u0107enje pritiska u realnom vremenu 0\u20133000 Pa, vizualna i akusti\u010dna upozorenja, vatrootporan i vodootporan. Idealno za iznajmljiva\u010dke firme i doga\u0111aje.","breadcrumb":{"@id":"https:\/\/dodo-inflatables.com\/sr\/\u043f\u0440\u043e\u0438\u0437\u0432\u043e\u0434\/monitor-pritiska-manometar-za-dvorce-na-naduvavanje-huawei-ny-s01\/#breadcrumb"},"inLanguage":"sr-RS","potentialAction":[{"@type":"ReadAction","target":["https:\/\/dodo-inflatables.com\/sr\/\u043f\u0440\u043e\u0438\u0437\u0432\u043e\u0434\/monitor-pritiska-manometar-za-dvorce-na-naduvavanje-huawei-ny-s01\/"]}]},{"@type":"ImageObject","inLanguage":"sr-RS","@id":"https:\/\/dodo-inflatables.com\/sr\/\u043f\u0440\u043e\u0438\u0437\u0432\u043e\u0434\/monitor-pritiska-manometar-za-dvorce-na-naduvavanje-huawei-ny-s01\/#primaryimage","url":"https:\/\/dodo-inflatables.com\/wp-content\/uploads\/2026\/04\/Druckwaechter-Druckmesser-fur-Huepfburgen.jpg","contentUrl":"https:\/\/dodo-inflatables.com\/wp-content\/uploads\/2026\/04\/Druckwaechter-Druckmesser-fur-Huepfburgen.jpg","width":700,"height":700,"caption":"Monitor pritiska \/ manometar za dvorce na naduvavanje \u2013 Huawei NY-S01 | Dodo Inflatables"},{"@type":"BreadcrumbList","@id":"https:\/\/dodo-inflatables.com\/sr\/\u043f\u0440\u043e\u0438\u0437\u0432\u043e\u0434\/monitor-pritiska-manometar-za-dvorce-na-naduvavanje-huawei-ny-s01\/#breadcrumb","itemListElement":[{"@type":"ListItem","position":1,"name":"\u041f\u043e\u0447\u0435\u0442\u043d\u0430","item":"https:\/\/dodo-inflatables.com\/sr\/"},{"@type":"ListItem","position":2,"name":"\u0421\u0445\u043e\u043f","item":"https:\/\/dodo-inflatables.com\/sr\/%d1%81%d1%85%d0%be%d0%bf\/"},{"@type":"ListItem","position":3,"name":"Monitor pritiska \/ manometar za dvorce na naduvavanje \u2013 Huawei NY-S01"}]},{"@type":"WebSite","@id":"https:\/\/dodo-inflatables.com\/sr\/#website","url":"https:\/\/dodo-inflatables.com\/sr\/","name":"dodo-inflatables.com","description":"\u041a\u0443\u043f\u0438\u0442\u0435 \u043d\u0430\u0441\u043a\u043e\u0447\u043d\u0435 \u0434\u0432\u043e\u0440\u0446\u0435 \u0438 \u0430\u0442\u0440\u0430\u043a\u0446\u0438\u0458\u0435 \u0443 \u043d\u0430\u0448\u043e\u0458 \u043f\u0440\u043e\u0434\u0430\u0432\u043d\u0438\u0446\u0438.","potentialAction":[{"@type":"SearchAction","target":{"@type":"EntryPoint","urlTemplate":"https:\/\/dodo-inflatables.com\/sr\/?s={search_term_string}"},"query-input":{"@type":"PropertyValueSpecification","valueRequired":true,"valueName":"search_term_string"}}],"inLanguage":"sr-RS"}]}},"uagb_featured_image_src":{"full":["https:\/\/dodo-inflatables.com\/wp-content\/uploads\/2026\/04\/Druckwaechter-Druckmesser-fur-Huepfburgen.jpg",700,700,false],"thumbnail":["https:\/\/dodo-inflatables.com\/wp-content\/uploads\/2026\/04\/Druckwaechter-Druckmesser-fur-Huepfburgen-150x150.jpg",150,150,true],"medium":["https:\/\/dodo-inflatables.com\/wp-content\/uploads\/2026\/04\/Druckwaechter-Druckmesser-fur-Huepfburgen-300x300.jpg",300,300,true],"medium_large":["https:\/\/dodo-inflatables.com\/wp-content\/uploads\/2026\/04\/Druckwaechter-Druckmesser-fur-Huepfburgen.jpg",700,700,false],"large":["https:\/\/dodo-inflatables.com\/wp-content\/uploads\/2026\/04\/Druckwaechter-Druckmesser-fur-Huepfburgen.jpg",700,700,false],"1536x1536":["https:\/\/dodo-inflatables.com\/wp-content\/uploads\/2026\/04\/Druckwaechter-Druckmesser-fur-Huepfburgen.jpg",700,700,false],"2048x2048":["https:\/\/dodo-inflatables.com\/wp-content\/uploads\/2026\/04\/Druckwaechter-Druckmesser-fur-Huepfburgen.jpg",700,700,false],"woocommerce_thumbnail":["https:\/\/dodo-inflatables.com\/wp-content\/uploads\/2026\/04\/Druckwaechter-Druckmesser-fur-Huepfburgen.jpg",700,700,false],"woocommerce_single":["https:\/\/dodo-inflatables.com\/wp-content\/uploads\/2026\/04\/Druckwaechter-Druckmesser-fur-Huepfburgen.jpg",700,700,false],"woocommerce_gallery_thumbnail":["https:\/\/dodo-inflatables.com\/wp-content\/uploads\/2026\/04\/Druckwaechter-Druckmesser-fur-Huepfburgen-100x100.jpg",100,100,true]},"uagb_author_info":{"display_name":"Andreas","author_link":"https:\/\/dodo-inflatables.com\/sr\/author\/"},"uagb_comment_info":0,"uagb_excerpt":"Dimenzije (\u0160 \u00d7 D \u00d7 V): oko 80 \u00d7 73 \u00d7 52 mm Dimenzije u pakovanom stanju: oko 110 \u00d7 110 \u00d7 100 mm Opseg merenja: 0\u20133000 Pa","_links":{"self":[{"href":"https:\/\/dodo-inflatables.com\/sr\/wp-json\/wp\/v2\/product\/105989","targetHints":{"allow":["GET"]}}],"collection":[{"href":"https:\/\/dodo-inflatables.com\/sr\/wp-json\/wp\/v2\/product"}],"about":[{"href":"https:\/\/dodo-inflatables.com\/sr\/wp-json\/wp\/v2\/types\/product"}],"replies":[{"embeddable":true,"href":"https:\/\/dodo-inflatables.com\/sr\/wp-json\/wp\/v2\/comments?post=105989"}],"wp:featuredmedia":[{"embeddable":true,"href":"https:\/\/dodo-inflatables.com\/sr\/wp-json\/wp\/v2\/media\/105988"}],"wp:attachment":[{"href":"https:\/\/dodo-inflatables.com\/sr\/wp-json\/wp\/v2\/media?parent=105989"}],"wp:term":[{"taxonomy":"product_brand","embeddable":true,"href":"https:\/\/dodo-inflatables.com\/sr\/wp-json\/wp\/v2\/product_brand?post=105989"},{"taxonomy":"product_cat","embeddable":true,"href":"https:\/\/dodo-inflatables.com\/sr\/wp-json\/wp\/v2\/product_cat?post=105989"},{"taxonomy":"product_tag","embeddable":true,"href":"https:\/\/dodo-inflatables.com\/sr\/wp-json\/wp\/v2\/product_tag?post=105989"}],"curies":[{"name":"wp","href":"https:\/\/api.w.org\/{rel}","templated":true}]}}