{"id":18054,"date":"2017-01-06T20:48:21","date_gmt":"2017-01-06T19:48:21","guid":{"rendered":"https:\/\/dodo-inflatables.com\/product\/%d0%b2%d1%80%d0%b5%d1%9b%d0%b0-%d1%81%d0%b0-%d0%bf%d0%b5%d1%81%d0%ba%d0%be%d0%bc-%d0%b7%d0%b0-%d0%bc%d0%b5%d1%80%d0%b5%d1%9a%d0%b5-%d1%82%d0%b5%d0%b6%d0%b8%d0%bd%d0%b5\/"},"modified":"2026-04-23T08:27:36","modified_gmt":"2026-04-23T06:27:36","slug":"%d0%b2%d1%80%d0%b5%d1%9b%d0%b0-%d1%81%d0%b0-%d0%bf%d0%b5%d1%81%d0%ba%d0%be%d0%bc-%d0%b7%d0%b0-%d0%bc%d0%b5%d1%80%d0%b5%d1%9a%d0%b5-%d1%82%d0%b5%d0%b6%d0%b8%d0%bd%d0%b5","status":"publish","type":"product","link":"https:\/\/dodo-inflatables.com\/sr\/\u043f\u0440\u043e\u0438\u0437\u0432\u043e\u0434\/%d0%b2%d1%80%d0%b5%d1%9b%d0%b0-%d1%81%d0%b0-%d0%bf%d0%b5%d1%81%d0%ba%d0%be%d0%bc-%d0%b7%d0%b0-%d0%bc%d0%b5%d1%80%d0%b5%d1%9a%d0%b5-%d1%82%d0%b5%d0%b6%d0%b8%d0%bd%d0%b5\/","title":{"rendered":"Vre\u0107e s peskom za balastiranje dvoraca na naduvavanje"},"content":{"rendered":"<h2 class=\"p1\">Kupite vre\u0107e s peskom za balastiranje dvoraca na naduvavanje<\/h2>\n<p class=\"p1\">Na\u0161e vre\u0107e s peskom su fleksibilno i provereno re\u0161enje za balastiranje dvoraca na naduvavanje i naduvavaju\u0107ih event modula \u2013 posebno kada se zemljani klinovi ne mogu koristiti zbog podloge, na primer na asfaltu, betonu ili u zatvorenom prostoru.<br \/>\nU zavisnosti od va\u0161ih potreba, vre\u0107e se mogu napuniti peskom ili sli\u010dnim rasutim materijalom, a zatim sigurno pri\u010dvrstiti za dvorac na naduvavanje pomo\u0107u integrisanih D-prstenova. To omogu\u0107ava brzo, individualno balastiranje dvoraca na naduvavanje prema specifi\u010dnoj lokaciji postavljanja.<br \/>\n\ud83d\udc49\ud83c\udffc <i>Dosti\u017ena te\u017eina zavisi od kori\u0161\u0107enog materijala punjenja i nivoa punjenja, a obi\u010dno iznosi oko 25\u201330 kg.<\/i><\/p>\n<p class=\"p3\"><b>Fleksibilno punjenje: <\/b>Vre\u0107e s peskom mogu se napuniti unapred ili direktno na licu mesta. To omogu\u0107ava prilago\u0111avanje te\u017eine u zavisnosti od lokacije, vremenskih uslova i veli\u010dine naduvavaju\u0107e konstrukcije.<\/p>\n<p class=\"p3\"><b>Prilagodljivo balastiranje: <\/b>Za razliku od vre\u0107a s vodom, te\u017eina vre\u0107a s peskom mo\u017ee se slobodno birati. To ih \u010dini posebno pogodnim za primene gde standardni balast nije nu\u017eno potreban ili gde je potrebno individualno prilagoditi te\u017einu.<\/p>\n<p class=\"p3\"><b>Jednostavno pri\u010dvr\u0161\u0107ivanje: <\/b>\u010cvrsti D-prstenovi omogu\u0107avaju sigurno pri\u010dvr\u0161\u0107ivanje vre\u0107a s peskom za sidri\u0161ne ta\u010dke dvorca na naduvavanje pomo\u0107u traka ili u\u017eadi.<\/p>\n<p class=\"p3\"><b>Robusne i izdr\u017eljive: <\/b>\u010cvrsti materijal dizajniran je za redovnu upotrebu u event i iznajmljiva\u010dkim preduze\u0107ima i dobro podnosi \u010desto punjenje i transport.<\/p>\n<p>&nbsp;<br \/>\n<strong>Detalji o vre\u0107ama s peskom<\/strong><\/p>\n<ul>\n<li>Dimenzije (D x \u0160): oko 50 cm x 50 cm<\/li>\n<li class=\"p1\">Pri\u010dvr\u0161\u0107ivanje: \u010dvrsti D-prstenovi<\/li>\n<li class=\"p1\">Punjenje: pesak ili sli\u010dni rasuti materijal<\/li>\n<\/ul>\n<p>&nbsp;<br \/>\nInfo: Cena po vre\u0107i s peskom.<\/p>\n","protected":false},"excerpt":{"rendered":"<ul>\n<li>Dimenzije (D x \u0160): oko 50 cm x 50 cm<\/li>\n<li class=\"p1\">Pri\u010dvr\u0161\u0107ivanje: \u010dvrsti D-prstenovi<\/li>\n<li class=\"p1\">Punjenje: pesak ili sli\u010dni rasuti materijal<\/li>\n<\/ul>\n","protected":false},"featured_media":18056,"comment_status":"open","ping_status":"closed","template":"","meta":{"_acf_changed":false,"_uag_custom_page_level_css":"","site-sidebar-layout":"default","site-content-layout":"boxed-container","ast-site-content-layout":"normal-width-container","site-content-style":"boxed","site-sidebar-style":"boxed","ast-global-header-display":"","ast-banner-title-visibility":"","ast-main-header-display":"","ast-hfb-above-header-display":"","ast-hfb-below-header-display":"","ast-hfb-mobile-header-display":"","site-post-title":"disabled","ast-breadcrumbs-content":"","ast-featured-img":"","footer-sml-layout":"","ast-disable-related-posts":"","theme-transparent-header-meta":"default","adv-header-id-meta":"","stick-header-meta":"default","header-above-stick-meta":"","header-main-stick-meta":"","header-below-stick-meta":"","astra-migrate-meta-layouts":"default","ast-page-background-enabled":"default","ast-page-background-meta":{"desktop":{"background-color":"var(--ast-global-color-4)","background-image":"","background-repeat":"repeat","background-position":"center center","background-size":"auto","background-attachment":"scroll","background-type":"","background-media":"","overlay-type":"","overlay-color":"","overlay-opacity":"","overlay-gradient":""},"tablet":{"background-color":"","background-image":"","background-repeat":"repeat","background-position":"center center","background-size":"auto","background-attachment":"scroll","background-type":"","background-media":"","overlay-type":"","overlay-color":"","overlay-opacity":"","overlay-gradient":""},"mobile":{"background-color":"","background-image":"","background-repeat":"repeat","background-position":"center center","background-size":"auto","background-attachment":"scroll","background-type":"","background-media":"","overlay-type":"","overlay-color":"","overlay-opacity":"","overlay-gradient":""}},"ast-content-background-meta":{"desktop":{"background-color":"var(--ast-global-color-5)","background-image":"","background-repeat":"repeat","background-position":"center center","background-size":"auto","background-attachment":"scroll","background-type":"","background-media":"","overlay-type":"","overlay-color":"","overlay-opacity":"","overlay-gradient":""},"tablet":{"background-color":"var(--ast-global-color-5)","background-image":"","background-repeat":"repeat","background-position":"center center","background-size":"auto","background-attachment":"scroll","background-type":"","background-media":"","overlay-type":"","overlay-color":"","overlay-opacity":"","overlay-gradient":""},"mobile":{"background-color":"var(--ast-global-color-5)","background-image":"","background-repeat":"repeat","background-position":"center center","background-size":"auto","background-attachment":"scroll","background-type":"","background-media":"","overlay-type":"","overlay-color":"","overlay-opacity":"","overlay-gradient":""}}},"product_brand":[],"product_cat":[2062],"product_tag":[],"class_list":{"0":"post-18054","1":"product","2":"type-product","3":"status-publish","4":"has-post-thumbnail","6":"product_cat-2062","7":"product_shipping_class-2063","8":"desktop-align-center","9":"tablet-align-center","10":"mobile-align-center","11":"ast-product-gallery-layout-horizontal","12":"ast-product-gallery-with-no-image","13":"ast-product-tabs-layout-horizontal","15":"first","16":"instock","17":"taxable","18":"shipping-taxable","19":"purchasable","20":"product-type-simple"},"acf":[],"yoast_head":"<!-- This site is optimized with the Yoast SEO plugin v27.5 - https:\/\/yoast.com\/product\/yoast-seo-wordpress\/ -->\n<title>\u041a\u0443\u043f\u0438\u0442\u0435 \u0432\u0440\u0435\u045b\u0435 \u0441\u0430 \u043f\u0435\u0441\u043a\u043e\u043c \u0437\u0430 \u043d\u0430\u0434\u0443\u0432\u0430\u0432\u0430\u045a\u0435 \u0437\u0430 \u043c\u0435\u0440\u0435\u045a\u0435 \u0442\u0435\u0436\u0438\u043d\u0435 | \u0414\u043e\u0434\u043e-\u0418\u043d\u0444\u043b\u0430\u0442\u0430\u0431\u043b\u0435\u0441.\u0446\u043e\u043c<\/title>\n<meta name=\"description\" content=\"\u041a\u0443\u043f\u0438\u0442\u0435 \u043f\u0440\u0430\u043a\u0442\u0438\u0447\u043d\u0435 \u0432\u0440\u0435\u045b\u0435 \u0441\u0430 \u043f\u0435\u0441\u043a\u043e\u043c \u0434\u0430 \u0431\u0438\u0441\u0442\u0435 \u0438\u0437\u043c\u0435\u0440\u0438\u043b\u0438 \u0433\u0443\u043c\u0435\u043d\u0435 \u0433\u0443\u043c\u0435 \u0434\u0438\u0440\u0435\u043a\u0442\u043d\u043e \u043d\u0430 \u043c\u0440\u0435\u0436\u0438 \u043d\u0430 \u0414\u043e\u0434\u043e-\u0418\u043d\u0444\u043b\u0430\u0442\u0430\u0431\u043b\u0435\u0441.\u0446\u043e\u043c | \u0412\u0435\u043b\u0438\u043a\u0438 \u0438\u0437\u0431\u043e\u0440 \u043d\u0430 \u043b\u0430\u0433\u0435\u0440\u0443 | \u0421\u0435\u0440\u0442\u0438\u0444\u0438\u043a\u043e\u0432\u0430\u043d\u043e \u043f\u0440\u0435\u043c\u0430 \u0415\u041d14960 |\" \/>\n<meta name=\"robots\" content=\"index, follow, max-snippet:-1, max-image-preview:large, max-video-preview:-1\" \/>\n<link rel=\"canonical\" href=\"https:\/\/dodo-inflatables.com\/sr\/\u043f\u0440\u043e\u0438\u0437\u0432\u043e\u0434\/%d0%b2%d1%80%d0%b5%d1%9b%d0%b0-%d1%81%d0%b0-%d0%bf%d0%b5%d1%81%d0%ba%d0%be%d0%bc-%d0%b7%d0%b0-%d0%bc%d0%b5%d1%80%d0%b5%d1%9a%d0%b5-%d1%82%d0%b5%d0%b6%d0%b8%d0%bd%d0%b5\/\" \/>\n<meta name=\"twitter:label1\" content=\"\u041f\u0440\u043e\u0446\u0435\u045a\u0435\u043d\u043e \u0432\u0440\u0435\u043c\u0435 \u0447\u0438\u0442\u0430\u045a\u0430\" \/>\n\t<meta name=\"twitter:data1\" content=\"1 \u043c\u0438\u043d\u0443\u0442\" \/>\n<script type=\"application\/ld+json\" class=\"yoast-schema-graph\">{\"@context\":\"https:\\\/\\\/schema.org\",\"@graph\":[{\"@type\":\"WebPage\",\"@id\":\"https:\\\/\\\/dodo-inflatables.com\\\/sr\\\/\u043f\u0440\u043e\u0438\u0437\u0432\u043e\u0434\\\/%d0%b2%d1%80%d0%b5%d1%9b%d0%b0-%d1%81%d0%b0-%d0%bf%d0%b5%d1%81%d0%ba%d0%be%d0%bc-%d0%b7%d0%b0-%d0%bc%d0%b5%d1%80%d0%b5%d1%9a%d0%b5-%d1%82%d0%b5%d0%b6%d0%b8%d0%bd%d0%b5\\\/\",\"url\":\"https:\\\/\\\/dodo-inflatables.com\\\/sr\\\/\u043f\u0440\u043e\u0438\u0437\u0432\u043e\u0434\\\/%d0%b2%d1%80%d0%b5%d1%9b%d0%b0-%d1%81%d0%b0-%d0%bf%d0%b5%d1%81%d0%ba%d0%be%d0%bc-%d0%b7%d0%b0-%d0%bc%d0%b5%d1%80%d0%b5%d1%9a%d0%b5-%d1%82%d0%b5%d0%b6%d0%b8%d0%bd%d0%b5\\\/\",\"name\":\"\u041a\u0443\u043f\u0438\u0442\u0435 \u0432\u0440\u0435\u045b\u0435 \u0441\u0430 \u043f\u0435\u0441\u043a\u043e\u043c \u0437\u0430 \u043d\u0430\u0434\u0443\u0432\u0430\u0432\u0430\u045a\u0435 \u0437\u0430 \u043c\u0435\u0440\u0435\u045a\u0435 \u0442\u0435\u0436\u0438\u043d\u0435 | \u0414\u043e\u0434\u043e-\u0418\u043d\u0444\u043b\u0430\u0442\u0430\u0431\u043b\u0435\u0441.\u0446\u043e\u043c\",\"isPartOf\":{\"@id\":\"https:\\\/\\\/dodo-inflatables.com\\\/sr\\\/#website\"},\"primaryImageOfPage\":{\"@id\":\"https:\\\/\\\/dodo-inflatables.com\\\/sr\\\/\u043f\u0440\u043e\u0438\u0437\u0432\u043e\u0434\\\/%d0%b2%d1%80%d0%b5%d1%9b%d0%b0-%d1%81%d0%b0-%d0%bf%d0%b5%d1%81%d0%ba%d0%be%d0%bc-%d0%b7%d0%b0-%d0%bc%d0%b5%d1%80%d0%b5%d1%9a%d0%b5-%d1%82%d0%b5%d0%b6%d0%b8%d0%bd%d0%b5\\\/#primaryimage\"},\"image\":{\"@id\":\"https:\\\/\\\/dodo-inflatables.com\\\/sr\\\/\u043f\u0440\u043e\u0438\u0437\u0432\u043e\u0434\\\/%d0%b2%d1%80%d0%b5%d1%9b%d0%b0-%d1%81%d0%b0-%d0%bf%d0%b5%d1%81%d0%ba%d0%be%d0%bc-%d0%b7%d0%b0-%d0%bc%d0%b5%d1%80%d0%b5%d1%9a%d0%b5-%d1%82%d0%b5%d0%b6%d0%b8%d0%bd%d0%b5\\\/#primaryimage\"},\"thumbnailUrl\":\"https:\\\/\\\/dodo-inflatables.com\\\/wp-content\\\/uploads\\\/2017\\\/01\\\/sandsack-beschwerung-hupfburg-kaufen.png\",\"datePublished\":\"2017-01-06T19:48:21+00:00\",\"dateModified\":\"2026-04-23T06:27:36+00:00\",\"description\":\"\u041a\u0443\u043f\u0438\u0442\u0435 \u043f\u0440\u0430\u043a\u0442\u0438\u0447\u043d\u0435 \u0432\u0440\u0435\u045b\u0435 \u0441\u0430 \u043f\u0435\u0441\u043a\u043e\u043c \u0434\u0430 \u0431\u0438\u0441\u0442\u0435 \u0438\u0437\u043c\u0435\u0440\u0438\u043b\u0438 \u0433\u0443\u043c\u0435\u043d\u0435 \u0433\u0443\u043c\u0435 \u0434\u0438\u0440\u0435\u043a\u0442\u043d\u043e \u043d\u0430 \u043c\u0440\u0435\u0436\u0438 \u043d\u0430 \u0414\u043e\u0434\u043e-\u0418\u043d\u0444\u043b\u0430\u0442\u0430\u0431\u043b\u0435\u0441.\u0446\u043e\u043c | \u0412\u0435\u043b\u0438\u043a\u0438 \u0438\u0437\u0431\u043e\u0440 \u043d\u0430 \u043b\u0430\u0433\u0435\u0440\u0443 | \u0421\u0435\u0440\u0442\u0438\u0444\u0438\u043a\u043e\u0432\u0430\u043d\u043e \u043f\u0440\u0435\u043c\u0430 \u0415\u041d14960 |\",\"breadcrumb\":{\"@id\":\"https:\\\/\\\/dodo-inflatables.com\\\/sr\\\/\u043f\u0440\u043e\u0438\u0437\u0432\u043e\u0434\\\/%d0%b2%d1%80%d0%b5%d1%9b%d0%b0-%d1%81%d0%b0-%d0%bf%d0%b5%d1%81%d0%ba%d0%be%d0%bc-%d0%b7%d0%b0-%d0%bc%d0%b5%d1%80%d0%b5%d1%9a%d0%b5-%d1%82%d0%b5%d0%b6%d0%b8%d0%bd%d0%b5\\\/#breadcrumb\"},\"inLanguage\":\"sr-RS\",\"potentialAction\":[{\"@type\":\"ReadAction\",\"target\":[\"https:\\\/\\\/dodo-inflatables.com\\\/sr\\\/\u043f\u0440\u043e\u0438\u0437\u0432\u043e\u0434\\\/%d0%b2%d1%80%d0%b5%d1%9b%d0%b0-%d1%81%d0%b0-%d0%bf%d0%b5%d1%81%d0%ba%d0%be%d0%bc-%d0%b7%d0%b0-%d0%bc%d0%b5%d1%80%d0%b5%d1%9a%d0%b5-%d1%82%d0%b5%d0%b6%d0%b8%d0%bd%d0%b5\\\/\"]}]},{\"@type\":\"ImageObject\",\"inLanguage\":\"sr-RS\",\"@id\":\"https:\\\/\\\/dodo-inflatables.com\\\/sr\\\/\u043f\u0440\u043e\u0438\u0437\u0432\u043e\u0434\\\/%d0%b2%d1%80%d0%b5%d1%9b%d0%b0-%d1%81%d0%b0-%d0%bf%d0%b5%d1%81%d0%ba%d0%be%d0%bc-%d0%b7%d0%b0-%d0%bc%d0%b5%d1%80%d0%b5%d1%9a%d0%b5-%d1%82%d0%b5%d0%b6%d0%b8%d0%bd%d0%b5\\\/#primaryimage\",\"url\":\"https:\\\/\\\/dodo-inflatables.com\\\/wp-content\\\/uploads\\\/2017\\\/01\\\/sandsack-beschwerung-hupfburg-kaufen.png\",\"contentUrl\":\"https:\\\/\\\/dodo-inflatables.com\\\/wp-content\\\/uploads\\\/2017\\\/01\\\/sandsack-beschwerung-hupfburg-kaufen.png\",\"width\":600,\"height\":500},{\"@type\":\"BreadcrumbList\",\"@id\":\"https:\\\/\\\/dodo-inflatables.com\\\/sr\\\/\u043f\u0440\u043e\u0438\u0437\u0432\u043e\u0434\\\/%d0%b2%d1%80%d0%b5%d1%9b%d0%b0-%d1%81%d0%b0-%d0%bf%d0%b5%d1%81%d0%ba%d0%be%d0%bc-%d0%b7%d0%b0-%d0%bc%d0%b5%d1%80%d0%b5%d1%9a%d0%b5-%d1%82%d0%b5%d0%b6%d0%b8%d0%bd%d0%b5\\\/#breadcrumb\",\"itemListElement\":[{\"@type\":\"ListItem\",\"position\":1,\"name\":\"\u041f\u043e\u0447\u0435\u0442\u043d\u0430\",\"item\":\"https:\\\/\\\/dodo-inflatables.com\\\/sr\\\/\"},{\"@type\":\"ListItem\",\"position\":2,\"name\":\"\u0421\u0445\u043e\u043f\",\"item\":\"https:\\\/\\\/dodo-inflatables.com\\\/sr\\\/%d1%81%d1%85%d0%be%d0%bf\\\/\"},{\"@type\":\"ListItem\",\"position\":3,\"name\":\"\u0412\u0440\u0435\u045b\u0430 \u0441\u0430 \u043f\u0435\u0441\u043a\u043e\u043c \u0437\u0430 \u043c\u0435\u0440\u0435\u045a\u0435 \u0442\u0435\u0436\u0438\u043d\u0435\"}]},{\"@type\":\"WebSite\",\"@id\":\"https:\\\/\\\/dodo-inflatables.com\\\/sr\\\/#website\",\"url\":\"https:\\\/\\\/dodo-inflatables.com\\\/sr\\\/\",\"name\":\"dodo-inflatables.com\",\"description\":\"\u041a\u0443\u043f\u0438\u0442\u0435 \u043d\u0430\u0441\u043a\u043e\u0447\u043d\u0435 \u0434\u0432\u043e\u0440\u0446\u0435 \u0438 \u0430\u0442\u0440\u0430\u043a\u0446\u0438\u0458\u0435 \u0443 \u043d\u0430\u0448\u043e\u0458 \u043f\u0440\u043e\u0434\u0430\u0432\u043d\u0438\u0446\u0438.\",\"potentialAction\":[{\"@type\":\"SearchAction\",\"target\":{\"@type\":\"EntryPoint\",\"urlTemplate\":\"https:\\\/\\\/dodo-inflatables.com\\\/sr\\\/?s={search_term_string}\"},\"query-input\":{\"@type\":\"PropertyValueSpecification\",\"valueRequired\":true,\"valueName\":\"search_term_string\"}}],\"inLanguage\":\"sr-RS\"}]}<\/script>\n<!-- \/ Yoast SEO plugin. -->","yoast_head_json":{"title":"\u041a\u0443\u043f\u0438\u0442\u0435 \u0432\u0440\u0435\u045b\u0435 \u0441\u0430 \u043f\u0435\u0441\u043a\u043e\u043c \u0437\u0430 \u043d\u0430\u0434\u0443\u0432\u0430\u0432\u0430\u045a\u0435 \u0437\u0430 \u043c\u0435\u0440\u0435\u045a\u0435 \u0442\u0435\u0436\u0438\u043d\u0435 | \u0414\u043e\u0434\u043e-\u0418\u043d\u0444\u043b\u0430\u0442\u0430\u0431\u043b\u0435\u0441.\u0446\u043e\u043c","description":"\u041a\u0443\u043f\u0438\u0442\u0435 \u043f\u0440\u0430\u043a\u0442\u0438\u0447\u043d\u0435 \u0432\u0440\u0435\u045b\u0435 \u0441\u0430 \u043f\u0435\u0441\u043a\u043e\u043c \u0434\u0430 \u0431\u0438\u0441\u0442\u0435 \u0438\u0437\u043c\u0435\u0440\u0438\u043b\u0438 \u0433\u0443\u043c\u0435\u043d\u0435 \u0433\u0443\u043c\u0435 \u0434\u0438\u0440\u0435\u043a\u0442\u043d\u043e \u043d\u0430 \u043c\u0440\u0435\u0436\u0438 \u043d\u0430 \u0414\u043e\u0434\u043e-\u0418\u043d\u0444\u043b\u0430\u0442\u0430\u0431\u043b\u0435\u0441.\u0446\u043e\u043c | \u0412\u0435\u043b\u0438\u043a\u0438 \u0438\u0437\u0431\u043e\u0440 \u043d\u0430 \u043b\u0430\u0433\u0435\u0440\u0443 | \u0421\u0435\u0440\u0442\u0438\u0444\u0438\u043a\u043e\u0432\u0430\u043d\u043e \u043f\u0440\u0435\u043c\u0430 \u0415\u041d14960 |","robots":{"index":"index","follow":"follow","max-snippet":"max-snippet:-1","max-image-preview":"max-image-preview:large","max-video-preview":"max-video-preview:-1"},"canonical":"https:\/\/dodo-inflatables.com\/sr\/\u043f\u0440\u043e\u0438\u0437\u0432\u043e\u0434\/%d0%b2%d1%80%d0%b5%d1%9b%d0%b0-%d1%81%d0%b0-%d0%bf%d0%b5%d1%81%d0%ba%d0%be%d0%bc-%d0%b7%d0%b0-%d0%bc%d0%b5%d1%80%d0%b5%d1%9a%d0%b5-%d1%82%d0%b5%d0%b6%d0%b8%d0%bd%d0%b5\/","twitter_misc":{"\u041f\u0440\u043e\u0446\u0435\u045a\u0435\u043d\u043e \u0432\u0440\u0435\u043c\u0435 \u0447\u0438\u0442\u0430\u045a\u0430":"1 \u043c\u0438\u043d\u0443\u0442"},"schema":{"@context":"https:\/\/schema.org","@graph":[{"@type":"WebPage","@id":"https:\/\/dodo-inflatables.com\/sr\/\u043f\u0440\u043e\u0438\u0437\u0432\u043e\u0434\/%d0%b2%d1%80%d0%b5%d1%9b%d0%b0-%d1%81%d0%b0-%d0%bf%d0%b5%d1%81%d0%ba%d0%be%d0%bc-%d0%b7%d0%b0-%d0%bc%d0%b5%d1%80%d0%b5%d1%9a%d0%b5-%d1%82%d0%b5%d0%b6%d0%b8%d0%bd%d0%b5\/","url":"https:\/\/dodo-inflatables.com\/sr\/\u043f\u0440\u043e\u0438\u0437\u0432\u043e\u0434\/%d0%b2%d1%80%d0%b5%d1%9b%d0%b0-%d1%81%d0%b0-%d0%bf%d0%b5%d1%81%d0%ba%d0%be%d0%bc-%d0%b7%d0%b0-%d0%bc%d0%b5%d1%80%d0%b5%d1%9a%d0%b5-%d1%82%d0%b5%d0%b6%d0%b8%d0%bd%d0%b5\/","name":"\u041a\u0443\u043f\u0438\u0442\u0435 \u0432\u0440\u0435\u045b\u0435 \u0441\u0430 \u043f\u0435\u0441\u043a\u043e\u043c \u0437\u0430 \u043d\u0430\u0434\u0443\u0432\u0430\u0432\u0430\u045a\u0435 \u0437\u0430 \u043c\u0435\u0440\u0435\u045a\u0435 \u0442\u0435\u0436\u0438\u043d\u0435 | \u0414\u043e\u0434\u043e-\u0418\u043d\u0444\u043b\u0430\u0442\u0430\u0431\u043b\u0435\u0441.\u0446\u043e\u043c","isPartOf":{"@id":"https:\/\/dodo-inflatables.com\/sr\/#website"},"primaryImageOfPage":{"@id":"https:\/\/dodo-inflatables.com\/sr\/\u043f\u0440\u043e\u0438\u0437\u0432\u043e\u0434\/%d0%b2%d1%80%d0%b5%d1%9b%d0%b0-%d1%81%d0%b0-%d0%bf%d0%b5%d1%81%d0%ba%d0%be%d0%bc-%d0%b7%d0%b0-%d0%bc%d0%b5%d1%80%d0%b5%d1%9a%d0%b5-%d1%82%d0%b5%d0%b6%d0%b8%d0%bd%d0%b5\/#primaryimage"},"image":{"@id":"https:\/\/dodo-inflatables.com\/sr\/\u043f\u0440\u043e\u0438\u0437\u0432\u043e\u0434\/%d0%b2%d1%80%d0%b5%d1%9b%d0%b0-%d1%81%d0%b0-%d0%bf%d0%b5%d1%81%d0%ba%d0%be%d0%bc-%d0%b7%d0%b0-%d0%bc%d0%b5%d1%80%d0%b5%d1%9a%d0%b5-%d1%82%d0%b5%d0%b6%d0%b8%d0%bd%d0%b5\/#primaryimage"},"thumbnailUrl":"https:\/\/dodo-inflatables.com\/wp-content\/uploads\/2017\/01\/sandsack-beschwerung-hupfburg-kaufen.png","datePublished":"2017-01-06T19:48:21+00:00","dateModified":"2026-04-23T06:27:36+00:00","description":"\u041a\u0443\u043f\u0438\u0442\u0435 \u043f\u0440\u0430\u043a\u0442\u0438\u0447\u043d\u0435 \u0432\u0440\u0435\u045b\u0435 \u0441\u0430 \u043f\u0435\u0441\u043a\u043e\u043c \u0434\u0430 \u0431\u0438\u0441\u0442\u0435 \u0438\u0437\u043c\u0435\u0440\u0438\u043b\u0438 \u0433\u0443\u043c\u0435\u043d\u0435 \u0433\u0443\u043c\u0435 \u0434\u0438\u0440\u0435\u043a\u0442\u043d\u043e \u043d\u0430 \u043c\u0440\u0435\u0436\u0438 \u043d\u0430 \u0414\u043e\u0434\u043e-\u0418\u043d\u0444\u043b\u0430\u0442\u0430\u0431\u043b\u0435\u0441.\u0446\u043e\u043c | \u0412\u0435\u043b\u0438\u043a\u0438 \u0438\u0437\u0431\u043e\u0440 \u043d\u0430 \u043b\u0430\u0433\u0435\u0440\u0443 | \u0421\u0435\u0440\u0442\u0438\u0444\u0438\u043a\u043e\u0432\u0430\u043d\u043e \u043f\u0440\u0435\u043c\u0430 \u0415\u041d14960 |","breadcrumb":{"@id":"https:\/\/dodo-inflatables.com\/sr\/\u043f\u0440\u043e\u0438\u0437\u0432\u043e\u0434\/%d0%b2%d1%80%d0%b5%d1%9b%d0%b0-%d1%81%d0%b0-%d0%bf%d0%b5%d1%81%d0%ba%d0%be%d0%bc-%d0%b7%d0%b0-%d0%bc%d0%b5%d1%80%d0%b5%d1%9a%d0%b5-%d1%82%d0%b5%d0%b6%d0%b8%d0%bd%d0%b5\/#breadcrumb"},"inLanguage":"sr-RS","potentialAction":[{"@type":"ReadAction","target":["https:\/\/dodo-inflatables.com\/sr\/\u043f\u0440\u043e\u0438\u0437\u0432\u043e\u0434\/%d0%b2%d1%80%d0%b5%d1%9b%d0%b0-%d1%81%d0%b0-%d0%bf%d0%b5%d1%81%d0%ba%d0%be%d0%bc-%d0%b7%d0%b0-%d0%bc%d0%b5%d1%80%d0%b5%d1%9a%d0%b5-%d1%82%d0%b5%d0%b6%d0%b8%d0%bd%d0%b5\/"]}]},{"@type":"ImageObject","inLanguage":"sr-RS","@id":"https:\/\/dodo-inflatables.com\/sr\/\u043f\u0440\u043e\u0438\u0437\u0432\u043e\u0434\/%d0%b2%d1%80%d0%b5%d1%9b%d0%b0-%d1%81%d0%b0-%d0%bf%d0%b5%d1%81%d0%ba%d0%be%d0%bc-%d0%b7%d0%b0-%d0%bc%d0%b5%d1%80%d0%b5%d1%9a%d0%b5-%d1%82%d0%b5%d0%b6%d0%b8%d0%bd%d0%b5\/#primaryimage","url":"https:\/\/dodo-inflatables.com\/wp-content\/uploads\/2017\/01\/sandsack-beschwerung-hupfburg-kaufen.png","contentUrl":"https:\/\/dodo-inflatables.com\/wp-content\/uploads\/2017\/01\/sandsack-beschwerung-hupfburg-kaufen.png","width":600,"height":500},{"@type":"BreadcrumbList","@id":"https:\/\/dodo-inflatables.com\/sr\/\u043f\u0440\u043e\u0438\u0437\u0432\u043e\u0434\/%d0%b2%d1%80%d0%b5%d1%9b%d0%b0-%d1%81%d0%b0-%d0%bf%d0%b5%d1%81%d0%ba%d0%be%d0%bc-%d0%b7%d0%b0-%d0%bc%d0%b5%d1%80%d0%b5%d1%9a%d0%b5-%d1%82%d0%b5%d0%b6%d0%b8%d0%bd%d0%b5\/#breadcrumb","itemListElement":[{"@type":"ListItem","position":1,"name":"\u041f\u043e\u0447\u0435\u0442\u043d\u0430","item":"https:\/\/dodo-inflatables.com\/sr\/"},{"@type":"ListItem","position":2,"name":"\u0421\u0445\u043e\u043f","item":"https:\/\/dodo-inflatables.com\/sr\/%d1%81%d1%85%d0%be%d0%bf\/"},{"@type":"ListItem","position":3,"name":"\u0412\u0440\u0435\u045b\u0430 \u0441\u0430 \u043f\u0435\u0441\u043a\u043e\u043c \u0437\u0430 \u043c\u0435\u0440\u0435\u045a\u0435 \u0442\u0435\u0436\u0438\u043d\u0435"}]},{"@type":"WebSite","@id":"https:\/\/dodo-inflatables.com\/sr\/#website","url":"https:\/\/dodo-inflatables.com\/sr\/","name":"dodo-inflatables.com","description":"\u041a\u0443\u043f\u0438\u0442\u0435 \u043d\u0430\u0441\u043a\u043e\u0447\u043d\u0435 \u0434\u0432\u043e\u0440\u0446\u0435 \u0438 \u0430\u0442\u0440\u0430\u043a\u0446\u0438\u0458\u0435 \u0443 \u043d\u0430\u0448\u043e\u0458 \u043f\u0440\u043e\u0434\u0430\u0432\u043d\u0438\u0446\u0438.","potentialAction":[{"@type":"SearchAction","target":{"@type":"EntryPoint","urlTemplate":"https:\/\/dodo-inflatables.com\/sr\/?s={search_term_string}"},"query-input":{"@type":"PropertyValueSpecification","valueRequired":true,"valueName":"search_term_string"}}],"inLanguage":"sr-RS"}]}},"uagb_featured_image_src":{"full":["https:\/\/dodo-inflatables.com\/wp-content\/uploads\/2017\/01\/sandsack-beschwerung-hupfburg-kaufen.png",600,500,false],"thumbnail":["https:\/\/dodo-inflatables.com\/wp-content\/uploads\/2017\/01\/sandsack-beschwerung-hupfburg-kaufen-150x150.png",150,150,true],"medium":["https:\/\/dodo-inflatables.com\/wp-content\/uploads\/2017\/01\/sandsack-beschwerung-hupfburg-kaufen-300x250.png",300,250,true],"medium_large":["https:\/\/dodo-inflatables.com\/wp-content\/uploads\/2017\/01\/sandsack-beschwerung-hupfburg-kaufen.png",600,500,false],"large":["https:\/\/dodo-inflatables.com\/wp-content\/uploads\/2017\/01\/sandsack-beschwerung-hupfburg-kaufen.png",600,500,false],"1536x1536":["https:\/\/dodo-inflatables.com\/wp-content\/uploads\/2017\/01\/sandsack-beschwerung-hupfburg-kaufen.png",600,500,false],"2048x2048":["https:\/\/dodo-inflatables.com\/wp-content\/uploads\/2017\/01\/sandsack-beschwerung-hupfburg-kaufen.png",600,500,false],"woocommerce_thumbnail":["https:\/\/dodo-inflatables.com\/wp-content\/uploads\/2017\/01\/sandsack-beschwerung-hupfburg-kaufen.png",600,500,false],"woocommerce_single":["https:\/\/dodo-inflatables.com\/wp-content\/uploads\/2017\/01\/sandsack-beschwerung-hupfburg-kaufen.png",600,500,false],"woocommerce_gallery_thumbnail":["https:\/\/dodo-inflatables.com\/wp-content\/uploads\/2017\/01\/sandsack-beschwerung-hupfburg-kaufen-100x100.png",100,100,true]},"uagb_author_info":{"display_name":"Andreas","author_link":"https:\/\/dodo-inflatables.com\/sr\/author\/"},"uagb_comment_info":0,"uagb_excerpt":"Dimenzije (D x \u0160): oko 50 cm x 50 cm Pri\u010dvr\u0161\u0107ivanje: \u010dvrsti D-prstenovi Punjenje: pesak ili sli\u010dni rasuti materijal","_links":{"self":[{"href":"https:\/\/dodo-inflatables.com\/sr\/wp-json\/wp\/v2\/product\/18054","targetHints":{"allow":["GET"]}}],"collection":[{"href":"https:\/\/dodo-inflatables.com\/sr\/wp-json\/wp\/v2\/product"}],"about":[{"href":"https:\/\/dodo-inflatables.com\/sr\/wp-json\/wp\/v2\/types\/product"}],"replies":[{"embeddable":true,"href":"https:\/\/dodo-inflatables.com\/sr\/wp-json\/wp\/v2\/comments?post=18054"}],"wp:featuredmedia":[{"embeddable":true,"href":"https:\/\/dodo-inflatables.com\/sr\/wp-json\/wp\/v2\/media\/18056"}],"wp:attachment":[{"href":"https:\/\/dodo-inflatables.com\/sr\/wp-json\/wp\/v2\/media?parent=18054"}],"wp:term":[{"taxonomy":"product_brand","embeddable":true,"href":"https:\/\/dodo-inflatables.com\/sr\/wp-json\/wp\/v2\/product_brand?post=18054"},{"taxonomy":"product_cat","embeddable":true,"href":"https:\/\/dodo-inflatables.com\/sr\/wp-json\/wp\/v2\/product_cat?post=18054"},{"taxonomy":"product_tag","embeddable":true,"href":"https:\/\/dodo-inflatables.com\/sr\/wp-json\/wp\/v2\/product_tag?post=18054"}],"curies":[{"name":"wp","href":"https:\/\/api.w.org\/{rel}","templated":true}]}}