{"id":18086,"date":"2017-01-06T20:41:52","date_gmt":"2017-01-06T19:41:52","guid":{"rendered":"https:\/\/dodo-inflatables.com\/product\/%d0%b3%d0%b8%d0%b1%d0%b1%d0%be%d0%bd%d1%81-%d0%b1%d0%bb%d0%be%d0%b2%d0%b5%d1%80-%d1%84%d0%bf5005-1-5%d0%bf%d1%81\/"},"modified":"2026-04-23T08:10:08","modified_gmt":"2026-04-23T06:10:08","slug":"%d0%b3%d0%b8%d0%b1%d0%b1%d0%be%d0%bd%d1%81-%d0%b1%d0%bb%d0%be%d0%b2%d0%b5%d1%80-%d1%84%d0%bf5005-1-5%d0%bf%d1%81","status":"publish","type":"product","link":"https:\/\/dodo-inflatables.com\/sr\/\u043f\u0440\u043e\u0438\u0437\u0432\u043e\u0434\/%d0%b3%d0%b8%d0%b1%d0%b1%d0%be%d0%bd%d1%81-%d0%b1%d0%bb%d0%be%d0%b2%d0%b5%d1%80-%d1%84%d0%bf5005-1-5%d0%bf%d1%81\/","title":{"rendered":"Gibbons duva\u010d FP5005 &#8211; 1.5 HP"},"content":{"rendered":"<h2>Kupite Gibbons duva\u010d za dvorce na naduvavanje<\/h2>\n<p>Gibbons duva\u010d za dvorce na naduvavanje je pravi klasik \u2013 robustan, pouzdan i napravljen da traje.<br \/>\n<strong>Izdr\u017eljivo metalno ku\u0107i\u0161te:<\/strong> Duva\u010d je sme\u0161ten u \u010dvrsto metalno ku\u0107i\u0161te koje pru\u017ea dugotrajnu izdr\u017eljivost i za\u0161titu od habanja.<br \/>\n<strong>Sna\u017ean protok vazduha:<\/strong> Dizajniran za optimalan protok vazduha, brzo i efikasno naduvava va\u0161 dvorac na naduvavanje uz odr\u017eavanje odgovaraju\u0107eg pritiska vazduha tokom upotrebe.<br \/>\n<strong>Svestrana kompatibilnost:<\/strong> Pogodan za \u0161irok spektar naduvavaju\u0107ih konstrukcija, od dvoraca na naduvavanje do naduvavaju\u0107ih tobogana i mnogih drugih event modula.<\/p>\n<h3><strong>Detalji o Gibbons duva\u010da<\/strong><\/h3>\n<ul>\n<li style=\"list-style-type: none;\">\n<ul>\n<li>Materijal: \u010deli\u010dno ku\u0107i\u0161te, levak od tvrde plastike.<\/li>\n<li>Snaga: 1,1 kW (izlaz), 1,68 kW (ulaz), 1,5 HP<\/li>\n<li>Priklju\u010dak: Schuko utika\u010d<\/li>\n<li>Pre\u010dnik levka: 21,5 cm<\/li>\n<li>Dimenzije: 41 x 22 x 53 cm<\/li>\n<li>Te\u017eina: 16,6 kg<\/li>\n<li>Nivo buke: 83 dB<\/li>\n<li>WEEE registracioni br.: DE 82972723<\/li>\n<\/ul>\n<\/li>\n<\/ul>\n<p>Zahvaljuju\u0107i kompaktnom, kutijastom dizajnu, duva\u010d se mo\u017ee lako slagati i \u010duvati. Sa pre\u010dnikom levka od 21,5 cm, Gibbons duva\u010d pogodan je ne samo za dvorce na naduvavanje, ve\u0107 i za event module i druge naduvavaju\u0107e atrakcije kao \u0161to su ciljni zidovi, d\u017einovski tobogani i jo\u0161 mnogo toga. Svi proizvodi dostupni u na\u0161oj prodavnici u potpunosti su kompatibilni sa ovim duva\u010dem.<br \/>\n&nbsp;<\/p>\n","protected":false},"excerpt":{"rendered":"<ul>\n<li>Materijal: \u010deli\u010dno ku\u0107i\u0161te, levak od tvrde plastike.<\/li>\n<li>Snaga: 1,1 kW (izlaz), 1,68 kW (ulaz), 1,5 HP<\/li>\n<li>Priklju\u010dak: Schuko utika\u010d<\/li>\n<li>Pre\u010dnik levka: 21,5 cm<\/li>\n<li>Dimenzije: 41 x 22 x 53 cm<\/li>\n<li>Te\u017eina: 16,6 kg<\/li>\n<li>Nivo buke: 83 dB<\/li>\n<li>WEEE registracioni br.: DE 82972723<\/li>\n<\/ul>\n","protected":false},"featured_media":18087,"comment_status":"open","ping_status":"closed","template":"","meta":{"_acf_changed":false,"_uag_custom_page_level_css":"","site-sidebar-layout":"default","site-content-layout":"boxed-container","ast-site-content-layout":"normal-width-container","site-content-style":"boxed","site-sidebar-style":"boxed","ast-global-header-display":"","ast-banner-title-visibility":"","ast-main-header-display":"","ast-hfb-above-header-display":"","ast-hfb-below-header-display":"","ast-hfb-mobile-header-display":"","site-post-title":"disabled","ast-breadcrumbs-content":"","ast-featured-img":"","footer-sml-layout":"","ast-disable-related-posts":"","theme-transparent-header-meta":"default","adv-header-id-meta":"","stick-header-meta":"default","header-above-stick-meta":"","header-main-stick-meta":"","header-below-stick-meta":"","astra-migrate-meta-layouts":"default","ast-page-background-enabled":"default","ast-page-background-meta":{"desktop":{"background-color":"var(--ast-global-color-4)","background-image":"","background-repeat":"repeat","background-position":"center center","background-size":"auto","background-attachment":"scroll","background-type":"","background-media":"","overlay-type":"","overlay-color":"","overlay-opacity":"","overlay-gradient":""},"tablet":{"background-color":"","background-image":"","background-repeat":"repeat","background-position":"center center","background-size":"auto","background-attachment":"scroll","background-type":"","background-media":"","overlay-type":"","overlay-color":"","overlay-opacity":"","overlay-gradient":""},"mobile":{"background-color":"","background-image":"","background-repeat":"repeat","background-position":"center center","background-size":"auto","background-attachment":"scroll","background-type":"","background-media":"","overlay-type":"","overlay-color":"","overlay-opacity":"","overlay-gradient":""}},"ast-content-background-meta":{"desktop":{"background-color":"var(--ast-global-color-5)","background-image":"","background-repeat":"repeat","background-position":"center center","background-size":"auto","background-attachment":"scroll","background-type":"","background-media":"","overlay-type":"","overlay-color":"","overlay-opacity":"","overlay-gradient":""},"tablet":{"background-color":"var(--ast-global-color-5)","background-image":"","background-repeat":"repeat","background-position":"center center","background-size":"auto","background-attachment":"scroll","background-type":"","background-media":"","overlay-type":"","overlay-color":"","overlay-opacity":"","overlay-gradient":""},"mobile":{"background-color":"var(--ast-global-color-5)","background-image":"","background-repeat":"repeat","background-position":"center center","background-size":"auto","background-attachment":"scroll","background-type":"","background-media":"","overlay-type":"","overlay-color":"","overlay-opacity":"","overlay-gradient":""}}},"product_brand":[],"product_cat":[2062],"product_tag":[],"class_list":{"0":"post-18086","1":"product","2":"type-product","3":"status-publish","4":"has-post-thumbnail","6":"product_cat-2062","7":"product_shipping_class-2063","8":"desktop-align-center","9":"tablet-align-center","10":"mobile-align-center","11":"ast-product-gallery-layout-horizontal","12":"ast-product-gallery-with-no-image","13":"ast-product-tabs-layout-horizontal","15":"first","16":"instock","17":"taxable","18":"shipping-taxable","19":"purchasable","20":"product-type-simple"},"acf":[],"yoast_head":"<!-- This site is optimized with the Yoast SEO plugin v27.5 - https:\/\/yoast.com\/product\/yoast-seo-wordpress\/ -->\n<title>\u041a\u0443\u043f\u0438 \u0413\u0438\u0431\u043e\u043d\u0441 \u0434\u0443\u0432\u0430\u0459\u043a\u0435 \u0437\u0430 \u0433\u0443\u043c\u0435\u045a\u0430\u043a\u0435 | \u0414\u043e\u0434\u043e-\u0418\u043d\u0444\u043b\u0430\u0442\u0430\u0431\u043b\u0435\u0441.\u0446\u043e\u043c<\/title>\n<meta name=\"description\" content=\"\u041a\u0443\u043f\u0438\u0442\u0435 \u0458\u0435\u0444\u0442\u0438\u043d\u0435 \u0413\u0438\u0431\u0431\u043e\u043d\u0441 1,1\u041a\u0412 \u0434\u0443\u0432\u0430\u0459\u043a\u0435 \u0437\u0430 \u0433\u0443\u043c\u0435\u045a\u0430\u043a\u0435 \u043d\u0430 \u0414\u043e\u0434\u043e-\u0418\u043d\u0444\u043b\u0430\u0442\u0430\u0431\u043b\u0435\u0441.\u0446\u043e\u043c! | \u0424\u0435\u0440 \u0446\u0435\u043d\u0435 | \u0423\u0432\u0435\u043a \u043d\u0430 \u043b\u0430\u0433\u0435\u0440\u0443 | \u0424\u0430\u0441\u0442 \u0441\u0445\u0438\u043f\u043f\u0438\u043d\u0433!\" \/>\n<meta name=\"robots\" content=\"index, follow, max-snippet:-1, max-image-preview:large, max-video-preview:-1\" \/>\n<link rel=\"canonical\" href=\"https:\/\/dodo-inflatables.com\/sr\/\u043f\u0440\u043e\u0438\u0437\u0432\u043e\u0434\/%d0%b3%d0%b8%d0%b1%d0%b1%d0%be%d0%bd%d1%81-%d0%b1%d0%bb%d0%be%d0%b2%d0%b5%d1%80-%d1%84%d0%bf5005-1-5%d0%bf%d1%81\/\" \/>\n<meta name=\"twitter:label1\" content=\"\u041f\u0440\u043e\u0446\u0435\u045a\u0435\u043d\u043e \u0432\u0440\u0435\u043c\u0435 \u0447\u0438\u0442\u0430\u045a\u0430\" \/>\n\t<meta name=\"twitter:data1\" content=\"1 \u043c\u0438\u043d\u0443\u0442\" \/>\n<script type=\"application\/ld+json\" class=\"yoast-schema-graph\">{\"@context\":\"https:\\\/\\\/schema.org\",\"@graph\":[{\"@type\":\"WebPage\",\"@id\":\"https:\\\/\\\/dodo-inflatables.com\\\/sr\\\/\u043f\u0440\u043e\u0438\u0437\u0432\u043e\u0434\\\/%d0%b3%d0%b8%d0%b1%d0%b1%d0%be%d0%bd%d1%81-%d0%b1%d0%bb%d0%be%d0%b2%d0%b5%d1%80-%d1%84%d0%bf5005-1-5%d0%bf%d1%81\\\/\",\"url\":\"https:\\\/\\\/dodo-inflatables.com\\\/sr\\\/\u043f\u0440\u043e\u0438\u0437\u0432\u043e\u0434\\\/%d0%b3%d0%b8%d0%b1%d0%b1%d0%be%d0%bd%d1%81-%d0%b1%d0%bb%d0%be%d0%b2%d0%b5%d1%80-%d1%84%d0%bf5005-1-5%d0%bf%d1%81\\\/\",\"name\":\"\u041a\u0443\u043f\u0438 \u0413\u0438\u0431\u043e\u043d\u0441 \u0434\u0443\u0432\u0430\u0459\u043a\u0435 \u0437\u0430 \u0433\u0443\u043c\u0435\u045a\u0430\u043a\u0435 | \u0414\u043e\u0434\u043e-\u0418\u043d\u0444\u043b\u0430\u0442\u0430\u0431\u043b\u0435\u0441.\u0446\u043e\u043c\",\"isPartOf\":{\"@id\":\"https:\\\/\\\/dodo-inflatables.com\\\/sr\\\/#website\"},\"primaryImageOfPage\":{\"@id\":\"https:\\\/\\\/dodo-inflatables.com\\\/sr\\\/\u043f\u0440\u043e\u0438\u0437\u0432\u043e\u0434\\\/%d0%b3%d0%b8%d0%b1%d0%b1%d0%be%d0%bd%d1%81-%d0%b1%d0%bb%d0%be%d0%b2%d0%b5%d1%80-%d1%84%d0%bf5005-1-5%d0%bf%d1%81\\\/#primaryimage\"},\"image\":{\"@id\":\"https:\\\/\\\/dodo-inflatables.com\\\/sr\\\/\u043f\u0440\u043e\u0438\u0437\u0432\u043e\u0434\\\/%d0%b3%d0%b8%d0%b1%d0%b1%d0%be%d0%bd%d1%81-%d0%b1%d0%bb%d0%be%d0%b2%d0%b5%d1%80-%d1%84%d0%bf5005-1-5%d0%bf%d1%81\\\/#primaryimage\"},\"thumbnailUrl\":\"https:\\\/\\\/dodo-inflatables.com\\\/wp-content\\\/uploads\\\/2017\\\/01\\\/gibbons-geblase-metallgehause-fur-hupfburg-kaufen-500.png\",\"datePublished\":\"2017-01-06T19:41:52+00:00\",\"dateModified\":\"2026-04-23T06:10:08+00:00\",\"description\":\"\u041a\u0443\u043f\u0438\u0442\u0435 \u0458\u0435\u0444\u0442\u0438\u043d\u0435 \u0413\u0438\u0431\u0431\u043e\u043d\u0441 1,1\u041a\u0412 \u0434\u0443\u0432\u0430\u0459\u043a\u0435 \u0437\u0430 \u0433\u0443\u043c\u0435\u045a\u0430\u043a\u0435 \u043d\u0430 \u0414\u043e\u0434\u043e-\u0418\u043d\u0444\u043b\u0430\u0442\u0430\u0431\u043b\u0435\u0441.\u0446\u043e\u043c! | \u0424\u0435\u0440 \u0446\u0435\u043d\u0435 | \u0423\u0432\u0435\u043a \u043d\u0430 \u043b\u0430\u0433\u0435\u0440\u0443 | \u0424\u0430\u0441\u0442 \u0441\u0445\u0438\u043f\u043f\u0438\u043d\u0433!\",\"breadcrumb\":{\"@id\":\"https:\\\/\\\/dodo-inflatables.com\\\/sr\\\/\u043f\u0440\u043e\u0438\u0437\u0432\u043e\u0434\\\/%d0%b3%d0%b8%d0%b1%d0%b1%d0%be%d0%bd%d1%81-%d0%b1%d0%bb%d0%be%d0%b2%d0%b5%d1%80-%d1%84%d0%bf5005-1-5%d0%bf%d1%81\\\/#breadcrumb\"},\"inLanguage\":\"sr-RS\",\"potentialAction\":[{\"@type\":\"ReadAction\",\"target\":[\"https:\\\/\\\/dodo-inflatables.com\\\/sr\\\/\u043f\u0440\u043e\u0438\u0437\u0432\u043e\u0434\\\/%d0%b3%d0%b8%d0%b1%d0%b1%d0%be%d0%bd%d1%81-%d0%b1%d0%bb%d0%be%d0%b2%d0%b5%d1%80-%d1%84%d0%bf5005-1-5%d0%bf%d1%81\\\/\"]}]},{\"@type\":\"ImageObject\",\"inLanguage\":\"sr-RS\",\"@id\":\"https:\\\/\\\/dodo-inflatables.com\\\/sr\\\/\u043f\u0440\u043e\u0438\u0437\u0432\u043e\u0434\\\/%d0%b3%d0%b8%d0%b1%d0%b1%d0%be%d0%bd%d1%81-%d0%b1%d0%bb%d0%be%d0%b2%d0%b5%d1%80-%d1%84%d0%bf5005-1-5%d0%bf%d1%81\\\/#primaryimage\",\"url\":\"https:\\\/\\\/dodo-inflatables.com\\\/wp-content\\\/uploads\\\/2017\\\/01\\\/gibbons-geblase-metallgehause-fur-hupfburg-kaufen-500.png\",\"contentUrl\":\"https:\\\/\\\/dodo-inflatables.com\\\/wp-content\\\/uploads\\\/2017\\\/01\\\/gibbons-geblase-metallgehause-fur-hupfburg-kaufen-500.png\",\"width\":500,\"height\":500},{\"@type\":\"BreadcrumbList\",\"@id\":\"https:\\\/\\\/dodo-inflatables.com\\\/sr\\\/\u043f\u0440\u043e\u0438\u0437\u0432\u043e\u0434\\\/%d0%b3%d0%b8%d0%b1%d0%b1%d0%be%d0%bd%d1%81-%d0%b1%d0%bb%d0%be%d0%b2%d0%b5%d1%80-%d1%84%d0%bf5005-1-5%d0%bf%d1%81\\\/#breadcrumb\",\"itemListElement\":[{\"@type\":\"ListItem\",\"position\":1,\"name\":\"\u041f\u043e\u0447\u0435\u0442\u043d\u0430\",\"item\":\"https:\\\/\\\/dodo-inflatables.com\\\/sr\\\/\"},{\"@type\":\"ListItem\",\"position\":2,\"name\":\"\u0421\u0445\u043e\u043f\",\"item\":\"https:\\\/\\\/dodo-inflatables.com\\\/sr\\\/%d1%81%d1%85%d0%be%d0%bf\\\/\"},{\"@type\":\"ListItem\",\"position\":3,\"name\":\"\u0413\u0438\u0431\u0431\u043e\u043d\u0441 \u0411\u043b\u043e\u0432\u0435\u0440 \u0424\u041f5005 &#8211; 1.5\u041f\u0421\"}]},{\"@type\":\"WebSite\",\"@id\":\"https:\\\/\\\/dodo-inflatables.com\\\/sr\\\/#website\",\"url\":\"https:\\\/\\\/dodo-inflatables.com\\\/sr\\\/\",\"name\":\"dodo-inflatables.com\",\"description\":\"\u041a\u0443\u043f\u0438\u0442\u0435 \u043d\u0430\u0441\u043a\u043e\u0447\u043d\u0435 \u0434\u0432\u043e\u0440\u0446\u0435 \u0438 \u0430\u0442\u0440\u0430\u043a\u0446\u0438\u0458\u0435 \u0443 \u043d\u0430\u0448\u043e\u0458 \u043f\u0440\u043e\u0434\u0430\u0432\u043d\u0438\u0446\u0438.\",\"potentialAction\":[{\"@type\":\"SearchAction\",\"target\":{\"@type\":\"EntryPoint\",\"urlTemplate\":\"https:\\\/\\\/dodo-inflatables.com\\\/sr\\\/?s={search_term_string}\"},\"query-input\":{\"@type\":\"PropertyValueSpecification\",\"valueRequired\":true,\"valueName\":\"search_term_string\"}}],\"inLanguage\":\"sr-RS\"}]}<\/script>\n<!-- \/ Yoast SEO plugin. -->","yoast_head_json":{"title":"\u041a\u0443\u043f\u0438 \u0413\u0438\u0431\u043e\u043d\u0441 \u0434\u0443\u0432\u0430\u0459\u043a\u0435 \u0437\u0430 \u0433\u0443\u043c\u0435\u045a\u0430\u043a\u0435 | \u0414\u043e\u0434\u043e-\u0418\u043d\u0444\u043b\u0430\u0442\u0430\u0431\u043b\u0435\u0441.\u0446\u043e\u043c","description":"\u041a\u0443\u043f\u0438\u0442\u0435 \u0458\u0435\u0444\u0442\u0438\u043d\u0435 \u0413\u0438\u0431\u0431\u043e\u043d\u0441 1,1\u041a\u0412 \u0434\u0443\u0432\u0430\u0459\u043a\u0435 \u0437\u0430 \u0433\u0443\u043c\u0435\u045a\u0430\u043a\u0435 \u043d\u0430 \u0414\u043e\u0434\u043e-\u0418\u043d\u0444\u043b\u0430\u0442\u0430\u0431\u043b\u0435\u0441.\u0446\u043e\u043c! | \u0424\u0435\u0440 \u0446\u0435\u043d\u0435 | \u0423\u0432\u0435\u043a \u043d\u0430 \u043b\u0430\u0433\u0435\u0440\u0443 | \u0424\u0430\u0441\u0442 \u0441\u0445\u0438\u043f\u043f\u0438\u043d\u0433!","robots":{"index":"index","follow":"follow","max-snippet":"max-snippet:-1","max-image-preview":"max-image-preview:large","max-video-preview":"max-video-preview:-1"},"canonical":"https:\/\/dodo-inflatables.com\/sr\/\u043f\u0440\u043e\u0438\u0437\u0432\u043e\u0434\/%d0%b3%d0%b8%d0%b1%d0%b1%d0%be%d0%bd%d1%81-%d0%b1%d0%bb%d0%be%d0%b2%d0%b5%d1%80-%d1%84%d0%bf5005-1-5%d0%bf%d1%81\/","twitter_misc":{"\u041f\u0440\u043e\u0446\u0435\u045a\u0435\u043d\u043e \u0432\u0440\u0435\u043c\u0435 \u0447\u0438\u0442\u0430\u045a\u0430":"1 \u043c\u0438\u043d\u0443\u0442"},"schema":{"@context":"https:\/\/schema.org","@graph":[{"@type":"WebPage","@id":"https:\/\/dodo-inflatables.com\/sr\/\u043f\u0440\u043e\u0438\u0437\u0432\u043e\u0434\/%d0%b3%d0%b8%d0%b1%d0%b1%d0%be%d0%bd%d1%81-%d0%b1%d0%bb%d0%be%d0%b2%d0%b5%d1%80-%d1%84%d0%bf5005-1-5%d0%bf%d1%81\/","url":"https:\/\/dodo-inflatables.com\/sr\/\u043f\u0440\u043e\u0438\u0437\u0432\u043e\u0434\/%d0%b3%d0%b8%d0%b1%d0%b1%d0%be%d0%bd%d1%81-%d0%b1%d0%bb%d0%be%d0%b2%d0%b5%d1%80-%d1%84%d0%bf5005-1-5%d0%bf%d1%81\/","name":"\u041a\u0443\u043f\u0438 \u0413\u0438\u0431\u043e\u043d\u0441 \u0434\u0443\u0432\u0430\u0459\u043a\u0435 \u0437\u0430 \u0433\u0443\u043c\u0435\u045a\u0430\u043a\u0435 | \u0414\u043e\u0434\u043e-\u0418\u043d\u0444\u043b\u0430\u0442\u0430\u0431\u043b\u0435\u0441.\u0446\u043e\u043c","isPartOf":{"@id":"https:\/\/dodo-inflatables.com\/sr\/#website"},"primaryImageOfPage":{"@id":"https:\/\/dodo-inflatables.com\/sr\/\u043f\u0440\u043e\u0438\u0437\u0432\u043e\u0434\/%d0%b3%d0%b8%d0%b1%d0%b1%d0%be%d0%bd%d1%81-%d0%b1%d0%bb%d0%be%d0%b2%d0%b5%d1%80-%d1%84%d0%bf5005-1-5%d0%bf%d1%81\/#primaryimage"},"image":{"@id":"https:\/\/dodo-inflatables.com\/sr\/\u043f\u0440\u043e\u0438\u0437\u0432\u043e\u0434\/%d0%b3%d0%b8%d0%b1%d0%b1%d0%be%d0%bd%d1%81-%d0%b1%d0%bb%d0%be%d0%b2%d0%b5%d1%80-%d1%84%d0%bf5005-1-5%d0%bf%d1%81\/#primaryimage"},"thumbnailUrl":"https:\/\/dodo-inflatables.com\/wp-content\/uploads\/2017\/01\/gibbons-geblase-metallgehause-fur-hupfburg-kaufen-500.png","datePublished":"2017-01-06T19:41:52+00:00","dateModified":"2026-04-23T06:10:08+00:00","description":"\u041a\u0443\u043f\u0438\u0442\u0435 \u0458\u0435\u0444\u0442\u0438\u043d\u0435 \u0413\u0438\u0431\u0431\u043e\u043d\u0441 1,1\u041a\u0412 \u0434\u0443\u0432\u0430\u0459\u043a\u0435 \u0437\u0430 \u0433\u0443\u043c\u0435\u045a\u0430\u043a\u0435 \u043d\u0430 \u0414\u043e\u0434\u043e-\u0418\u043d\u0444\u043b\u0430\u0442\u0430\u0431\u043b\u0435\u0441.\u0446\u043e\u043c! | \u0424\u0435\u0440 \u0446\u0435\u043d\u0435 | \u0423\u0432\u0435\u043a \u043d\u0430 \u043b\u0430\u0433\u0435\u0440\u0443 | \u0424\u0430\u0441\u0442 \u0441\u0445\u0438\u043f\u043f\u0438\u043d\u0433!","breadcrumb":{"@id":"https:\/\/dodo-inflatables.com\/sr\/\u043f\u0440\u043e\u0438\u0437\u0432\u043e\u0434\/%d0%b3%d0%b8%d0%b1%d0%b1%d0%be%d0%bd%d1%81-%d0%b1%d0%bb%d0%be%d0%b2%d0%b5%d1%80-%d1%84%d0%bf5005-1-5%d0%bf%d1%81\/#breadcrumb"},"inLanguage":"sr-RS","potentialAction":[{"@type":"ReadAction","target":["https:\/\/dodo-inflatables.com\/sr\/\u043f\u0440\u043e\u0438\u0437\u0432\u043e\u0434\/%d0%b3%d0%b8%d0%b1%d0%b1%d0%be%d0%bd%d1%81-%d0%b1%d0%bb%d0%be%d0%b2%d0%b5%d1%80-%d1%84%d0%bf5005-1-5%d0%bf%d1%81\/"]}]},{"@type":"ImageObject","inLanguage":"sr-RS","@id":"https:\/\/dodo-inflatables.com\/sr\/\u043f\u0440\u043e\u0438\u0437\u0432\u043e\u0434\/%d0%b3%d0%b8%d0%b1%d0%b1%d0%be%d0%bd%d1%81-%d0%b1%d0%bb%d0%be%d0%b2%d0%b5%d1%80-%d1%84%d0%bf5005-1-5%d0%bf%d1%81\/#primaryimage","url":"https:\/\/dodo-inflatables.com\/wp-content\/uploads\/2017\/01\/gibbons-geblase-metallgehause-fur-hupfburg-kaufen-500.png","contentUrl":"https:\/\/dodo-inflatables.com\/wp-content\/uploads\/2017\/01\/gibbons-geblase-metallgehause-fur-hupfburg-kaufen-500.png","width":500,"height":500},{"@type":"BreadcrumbList","@id":"https:\/\/dodo-inflatables.com\/sr\/\u043f\u0440\u043e\u0438\u0437\u0432\u043e\u0434\/%d0%b3%d0%b8%d0%b1%d0%b1%d0%be%d0%bd%d1%81-%d0%b1%d0%bb%d0%be%d0%b2%d0%b5%d1%80-%d1%84%d0%bf5005-1-5%d0%bf%d1%81\/#breadcrumb","itemListElement":[{"@type":"ListItem","position":1,"name":"\u041f\u043e\u0447\u0435\u0442\u043d\u0430","item":"https:\/\/dodo-inflatables.com\/sr\/"},{"@type":"ListItem","position":2,"name":"\u0421\u0445\u043e\u043f","item":"https:\/\/dodo-inflatables.com\/sr\/%d1%81%d1%85%d0%be%d0%bf\/"},{"@type":"ListItem","position":3,"name":"\u0413\u0438\u0431\u0431\u043e\u043d\u0441 \u0411\u043b\u043e\u0432\u0435\u0440 \u0424\u041f5005 &#8211; 1.5\u041f\u0421"}]},{"@type":"WebSite","@id":"https:\/\/dodo-inflatables.com\/sr\/#website","url":"https:\/\/dodo-inflatables.com\/sr\/","name":"dodo-inflatables.com","description":"\u041a\u0443\u043f\u0438\u0442\u0435 \u043d\u0430\u0441\u043a\u043e\u0447\u043d\u0435 \u0434\u0432\u043e\u0440\u0446\u0435 \u0438 \u0430\u0442\u0440\u0430\u043a\u0446\u0438\u0458\u0435 \u0443 \u043d\u0430\u0448\u043e\u0458 \u043f\u0440\u043e\u0434\u0430\u0432\u043d\u0438\u0446\u0438.","potentialAction":[{"@type":"SearchAction","target":{"@type":"EntryPoint","urlTemplate":"https:\/\/dodo-inflatables.com\/sr\/?s={search_term_string}"},"query-input":{"@type":"PropertyValueSpecification","valueRequired":true,"valueName":"search_term_string"}}],"inLanguage":"sr-RS"}]}},"uagb_featured_image_src":{"full":["https:\/\/dodo-inflatables.com\/wp-content\/uploads\/2017\/01\/gibbons-geblase-metallgehause-fur-hupfburg-kaufen-500.png",500,500,false],"thumbnail":["https:\/\/dodo-inflatables.com\/wp-content\/uploads\/2017\/01\/gibbons-geblase-metallgehause-fur-hupfburg-kaufen-500-150x150.png",150,150,true],"medium":["https:\/\/dodo-inflatables.com\/wp-content\/uploads\/2017\/01\/gibbons-geblase-metallgehause-fur-hupfburg-kaufen-500-300x300.png",300,300,true],"medium_large":["https:\/\/dodo-inflatables.com\/wp-content\/uploads\/2017\/01\/gibbons-geblase-metallgehause-fur-hupfburg-kaufen-500.png",500,500,false],"large":["https:\/\/dodo-inflatables.com\/wp-content\/uploads\/2017\/01\/gibbons-geblase-metallgehause-fur-hupfburg-kaufen-500.png",500,500,false],"1536x1536":["https:\/\/dodo-inflatables.com\/wp-content\/uploads\/2017\/01\/gibbons-geblase-metallgehause-fur-hupfburg-kaufen-500.png",500,500,false],"2048x2048":["https:\/\/dodo-inflatables.com\/wp-content\/uploads\/2017\/01\/gibbons-geblase-metallgehause-fur-hupfburg-kaufen-500.png",500,500,false],"woocommerce_thumbnail":["https:\/\/dodo-inflatables.com\/wp-content\/uploads\/2017\/01\/gibbons-geblase-metallgehause-fur-hupfburg-kaufen-500.png",500,500,false],"woocommerce_single":["https:\/\/dodo-inflatables.com\/wp-content\/uploads\/2017\/01\/gibbons-geblase-metallgehause-fur-hupfburg-kaufen-500.png",500,500,false],"woocommerce_gallery_thumbnail":["https:\/\/dodo-inflatables.com\/wp-content\/uploads\/2017\/01\/gibbons-geblase-metallgehause-fur-hupfburg-kaufen-500-100x100.png",100,100,true]},"uagb_author_info":{"display_name":"Andreas","author_link":"https:\/\/dodo-inflatables.com\/sr\/author\/"},"uagb_comment_info":0,"uagb_excerpt":"Materijal: \u010deli\u010dno ku\u0107i\u0161te, levak od tvrde plastike. Snaga: 1,1 kW (izlaz), 1,68 kW (ulaz), 1,5 HP Priklju\u010dak: Schuko utika\u010d Pre\u010dnik levka: 21,5 cm Dimenzije: 41 x 22 x 53 cm Te\u017eina: 16,6 kg Nivo buke: 83 dB WEEE registracioni br.: DE 82972723","_links":{"self":[{"href":"https:\/\/dodo-inflatables.com\/sr\/wp-json\/wp\/v2\/product\/18086","targetHints":{"allow":["GET"]}}],"collection":[{"href":"https:\/\/dodo-inflatables.com\/sr\/wp-json\/wp\/v2\/product"}],"about":[{"href":"https:\/\/dodo-inflatables.com\/sr\/wp-json\/wp\/v2\/types\/product"}],"replies":[{"embeddable":true,"href":"https:\/\/dodo-inflatables.com\/sr\/wp-json\/wp\/v2\/comments?post=18086"}],"wp:featuredmedia":[{"embeddable":true,"href":"https:\/\/dodo-inflatables.com\/sr\/wp-json\/wp\/v2\/media\/18087"}],"wp:attachment":[{"href":"https:\/\/dodo-inflatables.com\/sr\/wp-json\/wp\/v2\/media?parent=18086"}],"wp:term":[{"taxonomy":"product_brand","embeddable":true,"href":"https:\/\/dodo-inflatables.com\/sr\/wp-json\/wp\/v2\/product_brand?post=18086"},{"taxonomy":"product_cat","embeddable":true,"href":"https:\/\/dodo-inflatables.com\/sr\/wp-json\/wp\/v2\/product_cat?post=18086"},{"taxonomy":"product_tag","embeddable":true,"href":"https:\/\/dodo-inflatables.com\/sr\/wp-json\/wp\/v2\/product_tag?post=18086"}],"curies":[{"name":"wp","href":"https:\/\/api.w.org\/{rel}","templated":true}]}}