{"id":18903,"date":"2019-03-28T14:34:40","date_gmt":"2019-03-28T13:34:40","guid":{"rendered":"https:\/\/dodo-inflatables.com\/product\/%d0%b1%d0%be%d1%83%d0%bd%d1%86%d0%b8-%d1%86%d0%b0%d1%81%d1%82%d0%bb%d0%b5-%d1%86%d0%bb%d0%b5%d0%b0%d0%bd%d0%b5%d1%80\/"},"modified":"2026-04-22T09:19:25","modified_gmt":"2026-04-22T07:19:25","slug":"%d0%b1%d0%be%d1%83%d0%bd%d1%86%d0%b8-%d1%86%d0%b0%d1%81%d1%82%d0%bb%d0%b5-%d1%86%d0%bb%d0%b5%d0%b0%d0%bd%d0%b5%d1%80","status":"publish","type":"product","link":"https:\/\/dodo-inflatables.com\/sr\/\u043f\u0440\u043e\u0438\u0437\u0432\u043e\u0434\/%d0%b1%d0%be%d1%83%d0%bd%d1%86%d0%b8-%d1%86%d0%b0%d1%81%d1%82%d0%bb%d0%b5-%d1%86%d0%bb%d0%b5%d0%b0%d0%bd%d0%b5%d1%80\/","title":{"rendered":"Sredstvo za \u010di\u0161\u0107enje dvoraca na naduvavanje (1L)"},"content":{"rendered":"<h1>Kupite sredstvo za \u010di\u0161\u0107enje dvoraca na naduvavanje (1L)<\/h1>\n<p>&nbsp;<\/p>\n<p class=\"p1\">Dvorci na naduvavanje i druga naduvavaju\u0107a oprema za igru mogu se vremenom zaprljati i dobiti mrlje pri redovnoj upotrebi. Kako bi povr\u0161ine ostale \u010diste i produ\u017eio vek trajanja materijala, na\u0161e sredstvo za \u010di\u0161\u0107enje dvoraca na naduvavanje je pouzdano re\u0161enje za \u010di\u0161\u0107enje.<\/p>\n<p class=\"p1\">Sredstvo je pogodno za plasti\u010dne i PVC cerade povr\u0161ine i mo\u017ee se koristiti na dvorcima na naduvavanje, naduvavaju\u0107im toboganima i ostalim naduvavaju\u0107im event modulima. Razre\u0111ivanjem vodom mo\u017ee se prilagoditi ja\u010dina \u010di\u0161\u0107enja u zavisnosti od stepena zaprljanosti.<\/p>\n<p class=\"p3\"><b>Blago i efikasno \u010di\u0161\u0107enje:<\/b> Na\u0161e sredstvo za \u010di\u0161\u0107enje dvoraca na naduvavanje uklanja tipi\u010dnu prljav\u0161tinu poput blata, tragova habanja i lakih masnih ili okoli\u0161nih ostataka bez o\u0161te\u0107ivanja materijala.<\/p>\n<p class=\"p3\"><b>Jednostavna upotreba:<\/b> Sredstvo se razre\u0111uje vodom, nanosi na zaprljanu povr\u0161inu, ostavlja da kratko deluje, a zatim se bri\u0161e krpom ili sun\u0111erom. Nakon toga ponovo isprati \u010distom vodom.<\/p>\n<p class=\"p3\"><b>Pogodno za iznajmljiva\u010de:<\/b> Idealno za firme za iznajmljivanje i operatere koji \u017eele redovno \u010distiti dvorce na naduvavanje i predavati ih kupcima u dobro odr\u017eavanom stanju.<\/p>\n<p>&nbsp;<\/p>\n<h4><b>Napomena za primenu<\/b><\/h4>\n<p class=\"p3\">Razredite sredstvo vodom u zavisnosti od stepena zaprljanosti. Pre upotrebe na ve\u0107oj povr\u0161ini, testirajte na nevidljivom mestu. Ne nanositi na vru\u0107e povr\u0161ine ili na direktnom sun\u010devom svetlu.<\/p>\n<h4><b>Detalji o na\u0161em sredstvu za \u010di\u0161\u0107enje dvoraca na naduvavanje<\/b><\/h4>\n<ul>\n<li class=\"p3\">Sadr\u017eaj: 1 litar<\/li>\n<li class=\"p3\">Pogodno za: dvorce na naduvavanje, naduvavaju\u0107u opremu za igru, PVC cerade i plasti\u010dne povr\u0161ine<\/li>\n<li class=\"p3\">Primena: mo\u017ee se razrediti vodom<\/li>\n<li class=\"p3\">Metoda \u010di\u0161\u0107enja: ru\u010dno \u010di\u0161\u0107enje krpom, sun\u0111erom ili ure\u0111ajem za prskanje<\/li>\n<\/ul>\n<p><strong>Koristite sredstva za \u010di\u0161\u0107enje pa\u017eljivo. Uvek pro\u010ditajte etiketu i informacije o proizvodu pre upotrebe.<\/strong><\/p>\n","protected":false},"excerpt":{"rendered":"<ul>\n<li class=\"p3\">Sadr\u017eaj: 1 litar<\/li>\n<li class=\"p3\">Pogodno za: dvorce na naduvavanje, naduvavaju\u0107u opremu za igru, PVC cerade i plasti\u010dne povr\u0161ine<\/li>\n<li class=\"p3\">Primena: mo\u017ee se razrediti vodom<\/li>\n<li class=\"p3\">Metoda \u010di\u0161\u0107enja: ru\u010dno \u010di\u0161\u0107enje krpom, sun\u0111erom ili ure\u0111ajem za prskanje<\/li>\n<\/ul>\n","protected":false},"featured_media":55330,"comment_status":"open","ping_status":"closed","template":"","meta":{"_acf_changed":false,"_uag_custom_page_level_css":"","site-sidebar-layout":"default","site-content-layout":"boxed-container","ast-site-content-layout":"normal-width-container","site-content-style":"boxed","site-sidebar-style":"boxed","ast-global-header-display":"","ast-banner-title-visibility":"","ast-main-header-display":"","ast-hfb-above-header-display":"","ast-hfb-below-header-display":"","ast-hfb-mobile-header-display":"","site-post-title":"disabled","ast-breadcrumbs-content":"","ast-featured-img":"","footer-sml-layout":"","ast-disable-related-posts":"","theme-transparent-header-meta":"default","adv-header-id-meta":"","stick-header-meta":"default","header-above-stick-meta":"","header-main-stick-meta":"","header-below-stick-meta":"","astra-migrate-meta-layouts":"default","ast-page-background-enabled":"default","ast-page-background-meta":{"desktop":{"background-color":"var(--ast-global-color-4)","background-image":"","background-repeat":"repeat","background-position":"center center","background-size":"auto","background-attachment":"scroll","background-type":"","background-media":"","overlay-type":"","overlay-color":"","overlay-opacity":"","overlay-gradient":""},"tablet":{"background-color":"","background-image":"","background-repeat":"repeat","background-position":"center center","background-size":"auto","background-attachment":"scroll","background-type":"","background-media":"","overlay-type":"","overlay-color":"","overlay-opacity":"","overlay-gradient":""},"mobile":{"background-color":"","background-image":"","background-repeat":"repeat","background-position":"center center","background-size":"auto","background-attachment":"scroll","background-type":"","background-media":"","overlay-type":"","overlay-color":"","overlay-opacity":"","overlay-gradient":""}},"ast-content-background-meta":{"desktop":{"background-color":"var(--ast-global-color-5)","background-image":"","background-repeat":"repeat","background-position":"center center","background-size":"auto","background-attachment":"scroll","background-type":"","background-media":"","overlay-type":"","overlay-color":"","overlay-opacity":"","overlay-gradient":""},"tablet":{"background-color":"var(--ast-global-color-5)","background-image":"","background-repeat":"repeat","background-position":"center center","background-size":"auto","background-attachment":"scroll","background-type":"","background-media":"","overlay-type":"","overlay-color":"","overlay-opacity":"","overlay-gradient":""},"mobile":{"background-color":"var(--ast-global-color-5)","background-image":"","background-repeat":"repeat","background-position":"center center","background-size":"auto","background-attachment":"scroll","background-type":"","background-media":"","overlay-type":"","overlay-color":"","overlay-opacity":"","overlay-gradient":""}}},"product_brand":[],"product_cat":[2062],"product_tag":[],"class_list":{"0":"post-18903","1":"product","2":"type-product","3":"status-publish","4":"has-post-thumbnail","6":"product_cat-2062","7":"product_shipping_class-2063","8":"desktop-align-center","9":"tablet-align-center","10":"mobile-align-center","11":"ast-product-gallery-layout-horizontal","12":"ast-product-gallery-with-no-image","13":"ast-product-tabs-layout-horizontal","15":"first","16":"instock","17":"taxable","18":"shipping-taxable","19":"purchasable","20":"product-type-simple"},"acf":[],"yoast_head":"<!-- This site is optimized with the Yoast SEO plugin v27.5 - https:\/\/yoast.com\/product\/yoast-seo-wordpress\/ -->\n<title>\u0411\u043e\u0443\u043d\u0446\u0438 \u0426\u0430\u0441\u0442\u043b\u0435 \u0426\u043b\u0435\u0430\u043d\u0435\u0440 \u2013 \u0437\u0430 \u0431\u043b\u0438\u0441\u0442\u0430\u0432\u0443 \u0447\u0438\u0441\u0442\u043e\u045b\u0443 \u0438 \u0434\u0443\u0433\u043e\u0442\u0440\u0430\u0458\u043d\u0443 \u0437\u0430\u0431\u0430\u0432\u0443!<\/title>\n<meta name=\"description\" content=\"\u041a\u0443\u043f\u0438\u0442\u0435 \u041f\u0412\u0426 \u0447\u0438\u0441\u0442\u0430\u0447 \u0437\u0430 \u0447\u0438\u0448\u045b\u0435\u045a\u0435 \u043d\u0430 \u043d\u0430\u0434\u0443\u0432\u0430\u0432\u0430\u045a\u0435 \u043d\u0430 \u0414\u043e\u0434\u043e-\u0418\u043d\u0444\u043b\u0430\u0442\u0430\u0431\u043b\u0435\u0441.\u0446\u043e\u043c | \u0412\u0435\u043b\u0438\u043a\u0438 \u0438\u0437\u0431\u043e\u0440 \u043d\u0430 \u043b\u0430\u0433\u0435\u0440\u0443 | \u0421\u0435\u0440\u0442\u0438\u0444\u0438\u043a\u043e\u0432\u0430\u043d\u043e \u043f\u0440\u0435\u043c\u0430 \u0415\u041d14960 | \u0411\u0440\u0437\u0430 \u0434\u043e\u0441\u0442\u0430\u0432\u0430!\" \/>\n<meta name=\"robots\" content=\"index, follow, max-snippet:-1, max-image-preview:large, max-video-preview:-1\" \/>\n<link rel=\"canonical\" href=\"https:\/\/dodo-inflatables.com\/sr\/\u043f\u0440\u043e\u0438\u0437\u0432\u043e\u0434\/%d0%b1%d0%be%d1%83%d0%bd%d1%86%d0%b8-%d1%86%d0%b0%d1%81%d1%82%d0%bb%d0%b5-%d1%86%d0%bb%d0%b5%d0%b0%d0%bd%d0%b5%d1%80\/\" \/>\n<meta name=\"twitter:label1\" content=\"\u041f\u0440\u043e\u0446\u0435\u045a\u0435\u043d\u043e \u0432\u0440\u0435\u043c\u0435 \u0447\u0438\u0442\u0430\u045a\u0430\" \/>\n\t<meta name=\"twitter:data1\" content=\"2 \u043c\u0438\u043d\u0443\u0442\u0430\" \/>\n<script type=\"application\/ld+json\" class=\"yoast-schema-graph\">{\"@context\":\"https:\\\/\\\/schema.org\",\"@graph\":[{\"@type\":\"WebPage\",\"@id\":\"https:\\\/\\\/dodo-inflatables.com\\\/sr\\\/\u043f\u0440\u043e\u0438\u0437\u0432\u043e\u0434\\\/%d0%b1%d0%be%d1%83%d0%bd%d1%86%d0%b8-%d1%86%d0%b0%d1%81%d1%82%d0%bb%d0%b5-%d1%86%d0%bb%d0%b5%d0%b0%d0%bd%d0%b5%d1%80\\\/\",\"url\":\"https:\\\/\\\/dodo-inflatables.com\\\/sr\\\/\u043f\u0440\u043e\u0438\u0437\u0432\u043e\u0434\\\/%d0%b1%d0%be%d1%83%d0%bd%d1%86%d0%b8-%d1%86%d0%b0%d1%81%d1%82%d0%bb%d0%b5-%d1%86%d0%bb%d0%b5%d0%b0%d0%bd%d0%b5%d1%80\\\/\",\"name\":\"\u0411\u043e\u0443\u043d\u0446\u0438 \u0426\u0430\u0441\u0442\u043b\u0435 \u0426\u043b\u0435\u0430\u043d\u0435\u0440 \u2013 \u0437\u0430 \u0431\u043b\u0438\u0441\u0442\u0430\u0432\u0443 \u0447\u0438\u0441\u0442\u043e\u045b\u0443 \u0438 \u0434\u0443\u0433\u043e\u0442\u0440\u0430\u0458\u043d\u0443 \u0437\u0430\u0431\u0430\u0432\u0443!\",\"isPartOf\":{\"@id\":\"https:\\\/\\\/dodo-inflatables.com\\\/sr\\\/#website\"},\"primaryImageOfPage\":{\"@id\":\"https:\\\/\\\/dodo-inflatables.com\\\/sr\\\/\u043f\u0440\u043e\u0438\u0437\u0432\u043e\u0434\\\/%d0%b1%d0%be%d1%83%d0%bd%d1%86%d0%b8-%d1%86%d0%b0%d1%81%d1%82%d0%bb%d0%b5-%d1%86%d0%bb%d0%b5%d0%b0%d0%bd%d0%b5%d1%80\\\/#primaryimage\"},\"image\":{\"@id\":\"https:\\\/\\\/dodo-inflatables.com\\\/sr\\\/\u043f\u0440\u043e\u0438\u0437\u0432\u043e\u0434\\\/%d0%b1%d0%be%d1%83%d0%bd%d1%86%d0%b8-%d1%86%d0%b0%d1%81%d1%82%d0%bb%d0%b5-%d1%86%d0%bb%d0%b5%d0%b0%d0%bd%d0%b5%d1%80\\\/#primaryimage\"},\"thumbnailUrl\":\"https:\\\/\\\/dodo-inflatables.com\\\/wp-content\\\/uploads\\\/2019\\\/03\\\/Bouncy-Castle-Cleaner.jpg\",\"datePublished\":\"2019-03-28T13:34:40+00:00\",\"dateModified\":\"2026-04-22T07:19:25+00:00\",\"description\":\"\u041a\u0443\u043f\u0438\u0442\u0435 \u041f\u0412\u0426 \u0447\u0438\u0441\u0442\u0430\u0447 \u0437\u0430 \u0447\u0438\u0448\u045b\u0435\u045a\u0435 \u043d\u0430 \u043d\u0430\u0434\u0443\u0432\u0430\u0432\u0430\u045a\u0435 \u043d\u0430 \u0414\u043e\u0434\u043e-\u0418\u043d\u0444\u043b\u0430\u0442\u0430\u0431\u043b\u0435\u0441.\u0446\u043e\u043c | \u0412\u0435\u043b\u0438\u043a\u0438 \u0438\u0437\u0431\u043e\u0440 \u043d\u0430 \u043b\u0430\u0433\u0435\u0440\u0443 | \u0421\u0435\u0440\u0442\u0438\u0444\u0438\u043a\u043e\u0432\u0430\u043d\u043e \u043f\u0440\u0435\u043c\u0430 \u0415\u041d14960 | \u0411\u0440\u0437\u0430 \u0434\u043e\u0441\u0442\u0430\u0432\u0430!\",\"breadcrumb\":{\"@id\":\"https:\\\/\\\/dodo-inflatables.com\\\/sr\\\/\u043f\u0440\u043e\u0438\u0437\u0432\u043e\u0434\\\/%d0%b1%d0%be%d1%83%d0%bd%d1%86%d0%b8-%d1%86%d0%b0%d1%81%d1%82%d0%bb%d0%b5-%d1%86%d0%bb%d0%b5%d0%b0%d0%bd%d0%b5%d1%80\\\/#breadcrumb\"},\"inLanguage\":\"sr-RS\",\"potentialAction\":[{\"@type\":\"ReadAction\",\"target\":[\"https:\\\/\\\/dodo-inflatables.com\\\/sr\\\/\u043f\u0440\u043e\u0438\u0437\u0432\u043e\u0434\\\/%d0%b1%d0%be%d1%83%d0%bd%d1%86%d0%b8-%d1%86%d0%b0%d1%81%d1%82%d0%bb%d0%b5-%d1%86%d0%bb%d0%b5%d0%b0%d0%bd%d0%b5%d1%80\\\/\"]}]},{\"@type\":\"ImageObject\",\"inLanguage\":\"sr-RS\",\"@id\":\"https:\\\/\\\/dodo-inflatables.com\\\/sr\\\/\u043f\u0440\u043e\u0438\u0437\u0432\u043e\u0434\\\/%d0%b1%d0%be%d1%83%d0%bd%d1%86%d0%b8-%d1%86%d0%b0%d1%81%d1%82%d0%bb%d0%b5-%d1%86%d0%bb%d0%b5%d0%b0%d0%bd%d0%b5%d1%80\\\/#primaryimage\",\"url\":\"https:\\\/\\\/dodo-inflatables.com\\\/wp-content\\\/uploads\\\/2019\\\/03\\\/Bouncy-Castle-Cleaner.jpg\",\"contentUrl\":\"https:\\\/\\\/dodo-inflatables.com\\\/wp-content\\\/uploads\\\/2019\\\/03\\\/Bouncy-Castle-Cleaner.jpg\",\"width\":500,\"height\":500},{\"@type\":\"BreadcrumbList\",\"@id\":\"https:\\\/\\\/dodo-inflatables.com\\\/sr\\\/\u043f\u0440\u043e\u0438\u0437\u0432\u043e\u0434\\\/%d0%b1%d0%be%d1%83%d0%bd%d1%86%d0%b8-%d1%86%d0%b0%d1%81%d1%82%d0%bb%d0%b5-%d1%86%d0%bb%d0%b5%d0%b0%d0%bd%d0%b5%d1%80\\\/#breadcrumb\",\"itemListElement\":[{\"@type\":\"ListItem\",\"position\":1,\"name\":\"\u041f\u043e\u0447\u0435\u0442\u043d\u0430\",\"item\":\"https:\\\/\\\/dodo-inflatables.com\\\/sr\\\/\"},{\"@type\":\"ListItem\",\"position\":2,\"name\":\"\u0421\u0445\u043e\u043f\",\"item\":\"https:\\\/\\\/dodo-inflatables.com\\\/sr\\\/%d1%81%d1%85%d0%be%d0%bf\\\/\"},{\"@type\":\"ListItem\",\"position\":3,\"name\":\"\u0411\u043e\u0443\u043d\u0446\u0438 \u0426\u0430\u0441\u0442\u043b\u0435 \u0426\u043b\u0435\u0430\u043d\u0435\u0440\"}]},{\"@type\":\"WebSite\",\"@id\":\"https:\\\/\\\/dodo-inflatables.com\\\/sr\\\/#website\",\"url\":\"https:\\\/\\\/dodo-inflatables.com\\\/sr\\\/\",\"name\":\"dodo-inflatables.com\",\"description\":\"\u041a\u0443\u043f\u0438\u0442\u0435 \u043d\u0430\u0441\u043a\u043e\u0447\u043d\u0435 \u0434\u0432\u043e\u0440\u0446\u0435 \u0438 \u0430\u0442\u0440\u0430\u043a\u0446\u0438\u0458\u0435 \u0443 \u043d\u0430\u0448\u043e\u0458 \u043f\u0440\u043e\u0434\u0430\u0432\u043d\u0438\u0446\u0438.\",\"potentialAction\":[{\"@type\":\"SearchAction\",\"target\":{\"@type\":\"EntryPoint\",\"urlTemplate\":\"https:\\\/\\\/dodo-inflatables.com\\\/sr\\\/?s={search_term_string}\"},\"query-input\":{\"@type\":\"PropertyValueSpecification\",\"valueRequired\":true,\"valueName\":\"search_term_string\"}}],\"inLanguage\":\"sr-RS\"}]}<\/script>\n<!-- \/ Yoast SEO plugin. -->","yoast_head_json":{"title":"\u0411\u043e\u0443\u043d\u0446\u0438 \u0426\u0430\u0441\u0442\u043b\u0435 \u0426\u043b\u0435\u0430\u043d\u0435\u0440 \u2013 \u0437\u0430 \u0431\u043b\u0438\u0441\u0442\u0430\u0432\u0443 \u0447\u0438\u0441\u0442\u043e\u045b\u0443 \u0438 \u0434\u0443\u0433\u043e\u0442\u0440\u0430\u0458\u043d\u0443 \u0437\u0430\u0431\u0430\u0432\u0443!","description":"\u041a\u0443\u043f\u0438\u0442\u0435 \u041f\u0412\u0426 \u0447\u0438\u0441\u0442\u0430\u0447 \u0437\u0430 \u0447\u0438\u0448\u045b\u0435\u045a\u0435 \u043d\u0430 \u043d\u0430\u0434\u0443\u0432\u0430\u0432\u0430\u045a\u0435 \u043d\u0430 \u0414\u043e\u0434\u043e-\u0418\u043d\u0444\u043b\u0430\u0442\u0430\u0431\u043b\u0435\u0441.\u0446\u043e\u043c | \u0412\u0435\u043b\u0438\u043a\u0438 \u0438\u0437\u0431\u043e\u0440 \u043d\u0430 \u043b\u0430\u0433\u0435\u0440\u0443 | \u0421\u0435\u0440\u0442\u0438\u0444\u0438\u043a\u043e\u0432\u0430\u043d\u043e \u043f\u0440\u0435\u043c\u0430 \u0415\u041d14960 | \u0411\u0440\u0437\u0430 \u0434\u043e\u0441\u0442\u0430\u0432\u0430!","robots":{"index":"index","follow":"follow","max-snippet":"max-snippet:-1","max-image-preview":"max-image-preview:large","max-video-preview":"max-video-preview:-1"},"canonical":"https:\/\/dodo-inflatables.com\/sr\/\u043f\u0440\u043e\u0438\u0437\u0432\u043e\u0434\/%d0%b1%d0%be%d1%83%d0%bd%d1%86%d0%b8-%d1%86%d0%b0%d1%81%d1%82%d0%bb%d0%b5-%d1%86%d0%bb%d0%b5%d0%b0%d0%bd%d0%b5%d1%80\/","twitter_misc":{"\u041f\u0440\u043e\u0446\u0435\u045a\u0435\u043d\u043e \u0432\u0440\u0435\u043c\u0435 \u0447\u0438\u0442\u0430\u045a\u0430":"2 \u043c\u0438\u043d\u0443\u0442\u0430"},"schema":{"@context":"https:\/\/schema.org","@graph":[{"@type":"WebPage","@id":"https:\/\/dodo-inflatables.com\/sr\/\u043f\u0440\u043e\u0438\u0437\u0432\u043e\u0434\/%d0%b1%d0%be%d1%83%d0%bd%d1%86%d0%b8-%d1%86%d0%b0%d1%81%d1%82%d0%bb%d0%b5-%d1%86%d0%bb%d0%b5%d0%b0%d0%bd%d0%b5%d1%80\/","url":"https:\/\/dodo-inflatables.com\/sr\/\u043f\u0440\u043e\u0438\u0437\u0432\u043e\u0434\/%d0%b1%d0%be%d1%83%d0%bd%d1%86%d0%b8-%d1%86%d0%b0%d1%81%d1%82%d0%bb%d0%b5-%d1%86%d0%bb%d0%b5%d0%b0%d0%bd%d0%b5%d1%80\/","name":"\u0411\u043e\u0443\u043d\u0446\u0438 \u0426\u0430\u0441\u0442\u043b\u0435 \u0426\u043b\u0435\u0430\u043d\u0435\u0440 \u2013 \u0437\u0430 \u0431\u043b\u0438\u0441\u0442\u0430\u0432\u0443 \u0447\u0438\u0441\u0442\u043e\u045b\u0443 \u0438 \u0434\u0443\u0433\u043e\u0442\u0440\u0430\u0458\u043d\u0443 \u0437\u0430\u0431\u0430\u0432\u0443!","isPartOf":{"@id":"https:\/\/dodo-inflatables.com\/sr\/#website"},"primaryImageOfPage":{"@id":"https:\/\/dodo-inflatables.com\/sr\/\u043f\u0440\u043e\u0438\u0437\u0432\u043e\u0434\/%d0%b1%d0%be%d1%83%d0%bd%d1%86%d0%b8-%d1%86%d0%b0%d1%81%d1%82%d0%bb%d0%b5-%d1%86%d0%bb%d0%b5%d0%b0%d0%bd%d0%b5%d1%80\/#primaryimage"},"image":{"@id":"https:\/\/dodo-inflatables.com\/sr\/\u043f\u0440\u043e\u0438\u0437\u0432\u043e\u0434\/%d0%b1%d0%be%d1%83%d0%bd%d1%86%d0%b8-%d1%86%d0%b0%d1%81%d1%82%d0%bb%d0%b5-%d1%86%d0%bb%d0%b5%d0%b0%d0%bd%d0%b5%d1%80\/#primaryimage"},"thumbnailUrl":"https:\/\/dodo-inflatables.com\/wp-content\/uploads\/2019\/03\/Bouncy-Castle-Cleaner.jpg","datePublished":"2019-03-28T13:34:40+00:00","dateModified":"2026-04-22T07:19:25+00:00","description":"\u041a\u0443\u043f\u0438\u0442\u0435 \u041f\u0412\u0426 \u0447\u0438\u0441\u0442\u0430\u0447 \u0437\u0430 \u0447\u0438\u0448\u045b\u0435\u045a\u0435 \u043d\u0430 \u043d\u0430\u0434\u0443\u0432\u0430\u0432\u0430\u045a\u0435 \u043d\u0430 \u0414\u043e\u0434\u043e-\u0418\u043d\u0444\u043b\u0430\u0442\u0430\u0431\u043b\u0435\u0441.\u0446\u043e\u043c | \u0412\u0435\u043b\u0438\u043a\u0438 \u0438\u0437\u0431\u043e\u0440 \u043d\u0430 \u043b\u0430\u0433\u0435\u0440\u0443 | \u0421\u0435\u0440\u0442\u0438\u0444\u0438\u043a\u043e\u0432\u0430\u043d\u043e \u043f\u0440\u0435\u043c\u0430 \u0415\u041d14960 | \u0411\u0440\u0437\u0430 \u0434\u043e\u0441\u0442\u0430\u0432\u0430!","breadcrumb":{"@id":"https:\/\/dodo-inflatables.com\/sr\/\u043f\u0440\u043e\u0438\u0437\u0432\u043e\u0434\/%d0%b1%d0%be%d1%83%d0%bd%d1%86%d0%b8-%d1%86%d0%b0%d1%81%d1%82%d0%bb%d0%b5-%d1%86%d0%bb%d0%b5%d0%b0%d0%bd%d0%b5%d1%80\/#breadcrumb"},"inLanguage":"sr-RS","potentialAction":[{"@type":"ReadAction","target":["https:\/\/dodo-inflatables.com\/sr\/\u043f\u0440\u043e\u0438\u0437\u0432\u043e\u0434\/%d0%b1%d0%be%d1%83%d0%bd%d1%86%d0%b8-%d1%86%d0%b0%d1%81%d1%82%d0%bb%d0%b5-%d1%86%d0%bb%d0%b5%d0%b0%d0%bd%d0%b5%d1%80\/"]}]},{"@type":"ImageObject","inLanguage":"sr-RS","@id":"https:\/\/dodo-inflatables.com\/sr\/\u043f\u0440\u043e\u0438\u0437\u0432\u043e\u0434\/%d0%b1%d0%be%d1%83%d0%bd%d1%86%d0%b8-%d1%86%d0%b0%d1%81%d1%82%d0%bb%d0%b5-%d1%86%d0%bb%d0%b5%d0%b0%d0%bd%d0%b5%d1%80\/#primaryimage","url":"https:\/\/dodo-inflatables.com\/wp-content\/uploads\/2019\/03\/Bouncy-Castle-Cleaner.jpg","contentUrl":"https:\/\/dodo-inflatables.com\/wp-content\/uploads\/2019\/03\/Bouncy-Castle-Cleaner.jpg","width":500,"height":500},{"@type":"BreadcrumbList","@id":"https:\/\/dodo-inflatables.com\/sr\/\u043f\u0440\u043e\u0438\u0437\u0432\u043e\u0434\/%d0%b1%d0%be%d1%83%d0%bd%d1%86%d0%b8-%d1%86%d0%b0%d1%81%d1%82%d0%bb%d0%b5-%d1%86%d0%bb%d0%b5%d0%b0%d0%bd%d0%b5%d1%80\/#breadcrumb","itemListElement":[{"@type":"ListItem","position":1,"name":"\u041f\u043e\u0447\u0435\u0442\u043d\u0430","item":"https:\/\/dodo-inflatables.com\/sr\/"},{"@type":"ListItem","position":2,"name":"\u0421\u0445\u043e\u043f","item":"https:\/\/dodo-inflatables.com\/sr\/%d1%81%d1%85%d0%be%d0%bf\/"},{"@type":"ListItem","position":3,"name":"\u0411\u043e\u0443\u043d\u0446\u0438 \u0426\u0430\u0441\u0442\u043b\u0435 \u0426\u043b\u0435\u0430\u043d\u0435\u0440"}]},{"@type":"WebSite","@id":"https:\/\/dodo-inflatables.com\/sr\/#website","url":"https:\/\/dodo-inflatables.com\/sr\/","name":"dodo-inflatables.com","description":"\u041a\u0443\u043f\u0438\u0442\u0435 \u043d\u0430\u0441\u043a\u043e\u0447\u043d\u0435 \u0434\u0432\u043e\u0440\u0446\u0435 \u0438 \u0430\u0442\u0440\u0430\u043a\u0446\u0438\u0458\u0435 \u0443 \u043d\u0430\u0448\u043e\u0458 \u043f\u0440\u043e\u0434\u0430\u0432\u043d\u0438\u0446\u0438.","potentialAction":[{"@type":"SearchAction","target":{"@type":"EntryPoint","urlTemplate":"https:\/\/dodo-inflatables.com\/sr\/?s={search_term_string}"},"query-input":{"@type":"PropertyValueSpecification","valueRequired":true,"valueName":"search_term_string"}}],"inLanguage":"sr-RS"}]}},"uagb_featured_image_src":{"full":["https:\/\/dodo-inflatables.com\/wp-content\/uploads\/2019\/03\/Bouncy-Castle-Cleaner.jpg",500,500,false],"thumbnail":["https:\/\/dodo-inflatables.com\/wp-content\/uploads\/2019\/03\/Bouncy-Castle-Cleaner-150x150.jpg",150,150,true],"medium":["https:\/\/dodo-inflatables.com\/wp-content\/uploads\/2019\/03\/Bouncy-Castle-Cleaner-300x300.jpg",300,300,true],"medium_large":["https:\/\/dodo-inflatables.com\/wp-content\/uploads\/2019\/03\/Bouncy-Castle-Cleaner.jpg",500,500,false],"large":["https:\/\/dodo-inflatables.com\/wp-content\/uploads\/2019\/03\/Bouncy-Castle-Cleaner.jpg",500,500,false],"1536x1536":["https:\/\/dodo-inflatables.com\/wp-content\/uploads\/2019\/03\/Bouncy-Castle-Cleaner.jpg",500,500,false],"2048x2048":["https:\/\/dodo-inflatables.com\/wp-content\/uploads\/2019\/03\/Bouncy-Castle-Cleaner.jpg",500,500,false],"woocommerce_thumbnail":["https:\/\/dodo-inflatables.com\/wp-content\/uploads\/2019\/03\/Bouncy-Castle-Cleaner.jpg",500,500,false],"woocommerce_single":["https:\/\/dodo-inflatables.com\/wp-content\/uploads\/2019\/03\/Bouncy-Castle-Cleaner.jpg",500,500,false],"woocommerce_gallery_thumbnail":["https:\/\/dodo-inflatables.com\/wp-content\/uploads\/2019\/03\/Bouncy-Castle-Cleaner-100x100.jpg",100,100,true]},"uagb_author_info":{"display_name":"Andreas","author_link":"https:\/\/dodo-inflatables.com\/sr\/author\/"},"uagb_comment_info":0,"uagb_excerpt":"Sadr\u017eaj: 1 litar Pogodno za: dvorce na naduvavanje, naduvavaju\u0107u opremu za igru, PVC cerade i plasti\u010dne povr\u0161ine Primena: mo\u017ee se razrediti vodom Metoda \u010di\u0161\u0107enja: ru\u010dno \u010di\u0161\u0107enje krpom, sun\u0111erom ili ure\u0111ajem za prskanje","_links":{"self":[{"href":"https:\/\/dodo-inflatables.com\/sr\/wp-json\/wp\/v2\/product\/18903","targetHints":{"allow":["GET"]}}],"collection":[{"href":"https:\/\/dodo-inflatables.com\/sr\/wp-json\/wp\/v2\/product"}],"about":[{"href":"https:\/\/dodo-inflatables.com\/sr\/wp-json\/wp\/v2\/types\/product"}],"replies":[{"embeddable":true,"href":"https:\/\/dodo-inflatables.com\/sr\/wp-json\/wp\/v2\/comments?post=18903"}],"wp:featuredmedia":[{"embeddable":true,"href":"https:\/\/dodo-inflatables.com\/sr\/wp-json\/wp\/v2\/media\/55330"}],"wp:attachment":[{"href":"https:\/\/dodo-inflatables.com\/sr\/wp-json\/wp\/v2\/media?parent=18903"}],"wp:term":[{"taxonomy":"product_brand","embeddable":true,"href":"https:\/\/dodo-inflatables.com\/sr\/wp-json\/wp\/v2\/product_brand?post=18903"},{"taxonomy":"product_cat","embeddable":true,"href":"https:\/\/dodo-inflatables.com\/sr\/wp-json\/wp\/v2\/product_cat?post=18903"},{"taxonomy":"product_tag","embeddable":true,"href":"https:\/\/dodo-inflatables.com\/sr\/wp-json\/wp\/v2\/product_tag?post=18903"}],"curies":[{"name":"wp","href":"https:\/\/api.w.org\/{rel}","templated":true}]}}