{"id":19021,"date":"2018-05-11T14:38:49","date_gmt":"2018-05-11T12:38:49","guid":{"rendered":"https:\/\/dodo-inflatables.com\/product\/%d0%ba%d0%bb%d0%b8%d0%bd%d0%be%d0%b2%d0%b8-%d0%b7%d0%b0-%d0%bf%d1%80%d0%b8%d1%87%d0%b2%d1%80%d1%88%d1%9b%d0%b8%d0%b2%d0%b0%d1%9a%d0%b5-%d0%bd%d0%b0-%d0%bd%d0%b0%d0%b4%d1%83%d0%b2%d0%b0%d0%b2%d0%b0\/"},"modified":"2026-04-22T09:59:43","modified_gmt":"2026-04-22T07:59:43","slug":"%d0%ba%d0%bb%d0%b8%d0%bd%d0%be%d0%b2%d0%b8-%d0%b7%d0%b0-%d0%bf%d1%80%d0%b8%d1%87%d0%b2%d1%80%d1%88%d1%9b%d0%b8%d0%b2%d0%b0%d1%9a%d0%b5-%d0%bd%d0%b0-%d0%bd%d0%b0%d0%b4%d1%83%d0%b2%d0%b0%d0%b2%d0%b0","status":"publish","type":"product","link":"https:\/\/dodo-inflatables.com\/sr\/\u043f\u0440\u043e\u0438\u0437\u0432\u043e\u0434\/%d0%ba%d0%bb%d0%b8%d0%bd%d0%be%d0%b2%d0%b8-%d0%b7%d0%b0-%d0%bf%d1%80%d0%b8%d1%87%d0%b2%d1%80%d1%88%d1%9b%d0%b8%d0%b2%d0%b0%d1%9a%d0%b5-%d0%bd%d0%b0-%d0%bd%d0%b0%d0%b4%d1%83%d0%b2%d0%b0%d0%b2%d0%b0\/","title":{"rendered":"Zemljani klinovi za pri\u010dvr\u0161\u0107ivanje dvoraca na naduvavanje (set od 6)"},"content":{"rendered":"<h1>Kupite zemljane klinove za pri\u010dvr\u0161\u0107ivanje dvoraca na naduvavanje<\/h1>\n<p class=\"p1\">Na\u0161 <span class=\"s1\"><b>set od 6 zemljanih klinova<\/b><\/span> pru\u017ea sigurno i pouzdano sidrenje dvorca na naduvavanje u zemlji, \u010dak i u vetrovitim uslovima i pri intenzivnoj upotrebi. Klinovi se jednostavno pri\u010dvr\u0161\u0107uju na za to predvi\u0111ene ta\u010dke sidrenja dvorca na naduvavanje i \u010dvrsto zabijaju u zemlju. Na taj na\u010din naduvavaju\u0107a konstrukcija ostaje stabilna i sigurno na svom mestu.<\/p>\n<p class=\"p1\"><span class=\"s1\"><b>Pouzdano sidrenje:<\/b><\/span> Rebrasta povr\u0161ina osigurava odli\u010dno prianjanje u zemlji i spre\u010dava izvla\u010denje klinova \u010dak i pri intenzivnom skakanju.<\/p>\n<p class=\"p1\"><span class=\"s1\"><b>Sigurno po vetrovitom i lo\u0161em vremenu:<\/b><\/span> Robusna \u010deli\u010dna konstrukcija osigurava dugotrajno pri\u010dvr\u0161\u0107ivanje i pove\u0107ava bezbednost na celom prostoru za igru.<\/p>\n<p class=\"p1\"><span class=\"s1\"><b>Vi\u0161estruka upotreba:<\/b><\/span> Osim za dvorce na naduvavanje, ovi zemljani klinovi su idealni i za pri\u010dvr\u0161\u0107ivanje drugih naduvavaju\u0107ih event modula u zemlju.<\/p>\n<p class=\"p1\"><span class=\"s1\"><b>Pogodno za zahtevne uslove tla:<\/b><\/span> Zahvaljuju\u0107i \u010dvrstoj konstrukciji, klinovi su pogodni i za tvr\u0111e, kamenito ili blago stenovito tle.<\/p>\n<p>&nbsp;<\/p>\n<h3>Detalji o setu od 6 zemljanih klinova<\/h3>\n<ul>\n<li>\u010celik<\/li>\n<li>Du\u017eina: oko 38 cm<\/li>\n<li>Pre\u010dnik: oko 16 mm (prema DIN EN 14960)<\/li>\n<li>Te\u017eina po komadu: oko 280 g<\/li>\n<li>Pogodno i za kamenito i stenovito tle<\/li>\n<\/ul>\n<p>&nbsp;<\/p>\n","protected":false},"excerpt":{"rendered":"<ul>\n<li class=\"whitespace-normal break-words pl-2\">Set od 6 \u010deli\u010dnih klinova za sigurno sidrenje dvorca na naduvavanje u zemlji<\/li>\n<li class=\"whitespace-normal break-words pl-2\">Rebrasta povr\u0161ina za odli\u010dno prianjanje \u010dak i pri intenzivnom skakanju<\/li>\n<li class=\"whitespace-normal break-words pl-2\">Robusna \u010deli\u010dna konstrukcija za dugotrajno pri\u010dvr\u0161\u0107ivanje i po vetrovitom vremenu<\/li>\n<li class=\"whitespace-normal break-words pl-2\">Materijal: \u010delik | Du\u017eina: oko 38 cm | Pre\u010dnik: oko 16 mm (prema DIN EN 14960) | Te\u017eina: oko 280 g\/kom<\/li>\n<li class=\"whitespace-normal break-words pl-2\">Pogodno i za tvr\u0111e, kamenito ili blago stenovito tle<\/li>\n<\/ul>\n","protected":false},"featured_media":104864,"comment_status":"open","ping_status":"closed","template":"","meta":{"_acf_changed":false,"_uag_custom_page_level_css":"","site-sidebar-layout":"default","site-content-layout":"boxed-container","ast-site-content-layout":"normal-width-container","site-content-style":"boxed","site-sidebar-style":"boxed","ast-global-header-display":"","ast-banner-title-visibility":"","ast-main-header-display":"","ast-hfb-above-header-display":"","ast-hfb-below-header-display":"","ast-hfb-mobile-header-display":"","site-post-title":"disabled","ast-breadcrumbs-content":"","ast-featured-img":"","footer-sml-layout":"","ast-disable-related-posts":"","theme-transparent-header-meta":"default","adv-header-id-meta":"","stick-header-meta":"default","header-above-stick-meta":"","header-main-stick-meta":"","header-below-stick-meta":"","astra-migrate-meta-layouts":"default","ast-page-background-enabled":"default","ast-page-background-meta":{"desktop":{"background-color":"var(--ast-global-color-4)","background-image":"","background-repeat":"repeat","background-position":"center center","background-size":"auto","background-attachment":"scroll","background-type":"","background-media":"","overlay-type":"","overlay-color":"","overlay-opacity":"","overlay-gradient":""},"tablet":{"background-color":"","background-image":"","background-repeat":"repeat","background-position":"center center","background-size":"auto","background-attachment":"scroll","background-type":"","background-media":"","overlay-type":"","overlay-color":"","overlay-opacity":"","overlay-gradient":""},"mobile":{"background-color":"","background-image":"","background-repeat":"repeat","background-position":"center center","background-size":"auto","background-attachment":"scroll","background-type":"","background-media":"","overlay-type":"","overlay-color":"","overlay-opacity":"","overlay-gradient":""}},"ast-content-background-meta":{"desktop":{"background-color":"var(--ast-global-color-5)","background-image":"","background-repeat":"repeat","background-position":"center center","background-size":"auto","background-attachment":"scroll","background-type":"","background-media":"","overlay-type":"","overlay-color":"","overlay-opacity":"","overlay-gradient":""},"tablet":{"background-color":"var(--ast-global-color-5)","background-image":"","background-repeat":"repeat","background-position":"center center","background-size":"auto","background-attachment":"scroll","background-type":"","background-media":"","overlay-type":"","overlay-color":"","overlay-opacity":"","overlay-gradient":""},"mobile":{"background-color":"var(--ast-global-color-5)","background-image":"","background-repeat":"repeat","background-position":"center center","background-size":"auto","background-attachment":"scroll","background-type":"","background-media":"","overlay-type":"","overlay-color":"","overlay-opacity":"","overlay-gradient":""}}},"product_brand":[],"product_cat":[2062],"product_tag":[],"class_list":{"0":"post-19021","1":"product","2":"type-product","3":"status-publish","4":"has-post-thumbnail","6":"product_cat-2062","7":"product_shipping_class-2063","8":"desktop-align-center","9":"tablet-align-center","10":"mobile-align-center","11":"ast-product-gallery-layout-horizontal","12":"ast-product-tabs-layout-horizontal","14":"first","15":"instock","16":"taxable","17":"shipping-taxable","18":"purchasable","19":"product-type-simple"},"acf":[],"yoast_head":"<!-- This site is optimized with the Yoast SEO plugin v27.5 - https:\/\/yoast.com\/product\/yoast-seo-wordpress\/ -->\n<title>\u041a\u0443\u043f\u0438\u0442\u0435 \u043a\u043b\u0438\u043d\u043e\u0432\u0435 \u0437\u0430 \u043f\u0440\u0438\u0447\u0432\u0440\u0448\u045b\u0438\u0432\u0430\u045a\u0435 \u043d\u0430 \u043d\u0430\u0434\u0443\u0432\u0430\u0432\u0430\u045a\u0435 | \u0414\u043e\u0434\u043e-\u0418\u043d\u0444\u043b\u0430\u0442\u0430\u0431\u043b\u0435\u0441.\u0446\u043e\u043c<\/title>\n<meta name=\"description\" content=\"\u041a\u0443\u043f\u0438\u0442\u0435 \u043a\u043b\u0438\u043d\u043e\u0432\u0435 \u0437\u0430 \u043f\u0440\u0438\u0447\u0432\u0440\u0448\u045b\u0438\u0432\u0430\u045a\u0435 \u0433\u0443\u043c\u0435\u045a\u0430\u043a\u0430 \u043d\u0430 \u0414\u043e\u0434\u043e-\u0418\u043d\u0444\u043b\u0430\u0442\u0430\u0431\u043b\u0435\u0441.\u0446\u043e\u043c! | \u0424\u0435\u0440 \u0446\u0435\u043d\u0435 | \u0412\u0435\u043b\u0438\u043a\u0435 \u043a\u043e\u043b\u0438\u0447\u0438\u043d\u0435 \u043d\u0430 \u043b\u0430\u0433\u0435\u0440\u0443 | \u0411\u0440\u0437\u0430 \u043e\u0442\u043f\u0440\u0435\u043c\u0430!\" \/>\n<meta name=\"robots\" content=\"index, follow, max-snippet:-1, max-image-preview:large, max-video-preview:-1\" \/>\n<link rel=\"canonical\" href=\"https:\/\/dodo-inflatables.com\/sr\/\u043f\u0440\u043e\u0438\u0437\u0432\u043e\u0434\/%d0%ba%d0%bb%d0%b8%d0%bd%d0%be%d0%b2%d0%b8-%d0%b7%d0%b0-%d0%bf%d1%80%d0%b8%d1%87%d0%b2%d1%80%d1%88%d1%9b%d0%b8%d0%b2%d0%b0%d1%9a%d0%b5-%d0%bd%d0%b0-%d0%bd%d0%b0%d0%b4%d1%83%d0%b2%d0%b0%d0%b2%d0%b0\/\" \/>\n<meta name=\"twitter:label1\" content=\"\u041f\u0440\u043e\u0446\u0435\u045a\u0435\u043d\u043e \u0432\u0440\u0435\u043c\u0435 \u0447\u0438\u0442\u0430\u045a\u0430\" \/>\n\t<meta name=\"twitter:data1\" content=\"1 \u043c\u0438\u043d\u0443\u0442\" \/>\n<script type=\"application\/ld+json\" class=\"yoast-schema-graph\">{\"@context\":\"https:\\\/\\\/schema.org\",\"@graph\":[{\"@type\":\"WebPage\",\"@id\":\"https:\\\/\\\/dodo-inflatables.com\\\/sr\\\/\u043f\u0440\u043e\u0438\u0437\u0432\u043e\u0434\\\/%d0%ba%d0%bb%d0%b8%d0%bd%d0%be%d0%b2%d0%b8-%d0%b7%d0%b0-%d0%bf%d1%80%d0%b8%d1%87%d0%b2%d1%80%d1%88%d1%9b%d0%b8%d0%b2%d0%b0%d1%9a%d0%b5-%d0%bd%d0%b0-%d0%bd%d0%b0%d0%b4%d1%83%d0%b2%d0%b0%d0%b2%d0%b0\\\/\",\"url\":\"https:\\\/\\\/dodo-inflatables.com\\\/sr\\\/\u043f\u0440\u043e\u0438\u0437\u0432\u043e\u0434\\\/%d0%ba%d0%bb%d0%b8%d0%bd%d0%be%d0%b2%d0%b8-%d0%b7%d0%b0-%d0%bf%d1%80%d0%b8%d1%87%d0%b2%d1%80%d1%88%d1%9b%d0%b8%d0%b2%d0%b0%d1%9a%d0%b5-%d0%bd%d0%b0-%d0%bd%d0%b0%d0%b4%d1%83%d0%b2%d0%b0%d0%b2%d0%b0\\\/\",\"name\":\"\u041a\u0443\u043f\u0438\u0442\u0435 \u043a\u043b\u0438\u043d\u043e\u0432\u0435 \u0437\u0430 \u043f\u0440\u0438\u0447\u0432\u0440\u0448\u045b\u0438\u0432\u0430\u045a\u0435 \u043d\u0430 \u043d\u0430\u0434\u0443\u0432\u0430\u0432\u0430\u045a\u0435 | \u0414\u043e\u0434\u043e-\u0418\u043d\u0444\u043b\u0430\u0442\u0430\u0431\u043b\u0435\u0441.\u0446\u043e\u043c\",\"isPartOf\":{\"@id\":\"https:\\\/\\\/dodo-inflatables.com\\\/sr\\\/#website\"},\"primaryImageOfPage\":{\"@id\":\"https:\\\/\\\/dodo-inflatables.com\\\/sr\\\/\u043f\u0440\u043e\u0438\u0437\u0432\u043e\u0434\\\/%d0%ba%d0%bb%d0%b8%d0%bd%d0%be%d0%b2%d0%b8-%d0%b7%d0%b0-%d0%bf%d1%80%d0%b8%d1%87%d0%b2%d1%80%d1%88%d1%9b%d0%b8%d0%b2%d0%b0%d1%9a%d0%b5-%d0%bd%d0%b0-%d0%bd%d0%b0%d0%b4%d1%83%d0%b2%d0%b0%d0%b2%d0%b0\\\/#primaryimage\"},\"image\":{\"@id\":\"https:\\\/\\\/dodo-inflatables.com\\\/sr\\\/\u043f\u0440\u043e\u0438\u0437\u0432\u043e\u0434\\\/%d0%ba%d0%bb%d0%b8%d0%bd%d0%be%d0%b2%d0%b8-%d0%b7%d0%b0-%d0%bf%d1%80%d0%b8%d1%87%d0%b2%d1%80%d1%88%d1%9b%d0%b8%d0%b2%d0%b0%d1%9a%d0%b5-%d0%bd%d0%b0-%d0%bd%d0%b0%d0%b4%d1%83%d0%b2%d0%b0%d0%b2%d0%b0\\\/#primaryimage\"},\"thumbnailUrl\":\"https:\\\/\\\/dodo-inflatables.com\\\/wp-content\\\/uploads\\\/2018\\\/05\\\/Gournd-pegs-inflatables.png\",\"datePublished\":\"2018-05-11T12:38:49+00:00\",\"dateModified\":\"2026-04-22T07:59:43+00:00\",\"description\":\"\u041a\u0443\u043f\u0438\u0442\u0435 \u043a\u043b\u0438\u043d\u043e\u0432\u0435 \u0437\u0430 \u043f\u0440\u0438\u0447\u0432\u0440\u0448\u045b\u0438\u0432\u0430\u045a\u0435 \u0433\u0443\u043c\u0435\u045a\u0430\u043a\u0430 \u043d\u0430 \u0414\u043e\u0434\u043e-\u0418\u043d\u0444\u043b\u0430\u0442\u0430\u0431\u043b\u0435\u0441.\u0446\u043e\u043c! | \u0424\u0435\u0440 \u0446\u0435\u043d\u0435 | \u0412\u0435\u043b\u0438\u043a\u0435 \u043a\u043e\u043b\u0438\u0447\u0438\u043d\u0435 \u043d\u0430 \u043b\u0430\u0433\u0435\u0440\u0443 | \u0411\u0440\u0437\u0430 \u043e\u0442\u043f\u0440\u0435\u043c\u0430!\",\"breadcrumb\":{\"@id\":\"https:\\\/\\\/dodo-inflatables.com\\\/sr\\\/\u043f\u0440\u043e\u0438\u0437\u0432\u043e\u0434\\\/%d0%ba%d0%bb%d0%b8%d0%bd%d0%be%d0%b2%d0%b8-%d0%b7%d0%b0-%d0%bf%d1%80%d0%b8%d1%87%d0%b2%d1%80%d1%88%d1%9b%d0%b8%d0%b2%d0%b0%d1%9a%d0%b5-%d0%bd%d0%b0-%d0%bd%d0%b0%d0%b4%d1%83%d0%b2%d0%b0%d0%b2%d0%b0\\\/#breadcrumb\"},\"inLanguage\":\"sr-RS\",\"potentialAction\":[{\"@type\":\"ReadAction\",\"target\":[\"https:\\\/\\\/dodo-inflatables.com\\\/sr\\\/\u043f\u0440\u043e\u0438\u0437\u0432\u043e\u0434\\\/%d0%ba%d0%bb%d0%b8%d0%bd%d0%be%d0%b2%d0%b8-%d0%b7%d0%b0-%d0%bf%d1%80%d0%b8%d1%87%d0%b2%d1%80%d1%88%d1%9b%d0%b8%d0%b2%d0%b0%d1%9a%d0%b5-%d0%bd%d0%b0-%d0%bd%d0%b0%d0%b4%d1%83%d0%b2%d0%b0%d0%b2%d0%b0\\\/\"]}]},{\"@type\":\"ImageObject\",\"inLanguage\":\"sr-RS\",\"@id\":\"https:\\\/\\\/dodo-inflatables.com\\\/sr\\\/\u043f\u0440\u043e\u0438\u0437\u0432\u043e\u0434\\\/%d0%ba%d0%bb%d0%b8%d0%bd%d0%be%d0%b2%d0%b8-%d0%b7%d0%b0-%d0%bf%d1%80%d0%b8%d1%87%d0%b2%d1%80%d1%88%d1%9b%d0%b8%d0%b2%d0%b0%d1%9a%d0%b5-%d0%bd%d0%b0-%d0%bd%d0%b0%d0%b4%d1%83%d0%b2%d0%b0%d0%b2%d0%b0\\\/#primaryimage\",\"url\":\"https:\\\/\\\/dodo-inflatables.com\\\/wp-content\\\/uploads\\\/2018\\\/05\\\/Gournd-pegs-inflatables.png\",\"contentUrl\":\"https:\\\/\\\/dodo-inflatables.com\\\/wp-content\\\/uploads\\\/2018\\\/05\\\/Gournd-pegs-inflatables.png\",\"width\":1000,\"height\":1000},{\"@type\":\"BreadcrumbList\",\"@id\":\"https:\\\/\\\/dodo-inflatables.com\\\/sr\\\/\u043f\u0440\u043e\u0438\u0437\u0432\u043e\u0434\\\/%d0%ba%d0%bb%d0%b8%d0%bd%d0%be%d0%b2%d0%b8-%d0%b7%d0%b0-%d0%bf%d1%80%d0%b8%d1%87%d0%b2%d1%80%d1%88%d1%9b%d0%b8%d0%b2%d0%b0%d1%9a%d0%b5-%d0%bd%d0%b0-%d0%bd%d0%b0%d0%b4%d1%83%d0%b2%d0%b0%d0%b2%d0%b0\\\/#breadcrumb\",\"itemListElement\":[{\"@type\":\"ListItem\",\"position\":1,\"name\":\"\u041f\u043e\u0447\u0435\u0442\u043d\u0430\",\"item\":\"https:\\\/\\\/dodo-inflatables.com\\\/sr\\\/\"},{\"@type\":\"ListItem\",\"position\":2,\"name\":\"\u0421\u0445\u043e\u043f\",\"item\":\"https:\\\/\\\/dodo-inflatables.com\\\/sr\\\/%d1%81%d1%85%d0%be%d0%bf\\\/\"},{\"@type\":\"ListItem\",\"position\":3,\"name\":\"\u041a\u043b\u0438\u043d\u043e\u0432\u0438 \u0437\u0430 \u043f\u0440\u0438\u0447\u0432\u0440\u0448\u045b\u0438\u0432\u0430\u045a\u0435 \u043d\u0430 \u043d\u0430\u0434\u0443\u0432\u0430\u0432\u0430\u045a\u0435\"}]},{\"@type\":\"WebSite\",\"@id\":\"https:\\\/\\\/dodo-inflatables.com\\\/sr\\\/#website\",\"url\":\"https:\\\/\\\/dodo-inflatables.com\\\/sr\\\/\",\"name\":\"dodo-inflatables.com\",\"description\":\"\u041a\u0443\u043f\u0438\u0442\u0435 \u043d\u0430\u0441\u043a\u043e\u0447\u043d\u0435 \u0434\u0432\u043e\u0440\u0446\u0435 \u0438 \u0430\u0442\u0440\u0430\u043a\u0446\u0438\u0458\u0435 \u0443 \u043d\u0430\u0448\u043e\u0458 \u043f\u0440\u043e\u0434\u0430\u0432\u043d\u0438\u0446\u0438.\",\"potentialAction\":[{\"@type\":\"SearchAction\",\"target\":{\"@type\":\"EntryPoint\",\"urlTemplate\":\"https:\\\/\\\/dodo-inflatables.com\\\/sr\\\/?s={search_term_string}\"},\"query-input\":{\"@type\":\"PropertyValueSpecification\",\"valueRequired\":true,\"valueName\":\"search_term_string\"}}],\"inLanguage\":\"sr-RS\"}]}<\/script>\n<!-- \/ Yoast SEO plugin. -->","yoast_head_json":{"title":"\u041a\u0443\u043f\u0438\u0442\u0435 \u043a\u043b\u0438\u043d\u043e\u0432\u0435 \u0437\u0430 \u043f\u0440\u0438\u0447\u0432\u0440\u0448\u045b\u0438\u0432\u0430\u045a\u0435 \u043d\u0430 \u043d\u0430\u0434\u0443\u0432\u0430\u0432\u0430\u045a\u0435 | \u0414\u043e\u0434\u043e-\u0418\u043d\u0444\u043b\u0430\u0442\u0430\u0431\u043b\u0435\u0441.\u0446\u043e\u043c","description":"\u041a\u0443\u043f\u0438\u0442\u0435 \u043a\u043b\u0438\u043d\u043e\u0432\u0435 \u0437\u0430 \u043f\u0440\u0438\u0447\u0432\u0440\u0448\u045b\u0438\u0432\u0430\u045a\u0435 \u0433\u0443\u043c\u0435\u045a\u0430\u043a\u0430 \u043d\u0430 \u0414\u043e\u0434\u043e-\u0418\u043d\u0444\u043b\u0430\u0442\u0430\u0431\u043b\u0435\u0441.\u0446\u043e\u043c! | \u0424\u0435\u0440 \u0446\u0435\u043d\u0435 | \u0412\u0435\u043b\u0438\u043a\u0435 \u043a\u043e\u043b\u0438\u0447\u0438\u043d\u0435 \u043d\u0430 \u043b\u0430\u0433\u0435\u0440\u0443 | \u0411\u0440\u0437\u0430 \u043e\u0442\u043f\u0440\u0435\u043c\u0430!","robots":{"index":"index","follow":"follow","max-snippet":"max-snippet:-1","max-image-preview":"max-image-preview:large","max-video-preview":"max-video-preview:-1"},"canonical":"https:\/\/dodo-inflatables.com\/sr\/\u043f\u0440\u043e\u0438\u0437\u0432\u043e\u0434\/%d0%ba%d0%bb%d0%b8%d0%bd%d0%be%d0%b2%d0%b8-%d0%b7%d0%b0-%d0%bf%d1%80%d0%b8%d1%87%d0%b2%d1%80%d1%88%d1%9b%d0%b8%d0%b2%d0%b0%d1%9a%d0%b5-%d0%bd%d0%b0-%d0%bd%d0%b0%d0%b4%d1%83%d0%b2%d0%b0%d0%b2%d0%b0\/","twitter_misc":{"\u041f\u0440\u043e\u0446\u0435\u045a\u0435\u043d\u043e \u0432\u0440\u0435\u043c\u0435 \u0447\u0438\u0442\u0430\u045a\u0430":"1 \u043c\u0438\u043d\u0443\u0442"},"schema":{"@context":"https:\/\/schema.org","@graph":[{"@type":"WebPage","@id":"https:\/\/dodo-inflatables.com\/sr\/\u043f\u0440\u043e\u0438\u0437\u0432\u043e\u0434\/%d0%ba%d0%bb%d0%b8%d0%bd%d0%be%d0%b2%d0%b8-%d0%b7%d0%b0-%d0%bf%d1%80%d0%b8%d1%87%d0%b2%d1%80%d1%88%d1%9b%d0%b8%d0%b2%d0%b0%d1%9a%d0%b5-%d0%bd%d0%b0-%d0%bd%d0%b0%d0%b4%d1%83%d0%b2%d0%b0%d0%b2%d0%b0\/","url":"https:\/\/dodo-inflatables.com\/sr\/\u043f\u0440\u043e\u0438\u0437\u0432\u043e\u0434\/%d0%ba%d0%bb%d0%b8%d0%bd%d0%be%d0%b2%d0%b8-%d0%b7%d0%b0-%d0%bf%d1%80%d0%b8%d1%87%d0%b2%d1%80%d1%88%d1%9b%d0%b8%d0%b2%d0%b0%d1%9a%d0%b5-%d0%bd%d0%b0-%d0%bd%d0%b0%d0%b4%d1%83%d0%b2%d0%b0%d0%b2%d0%b0\/","name":"\u041a\u0443\u043f\u0438\u0442\u0435 \u043a\u043b\u0438\u043d\u043e\u0432\u0435 \u0437\u0430 \u043f\u0440\u0438\u0447\u0432\u0440\u0448\u045b\u0438\u0432\u0430\u045a\u0435 \u043d\u0430 \u043d\u0430\u0434\u0443\u0432\u0430\u0432\u0430\u045a\u0435 | \u0414\u043e\u0434\u043e-\u0418\u043d\u0444\u043b\u0430\u0442\u0430\u0431\u043b\u0435\u0441.\u0446\u043e\u043c","isPartOf":{"@id":"https:\/\/dodo-inflatables.com\/sr\/#website"},"primaryImageOfPage":{"@id":"https:\/\/dodo-inflatables.com\/sr\/\u043f\u0440\u043e\u0438\u0437\u0432\u043e\u0434\/%d0%ba%d0%bb%d0%b8%d0%bd%d0%be%d0%b2%d0%b8-%d0%b7%d0%b0-%d0%bf%d1%80%d0%b8%d1%87%d0%b2%d1%80%d1%88%d1%9b%d0%b8%d0%b2%d0%b0%d1%9a%d0%b5-%d0%bd%d0%b0-%d0%bd%d0%b0%d0%b4%d1%83%d0%b2%d0%b0%d0%b2%d0%b0\/#primaryimage"},"image":{"@id":"https:\/\/dodo-inflatables.com\/sr\/\u043f\u0440\u043e\u0438\u0437\u0432\u043e\u0434\/%d0%ba%d0%bb%d0%b8%d0%bd%d0%be%d0%b2%d0%b8-%d0%b7%d0%b0-%d0%bf%d1%80%d0%b8%d1%87%d0%b2%d1%80%d1%88%d1%9b%d0%b8%d0%b2%d0%b0%d1%9a%d0%b5-%d0%bd%d0%b0-%d0%bd%d0%b0%d0%b4%d1%83%d0%b2%d0%b0%d0%b2%d0%b0\/#primaryimage"},"thumbnailUrl":"https:\/\/dodo-inflatables.com\/wp-content\/uploads\/2018\/05\/Gournd-pegs-inflatables.png","datePublished":"2018-05-11T12:38:49+00:00","dateModified":"2026-04-22T07:59:43+00:00","description":"\u041a\u0443\u043f\u0438\u0442\u0435 \u043a\u043b\u0438\u043d\u043e\u0432\u0435 \u0437\u0430 \u043f\u0440\u0438\u0447\u0432\u0440\u0448\u045b\u0438\u0432\u0430\u045a\u0435 \u0433\u0443\u043c\u0435\u045a\u0430\u043a\u0430 \u043d\u0430 \u0414\u043e\u0434\u043e-\u0418\u043d\u0444\u043b\u0430\u0442\u0430\u0431\u043b\u0435\u0441.\u0446\u043e\u043c! | \u0424\u0435\u0440 \u0446\u0435\u043d\u0435 | \u0412\u0435\u043b\u0438\u043a\u0435 \u043a\u043e\u043b\u0438\u0447\u0438\u043d\u0435 \u043d\u0430 \u043b\u0430\u0433\u0435\u0440\u0443 | \u0411\u0440\u0437\u0430 \u043e\u0442\u043f\u0440\u0435\u043c\u0430!","breadcrumb":{"@id":"https:\/\/dodo-inflatables.com\/sr\/\u043f\u0440\u043e\u0438\u0437\u0432\u043e\u0434\/%d0%ba%d0%bb%d0%b8%d0%bd%d0%be%d0%b2%d0%b8-%d0%b7%d0%b0-%d0%bf%d1%80%d0%b8%d1%87%d0%b2%d1%80%d1%88%d1%9b%d0%b8%d0%b2%d0%b0%d1%9a%d0%b5-%d0%bd%d0%b0-%d0%bd%d0%b0%d0%b4%d1%83%d0%b2%d0%b0%d0%b2%d0%b0\/#breadcrumb"},"inLanguage":"sr-RS","potentialAction":[{"@type":"ReadAction","target":["https:\/\/dodo-inflatables.com\/sr\/\u043f\u0440\u043e\u0438\u0437\u0432\u043e\u0434\/%d0%ba%d0%bb%d0%b8%d0%bd%d0%be%d0%b2%d0%b8-%d0%b7%d0%b0-%d0%bf%d1%80%d0%b8%d1%87%d0%b2%d1%80%d1%88%d1%9b%d0%b8%d0%b2%d0%b0%d1%9a%d0%b5-%d0%bd%d0%b0-%d0%bd%d0%b0%d0%b4%d1%83%d0%b2%d0%b0%d0%b2%d0%b0\/"]}]},{"@type":"ImageObject","inLanguage":"sr-RS","@id":"https:\/\/dodo-inflatables.com\/sr\/\u043f\u0440\u043e\u0438\u0437\u0432\u043e\u0434\/%d0%ba%d0%bb%d0%b8%d0%bd%d0%be%d0%b2%d0%b8-%d0%b7%d0%b0-%d0%bf%d1%80%d0%b8%d1%87%d0%b2%d1%80%d1%88%d1%9b%d0%b8%d0%b2%d0%b0%d1%9a%d0%b5-%d0%bd%d0%b0-%d0%bd%d0%b0%d0%b4%d1%83%d0%b2%d0%b0%d0%b2%d0%b0\/#primaryimage","url":"https:\/\/dodo-inflatables.com\/wp-content\/uploads\/2018\/05\/Gournd-pegs-inflatables.png","contentUrl":"https:\/\/dodo-inflatables.com\/wp-content\/uploads\/2018\/05\/Gournd-pegs-inflatables.png","width":1000,"height":1000},{"@type":"BreadcrumbList","@id":"https:\/\/dodo-inflatables.com\/sr\/\u043f\u0440\u043e\u0438\u0437\u0432\u043e\u0434\/%d0%ba%d0%bb%d0%b8%d0%bd%d0%be%d0%b2%d0%b8-%d0%b7%d0%b0-%d0%bf%d1%80%d0%b8%d1%87%d0%b2%d1%80%d1%88%d1%9b%d0%b8%d0%b2%d0%b0%d1%9a%d0%b5-%d0%bd%d0%b0-%d0%bd%d0%b0%d0%b4%d1%83%d0%b2%d0%b0%d0%b2%d0%b0\/#breadcrumb","itemListElement":[{"@type":"ListItem","position":1,"name":"\u041f\u043e\u0447\u0435\u0442\u043d\u0430","item":"https:\/\/dodo-inflatables.com\/sr\/"},{"@type":"ListItem","position":2,"name":"\u0421\u0445\u043e\u043f","item":"https:\/\/dodo-inflatables.com\/sr\/%d1%81%d1%85%d0%be%d0%bf\/"},{"@type":"ListItem","position":3,"name":"\u041a\u043b\u0438\u043d\u043e\u0432\u0438 \u0437\u0430 \u043f\u0440\u0438\u0447\u0432\u0440\u0448\u045b\u0438\u0432\u0430\u045a\u0435 \u043d\u0430 \u043d\u0430\u0434\u0443\u0432\u0430\u0432\u0430\u045a\u0435"}]},{"@type":"WebSite","@id":"https:\/\/dodo-inflatables.com\/sr\/#website","url":"https:\/\/dodo-inflatables.com\/sr\/","name":"dodo-inflatables.com","description":"\u041a\u0443\u043f\u0438\u0442\u0435 \u043d\u0430\u0441\u043a\u043e\u0447\u043d\u0435 \u0434\u0432\u043e\u0440\u0446\u0435 \u0438 \u0430\u0442\u0440\u0430\u043a\u0446\u0438\u0458\u0435 \u0443 \u043d\u0430\u0448\u043e\u0458 \u043f\u0440\u043e\u0434\u0430\u0432\u043d\u0438\u0446\u0438.","potentialAction":[{"@type":"SearchAction","target":{"@type":"EntryPoint","urlTemplate":"https:\/\/dodo-inflatables.com\/sr\/?s={search_term_string}"},"query-input":{"@type":"PropertyValueSpecification","valueRequired":true,"valueName":"search_term_string"}}],"inLanguage":"sr-RS"}]}},"uagb_featured_image_src":{"full":["https:\/\/dodo-inflatables.com\/wp-content\/uploads\/2018\/05\/Gournd-pegs-inflatables.png",1000,1000,false],"thumbnail":["https:\/\/dodo-inflatables.com\/wp-content\/uploads\/2018\/05\/Gournd-pegs-inflatables-150x150.png",150,150,true],"medium":["https:\/\/dodo-inflatables.com\/wp-content\/uploads\/2018\/05\/Gournd-pegs-inflatables-300x300.png",300,300,true],"medium_large":["https:\/\/dodo-inflatables.com\/wp-content\/uploads\/2018\/05\/Gournd-pegs-inflatables-768x768.png",768,768,true],"large":["https:\/\/dodo-inflatables.com\/wp-content\/uploads\/2018\/05\/Gournd-pegs-inflatables.png",1000,1000,false],"1536x1536":["https:\/\/dodo-inflatables.com\/wp-content\/uploads\/2018\/05\/Gournd-pegs-inflatables.png",1000,1000,false],"2048x2048":["https:\/\/dodo-inflatables.com\/wp-content\/uploads\/2018\/05\/Gournd-pegs-inflatables.png",1000,1000,false],"woocommerce_thumbnail":["https:\/\/dodo-inflatables.com\/wp-content\/uploads\/2018\/05\/Gournd-pegs-inflatables-900x900.png",900,900,true],"woocommerce_single":["https:\/\/dodo-inflatables.com\/wp-content\/uploads\/2018\/05\/Gournd-pegs-inflatables-900x900.png",900,900,true],"woocommerce_gallery_thumbnail":["https:\/\/dodo-inflatables.com\/wp-content\/uploads\/2018\/05\/Gournd-pegs-inflatables-100x100.png",100,100,true]},"uagb_author_info":{"display_name":"Andreas","author_link":"https:\/\/dodo-inflatables.com\/sr\/author\/"},"uagb_comment_info":0,"uagb_excerpt":"Set od 6 \u010deli\u010dnih klinova za sigurno sidrenje dvorca na naduvavanje u zemlji Rebrasta povr\u0161ina za odli\u010dno prianjanje \u010dak i pri intenzivnom skakanju Robusna \u010deli\u010dna konstrukcija za dugotrajno pri\u010dvr\u0161\u0107ivanje i po vetrovitom vremenu Materijal: \u010delik | Du\u017eina: oko 38 cm | Pre\u010dnik: oko 16 mm (prema DIN EN 14960) | Te\u017eina: oko 280 g\/kom Pogodno&hellip;","_links":{"self":[{"href":"https:\/\/dodo-inflatables.com\/sr\/wp-json\/wp\/v2\/product\/19021","targetHints":{"allow":["GET"]}}],"collection":[{"href":"https:\/\/dodo-inflatables.com\/sr\/wp-json\/wp\/v2\/product"}],"about":[{"href":"https:\/\/dodo-inflatables.com\/sr\/wp-json\/wp\/v2\/types\/product"}],"replies":[{"embeddable":true,"href":"https:\/\/dodo-inflatables.com\/sr\/wp-json\/wp\/v2\/comments?post=19021"}],"wp:featuredmedia":[{"embeddable":true,"href":"https:\/\/dodo-inflatables.com\/sr\/wp-json\/wp\/v2\/media\/104864"}],"wp:attachment":[{"href":"https:\/\/dodo-inflatables.com\/sr\/wp-json\/wp\/v2\/media?parent=19021"}],"wp:term":[{"taxonomy":"product_brand","embeddable":true,"href":"https:\/\/dodo-inflatables.com\/sr\/wp-json\/wp\/v2\/product_brand?post=19021"},{"taxonomy":"product_cat","embeddable":true,"href":"https:\/\/dodo-inflatables.com\/sr\/wp-json\/wp\/v2\/product_cat?post=19021"},{"taxonomy":"product_tag","embeddable":true,"href":"https:\/\/dodo-inflatables.com\/sr\/wp-json\/wp\/v2\/product_tag?post=19021"}],"curies":[{"name":"wp","href":"https:\/\/api.w.org\/{rel}","templated":true}]}}