{"id":19034,"date":"2018-03-19T11:16:32","date_gmt":"2018-03-19T10:16:32","guid":{"rendered":"https:\/\/dodo-inflatables.com\/product\/%d0%b2%d0%b5%d0%bb%d1%86%d1%80%d0%be-%d1%84%d1%83%d0%b4%d0%b1%d0%b0%d0%bb-%d0%b7%d0%b0-%d1%84%d1%83%d0%b4%d0%b1%d0%b0%d0%bb%d1%81%d0%ba%d0%b8-%d0%bf%d0%b8%d0%ba%d0%b0%d0%b4%d0%be\/"},"modified":"2026-04-25T19:10:25","modified_gmt":"2026-04-25T17:10:25","slug":"%d0%b2%d0%b5%d0%bb%d1%86%d1%80%d0%be-%d1%84%d1%83%d0%b4%d0%b1%d0%b0%d0%bb-%d0%b7%d0%b0-%d1%84%d1%83%d0%b4%d0%b1%d0%b0%d0%bb%d1%81%d0%ba%d0%b8-%d0%bf%d0%b8%d0%ba%d0%b0%d0%b4%d0%be","status":"publish","type":"product","link":"https:\/\/dodo-inflatables.com\/sr\/\u043f\u0440\u043e\u0438\u0437\u0432\u043e\u0434\/%d0%b2%d0%b5%d0%bb%d1%86%d1%80%d0%be-%d1%84%d1%83%d0%b4%d0%b1%d0%b0%d0%bb-%d0%b7%d0%b0-%d1%84%d1%83%d0%b4%d0%b1%d0%b0%d0%bb%d1%81%d0%ba%d0%b8-%d0%bf%d0%b8%d0%ba%d0%b0%d0%b4%d0%be\/","title":{"rendered":"\u010ci\u010dak lopta za igru Football Darts"},"content":{"rendered":"<h2><strong>\u010ci\u010dak lopta \u2013 Savr\u0161ena za va\u0161u igru Football Darts!<\/strong><\/h2>\n<p>Poznajete problem: ve\u0107 nakon nekoliko igara standardne \u010di\u010dak lopte ostavljaju neugodne dla\u010dice na \u010di\u010dak meti? Ne sa na\u0161om profesionalnom \u010di\u010dak fudbalskom loptom! Zahvaljuju\u0107i kra\u0107im vlaknima, \u010di\u010dak meta ostaje du\u017ee \u010dista bez gubitka prianjanja.<br \/>\nUprkos visokom kvalitetu, \u010di\u010dak lopte su <em>potro\u0161ni materijal<\/em> i treba ih zameniti nakon otprilike 1 do 4 upotrebe, u zavisnosti od intenziteta kori\u0161\u0107enja.<br \/>\n<strong>Detalji proizvoda:<\/strong><br \/>\n\u26bd <em>Optimizovana \u010di\u010dak povr\u0161ina<\/em> \u2013 Bez neugodnih dla\u010dica, bolje prianjanje!<br \/>\n\u26bd <em>Pre\u010dnik: 21 cm<\/em><br \/>\n\u26bd <em>Boje: crna, \u017euta, crvena (boja izabrana nasumi\u010dno)<\/em><br \/>\n\u26bd <em>Cena va\u017ei za jednu loptu<\/em><br \/>\nPoru\u010dite svoju prvu \u010di\u010dak loptu sada i u\u017eivajte u vrhunskom kvalitetu igre sa Football Darts!<\/p>\n","protected":false},"excerpt":{"rendered":"<ul>\n<li>Profesionalna \u010di\u010dak lopta sa kra\u0107im vlaknima za manje dla\u010dica na meti<\/li>\n<li>Optimizovana \u010di\u010dak povr\u0161ina za bolje prianjanje i du\u017ei vek trajanja<\/li>\n<li>Pre\u010dnik: 21 cm | Boje: crna, \u017euta, crvena (nasumi\u010dni izbor boje)<\/li>\n<li>Cena va\u017ei za jednu loptu<\/li>\n<\/ul>\n","protected":false},"featured_media":19036,"comment_status":"open","ping_status":"closed","template":"","meta":{"_acf_changed":false,"_uag_custom_page_level_css":"","site-sidebar-layout":"default","site-content-layout":"boxed-container","ast-site-content-layout":"normal-width-container","site-content-style":"boxed","site-sidebar-style":"boxed","ast-global-header-display":"","ast-banner-title-visibility":"","ast-main-header-display":"","ast-hfb-above-header-display":"","ast-hfb-below-header-display":"","ast-hfb-mobile-header-display":"","site-post-title":"disabled","ast-breadcrumbs-content":"","ast-featured-img":"","footer-sml-layout":"","ast-disable-related-posts":"","theme-transparent-header-meta":"default","adv-header-id-meta":"","stick-header-meta":"default","header-above-stick-meta":"","header-main-stick-meta":"","header-below-stick-meta":"","astra-migrate-meta-layouts":"default","ast-page-background-enabled":"default","ast-page-background-meta":{"desktop":{"background-color":"var(--ast-global-color-4)","background-image":"","background-repeat":"repeat","background-position":"center center","background-size":"auto","background-attachment":"scroll","background-type":"","background-media":"","overlay-type":"","overlay-color":"","overlay-opacity":"","overlay-gradient":""},"tablet":{"background-color":"","background-image":"","background-repeat":"repeat","background-position":"center center","background-size":"auto","background-attachment":"scroll","background-type":"","background-media":"","overlay-type":"","overlay-color":"","overlay-opacity":"","overlay-gradient":""},"mobile":{"background-color":"","background-image":"","background-repeat":"repeat","background-position":"center center","background-size":"auto","background-attachment":"scroll","background-type":"","background-media":"","overlay-type":"","overlay-color":"","overlay-opacity":"","overlay-gradient":""}},"ast-content-background-meta":{"desktop":{"background-color":"var(--ast-global-color-5)","background-image":"","background-repeat":"repeat","background-position":"center center","background-size":"auto","background-attachment":"scroll","background-type":"","background-media":"","overlay-type":"","overlay-color":"","overlay-opacity":"","overlay-gradient":""},"tablet":{"background-color":"var(--ast-global-color-5)","background-image":"","background-repeat":"repeat","background-position":"center center","background-size":"auto","background-attachment":"scroll","background-type":"","background-media":"","overlay-type":"","overlay-color":"","overlay-opacity":"","overlay-gradient":""},"mobile":{"background-color":"var(--ast-global-color-5)","background-image":"","background-repeat":"repeat","background-position":"center center","background-size":"auto","background-attachment":"scroll","background-type":"","background-media":"","overlay-type":"","overlay-color":"","overlay-opacity":"","overlay-gradient":""}}},"product_brand":[],"product_cat":[2062],"product_tag":[],"class_list":{"0":"post-19034","1":"product","2":"type-product","3":"status-publish","4":"has-post-thumbnail","6":"product_cat-2062","7":"product_shipping_class-2063","8":"pa_gtin-0669145336629-sr","9":"desktop-align-center","10":"tablet-align-center","11":"mobile-align-center","12":"ast-product-gallery-layout-horizontal","13":"ast-product-gallery-with-no-image","14":"ast-product-tabs-layout-horizontal","16":"first","17":"instock","18":"taxable","19":"shipping-taxable","20":"purchasable","21":"product-type-simple"},"acf":[],"yoast_head":"<!-- This site is optimized with the Yoast SEO plugin v27.5 - https:\/\/yoast.com\/product\/yoast-seo-wordpress\/ -->\n<title>\u041a\u0443\u043f\u0438 \u0447\u0438\u0447\u0430\u043a \u0444\u0443\u0434\u0431\u0430\u043b \u0437\u0430 \u0444\u0443\u0434\u0431\u0430\u043b\u0441\u043a\u0438 \u043f\u0438\u043a\u0430\u0434\u043e | \u0414\u043e\u0434\u043e-\u0418\u043d\u0444\u043b\u0430\u0442\u0430\u0431\u043b\u0435\u0441.\u0446\u043e\u043c<\/title>\n<meta name=\"description\" content=\"\u041a\u0443\u043f\u0438\u0442\u0435 \u0432\u0438\u0441\u043e\u043a\u043e\u043a\u0432\u0430\u043b\u0438\u0442\u0435\u0442\u043d\u0435 \u0438 \u0438\u0437\u0434\u0440\u0436\u0459\u0438\u0432\u0435 \u0447\u0438\u0447\u0430\u043a \u043b\u043e\u043f\u0442\u0435 \u0437\u0430 \u0444\u0443\u0434\u0431\u0430\u043b\u0441\u043a\u0438 \u043f\u0438\u043a\u0430\u0434\u043e \u0434\u0438\u0440\u0435\u043a\u0442\u043d\u043e \u043d\u0430 \u043c\u0440\u0435\u0436\u0438 \u043d\u0430 \u0414\u043e\u0434\u043e-\u0418\u043d\u0444\u043b\u0430\u0442\u0430\u0431\u043b\u0435\u0441.\u0446\u043e\u043c | \u0412\u0435\u043b\u0438\u043a\u0438 \u0438\u0437\u0431\u043e\u0440 \u043d\u0430 \u043b\u0430\u0433\u0435\u0440\u0443 | \u0421\u0435\u0440\u0442\u0438\u0444\u0438\u043a\u043e\u0432\u0430\u043d\u043e \u043f\u0440\u0435\u043c\u0430 \u0415\u041d14960 |\" \/>\n<meta name=\"robots\" content=\"index, follow, max-snippet:-1, max-image-preview:large, max-video-preview:-1\" \/>\n<link rel=\"canonical\" href=\"https:\/\/dodo-inflatables.com\/sr\/\u043f\u0440\u043e\u0438\u0437\u0432\u043e\u0434\/%d0%b2%d0%b5%d0%bb%d1%86%d1%80%d0%be-%d1%84%d1%83%d0%b4%d0%b1%d0%b0%d0%bb-%d0%b7%d0%b0-%d1%84%d1%83%d0%b4%d0%b1%d0%b0%d0%bb%d1%81%d0%ba%d0%b8-%d0%bf%d0%b8%d0%ba%d0%b0%d0%b4%d0%be\/\" \/>\n<meta name=\"twitter:label1\" content=\"\u041f\u0440\u043e\u0446\u0435\u045a\u0435\u043d\u043e \u0432\u0440\u0435\u043c\u0435 \u0447\u0438\u0442\u0430\u045a\u0430\" \/>\n\t<meta name=\"twitter:data1\" content=\"1 \u043c\u0438\u043d\u0443\u0442\" \/>\n<script type=\"application\/ld+json\" class=\"yoast-schema-graph\">{\"@context\":\"https:\\\/\\\/schema.org\",\"@graph\":[{\"@type\":\"WebPage\",\"@id\":\"https:\\\/\\\/dodo-inflatables.com\\\/sr\\\/\u043f\u0440\u043e\u0438\u0437\u0432\u043e\u0434\\\/%d0%b2%d0%b5%d0%bb%d1%86%d1%80%d0%be-%d1%84%d1%83%d0%b4%d0%b1%d0%b0%d0%bb-%d0%b7%d0%b0-%d1%84%d1%83%d0%b4%d0%b1%d0%b0%d0%bb%d1%81%d0%ba%d0%b8-%d0%bf%d0%b8%d0%ba%d0%b0%d0%b4%d0%be\\\/\",\"url\":\"https:\\\/\\\/dodo-inflatables.com\\\/sr\\\/\u043f\u0440\u043e\u0438\u0437\u0432\u043e\u0434\\\/%d0%b2%d0%b5%d0%bb%d1%86%d1%80%d0%be-%d1%84%d1%83%d0%b4%d0%b1%d0%b0%d0%bb-%d0%b7%d0%b0-%d1%84%d1%83%d0%b4%d0%b1%d0%b0%d0%bb%d1%81%d0%ba%d0%b8-%d0%bf%d0%b8%d0%ba%d0%b0%d0%b4%d0%be\\\/\",\"name\":\"\u041a\u0443\u043f\u0438 \u0447\u0438\u0447\u0430\u043a \u0444\u0443\u0434\u0431\u0430\u043b \u0437\u0430 \u0444\u0443\u0434\u0431\u0430\u043b\u0441\u043a\u0438 \u043f\u0438\u043a\u0430\u0434\u043e | \u0414\u043e\u0434\u043e-\u0418\u043d\u0444\u043b\u0430\u0442\u0430\u0431\u043b\u0435\u0441.\u0446\u043e\u043c\",\"isPartOf\":{\"@id\":\"https:\\\/\\\/dodo-inflatables.com\\\/sr\\\/#website\"},\"primaryImageOfPage\":{\"@id\":\"https:\\\/\\\/dodo-inflatables.com\\\/sr\\\/\u043f\u0440\u043e\u0438\u0437\u0432\u043e\u0434\\\/%d0%b2%d0%b5%d0%bb%d1%86%d1%80%d0%be-%d1%84%d1%83%d0%b4%d0%b1%d0%b0%d0%bb-%d0%b7%d0%b0-%d1%84%d1%83%d0%b4%d0%b1%d0%b0%d0%bb%d1%81%d0%ba%d0%b8-%d0%bf%d0%b8%d0%ba%d0%b0%d0%b4%d0%be\\\/#primaryimage\"},\"image\":{\"@id\":\"https:\\\/\\\/dodo-inflatables.com\\\/sr\\\/\u043f\u0440\u043e\u0438\u0437\u0432\u043e\u0434\\\/%d0%b2%d0%b5%d0%bb%d1%86%d1%80%d0%be-%d1%84%d1%83%d0%b4%d0%b1%d0%b0%d0%bb-%d0%b7%d0%b0-%d1%84%d1%83%d0%b4%d0%b1%d0%b0%d0%bb%d1%81%d0%ba%d0%b8-%d0%bf%d0%b8%d0%ba%d0%b0%d0%b4%d0%be\\\/#primaryimage\"},\"thumbnailUrl\":\"https:\\\/\\\/dodo-inflatables.com\\\/wp-content\\\/uploads\\\/2018\\\/03\\\/klett-fussbaelle-fuer-fussball-dart-500-1.png\",\"datePublished\":\"2018-03-19T10:16:32+00:00\",\"dateModified\":\"2026-04-25T17:10:25+00:00\",\"description\":\"\u041a\u0443\u043f\u0438\u0442\u0435 \u0432\u0438\u0441\u043e\u043a\u043e\u043a\u0432\u0430\u043b\u0438\u0442\u0435\u0442\u043d\u0435 \u0438 \u0438\u0437\u0434\u0440\u0436\u0459\u0438\u0432\u0435 \u0447\u0438\u0447\u0430\u043a \u043b\u043e\u043f\u0442\u0435 \u0437\u0430 \u0444\u0443\u0434\u0431\u0430\u043b\u0441\u043a\u0438 \u043f\u0438\u043a\u0430\u0434\u043e \u0434\u0438\u0440\u0435\u043a\u0442\u043d\u043e \u043d\u0430 \u043c\u0440\u0435\u0436\u0438 \u043d\u0430 \u0414\u043e\u0434\u043e-\u0418\u043d\u0444\u043b\u0430\u0442\u0430\u0431\u043b\u0435\u0441.\u0446\u043e\u043c | \u0412\u0435\u043b\u0438\u043a\u0438 \u0438\u0437\u0431\u043e\u0440 \u043d\u0430 \u043b\u0430\u0433\u0435\u0440\u0443 | \u0421\u0435\u0440\u0442\u0438\u0444\u0438\u043a\u043e\u0432\u0430\u043d\u043e \u043f\u0440\u0435\u043c\u0430 \u0415\u041d14960 |\",\"breadcrumb\":{\"@id\":\"https:\\\/\\\/dodo-inflatables.com\\\/sr\\\/\u043f\u0440\u043e\u0438\u0437\u0432\u043e\u0434\\\/%d0%b2%d0%b5%d0%bb%d1%86%d1%80%d0%be-%d1%84%d1%83%d0%b4%d0%b1%d0%b0%d0%bb-%d0%b7%d0%b0-%d1%84%d1%83%d0%b4%d0%b1%d0%b0%d0%bb%d1%81%d0%ba%d0%b8-%d0%bf%d0%b8%d0%ba%d0%b0%d0%b4%d0%be\\\/#breadcrumb\"},\"inLanguage\":\"sr-RS\",\"potentialAction\":[{\"@type\":\"ReadAction\",\"target\":[\"https:\\\/\\\/dodo-inflatables.com\\\/sr\\\/\u043f\u0440\u043e\u0438\u0437\u0432\u043e\u0434\\\/%d0%b2%d0%b5%d0%bb%d1%86%d1%80%d0%be-%d1%84%d1%83%d0%b4%d0%b1%d0%b0%d0%bb-%d0%b7%d0%b0-%d1%84%d1%83%d0%b4%d0%b1%d0%b0%d0%bb%d1%81%d0%ba%d0%b8-%d0%bf%d0%b8%d0%ba%d0%b0%d0%b4%d0%be\\\/\"]}]},{\"@type\":\"ImageObject\",\"inLanguage\":\"sr-RS\",\"@id\":\"https:\\\/\\\/dodo-inflatables.com\\\/sr\\\/\u043f\u0440\u043e\u0438\u0437\u0432\u043e\u0434\\\/%d0%b2%d0%b5%d0%bb%d1%86%d1%80%d0%be-%d1%84%d1%83%d0%b4%d0%b1%d0%b0%d0%bb-%d0%b7%d0%b0-%d1%84%d1%83%d0%b4%d0%b1%d0%b0%d0%bb%d1%81%d0%ba%d0%b8-%d0%bf%d0%b8%d0%ba%d0%b0%d0%b4%d0%be\\\/#primaryimage\",\"url\":\"https:\\\/\\\/dodo-inflatables.com\\\/wp-content\\\/uploads\\\/2018\\\/03\\\/klett-fussbaelle-fuer-fussball-dart-500-1.png\",\"contentUrl\":\"https:\\\/\\\/dodo-inflatables.com\\\/wp-content\\\/uploads\\\/2018\\\/03\\\/klett-fussbaelle-fuer-fussball-dart-500-1.png\",\"width\":500,\"height\":500},{\"@type\":\"BreadcrumbList\",\"@id\":\"https:\\\/\\\/dodo-inflatables.com\\\/sr\\\/\u043f\u0440\u043e\u0438\u0437\u0432\u043e\u0434\\\/%d0%b2%d0%b5%d0%bb%d1%86%d1%80%d0%be-%d1%84%d1%83%d0%b4%d0%b1%d0%b0%d0%bb-%d0%b7%d0%b0-%d1%84%d1%83%d0%b4%d0%b1%d0%b0%d0%bb%d1%81%d0%ba%d0%b8-%d0%bf%d0%b8%d0%ba%d0%b0%d0%b4%d0%be\\\/#breadcrumb\",\"itemListElement\":[{\"@type\":\"ListItem\",\"position\":1,\"name\":\"\u041f\u043e\u0447\u0435\u0442\u043d\u0430\",\"item\":\"https:\\\/\\\/dodo-inflatables.com\\\/sr\\\/\"},{\"@type\":\"ListItem\",\"position\":2,\"name\":\"\u0421\u0445\u043e\u043f\",\"item\":\"https:\\\/\\\/dodo-inflatables.com\\\/sr\\\/%d1%81%d1%85%d0%be%d0%bf\\\/\"},{\"@type\":\"ListItem\",\"position\":3,\"name\":\"\u0412\u0435\u043b\u0446\u0440\u043e \u0444\u0443\u0434\u0431\u0430\u043b \u0437\u0430 \u0444\u0443\u0434\u0431\u0430\u043b\u0441\u043a\u0438 \u043f\u0438\u043a\u0430\u0434\u043e\"}]},{\"@type\":\"WebSite\",\"@id\":\"https:\\\/\\\/dodo-inflatables.com\\\/sr\\\/#website\",\"url\":\"https:\\\/\\\/dodo-inflatables.com\\\/sr\\\/\",\"name\":\"dodo-inflatables.com\",\"description\":\"\u041a\u0443\u043f\u0438\u0442\u0435 \u043d\u0430\u0441\u043a\u043e\u0447\u043d\u0435 \u0434\u0432\u043e\u0440\u0446\u0435 \u0438 \u0430\u0442\u0440\u0430\u043a\u0446\u0438\u0458\u0435 \u0443 \u043d\u0430\u0448\u043e\u0458 \u043f\u0440\u043e\u0434\u0430\u0432\u043d\u0438\u0446\u0438.\",\"potentialAction\":[{\"@type\":\"SearchAction\",\"target\":{\"@type\":\"EntryPoint\",\"urlTemplate\":\"https:\\\/\\\/dodo-inflatables.com\\\/sr\\\/?s={search_term_string}\"},\"query-input\":{\"@type\":\"PropertyValueSpecification\",\"valueRequired\":true,\"valueName\":\"search_term_string\"}}],\"inLanguage\":\"sr-RS\"}]}<\/script>\n<!-- \/ Yoast SEO plugin. -->","yoast_head_json":{"title":"\u041a\u0443\u043f\u0438 \u0447\u0438\u0447\u0430\u043a \u0444\u0443\u0434\u0431\u0430\u043b \u0437\u0430 \u0444\u0443\u0434\u0431\u0430\u043b\u0441\u043a\u0438 \u043f\u0438\u043a\u0430\u0434\u043e | \u0414\u043e\u0434\u043e-\u0418\u043d\u0444\u043b\u0430\u0442\u0430\u0431\u043b\u0435\u0441.\u0446\u043e\u043c","description":"\u041a\u0443\u043f\u0438\u0442\u0435 \u0432\u0438\u0441\u043e\u043a\u043e\u043a\u0432\u0430\u043b\u0438\u0442\u0435\u0442\u043d\u0435 \u0438 \u0438\u0437\u0434\u0440\u0436\u0459\u0438\u0432\u0435 \u0447\u0438\u0447\u0430\u043a \u043b\u043e\u043f\u0442\u0435 \u0437\u0430 \u0444\u0443\u0434\u0431\u0430\u043b\u0441\u043a\u0438 \u043f\u0438\u043a\u0430\u0434\u043e \u0434\u0438\u0440\u0435\u043a\u0442\u043d\u043e \u043d\u0430 \u043c\u0440\u0435\u0436\u0438 \u043d\u0430 \u0414\u043e\u0434\u043e-\u0418\u043d\u0444\u043b\u0430\u0442\u0430\u0431\u043b\u0435\u0441.\u0446\u043e\u043c | \u0412\u0435\u043b\u0438\u043a\u0438 \u0438\u0437\u0431\u043e\u0440 \u043d\u0430 \u043b\u0430\u0433\u0435\u0440\u0443 | \u0421\u0435\u0440\u0442\u0438\u0444\u0438\u043a\u043e\u0432\u0430\u043d\u043e \u043f\u0440\u0435\u043c\u0430 \u0415\u041d14960 |","robots":{"index":"index","follow":"follow","max-snippet":"max-snippet:-1","max-image-preview":"max-image-preview:large","max-video-preview":"max-video-preview:-1"},"canonical":"https:\/\/dodo-inflatables.com\/sr\/\u043f\u0440\u043e\u0438\u0437\u0432\u043e\u0434\/%d0%b2%d0%b5%d0%bb%d1%86%d1%80%d0%be-%d1%84%d1%83%d0%b4%d0%b1%d0%b0%d0%bb-%d0%b7%d0%b0-%d1%84%d1%83%d0%b4%d0%b1%d0%b0%d0%bb%d1%81%d0%ba%d0%b8-%d0%bf%d0%b8%d0%ba%d0%b0%d0%b4%d0%be\/","twitter_misc":{"\u041f\u0440\u043e\u0446\u0435\u045a\u0435\u043d\u043e \u0432\u0440\u0435\u043c\u0435 \u0447\u0438\u0442\u0430\u045a\u0430":"1 \u043c\u0438\u043d\u0443\u0442"},"schema":{"@context":"https:\/\/schema.org","@graph":[{"@type":"WebPage","@id":"https:\/\/dodo-inflatables.com\/sr\/\u043f\u0440\u043e\u0438\u0437\u0432\u043e\u0434\/%d0%b2%d0%b5%d0%bb%d1%86%d1%80%d0%be-%d1%84%d1%83%d0%b4%d0%b1%d0%b0%d0%bb-%d0%b7%d0%b0-%d1%84%d1%83%d0%b4%d0%b1%d0%b0%d0%bb%d1%81%d0%ba%d0%b8-%d0%bf%d0%b8%d0%ba%d0%b0%d0%b4%d0%be\/","url":"https:\/\/dodo-inflatables.com\/sr\/\u043f\u0440\u043e\u0438\u0437\u0432\u043e\u0434\/%d0%b2%d0%b5%d0%bb%d1%86%d1%80%d0%be-%d1%84%d1%83%d0%b4%d0%b1%d0%b0%d0%bb-%d0%b7%d0%b0-%d1%84%d1%83%d0%b4%d0%b1%d0%b0%d0%bb%d1%81%d0%ba%d0%b8-%d0%bf%d0%b8%d0%ba%d0%b0%d0%b4%d0%be\/","name":"\u041a\u0443\u043f\u0438 \u0447\u0438\u0447\u0430\u043a \u0444\u0443\u0434\u0431\u0430\u043b \u0437\u0430 \u0444\u0443\u0434\u0431\u0430\u043b\u0441\u043a\u0438 \u043f\u0438\u043a\u0430\u0434\u043e | \u0414\u043e\u0434\u043e-\u0418\u043d\u0444\u043b\u0430\u0442\u0430\u0431\u043b\u0435\u0441.\u0446\u043e\u043c","isPartOf":{"@id":"https:\/\/dodo-inflatables.com\/sr\/#website"},"primaryImageOfPage":{"@id":"https:\/\/dodo-inflatables.com\/sr\/\u043f\u0440\u043e\u0438\u0437\u0432\u043e\u0434\/%d0%b2%d0%b5%d0%bb%d1%86%d1%80%d0%be-%d1%84%d1%83%d0%b4%d0%b1%d0%b0%d0%bb-%d0%b7%d0%b0-%d1%84%d1%83%d0%b4%d0%b1%d0%b0%d0%bb%d1%81%d0%ba%d0%b8-%d0%bf%d0%b8%d0%ba%d0%b0%d0%b4%d0%be\/#primaryimage"},"image":{"@id":"https:\/\/dodo-inflatables.com\/sr\/\u043f\u0440\u043e\u0438\u0437\u0432\u043e\u0434\/%d0%b2%d0%b5%d0%bb%d1%86%d1%80%d0%be-%d1%84%d1%83%d0%b4%d0%b1%d0%b0%d0%bb-%d0%b7%d0%b0-%d1%84%d1%83%d0%b4%d0%b1%d0%b0%d0%bb%d1%81%d0%ba%d0%b8-%d0%bf%d0%b8%d0%ba%d0%b0%d0%b4%d0%be\/#primaryimage"},"thumbnailUrl":"https:\/\/dodo-inflatables.com\/wp-content\/uploads\/2018\/03\/klett-fussbaelle-fuer-fussball-dart-500-1.png","datePublished":"2018-03-19T10:16:32+00:00","dateModified":"2026-04-25T17:10:25+00:00","description":"\u041a\u0443\u043f\u0438\u0442\u0435 \u0432\u0438\u0441\u043e\u043a\u043e\u043a\u0432\u0430\u043b\u0438\u0442\u0435\u0442\u043d\u0435 \u0438 \u0438\u0437\u0434\u0440\u0436\u0459\u0438\u0432\u0435 \u0447\u0438\u0447\u0430\u043a \u043b\u043e\u043f\u0442\u0435 \u0437\u0430 \u0444\u0443\u0434\u0431\u0430\u043b\u0441\u043a\u0438 \u043f\u0438\u043a\u0430\u0434\u043e \u0434\u0438\u0440\u0435\u043a\u0442\u043d\u043e \u043d\u0430 \u043c\u0440\u0435\u0436\u0438 \u043d\u0430 \u0414\u043e\u0434\u043e-\u0418\u043d\u0444\u043b\u0430\u0442\u0430\u0431\u043b\u0435\u0441.\u0446\u043e\u043c | \u0412\u0435\u043b\u0438\u043a\u0438 \u0438\u0437\u0431\u043e\u0440 \u043d\u0430 \u043b\u0430\u0433\u0435\u0440\u0443 | \u0421\u0435\u0440\u0442\u0438\u0444\u0438\u043a\u043e\u0432\u0430\u043d\u043e \u043f\u0440\u0435\u043c\u0430 \u0415\u041d14960 |","breadcrumb":{"@id":"https:\/\/dodo-inflatables.com\/sr\/\u043f\u0440\u043e\u0438\u0437\u0432\u043e\u0434\/%d0%b2%d0%b5%d0%bb%d1%86%d1%80%d0%be-%d1%84%d1%83%d0%b4%d0%b1%d0%b0%d0%bb-%d0%b7%d0%b0-%d1%84%d1%83%d0%b4%d0%b1%d0%b0%d0%bb%d1%81%d0%ba%d0%b8-%d0%bf%d0%b8%d0%ba%d0%b0%d0%b4%d0%be\/#breadcrumb"},"inLanguage":"sr-RS","potentialAction":[{"@type":"ReadAction","target":["https:\/\/dodo-inflatables.com\/sr\/\u043f\u0440\u043e\u0438\u0437\u0432\u043e\u0434\/%d0%b2%d0%b5%d0%bb%d1%86%d1%80%d0%be-%d1%84%d1%83%d0%b4%d0%b1%d0%b0%d0%bb-%d0%b7%d0%b0-%d1%84%d1%83%d0%b4%d0%b1%d0%b0%d0%bb%d1%81%d0%ba%d0%b8-%d0%bf%d0%b8%d0%ba%d0%b0%d0%b4%d0%be\/"]}]},{"@type":"ImageObject","inLanguage":"sr-RS","@id":"https:\/\/dodo-inflatables.com\/sr\/\u043f\u0440\u043e\u0438\u0437\u0432\u043e\u0434\/%d0%b2%d0%b5%d0%bb%d1%86%d1%80%d0%be-%d1%84%d1%83%d0%b4%d0%b1%d0%b0%d0%bb-%d0%b7%d0%b0-%d1%84%d1%83%d0%b4%d0%b1%d0%b0%d0%bb%d1%81%d0%ba%d0%b8-%d0%bf%d0%b8%d0%ba%d0%b0%d0%b4%d0%be\/#primaryimage","url":"https:\/\/dodo-inflatables.com\/wp-content\/uploads\/2018\/03\/klett-fussbaelle-fuer-fussball-dart-500-1.png","contentUrl":"https:\/\/dodo-inflatables.com\/wp-content\/uploads\/2018\/03\/klett-fussbaelle-fuer-fussball-dart-500-1.png","width":500,"height":500},{"@type":"BreadcrumbList","@id":"https:\/\/dodo-inflatables.com\/sr\/\u043f\u0440\u043e\u0438\u0437\u0432\u043e\u0434\/%d0%b2%d0%b5%d0%bb%d1%86%d1%80%d0%be-%d1%84%d1%83%d0%b4%d0%b1%d0%b0%d0%bb-%d0%b7%d0%b0-%d1%84%d1%83%d0%b4%d0%b1%d0%b0%d0%bb%d1%81%d0%ba%d0%b8-%d0%bf%d0%b8%d0%ba%d0%b0%d0%b4%d0%be\/#breadcrumb","itemListElement":[{"@type":"ListItem","position":1,"name":"\u041f\u043e\u0447\u0435\u0442\u043d\u0430","item":"https:\/\/dodo-inflatables.com\/sr\/"},{"@type":"ListItem","position":2,"name":"\u0421\u0445\u043e\u043f","item":"https:\/\/dodo-inflatables.com\/sr\/%d1%81%d1%85%d0%be%d0%bf\/"},{"@type":"ListItem","position":3,"name":"\u0412\u0435\u043b\u0446\u0440\u043e \u0444\u0443\u0434\u0431\u0430\u043b \u0437\u0430 \u0444\u0443\u0434\u0431\u0430\u043b\u0441\u043a\u0438 \u043f\u0438\u043a\u0430\u0434\u043e"}]},{"@type":"WebSite","@id":"https:\/\/dodo-inflatables.com\/sr\/#website","url":"https:\/\/dodo-inflatables.com\/sr\/","name":"dodo-inflatables.com","description":"\u041a\u0443\u043f\u0438\u0442\u0435 \u043d\u0430\u0441\u043a\u043e\u0447\u043d\u0435 \u0434\u0432\u043e\u0440\u0446\u0435 \u0438 \u0430\u0442\u0440\u0430\u043a\u0446\u0438\u0458\u0435 \u0443 \u043d\u0430\u0448\u043e\u0458 \u043f\u0440\u043e\u0434\u0430\u0432\u043d\u0438\u0446\u0438.","potentialAction":[{"@type":"SearchAction","target":{"@type":"EntryPoint","urlTemplate":"https:\/\/dodo-inflatables.com\/sr\/?s={search_term_string}"},"query-input":{"@type":"PropertyValueSpecification","valueRequired":true,"valueName":"search_term_string"}}],"inLanguage":"sr-RS"}]}},"uagb_featured_image_src":{"full":["https:\/\/dodo-inflatables.com\/wp-content\/uploads\/2018\/03\/klett-fussbaelle-fuer-fussball-dart-500-1.png",500,500,false],"thumbnail":["https:\/\/dodo-inflatables.com\/wp-content\/uploads\/2018\/03\/klett-fussbaelle-fuer-fussball-dart-500-1-150x150.png",150,150,true],"medium":["https:\/\/dodo-inflatables.com\/wp-content\/uploads\/2018\/03\/klett-fussbaelle-fuer-fussball-dart-500-1-300x300.png",300,300,true],"medium_large":["https:\/\/dodo-inflatables.com\/wp-content\/uploads\/2018\/03\/klett-fussbaelle-fuer-fussball-dart-500-1.png",500,500,false],"large":["https:\/\/dodo-inflatables.com\/wp-content\/uploads\/2018\/03\/klett-fussbaelle-fuer-fussball-dart-500-1.png",500,500,false],"1536x1536":["https:\/\/dodo-inflatables.com\/wp-content\/uploads\/2018\/03\/klett-fussbaelle-fuer-fussball-dart-500-1.png",500,500,false],"2048x2048":["https:\/\/dodo-inflatables.com\/wp-content\/uploads\/2018\/03\/klett-fussbaelle-fuer-fussball-dart-500-1.png",500,500,false],"woocommerce_thumbnail":["https:\/\/dodo-inflatables.com\/wp-content\/uploads\/2018\/03\/klett-fussbaelle-fuer-fussball-dart-500-1.png",500,500,false],"woocommerce_single":["https:\/\/dodo-inflatables.com\/wp-content\/uploads\/2018\/03\/klett-fussbaelle-fuer-fussball-dart-500-1.png",500,500,false],"woocommerce_gallery_thumbnail":["https:\/\/dodo-inflatables.com\/wp-content\/uploads\/2018\/03\/klett-fussbaelle-fuer-fussball-dart-500-1-100x100.png",100,100,true]},"uagb_author_info":{"display_name":"Andreas","author_link":"https:\/\/dodo-inflatables.com\/sr\/author\/"},"uagb_comment_info":0,"uagb_excerpt":"Profesionalna \u010di\u010dak lopta sa kra\u0107im vlaknima za manje dla\u010dica na meti Optimizovana \u010di\u010dak povr\u0161ina za bolje prianjanje i du\u017ei vek trajanja Pre\u010dnik: 21 cm | Boje: crna, \u017euta, crvena (nasumi\u010dni izbor boje) Cena va\u017ei za jednu loptu","_links":{"self":[{"href":"https:\/\/dodo-inflatables.com\/sr\/wp-json\/wp\/v2\/product\/19034","targetHints":{"allow":["GET"]}}],"collection":[{"href":"https:\/\/dodo-inflatables.com\/sr\/wp-json\/wp\/v2\/product"}],"about":[{"href":"https:\/\/dodo-inflatables.com\/sr\/wp-json\/wp\/v2\/types\/product"}],"replies":[{"embeddable":true,"href":"https:\/\/dodo-inflatables.com\/sr\/wp-json\/wp\/v2\/comments?post=19034"}],"wp:featuredmedia":[{"embeddable":true,"href":"https:\/\/dodo-inflatables.com\/sr\/wp-json\/wp\/v2\/media\/19036"}],"wp:attachment":[{"href":"https:\/\/dodo-inflatables.com\/sr\/wp-json\/wp\/v2\/media?parent=19034"}],"wp:term":[{"taxonomy":"product_brand","embeddable":true,"href":"https:\/\/dodo-inflatables.com\/sr\/wp-json\/wp\/v2\/product_brand?post=19034"},{"taxonomy":"product_cat","embeddable":true,"href":"https:\/\/dodo-inflatables.com\/sr\/wp-json\/wp\/v2\/product_cat?post=19034"},{"taxonomy":"product_tag","embeddable":true,"href":"https:\/\/dodo-inflatables.com\/sr\/wp-json\/wp\/v2\/product_tag?post=19034"}],"curies":[{"name":"wp","href":"https:\/\/api.w.org\/{rel}","templated":true}]}}