{"id":19438,"date":"2020-04-15T10:33:18","date_gmt":"2020-04-15T08:33:18","guid":{"rendered":"https:\/\/dodo-inflatables.com\/product\/%d0%bf%d0%be%d0%b4%d0%bb%d0%be%d0%b3%d0%b0-5-%d0%ba-6-%d0%bc%d0%b5%d1%82%d0%b0%d1%80%d0%b0-%d0%b1%d0%b5%d0%bb%d0%b0\/"},"modified":"2026-04-25T18:46:04","modified_gmt":"2026-04-25T16:46:04","slug":"%d0%bf%d0%be%d0%b4%d0%bb%d0%be%d0%b3%d0%b0-5-%d0%ba-6-%d0%bc%d0%b5%d1%82%d0%b0%d1%80%d0%b0-%d0%b1%d0%b5%d0%bb%d0%b0","status":"publish","type":"product","link":"https:\/\/dodo-inflatables.com\/sr\/\u043f\u0440\u043e\u0438\u0437\u0432\u043e\u0434\/%d0%bf%d0%be%d0%b4%d0%bb%d0%be%d0%b3%d0%b0-5-%d0%ba-6-%d0%bc%d0%b5%d1%82%d0%b0%d1%80%d0%b0-%d0%b1%d0%b5%d0%bb%d0%b0\/","title":{"rendered":"Bela podlo\u017ena cerada 5 x 6 m"},"content":{"rendered":"<h2>Kupite belu podlo\u017enu ceradu za dvorce na naduvavanje<\/h2>\n<p>Kori\u0161\u0107enje odgovaraju\u0107e podlo\u017ene cerade jedan je od najboljih na\u010dina za produ\u017eenje veka trajanja va\u0161eg dvorca na naduvavanje.<br \/>\nBez obzira da li je dvorac na naduvavanje postavljen na travi, asfaltu, poplo\u010danom tlu ili unutra, podlo\u017ena cerada pouzdano \u0161titi dno naduvavaju\u0107e konstrukcije od abrazije, vlage i o\u0161te\u0107enja.<br \/>\n<strong>Pouzdana za\u0161tita:<\/strong><br \/>\nPodlo\u017ena cerada spre\u010dava direktan kontakt izme\u0111u dvorca na naduvavanje i povr\u0161ine ispod, poma\u017eu\u0107i da ga za\u0161titi od o\u0161trih ivica, kamenja, prljav\u0161tine i vlage.<br \/>\n<strong>Vi\u0161estruka upotreba:<\/strong><br \/>\nPogodna za dvorce na naduvavanje i druge naduvavaju\u0107e event module, kako za privatnu upotrebu tako i za profesionalne iznajmljiva\u010de.<br \/>\n<strong>Sigurno pozicioniranje:<\/strong><br \/>\nZahvaljuju\u0107i pri\u010dvrsnim u\u0161icama raspore\u0111enim po celom obodu cerade, ona se po potrebi mo\u017ee pri\u010dvrstiti i ostaje sigurno na mestu \u010dak i kada se dvorac na naduvavanje pomera tokom upotrebe.<br \/>\n<strong>Robusna i izdr\u017eljiva:<\/strong><br \/>\n\u010cvrsti PE materijal je vodootporan, otporan na vremenske uslove i kidanje, \u0161to ga \u010dini idealnim za redovnu unutra\u0161nju i spolja\u0161nju upotrebu.<br \/>\n<strong>Detalji o podlo\u017enoj ceradi<\/strong><\/p>\n<ul>\n<li style=\"list-style-type: none;\">\n<ul>\n<li>Dimenzije (D x \u0160): oko 5,00 m x 6,00 m<\/li>\n<\/ul>\n<\/li>\n<\/ul>\n<ul>\n<li>Pri\u010dvrsne u\u0161ice na razmaku od oko 50 cm<\/li>\n<li>PE 260 g\/m\u00b2<\/li>\n<li>Vodootporna, otporna na vremenske uslove i kidanje<\/li>\n<\/ul>\n","protected":false},"excerpt":{"rendered":"<ul>\n<li>Dimenzije (D x \u0160): oko 5,00 m x 6,00 m<\/li>\n<li>Pri\u010dvrsne u\u0161ice na razmaku od oko 50 cm<\/li>\n<li>PE 260 g\/m\u00b2<\/li>\n<li>Vodootporna, otporna na vremenske uslove i kidanje<\/li>\n<\/ul>\n","protected":false},"featured_media":19439,"comment_status":"open","ping_status":"closed","template":"","meta":{"_acf_changed":false,"_uag_custom_page_level_css":"","site-sidebar-layout":"default","site-content-layout":"boxed-container","ast-site-content-layout":"normal-width-container","site-content-style":"boxed","site-sidebar-style":"boxed","ast-global-header-display":"","ast-banner-title-visibility":"","ast-main-header-display":"","ast-hfb-above-header-display":"","ast-hfb-below-header-display":"","ast-hfb-mobile-header-display":"","site-post-title":"disabled","ast-breadcrumbs-content":"","ast-featured-img":"","footer-sml-layout":"","ast-disable-related-posts":"","theme-transparent-header-meta":"default","adv-header-id-meta":"","stick-header-meta":"default","header-above-stick-meta":"","header-main-stick-meta":"","header-below-stick-meta":"","astra-migrate-meta-layouts":"default","ast-page-background-enabled":"default","ast-page-background-meta":{"desktop":{"background-color":"var(--ast-global-color-4)","background-image":"","background-repeat":"repeat","background-position":"center center","background-size":"auto","background-attachment":"scroll","background-type":"","background-media":"","overlay-type":"","overlay-color":"","overlay-opacity":"","overlay-gradient":""},"tablet":{"background-color":"","background-image":"","background-repeat":"repeat","background-position":"center center","background-size":"auto","background-attachment":"scroll","background-type":"","background-media":"","overlay-type":"","overlay-color":"","overlay-opacity":"","overlay-gradient":""},"mobile":{"background-color":"","background-image":"","background-repeat":"repeat","background-position":"center center","background-size":"auto","background-attachment":"scroll","background-type":"","background-media":"","overlay-type":"","overlay-color":"","overlay-opacity":"","overlay-gradient":""}},"ast-content-background-meta":{"desktop":{"background-color":"var(--ast-global-color-5)","background-image":"","background-repeat":"repeat","background-position":"center center","background-size":"auto","background-attachment":"scroll","background-type":"","background-media":"","overlay-type":"","overlay-color":"","overlay-opacity":"","overlay-gradient":""},"tablet":{"background-color":"var(--ast-global-color-5)","background-image":"","background-repeat":"repeat","background-position":"center center","background-size":"auto","background-attachment":"scroll","background-type":"","background-media":"","overlay-type":"","overlay-color":"","overlay-opacity":"","overlay-gradient":""},"mobile":{"background-color":"var(--ast-global-color-5)","background-image":"","background-repeat":"repeat","background-position":"center center","background-size":"auto","background-attachment":"scroll","background-type":"","background-media":"","overlay-type":"","overlay-color":"","overlay-opacity":"","overlay-gradient":""}}},"product_brand":[],"product_cat":[2062],"product_tag":[],"class_list":{"0":"post-19438","1":"product","2":"type-product","3":"status-publish","4":"has-post-thumbnail","6":"product_cat-2062","7":"product_shipping_class-2063","8":"desktop-align-center","9":"tablet-align-center","10":"mobile-align-center","11":"ast-product-gallery-layout-horizontal","12":"ast-product-gallery-with-no-image","13":"ast-product-tabs-layout-horizontal","15":"first","16":"instock","17":"taxable","18":"shipping-taxable","19":"purchasable","20":"product-type-simple"},"acf":[],"yoast_head":"<!-- This site is optimized with the Yoast SEO plugin v27.5 - https:\/\/yoast.com\/product\/yoast-seo-wordpress\/ -->\n<title>\u041a\u0443\u043f\u043e\u0432\u0438\u043d\u0430 \u043f\u043e\u0434\u043b\u043e\u0433\u0435 \u0437\u0430 \u0433\u0443\u043c\u0435\u045a\u0430\u043a\u0435 | \u0414\u043e\u0434\u043e-\u0418\u043d\u0444\u043b\u0430\u0442\u0430\u0431\u043b\u0435\u0441.\u0446\u043e\u043c<\/title>\n<meta name=\"description\" content=\"\u041a\u0443\u043f\u0438\u0442\u0435 \u043e\u0434\u0433\u043e\u0432\u0430\u0440\u0430\u0458\u0443\u045b\u0438 \u043f\u0440\u0438\u0431\u043e\u0440 \u043a\u0430\u043e \u0448\u0442\u043e \u0441\u0443 \u0441\u0442\u0430\u0431\u0438\u043b\u043d\u0435 \u043f\u043e\u0434\u043b\u043e\u0433\u0435 \u0437\u0430 \u0433\u0443\u043c\u0435\u045a\u0430\u043a\u0435 \u0434\u0438\u0440\u0435\u043a\u0442\u043d\u043e \u043d\u0430 \u043c\u0440\u0435\u0436\u0438 \u043d\u0430 \u0414\u043e\u0434\u043e-\u0418\u043d\u0444\u043b\u0430\u0442\u0430\u0431\u043b\u0435\u0441.\u0446\u043e\u043c | \u0421\u0435\u0440\u0442\u0438\u0444\u0438\u043a\u043e\u0432\u0430\u043d\u043e \u043f\u0440\u0435\u043c\u0430 \u0415\u041d14960 | \u0411\u0440\u0437\u0430 \u0434\u043e\u0441\u0442\u0430\u0432\u0430!\" \/>\n<meta name=\"robots\" content=\"index, follow, max-snippet:-1, max-image-preview:large, max-video-preview:-1\" \/>\n<link rel=\"canonical\" href=\"https:\/\/dodo-inflatables.com\/sr\/\u043f\u0440\u043e\u0438\u0437\u0432\u043e\u0434\/%d0%bf%d0%be%d0%b4%d0%bb%d0%be%d0%b3%d0%b0-5-%d0%ba-6-%d0%bc%d0%b5%d1%82%d0%b0%d1%80%d0%b0-%d0%b1%d0%b5%d0%bb%d0%b0\/\" \/>\n<meta name=\"twitter:label1\" content=\"\u041f\u0440\u043e\u0446\u0435\u045a\u0435\u043d\u043e \u0432\u0440\u0435\u043c\u0435 \u0447\u0438\u0442\u0430\u045a\u0430\" \/>\n\t<meta name=\"twitter:data1\" content=\"1 \u043c\u0438\u043d\u0443\u0442\" \/>\n<script type=\"application\/ld+json\" class=\"yoast-schema-graph\">{\"@context\":\"https:\\\/\\\/schema.org\",\"@graph\":[{\"@type\":\"WebPage\",\"@id\":\"https:\\\/\\\/dodo-inflatables.com\\\/sr\\\/\u043f\u0440\u043e\u0438\u0437\u0432\u043e\u0434\\\/%d0%bf%d0%be%d0%b4%d0%bb%d0%be%d0%b3%d0%b0-5-%d0%ba-6-%d0%bc%d0%b5%d1%82%d0%b0%d1%80%d0%b0-%d0%b1%d0%b5%d0%bb%d0%b0\\\/\",\"url\":\"https:\\\/\\\/dodo-inflatables.com\\\/sr\\\/\u043f\u0440\u043e\u0438\u0437\u0432\u043e\u0434\\\/%d0%bf%d0%be%d0%b4%d0%bb%d0%be%d0%b3%d0%b0-5-%d0%ba-6-%d0%bc%d0%b5%d1%82%d0%b0%d1%80%d0%b0-%d0%b1%d0%b5%d0%bb%d0%b0\\\/\",\"name\":\"\u041a\u0443\u043f\u043e\u0432\u0438\u043d\u0430 \u043f\u043e\u0434\u043b\u043e\u0433\u0435 \u0437\u0430 \u0433\u0443\u043c\u0435\u045a\u0430\u043a\u0435 | \u0414\u043e\u0434\u043e-\u0418\u043d\u0444\u043b\u0430\u0442\u0430\u0431\u043b\u0435\u0441.\u0446\u043e\u043c\",\"isPartOf\":{\"@id\":\"https:\\\/\\\/dodo-inflatables.com\\\/sr\\\/#website\"},\"primaryImageOfPage\":{\"@id\":\"https:\\\/\\\/dodo-inflatables.com\\\/sr\\\/\u043f\u0440\u043e\u0438\u0437\u0432\u043e\u0434\\\/%d0%bf%d0%be%d0%b4%d0%bb%d0%be%d0%b3%d0%b0-5-%d0%ba-6-%d0%bc%d0%b5%d1%82%d0%b0%d1%80%d0%b0-%d0%b1%d0%b5%d0%bb%d0%b0\\\/#primaryimage\"},\"image\":{\"@id\":\"https:\\\/\\\/dodo-inflatables.com\\\/sr\\\/\u043f\u0440\u043e\u0438\u0437\u0432\u043e\u0434\\\/%d0%bf%d0%be%d0%b4%d0%bb%d0%be%d0%b3%d0%b0-5-%d0%ba-6-%d0%bc%d0%b5%d1%82%d0%b0%d1%80%d0%b0-%d0%b1%d0%b5%d0%bb%d0%b0\\\/#primaryimage\"},\"thumbnailUrl\":\"https:\\\/\\\/dodo-inflatables.com\\\/wp-content\\\/uploads\\\/2020\\\/04\\\/unterlegplane-weis-kaufen.jpg\",\"datePublished\":\"2020-04-15T08:33:18+00:00\",\"dateModified\":\"2026-04-25T16:46:04+00:00\",\"description\":\"\u041a\u0443\u043f\u0438\u0442\u0435 \u043e\u0434\u0433\u043e\u0432\u0430\u0440\u0430\u0458\u0443\u045b\u0438 \u043f\u0440\u0438\u0431\u043e\u0440 \u043a\u0430\u043e \u0448\u0442\u043e \u0441\u0443 \u0441\u0442\u0430\u0431\u0438\u043b\u043d\u0435 \u043f\u043e\u0434\u043b\u043e\u0433\u0435 \u0437\u0430 \u0433\u0443\u043c\u0435\u045a\u0430\u043a\u0435 \u0434\u0438\u0440\u0435\u043a\u0442\u043d\u043e \u043d\u0430 \u043c\u0440\u0435\u0436\u0438 \u043d\u0430 \u0414\u043e\u0434\u043e-\u0418\u043d\u0444\u043b\u0430\u0442\u0430\u0431\u043b\u0435\u0441.\u0446\u043e\u043c | \u0421\u0435\u0440\u0442\u0438\u0444\u0438\u043a\u043e\u0432\u0430\u043d\u043e \u043f\u0440\u0435\u043c\u0430 \u0415\u041d14960 | \u0411\u0440\u0437\u0430 \u0434\u043e\u0441\u0442\u0430\u0432\u0430!\",\"breadcrumb\":{\"@id\":\"https:\\\/\\\/dodo-inflatables.com\\\/sr\\\/\u043f\u0440\u043e\u0438\u0437\u0432\u043e\u0434\\\/%d0%bf%d0%be%d0%b4%d0%bb%d0%be%d0%b3%d0%b0-5-%d0%ba-6-%d0%bc%d0%b5%d1%82%d0%b0%d1%80%d0%b0-%d0%b1%d0%b5%d0%bb%d0%b0\\\/#breadcrumb\"},\"inLanguage\":\"sr-RS\",\"potentialAction\":[{\"@type\":\"ReadAction\",\"target\":[\"https:\\\/\\\/dodo-inflatables.com\\\/sr\\\/\u043f\u0440\u043e\u0438\u0437\u0432\u043e\u0434\\\/%d0%bf%d0%be%d0%b4%d0%bb%d0%be%d0%b3%d0%b0-5-%d0%ba-6-%d0%bc%d0%b5%d1%82%d0%b0%d1%80%d0%b0-%d0%b1%d0%b5%d0%bb%d0%b0\\\/\"]}]},{\"@type\":\"ImageObject\",\"inLanguage\":\"sr-RS\",\"@id\":\"https:\\\/\\\/dodo-inflatables.com\\\/sr\\\/\u043f\u0440\u043e\u0438\u0437\u0432\u043e\u0434\\\/%d0%bf%d0%be%d0%b4%d0%bb%d0%be%d0%b3%d0%b0-5-%d0%ba-6-%d0%bc%d0%b5%d1%82%d0%b0%d1%80%d0%b0-%d0%b1%d0%b5%d0%bb%d0%b0\\\/#primaryimage\",\"url\":\"https:\\\/\\\/dodo-inflatables.com\\\/wp-content\\\/uploads\\\/2020\\\/04\\\/unterlegplane-weis-kaufen.jpg\",\"contentUrl\":\"https:\\\/\\\/dodo-inflatables.com\\\/wp-content\\\/uploads\\\/2020\\\/04\\\/unterlegplane-weis-kaufen.jpg\",\"width\":500,\"height\":500,\"caption\":\"Bela podlo\u017ena cerada 5 x 6 m za dvorce na naduvavanje | Dodo Inflatables\"},{\"@type\":\"BreadcrumbList\",\"@id\":\"https:\\\/\\\/dodo-inflatables.com\\\/sr\\\/\u043f\u0440\u043e\u0438\u0437\u0432\u043e\u0434\\\/%d0%bf%d0%be%d0%b4%d0%bb%d0%be%d0%b3%d0%b0-5-%d0%ba-6-%d0%bc%d0%b5%d1%82%d0%b0%d1%80%d0%b0-%d0%b1%d0%b5%d0%bb%d0%b0\\\/#breadcrumb\",\"itemListElement\":[{\"@type\":\"ListItem\",\"position\":1,\"name\":\"\u041f\u043e\u0447\u0435\u0442\u043d\u0430\",\"item\":\"https:\\\/\\\/dodo-inflatables.com\\\/sr\\\/\"},{\"@type\":\"ListItem\",\"position\":2,\"name\":\"\u0421\u0445\u043e\u043f\",\"item\":\"https:\\\/\\\/dodo-inflatables.com\\\/sr\\\/%d1%81%d1%85%d0%be%d0%bf\\\/\"},{\"@type\":\"ListItem\",\"position\":3,\"name\":\"\u041f\u043e\u0434\u043b\u043e\u0433\u0430 5 \u043a 6 \u043c\u0435\u0442\u0430\u0440\u0430 &#8211; \u0431\u0435\u043b\u0430\"}]},{\"@type\":\"WebSite\",\"@id\":\"https:\\\/\\\/dodo-inflatables.com\\\/sr\\\/#website\",\"url\":\"https:\\\/\\\/dodo-inflatables.com\\\/sr\\\/\",\"name\":\"dodo-inflatables.com\",\"description\":\"\u041a\u0443\u043f\u0438\u0442\u0435 \u043d\u0430\u0441\u043a\u043e\u0447\u043d\u0435 \u0434\u0432\u043e\u0440\u0446\u0435 \u0438 \u0430\u0442\u0440\u0430\u043a\u0446\u0438\u0458\u0435 \u0443 \u043d\u0430\u0448\u043e\u0458 \u043f\u0440\u043e\u0434\u0430\u0432\u043d\u0438\u0446\u0438.\",\"potentialAction\":[{\"@type\":\"SearchAction\",\"target\":{\"@type\":\"EntryPoint\",\"urlTemplate\":\"https:\\\/\\\/dodo-inflatables.com\\\/sr\\\/?s={search_term_string}\"},\"query-input\":{\"@type\":\"PropertyValueSpecification\",\"valueRequired\":true,\"valueName\":\"search_term_string\"}}],\"inLanguage\":\"sr-RS\"}]}<\/script>\n<!-- \/ Yoast SEO plugin. -->","yoast_head_json":{"title":"\u041a\u0443\u043f\u043e\u0432\u0438\u043d\u0430 \u043f\u043e\u0434\u043b\u043e\u0433\u0435 \u0437\u0430 \u0433\u0443\u043c\u0435\u045a\u0430\u043a\u0435 | \u0414\u043e\u0434\u043e-\u0418\u043d\u0444\u043b\u0430\u0442\u0430\u0431\u043b\u0435\u0441.\u0446\u043e\u043c","description":"\u041a\u0443\u043f\u0438\u0442\u0435 \u043e\u0434\u0433\u043e\u0432\u0430\u0440\u0430\u0458\u0443\u045b\u0438 \u043f\u0440\u0438\u0431\u043e\u0440 \u043a\u0430\u043e \u0448\u0442\u043e \u0441\u0443 \u0441\u0442\u0430\u0431\u0438\u043b\u043d\u0435 \u043f\u043e\u0434\u043b\u043e\u0433\u0435 \u0437\u0430 \u0433\u0443\u043c\u0435\u045a\u0430\u043a\u0435 \u0434\u0438\u0440\u0435\u043a\u0442\u043d\u043e \u043d\u0430 \u043c\u0440\u0435\u0436\u0438 \u043d\u0430 \u0414\u043e\u0434\u043e-\u0418\u043d\u0444\u043b\u0430\u0442\u0430\u0431\u043b\u0435\u0441.\u0446\u043e\u043c | \u0421\u0435\u0440\u0442\u0438\u0444\u0438\u043a\u043e\u0432\u0430\u043d\u043e \u043f\u0440\u0435\u043c\u0430 \u0415\u041d14960 | \u0411\u0440\u0437\u0430 \u0434\u043e\u0441\u0442\u0430\u0432\u0430!","robots":{"index":"index","follow":"follow","max-snippet":"max-snippet:-1","max-image-preview":"max-image-preview:large","max-video-preview":"max-video-preview:-1"},"canonical":"https:\/\/dodo-inflatables.com\/sr\/\u043f\u0440\u043e\u0438\u0437\u0432\u043e\u0434\/%d0%bf%d0%be%d0%b4%d0%bb%d0%be%d0%b3%d0%b0-5-%d0%ba-6-%d0%bc%d0%b5%d1%82%d0%b0%d1%80%d0%b0-%d0%b1%d0%b5%d0%bb%d0%b0\/","twitter_misc":{"\u041f\u0440\u043e\u0446\u0435\u045a\u0435\u043d\u043e \u0432\u0440\u0435\u043c\u0435 \u0447\u0438\u0442\u0430\u045a\u0430":"1 \u043c\u0438\u043d\u0443\u0442"},"schema":{"@context":"https:\/\/schema.org","@graph":[{"@type":"WebPage","@id":"https:\/\/dodo-inflatables.com\/sr\/\u043f\u0440\u043e\u0438\u0437\u0432\u043e\u0434\/%d0%bf%d0%be%d0%b4%d0%bb%d0%be%d0%b3%d0%b0-5-%d0%ba-6-%d0%bc%d0%b5%d1%82%d0%b0%d1%80%d0%b0-%d0%b1%d0%b5%d0%bb%d0%b0\/","url":"https:\/\/dodo-inflatables.com\/sr\/\u043f\u0440\u043e\u0438\u0437\u0432\u043e\u0434\/%d0%bf%d0%be%d0%b4%d0%bb%d0%be%d0%b3%d0%b0-5-%d0%ba-6-%d0%bc%d0%b5%d1%82%d0%b0%d1%80%d0%b0-%d0%b1%d0%b5%d0%bb%d0%b0\/","name":"\u041a\u0443\u043f\u043e\u0432\u0438\u043d\u0430 \u043f\u043e\u0434\u043b\u043e\u0433\u0435 \u0437\u0430 \u0433\u0443\u043c\u0435\u045a\u0430\u043a\u0435 | \u0414\u043e\u0434\u043e-\u0418\u043d\u0444\u043b\u0430\u0442\u0430\u0431\u043b\u0435\u0441.\u0446\u043e\u043c","isPartOf":{"@id":"https:\/\/dodo-inflatables.com\/sr\/#website"},"primaryImageOfPage":{"@id":"https:\/\/dodo-inflatables.com\/sr\/\u043f\u0440\u043e\u0438\u0437\u0432\u043e\u0434\/%d0%bf%d0%be%d0%b4%d0%bb%d0%be%d0%b3%d0%b0-5-%d0%ba-6-%d0%bc%d0%b5%d1%82%d0%b0%d1%80%d0%b0-%d0%b1%d0%b5%d0%bb%d0%b0\/#primaryimage"},"image":{"@id":"https:\/\/dodo-inflatables.com\/sr\/\u043f\u0440\u043e\u0438\u0437\u0432\u043e\u0434\/%d0%bf%d0%be%d0%b4%d0%bb%d0%be%d0%b3%d0%b0-5-%d0%ba-6-%d0%bc%d0%b5%d1%82%d0%b0%d1%80%d0%b0-%d0%b1%d0%b5%d0%bb%d0%b0\/#primaryimage"},"thumbnailUrl":"https:\/\/dodo-inflatables.com\/wp-content\/uploads\/2020\/04\/unterlegplane-weis-kaufen.jpg","datePublished":"2020-04-15T08:33:18+00:00","dateModified":"2026-04-25T16:46:04+00:00","description":"\u041a\u0443\u043f\u0438\u0442\u0435 \u043e\u0434\u0433\u043e\u0432\u0430\u0440\u0430\u0458\u0443\u045b\u0438 \u043f\u0440\u0438\u0431\u043e\u0440 \u043a\u0430\u043e \u0448\u0442\u043e \u0441\u0443 \u0441\u0442\u0430\u0431\u0438\u043b\u043d\u0435 \u043f\u043e\u0434\u043b\u043e\u0433\u0435 \u0437\u0430 \u0433\u0443\u043c\u0435\u045a\u0430\u043a\u0435 \u0434\u0438\u0440\u0435\u043a\u0442\u043d\u043e \u043d\u0430 \u043c\u0440\u0435\u0436\u0438 \u043d\u0430 \u0414\u043e\u0434\u043e-\u0418\u043d\u0444\u043b\u0430\u0442\u0430\u0431\u043b\u0435\u0441.\u0446\u043e\u043c | \u0421\u0435\u0440\u0442\u0438\u0444\u0438\u043a\u043e\u0432\u0430\u043d\u043e \u043f\u0440\u0435\u043c\u0430 \u0415\u041d14960 | \u0411\u0440\u0437\u0430 \u0434\u043e\u0441\u0442\u0430\u0432\u0430!","breadcrumb":{"@id":"https:\/\/dodo-inflatables.com\/sr\/\u043f\u0440\u043e\u0438\u0437\u0432\u043e\u0434\/%d0%bf%d0%be%d0%b4%d0%bb%d0%be%d0%b3%d0%b0-5-%d0%ba-6-%d0%bc%d0%b5%d1%82%d0%b0%d1%80%d0%b0-%d0%b1%d0%b5%d0%bb%d0%b0\/#breadcrumb"},"inLanguage":"sr-RS","potentialAction":[{"@type":"ReadAction","target":["https:\/\/dodo-inflatables.com\/sr\/\u043f\u0440\u043e\u0438\u0437\u0432\u043e\u0434\/%d0%bf%d0%be%d0%b4%d0%bb%d0%be%d0%b3%d0%b0-5-%d0%ba-6-%d0%bc%d0%b5%d1%82%d0%b0%d1%80%d0%b0-%d0%b1%d0%b5%d0%bb%d0%b0\/"]}]},{"@type":"ImageObject","inLanguage":"sr-RS","@id":"https:\/\/dodo-inflatables.com\/sr\/\u043f\u0440\u043e\u0438\u0437\u0432\u043e\u0434\/%d0%bf%d0%be%d0%b4%d0%bb%d0%be%d0%b3%d0%b0-5-%d0%ba-6-%d0%bc%d0%b5%d1%82%d0%b0%d1%80%d0%b0-%d0%b1%d0%b5%d0%bb%d0%b0\/#primaryimage","url":"https:\/\/dodo-inflatables.com\/wp-content\/uploads\/2020\/04\/unterlegplane-weis-kaufen.jpg","contentUrl":"https:\/\/dodo-inflatables.com\/wp-content\/uploads\/2020\/04\/unterlegplane-weis-kaufen.jpg","width":500,"height":500,"caption":"Bela podlo\u017ena cerada 5 x 6 m za dvorce na naduvavanje | Dodo Inflatables"},{"@type":"BreadcrumbList","@id":"https:\/\/dodo-inflatables.com\/sr\/\u043f\u0440\u043e\u0438\u0437\u0432\u043e\u0434\/%d0%bf%d0%be%d0%b4%d0%bb%d0%be%d0%b3%d0%b0-5-%d0%ba-6-%d0%bc%d0%b5%d1%82%d0%b0%d1%80%d0%b0-%d0%b1%d0%b5%d0%bb%d0%b0\/#breadcrumb","itemListElement":[{"@type":"ListItem","position":1,"name":"\u041f\u043e\u0447\u0435\u0442\u043d\u0430","item":"https:\/\/dodo-inflatables.com\/sr\/"},{"@type":"ListItem","position":2,"name":"\u0421\u0445\u043e\u043f","item":"https:\/\/dodo-inflatables.com\/sr\/%d1%81%d1%85%d0%be%d0%bf\/"},{"@type":"ListItem","position":3,"name":"\u041f\u043e\u0434\u043b\u043e\u0433\u0430 5 \u043a 6 \u043c\u0435\u0442\u0430\u0440\u0430 &#8211; \u0431\u0435\u043b\u0430"}]},{"@type":"WebSite","@id":"https:\/\/dodo-inflatables.com\/sr\/#website","url":"https:\/\/dodo-inflatables.com\/sr\/","name":"dodo-inflatables.com","description":"\u041a\u0443\u043f\u0438\u0442\u0435 \u043d\u0430\u0441\u043a\u043e\u0447\u043d\u0435 \u0434\u0432\u043e\u0440\u0446\u0435 \u0438 \u0430\u0442\u0440\u0430\u043a\u0446\u0438\u0458\u0435 \u0443 \u043d\u0430\u0448\u043e\u0458 \u043f\u0440\u043e\u0434\u0430\u0432\u043d\u0438\u0446\u0438.","potentialAction":[{"@type":"SearchAction","target":{"@type":"EntryPoint","urlTemplate":"https:\/\/dodo-inflatables.com\/sr\/?s={search_term_string}"},"query-input":{"@type":"PropertyValueSpecification","valueRequired":true,"valueName":"search_term_string"}}],"inLanguage":"sr-RS"}]}},"uagb_featured_image_src":{"full":["https:\/\/dodo-inflatables.com\/wp-content\/uploads\/2020\/04\/unterlegplane-weis-kaufen.jpg",500,500,false],"thumbnail":["https:\/\/dodo-inflatables.com\/wp-content\/uploads\/2020\/04\/unterlegplane-weis-kaufen-150x150.jpg",150,150,true],"medium":["https:\/\/dodo-inflatables.com\/wp-content\/uploads\/2020\/04\/unterlegplane-weis-kaufen-300x300.jpg",300,300,true],"medium_large":["https:\/\/dodo-inflatables.com\/wp-content\/uploads\/2020\/04\/unterlegplane-weis-kaufen.jpg",500,500,false],"large":["https:\/\/dodo-inflatables.com\/wp-content\/uploads\/2020\/04\/unterlegplane-weis-kaufen.jpg",500,500,false],"1536x1536":["https:\/\/dodo-inflatables.com\/wp-content\/uploads\/2020\/04\/unterlegplane-weis-kaufen.jpg",500,500,false],"2048x2048":["https:\/\/dodo-inflatables.com\/wp-content\/uploads\/2020\/04\/unterlegplane-weis-kaufen.jpg",500,500,false],"woocommerce_thumbnail":["https:\/\/dodo-inflatables.com\/wp-content\/uploads\/2020\/04\/unterlegplane-weis-kaufen.jpg",500,500,false],"woocommerce_single":["https:\/\/dodo-inflatables.com\/wp-content\/uploads\/2020\/04\/unterlegplane-weis-kaufen.jpg",500,500,false],"woocommerce_gallery_thumbnail":["https:\/\/dodo-inflatables.com\/wp-content\/uploads\/2020\/04\/unterlegplane-weis-kaufen-100x100.jpg",100,100,true]},"uagb_author_info":{"display_name":"Andreas","author_link":"https:\/\/dodo-inflatables.com\/sr\/author\/"},"uagb_comment_info":0,"uagb_excerpt":"Dimenzije (D x \u0160): oko 5,00 m x 6,00 m Pri\u010dvrsne u\u0161ice na razmaku od oko 50 cm PE 260 g\/m\u00b2 Vodootporna, otporna na vremenske uslove i kidanje","_links":{"self":[{"href":"https:\/\/dodo-inflatables.com\/sr\/wp-json\/wp\/v2\/product\/19438","targetHints":{"allow":["GET"]}}],"collection":[{"href":"https:\/\/dodo-inflatables.com\/sr\/wp-json\/wp\/v2\/product"}],"about":[{"href":"https:\/\/dodo-inflatables.com\/sr\/wp-json\/wp\/v2\/types\/product"}],"replies":[{"embeddable":true,"href":"https:\/\/dodo-inflatables.com\/sr\/wp-json\/wp\/v2\/comments?post=19438"}],"wp:featuredmedia":[{"embeddable":true,"href":"https:\/\/dodo-inflatables.com\/sr\/wp-json\/wp\/v2\/media\/19439"}],"wp:attachment":[{"href":"https:\/\/dodo-inflatables.com\/sr\/wp-json\/wp\/v2\/media?parent=19438"}],"wp:term":[{"taxonomy":"product_brand","embeddable":true,"href":"https:\/\/dodo-inflatables.com\/sr\/wp-json\/wp\/v2\/product_brand?post=19438"},{"taxonomy":"product_cat","embeddable":true,"href":"https:\/\/dodo-inflatables.com\/sr\/wp-json\/wp\/v2\/product_cat?post=19438"},{"taxonomy":"product_tag","embeddable":true,"href":"https:\/\/dodo-inflatables.com\/sr\/wp-json\/wp\/v2\/product_tag?post=19438"}],"curies":[{"name":"wp","href":"https:\/\/api.w.org\/{rel}","templated":true}]}}