{"id":19506,"date":"2021-04-14T14:59:50","date_gmt":"2021-04-14T12:59:50","guid":{"rendered":"https:\/\/dodo-inflatables.com\/product\/%d0%b1%d0%be%d1%83%d0%bd%d1%86%d0%b8-%d1%86%d0%b0%d1%81%d1%82%d0%bb%d0%b5-%d0%b4%d0%b5%d0%b7%d0%b8%d0%bd%d1%84%d0%b5%d0%ba%d1%86%d0%b8%d0%be%d0%bd%d0%be-%d1%81%d1%80%d0%b5%d0%b4%d1%81%d1%82%d0%b2\/"},"modified":"2026-04-23T19:40:57","modified_gmt":"2026-04-23T17:40:57","slug":"%d0%b1%d0%be%d1%83%d0%bd%d1%86%d0%b8-%d1%86%d0%b0%d1%81%d1%82%d0%bb%d0%b5-%d0%b4%d0%b5%d0%b7%d0%b8%d0%bd%d1%84%d0%b5%d0%ba%d1%86%d0%b8%d0%be%d0%bd%d0%be-%d1%81%d1%80%d0%b5%d0%b4%d1%81%d1%82%d0%b2","status":"publish","type":"product","link":"https:\/\/dodo-inflatables.com\/sr\/\u043f\u0440\u043e\u0438\u0437\u0432\u043e\u0434\/%d0%b1%d0%be%d1%83%d0%bd%d1%86%d0%b8-%d1%86%d0%b0%d1%81%d1%82%d0%bb%d0%b5-%d0%b4%d0%b5%d0%b7%d0%b8%d0%bd%d1%84%d0%b5%d0%ba%d1%86%d0%b8%d0%be%d0%bd%d0%be-%d1%81%d1%80%d0%b5%d0%b4%d1%81%d1%82%d0%b2\/","title":{"rendered":"Dezinfekcion\u043e sredstvo za dvorce na naduvavanje (12 x 500 ml)"},"content":{"rendered":"<h1>Kupite dezinfekcion\u043e sredstvo za dvorce na naduvavanje<\/h1>\n<p class=\"p1\">Na\u0161e dezinfekcion\u043e sredstvo pogodno je za higijensko \u010di\u0161\u0107enje dvoraca na naduvavanje i druge naduvavaju\u0107e opreme za igru.<br \/>\nZahvaljuju\u0107i aktivnim sastojcima, efikasno je protiv bakterijskih sojeva kao i <span class=\"s1\"><b>omotanih virusa (uklju\u010duju\u0107i SARS-CoV-2)<\/b><\/span> i posebno je razvijeno za osetljive povr\u0161ine.<\/p>\n<p class=\"p3\"><b>Ne\u017eno prema materijalima i bez alkohola:<br \/>\n<\/b>Ovo dezinfekcion\u043e sredstvo ne sadr\u017ei alkohol i stoga je bezbedno za upotrebu na povr\u0161inama dvoraca na naduvavanje, tobogana i naduvavaju\u0107ih event modula.<br \/>\nNije korozivno i biorazgradivo je.<\/p>\n<p class=\"p3\"><b>Spremno za upotrebu i jednostavno za kori\u0161\u0107enje:<br \/>\n<\/b>Dezinfekcion\u043e sredstvo se isporu\u010duje ve\u0107 pome\u0161ano i mo\u017ee se odmah koristiti.<br \/>\nPrakti\u010dna boca sa raspr\u0161iva\u010dem omogu\u0107uje laku i ravnomernu primenu.<\/p>\n<p class=\"p3\"><b>Pogodno za iznajmljiva\u010dke firme i operatere:<br \/>\n<\/b>Posebno u komercijalnoj upotrebi, ovo dezinfekcion\u043e sredstvo pru\u017ea dodatnu higijenu izme\u0111u iznajmljivanja i poma\u017ee da se dvorci na naduvavanje predaju slede\u0107em klijentu \u010disti i dobro odr\u017eavani.<\/p>\n<p>&nbsp;<\/p>\n<h3><strong>Primena<\/strong><\/h3>\n<ol>\n<li>\n<p class=\"p1\">Pre upotrebe uklonite grubu prljav\u0161tinu sa unutra\u0161njosti i oko dvorca na naduvavanje.<\/p>\n<\/li>\n<li>\n<p class=\"p1\">Poprskajte podru\u010dje koje treba dezinfikovati ili ravnomerno nanesite sun\u0111erom ili krpom dok povr\u0161ina nije potpuno prekrivena.<\/p>\n<\/li>\n<li>\n<p class=\"p1\">Ostavite da kratko deluje, a zatim ne\u017eno prebri\u0161ite \u010distom krpom (ne brisati do suva).<\/p>\n<\/li>\n<li>\n<p class=\"p1\">Nakon otprilike <span class=\"s1\"><b>15 minuta kontaktnog vremena<\/b><\/span> posti\u017ee se puna efikasnost.<\/p>\n<\/li>\n<\/ol>\n<h4><b>Aktivna supstanca i odobrenje<\/b><\/h4>\n<p class=\"p3\">Aktivna supstanca: 100 g nerazre\u0111enog proizvoda sadr\u017ei slede\u0107u biocidnu aktivnu supstancu:<br \/>\n<b>Benzil-C12-16-alkilidimetil hloridi<\/b><\/p>\n<p class=\"p3\">Odobrenje: U skladu sa Evropskom direktivom o biocidnim proizvodima<br \/>\nBAuA registracioni broj: <span class=\"s2\"><b>N-31951<\/b><\/span><\/p>\n<p>&nbsp;<\/p>\n<h4><b>Ispitivanja i standardi<\/b><\/h4>\n<p class=\"p3\">Testirano prema, izme\u0111u ostalog: AMS 1550B, Boeing D6-17487, D6-7127, Airbus i McDonnell Douglas specifikacije, ASTM F 487, LH specifikacija, Boeing BSS 7434 (u ispitivanju), AMS 1452C (u ispitivanju), testirano prema smernicama DGHM<\/p>\n<p><strong>Dezinfekcion\u0430 sredstva koristite oprezno. Uvek pro\u010ditajte etiketu i informacije o proizvodu pre upotrebe.<\/strong><\/p>\n","protected":false},"excerpt":{"rendered":"<ul>\n<li>Dezinfekcion\u043e sredstvo za dvorce na naduvavanje<\/li>\n<li>12 x 500 ml boca<\/li>\n<li>Prethodno pome\u0161ano i spremno za upotrebu<\/li>\n<li>1 litar = 11,66 \u20ac<\/li>\n<\/ul>\n","protected":false},"featured_media":19508,"comment_status":"open","ping_status":"closed","template":"","meta":{"_acf_changed":false,"_uag_custom_page_level_css":"","site-sidebar-layout":"default","site-content-layout":"boxed-container","ast-site-content-layout":"normal-width-container","site-content-style":"boxed","site-sidebar-style":"boxed","ast-global-header-display":"","ast-banner-title-visibility":"","ast-main-header-display":"","ast-hfb-above-header-display":"","ast-hfb-below-header-display":"","ast-hfb-mobile-header-display":"","site-post-title":"disabled","ast-breadcrumbs-content":"","ast-featured-img":"","footer-sml-layout":"","ast-disable-related-posts":"","theme-transparent-header-meta":"default","adv-header-id-meta":"","stick-header-meta":"default","header-above-stick-meta":"","header-main-stick-meta":"","header-below-stick-meta":"","astra-migrate-meta-layouts":"default","ast-page-background-enabled":"default","ast-page-background-meta":{"desktop":{"background-color":"var(--ast-global-color-4)","background-image":"","background-repeat":"repeat","background-position":"center center","background-size":"auto","background-attachment":"scroll","background-type":"","background-media":"","overlay-type":"","overlay-color":"","overlay-opacity":"","overlay-gradient":""},"tablet":{"background-color":"","background-image":"","background-repeat":"repeat","background-position":"center center","background-size":"auto","background-attachment":"scroll","background-type":"","background-media":"","overlay-type":"","overlay-color":"","overlay-opacity":"","overlay-gradient":""},"mobile":{"background-color":"","background-image":"","background-repeat":"repeat","background-position":"center center","background-size":"auto","background-attachment":"scroll","background-type":"","background-media":"","overlay-type":"","overlay-color":"","overlay-opacity":"","overlay-gradient":""}},"ast-content-background-meta":{"desktop":{"background-color":"var(--ast-global-color-5)","background-image":"","background-repeat":"repeat","background-position":"center center","background-size":"auto","background-attachment":"scroll","background-type":"","background-media":"","overlay-type":"","overlay-color":"","overlay-opacity":"","overlay-gradient":""},"tablet":{"background-color":"var(--ast-global-color-5)","background-image":"","background-repeat":"repeat","background-position":"center center","background-size":"auto","background-attachment":"scroll","background-type":"","background-media":"","overlay-type":"","overlay-color":"","overlay-opacity":"","overlay-gradient":""},"mobile":{"background-color":"var(--ast-global-color-5)","background-image":"","background-repeat":"repeat","background-position":"center center","background-size":"auto","background-attachment":"scroll","background-type":"","background-media":"","overlay-type":"","overlay-color":"","overlay-opacity":"","overlay-gradient":""}}},"product_brand":[],"product_cat":[2062],"product_tag":[],"class_list":{"0":"post-19506","1":"product","2":"type-product","3":"status-publish","4":"has-post-thumbnail","6":"product_cat-2062","7":"product_shipping_class-2063","8":"desktop-align-center","9":"tablet-align-center","10":"mobile-align-center","11":"ast-product-gallery-layout-horizontal","12":"ast-product-gallery-with-no-image","13":"ast-product-tabs-layout-horizontal","15":"first","16":"instock","17":"taxable","18":"shipping-taxable","19":"purchasable","20":"product-type-simple"},"acf":[],"yoast_head":"<!-- This site is optimized with the Yoast SEO plugin v27.5 - https:\/\/yoast.com\/product\/yoast-seo-wordpress\/ -->\n<title>\u0411\u043e\u0443\u043d\u0446\u0438 \u0426\u0430\u0441\u0442\u043b\u0435 \u0434\u0435\u0437\u0438\u043d\u0444\u0435\u043a\u0446\u0438\u043e\u043d\u043e \u0441\u0440\u0435\u0434\u0441\u0442\u0432\u043e | \u0414\u043e\u0434\u043e-\u0418\u043d\u0444\u043b\u0430\u0442\u0430\u0431\u043b\u0435\u0441.\u0446\u043e\u043c<\/title>\n<meta name=\"description\" content=\"\u041a\u0443\u043f\u0438\u0442\u0435 \u0434\u0435\u0437\u0438\u043d\u0444\u0435\u043a\u0446\u0438\u043e\u043d\u043e \u0441\u0440\u0435\u0434\u0441\u0442\u0432\u043e \u0437\u0430 \u0447\u0438\u0448\u045b\u0435\u045a\u0435 \u043d\u0430 \u043d\u0430\u0434\u0443\u0432\u0430\u0432\u0430\u045a\u0435 \u043d\u0430 \u0414\u043e\u0434\u043e-\u0418\u043d\u0444\u043b\u0430\u0442\u0430\u0431\u043b\u0435\u0441.\u0446\u043e\u043c | \u0412\u0435\u043b\u0438\u043a\u0438 \u0438\u0437\u0431\u043e\u0440 \u043d\u0430 \u043b\u0430\u0433\u0435\u0440\u0443 | \u0421\u0435\u0440\u0442\u0438\u0444\u0438\u043a\u043e\u0432\u0430\u043d\u043e \u043f\u0440\u0435\u043c\u0430 \u0415\u041d14960 | \u0411\u0440\u0437\u0430 \u0434\u043e\u0441\u0442\u0430\u0432\u0430!\" \/>\n<meta name=\"robots\" content=\"index, follow, max-snippet:-1, max-image-preview:large, max-video-preview:-1\" \/>\n<link rel=\"canonical\" href=\"https:\/\/dodo-inflatables.com\/sr\/\u043f\u0440\u043e\u0438\u0437\u0432\u043e\u0434\/%d0%b1%d0%be%d1%83%d0%bd%d1%86%d0%b8-%d1%86%d0%b0%d1%81%d1%82%d0%bb%d0%b5-%d0%b4%d0%b5%d0%b7%d0%b8%d0%bd%d1%84%d0%b5%d0%ba%d1%86%d0%b8%d0%be%d0%bd%d0%be-%d1%81%d1%80%d0%b5%d0%b4%d1%81%d1%82%d0%b2\/\" \/>\n<meta name=\"twitter:label1\" content=\"\u041f\u0440\u043e\u0446\u0435\u045a\u0435\u043d\u043e \u0432\u0440\u0435\u043c\u0435 \u0447\u0438\u0442\u0430\u045a\u0430\" \/>\n\t<meta name=\"twitter:data1\" content=\"2 \u043c\u0438\u043d\u0443\u0442\u0430\" \/>\n<script type=\"application\/ld+json\" class=\"yoast-schema-graph\">{\"@context\":\"https:\\\/\\\/schema.org\",\"@graph\":[{\"@type\":\"WebPage\",\"@id\":\"https:\\\/\\\/dodo-inflatables.com\\\/sr\\\/\u043f\u0440\u043e\u0438\u0437\u0432\u043e\u0434\\\/%d0%b1%d0%be%d1%83%d0%bd%d1%86%d0%b8-%d1%86%d0%b0%d1%81%d1%82%d0%bb%d0%b5-%d0%b4%d0%b5%d0%b7%d0%b8%d0%bd%d1%84%d0%b5%d0%ba%d1%86%d0%b8%d0%be%d0%bd%d0%be-%d1%81%d1%80%d0%b5%d0%b4%d1%81%d1%82%d0%b2\\\/\",\"url\":\"https:\\\/\\\/dodo-inflatables.com\\\/sr\\\/\u043f\u0440\u043e\u0438\u0437\u0432\u043e\u0434\\\/%d0%b1%d0%be%d1%83%d0%bd%d1%86%d0%b8-%d1%86%d0%b0%d1%81%d1%82%d0%bb%d0%b5-%d0%b4%d0%b5%d0%b7%d0%b8%d0%bd%d1%84%d0%b5%d0%ba%d1%86%d0%b8%d0%be%d0%bd%d0%be-%d1%81%d1%80%d0%b5%d0%b4%d1%81%d1%82%d0%b2\\\/\",\"name\":\"\u0411\u043e\u0443\u043d\u0446\u0438 \u0426\u0430\u0441\u0442\u043b\u0435 \u0434\u0435\u0437\u0438\u043d\u0444\u0435\u043a\u0446\u0438\u043e\u043d\u043e \u0441\u0440\u0435\u0434\u0441\u0442\u0432\u043e | \u0414\u043e\u0434\u043e-\u0418\u043d\u0444\u043b\u0430\u0442\u0430\u0431\u043b\u0435\u0441.\u0446\u043e\u043c\",\"isPartOf\":{\"@id\":\"https:\\\/\\\/dodo-inflatables.com\\\/sr\\\/#website\"},\"primaryImageOfPage\":{\"@id\":\"https:\\\/\\\/dodo-inflatables.com\\\/sr\\\/\u043f\u0440\u043e\u0438\u0437\u0432\u043e\u0434\\\/%d0%b1%d0%be%d1%83%d0%bd%d1%86%d0%b8-%d1%86%d0%b0%d1%81%d1%82%d0%bb%d0%b5-%d0%b4%d0%b5%d0%b7%d0%b8%d0%bd%d1%84%d0%b5%d0%ba%d1%86%d0%b8%d0%be%d0%bd%d0%be-%d1%81%d1%80%d0%b5%d0%b4%d1%81%d1%82%d0%b2\\\/#primaryimage\"},\"image\":{\"@id\":\"https:\\\/\\\/dodo-inflatables.com\\\/sr\\\/\u043f\u0440\u043e\u0438\u0437\u0432\u043e\u0434\\\/%d0%b1%d0%be%d1%83%d0%bd%d1%86%d0%b8-%d1%86%d0%b0%d1%81%d1%82%d0%bb%d0%b5-%d0%b4%d0%b5%d0%b7%d0%b8%d0%bd%d1%84%d0%b5%d0%ba%d1%86%d0%b8%d0%be%d0%bd%d0%be-%d1%81%d1%80%d0%b5%d0%b4%d1%81%d1%82%d0%b2\\\/#primaryimage\"},\"thumbnailUrl\":\"https:\\\/\\\/dodo-inflatables.com\\\/wp-content\\\/uploads\\\/2021\\\/04\\\/huepfburg-desinfektionsmittel-kaufen.png\",\"datePublished\":\"2021-04-14T12:59:50+00:00\",\"dateModified\":\"2026-04-23T17:40:57+00:00\",\"description\":\"\u041a\u0443\u043f\u0438\u0442\u0435 \u0434\u0435\u0437\u0438\u043d\u0444\u0435\u043a\u0446\u0438\u043e\u043d\u043e \u0441\u0440\u0435\u0434\u0441\u0442\u0432\u043e \u0437\u0430 \u0447\u0438\u0448\u045b\u0435\u045a\u0435 \u043d\u0430 \u043d\u0430\u0434\u0443\u0432\u0430\u0432\u0430\u045a\u0435 \u043d\u0430 \u0414\u043e\u0434\u043e-\u0418\u043d\u0444\u043b\u0430\u0442\u0430\u0431\u043b\u0435\u0441.\u0446\u043e\u043c | \u0412\u0435\u043b\u0438\u043a\u0438 \u0438\u0437\u0431\u043e\u0440 \u043d\u0430 \u043b\u0430\u0433\u0435\u0440\u0443 | \u0421\u0435\u0440\u0442\u0438\u0444\u0438\u043a\u043e\u0432\u0430\u043d\u043e \u043f\u0440\u0435\u043c\u0430 \u0415\u041d14960 | \u0411\u0440\u0437\u0430 \u0434\u043e\u0441\u0442\u0430\u0432\u0430!\",\"breadcrumb\":{\"@id\":\"https:\\\/\\\/dodo-inflatables.com\\\/sr\\\/\u043f\u0440\u043e\u0438\u0437\u0432\u043e\u0434\\\/%d0%b1%d0%be%d1%83%d0%bd%d1%86%d0%b8-%d1%86%d0%b0%d1%81%d1%82%d0%bb%d0%b5-%d0%b4%d0%b5%d0%b7%d0%b8%d0%bd%d1%84%d0%b5%d0%ba%d1%86%d0%b8%d0%be%d0%bd%d0%be-%d1%81%d1%80%d0%b5%d0%b4%d1%81%d1%82%d0%b2\\\/#breadcrumb\"},\"inLanguage\":\"sr-RS\",\"potentialAction\":[{\"@type\":\"ReadAction\",\"target\":[\"https:\\\/\\\/dodo-inflatables.com\\\/sr\\\/\u043f\u0440\u043e\u0438\u0437\u0432\u043e\u0434\\\/%d0%b1%d0%be%d1%83%d0%bd%d1%86%d0%b8-%d1%86%d0%b0%d1%81%d1%82%d0%bb%d0%b5-%d0%b4%d0%b5%d0%b7%d0%b8%d0%bd%d1%84%d0%b5%d0%ba%d1%86%d0%b8%d0%be%d0%bd%d0%be-%d1%81%d1%80%d0%b5%d0%b4%d1%81%d1%82%d0%b2\\\/\"]}]},{\"@type\":\"ImageObject\",\"inLanguage\":\"sr-RS\",\"@id\":\"https:\\\/\\\/dodo-inflatables.com\\\/sr\\\/\u043f\u0440\u043e\u0438\u0437\u0432\u043e\u0434\\\/%d0%b1%d0%be%d1%83%d0%bd%d1%86%d0%b8-%d1%86%d0%b0%d1%81%d1%82%d0%bb%d0%b5-%d0%b4%d0%b5%d0%b7%d0%b8%d0%bd%d1%84%d0%b5%d0%ba%d1%86%d0%b8%d0%be%d0%bd%d0%be-%d1%81%d1%80%d0%b5%d0%b4%d1%81%d1%82%d0%b2\\\/#primaryimage\",\"url\":\"https:\\\/\\\/dodo-inflatables.com\\\/wp-content\\\/uploads\\\/2021\\\/04\\\/huepfburg-desinfektionsmittel-kaufen.png\",\"contentUrl\":\"https:\\\/\\\/dodo-inflatables.com\\\/wp-content\\\/uploads\\\/2021\\\/04\\\/huepfburg-desinfektionsmittel-kaufen.png\",\"width\":500,\"height\":500,\"caption\":\"Dezinfekcion\u043e sredstvo za dvorce na naduvavanje (12 x 500 ml) | Dodo Inflatables\"},{\"@type\":\"BreadcrumbList\",\"@id\":\"https:\\\/\\\/dodo-inflatables.com\\\/sr\\\/\u043f\u0440\u043e\u0438\u0437\u0432\u043e\u0434\\\/%d0%b1%d0%be%d1%83%d0%bd%d1%86%d0%b8-%d1%86%d0%b0%d1%81%d1%82%d0%bb%d0%b5-%d0%b4%d0%b5%d0%b7%d0%b8%d0%bd%d1%84%d0%b5%d0%ba%d1%86%d0%b8%d0%be%d0%bd%d0%be-%d1%81%d1%80%d0%b5%d0%b4%d1%81%d1%82%d0%b2\\\/#breadcrumb\",\"itemListElement\":[{\"@type\":\"ListItem\",\"position\":1,\"name\":\"\u041f\u043e\u0447\u0435\u0442\u043d\u0430\",\"item\":\"https:\\\/\\\/dodo-inflatables.com\\\/sr\\\/\"},{\"@type\":\"ListItem\",\"position\":2,\"name\":\"\u0421\u0445\u043e\u043f\",\"item\":\"https:\\\/\\\/dodo-inflatables.com\\\/sr\\\/%d1%81%d1%85%d0%be%d0%bf\\\/\"},{\"@type\":\"ListItem\",\"position\":3,\"name\":\"\u0411\u043e\u0443\u043d\u0446\u0438 \u0426\u0430\u0441\u0442\u043b\u0435 \u0434\u0435\u0437\u0438\u043d\u0444\u0435\u043a\u0446\u0438\u043e\u043d\u043e \u0441\u0440\u0435\u0434\u0441\u0442\u0432\u043e\"}]},{\"@type\":\"WebSite\",\"@id\":\"https:\\\/\\\/dodo-inflatables.com\\\/sr\\\/#website\",\"url\":\"https:\\\/\\\/dodo-inflatables.com\\\/sr\\\/\",\"name\":\"dodo-inflatables.com\",\"description\":\"\u041a\u0443\u043f\u0438\u0442\u0435 \u043d\u0430\u0441\u043a\u043e\u0447\u043d\u0435 \u0434\u0432\u043e\u0440\u0446\u0435 \u0438 \u0430\u0442\u0440\u0430\u043a\u0446\u0438\u0458\u0435 \u0443 \u043d\u0430\u0448\u043e\u0458 \u043f\u0440\u043e\u0434\u0430\u0432\u043d\u0438\u0446\u0438.\",\"potentialAction\":[{\"@type\":\"SearchAction\",\"target\":{\"@type\":\"EntryPoint\",\"urlTemplate\":\"https:\\\/\\\/dodo-inflatables.com\\\/sr\\\/?s={search_term_string}\"},\"query-input\":{\"@type\":\"PropertyValueSpecification\",\"valueRequired\":true,\"valueName\":\"search_term_string\"}}],\"inLanguage\":\"sr-RS\"}]}<\/script>\n<!-- \/ Yoast SEO plugin. -->","yoast_head_json":{"title":"\u0411\u043e\u0443\u043d\u0446\u0438 \u0426\u0430\u0441\u0442\u043b\u0435 \u0434\u0435\u0437\u0438\u043d\u0444\u0435\u043a\u0446\u0438\u043e\u043d\u043e \u0441\u0440\u0435\u0434\u0441\u0442\u0432\u043e | \u0414\u043e\u0434\u043e-\u0418\u043d\u0444\u043b\u0430\u0442\u0430\u0431\u043b\u0435\u0441.\u0446\u043e\u043c","description":"\u041a\u0443\u043f\u0438\u0442\u0435 \u0434\u0435\u0437\u0438\u043d\u0444\u0435\u043a\u0446\u0438\u043e\u043d\u043e \u0441\u0440\u0435\u0434\u0441\u0442\u0432\u043e \u0437\u0430 \u0447\u0438\u0448\u045b\u0435\u045a\u0435 \u043d\u0430 \u043d\u0430\u0434\u0443\u0432\u0430\u0432\u0430\u045a\u0435 \u043d\u0430 \u0414\u043e\u0434\u043e-\u0418\u043d\u0444\u043b\u0430\u0442\u0430\u0431\u043b\u0435\u0441.\u0446\u043e\u043c | \u0412\u0435\u043b\u0438\u043a\u0438 \u0438\u0437\u0431\u043e\u0440 \u043d\u0430 \u043b\u0430\u0433\u0435\u0440\u0443 | \u0421\u0435\u0440\u0442\u0438\u0444\u0438\u043a\u043e\u0432\u0430\u043d\u043e \u043f\u0440\u0435\u043c\u0430 \u0415\u041d14960 | \u0411\u0440\u0437\u0430 \u0434\u043e\u0441\u0442\u0430\u0432\u0430!","robots":{"index":"index","follow":"follow","max-snippet":"max-snippet:-1","max-image-preview":"max-image-preview:large","max-video-preview":"max-video-preview:-1"},"canonical":"https:\/\/dodo-inflatables.com\/sr\/\u043f\u0440\u043e\u0438\u0437\u0432\u043e\u0434\/%d0%b1%d0%be%d1%83%d0%bd%d1%86%d0%b8-%d1%86%d0%b0%d1%81%d1%82%d0%bb%d0%b5-%d0%b4%d0%b5%d0%b7%d0%b8%d0%bd%d1%84%d0%b5%d0%ba%d1%86%d0%b8%d0%be%d0%bd%d0%be-%d1%81%d1%80%d0%b5%d0%b4%d1%81%d1%82%d0%b2\/","twitter_misc":{"\u041f\u0440\u043e\u0446\u0435\u045a\u0435\u043d\u043e \u0432\u0440\u0435\u043c\u0435 \u0447\u0438\u0442\u0430\u045a\u0430":"2 \u043c\u0438\u043d\u0443\u0442\u0430"},"schema":{"@context":"https:\/\/schema.org","@graph":[{"@type":"WebPage","@id":"https:\/\/dodo-inflatables.com\/sr\/\u043f\u0440\u043e\u0438\u0437\u0432\u043e\u0434\/%d0%b1%d0%be%d1%83%d0%bd%d1%86%d0%b8-%d1%86%d0%b0%d1%81%d1%82%d0%bb%d0%b5-%d0%b4%d0%b5%d0%b7%d0%b8%d0%bd%d1%84%d0%b5%d0%ba%d1%86%d0%b8%d0%be%d0%bd%d0%be-%d1%81%d1%80%d0%b5%d0%b4%d1%81%d1%82%d0%b2\/","url":"https:\/\/dodo-inflatables.com\/sr\/\u043f\u0440\u043e\u0438\u0437\u0432\u043e\u0434\/%d0%b1%d0%be%d1%83%d0%bd%d1%86%d0%b8-%d1%86%d0%b0%d1%81%d1%82%d0%bb%d0%b5-%d0%b4%d0%b5%d0%b7%d0%b8%d0%bd%d1%84%d0%b5%d0%ba%d1%86%d0%b8%d0%be%d0%bd%d0%be-%d1%81%d1%80%d0%b5%d0%b4%d1%81%d1%82%d0%b2\/","name":"\u0411\u043e\u0443\u043d\u0446\u0438 \u0426\u0430\u0441\u0442\u043b\u0435 \u0434\u0435\u0437\u0438\u043d\u0444\u0435\u043a\u0446\u0438\u043e\u043d\u043e \u0441\u0440\u0435\u0434\u0441\u0442\u0432\u043e | \u0414\u043e\u0434\u043e-\u0418\u043d\u0444\u043b\u0430\u0442\u0430\u0431\u043b\u0435\u0441.\u0446\u043e\u043c","isPartOf":{"@id":"https:\/\/dodo-inflatables.com\/sr\/#website"},"primaryImageOfPage":{"@id":"https:\/\/dodo-inflatables.com\/sr\/\u043f\u0440\u043e\u0438\u0437\u0432\u043e\u0434\/%d0%b1%d0%be%d1%83%d0%bd%d1%86%d0%b8-%d1%86%d0%b0%d1%81%d1%82%d0%bb%d0%b5-%d0%b4%d0%b5%d0%b7%d0%b8%d0%bd%d1%84%d0%b5%d0%ba%d1%86%d0%b8%d0%be%d0%bd%d0%be-%d1%81%d1%80%d0%b5%d0%b4%d1%81%d1%82%d0%b2\/#primaryimage"},"image":{"@id":"https:\/\/dodo-inflatables.com\/sr\/\u043f\u0440\u043e\u0438\u0437\u0432\u043e\u0434\/%d0%b1%d0%be%d1%83%d0%bd%d1%86%d0%b8-%d1%86%d0%b0%d1%81%d1%82%d0%bb%d0%b5-%d0%b4%d0%b5%d0%b7%d0%b8%d0%bd%d1%84%d0%b5%d0%ba%d1%86%d0%b8%d0%be%d0%bd%d0%be-%d1%81%d1%80%d0%b5%d0%b4%d1%81%d1%82%d0%b2\/#primaryimage"},"thumbnailUrl":"https:\/\/dodo-inflatables.com\/wp-content\/uploads\/2021\/04\/huepfburg-desinfektionsmittel-kaufen.png","datePublished":"2021-04-14T12:59:50+00:00","dateModified":"2026-04-23T17:40:57+00:00","description":"\u041a\u0443\u043f\u0438\u0442\u0435 \u0434\u0435\u0437\u0438\u043d\u0444\u0435\u043a\u0446\u0438\u043e\u043d\u043e \u0441\u0440\u0435\u0434\u0441\u0442\u0432\u043e \u0437\u0430 \u0447\u0438\u0448\u045b\u0435\u045a\u0435 \u043d\u0430 \u043d\u0430\u0434\u0443\u0432\u0430\u0432\u0430\u045a\u0435 \u043d\u0430 \u0414\u043e\u0434\u043e-\u0418\u043d\u0444\u043b\u0430\u0442\u0430\u0431\u043b\u0435\u0441.\u0446\u043e\u043c | \u0412\u0435\u043b\u0438\u043a\u0438 \u0438\u0437\u0431\u043e\u0440 \u043d\u0430 \u043b\u0430\u0433\u0435\u0440\u0443 | \u0421\u0435\u0440\u0442\u0438\u0444\u0438\u043a\u043e\u0432\u0430\u043d\u043e \u043f\u0440\u0435\u043c\u0430 \u0415\u041d14960 | \u0411\u0440\u0437\u0430 \u0434\u043e\u0441\u0442\u0430\u0432\u0430!","breadcrumb":{"@id":"https:\/\/dodo-inflatables.com\/sr\/\u043f\u0440\u043e\u0438\u0437\u0432\u043e\u0434\/%d0%b1%d0%be%d1%83%d0%bd%d1%86%d0%b8-%d1%86%d0%b0%d1%81%d1%82%d0%bb%d0%b5-%d0%b4%d0%b5%d0%b7%d0%b8%d0%bd%d1%84%d0%b5%d0%ba%d1%86%d0%b8%d0%be%d0%bd%d0%be-%d1%81%d1%80%d0%b5%d0%b4%d1%81%d1%82%d0%b2\/#breadcrumb"},"inLanguage":"sr-RS","potentialAction":[{"@type":"ReadAction","target":["https:\/\/dodo-inflatables.com\/sr\/\u043f\u0440\u043e\u0438\u0437\u0432\u043e\u0434\/%d0%b1%d0%be%d1%83%d0%bd%d1%86%d0%b8-%d1%86%d0%b0%d1%81%d1%82%d0%bb%d0%b5-%d0%b4%d0%b5%d0%b7%d0%b8%d0%bd%d1%84%d0%b5%d0%ba%d1%86%d0%b8%d0%be%d0%bd%d0%be-%d1%81%d1%80%d0%b5%d0%b4%d1%81%d1%82%d0%b2\/"]}]},{"@type":"ImageObject","inLanguage":"sr-RS","@id":"https:\/\/dodo-inflatables.com\/sr\/\u043f\u0440\u043e\u0438\u0437\u0432\u043e\u0434\/%d0%b1%d0%be%d1%83%d0%bd%d1%86%d0%b8-%d1%86%d0%b0%d1%81%d1%82%d0%bb%d0%b5-%d0%b4%d0%b5%d0%b7%d0%b8%d0%bd%d1%84%d0%b5%d0%ba%d1%86%d0%b8%d0%be%d0%bd%d0%be-%d1%81%d1%80%d0%b5%d0%b4%d1%81%d1%82%d0%b2\/#primaryimage","url":"https:\/\/dodo-inflatables.com\/wp-content\/uploads\/2021\/04\/huepfburg-desinfektionsmittel-kaufen.png","contentUrl":"https:\/\/dodo-inflatables.com\/wp-content\/uploads\/2021\/04\/huepfburg-desinfektionsmittel-kaufen.png","width":500,"height":500,"caption":"Dezinfekcion\u043e sredstvo za dvorce na naduvavanje (12 x 500 ml) | Dodo Inflatables"},{"@type":"BreadcrumbList","@id":"https:\/\/dodo-inflatables.com\/sr\/\u043f\u0440\u043e\u0438\u0437\u0432\u043e\u0434\/%d0%b1%d0%be%d1%83%d0%bd%d1%86%d0%b8-%d1%86%d0%b0%d1%81%d1%82%d0%bb%d0%b5-%d0%b4%d0%b5%d0%b7%d0%b8%d0%bd%d1%84%d0%b5%d0%ba%d1%86%d0%b8%d0%be%d0%bd%d0%be-%d1%81%d1%80%d0%b5%d0%b4%d1%81%d1%82%d0%b2\/#breadcrumb","itemListElement":[{"@type":"ListItem","position":1,"name":"\u041f\u043e\u0447\u0435\u0442\u043d\u0430","item":"https:\/\/dodo-inflatables.com\/sr\/"},{"@type":"ListItem","position":2,"name":"\u0421\u0445\u043e\u043f","item":"https:\/\/dodo-inflatables.com\/sr\/%d1%81%d1%85%d0%be%d0%bf\/"},{"@type":"ListItem","position":3,"name":"\u0411\u043e\u0443\u043d\u0446\u0438 \u0426\u0430\u0441\u0442\u043b\u0435 \u0434\u0435\u0437\u0438\u043d\u0444\u0435\u043a\u0446\u0438\u043e\u043d\u043e \u0441\u0440\u0435\u0434\u0441\u0442\u0432\u043e"}]},{"@type":"WebSite","@id":"https:\/\/dodo-inflatables.com\/sr\/#website","url":"https:\/\/dodo-inflatables.com\/sr\/","name":"dodo-inflatables.com","description":"\u041a\u0443\u043f\u0438\u0442\u0435 \u043d\u0430\u0441\u043a\u043e\u0447\u043d\u0435 \u0434\u0432\u043e\u0440\u0446\u0435 \u0438 \u0430\u0442\u0440\u0430\u043a\u0446\u0438\u0458\u0435 \u0443 \u043d\u0430\u0448\u043e\u0458 \u043f\u0440\u043e\u0434\u0430\u0432\u043d\u0438\u0446\u0438.","potentialAction":[{"@type":"SearchAction","target":{"@type":"EntryPoint","urlTemplate":"https:\/\/dodo-inflatables.com\/sr\/?s={search_term_string}"},"query-input":{"@type":"PropertyValueSpecification","valueRequired":true,"valueName":"search_term_string"}}],"inLanguage":"sr-RS"}]}},"uagb_featured_image_src":{"full":["https:\/\/dodo-inflatables.com\/wp-content\/uploads\/2021\/04\/huepfburg-desinfektionsmittel-kaufen.png",500,500,false],"thumbnail":["https:\/\/dodo-inflatables.com\/wp-content\/uploads\/2021\/04\/huepfburg-desinfektionsmittel-kaufen-150x150.png",150,150,true],"medium":["https:\/\/dodo-inflatables.com\/wp-content\/uploads\/2021\/04\/huepfburg-desinfektionsmittel-kaufen-300x300.png",300,300,true],"medium_large":["https:\/\/dodo-inflatables.com\/wp-content\/uploads\/2021\/04\/huepfburg-desinfektionsmittel-kaufen.png",500,500,false],"large":["https:\/\/dodo-inflatables.com\/wp-content\/uploads\/2021\/04\/huepfburg-desinfektionsmittel-kaufen.png",500,500,false],"1536x1536":["https:\/\/dodo-inflatables.com\/wp-content\/uploads\/2021\/04\/huepfburg-desinfektionsmittel-kaufen.png",500,500,false],"2048x2048":["https:\/\/dodo-inflatables.com\/wp-content\/uploads\/2021\/04\/huepfburg-desinfektionsmittel-kaufen.png",500,500,false],"woocommerce_thumbnail":["https:\/\/dodo-inflatables.com\/wp-content\/uploads\/2021\/04\/huepfburg-desinfektionsmittel-kaufen.png",500,500,false],"woocommerce_single":["https:\/\/dodo-inflatables.com\/wp-content\/uploads\/2021\/04\/huepfburg-desinfektionsmittel-kaufen.png",500,500,false],"woocommerce_gallery_thumbnail":["https:\/\/dodo-inflatables.com\/wp-content\/uploads\/2021\/04\/huepfburg-desinfektionsmittel-kaufen-100x100.png",100,100,true]},"uagb_author_info":{"display_name":"Andreas","author_link":"https:\/\/dodo-inflatables.com\/sr\/author\/"},"uagb_comment_info":0,"uagb_excerpt":"Dezinfekcion\u043e sredstvo za dvorce na naduvavanje 12 x 500 ml boca Prethodno pome\u0161ano i spremno za upotrebu 1 litar = 11,66 \u20ac","_links":{"self":[{"href":"https:\/\/dodo-inflatables.com\/sr\/wp-json\/wp\/v2\/product\/19506","targetHints":{"allow":["GET"]}}],"collection":[{"href":"https:\/\/dodo-inflatables.com\/sr\/wp-json\/wp\/v2\/product"}],"about":[{"href":"https:\/\/dodo-inflatables.com\/sr\/wp-json\/wp\/v2\/types\/product"}],"replies":[{"embeddable":true,"href":"https:\/\/dodo-inflatables.com\/sr\/wp-json\/wp\/v2\/comments?post=19506"}],"wp:featuredmedia":[{"embeddable":true,"href":"https:\/\/dodo-inflatables.com\/sr\/wp-json\/wp\/v2\/media\/19508"}],"wp:attachment":[{"href":"https:\/\/dodo-inflatables.com\/sr\/wp-json\/wp\/v2\/media?parent=19506"}],"wp:term":[{"taxonomy":"product_brand","embeddable":true,"href":"https:\/\/dodo-inflatables.com\/sr\/wp-json\/wp\/v2\/product_brand?post=19506"},{"taxonomy":"product_cat","embeddable":true,"href":"https:\/\/dodo-inflatables.com\/sr\/wp-json\/wp\/v2\/product_cat?post=19506"},{"taxonomy":"product_tag","embeddable":true,"href":"https:\/\/dodo-inflatables.com\/sr\/wp-json\/wp\/v2\/product_tag?post=19506"}],"curies":[{"name":"wp","href":"https:\/\/api.w.org\/{rel}","templated":true}]}}