{"id":19670,"date":"2020-12-29T14:47:59","date_gmt":"2020-12-29T13:47:59","guid":{"rendered":"https:\/\/dodo-inflatables.com\/product\/%d1%85%d1%83%d0%b0%d0%b2%d0%b5%d0%b8-%d0%b4%d0%b5%d1%84%d0%bb%d0%b0%d1%82%d0%be%d1%80-%d0%b4%d0%be%d0%b4%d0%b0%d1%82%d0%b0%d0%ba\/"},"modified":"2026-04-25T18:41:01","modified_gmt":"2026-04-25T16:41:01","slug":"%d1%85%d1%83%d0%b0%d0%b2%d0%b5%d0%b8-%d0%b4%d0%b5%d1%84%d0%bb%d0%b0%d1%82%d0%be%d1%80-%d0%b4%d0%be%d0%b4%d0%b0%d1%82%d0%b0%d0%ba","status":"publish","type":"product","link":"https:\/\/dodo-inflatables.com\/sr\/\u043f\u0440\u043e\u0438\u0437\u0432\u043e\u0434\/%d1%85%d1%83%d0%b0%d0%b2%d0%b5%d0%b8-%d0%b4%d0%b5%d1%84%d0%bb%d0%b0%d1%82%d0%be%d1%80-%d0%b4%d0%be%d0%b4%d0%b0%d1%82%d0%b0%d0%ba\/","title":{"rendered":"Deflator nastavak za Huawei duva\u010de"},"content":{"rendered":"<h2>Kupite deflator nastavak za Huawei duva\u010de za dvorce na naduvavanje<\/h2>\n<p>Deflator nastavak za Huawei duva\u010de za dvorce na naduvavanje idealan je dodatak za iznajmljiva\u010dke firme i operatere sa nekoliko dvoraca na naduvavanje u svom inventaru. Deflator aktivno izvla\u010di vazduh iz dvorca na naduvavanje, \u010dine\u0107i pakovanje mnogo lak\u0161im i br\u017eim.<br \/>\n<strong>Br\u017ee pakovanje:<\/strong><br \/>\nDeflator poma\u017ee ukloniti vazduh iz dvorca na naduvavanje, ostavljaju\u0107i manje zaostalog vazduha unutra. To olak\u0161ava savijanje naduvavaju\u0107e konstrukcije u kompaktniji oblik i br\u017ee pripremanje za transport.<br \/>\n<strong>Prakti\u010dna podr\u0161ka za iznajmljiva\u010dke firme:<\/strong><br \/>\n\u010cak i kada se koristi deflator, pakovanje nije potpuno automatsko i savijanje dvorca na naduvavanje jo\u0161 uvek treba raditi ru\u010dno. Me\u0111utim, posebno pri rukovanju sa nekoliko naduvavaju\u0107ih konstrukcija, deflator primetno \u0161tedi vreme i trud.<br \/>\n<strong>Dve verzije dostupne:<\/strong><br \/>\nDeflator nastavak dostupan je u kratkoj i dugoj verziji. Koja je verzija bolji izbor zavisi od li\u010dnih preferencija i potreba rukovanja pojedinog korisnika.<br \/>\n<strong>Jednostavna upotreba:<\/strong><br \/>\nIdealno je da se deflator umetne u bo\u010dni otvor dvorca na naduvavanje. Svi ostali otvori za vazduh treba da ostanu zatvoreni tokom upotrebe kako bi se minimizovao unos spoljnog vazduha i pobolj\u0161ala efikasnost.<\/p>\n","protected":false},"excerpt":{"rendered":"<ul>\n<li>Pogodan za Huawei duva\u010d REH-1.5E &#8211; 1.5 HP i Huawei duva\u010d REH-2E &#8211; 2 HP<\/li>\n<li>Pogodan za sve dvorce na naduvavanje i event module u ponudi<\/li>\n<li>Jednostavna upotreba \u2013 idealno za izvla\u010denje vazduha<\/li>\n<\/ul>\n","protected":false},"featured_media":19671,"comment_status":"open","ping_status":"closed","template":"","meta":{"_acf_changed":false,"_uag_custom_page_level_css":"","site-sidebar-layout":"default","site-content-layout":"boxed-container","ast-site-content-layout":"normal-width-container","site-content-style":"boxed","site-sidebar-style":"boxed","ast-global-header-display":"","ast-banner-title-visibility":"","ast-main-header-display":"","ast-hfb-above-header-display":"","ast-hfb-below-header-display":"","ast-hfb-mobile-header-display":"","site-post-title":"disabled","ast-breadcrumbs-content":"","ast-featured-img":"","footer-sml-layout":"","ast-disable-related-posts":"","theme-transparent-header-meta":"default","adv-header-id-meta":"","stick-header-meta":"default","header-above-stick-meta":"","header-main-stick-meta":"","header-below-stick-meta":"","astra-migrate-meta-layouts":"default","ast-page-background-enabled":"default","ast-page-background-meta":{"desktop":{"background-color":"var(--ast-global-color-4)","background-image":"","background-repeat":"repeat","background-position":"center center","background-size":"auto","background-attachment":"scroll","background-type":"","background-media":"","overlay-type":"","overlay-color":"","overlay-opacity":"","overlay-gradient":""},"tablet":{"background-color":"","background-image":"","background-repeat":"repeat","background-position":"center center","background-size":"auto","background-attachment":"scroll","background-type":"","background-media":"","overlay-type":"","overlay-color":"","overlay-opacity":"","overlay-gradient":""},"mobile":{"background-color":"","background-image":"","background-repeat":"repeat","background-position":"center center","background-size":"auto","background-attachment":"scroll","background-type":"","background-media":"","overlay-type":"","overlay-color":"","overlay-opacity":"","overlay-gradient":""}},"ast-content-background-meta":{"desktop":{"background-color":"var(--ast-global-color-5)","background-image":"","background-repeat":"repeat","background-position":"center center","background-size":"auto","background-attachment":"scroll","background-type":"","background-media":"","overlay-type":"","overlay-color":"","overlay-opacity":"","overlay-gradient":""},"tablet":{"background-color":"var(--ast-global-color-5)","background-image":"","background-repeat":"repeat","background-position":"center center","background-size":"auto","background-attachment":"scroll","background-type":"","background-media":"","overlay-type":"","overlay-color":"","overlay-opacity":"","overlay-gradient":""},"mobile":{"background-color":"var(--ast-global-color-5)","background-image":"","background-repeat":"repeat","background-position":"center center","background-size":"auto","background-attachment":"scroll","background-type":"","background-media":"","overlay-type":"","overlay-color":"","overlay-opacity":"","overlay-gradient":""}}},"product_brand":[],"product_cat":[2062],"product_tag":[],"class_list":{"0":"post-19670","1":"product","2":"type-product","3":"status-publish","4":"has-post-thumbnail","6":"product_cat-2062","7":"product_shipping_class-2063","8":"pa_gtin-0669145333994-sr","9":"desktop-align-center","10":"tablet-align-center","11":"mobile-align-center","12":"ast-product-gallery-layout-horizontal","13":"ast-product-tabs-layout-horizontal","15":"first","16":"instock","17":"taxable","18":"shipping-taxable","19":"purchasable","20":"product-type-simple"},"acf":[],"yoast_head":"<!-- This site is optimized with the Yoast SEO plugin v27.5 - https:\/\/yoast.com\/product\/yoast-seo-wordpress\/ -->\n<title>\u041a\u0443\u043f\u0438\u0442\u0435 \u0434\u0435\u0444\u043b\u0430\u0442\u043e\u0440 \u0437\u0430 \u0425\u0443\u0430\u0432\u0435\u0438 \u0434\u0443\u0432\u0430\u0447\u0435 | \u0414\u043e\u0434\u043e-\u0418\u043d\u0444\u043b\u0430\u0442\u0430\u0431\u043b\u0435\u0441.\u0446\u043e\u043c<\/title>\n<meta name=\"description\" content=\"\u041a\u0443\u043f\u0438\u0442\u0435 \u0434\u0435\u0444\u043b\u0430\u0442\u043e\u0440 \u0437\u0430 \u0425\u0443\u0430\u0432\u0435\u0438 \u0434\u0443\u0432\u0430\u0459\u043a\u0435 \u043d\u0430 \u043d\u0430\u0434\u0443\u0432\u0430\u0432\u0430\u045a\u0435 \u0420\u0415\u0425-1.5\u0415 - 1.5\u0425\u041f \u043d\u0430 \u0414\u043e\u0434\u043e-\u0418\u043d\u0444\u043b\u0430\u0442\u0430\u0431\u043b\u0435\u0441.\u0446\u043e\u043c | \u041f\u043e\u0448\u0442\u0435\u043d\u0435 \u0446\u0435\u043d\u0435 | \u0423\u0432\u0435\u043a \u043d\u0430 \u0437\u0430\u043b\u0438\u0445\u0430\u043c\u0430 | \u0424\u0430\u0441\u0442 \u0421\u0445\u0438\u043f\u043f\u0438\u043d\u0433!\" \/>\n<meta name=\"robots\" content=\"index, follow, max-snippet:-1, max-image-preview:large, max-video-preview:-1\" \/>\n<link rel=\"canonical\" href=\"https:\/\/dodo-inflatables.com\/sr\/\u043f\u0440\u043e\u0438\u0437\u0432\u043e\u0434\/%d1%85%d1%83%d0%b0%d0%b2%d0%b5%d0%b8-%d0%b4%d0%b5%d1%84%d0%bb%d0%b0%d1%82%d0%be%d1%80-%d0%b4%d0%be%d0%b4%d0%b0%d1%82%d0%b0%d0%ba\/\" \/>\n<meta name=\"twitter:label1\" content=\"\u041f\u0440\u043e\u0446\u0435\u045a\u0435\u043d\u043e \u0432\u0440\u0435\u043c\u0435 \u0447\u0438\u0442\u0430\u045a\u0430\" \/>\n\t<meta name=\"twitter:data1\" content=\"1 \u043c\u0438\u043d\u0443\u0442\" \/>\n<script type=\"application\/ld+json\" class=\"yoast-schema-graph\">{\"@context\":\"https:\\\/\\\/schema.org\",\"@graph\":[{\"@type\":\"WebPage\",\"@id\":\"https:\\\/\\\/dodo-inflatables.com\\\/sr\\\/\u043f\u0440\u043e\u0438\u0437\u0432\u043e\u0434\\\/%d1%85%d1%83%d0%b0%d0%b2%d0%b5%d0%b8-%d0%b4%d0%b5%d1%84%d0%bb%d0%b0%d1%82%d0%be%d1%80-%d0%b4%d0%be%d0%b4%d0%b0%d1%82%d0%b0%d0%ba\\\/\",\"url\":\"https:\\\/\\\/dodo-inflatables.com\\\/sr\\\/\u043f\u0440\u043e\u0438\u0437\u0432\u043e\u0434\\\/%d1%85%d1%83%d0%b0%d0%b2%d0%b5%d0%b8-%d0%b4%d0%b5%d1%84%d0%bb%d0%b0%d1%82%d0%be%d1%80-%d0%b4%d0%be%d0%b4%d0%b0%d1%82%d0%b0%d0%ba\\\/\",\"name\":\"\u041a\u0443\u043f\u0438\u0442\u0435 \u0434\u0435\u0444\u043b\u0430\u0442\u043e\u0440 \u0437\u0430 \u0425\u0443\u0430\u0432\u0435\u0438 \u0434\u0443\u0432\u0430\u0447\u0435 | \u0414\u043e\u0434\u043e-\u0418\u043d\u0444\u043b\u0430\u0442\u0430\u0431\u043b\u0435\u0441.\u0446\u043e\u043c\",\"isPartOf\":{\"@id\":\"https:\\\/\\\/dodo-inflatables.com\\\/sr\\\/#website\"},\"primaryImageOfPage\":{\"@id\":\"https:\\\/\\\/dodo-inflatables.com\\\/sr\\\/\u043f\u0440\u043e\u0438\u0437\u0432\u043e\u0434\\\/%d1%85%d1%83%d0%b0%d0%b2%d0%b5%d0%b8-%d0%b4%d0%b5%d1%84%d0%bb%d0%b0%d1%82%d0%be%d1%80-%d0%b4%d0%be%d0%b4%d0%b0%d1%82%d0%b0%d0%ba\\\/#primaryimage\"},\"image\":{\"@id\":\"https:\\\/\\\/dodo-inflatables.com\\\/sr\\\/\u043f\u0440\u043e\u0438\u0437\u0432\u043e\u0434\\\/%d1%85%d1%83%d0%b0%d0%b2%d0%b5%d0%b8-%d0%b4%d0%b5%d1%84%d0%bb%d0%b0%d1%82%d0%be%d1%80-%d0%b4%d0%be%d0%b4%d0%b0%d1%82%d0%b0%d0%ba\\\/#primaryimage\"},\"thumbnailUrl\":\"https:\\\/\\\/dodo-inflatables.com\\\/wp-content\\\/uploads\\\/2020\\\/12\\\/Hupfburg-Geblase-Huawei-kaufen_0000_Short-Deflator-B.jpg\",\"datePublished\":\"2020-12-29T13:47:59+00:00\",\"dateModified\":\"2026-04-25T16:41:01+00:00\",\"description\":\"\u041a\u0443\u043f\u0438\u0442\u0435 \u0434\u0435\u0444\u043b\u0430\u0442\u043e\u0440 \u0437\u0430 \u0425\u0443\u0430\u0432\u0435\u0438 \u0434\u0443\u0432\u0430\u0459\u043a\u0435 \u043d\u0430 \u043d\u0430\u0434\u0443\u0432\u0430\u0432\u0430\u045a\u0435 \u0420\u0415\u0425-1.5\u0415 - 1.5\u0425\u041f \u043d\u0430 \u0414\u043e\u0434\u043e-\u0418\u043d\u0444\u043b\u0430\u0442\u0430\u0431\u043b\u0435\u0441.\u0446\u043e\u043c | \u041f\u043e\u0448\u0442\u0435\u043d\u0435 \u0446\u0435\u043d\u0435 | \u0423\u0432\u0435\u043a \u043d\u0430 \u0437\u0430\u043b\u0438\u0445\u0430\u043c\u0430 | \u0424\u0430\u0441\u0442 \u0421\u0445\u0438\u043f\u043f\u0438\u043d\u0433!\",\"breadcrumb\":{\"@id\":\"https:\\\/\\\/dodo-inflatables.com\\\/sr\\\/\u043f\u0440\u043e\u0438\u0437\u0432\u043e\u0434\\\/%d1%85%d1%83%d0%b0%d0%b2%d0%b5%d0%b8-%d0%b4%d0%b5%d1%84%d0%bb%d0%b0%d1%82%d0%be%d1%80-%d0%b4%d0%be%d0%b4%d0%b0%d1%82%d0%b0%d0%ba\\\/#breadcrumb\"},\"inLanguage\":\"sr-RS\",\"potentialAction\":[{\"@type\":\"ReadAction\",\"target\":[\"https:\\\/\\\/dodo-inflatables.com\\\/sr\\\/\u043f\u0440\u043e\u0438\u0437\u0432\u043e\u0434\\\/%d1%85%d1%83%d0%b0%d0%b2%d0%b5%d0%b8-%d0%b4%d0%b5%d1%84%d0%bb%d0%b0%d1%82%d0%be%d1%80-%d0%b4%d0%be%d0%b4%d0%b0%d1%82%d0%b0%d0%ba\\\/\"]}]},{\"@type\":\"ImageObject\",\"inLanguage\":\"sr-RS\",\"@id\":\"https:\\\/\\\/dodo-inflatables.com\\\/sr\\\/\u043f\u0440\u043e\u0438\u0437\u0432\u043e\u0434\\\/%d1%85%d1%83%d0%b0%d0%b2%d0%b5%d0%b8-%d0%b4%d0%b5%d1%84%d0%bb%d0%b0%d1%82%d0%be%d1%80-%d0%b4%d0%be%d0%b4%d0%b0%d1%82%d0%b0%d0%ba\\\/#primaryimage\",\"url\":\"https:\\\/\\\/dodo-inflatables.com\\\/wp-content\\\/uploads\\\/2020\\\/12\\\/Hupfburg-Geblase-Huawei-kaufen_0000_Short-Deflator-B.jpg\",\"contentUrl\":\"https:\\\/\\\/dodo-inflatables.com\\\/wp-content\\\/uploads\\\/2020\\\/12\\\/Hupfburg-Geblase-Huawei-kaufen_0000_Short-Deflator-B.jpg\",\"width\":500,\"height\":500,\"caption\":\"Deflator nastavak za Huawei duva\u010de | Dodo Inflatables\"},{\"@type\":\"BreadcrumbList\",\"@id\":\"https:\\\/\\\/dodo-inflatables.com\\\/sr\\\/\u043f\u0440\u043e\u0438\u0437\u0432\u043e\u0434\\\/%d1%85%d1%83%d0%b0%d0%b2%d0%b5%d0%b8-%d0%b4%d0%b5%d1%84%d0%bb%d0%b0%d1%82%d0%be%d1%80-%d0%b4%d0%be%d0%b4%d0%b0%d1%82%d0%b0%d0%ba\\\/#breadcrumb\",\"itemListElement\":[{\"@type\":\"ListItem\",\"position\":1,\"name\":\"\u041f\u043e\u0447\u0435\u0442\u043d\u0430\",\"item\":\"https:\\\/\\\/dodo-inflatables.com\\\/sr\\\/\"},{\"@type\":\"ListItem\",\"position\":2,\"name\":\"\u0421\u0445\u043e\u043f\",\"item\":\"https:\\\/\\\/dodo-inflatables.com\\\/sr\\\/%d1%81%d1%85%d0%be%d0%bf\\\/\"},{\"@type\":\"ListItem\",\"position\":3,\"name\":\"\u0425\u0443\u0430\u0432\u0435\u0438 \u0414\u0435\u0444\u043b\u0430\u0442\u043e\u0440 \u0434\u043e\u0434\u0430\u0442\u0430\u043a\"}]},{\"@type\":\"WebSite\",\"@id\":\"https:\\\/\\\/dodo-inflatables.com\\\/sr\\\/#website\",\"url\":\"https:\\\/\\\/dodo-inflatables.com\\\/sr\\\/\",\"name\":\"dodo-inflatables.com\",\"description\":\"\u041a\u0443\u043f\u0438\u0442\u0435 \u043d\u0430\u0441\u043a\u043e\u0447\u043d\u0435 \u0434\u0432\u043e\u0440\u0446\u0435 \u0438 \u0430\u0442\u0440\u0430\u043a\u0446\u0438\u0458\u0435 \u0443 \u043d\u0430\u0448\u043e\u0458 \u043f\u0440\u043e\u0434\u0430\u0432\u043d\u0438\u0446\u0438.\",\"potentialAction\":[{\"@type\":\"SearchAction\",\"target\":{\"@type\":\"EntryPoint\",\"urlTemplate\":\"https:\\\/\\\/dodo-inflatables.com\\\/sr\\\/?s={search_term_string}\"},\"query-input\":{\"@type\":\"PropertyValueSpecification\",\"valueRequired\":true,\"valueName\":\"search_term_string\"}}],\"inLanguage\":\"sr-RS\"}]}<\/script>\n<!-- \/ Yoast SEO plugin. -->","yoast_head_json":{"title":"\u041a\u0443\u043f\u0438\u0442\u0435 \u0434\u0435\u0444\u043b\u0430\u0442\u043e\u0440 \u0437\u0430 \u0425\u0443\u0430\u0432\u0435\u0438 \u0434\u0443\u0432\u0430\u0447\u0435 | \u0414\u043e\u0434\u043e-\u0418\u043d\u0444\u043b\u0430\u0442\u0430\u0431\u043b\u0435\u0441.\u0446\u043e\u043c","description":"\u041a\u0443\u043f\u0438\u0442\u0435 \u0434\u0435\u0444\u043b\u0430\u0442\u043e\u0440 \u0437\u0430 \u0425\u0443\u0430\u0432\u0435\u0438 \u0434\u0443\u0432\u0430\u0459\u043a\u0435 \u043d\u0430 \u043d\u0430\u0434\u0443\u0432\u0430\u0432\u0430\u045a\u0435 \u0420\u0415\u0425-1.5\u0415 - 1.5\u0425\u041f \u043d\u0430 \u0414\u043e\u0434\u043e-\u0418\u043d\u0444\u043b\u0430\u0442\u0430\u0431\u043b\u0435\u0441.\u0446\u043e\u043c | \u041f\u043e\u0448\u0442\u0435\u043d\u0435 \u0446\u0435\u043d\u0435 | \u0423\u0432\u0435\u043a \u043d\u0430 \u0437\u0430\u043b\u0438\u0445\u0430\u043c\u0430 | \u0424\u0430\u0441\u0442 \u0421\u0445\u0438\u043f\u043f\u0438\u043d\u0433!","robots":{"index":"index","follow":"follow","max-snippet":"max-snippet:-1","max-image-preview":"max-image-preview:large","max-video-preview":"max-video-preview:-1"},"canonical":"https:\/\/dodo-inflatables.com\/sr\/\u043f\u0440\u043e\u0438\u0437\u0432\u043e\u0434\/%d1%85%d1%83%d0%b0%d0%b2%d0%b5%d0%b8-%d0%b4%d0%b5%d1%84%d0%bb%d0%b0%d1%82%d0%be%d1%80-%d0%b4%d0%be%d0%b4%d0%b0%d1%82%d0%b0%d0%ba\/","twitter_misc":{"\u041f\u0440\u043e\u0446\u0435\u045a\u0435\u043d\u043e \u0432\u0440\u0435\u043c\u0435 \u0447\u0438\u0442\u0430\u045a\u0430":"1 \u043c\u0438\u043d\u0443\u0442"},"schema":{"@context":"https:\/\/schema.org","@graph":[{"@type":"WebPage","@id":"https:\/\/dodo-inflatables.com\/sr\/\u043f\u0440\u043e\u0438\u0437\u0432\u043e\u0434\/%d1%85%d1%83%d0%b0%d0%b2%d0%b5%d0%b8-%d0%b4%d0%b5%d1%84%d0%bb%d0%b0%d1%82%d0%be%d1%80-%d0%b4%d0%be%d0%b4%d0%b0%d1%82%d0%b0%d0%ba\/","url":"https:\/\/dodo-inflatables.com\/sr\/\u043f\u0440\u043e\u0438\u0437\u0432\u043e\u0434\/%d1%85%d1%83%d0%b0%d0%b2%d0%b5%d0%b8-%d0%b4%d0%b5%d1%84%d0%bb%d0%b0%d1%82%d0%be%d1%80-%d0%b4%d0%be%d0%b4%d0%b0%d1%82%d0%b0%d0%ba\/","name":"\u041a\u0443\u043f\u0438\u0442\u0435 \u0434\u0435\u0444\u043b\u0430\u0442\u043e\u0440 \u0437\u0430 \u0425\u0443\u0430\u0432\u0435\u0438 \u0434\u0443\u0432\u0430\u0447\u0435 | \u0414\u043e\u0434\u043e-\u0418\u043d\u0444\u043b\u0430\u0442\u0430\u0431\u043b\u0435\u0441.\u0446\u043e\u043c","isPartOf":{"@id":"https:\/\/dodo-inflatables.com\/sr\/#website"},"primaryImageOfPage":{"@id":"https:\/\/dodo-inflatables.com\/sr\/\u043f\u0440\u043e\u0438\u0437\u0432\u043e\u0434\/%d1%85%d1%83%d0%b0%d0%b2%d0%b5%d0%b8-%d0%b4%d0%b5%d1%84%d0%bb%d0%b0%d1%82%d0%be%d1%80-%d0%b4%d0%be%d0%b4%d0%b0%d1%82%d0%b0%d0%ba\/#primaryimage"},"image":{"@id":"https:\/\/dodo-inflatables.com\/sr\/\u043f\u0440\u043e\u0438\u0437\u0432\u043e\u0434\/%d1%85%d1%83%d0%b0%d0%b2%d0%b5%d0%b8-%d0%b4%d0%b5%d1%84%d0%bb%d0%b0%d1%82%d0%be%d1%80-%d0%b4%d0%be%d0%b4%d0%b0%d1%82%d0%b0%d0%ba\/#primaryimage"},"thumbnailUrl":"https:\/\/dodo-inflatables.com\/wp-content\/uploads\/2020\/12\/Hupfburg-Geblase-Huawei-kaufen_0000_Short-Deflator-B.jpg","datePublished":"2020-12-29T13:47:59+00:00","dateModified":"2026-04-25T16:41:01+00:00","description":"\u041a\u0443\u043f\u0438\u0442\u0435 \u0434\u0435\u0444\u043b\u0430\u0442\u043e\u0440 \u0437\u0430 \u0425\u0443\u0430\u0432\u0435\u0438 \u0434\u0443\u0432\u0430\u0459\u043a\u0435 \u043d\u0430 \u043d\u0430\u0434\u0443\u0432\u0430\u0432\u0430\u045a\u0435 \u0420\u0415\u0425-1.5\u0415 - 1.5\u0425\u041f \u043d\u0430 \u0414\u043e\u0434\u043e-\u0418\u043d\u0444\u043b\u0430\u0442\u0430\u0431\u043b\u0435\u0441.\u0446\u043e\u043c | \u041f\u043e\u0448\u0442\u0435\u043d\u0435 \u0446\u0435\u043d\u0435 | \u0423\u0432\u0435\u043a \u043d\u0430 \u0437\u0430\u043b\u0438\u0445\u0430\u043c\u0430 | \u0424\u0430\u0441\u0442 \u0421\u0445\u0438\u043f\u043f\u0438\u043d\u0433!","breadcrumb":{"@id":"https:\/\/dodo-inflatables.com\/sr\/\u043f\u0440\u043e\u0438\u0437\u0432\u043e\u0434\/%d1%85%d1%83%d0%b0%d0%b2%d0%b5%d0%b8-%d0%b4%d0%b5%d1%84%d0%bb%d0%b0%d1%82%d0%be%d1%80-%d0%b4%d0%be%d0%b4%d0%b0%d1%82%d0%b0%d0%ba\/#breadcrumb"},"inLanguage":"sr-RS","potentialAction":[{"@type":"ReadAction","target":["https:\/\/dodo-inflatables.com\/sr\/\u043f\u0440\u043e\u0438\u0437\u0432\u043e\u0434\/%d1%85%d1%83%d0%b0%d0%b2%d0%b5%d0%b8-%d0%b4%d0%b5%d1%84%d0%bb%d0%b0%d1%82%d0%be%d1%80-%d0%b4%d0%be%d0%b4%d0%b0%d1%82%d0%b0%d0%ba\/"]}]},{"@type":"ImageObject","inLanguage":"sr-RS","@id":"https:\/\/dodo-inflatables.com\/sr\/\u043f\u0440\u043e\u0438\u0437\u0432\u043e\u0434\/%d1%85%d1%83%d0%b0%d0%b2%d0%b5%d0%b8-%d0%b4%d0%b5%d1%84%d0%bb%d0%b0%d1%82%d0%be%d1%80-%d0%b4%d0%be%d0%b4%d0%b0%d1%82%d0%b0%d0%ba\/#primaryimage","url":"https:\/\/dodo-inflatables.com\/wp-content\/uploads\/2020\/12\/Hupfburg-Geblase-Huawei-kaufen_0000_Short-Deflator-B.jpg","contentUrl":"https:\/\/dodo-inflatables.com\/wp-content\/uploads\/2020\/12\/Hupfburg-Geblase-Huawei-kaufen_0000_Short-Deflator-B.jpg","width":500,"height":500,"caption":"Deflator nastavak za Huawei duva\u010de | Dodo Inflatables"},{"@type":"BreadcrumbList","@id":"https:\/\/dodo-inflatables.com\/sr\/\u043f\u0440\u043e\u0438\u0437\u0432\u043e\u0434\/%d1%85%d1%83%d0%b0%d0%b2%d0%b5%d0%b8-%d0%b4%d0%b5%d1%84%d0%bb%d0%b0%d1%82%d0%be%d1%80-%d0%b4%d0%be%d0%b4%d0%b0%d1%82%d0%b0%d0%ba\/#breadcrumb","itemListElement":[{"@type":"ListItem","position":1,"name":"\u041f\u043e\u0447\u0435\u0442\u043d\u0430","item":"https:\/\/dodo-inflatables.com\/sr\/"},{"@type":"ListItem","position":2,"name":"\u0421\u0445\u043e\u043f","item":"https:\/\/dodo-inflatables.com\/sr\/%d1%81%d1%85%d0%be%d0%bf\/"},{"@type":"ListItem","position":3,"name":"\u0425\u0443\u0430\u0432\u0435\u0438 \u0414\u0435\u0444\u043b\u0430\u0442\u043e\u0440 \u0434\u043e\u0434\u0430\u0442\u0430\u043a"}]},{"@type":"WebSite","@id":"https:\/\/dodo-inflatables.com\/sr\/#website","url":"https:\/\/dodo-inflatables.com\/sr\/","name":"dodo-inflatables.com","description":"\u041a\u0443\u043f\u0438\u0442\u0435 \u043d\u0430\u0441\u043a\u043e\u0447\u043d\u0435 \u0434\u0432\u043e\u0440\u0446\u0435 \u0438 \u0430\u0442\u0440\u0430\u043a\u0446\u0438\u0458\u0435 \u0443 \u043d\u0430\u0448\u043e\u0458 \u043f\u0440\u043e\u0434\u0430\u0432\u043d\u0438\u0446\u0438.","potentialAction":[{"@type":"SearchAction","target":{"@type":"EntryPoint","urlTemplate":"https:\/\/dodo-inflatables.com\/sr\/?s={search_term_string}"},"query-input":{"@type":"PropertyValueSpecification","valueRequired":true,"valueName":"search_term_string"}}],"inLanguage":"sr-RS"}]}},"uagb_featured_image_src":{"full":["https:\/\/dodo-inflatables.com\/wp-content\/uploads\/2020\/12\/Hupfburg-Geblase-Huawei-kaufen_0000_Short-Deflator-B.jpg",500,500,false],"thumbnail":["https:\/\/dodo-inflatables.com\/wp-content\/uploads\/2020\/12\/Hupfburg-Geblase-Huawei-kaufen_0000_Short-Deflator-B-150x150.jpg",150,150,true],"medium":["https:\/\/dodo-inflatables.com\/wp-content\/uploads\/2020\/12\/Hupfburg-Geblase-Huawei-kaufen_0000_Short-Deflator-B-300x300.jpg",300,300,true],"medium_large":["https:\/\/dodo-inflatables.com\/wp-content\/uploads\/2020\/12\/Hupfburg-Geblase-Huawei-kaufen_0000_Short-Deflator-B.jpg",500,500,false],"large":["https:\/\/dodo-inflatables.com\/wp-content\/uploads\/2020\/12\/Hupfburg-Geblase-Huawei-kaufen_0000_Short-Deflator-B.jpg",500,500,false],"1536x1536":["https:\/\/dodo-inflatables.com\/wp-content\/uploads\/2020\/12\/Hupfburg-Geblase-Huawei-kaufen_0000_Short-Deflator-B.jpg",500,500,false],"2048x2048":["https:\/\/dodo-inflatables.com\/wp-content\/uploads\/2020\/12\/Hupfburg-Geblase-Huawei-kaufen_0000_Short-Deflator-B.jpg",500,500,false],"woocommerce_thumbnail":["https:\/\/dodo-inflatables.com\/wp-content\/uploads\/2020\/12\/Hupfburg-Geblase-Huawei-kaufen_0000_Short-Deflator-B.jpg",500,500,false],"woocommerce_single":["https:\/\/dodo-inflatables.com\/wp-content\/uploads\/2020\/12\/Hupfburg-Geblase-Huawei-kaufen_0000_Short-Deflator-B.jpg",500,500,false],"woocommerce_gallery_thumbnail":["https:\/\/dodo-inflatables.com\/wp-content\/uploads\/2020\/12\/Hupfburg-Geblase-Huawei-kaufen_0000_Short-Deflator-B-100x100.jpg",100,100,true]},"uagb_author_info":{"display_name":"Andreas","author_link":"https:\/\/dodo-inflatables.com\/sr\/author\/"},"uagb_comment_info":0,"uagb_excerpt":"Pogodan za Huawei duva\u010d REH-1.5E - 1.5 HP i Huawei duva\u010d REH-2E - 2 HP Pogodan za sve dvorce na naduvavanje i event module u ponudi Jednostavna upotreba \u2013 idealno za izvla\u010denje vazduha","_links":{"self":[{"href":"https:\/\/dodo-inflatables.com\/sr\/wp-json\/wp\/v2\/product\/19670","targetHints":{"allow":["GET"]}}],"collection":[{"href":"https:\/\/dodo-inflatables.com\/sr\/wp-json\/wp\/v2\/product"}],"about":[{"href":"https:\/\/dodo-inflatables.com\/sr\/wp-json\/wp\/v2\/types\/product"}],"replies":[{"embeddable":true,"href":"https:\/\/dodo-inflatables.com\/sr\/wp-json\/wp\/v2\/comments?post=19670"}],"wp:featuredmedia":[{"embeddable":true,"href":"https:\/\/dodo-inflatables.com\/sr\/wp-json\/wp\/v2\/media\/19671"}],"wp:attachment":[{"href":"https:\/\/dodo-inflatables.com\/sr\/wp-json\/wp\/v2\/media?parent=19670"}],"wp:term":[{"taxonomy":"product_brand","embeddable":true,"href":"https:\/\/dodo-inflatables.com\/sr\/wp-json\/wp\/v2\/product_brand?post=19670"},{"taxonomy":"product_cat","embeddable":true,"href":"https:\/\/dodo-inflatables.com\/sr\/wp-json\/wp\/v2\/product_cat?post=19670"},{"taxonomy":"product_tag","embeddable":true,"href":"https:\/\/dodo-inflatables.com\/sr\/wp-json\/wp\/v2\/product_tag?post=19670"}],"curies":[{"name":"wp","href":"https:\/\/api.w.org\/{rel}","templated":true}]}}