{"id":19684,"date":"2020-12-29T14:33:01","date_gmt":"2020-12-29T13:33:01","guid":{"rendered":"https:\/\/dodo-inflatables.com\/product\/%d1%85%d1%83%d0%b0%d0%b2%d0%b5%d0%b8-%d0%b1%d0%bb%d0%be%d0%b2%d0%b5%d1%80-%d1%80%d0%b5%d1%85-1-5%d0%b5-1-5%d0%bf%d1%81\/"},"modified":"2026-04-23T09:04:40","modified_gmt":"2026-04-23T07:04:40","slug":"%d1%85%d1%83%d0%b0%d0%b2%d0%b5%d0%b8-%d0%b1%d0%bb%d0%be%d0%b2%d0%b5%d1%80-%d1%80%d0%b5%d1%85-1-5%d0%b5-1-5%d0%bf%d1%81","status":"publish","type":"product","link":"https:\/\/dodo-inflatables.com\/sr\/\u043f\u0440\u043e\u0438\u0437\u0432\u043e\u0434\/%d1%85%d1%83%d0%b0%d0%b2%d0%b5%d0%b8-%d0%b1%d0%bb%d0%be%d0%b2%d0%b5%d1%80-%d1%80%d0%b5%d1%85-1-5%d0%b5-1-5%d0%bf%d1%81\/","title":{"rendered":"Huawei duva\u010d REH-1.5E &#8211; 1.5 HP"},"content":{"rendered":"<h2>Kupite Huawei duva\u010d za dvorce na naduvavanje REH-1.5E &#8211; 1.5 HP<\/h2>\n<p>Huawei duva\u010d za dvorce na naduvavanje je upravo pravi izbor za iznajmljiva\u010dke firme ili kupce sa nekoliko dvoraca na naduvavanje u svom inventaru.<br \/>\n<strong>Sna\u017ean protok vazduha:<\/strong> Dizajniran za optimalan protok vazduha, brzo i efikasno naduvava va\u0161 dvorac na naduvavanje uz odr\u017eavanje odgovaraju\u0107eg pritiska vazduha tokom cele upotrebe.<br \/>\n<strong>Svestrana kompatibilnost:<\/strong> Pogodan za \u0161irok spektar naduvavaju\u0107ih konstrukcija, od dvoraca na naduvavanje do naduvavaju\u0107ih tobogana i vi\u0161e.<br \/>\n<strong>Mogu\u0107nosti nadogradnje:<\/strong> Zahvaljuju\u0107i mogu\u0107nostima pro\u0161irenja, duva\u010d se mo\u017ee opremiti deflatorom za izvla\u010denje vazduha iz dvorca na naduvavanje i omogu\u0107iti br\u017ee ispuhivanje i pakovanje. Huawei duva\u010d se tako\u0111e mo\u017ee nadograditi nastavkom za grejanje. Ova grejalica se spaja na duva\u010d pomo\u0107u patentiranog sistema brzog spajanja i greje vazduh koji se upuhuje u dvorac na naduvavanje. To omogu\u0107ava da se mokri dvorac na naduvavanje osu\u0161i mnogo br\u017ee, bez potrebe za dugim satima su\u0161enja.<br \/>\n&nbsp;<\/p>\n<h3><strong>Detalji o Huawei duva\u010d REH-1.5E &#8211; 1.5 HP<\/strong><\/h3>\n<ul>\n<li>Materijal: ku\u0107i\u0161te od visokokvalitetne plastike<\/li>\n<li>Snaga: 1,35 kW (izlaz), 1,8 kW (ulaz), 1,5 HP<\/li>\n<li>Priklju\u010dak: Schuko utika\u010d<\/li>\n<li>Pre\u010dnik levka: 14,5 cm<\/li>\n<li>Dimenzije: 49 x 38,5 x 49,5 cm<\/li>\n<li>Te\u017eina: 16,8 kg<\/li>\n<li>Nivo buke: 85 dB<\/li>\n<li>WEEE registracioni br.: DE 82972723<\/li>\n<\/ul>\n<p>&nbsp;<\/p>\n","protected":false},"excerpt":{"rendered":"<ul>\n<li>Materijal: ku\u0107i\u0161te od visokokvalitetne plastike<\/li>\n<li>Snaga: 1,35 kW (izlaz), 1,8 kW (ulaz), 1,5 HP<\/li>\n<li>Priklju\u010dak: Schuko utika\u010d<\/li>\n<li>Pre\u010dnik levka: 14,5 cm<\/li>\n<li>Dimenzije: 49 x 38,5 x 49,5 cm<\/li>\n<li>Te\u017eina: 16,8 kg<\/li>\n<li>Nivo buke: 85 dB<\/li>\n<li>WEEE registracioni br.: DE 82972723<\/li>\n<\/ul>\n","protected":false},"featured_media":104845,"comment_status":"open","ping_status":"closed","template":"","meta":{"_acf_changed":false,"_uag_custom_page_level_css":"","site-sidebar-layout":"default","site-content-layout":"boxed-container","ast-site-content-layout":"normal-width-container","site-content-style":"boxed","site-sidebar-style":"boxed","ast-global-header-display":"","ast-banner-title-visibility":"","ast-main-header-display":"","ast-hfb-above-header-display":"","ast-hfb-below-header-display":"","ast-hfb-mobile-header-display":"","site-post-title":"disabled","ast-breadcrumbs-content":"","ast-featured-img":"","footer-sml-layout":"","ast-disable-related-posts":"","theme-transparent-header-meta":"default","adv-header-id-meta":"","stick-header-meta":"default","header-above-stick-meta":"","header-main-stick-meta":"","header-below-stick-meta":"","astra-migrate-meta-layouts":"default","ast-page-background-enabled":"default","ast-page-background-meta":{"desktop":{"background-color":"var(--ast-global-color-4)","background-image":"","background-repeat":"repeat","background-position":"center center","background-size":"auto","background-attachment":"scroll","background-type":"","background-media":"","overlay-type":"","overlay-color":"","overlay-opacity":"","overlay-gradient":""},"tablet":{"background-color":"","background-image":"","background-repeat":"repeat","background-position":"center center","background-size":"auto","background-attachment":"scroll","background-type":"","background-media":"","overlay-type":"","overlay-color":"","overlay-opacity":"","overlay-gradient":""},"mobile":{"background-color":"","background-image":"","background-repeat":"repeat","background-position":"center center","background-size":"auto","background-attachment":"scroll","background-type":"","background-media":"","overlay-type":"","overlay-color":"","overlay-opacity":"","overlay-gradient":""}},"ast-content-background-meta":{"desktop":{"background-color":"var(--ast-global-color-5)","background-image":"","background-repeat":"repeat","background-position":"center center","background-size":"auto","background-attachment":"scroll","background-type":"","background-media":"","overlay-type":"","overlay-color":"","overlay-opacity":"","overlay-gradient":""},"tablet":{"background-color":"var(--ast-global-color-5)","background-image":"","background-repeat":"repeat","background-position":"center center","background-size":"auto","background-attachment":"scroll","background-type":"","background-media":"","overlay-type":"","overlay-color":"","overlay-opacity":"","overlay-gradient":""},"mobile":{"background-color":"var(--ast-global-color-5)","background-image":"","background-repeat":"repeat","background-position":"center center","background-size":"auto","background-attachment":"scroll","background-type":"","background-media":"","overlay-type":"","overlay-color":"","overlay-opacity":"","overlay-gradient":""}}},"product_brand":[],"product_cat":[2062],"product_tag":[],"class_list":{"0":"post-19684","1":"product","2":"type-product","3":"status-publish","4":"has-post-thumbnail","6":"product_cat-2062","7":"product_shipping_class-2063","8":"desktop-align-center","9":"tablet-align-center","10":"mobile-align-center","11":"ast-product-gallery-layout-horizontal","12":"ast-product-gallery-with-no-image","13":"ast-product-tabs-layout-horizontal","15":"first","16":"instock","17":"taxable","18":"shipping-taxable","19":"purchasable","20":"product-type-simple"},"acf":[],"yoast_head":"<!-- This site is optimized with the Yoast SEO plugin v27.5 - https:\/\/yoast.com\/product\/yoast-seo-wordpress\/ -->\n<title>\u041a\u0443\u043f\u0438\u0442\u0435 \u0425\u0443\u0430\u0432\u0435\u0438 \u0434\u0443\u0432\u0430\u0459\u043a\u0435 \u0437\u0430 \u043d\u0430\u0441\u043a\u043e\u0447\u043d\u0435 \u0437\u0430\u043c\u043a\u043e\u0432\u0435 | \u0414\u043e\u0434\u043e-\u0418\u043d\u0444\u043b\u0430\u0442\u0430\u0431\u043b\u0435\u0441.\u0446\u043e\u043c<\/title>\n<meta name=\"description\" content=\"\u041a\u0443\u043f\u0438\u0442\u0435 \u0425\u0443\u0430\u0432\u0435\u0438 \u0434\u0443\u0432\u0430\u0447 \u0437\u0430 \u0433\u0443\u043c\u0435\u045a\u0430\u043a \u0420\u0415\u0425-1.5\u0415 - 1.5\u0425\u041f \u043d\u0430 \u0414\u043e\u0434\u043e-\u0418\u043d\u0444\u043b\u0430\u0442\u0430\u0431\u043b\u0435\u0441.\u0446\u043e\u043c | \u041f\u043e\u0448\u0442\u0435\u043d\u0435 \u0446\u0435\u043d\u0435 | \u0423\u0432\u0435\u043a \u043d\u0430 \u0437\u0430\u043b\u0438\u0445\u0430\u043c\u0430 | \u0424\u0430\u0441\u0442 \u0421\u0445\u0438\u043f\u043f\u0438\u043d\u0433!\" \/>\n<meta name=\"robots\" content=\"index, follow, max-snippet:-1, max-image-preview:large, max-video-preview:-1\" \/>\n<link rel=\"canonical\" href=\"https:\/\/dodo-inflatables.com\/sr\/\u043f\u0440\u043e\u0438\u0437\u0432\u043e\u0434\/%d1%85%d1%83%d0%b0%d0%b2%d0%b5%d0%b8-%d0%b1%d0%bb%d0%be%d0%b2%d0%b5%d1%80-%d1%80%d0%b5%d1%85-1-5%d0%b5-1-5%d0%bf%d1%81\/\" \/>\n<meta name=\"twitter:label1\" content=\"\u041f\u0440\u043e\u0446\u0435\u045a\u0435\u043d\u043e \u0432\u0440\u0435\u043c\u0435 \u0447\u0438\u0442\u0430\u045a\u0430\" \/>\n\t<meta name=\"twitter:data1\" content=\"1 \u043c\u0438\u043d\u0443\u0442\" \/>\n<script type=\"application\/ld+json\" class=\"yoast-schema-graph\">{\"@context\":\"https:\\\/\\\/schema.org\",\"@graph\":[{\"@type\":\"WebPage\",\"@id\":\"https:\\\/\\\/dodo-inflatables.com\\\/sr\\\/\u043f\u0440\u043e\u0438\u0437\u0432\u043e\u0434\\\/%d1%85%d1%83%d0%b0%d0%b2%d0%b5%d0%b8-%d0%b1%d0%bb%d0%be%d0%b2%d0%b5%d1%80-%d1%80%d0%b5%d1%85-1-5%d0%b5-1-5%d0%bf%d1%81\\\/\",\"url\":\"https:\\\/\\\/dodo-inflatables.com\\\/sr\\\/\u043f\u0440\u043e\u0438\u0437\u0432\u043e\u0434\\\/%d1%85%d1%83%d0%b0%d0%b2%d0%b5%d0%b8-%d0%b1%d0%bb%d0%be%d0%b2%d0%b5%d1%80-%d1%80%d0%b5%d1%85-1-5%d0%b5-1-5%d0%bf%d1%81\\\/\",\"name\":\"\u041a\u0443\u043f\u0438\u0442\u0435 \u0425\u0443\u0430\u0432\u0435\u0438 \u0434\u0443\u0432\u0430\u0459\u043a\u0435 \u0437\u0430 \u043d\u0430\u0441\u043a\u043e\u0447\u043d\u0435 \u0437\u0430\u043c\u043a\u043e\u0432\u0435 | \u0414\u043e\u0434\u043e-\u0418\u043d\u0444\u043b\u0430\u0442\u0430\u0431\u043b\u0435\u0441.\u0446\u043e\u043c\",\"isPartOf\":{\"@id\":\"https:\\\/\\\/dodo-inflatables.com\\\/sr\\\/#website\"},\"primaryImageOfPage\":{\"@id\":\"https:\\\/\\\/dodo-inflatables.com\\\/sr\\\/\u043f\u0440\u043e\u0438\u0437\u0432\u043e\u0434\\\/%d1%85%d1%83%d0%b0%d0%b2%d0%b5%d0%b8-%d0%b1%d0%bb%d0%be%d0%b2%d0%b5%d1%80-%d1%80%d0%b5%d1%85-1-5%d0%b5-1-5%d0%bf%d1%81\\\/#primaryimage\"},\"image\":{\"@id\":\"https:\\\/\\\/dodo-inflatables.com\\\/sr\\\/\u043f\u0440\u043e\u0438\u0437\u0432\u043e\u0434\\\/%d1%85%d1%83%d0%b0%d0%b2%d0%b5%d0%b8-%d0%b1%d0%bb%d0%be%d0%b2%d0%b5%d1%80-%d1%80%d0%b5%d1%85-1-5%d0%b5-1-5%d0%bf%d1%81\\\/#primaryimage\"},\"thumbnailUrl\":\"https:\\\/\\\/dodo-inflatables.com\\\/wp-content\\\/uploads\\\/2020\\\/12\\\/Huawei-Blower.png\",\"datePublished\":\"2020-12-29T13:33:01+00:00\",\"dateModified\":\"2026-04-23T07:04:40+00:00\",\"description\":\"\u041a\u0443\u043f\u0438\u0442\u0435 \u0425\u0443\u0430\u0432\u0435\u0438 \u0434\u0443\u0432\u0430\u0447 \u0437\u0430 \u0433\u0443\u043c\u0435\u045a\u0430\u043a \u0420\u0415\u0425-1.5\u0415 - 1.5\u0425\u041f \u043d\u0430 \u0414\u043e\u0434\u043e-\u0418\u043d\u0444\u043b\u0430\u0442\u0430\u0431\u043b\u0435\u0441.\u0446\u043e\u043c | \u041f\u043e\u0448\u0442\u0435\u043d\u0435 \u0446\u0435\u043d\u0435 | \u0423\u0432\u0435\u043a \u043d\u0430 \u0437\u0430\u043b\u0438\u0445\u0430\u043c\u0430 | \u0424\u0430\u0441\u0442 \u0421\u0445\u0438\u043f\u043f\u0438\u043d\u0433!\",\"breadcrumb\":{\"@id\":\"https:\\\/\\\/dodo-inflatables.com\\\/sr\\\/\u043f\u0440\u043e\u0438\u0437\u0432\u043e\u0434\\\/%d1%85%d1%83%d0%b0%d0%b2%d0%b5%d0%b8-%d0%b1%d0%bb%d0%be%d0%b2%d0%b5%d1%80-%d1%80%d0%b5%d1%85-1-5%d0%b5-1-5%d0%bf%d1%81\\\/#breadcrumb\"},\"inLanguage\":\"sr-RS\",\"potentialAction\":[{\"@type\":\"ReadAction\",\"target\":[\"https:\\\/\\\/dodo-inflatables.com\\\/sr\\\/\u043f\u0440\u043e\u0438\u0437\u0432\u043e\u0434\\\/%d1%85%d1%83%d0%b0%d0%b2%d0%b5%d0%b8-%d0%b1%d0%bb%d0%be%d0%b2%d0%b5%d1%80-%d1%80%d0%b5%d1%85-1-5%d0%b5-1-5%d0%bf%d1%81\\\/\"]}]},{\"@type\":\"ImageObject\",\"inLanguage\":\"sr-RS\",\"@id\":\"https:\\\/\\\/dodo-inflatables.com\\\/sr\\\/\u043f\u0440\u043e\u0438\u0437\u0432\u043e\u0434\\\/%d1%85%d1%83%d0%b0%d0%b2%d0%b5%d0%b8-%d0%b1%d0%bb%d0%be%d0%b2%d0%b5%d1%80-%d1%80%d0%b5%d1%85-1-5%d0%b5-1-5%d0%bf%d1%81\\\/#primaryimage\",\"url\":\"https:\\\/\\\/dodo-inflatables.com\\\/wp-content\\\/uploads\\\/2020\\\/12\\\/Huawei-Blower.png\",\"contentUrl\":\"https:\\\/\\\/dodo-inflatables.com\\\/wp-content\\\/uploads\\\/2020\\\/12\\\/Huawei-Blower.png\",\"width\":500,\"height\":500,\"caption\":\"Huawei duva\u010d REH-2E - 2 HP | Dodo Inflatables\"},{\"@type\":\"BreadcrumbList\",\"@id\":\"https:\\\/\\\/dodo-inflatables.com\\\/sr\\\/\u043f\u0440\u043e\u0438\u0437\u0432\u043e\u0434\\\/%d1%85%d1%83%d0%b0%d0%b2%d0%b5%d0%b8-%d0%b1%d0%bb%d0%be%d0%b2%d0%b5%d1%80-%d1%80%d0%b5%d1%85-1-5%d0%b5-1-5%d0%bf%d1%81\\\/#breadcrumb\",\"itemListElement\":[{\"@type\":\"ListItem\",\"position\":1,\"name\":\"\u041f\u043e\u0447\u0435\u0442\u043d\u0430\",\"item\":\"https:\\\/\\\/dodo-inflatables.com\\\/sr\\\/\"},{\"@type\":\"ListItem\",\"position\":2,\"name\":\"\u0421\u0445\u043e\u043f\",\"item\":\"https:\\\/\\\/dodo-inflatables.com\\\/sr\\\/%d1%81%d1%85%d0%be%d0%bf\\\/\"},{\"@type\":\"ListItem\",\"position\":3,\"name\":\"\u0425\u0443\u0430\u0432\u0435\u0438 \u0411\u043b\u043e\u0432\u0435\u0440 \u0420\u0415\u0425-1.5\u0415 &#8211; 1.5\u041f\u0421\"}]},{\"@type\":\"WebSite\",\"@id\":\"https:\\\/\\\/dodo-inflatables.com\\\/sr\\\/#website\",\"url\":\"https:\\\/\\\/dodo-inflatables.com\\\/sr\\\/\",\"name\":\"dodo-inflatables.com\",\"description\":\"\u041a\u0443\u043f\u0438\u0442\u0435 \u043d\u0430\u0441\u043a\u043e\u0447\u043d\u0435 \u0434\u0432\u043e\u0440\u0446\u0435 \u0438 \u0430\u0442\u0440\u0430\u043a\u0446\u0438\u0458\u0435 \u0443 \u043d\u0430\u0448\u043e\u0458 \u043f\u0440\u043e\u0434\u0430\u0432\u043d\u0438\u0446\u0438.\",\"potentialAction\":[{\"@type\":\"SearchAction\",\"target\":{\"@type\":\"EntryPoint\",\"urlTemplate\":\"https:\\\/\\\/dodo-inflatables.com\\\/sr\\\/?s={search_term_string}\"},\"query-input\":{\"@type\":\"PropertyValueSpecification\",\"valueRequired\":true,\"valueName\":\"search_term_string\"}}],\"inLanguage\":\"sr-RS\"}]}<\/script>\n<!-- \/ Yoast SEO plugin. -->","yoast_head_json":{"title":"\u041a\u0443\u043f\u0438\u0442\u0435 \u0425\u0443\u0430\u0432\u0435\u0438 \u0434\u0443\u0432\u0430\u0459\u043a\u0435 \u0437\u0430 \u043d\u0430\u0441\u043a\u043e\u0447\u043d\u0435 \u0437\u0430\u043c\u043a\u043e\u0432\u0435 | \u0414\u043e\u0434\u043e-\u0418\u043d\u0444\u043b\u0430\u0442\u0430\u0431\u043b\u0435\u0441.\u0446\u043e\u043c","description":"\u041a\u0443\u043f\u0438\u0442\u0435 \u0425\u0443\u0430\u0432\u0435\u0438 \u0434\u0443\u0432\u0430\u0447 \u0437\u0430 \u0433\u0443\u043c\u0435\u045a\u0430\u043a \u0420\u0415\u0425-1.5\u0415 - 1.5\u0425\u041f \u043d\u0430 \u0414\u043e\u0434\u043e-\u0418\u043d\u0444\u043b\u0430\u0442\u0430\u0431\u043b\u0435\u0441.\u0446\u043e\u043c | \u041f\u043e\u0448\u0442\u0435\u043d\u0435 \u0446\u0435\u043d\u0435 | \u0423\u0432\u0435\u043a \u043d\u0430 \u0437\u0430\u043b\u0438\u0445\u0430\u043c\u0430 | \u0424\u0430\u0441\u0442 \u0421\u0445\u0438\u043f\u043f\u0438\u043d\u0433!","robots":{"index":"index","follow":"follow","max-snippet":"max-snippet:-1","max-image-preview":"max-image-preview:large","max-video-preview":"max-video-preview:-1"},"canonical":"https:\/\/dodo-inflatables.com\/sr\/\u043f\u0440\u043e\u0438\u0437\u0432\u043e\u0434\/%d1%85%d1%83%d0%b0%d0%b2%d0%b5%d0%b8-%d0%b1%d0%bb%d0%be%d0%b2%d0%b5%d1%80-%d1%80%d0%b5%d1%85-1-5%d0%b5-1-5%d0%bf%d1%81\/","twitter_misc":{"\u041f\u0440\u043e\u0446\u0435\u045a\u0435\u043d\u043e \u0432\u0440\u0435\u043c\u0435 \u0447\u0438\u0442\u0430\u045a\u0430":"1 \u043c\u0438\u043d\u0443\u0442"},"schema":{"@context":"https:\/\/schema.org","@graph":[{"@type":"WebPage","@id":"https:\/\/dodo-inflatables.com\/sr\/\u043f\u0440\u043e\u0438\u0437\u0432\u043e\u0434\/%d1%85%d1%83%d0%b0%d0%b2%d0%b5%d0%b8-%d0%b1%d0%bb%d0%be%d0%b2%d0%b5%d1%80-%d1%80%d0%b5%d1%85-1-5%d0%b5-1-5%d0%bf%d1%81\/","url":"https:\/\/dodo-inflatables.com\/sr\/\u043f\u0440\u043e\u0438\u0437\u0432\u043e\u0434\/%d1%85%d1%83%d0%b0%d0%b2%d0%b5%d0%b8-%d0%b1%d0%bb%d0%be%d0%b2%d0%b5%d1%80-%d1%80%d0%b5%d1%85-1-5%d0%b5-1-5%d0%bf%d1%81\/","name":"\u041a\u0443\u043f\u0438\u0442\u0435 \u0425\u0443\u0430\u0432\u0435\u0438 \u0434\u0443\u0432\u0430\u0459\u043a\u0435 \u0437\u0430 \u043d\u0430\u0441\u043a\u043e\u0447\u043d\u0435 \u0437\u0430\u043c\u043a\u043e\u0432\u0435 | \u0414\u043e\u0434\u043e-\u0418\u043d\u0444\u043b\u0430\u0442\u0430\u0431\u043b\u0435\u0441.\u0446\u043e\u043c","isPartOf":{"@id":"https:\/\/dodo-inflatables.com\/sr\/#website"},"primaryImageOfPage":{"@id":"https:\/\/dodo-inflatables.com\/sr\/\u043f\u0440\u043e\u0438\u0437\u0432\u043e\u0434\/%d1%85%d1%83%d0%b0%d0%b2%d0%b5%d0%b8-%d0%b1%d0%bb%d0%be%d0%b2%d0%b5%d1%80-%d1%80%d0%b5%d1%85-1-5%d0%b5-1-5%d0%bf%d1%81\/#primaryimage"},"image":{"@id":"https:\/\/dodo-inflatables.com\/sr\/\u043f\u0440\u043e\u0438\u0437\u0432\u043e\u0434\/%d1%85%d1%83%d0%b0%d0%b2%d0%b5%d0%b8-%d0%b1%d0%bb%d0%be%d0%b2%d0%b5%d1%80-%d1%80%d0%b5%d1%85-1-5%d0%b5-1-5%d0%bf%d1%81\/#primaryimage"},"thumbnailUrl":"https:\/\/dodo-inflatables.com\/wp-content\/uploads\/2020\/12\/Huawei-Blower.png","datePublished":"2020-12-29T13:33:01+00:00","dateModified":"2026-04-23T07:04:40+00:00","description":"\u041a\u0443\u043f\u0438\u0442\u0435 \u0425\u0443\u0430\u0432\u0435\u0438 \u0434\u0443\u0432\u0430\u0447 \u0437\u0430 \u0433\u0443\u043c\u0435\u045a\u0430\u043a \u0420\u0415\u0425-1.5\u0415 - 1.5\u0425\u041f \u043d\u0430 \u0414\u043e\u0434\u043e-\u0418\u043d\u0444\u043b\u0430\u0442\u0430\u0431\u043b\u0435\u0441.\u0446\u043e\u043c | \u041f\u043e\u0448\u0442\u0435\u043d\u0435 \u0446\u0435\u043d\u0435 | \u0423\u0432\u0435\u043a \u043d\u0430 \u0437\u0430\u043b\u0438\u0445\u0430\u043c\u0430 | \u0424\u0430\u0441\u0442 \u0421\u0445\u0438\u043f\u043f\u0438\u043d\u0433!","breadcrumb":{"@id":"https:\/\/dodo-inflatables.com\/sr\/\u043f\u0440\u043e\u0438\u0437\u0432\u043e\u0434\/%d1%85%d1%83%d0%b0%d0%b2%d0%b5%d0%b8-%d0%b1%d0%bb%d0%be%d0%b2%d0%b5%d1%80-%d1%80%d0%b5%d1%85-1-5%d0%b5-1-5%d0%bf%d1%81\/#breadcrumb"},"inLanguage":"sr-RS","potentialAction":[{"@type":"ReadAction","target":["https:\/\/dodo-inflatables.com\/sr\/\u043f\u0440\u043e\u0438\u0437\u0432\u043e\u0434\/%d1%85%d1%83%d0%b0%d0%b2%d0%b5%d0%b8-%d0%b1%d0%bb%d0%be%d0%b2%d0%b5%d1%80-%d1%80%d0%b5%d1%85-1-5%d0%b5-1-5%d0%bf%d1%81\/"]}]},{"@type":"ImageObject","inLanguage":"sr-RS","@id":"https:\/\/dodo-inflatables.com\/sr\/\u043f\u0440\u043e\u0438\u0437\u0432\u043e\u0434\/%d1%85%d1%83%d0%b0%d0%b2%d0%b5%d0%b8-%d0%b1%d0%bb%d0%be%d0%b2%d0%b5%d1%80-%d1%80%d0%b5%d1%85-1-5%d0%b5-1-5%d0%bf%d1%81\/#primaryimage","url":"https:\/\/dodo-inflatables.com\/wp-content\/uploads\/2020\/12\/Huawei-Blower.png","contentUrl":"https:\/\/dodo-inflatables.com\/wp-content\/uploads\/2020\/12\/Huawei-Blower.png","width":500,"height":500,"caption":"Huawei duva\u010d REH-2E - 2 HP | Dodo Inflatables"},{"@type":"BreadcrumbList","@id":"https:\/\/dodo-inflatables.com\/sr\/\u043f\u0440\u043e\u0438\u0437\u0432\u043e\u0434\/%d1%85%d1%83%d0%b0%d0%b2%d0%b5%d0%b8-%d0%b1%d0%bb%d0%be%d0%b2%d0%b5%d1%80-%d1%80%d0%b5%d1%85-1-5%d0%b5-1-5%d0%bf%d1%81\/#breadcrumb","itemListElement":[{"@type":"ListItem","position":1,"name":"\u041f\u043e\u0447\u0435\u0442\u043d\u0430","item":"https:\/\/dodo-inflatables.com\/sr\/"},{"@type":"ListItem","position":2,"name":"\u0421\u0445\u043e\u043f","item":"https:\/\/dodo-inflatables.com\/sr\/%d1%81%d1%85%d0%be%d0%bf\/"},{"@type":"ListItem","position":3,"name":"\u0425\u0443\u0430\u0432\u0435\u0438 \u0411\u043b\u043e\u0432\u0435\u0440 \u0420\u0415\u0425-1.5\u0415 &#8211; 1.5\u041f\u0421"}]},{"@type":"WebSite","@id":"https:\/\/dodo-inflatables.com\/sr\/#website","url":"https:\/\/dodo-inflatables.com\/sr\/","name":"dodo-inflatables.com","description":"\u041a\u0443\u043f\u0438\u0442\u0435 \u043d\u0430\u0441\u043a\u043e\u0447\u043d\u0435 \u0434\u0432\u043e\u0440\u0446\u0435 \u0438 \u0430\u0442\u0440\u0430\u043a\u0446\u0438\u0458\u0435 \u0443 \u043d\u0430\u0448\u043e\u0458 \u043f\u0440\u043e\u0434\u0430\u0432\u043d\u0438\u0446\u0438.","potentialAction":[{"@type":"SearchAction","target":{"@type":"EntryPoint","urlTemplate":"https:\/\/dodo-inflatables.com\/sr\/?s={search_term_string}"},"query-input":{"@type":"PropertyValueSpecification","valueRequired":true,"valueName":"search_term_string"}}],"inLanguage":"sr-RS"}]}},"uagb_featured_image_src":{"full":["https:\/\/dodo-inflatables.com\/wp-content\/uploads\/2020\/12\/Huawei-Blower.png",500,500,false],"thumbnail":["https:\/\/dodo-inflatables.com\/wp-content\/uploads\/2020\/12\/Huawei-Blower-150x150.png",150,150,true],"medium":["https:\/\/dodo-inflatables.com\/wp-content\/uploads\/2020\/12\/Huawei-Blower-300x300.png",300,300,true],"medium_large":["https:\/\/dodo-inflatables.com\/wp-content\/uploads\/2020\/12\/Huawei-Blower.png",500,500,false],"large":["https:\/\/dodo-inflatables.com\/wp-content\/uploads\/2020\/12\/Huawei-Blower.png",500,500,false],"1536x1536":["https:\/\/dodo-inflatables.com\/wp-content\/uploads\/2020\/12\/Huawei-Blower.png",500,500,false],"2048x2048":["https:\/\/dodo-inflatables.com\/wp-content\/uploads\/2020\/12\/Huawei-Blower.png",500,500,false],"woocommerce_thumbnail":["https:\/\/dodo-inflatables.com\/wp-content\/uploads\/2020\/12\/Huawei-Blower.png",500,500,false],"woocommerce_single":["https:\/\/dodo-inflatables.com\/wp-content\/uploads\/2020\/12\/Huawei-Blower.png",500,500,false],"woocommerce_gallery_thumbnail":["https:\/\/dodo-inflatables.com\/wp-content\/uploads\/2020\/12\/Huawei-Blower-100x100.png",100,100,true]},"uagb_author_info":{"display_name":"Andreas","author_link":"https:\/\/dodo-inflatables.com\/sr\/author\/"},"uagb_comment_info":0,"uagb_excerpt":"Materijal: ku\u0107i\u0161te od visokokvalitetne plastike Snaga: 1,35 kW (izlaz), 1,8 kW (ulaz), 1,5 HP Priklju\u010dak: Schuko utika\u010d Pre\u010dnik levka: 14,5 cm Dimenzije: 49 x 38,5 x 49,5 cm Te\u017eina: 16,8 kg Nivo buke: 85 dB WEEE registracioni br.: DE 82972723","_links":{"self":[{"href":"https:\/\/dodo-inflatables.com\/sr\/wp-json\/wp\/v2\/product\/19684","targetHints":{"allow":["GET"]}}],"collection":[{"href":"https:\/\/dodo-inflatables.com\/sr\/wp-json\/wp\/v2\/product"}],"about":[{"href":"https:\/\/dodo-inflatables.com\/sr\/wp-json\/wp\/v2\/types\/product"}],"replies":[{"embeddable":true,"href":"https:\/\/dodo-inflatables.com\/sr\/wp-json\/wp\/v2\/comments?post=19684"}],"wp:featuredmedia":[{"embeddable":true,"href":"https:\/\/dodo-inflatables.com\/sr\/wp-json\/wp\/v2\/media\/104845"}],"wp:attachment":[{"href":"https:\/\/dodo-inflatables.com\/sr\/wp-json\/wp\/v2\/media?parent=19684"}],"wp:term":[{"taxonomy":"product_brand","embeddable":true,"href":"https:\/\/dodo-inflatables.com\/sr\/wp-json\/wp\/v2\/product_brand?post=19684"},{"taxonomy":"product_cat","embeddable":true,"href":"https:\/\/dodo-inflatables.com\/sr\/wp-json\/wp\/v2\/product_cat?post=19684"},{"taxonomy":"product_tag","embeddable":true,"href":"https:\/\/dodo-inflatables.com\/sr\/wp-json\/wp\/v2\/product_tag?post=19684"}],"curies":[{"name":"wp","href":"https:\/\/api.w.org\/{rel}","templated":true}]}}