{"id":20687,"date":"2024-07-10T13:01:33","date_gmt":"2024-07-10T11:01:33","guid":{"rendered":"https:\/\/dodo-inflatables.com\/product\/%d0%b1%d0%be%d1%83%d0%bd%d1%86%d0%b8-%d1%86%d0%b0%d1%81%d1%82%d0%bb%d0%b5-%d1%82%d1%80%d0%b0%d0%bd%d1%81%d0%bf%d0%be%d1%80%d1%82%d0%bd%d0%b0-%d1%82%d0%be%d1%80%d0%b1%d0%b0-%d0%ba%d1%81%d1%81\/"},"modified":"2026-04-25T18:24:11","modified_gmt":"2026-04-25T16:24:11","slug":"%d0%b1%d0%be%d1%83%d0%bd%d1%86%d0%b8-%d1%86%d0%b0%d1%81%d1%82%d0%bb%d0%b5-%d1%82%d1%80%d0%b0%d0%bd%d1%81%d0%bf%d0%be%d1%80%d1%82%d0%bd%d0%b0-%d1%82%d0%be%d1%80%d0%b1%d0%b0-%d0%ba%d1%81%d1%81","status":"publish","type":"product","link":"https:\/\/dodo-inflatables.com\/sr\/\u043f\u0440\u043e\u0438\u0437\u0432\u043e\u0434\/%d0%b1%d0%be%d1%83%d0%bd%d1%86%d0%b8-%d1%86%d0%b0%d1%81%d1%82%d0%bb%d0%b5-%d1%82%d1%80%d0%b0%d0%bd%d1%81%d0%bf%d0%be%d1%80%d1%82%d0%bd%d0%b0-%d1%82%d0%be%d1%80%d0%b1%d0%b0-%d0%ba%d1%81%d1%81\/","title":{"rendered":"Transportne torbe za dvorce na naduvavanje XS"},"content":{"rendered":"<h2>Kupite transportne torbe za dvorce na naduvavanje<\/h2>\n<p>Na\u0161e transportne torbe za dvorce na naduvavanje idealno su re\u0161enje za iznajmljiva\u010dke firme ili korisnike sa nekoliko dvoraca na naduvavanje na zalihama.<br \/>\n<strong>Prakti\u010dne ru\u010dke<\/strong>: Ru\u010dke omogu\u0107uju jednostavno rukovanje torbama i olak\u0161avaju preme\u0161tanje naduvavaju\u0107ih konstrukcija. Imajte na umu da, u zavisnosti od te\u017eine naduvavaju\u0107e konstrukcije, ru\u010dke ne mogu uvek nositi punu te\u017einu i stoga ih treba koristiti pa\u017eljivo kako bi se izbeglo kidanje.<br \/>\n<strong>Sigurne mogu\u0107nosti pri\u010dvr\u0161\u0107ivanja<\/strong>: Transportne torbe mogu se sigurno vezati na vrhu petljama tako da va\u0161a naduvavaju\u0107a konstrukcija ostaje za\u0161ti\u0107ena i dobro upakovana tokom transporta. To spre\u010dava nenamjerno otvaranje i osigurava da naduvavaju\u0107a konstrukcija ostane \u010dista i uredna.<br \/>\n<strong>Za\u0161tita od o\u0161te\u0107enja pri transportu<\/strong>: Na\u0161e transportne torbe posebno su dizajnirane za za\u0161titu va\u0161ih naduvavaju\u0107ih konstrukcija od o\u0161te\u0107enja pri transportu. \u010cvrsti materijal \u0161titi naduvavaju\u0107e konstrukcije od prljav\u0161tine, pra\u0161ine i mehani\u010dkih uticaja kako bi uvijek stigle na odredi\u0161te u savr\u0161enom stanju.<br \/>\nNa\u0161e transportne torbe za naduvavaju\u0107e konstrukcije nude vam savr\u0161enu kombinaciju funkcionalnosti i udobnosti. Znatno olak\u0161avaju transport va\u0161ih naduvavaju\u0107ih konstrukcija i osiguravaju da uvijek ostaju u vrhunskom stanju.<\/p>\n<h3>Detalji transportne torbe veli\u010dine XS<\/h3>\n<ul>\n<li>Materijal: PVC (0,55 mm \/ 621,3 g\/m\u00b2)<\/li>\n<li>Pre\u010dnik 80 cm<\/li>\n<li>Visina 100 cm<\/li>\n<li>Me\u0161ovite boje<\/li>\n<\/ul>\n<p><strong>Svaka naduvavaju\u0107a konstrukcija isporu\u010duje se u transportnoj torbi, nije potrebno naru\u010divati dodatnu torbu.<\/strong><\/p>\n","protected":false},"excerpt":{"rendered":"<ul>\n<li>Transportna torba veli\u010dine XS (pre\u010dnik 80 cm, visina 100 cm)<\/li>\n<li>Materijal: PVC (0,55 mm \/ 621,3 g\/m\u00b2)<\/li>\n<li>Me\u0161ovite boje<\/li>\n<\/ul>\n","protected":false},"featured_media":55178,"comment_status":"open","ping_status":"closed","template":"","meta":{"_acf_changed":false,"_uag_custom_page_level_css":"","site-sidebar-layout":"default","site-content-layout":"boxed-container","ast-site-content-layout":"normal-width-container","site-content-style":"boxed","site-sidebar-style":"boxed","ast-global-header-display":"","ast-banner-title-visibility":"","ast-main-header-display":"","ast-hfb-above-header-display":"","ast-hfb-below-header-display":"","ast-hfb-mobile-header-display":"","site-post-title":"disabled","ast-breadcrumbs-content":"","ast-featured-img":"","footer-sml-layout":"","ast-disable-related-posts":"","theme-transparent-header-meta":"default","adv-header-id-meta":"","stick-header-meta":"default","header-above-stick-meta":"","header-main-stick-meta":"","header-below-stick-meta":"","astra-migrate-meta-layouts":"default","ast-page-background-enabled":"default","ast-page-background-meta":{"desktop":{"background-color":"var(--ast-global-color-4)","background-image":"","background-repeat":"repeat","background-position":"center center","background-size":"auto","background-attachment":"scroll","background-type":"","background-media":"","overlay-type":"","overlay-color":"","overlay-opacity":"","overlay-gradient":""},"tablet":{"background-color":"","background-image":"","background-repeat":"repeat","background-position":"center center","background-size":"auto","background-attachment":"scroll","background-type":"","background-media":"","overlay-type":"","overlay-color":"","overlay-opacity":"","overlay-gradient":""},"mobile":{"background-color":"","background-image":"","background-repeat":"repeat","background-position":"center center","background-size":"auto","background-attachment":"scroll","background-type":"","background-media":"","overlay-type":"","overlay-color":"","overlay-opacity":"","overlay-gradient":""}},"ast-content-background-meta":{"desktop":{"background-color":"var(--ast-global-color-5)","background-image":"","background-repeat":"repeat","background-position":"center center","background-size":"auto","background-attachment":"scroll","background-type":"","background-media":"","overlay-type":"","overlay-color":"","overlay-opacity":"","overlay-gradient":""},"tablet":{"background-color":"var(--ast-global-color-5)","background-image":"","background-repeat":"repeat","background-position":"center center","background-size":"auto","background-attachment":"scroll","background-type":"","background-media":"","overlay-type":"","overlay-color":"","overlay-opacity":"","overlay-gradient":""},"mobile":{"background-color":"var(--ast-global-color-5)","background-image":"","background-repeat":"repeat","background-position":"center center","background-size":"auto","background-attachment":"scroll","background-type":"","background-media":"","overlay-type":"","overlay-color":"","overlay-opacity":"","overlay-gradient":""}}},"product_brand":[],"product_cat":[2062],"product_tag":[],"class_list":{"0":"post-20687","1":"product","2":"type-product","3":"status-publish","4":"has-post-thumbnail","6":"product_cat-2062","7":"product_shipping_class-2063","8":"pa_gtin-0654170861734-sr","9":"desktop-align-center","10":"tablet-align-center","11":"mobile-align-center","12":"ast-product-gallery-layout-horizontal","13":"ast-product-gallery-with-no-image","14":"ast-product-tabs-layout-horizontal","16":"first","17":"instock","18":"taxable","19":"shipping-taxable","20":"purchasable","21":"product-type-simple"},"acf":[],"yoast_head":"<!-- This site is optimized with the Yoast SEO plugin v27.5 - https:\/\/yoast.com\/product\/yoast-seo-wordpress\/ -->\n<title>\u041a\u0443\u043f\u0438 \u0442\u0440\u0430\u043d\u0441\u043f\u043e\u0440\u0442\u043d\u0435 \u0442\u043e\u0440\u0431\u0435 \u043d\u0430 \u043d\u0430\u0434\u0443\u0432\u0430\u0432\u0430\u045a\u0435 | \u0414\u043e\u0434\u043e-\u0418\u043d\u0444\u043b\u0430\u0442\u0430\u0431\u043b\u0435\u0441.\u0446\u043e\u043c<\/title>\n<meta name=\"description\" content=\"\u041a\u0443\u043f\u0438\u0442\u0435 \u0442\u0440\u0430\u043d\u0441\u043f\u043e\u0440\u0442\u043d\u0435 \u0442\u043e\u0440\u0431\u0435 \u0437\u0430 \u0433\u0443\u043c\u0435\u045a\u0430\u043a\u0435 \u0438 \u0437\u0430\u043c\u043a\u043e\u0432\u0435 \u043d\u0430 \u0414\u043e\u0434\u043e-\u0418\u043d\u0444\u043b\u0430\u0442\u0430\u0431\u043b\u0435\u0441.\u0446\u043e\u043c | \u0421\u0435\u0440\u0442\u0438\u0444\u0438\u043a\u043e\u0432\u0430\u043d\u043e \u043f\u0440\u0435\u043c\u0430 \u0415\u041d14960 | \u0411\u0440\u0437\u0430 \u0434\u043e\u0441\u0442\u0430\u0432\u0430!\" \/>\n<meta name=\"robots\" content=\"index, follow, max-snippet:-1, max-image-preview:large, max-video-preview:-1\" \/>\n<link rel=\"canonical\" href=\"https:\/\/dodo-inflatables.com\/sr\/\u043f\u0440\u043e\u0438\u0437\u0432\u043e\u0434\/%d0%b1%d0%be%d1%83%d0%bd%d1%86%d0%b8-%d1%86%d0%b0%d1%81%d1%82%d0%bb%d0%b5-%d1%82%d1%80%d0%b0%d0%bd%d1%81%d0%bf%d0%be%d1%80%d1%82%d0%bd%d0%b0-%d1%82%d0%be%d1%80%d0%b1%d0%b0-%d0%ba%d1%81%d1%81\/\" \/>\n<meta name=\"twitter:label1\" content=\"\u041f\u0440\u043e\u0446\u0435\u045a\u0435\u043d\u043e \u0432\u0440\u0435\u043c\u0435 \u0447\u0438\u0442\u0430\u045a\u0430\" \/>\n\t<meta name=\"twitter:data1\" content=\"1 \u043c\u0438\u043d\u0443\u0442\" \/>\n<script type=\"application\/ld+json\" class=\"yoast-schema-graph\">{\"@context\":\"https:\\\/\\\/schema.org\",\"@graph\":[{\"@type\":\"WebPage\",\"@id\":\"https:\\\/\\\/dodo-inflatables.com\\\/sr\\\/\u043f\u0440\u043e\u0438\u0437\u0432\u043e\u0434\\\/%d0%b1%d0%be%d1%83%d0%bd%d1%86%d0%b8-%d1%86%d0%b0%d1%81%d1%82%d0%bb%d0%b5-%d1%82%d1%80%d0%b0%d0%bd%d1%81%d0%bf%d0%be%d1%80%d1%82%d0%bd%d0%b0-%d1%82%d0%be%d1%80%d0%b1%d0%b0-%d0%ba%d1%81%d1%81\\\/\",\"url\":\"https:\\\/\\\/dodo-inflatables.com\\\/sr\\\/\u043f\u0440\u043e\u0438\u0437\u0432\u043e\u0434\\\/%d0%b1%d0%be%d1%83%d0%bd%d1%86%d0%b8-%d1%86%d0%b0%d1%81%d1%82%d0%bb%d0%b5-%d1%82%d1%80%d0%b0%d0%bd%d1%81%d0%bf%d0%be%d1%80%d1%82%d0%bd%d0%b0-%d1%82%d0%be%d1%80%d0%b1%d0%b0-%d0%ba%d1%81%d1%81\\\/\",\"name\":\"\u041a\u0443\u043f\u0438 \u0442\u0440\u0430\u043d\u0441\u043f\u043e\u0440\u0442\u043d\u0435 \u0442\u043e\u0440\u0431\u0435 \u043d\u0430 \u043d\u0430\u0434\u0443\u0432\u0430\u0432\u0430\u045a\u0435 | \u0414\u043e\u0434\u043e-\u0418\u043d\u0444\u043b\u0430\u0442\u0430\u0431\u043b\u0435\u0441.\u0446\u043e\u043c\",\"isPartOf\":{\"@id\":\"https:\\\/\\\/dodo-inflatables.com\\\/sr\\\/#website\"},\"primaryImageOfPage\":{\"@id\":\"https:\\\/\\\/dodo-inflatables.com\\\/sr\\\/\u043f\u0440\u043e\u0438\u0437\u0432\u043e\u0434\\\/%d0%b1%d0%be%d1%83%d0%bd%d1%86%d0%b8-%d1%86%d0%b0%d1%81%d1%82%d0%bb%d0%b5-%d1%82%d1%80%d0%b0%d0%bd%d1%81%d0%bf%d0%be%d1%80%d1%82%d0%bd%d0%b0-%d1%82%d0%be%d1%80%d0%b1%d0%b0-%d0%ba%d1%81%d1%81\\\/#primaryimage\"},\"image\":{\"@id\":\"https:\\\/\\\/dodo-inflatables.com\\\/sr\\\/\u043f\u0440\u043e\u0438\u0437\u0432\u043e\u0434\\\/%d0%b1%d0%be%d1%83%d0%bd%d1%86%d0%b8-%d1%86%d0%b0%d1%81%d1%82%d0%bb%d0%b5-%d1%82%d1%80%d0%b0%d0%bd%d1%81%d0%bf%d0%be%d1%80%d1%82%d0%bd%d0%b0-%d1%82%d0%be%d1%80%d0%b1%d0%b0-%d0%ba%d1%81%d1%81\\\/#primaryimage\"},\"thumbnailUrl\":\"https:\\\/\\\/dodo-inflatables.com\\\/wp-content\\\/uploads\\\/2024\\\/07\\\/XS-Bouncy-castle-Transport-bag.jpg\",\"datePublished\":\"2024-07-10T11:01:33+00:00\",\"dateModified\":\"2026-04-25T16:24:11+00:00\",\"description\":\"\u041a\u0443\u043f\u0438\u0442\u0435 \u0442\u0440\u0430\u043d\u0441\u043f\u043e\u0440\u0442\u043d\u0435 \u0442\u043e\u0440\u0431\u0435 \u0437\u0430 \u0433\u0443\u043c\u0435\u045a\u0430\u043a\u0435 \u0438 \u0437\u0430\u043c\u043a\u043e\u0432\u0435 \u043d\u0430 \u0414\u043e\u0434\u043e-\u0418\u043d\u0444\u043b\u0430\u0442\u0430\u0431\u043b\u0435\u0441.\u0446\u043e\u043c | \u0421\u0435\u0440\u0442\u0438\u0444\u0438\u043a\u043e\u0432\u0430\u043d\u043e \u043f\u0440\u0435\u043c\u0430 \u0415\u041d14960 | \u0411\u0440\u0437\u0430 \u0434\u043e\u0441\u0442\u0430\u0432\u0430!\",\"breadcrumb\":{\"@id\":\"https:\\\/\\\/dodo-inflatables.com\\\/sr\\\/\u043f\u0440\u043e\u0438\u0437\u0432\u043e\u0434\\\/%d0%b1%d0%be%d1%83%d0%bd%d1%86%d0%b8-%d1%86%d0%b0%d1%81%d1%82%d0%bb%d0%b5-%d1%82%d1%80%d0%b0%d0%bd%d1%81%d0%bf%d0%be%d1%80%d1%82%d0%bd%d0%b0-%d1%82%d0%be%d1%80%d0%b1%d0%b0-%d0%ba%d1%81%d1%81\\\/#breadcrumb\"},\"inLanguage\":\"sr-RS\",\"potentialAction\":[{\"@type\":\"ReadAction\",\"target\":[\"https:\\\/\\\/dodo-inflatables.com\\\/sr\\\/\u043f\u0440\u043e\u0438\u0437\u0432\u043e\u0434\\\/%d0%b1%d0%be%d1%83%d0%bd%d1%86%d0%b8-%d1%86%d0%b0%d1%81%d1%82%d0%bb%d0%b5-%d1%82%d1%80%d0%b0%d0%bd%d1%81%d0%bf%d0%be%d1%80%d1%82%d0%bd%d0%b0-%d1%82%d0%be%d1%80%d0%b1%d0%b0-%d0%ba%d1%81%d1%81\\\/\"]}]},{\"@type\":\"ImageObject\",\"inLanguage\":\"sr-RS\",\"@id\":\"https:\\\/\\\/dodo-inflatables.com\\\/sr\\\/\u043f\u0440\u043e\u0438\u0437\u0432\u043e\u0434\\\/%d0%b1%d0%be%d1%83%d0%bd%d1%86%d0%b8-%d1%86%d0%b0%d1%81%d1%82%d0%bb%d0%b5-%d1%82%d1%80%d0%b0%d0%bd%d1%81%d0%bf%d0%be%d1%80%d1%82%d0%bd%d0%b0-%d1%82%d0%be%d1%80%d0%b1%d0%b0-%d0%ba%d1%81%d1%81\\\/#primaryimage\",\"url\":\"https:\\\/\\\/dodo-inflatables.com\\\/wp-content\\\/uploads\\\/2024\\\/07\\\/XS-Bouncy-castle-Transport-bag.jpg\",\"contentUrl\":\"https:\\\/\\\/dodo-inflatables.com\\\/wp-content\\\/uploads\\\/2024\\\/07\\\/XS-Bouncy-castle-Transport-bag.jpg\",\"width\":1000,\"height\":1000,\"caption\":\"Transportne torbe za dvorce na naduvavanje XS | Dodo Inflatables\"},{\"@type\":\"BreadcrumbList\",\"@id\":\"https:\\\/\\\/dodo-inflatables.com\\\/sr\\\/\u043f\u0440\u043e\u0438\u0437\u0432\u043e\u0434\\\/%d0%b1%d0%be%d1%83%d0%bd%d1%86%d0%b8-%d1%86%d0%b0%d1%81%d1%82%d0%bb%d0%b5-%d1%82%d1%80%d0%b0%d0%bd%d1%81%d0%bf%d0%be%d1%80%d1%82%d0%bd%d0%b0-%d1%82%d0%be%d1%80%d0%b1%d0%b0-%d0%ba%d1%81%d1%81\\\/#breadcrumb\",\"itemListElement\":[{\"@type\":\"ListItem\",\"position\":1,\"name\":\"\u041f\u043e\u0447\u0435\u0442\u043d\u0430\",\"item\":\"https:\\\/\\\/dodo-inflatables.com\\\/sr\\\/\"},{\"@type\":\"ListItem\",\"position\":2,\"name\":\"\u0421\u0445\u043e\u043f\",\"item\":\"https:\\\/\\\/dodo-inflatables.com\\\/sr\\\/%d1%81%d1%85%d0%be%d0%bf\\\/\"},{\"@type\":\"ListItem\",\"position\":3,\"name\":\"\u0411\u043e\u0443\u043d\u0446\u0438 \u0446\u0430\u0441\u0442\u043b\u0435 \u0442\u0440\u0430\u043d\u0441\u043f\u043e\u0440\u0442\u043d\u0430 \u0442\u043e\u0440\u0431\u0430 \u041a\u0421\u0421\"}]},{\"@type\":\"WebSite\",\"@id\":\"https:\\\/\\\/dodo-inflatables.com\\\/sr\\\/#website\",\"url\":\"https:\\\/\\\/dodo-inflatables.com\\\/sr\\\/\",\"name\":\"dodo-inflatables.com\",\"description\":\"\u041a\u0443\u043f\u0438\u0442\u0435 \u043d\u0430\u0441\u043a\u043e\u0447\u043d\u0435 \u0434\u0432\u043e\u0440\u0446\u0435 \u0438 \u0430\u0442\u0440\u0430\u043a\u0446\u0438\u0458\u0435 \u0443 \u043d\u0430\u0448\u043e\u0458 \u043f\u0440\u043e\u0434\u0430\u0432\u043d\u0438\u0446\u0438.\",\"potentialAction\":[{\"@type\":\"SearchAction\",\"target\":{\"@type\":\"EntryPoint\",\"urlTemplate\":\"https:\\\/\\\/dodo-inflatables.com\\\/sr\\\/?s={search_term_string}\"},\"query-input\":{\"@type\":\"PropertyValueSpecification\",\"valueRequired\":true,\"valueName\":\"search_term_string\"}}],\"inLanguage\":\"sr-RS\"}]}<\/script>\n<!-- \/ Yoast SEO plugin. -->","yoast_head_json":{"title":"\u041a\u0443\u043f\u0438 \u0442\u0440\u0430\u043d\u0441\u043f\u043e\u0440\u0442\u043d\u0435 \u0442\u043e\u0440\u0431\u0435 \u043d\u0430 \u043d\u0430\u0434\u0443\u0432\u0430\u0432\u0430\u045a\u0435 | \u0414\u043e\u0434\u043e-\u0418\u043d\u0444\u043b\u0430\u0442\u0430\u0431\u043b\u0435\u0441.\u0446\u043e\u043c","description":"\u041a\u0443\u043f\u0438\u0442\u0435 \u0442\u0440\u0430\u043d\u0441\u043f\u043e\u0440\u0442\u043d\u0435 \u0442\u043e\u0440\u0431\u0435 \u0437\u0430 \u0433\u0443\u043c\u0435\u045a\u0430\u043a\u0435 \u0438 \u0437\u0430\u043c\u043a\u043e\u0432\u0435 \u043d\u0430 \u0414\u043e\u0434\u043e-\u0418\u043d\u0444\u043b\u0430\u0442\u0430\u0431\u043b\u0435\u0441.\u0446\u043e\u043c | \u0421\u0435\u0440\u0442\u0438\u0444\u0438\u043a\u043e\u0432\u0430\u043d\u043e \u043f\u0440\u0435\u043c\u0430 \u0415\u041d14960 | \u0411\u0440\u0437\u0430 \u0434\u043e\u0441\u0442\u0430\u0432\u0430!","robots":{"index":"index","follow":"follow","max-snippet":"max-snippet:-1","max-image-preview":"max-image-preview:large","max-video-preview":"max-video-preview:-1"},"canonical":"https:\/\/dodo-inflatables.com\/sr\/\u043f\u0440\u043e\u0438\u0437\u0432\u043e\u0434\/%d0%b1%d0%be%d1%83%d0%bd%d1%86%d0%b8-%d1%86%d0%b0%d1%81%d1%82%d0%bb%d0%b5-%d1%82%d1%80%d0%b0%d0%bd%d1%81%d0%bf%d0%be%d1%80%d1%82%d0%bd%d0%b0-%d1%82%d0%be%d1%80%d0%b1%d0%b0-%d0%ba%d1%81%d1%81\/","twitter_misc":{"\u041f\u0440\u043e\u0446\u0435\u045a\u0435\u043d\u043e \u0432\u0440\u0435\u043c\u0435 \u0447\u0438\u0442\u0430\u045a\u0430":"1 \u043c\u0438\u043d\u0443\u0442"},"schema":{"@context":"https:\/\/schema.org","@graph":[{"@type":"WebPage","@id":"https:\/\/dodo-inflatables.com\/sr\/\u043f\u0440\u043e\u0438\u0437\u0432\u043e\u0434\/%d0%b1%d0%be%d1%83%d0%bd%d1%86%d0%b8-%d1%86%d0%b0%d1%81%d1%82%d0%bb%d0%b5-%d1%82%d1%80%d0%b0%d0%bd%d1%81%d0%bf%d0%be%d1%80%d1%82%d0%bd%d0%b0-%d1%82%d0%be%d1%80%d0%b1%d0%b0-%d0%ba%d1%81%d1%81\/","url":"https:\/\/dodo-inflatables.com\/sr\/\u043f\u0440\u043e\u0438\u0437\u0432\u043e\u0434\/%d0%b1%d0%be%d1%83%d0%bd%d1%86%d0%b8-%d1%86%d0%b0%d1%81%d1%82%d0%bb%d0%b5-%d1%82%d1%80%d0%b0%d0%bd%d1%81%d0%bf%d0%be%d1%80%d1%82%d0%bd%d0%b0-%d1%82%d0%be%d1%80%d0%b1%d0%b0-%d0%ba%d1%81%d1%81\/","name":"\u041a\u0443\u043f\u0438 \u0442\u0440\u0430\u043d\u0441\u043f\u043e\u0440\u0442\u043d\u0435 \u0442\u043e\u0440\u0431\u0435 \u043d\u0430 \u043d\u0430\u0434\u0443\u0432\u0430\u0432\u0430\u045a\u0435 | \u0414\u043e\u0434\u043e-\u0418\u043d\u0444\u043b\u0430\u0442\u0430\u0431\u043b\u0435\u0441.\u0446\u043e\u043c","isPartOf":{"@id":"https:\/\/dodo-inflatables.com\/sr\/#website"},"primaryImageOfPage":{"@id":"https:\/\/dodo-inflatables.com\/sr\/\u043f\u0440\u043e\u0438\u0437\u0432\u043e\u0434\/%d0%b1%d0%be%d1%83%d0%bd%d1%86%d0%b8-%d1%86%d0%b0%d1%81%d1%82%d0%bb%d0%b5-%d1%82%d1%80%d0%b0%d0%bd%d1%81%d0%bf%d0%be%d1%80%d1%82%d0%bd%d0%b0-%d1%82%d0%be%d1%80%d0%b1%d0%b0-%d0%ba%d1%81%d1%81\/#primaryimage"},"image":{"@id":"https:\/\/dodo-inflatables.com\/sr\/\u043f\u0440\u043e\u0438\u0437\u0432\u043e\u0434\/%d0%b1%d0%be%d1%83%d0%bd%d1%86%d0%b8-%d1%86%d0%b0%d1%81%d1%82%d0%bb%d0%b5-%d1%82%d1%80%d0%b0%d0%bd%d1%81%d0%bf%d0%be%d1%80%d1%82%d0%bd%d0%b0-%d1%82%d0%be%d1%80%d0%b1%d0%b0-%d0%ba%d1%81%d1%81\/#primaryimage"},"thumbnailUrl":"https:\/\/dodo-inflatables.com\/wp-content\/uploads\/2024\/07\/XS-Bouncy-castle-Transport-bag.jpg","datePublished":"2024-07-10T11:01:33+00:00","dateModified":"2026-04-25T16:24:11+00:00","description":"\u041a\u0443\u043f\u0438\u0442\u0435 \u0442\u0440\u0430\u043d\u0441\u043f\u043e\u0440\u0442\u043d\u0435 \u0442\u043e\u0440\u0431\u0435 \u0437\u0430 \u0433\u0443\u043c\u0435\u045a\u0430\u043a\u0435 \u0438 \u0437\u0430\u043c\u043a\u043e\u0432\u0435 \u043d\u0430 \u0414\u043e\u0434\u043e-\u0418\u043d\u0444\u043b\u0430\u0442\u0430\u0431\u043b\u0435\u0441.\u0446\u043e\u043c | \u0421\u0435\u0440\u0442\u0438\u0444\u0438\u043a\u043e\u0432\u0430\u043d\u043e \u043f\u0440\u0435\u043c\u0430 \u0415\u041d14960 | \u0411\u0440\u0437\u0430 \u0434\u043e\u0441\u0442\u0430\u0432\u0430!","breadcrumb":{"@id":"https:\/\/dodo-inflatables.com\/sr\/\u043f\u0440\u043e\u0438\u0437\u0432\u043e\u0434\/%d0%b1%d0%be%d1%83%d0%bd%d1%86%d0%b8-%d1%86%d0%b0%d1%81%d1%82%d0%bb%d0%b5-%d1%82%d1%80%d0%b0%d0%bd%d1%81%d0%bf%d0%be%d1%80%d1%82%d0%bd%d0%b0-%d1%82%d0%be%d1%80%d0%b1%d0%b0-%d0%ba%d1%81%d1%81\/#breadcrumb"},"inLanguage":"sr-RS","potentialAction":[{"@type":"ReadAction","target":["https:\/\/dodo-inflatables.com\/sr\/\u043f\u0440\u043e\u0438\u0437\u0432\u043e\u0434\/%d0%b1%d0%be%d1%83%d0%bd%d1%86%d0%b8-%d1%86%d0%b0%d1%81%d1%82%d0%bb%d0%b5-%d1%82%d1%80%d0%b0%d0%bd%d1%81%d0%bf%d0%be%d1%80%d1%82%d0%bd%d0%b0-%d1%82%d0%be%d1%80%d0%b1%d0%b0-%d0%ba%d1%81%d1%81\/"]}]},{"@type":"ImageObject","inLanguage":"sr-RS","@id":"https:\/\/dodo-inflatables.com\/sr\/\u043f\u0440\u043e\u0438\u0437\u0432\u043e\u0434\/%d0%b1%d0%be%d1%83%d0%bd%d1%86%d0%b8-%d1%86%d0%b0%d1%81%d1%82%d0%bb%d0%b5-%d1%82%d1%80%d0%b0%d0%bd%d1%81%d0%bf%d0%be%d1%80%d1%82%d0%bd%d0%b0-%d1%82%d0%be%d1%80%d0%b1%d0%b0-%d0%ba%d1%81%d1%81\/#primaryimage","url":"https:\/\/dodo-inflatables.com\/wp-content\/uploads\/2024\/07\/XS-Bouncy-castle-Transport-bag.jpg","contentUrl":"https:\/\/dodo-inflatables.com\/wp-content\/uploads\/2024\/07\/XS-Bouncy-castle-Transport-bag.jpg","width":1000,"height":1000,"caption":"Transportne torbe za dvorce na naduvavanje XS | Dodo Inflatables"},{"@type":"BreadcrumbList","@id":"https:\/\/dodo-inflatables.com\/sr\/\u043f\u0440\u043e\u0438\u0437\u0432\u043e\u0434\/%d0%b1%d0%be%d1%83%d0%bd%d1%86%d0%b8-%d1%86%d0%b0%d1%81%d1%82%d0%bb%d0%b5-%d1%82%d1%80%d0%b0%d0%bd%d1%81%d0%bf%d0%be%d1%80%d1%82%d0%bd%d0%b0-%d1%82%d0%be%d1%80%d0%b1%d0%b0-%d0%ba%d1%81%d1%81\/#breadcrumb","itemListElement":[{"@type":"ListItem","position":1,"name":"\u041f\u043e\u0447\u0435\u0442\u043d\u0430","item":"https:\/\/dodo-inflatables.com\/sr\/"},{"@type":"ListItem","position":2,"name":"\u0421\u0445\u043e\u043f","item":"https:\/\/dodo-inflatables.com\/sr\/%d1%81%d1%85%d0%be%d0%bf\/"},{"@type":"ListItem","position":3,"name":"\u0411\u043e\u0443\u043d\u0446\u0438 \u0446\u0430\u0441\u0442\u043b\u0435 \u0442\u0440\u0430\u043d\u0441\u043f\u043e\u0440\u0442\u043d\u0430 \u0442\u043e\u0440\u0431\u0430 \u041a\u0421\u0421"}]},{"@type":"WebSite","@id":"https:\/\/dodo-inflatables.com\/sr\/#website","url":"https:\/\/dodo-inflatables.com\/sr\/","name":"dodo-inflatables.com","description":"\u041a\u0443\u043f\u0438\u0442\u0435 \u043d\u0430\u0441\u043a\u043e\u0447\u043d\u0435 \u0434\u0432\u043e\u0440\u0446\u0435 \u0438 \u0430\u0442\u0440\u0430\u043a\u0446\u0438\u0458\u0435 \u0443 \u043d\u0430\u0448\u043e\u0458 \u043f\u0440\u043e\u0434\u0430\u0432\u043d\u0438\u0446\u0438.","potentialAction":[{"@type":"SearchAction","target":{"@type":"EntryPoint","urlTemplate":"https:\/\/dodo-inflatables.com\/sr\/?s={search_term_string}"},"query-input":{"@type":"PropertyValueSpecification","valueRequired":true,"valueName":"search_term_string"}}],"inLanguage":"sr-RS"}]}},"uagb_featured_image_src":{"full":["https:\/\/dodo-inflatables.com\/wp-content\/uploads\/2024\/07\/XS-Bouncy-castle-Transport-bag.jpg",1000,1000,false],"thumbnail":["https:\/\/dodo-inflatables.com\/wp-content\/uploads\/2024\/07\/XS-Bouncy-castle-Transport-bag-150x150.jpg",150,150,true],"medium":["https:\/\/dodo-inflatables.com\/wp-content\/uploads\/2024\/07\/XS-Bouncy-castle-Transport-bag-300x300.jpg",300,300,true],"medium_large":["https:\/\/dodo-inflatables.com\/wp-content\/uploads\/2024\/07\/XS-Bouncy-castle-Transport-bag-768x768.jpg",768,768,true],"large":["https:\/\/dodo-inflatables.com\/wp-content\/uploads\/2024\/07\/XS-Bouncy-castle-Transport-bag.jpg",1000,1000,false],"1536x1536":["https:\/\/dodo-inflatables.com\/wp-content\/uploads\/2024\/07\/XS-Bouncy-castle-Transport-bag.jpg",1000,1000,false],"2048x2048":["https:\/\/dodo-inflatables.com\/wp-content\/uploads\/2024\/07\/XS-Bouncy-castle-Transport-bag.jpg",1000,1000,false],"woocommerce_thumbnail":["https:\/\/dodo-inflatables.com\/wp-content\/uploads\/2024\/07\/XS-Bouncy-castle-Transport-bag-900x900.jpg",900,900,true],"woocommerce_single":["https:\/\/dodo-inflatables.com\/wp-content\/uploads\/2024\/07\/XS-Bouncy-castle-Transport-bag-900x900.jpg",900,900,true],"woocommerce_gallery_thumbnail":["https:\/\/dodo-inflatables.com\/wp-content\/uploads\/2024\/07\/XS-Bouncy-castle-Transport-bag-100x100.jpg",100,100,true]},"uagb_author_info":{"display_name":"Andreas","author_link":"https:\/\/dodo-inflatables.com\/sr\/author\/"},"uagb_comment_info":0,"uagb_excerpt":"Transportna torba veli\u010dine XS (pre\u010dnik 80 cm, visina 100 cm) Materijal: PVC (0,55 mm \/ 621,3 g\/m\u00b2) Me\u0161ovite boje","_links":{"self":[{"href":"https:\/\/dodo-inflatables.com\/sr\/wp-json\/wp\/v2\/product\/20687","targetHints":{"allow":["GET"]}}],"collection":[{"href":"https:\/\/dodo-inflatables.com\/sr\/wp-json\/wp\/v2\/product"}],"about":[{"href":"https:\/\/dodo-inflatables.com\/sr\/wp-json\/wp\/v2\/types\/product"}],"replies":[{"embeddable":true,"href":"https:\/\/dodo-inflatables.com\/sr\/wp-json\/wp\/v2\/comments?post=20687"}],"wp:featuredmedia":[{"embeddable":true,"href":"https:\/\/dodo-inflatables.com\/sr\/wp-json\/wp\/v2\/media\/55178"}],"wp:attachment":[{"href":"https:\/\/dodo-inflatables.com\/sr\/wp-json\/wp\/v2\/media?parent=20687"}],"wp:term":[{"taxonomy":"product_brand","embeddable":true,"href":"https:\/\/dodo-inflatables.com\/sr\/wp-json\/wp\/v2\/product_brand?post=20687"},{"taxonomy":"product_cat","embeddable":true,"href":"https:\/\/dodo-inflatables.com\/sr\/wp-json\/wp\/v2\/product_cat?post=20687"},{"taxonomy":"product_tag","embeddable":true,"href":"https:\/\/dodo-inflatables.com\/sr\/wp-json\/wp\/v2\/product_tag?post=20687"}],"curies":[{"name":"wp","href":"https:\/\/api.w.org\/{rel}","templated":true}]}}