{"id":20792,"date":"2024-06-10T15:48:06","date_gmt":"2024-06-10T13:48:06","guid":{"rendered":"https:\/\/dodo-inflatables.com\/product\/%d0%bf%d1%80%d0%b8%d0%b3%d1%83%d1%88%d0%b8%d0%b2%d0%b0%d1%87-%d0%b7%d0%b0-%d0%b4%d1%83%d0%b2%d0%b0%d1%99%d0%ba%d1%83-%d0%bd%d0%b0-%d0%bd%d0%b0%d0%b4%d1%83%d0%b2%d0%b0%d0%b2%d0%b0%d1%9a%d0%b5\/"},"modified":"2026-04-23T20:29:40","modified_gmt":"2026-04-23T18:29:40","slug":"%d0%bf%d1%80%d0%b8%d0%b3%d1%83%d1%88%d0%b8%d0%b2%d0%b0%d1%87-%d0%b7%d0%b0-%d0%b4%d1%83%d0%b2%d0%b0%d1%99%d0%ba%d1%83-%d0%bd%d0%b0-%d0%bd%d0%b0%d0%b4%d1%83%d0%b2%d0%b0%d0%b2%d0%b0%d1%9a%d0%b5","status":"publish","type":"product","link":"https:\/\/dodo-inflatables.com\/sr\/\u043f\u0440\u043e\u0438\u0437\u0432\u043e\u0434\/%d0%bf%d1%80%d0%b8%d0%b3%d1%83%d1%88%d0%b8%d0%b2%d0%b0%d1%87-%d0%b7%d0%b0-%d0%b4%d1%83%d0%b2%d0%b0%d1%99%d0%ba%d1%83-%d0%bd%d0%b0-%d0%bd%d0%b0%d0%b4%d1%83%d0%b2%d0%b0%d0%b2%d0%b0%d1%9a%d0%b5\/","title":{"rendered":"Prigu\u0161iva\u010d za duva\u010de dvoraca na naduvavanje"},"content":{"rendered":"<h2>Kupite prigu\u0161iva\u010d za duva\u010de dvoraca na naduvavanje<\/h2>\n<p>Prigu\u0161iva\u010d za duva\u010de dvoraca na naduvavanje idealno je re\u0161enje za zna\u010dajno smanjenje buke duva\u010da bez uticaja na performanse.<br \/>\nRazvijen i proizveden u Nema\u010dkoj, ovaj dodatak posebno je dizajniran za iznajmljiva\u010dke firme, organizatore doga\u0111aja i privatne korisnike kojima je stalo do ti\u0161eg rada.<br \/>\n<strong>Primetno smanjen nivo buke:<\/strong><br \/>\nPrigu\u0161iva\u010d smanjuje nivo buke duva\u010da za oko 5 dB. Iako to mo\u017ee zvu\u010dati neznatno na papiru, razlika je jasno primetna u praksi \u2013 posebno tokom du\u017eih perioda upotrebe ili u okru\u017eenjima osetljivim na buku kao \u0161to su stambena podru\u010dja, ba\u0161te ili zatvoreni prostori.<br \/>\n<strong>Savr\u0161eno pristajanje za uobi\u010dajene duva\u010de:<\/strong><br \/>\nPrigu\u0161iva\u010d je posebno dizajniran za duva\u010de dvoraca na naduvavanje i savr\u0161eno je kompatibilan sa Huawei i Gibbons duva\u010dima.<br \/>\n<strong>Brza i jednostavna instalacija:<\/strong><br \/>\nInstalacija je veoma jednostavna: prigu\u0161iva\u010d se jednostavno prisloni uz duva\u010d i u\u010dvrsti usisavanjem. Tako\u0111e se mo\u017ee \u010dvrsto pri\u010dvrstiti za duva\u010d pomo\u0107u prilo\u017eene gumene trake.<br \/>\n<strong>Bez gubitka performansi:<\/strong><br \/>\nUprkos smanjenju buke, odr\u017eava se puni protok vazduha. Prigu\u0161iva\u010d ne uti\u010de na protok vazduha duva\u010da ili radni pritisak te je stoga prikladan i za kontinuiranu upotrebu u iznajmljiva\u010dkim operacijama.<br \/>\n<strong>Za poslovnu i privatnu upotrebu:<\/strong><br \/>\nBilo u profesionalnoj event upotrebi ili u vlastitoj ba\u0161ti, prigu\u0161iva\u010d stvara ti\u0161u okolinu i pobolj\u0161ava prihva\u0107anje me\u0111u gostima, kupcima i kom\u0161ijama.<br \/>\nNapomena: Duva\u010d nije uklju\u010den u isporuku.<\/p>\n","protected":false},"excerpt":{"rendered":"<ul>\n<li>Smanjuje buku duva\u010da za oko 5 dB<\/li>\n<li>Kompatibilan sa Huawei i Gibbons duva\u010dima<\/li>\n<li>Brza instalacija \u2013 u\u010dvr\u0161\u0107uje se usisavanjem i gumenom trakom<\/li>\n<li>Bez gubitka protoka vazduha ili performansi<\/li>\n<li>Pogodan za iznajmljiva\u010dke firme i privatnu upotrebu<\/li>\n<\/ul>\n","protected":false},"featured_media":55254,"comment_status":"open","ping_status":"closed","template":"","meta":{"_acf_changed":false,"_uag_custom_page_level_css":"","site-sidebar-layout":"default","site-content-layout":"boxed-container","ast-site-content-layout":"normal-width-container","site-content-style":"boxed","site-sidebar-style":"boxed","ast-global-header-display":"","ast-banner-title-visibility":"","ast-main-header-display":"","ast-hfb-above-header-display":"","ast-hfb-below-header-display":"","ast-hfb-mobile-header-display":"","site-post-title":"disabled","ast-breadcrumbs-content":"","ast-featured-img":"","footer-sml-layout":"","ast-disable-related-posts":"","theme-transparent-header-meta":"default","adv-header-id-meta":"","stick-header-meta":"default","header-above-stick-meta":"","header-main-stick-meta":"","header-below-stick-meta":"","astra-migrate-meta-layouts":"default","ast-page-background-enabled":"default","ast-page-background-meta":{"desktop":{"background-color":"var(--ast-global-color-4)","background-image":"","background-repeat":"repeat","background-position":"center center","background-size":"auto","background-attachment":"scroll","background-type":"","background-media":"","overlay-type":"","overlay-color":"","overlay-opacity":"","overlay-gradient":""},"tablet":{"background-color":"","background-image":"","background-repeat":"repeat","background-position":"center center","background-size":"auto","background-attachment":"scroll","background-type":"","background-media":"","overlay-type":"","overlay-color":"","overlay-opacity":"","overlay-gradient":""},"mobile":{"background-color":"","background-image":"","background-repeat":"repeat","background-position":"center center","background-size":"auto","background-attachment":"scroll","background-type":"","background-media":"","overlay-type":"","overlay-color":"","overlay-opacity":"","overlay-gradient":""}},"ast-content-background-meta":{"desktop":{"background-color":"var(--ast-global-color-5)","background-image":"","background-repeat":"repeat","background-position":"center center","background-size":"auto","background-attachment":"scroll","background-type":"","background-media":"","overlay-type":"","overlay-color":"","overlay-opacity":"","overlay-gradient":""},"tablet":{"background-color":"var(--ast-global-color-5)","background-image":"","background-repeat":"repeat","background-position":"center center","background-size":"auto","background-attachment":"scroll","background-type":"","background-media":"","overlay-type":"","overlay-color":"","overlay-opacity":"","overlay-gradient":""},"mobile":{"background-color":"var(--ast-global-color-5)","background-image":"","background-repeat":"repeat","background-position":"center center","background-size":"auto","background-attachment":"scroll","background-type":"","background-media":"","overlay-type":"","overlay-color":"","overlay-opacity":"","overlay-gradient":""}}},"product_brand":[],"product_cat":[2062],"product_tag":[],"class_list":{"0":"post-20792","1":"product","2":"type-product","3":"status-publish","4":"has-post-thumbnail","6":"product_cat-2062","7":"product_shipping_class-2063","8":"desktop-align-center","9":"tablet-align-center","10":"mobile-align-center","11":"ast-product-gallery-layout-horizontal","12":"ast-product-tabs-layout-horizontal","14":"first","15":"instock","16":"taxable","17":"shipping-taxable","18":"purchasable","19":"product-type-simple"},"acf":[],"yoast_head":"<!-- This site is optimized with the Yoast SEO plugin v27.5 - https:\/\/yoast.com\/product\/yoast-seo-wordpress\/ -->\n<title>\u041a\u0443\u043f\u0438\u0442\u0435 \u0437\u0430\u0448\u0442\u0438\u0442\u0443 \u043e\u0434 \u0431\u0443\u043a\u0435 \u0437\u0430 \u0411\u043e\u0443\u043d\u0446\u0438 \u0426\u0430\u0441\u0442\u043b\u0435\u0441 | \u0414\u043e\u0434\u043e-\u0418\u043d\u0444\u043b\u0430\u0442\u0430\u0431\u043b\u0435\u0441.\u0446\u043e\u043c<\/title>\n<meta name=\"description\" content=\"\u041a\u0443\u043f\u0438\u0442\u0435 \u0437\u0430\u0448\u0442\u0438\u0442\u0443 \u043e\u0434 \u0431\u0443\u043a\u0435 \u0437\u0430 \u0434\u0443\u0432\u0430\u0459\u043a\u0435 \u0437\u0430 \u043e\u0434\u0441\u043a\u043e\u0447\u043d\u0435 \u0437\u0430\u043c\u043a\u043e\u0432\u0435 \u043d\u0430 \u0414\u043e\u0434\u043e-\u0418\u043d\u0444\u043b\u0430\u0442\u0430\u0431\u043b\u0435\u0441.\u0446\u043e\u043c | \u0421\u0435\u0440\u0442\u0438\u0444\u0438\u043a\u043e\u0432\u0430\u043d\u043e \u043f\u0440\u0435\u043c\u0430 \u0415\u041d14960 | \u0411\u0440\u0437\u0430 \u0434\u043e\u0441\u0442\u0430\u0432\u0430!\" \/>\n<meta name=\"robots\" content=\"index, follow, max-snippet:-1, max-image-preview:large, max-video-preview:-1\" \/>\n<link rel=\"canonical\" href=\"https:\/\/dodo-inflatables.com\/sr\/\u043f\u0440\u043e\u0438\u0437\u0432\u043e\u0434\/%d0%bf%d1%80%d0%b8%d0%b3%d1%83%d1%88%d0%b8%d0%b2%d0%b0%d1%87-%d0%b7%d0%b0-%d0%b4%d1%83%d0%b2%d0%b0%d1%99%d0%ba%d1%83-%d0%bd%d0%b0-%d0%bd%d0%b0%d0%b4%d1%83%d0%b2%d0%b0%d0%b2%d0%b0%d1%9a%d0%b5\/\" \/>\n<meta name=\"twitter:label1\" content=\"\u041f\u0440\u043e\u0446\u0435\u045a\u0435\u043d\u043e \u0432\u0440\u0435\u043c\u0435 \u0447\u0438\u0442\u0430\u045a\u0430\" \/>\n\t<meta name=\"twitter:data1\" content=\"1 \u043c\u0438\u043d\u0443\u0442\" \/>\n<script type=\"application\/ld+json\" class=\"yoast-schema-graph\">{\"@context\":\"https:\\\/\\\/schema.org\",\"@graph\":[{\"@type\":\"WebPage\",\"@id\":\"https:\\\/\\\/dodo-inflatables.com\\\/sr\\\/\u043f\u0440\u043e\u0438\u0437\u0432\u043e\u0434\\\/%d0%bf%d1%80%d0%b8%d0%b3%d1%83%d1%88%d0%b8%d0%b2%d0%b0%d1%87-%d0%b7%d0%b0-%d0%b4%d1%83%d0%b2%d0%b0%d1%99%d0%ba%d1%83-%d0%bd%d0%b0-%d0%bd%d0%b0%d0%b4%d1%83%d0%b2%d0%b0%d0%b2%d0%b0%d1%9a%d0%b5\\\/\",\"url\":\"https:\\\/\\\/dodo-inflatables.com\\\/sr\\\/\u043f\u0440\u043e\u0438\u0437\u0432\u043e\u0434\\\/%d0%bf%d1%80%d0%b8%d0%b3%d1%83%d1%88%d0%b8%d0%b2%d0%b0%d1%87-%d0%b7%d0%b0-%d0%b4%d1%83%d0%b2%d0%b0%d1%99%d0%ba%d1%83-%d0%bd%d0%b0-%d0%bd%d0%b0%d0%b4%d1%83%d0%b2%d0%b0%d0%b2%d0%b0%d1%9a%d0%b5\\\/\",\"name\":\"\u041a\u0443\u043f\u0438\u0442\u0435 \u0437\u0430\u0448\u0442\u0438\u0442\u0443 \u043e\u0434 \u0431\u0443\u043a\u0435 \u0437\u0430 \u0411\u043e\u0443\u043d\u0446\u0438 \u0426\u0430\u0441\u0442\u043b\u0435\u0441 | \u0414\u043e\u0434\u043e-\u0418\u043d\u0444\u043b\u0430\u0442\u0430\u0431\u043b\u0435\u0441.\u0446\u043e\u043c\",\"isPartOf\":{\"@id\":\"https:\\\/\\\/dodo-inflatables.com\\\/sr\\\/#website\"},\"primaryImageOfPage\":{\"@id\":\"https:\\\/\\\/dodo-inflatables.com\\\/sr\\\/\u043f\u0440\u043e\u0438\u0437\u0432\u043e\u0434\\\/%d0%bf%d1%80%d0%b8%d0%b3%d1%83%d1%88%d0%b8%d0%b2%d0%b0%d1%87-%d0%b7%d0%b0-%d0%b4%d1%83%d0%b2%d0%b0%d1%99%d0%ba%d1%83-%d0%bd%d0%b0-%d0%bd%d0%b0%d0%b4%d1%83%d0%b2%d0%b0%d0%b2%d0%b0%d1%9a%d0%b5\\\/#primaryimage\"},\"image\":{\"@id\":\"https:\\\/\\\/dodo-inflatables.com\\\/sr\\\/\u043f\u0440\u043e\u0438\u0437\u0432\u043e\u0434\\\/%d0%bf%d1%80%d0%b8%d0%b3%d1%83%d1%88%d0%b8%d0%b2%d0%b0%d1%87-%d0%b7%d0%b0-%d0%b4%d1%83%d0%b2%d0%b0%d1%99%d0%ba%d1%83-%d0%bd%d0%b0-%d0%bd%d0%b0%d0%b4%d1%83%d0%b2%d0%b0%d0%b2%d0%b0%d1%9a%d0%b5\\\/#primaryimage\"},\"thumbnailUrl\":\"https:\\\/\\\/dodo-inflatables.com\\\/wp-content\\\/uploads\\\/2024\\\/06\\\/buy-bouncy-castle-blower-noise-protection-silencer-4-Kopie.jpg\",\"datePublished\":\"2024-06-10T13:48:06+00:00\",\"dateModified\":\"2026-04-23T18:29:40+00:00\",\"description\":\"\u041a\u0443\u043f\u0438\u0442\u0435 \u0437\u0430\u0448\u0442\u0438\u0442\u0443 \u043e\u0434 \u0431\u0443\u043a\u0435 \u0437\u0430 \u0434\u0443\u0432\u0430\u0459\u043a\u0435 \u0437\u0430 \u043e\u0434\u0441\u043a\u043e\u0447\u043d\u0435 \u0437\u0430\u043c\u043a\u043e\u0432\u0435 \u043d\u0430 \u0414\u043e\u0434\u043e-\u0418\u043d\u0444\u043b\u0430\u0442\u0430\u0431\u043b\u0435\u0441.\u0446\u043e\u043c | \u0421\u0435\u0440\u0442\u0438\u0444\u0438\u043a\u043e\u0432\u0430\u043d\u043e \u043f\u0440\u0435\u043c\u0430 \u0415\u041d14960 | \u0411\u0440\u0437\u0430 \u0434\u043e\u0441\u0442\u0430\u0432\u0430!\",\"breadcrumb\":{\"@id\":\"https:\\\/\\\/dodo-inflatables.com\\\/sr\\\/\u043f\u0440\u043e\u0438\u0437\u0432\u043e\u0434\\\/%d0%bf%d1%80%d0%b8%d0%b3%d1%83%d1%88%d0%b8%d0%b2%d0%b0%d1%87-%d0%b7%d0%b0-%d0%b4%d1%83%d0%b2%d0%b0%d1%99%d0%ba%d1%83-%d0%bd%d0%b0-%d0%bd%d0%b0%d0%b4%d1%83%d0%b2%d0%b0%d0%b2%d0%b0%d1%9a%d0%b5\\\/#breadcrumb\"},\"inLanguage\":\"sr-RS\",\"potentialAction\":[{\"@type\":\"ReadAction\",\"target\":[\"https:\\\/\\\/dodo-inflatables.com\\\/sr\\\/\u043f\u0440\u043e\u0438\u0437\u0432\u043e\u0434\\\/%d0%bf%d1%80%d0%b8%d0%b3%d1%83%d1%88%d0%b8%d0%b2%d0%b0%d1%87-%d0%b7%d0%b0-%d0%b4%d1%83%d0%b2%d0%b0%d1%99%d0%ba%d1%83-%d0%bd%d0%b0-%d0%bd%d0%b0%d0%b4%d1%83%d0%b2%d0%b0%d0%b2%d0%b0%d1%9a%d0%b5\\\/\"]}]},{\"@type\":\"ImageObject\",\"inLanguage\":\"sr-RS\",\"@id\":\"https:\\\/\\\/dodo-inflatables.com\\\/sr\\\/\u043f\u0440\u043e\u0438\u0437\u0432\u043e\u0434\\\/%d0%bf%d1%80%d0%b8%d0%b3%d1%83%d1%88%d0%b8%d0%b2%d0%b0%d1%87-%d0%b7%d0%b0-%d0%b4%d1%83%d0%b2%d0%b0%d1%99%d0%ba%d1%83-%d0%bd%d0%b0-%d0%bd%d0%b0%d0%b4%d1%83%d0%b2%d0%b0%d0%b2%d0%b0%d1%9a%d0%b5\\\/#primaryimage\",\"url\":\"https:\\\/\\\/dodo-inflatables.com\\\/wp-content\\\/uploads\\\/2024\\\/06\\\/buy-bouncy-castle-blower-noise-protection-silencer-4-Kopie.jpg\",\"contentUrl\":\"https:\\\/\\\/dodo-inflatables.com\\\/wp-content\\\/uploads\\\/2024\\\/06\\\/buy-bouncy-castle-blower-noise-protection-silencer-4-Kopie.jpg\",\"width\":1000,\"height\":1000,\"caption\":\"Prigu\u0161iva\u010d za duva\u010de dvoraca na naduvavanje | Dodo Inflatables\"},{\"@type\":\"BreadcrumbList\",\"@id\":\"https:\\\/\\\/dodo-inflatables.com\\\/sr\\\/\u043f\u0440\u043e\u0438\u0437\u0432\u043e\u0434\\\/%d0%bf%d1%80%d0%b8%d0%b3%d1%83%d1%88%d0%b8%d0%b2%d0%b0%d1%87-%d0%b7%d0%b0-%d0%b4%d1%83%d0%b2%d0%b0%d1%99%d0%ba%d1%83-%d0%bd%d0%b0-%d0%bd%d0%b0%d0%b4%d1%83%d0%b2%d0%b0%d0%b2%d0%b0%d1%9a%d0%b5\\\/#breadcrumb\",\"itemListElement\":[{\"@type\":\"ListItem\",\"position\":1,\"name\":\"\u041f\u043e\u0447\u0435\u0442\u043d\u0430\",\"item\":\"https:\\\/\\\/dodo-inflatables.com\\\/sr\\\/\"},{\"@type\":\"ListItem\",\"position\":2,\"name\":\"\u0421\u0445\u043e\u043f\",\"item\":\"https:\\\/\\\/dodo-inflatables.com\\\/sr\\\/%d1%81%d1%85%d0%be%d0%bf\\\/\"},{\"@type\":\"ListItem\",\"position\":3,\"name\":\"\u041f\u0440\u0438\u0433\u0443\u0448\u0438\u0432\u0430\u0447 \u0437\u0430 \u0434\u0443\u0432\u0430\u0459\u043a\u0443 \u043d\u0430 \u043d\u0430\u0434\u0443\u0432\u0430\u0432\u0430\u045a\u0435\"}]},{\"@type\":\"WebSite\",\"@id\":\"https:\\\/\\\/dodo-inflatables.com\\\/sr\\\/#website\",\"url\":\"https:\\\/\\\/dodo-inflatables.com\\\/sr\\\/\",\"name\":\"dodo-inflatables.com\",\"description\":\"\u041a\u0443\u043f\u0438\u0442\u0435 \u043d\u0430\u0441\u043a\u043e\u0447\u043d\u0435 \u0434\u0432\u043e\u0440\u0446\u0435 \u0438 \u0430\u0442\u0440\u0430\u043a\u0446\u0438\u0458\u0435 \u0443 \u043d\u0430\u0448\u043e\u0458 \u043f\u0440\u043e\u0434\u0430\u0432\u043d\u0438\u0446\u0438.\",\"potentialAction\":[{\"@type\":\"SearchAction\",\"target\":{\"@type\":\"EntryPoint\",\"urlTemplate\":\"https:\\\/\\\/dodo-inflatables.com\\\/sr\\\/?s={search_term_string}\"},\"query-input\":{\"@type\":\"PropertyValueSpecification\",\"valueRequired\":true,\"valueName\":\"search_term_string\"}}],\"inLanguage\":\"sr-RS\"}]}<\/script>\n<!-- \/ Yoast SEO plugin. -->","yoast_head_json":{"title":"\u041a\u0443\u043f\u0438\u0442\u0435 \u0437\u0430\u0448\u0442\u0438\u0442\u0443 \u043e\u0434 \u0431\u0443\u043a\u0435 \u0437\u0430 \u0411\u043e\u0443\u043d\u0446\u0438 \u0426\u0430\u0441\u0442\u043b\u0435\u0441 | \u0414\u043e\u0434\u043e-\u0418\u043d\u0444\u043b\u0430\u0442\u0430\u0431\u043b\u0435\u0441.\u0446\u043e\u043c","description":"\u041a\u0443\u043f\u0438\u0442\u0435 \u0437\u0430\u0448\u0442\u0438\u0442\u0443 \u043e\u0434 \u0431\u0443\u043a\u0435 \u0437\u0430 \u0434\u0443\u0432\u0430\u0459\u043a\u0435 \u0437\u0430 \u043e\u0434\u0441\u043a\u043e\u0447\u043d\u0435 \u0437\u0430\u043c\u043a\u043e\u0432\u0435 \u043d\u0430 \u0414\u043e\u0434\u043e-\u0418\u043d\u0444\u043b\u0430\u0442\u0430\u0431\u043b\u0435\u0441.\u0446\u043e\u043c | \u0421\u0435\u0440\u0442\u0438\u0444\u0438\u043a\u043e\u0432\u0430\u043d\u043e \u043f\u0440\u0435\u043c\u0430 \u0415\u041d14960 | \u0411\u0440\u0437\u0430 \u0434\u043e\u0441\u0442\u0430\u0432\u0430!","robots":{"index":"index","follow":"follow","max-snippet":"max-snippet:-1","max-image-preview":"max-image-preview:large","max-video-preview":"max-video-preview:-1"},"canonical":"https:\/\/dodo-inflatables.com\/sr\/\u043f\u0440\u043e\u0438\u0437\u0432\u043e\u0434\/%d0%bf%d1%80%d0%b8%d0%b3%d1%83%d1%88%d0%b8%d0%b2%d0%b0%d1%87-%d0%b7%d0%b0-%d0%b4%d1%83%d0%b2%d0%b0%d1%99%d0%ba%d1%83-%d0%bd%d0%b0-%d0%bd%d0%b0%d0%b4%d1%83%d0%b2%d0%b0%d0%b2%d0%b0%d1%9a%d0%b5\/","twitter_misc":{"\u041f\u0440\u043e\u0446\u0435\u045a\u0435\u043d\u043e \u0432\u0440\u0435\u043c\u0435 \u0447\u0438\u0442\u0430\u045a\u0430":"1 \u043c\u0438\u043d\u0443\u0442"},"schema":{"@context":"https:\/\/schema.org","@graph":[{"@type":"WebPage","@id":"https:\/\/dodo-inflatables.com\/sr\/\u043f\u0440\u043e\u0438\u0437\u0432\u043e\u0434\/%d0%bf%d1%80%d0%b8%d0%b3%d1%83%d1%88%d0%b8%d0%b2%d0%b0%d1%87-%d0%b7%d0%b0-%d0%b4%d1%83%d0%b2%d0%b0%d1%99%d0%ba%d1%83-%d0%bd%d0%b0-%d0%bd%d0%b0%d0%b4%d1%83%d0%b2%d0%b0%d0%b2%d0%b0%d1%9a%d0%b5\/","url":"https:\/\/dodo-inflatables.com\/sr\/\u043f\u0440\u043e\u0438\u0437\u0432\u043e\u0434\/%d0%bf%d1%80%d0%b8%d0%b3%d1%83%d1%88%d0%b8%d0%b2%d0%b0%d1%87-%d0%b7%d0%b0-%d0%b4%d1%83%d0%b2%d0%b0%d1%99%d0%ba%d1%83-%d0%bd%d0%b0-%d0%bd%d0%b0%d0%b4%d1%83%d0%b2%d0%b0%d0%b2%d0%b0%d1%9a%d0%b5\/","name":"\u041a\u0443\u043f\u0438\u0442\u0435 \u0437\u0430\u0448\u0442\u0438\u0442\u0443 \u043e\u0434 \u0431\u0443\u043a\u0435 \u0437\u0430 \u0411\u043e\u0443\u043d\u0446\u0438 \u0426\u0430\u0441\u0442\u043b\u0435\u0441 | \u0414\u043e\u0434\u043e-\u0418\u043d\u0444\u043b\u0430\u0442\u0430\u0431\u043b\u0435\u0441.\u0446\u043e\u043c","isPartOf":{"@id":"https:\/\/dodo-inflatables.com\/sr\/#website"},"primaryImageOfPage":{"@id":"https:\/\/dodo-inflatables.com\/sr\/\u043f\u0440\u043e\u0438\u0437\u0432\u043e\u0434\/%d0%bf%d1%80%d0%b8%d0%b3%d1%83%d1%88%d0%b8%d0%b2%d0%b0%d1%87-%d0%b7%d0%b0-%d0%b4%d1%83%d0%b2%d0%b0%d1%99%d0%ba%d1%83-%d0%bd%d0%b0-%d0%bd%d0%b0%d0%b4%d1%83%d0%b2%d0%b0%d0%b2%d0%b0%d1%9a%d0%b5\/#primaryimage"},"image":{"@id":"https:\/\/dodo-inflatables.com\/sr\/\u043f\u0440\u043e\u0438\u0437\u0432\u043e\u0434\/%d0%bf%d1%80%d0%b8%d0%b3%d1%83%d1%88%d0%b8%d0%b2%d0%b0%d1%87-%d0%b7%d0%b0-%d0%b4%d1%83%d0%b2%d0%b0%d1%99%d0%ba%d1%83-%d0%bd%d0%b0-%d0%bd%d0%b0%d0%b4%d1%83%d0%b2%d0%b0%d0%b2%d0%b0%d1%9a%d0%b5\/#primaryimage"},"thumbnailUrl":"https:\/\/dodo-inflatables.com\/wp-content\/uploads\/2024\/06\/buy-bouncy-castle-blower-noise-protection-silencer-4-Kopie.jpg","datePublished":"2024-06-10T13:48:06+00:00","dateModified":"2026-04-23T18:29:40+00:00","description":"\u041a\u0443\u043f\u0438\u0442\u0435 \u0437\u0430\u0448\u0442\u0438\u0442\u0443 \u043e\u0434 \u0431\u0443\u043a\u0435 \u0437\u0430 \u0434\u0443\u0432\u0430\u0459\u043a\u0435 \u0437\u0430 \u043e\u0434\u0441\u043a\u043e\u0447\u043d\u0435 \u0437\u0430\u043c\u043a\u043e\u0432\u0435 \u043d\u0430 \u0414\u043e\u0434\u043e-\u0418\u043d\u0444\u043b\u0430\u0442\u0430\u0431\u043b\u0435\u0441.\u0446\u043e\u043c | \u0421\u0435\u0440\u0442\u0438\u0444\u0438\u043a\u043e\u0432\u0430\u043d\u043e \u043f\u0440\u0435\u043c\u0430 \u0415\u041d14960 | \u0411\u0440\u0437\u0430 \u0434\u043e\u0441\u0442\u0430\u0432\u0430!","breadcrumb":{"@id":"https:\/\/dodo-inflatables.com\/sr\/\u043f\u0440\u043e\u0438\u0437\u0432\u043e\u0434\/%d0%bf%d1%80%d0%b8%d0%b3%d1%83%d1%88%d0%b8%d0%b2%d0%b0%d1%87-%d0%b7%d0%b0-%d0%b4%d1%83%d0%b2%d0%b0%d1%99%d0%ba%d1%83-%d0%bd%d0%b0-%d0%bd%d0%b0%d0%b4%d1%83%d0%b2%d0%b0%d0%b2%d0%b0%d1%9a%d0%b5\/#breadcrumb"},"inLanguage":"sr-RS","potentialAction":[{"@type":"ReadAction","target":["https:\/\/dodo-inflatables.com\/sr\/\u043f\u0440\u043e\u0438\u0437\u0432\u043e\u0434\/%d0%bf%d1%80%d0%b8%d0%b3%d1%83%d1%88%d0%b8%d0%b2%d0%b0%d1%87-%d0%b7%d0%b0-%d0%b4%d1%83%d0%b2%d0%b0%d1%99%d0%ba%d1%83-%d0%bd%d0%b0-%d0%bd%d0%b0%d0%b4%d1%83%d0%b2%d0%b0%d0%b2%d0%b0%d1%9a%d0%b5\/"]}]},{"@type":"ImageObject","inLanguage":"sr-RS","@id":"https:\/\/dodo-inflatables.com\/sr\/\u043f\u0440\u043e\u0438\u0437\u0432\u043e\u0434\/%d0%bf%d1%80%d0%b8%d0%b3%d1%83%d1%88%d0%b8%d0%b2%d0%b0%d1%87-%d0%b7%d0%b0-%d0%b4%d1%83%d0%b2%d0%b0%d1%99%d0%ba%d1%83-%d0%bd%d0%b0-%d0%bd%d0%b0%d0%b4%d1%83%d0%b2%d0%b0%d0%b2%d0%b0%d1%9a%d0%b5\/#primaryimage","url":"https:\/\/dodo-inflatables.com\/wp-content\/uploads\/2024\/06\/buy-bouncy-castle-blower-noise-protection-silencer-4-Kopie.jpg","contentUrl":"https:\/\/dodo-inflatables.com\/wp-content\/uploads\/2024\/06\/buy-bouncy-castle-blower-noise-protection-silencer-4-Kopie.jpg","width":1000,"height":1000,"caption":"Prigu\u0161iva\u010d za duva\u010de dvoraca na naduvavanje | Dodo Inflatables"},{"@type":"BreadcrumbList","@id":"https:\/\/dodo-inflatables.com\/sr\/\u043f\u0440\u043e\u0438\u0437\u0432\u043e\u0434\/%d0%bf%d1%80%d0%b8%d0%b3%d1%83%d1%88%d0%b8%d0%b2%d0%b0%d1%87-%d0%b7%d0%b0-%d0%b4%d1%83%d0%b2%d0%b0%d1%99%d0%ba%d1%83-%d0%bd%d0%b0-%d0%bd%d0%b0%d0%b4%d1%83%d0%b2%d0%b0%d0%b2%d0%b0%d1%9a%d0%b5\/#breadcrumb","itemListElement":[{"@type":"ListItem","position":1,"name":"\u041f\u043e\u0447\u0435\u0442\u043d\u0430","item":"https:\/\/dodo-inflatables.com\/sr\/"},{"@type":"ListItem","position":2,"name":"\u0421\u0445\u043e\u043f","item":"https:\/\/dodo-inflatables.com\/sr\/%d1%81%d1%85%d0%be%d0%bf\/"},{"@type":"ListItem","position":3,"name":"\u041f\u0440\u0438\u0433\u0443\u0448\u0438\u0432\u0430\u0447 \u0437\u0430 \u0434\u0443\u0432\u0430\u0459\u043a\u0443 \u043d\u0430 \u043d\u0430\u0434\u0443\u0432\u0430\u0432\u0430\u045a\u0435"}]},{"@type":"WebSite","@id":"https:\/\/dodo-inflatables.com\/sr\/#website","url":"https:\/\/dodo-inflatables.com\/sr\/","name":"dodo-inflatables.com","description":"\u041a\u0443\u043f\u0438\u0442\u0435 \u043d\u0430\u0441\u043a\u043e\u0447\u043d\u0435 \u0434\u0432\u043e\u0440\u0446\u0435 \u0438 \u0430\u0442\u0440\u0430\u043a\u0446\u0438\u0458\u0435 \u0443 \u043d\u0430\u0448\u043e\u0458 \u043f\u0440\u043e\u0434\u0430\u0432\u043d\u0438\u0446\u0438.","potentialAction":[{"@type":"SearchAction","target":{"@type":"EntryPoint","urlTemplate":"https:\/\/dodo-inflatables.com\/sr\/?s={search_term_string}"},"query-input":{"@type":"PropertyValueSpecification","valueRequired":true,"valueName":"search_term_string"}}],"inLanguage":"sr-RS"}]}},"uagb_featured_image_src":{"full":["https:\/\/dodo-inflatables.com\/wp-content\/uploads\/2024\/06\/buy-bouncy-castle-blower-noise-protection-silencer-4-Kopie.jpg",1000,1000,false],"thumbnail":["https:\/\/dodo-inflatables.com\/wp-content\/uploads\/2024\/06\/buy-bouncy-castle-blower-noise-protection-silencer-4-Kopie-150x150.jpg",150,150,true],"medium":["https:\/\/dodo-inflatables.com\/wp-content\/uploads\/2024\/06\/buy-bouncy-castle-blower-noise-protection-silencer-4-Kopie-300x300.jpg",300,300,true],"medium_large":["https:\/\/dodo-inflatables.com\/wp-content\/uploads\/2024\/06\/buy-bouncy-castle-blower-noise-protection-silencer-4-Kopie-768x768.jpg",768,768,true],"large":["https:\/\/dodo-inflatables.com\/wp-content\/uploads\/2024\/06\/buy-bouncy-castle-blower-noise-protection-silencer-4-Kopie.jpg",1000,1000,false],"1536x1536":["https:\/\/dodo-inflatables.com\/wp-content\/uploads\/2024\/06\/buy-bouncy-castle-blower-noise-protection-silencer-4-Kopie.jpg",1000,1000,false],"2048x2048":["https:\/\/dodo-inflatables.com\/wp-content\/uploads\/2024\/06\/buy-bouncy-castle-blower-noise-protection-silencer-4-Kopie.jpg",1000,1000,false],"woocommerce_thumbnail":["https:\/\/dodo-inflatables.com\/wp-content\/uploads\/2024\/06\/buy-bouncy-castle-blower-noise-protection-silencer-4-Kopie-900x900.jpg",900,900,true],"woocommerce_single":["https:\/\/dodo-inflatables.com\/wp-content\/uploads\/2024\/06\/buy-bouncy-castle-blower-noise-protection-silencer-4-Kopie-900x900.jpg",900,900,true],"woocommerce_gallery_thumbnail":["https:\/\/dodo-inflatables.com\/wp-content\/uploads\/2024\/06\/buy-bouncy-castle-blower-noise-protection-silencer-4-Kopie-100x100.jpg",100,100,true]},"uagb_author_info":{"display_name":"Andreas","author_link":"https:\/\/dodo-inflatables.com\/sr\/author\/"},"uagb_comment_info":0,"uagb_excerpt":"Smanjuje buku duva\u010da za oko 5 dB Kompatibilan sa Huawei i Gibbons duva\u010dima Brza instalacija \u2013 u\u010dvr\u0161\u0107uje se usisavanjem i gumenom trakom Bez gubitka protoka vazduha ili performansi Pogodan za iznajmljiva\u010dke firme i privatnu upotrebu","_links":{"self":[{"href":"https:\/\/dodo-inflatables.com\/sr\/wp-json\/wp\/v2\/product\/20792","targetHints":{"allow":["GET"]}}],"collection":[{"href":"https:\/\/dodo-inflatables.com\/sr\/wp-json\/wp\/v2\/product"}],"about":[{"href":"https:\/\/dodo-inflatables.com\/sr\/wp-json\/wp\/v2\/types\/product"}],"replies":[{"embeddable":true,"href":"https:\/\/dodo-inflatables.com\/sr\/wp-json\/wp\/v2\/comments?post=20792"}],"wp:featuredmedia":[{"embeddable":true,"href":"https:\/\/dodo-inflatables.com\/sr\/wp-json\/wp\/v2\/media\/55254"}],"wp:attachment":[{"href":"https:\/\/dodo-inflatables.com\/sr\/wp-json\/wp\/v2\/media?parent=20792"}],"wp:term":[{"taxonomy":"product_brand","embeddable":true,"href":"https:\/\/dodo-inflatables.com\/sr\/wp-json\/wp\/v2\/product_brand?post=20792"},{"taxonomy":"product_cat","embeddable":true,"href":"https:\/\/dodo-inflatables.com\/sr\/wp-json\/wp\/v2\/product_cat?post=20792"},{"taxonomy":"product_tag","embeddable":true,"href":"https:\/\/dodo-inflatables.com\/sr\/wp-json\/wp\/v2\/product_tag?post=20792"}],"curies":[{"name":"wp","href":"https:\/\/api.w.org\/{rel}","templated":true}]}}