{"id":16654,"date":"2024-03-04T17:37:09","date_gmt":"2024-03-04T16:37:09","guid":{"rendered":"https:\/\/dodo-inflatables.com\/kop-av-gonflabla-rutschkanor-och-gonflabla-slott-i-schweiz\/"},"modified":"2024-07-17T14:55:42","modified_gmt":"2024-07-17T12:55:42","slug":"kop-av-gonflabla-rutschkanor-och-gonflabla-slott-i-schweiz","status":"publish","type":"page","link":"https:\/\/dodo-inflatables.com\/sv\/kop-av-gonflabla-rutschkanor-och-gonflabla-slott-i-schweiz\/","title":{"rendered":"K\u00f6p av gonflabla rutschkanor och gonflabla slott i Schweiz"},"content":{"rendered":"\n<h2 class=\"wp-block-heading has-text-align-center\"><strong>K\u00f6p av gonflabla rutschkanor och gonflabla slott i Schweiz<\/strong><\/h2>\n\n<figure class=\"wp-block-image aligncenter size-large\"><a href=\"https:\/\/dodo-inflatables.com\/wp-content\/uploads\/2022\/01\/seperator-kleiner.png\"><img loading=\"lazy\" decoding=\"async\" width=\"1024\" height=\"102\" src=\"https:\/\/dodo-inflatables.com\/wp-content\/uploads\/2022\/01\/seperator-kleiner-1024x102.png\" alt=\"\" class=\"wp-image-4026\" srcset=\"https:\/\/dodo-inflatables.com\/wp-content\/uploads\/2022\/01\/seperator-kleiner-1024x102.png 1024w, https:\/\/dodo-inflatables.com\/wp-content\/uploads\/2022\/01\/seperator-kleiner-900x90.png 900w, https:\/\/dodo-inflatables.com\/wp-content\/uploads\/2022\/01\/seperator-kleiner-300x30.png 300w, https:\/\/dodo-inflatables.com\/wp-content\/uploads\/2022\/01\/seperator-kleiner-768x77.png 768w, https:\/\/dodo-inflatables.com\/wp-content\/uploads\/2022\/01\/seperator-kleiner-1536x154.png 1536w, https:\/\/dodo-inflatables.com\/wp-content\/uploads\/2022\/01\/seperator-kleiner-340x34.png 340w, https:\/\/dodo-inflatables.com\/wp-content\/uploads\/2022\/01\/seperator-kleiner.png 2000w\" sizes=\"auto, (max-width: 1024px) 100vw, 1024px\" \/><\/a><\/figure>\n\n<h3 class=\"wp-block-heading has-text-align-center\">V\u00e4lkommen till Dodo-Inflatables.com &#8211; v\u00e5r webbutik f\u00f6r gonflatables-strukturer i Europa!<\/h3>\n\n<p style=\"font-size:17px\">Ta del av v\u00e5rt stora urval av gonflabla strukturer, <a href=\"https:\/\/dodo-inflatables.com\/product-category\/bouncy-castles\/\">gonflabla slott<\/a> och h\u00f6gkvalitativa <a href=\"https:\/\/dodo-inflatables.com\/product-category\/slides\/\">rutschkanor<\/a> som ger varje evenemang ett litet plus. Oavsett om du vill ha en stor gonflable-struktur f\u00f6r ett f\u00f6retagsevenemang, en liten gonflable-struktur f\u00f6r ett barns f\u00f6delsedag eller en gonflable-struktur med k\u00e4lke f\u00f6r en sommarfest, hittar du alltid det du beh\u00f6ver hos oss!<\/p>\n\n<p style=\"font-size:17px\">V\u00e5rt sortiment omfattar inte bara en stor variation av gonflabla strukturer, utan ocks\u00e5 ett stort antal<a href=\"https:\/\/dodo-inflatables.com\/product-category\/accessories\/\">tillbeh\u00f6r<\/a>, till exempel souffleurs <a href=\"https:\/\/dodo-inflatables.com\/sv\/produkt\/gibbons-blasmaskin-fp5005-15-hk\/\" data-type=\"product\" data-id=\"81\">Gibbons<\/a> och <a href=\"https:\/\/dodo-inflatables.com\/sv\/produkt\/huawei-flakt-reh-1-5e-15ps\/\" data-type=\"product\" data-id=\"2724\">Huawei<\/a> f\u00f6r gonflabla strukturer.<\/p>\n\n<p style=\"font-size:17px\">L&#8217;envoi d&#8217;une structure gonflable et de ses accessoires en <strong>Suisse co\u00fbte 464,00 \u20ac<\/strong>. Om den gonflabla strukturen finns i lager, kommer den att skickas omedelbart efter mottagandet av din betalning. Leveransen i Schweiz tar cirka <strong>4 till 6 dagar <\/strong>. Enl\u00e8vement par tes soins est possible dans notre entrep\u00f4t \u00e0 Munich, Allemagne.<\/p>\n\n<p style=\"font-size:17px\">Alla v\u00e5ra gonflabla strukturer uppfyller de str\u00e4nga s\u00e4kerhetsnormerna i <strong>DIN EN 14960<\/strong> och \u00e4r anpassade f\u00f6r privat och yrkesm\u00e4ssig anv\u00e4ndning. Du f\u00e5r en detaljerad guide och ett certifikat som motsvarar din nya gonflabla struktur efter att du har skickat den gonflabla strukturen.<\/p>\n\n<p style=\"font-size:17px\">Som kund i ett land som inte \u00e4r medlem i EU kan du k\u00f6pa hos oss utan att betala TVA. De priser som anges i n\u00e4tbutiken omfattar f\u00f6rst och fr\u00e4mst den tyska TVA (19%), som sedan kommer att minskas. Vid leverans till Schweiz betraktas du som en &#8221;import\u00f6r&#8221;. La TVA suisse \u00e0 l&#8217;importation et les frais de douane te seront donc factur\u00e9s. V\u00e5ra s\u00e4ndningskostnader f\u00f6r Schweiz omfattar priset f\u00f6r transport, avdukning samt etablering av DAA.<\/p>\n\n<p style=\"font-size:17px\">Oavsett om du \u00e4r en privatperson som letar efter en gonflabel struktur f\u00f6r din kommande familjefest eller om du \u00e4r en professionell arbetsgivare som vill ut\u00f6ka sitt utbud, \u00e4r v\u00e5ra gonflabla strukturer anpassade till alla. Faktum \u00e4r att de flesta av v\u00e5ra kunder i hela Europa \u00e4r \u00e4gare av gonflabla strukturer som uppskattar v\u00e5ra produkter f\u00f6r evenemang av alla slag.<\/p>\n\n<p style=\"font-size:17px\">Vi \u00f6nskar dig mycket n\u00f6je med att bes\u00f6ka v\u00e5r onlinebutik och st\u00e5r till ditt f\u00f6rfogande f\u00f6r alla fr\u00e5gor p\u00e5 adressen <a href=\"mailto:contact@dodo-inflatables.com\">contact@dodo-inflatables.com<\/a>!<\/p>\n\n<div style=\"height:100px\" aria-hidden=\"true\" class=\"wp-block-spacer\"><\/div>\n","protected":false},"excerpt":{"rendered":"<p>K\u00f6p av gonflabla rutschkanor och gonflabla slott i Schweiz V\u00e4lkommen till Dodo-Inflatables.com &#8211; v\u00e5r webbutik f\u00f6r gonflatables-strukturer i Europa! Ta del av v\u00e5rt stora urval av gonflabla strukturer, gonflabla slott och h\u00f6gkvalitativa rutschkanor som ger varje evenemang ett litet plus. Oavsett om du vill ha en stor gonflable-struktur f\u00f6r ett f\u00f6retagsevenemang, en liten gonflable-struktur f\u00f6r [&hellip;]<\/p>\n","protected":false},"author":1,"featured_media":0,"parent":0,"menu_order":0,"comment_status":"closed","ping_status":"closed","template":"","meta":{"_acf_changed":false,"_uag_custom_page_level_css":"","site-sidebar-layout":"default","site-content-layout":"","ast-site-content-layout":"normal-width-container","site-content-style":"boxed","site-sidebar-style":"default","ast-global-header-display":"","ast-banner-title-visibility":"","ast-main-header-display":"","ast-hfb-above-header-display":"","ast-hfb-below-header-display":"","ast-hfb-mobile-header-display":"","site-post-title":"","ast-breadcrumbs-content":"","ast-featured-img":"","footer-sml-layout":"","ast-disable-related-posts":"","theme-transparent-header-meta":"","adv-header-id-meta":"4069","stick-header-meta":"","header-above-stick-meta":"","header-main-stick-meta":"","header-below-stick-meta":"","astra-migrate-meta-layouts":"default","ast-page-background-enabled":"default","ast-page-background-meta":{"desktop":{"background-color":"var(--ast-global-color-4)","background-image":"","background-repeat":"repeat","background-position":"center center","background-size":"auto","background-attachment":"scroll","background-type":"","background-media":"","overlay-type":"","overlay-color":"","overlay-opacity":"","overlay-gradient":""},"tablet":{"background-color":"","background-image":"","background-repeat":"repeat","background-position":"center center","background-size":"auto","background-attachment":"scroll","background-type":"","background-media":"","overlay-type":"","overlay-color":"","overlay-opacity":"","overlay-gradient":""},"mobile":{"background-color":"","background-image":"","background-repeat":"repeat","background-position":"center center","background-size":"auto","background-attachment":"scroll","background-type":"","background-media":"","overlay-type":"","overlay-color":"","overlay-opacity":"","overlay-gradient":""}},"ast-content-background-meta":{"desktop":{"background-color":"var(--ast-global-color-5)","background-image":"","background-repeat":"repeat","background-position":"center center","background-size":"auto","background-attachment":"scroll","background-type":"","background-media":"","overlay-type":"","overlay-color":"","overlay-opacity":"","overlay-gradient":""},"tablet":{"background-color":"var(--ast-global-color-5)","background-image":"","background-repeat":"repeat","background-position":"center center","background-size":"auto","background-attachment":"scroll","background-type":"","background-media":"","overlay-type":"","overlay-color":"","overlay-opacity":"","overlay-gradient":""},"mobile":{"background-color":"var(--ast-global-color-5)","background-image":"","background-repeat":"repeat","background-position":"center center","background-size":"auto","background-attachment":"scroll","background-type":"","background-media":"","overlay-type":"","overlay-color":"","overlay-opacity":"","overlay-gradient":""}},"footnotes":""},"class_list":["post-16654","page","type-page","status-publish","hentry"],"acf":[],"yoast_head":"<!-- This site is optimized with the Yoast SEO plugin v27.3 - https:\/\/yoast.com\/product\/yoast-seo-wordpress\/ -->\n<title>K\u00f6p av gonflabla rutschkanor och gonflabla slott i Schweiz - dodo-inflatables.com<\/title>\n<meta name=\"robots\" content=\"index, follow, max-snippet:-1, max-image-preview:large, max-video-preview:-1\" \/>\n<link rel=\"canonical\" href=\"https:\/\/dodo-inflatables.com\/sv\/kop-av-gonflabla-rutschkanor-och-gonflabla-slott-i-schweiz\/\" \/>\n<meta name=\"twitter:label1\" content=\"Ber\u00e4knad l\u00e4stid\" \/>\n\t<meta name=\"twitter:data1\" content=\"2 minuter\" \/>\n<script type=\"application\/ld+json\" class=\"yoast-schema-graph\">{\"@context\":\"https:\\\/\\\/schema.org\",\"@graph\":[{\"@type\":\"WebPage\",\"@id\":\"https:\\\/\\\/dodo-inflatables.com\\\/sv\\\/kop-av-gonflabla-rutschkanor-och-gonflabla-slott-i-schweiz\\\/\",\"url\":\"https:\\\/\\\/dodo-inflatables.com\\\/sv\\\/kop-av-gonflabla-rutschkanor-och-gonflabla-slott-i-schweiz\\\/\",\"name\":\"K\u00f6p av gonflabla rutschkanor och gonflabla slott i Schweiz - dodo-inflatables.com\",\"isPartOf\":{\"@id\":\"https:\\\/\\\/dodo-inflatables.com\\\/sv\\\/#website\"},\"primaryImageOfPage\":{\"@id\":\"https:\\\/\\\/dodo-inflatables.com\\\/sv\\\/kop-av-gonflabla-rutschkanor-och-gonflabla-slott-i-schweiz\\\/#primaryimage\"},\"image\":{\"@id\":\"https:\\\/\\\/dodo-inflatables.com\\\/sv\\\/kop-av-gonflabla-rutschkanor-och-gonflabla-slott-i-schweiz\\\/#primaryimage\"},\"thumbnailUrl\":\"https:\\\/\\\/dodo-inflatables.com\\\/wp-content\\\/uploads\\\/2022\\\/01\\\/seperator-kleiner-1024x102.png\",\"datePublished\":\"2024-03-04T16:37:09+00:00\",\"dateModified\":\"2024-07-17T12:55:42+00:00\",\"breadcrumb\":{\"@id\":\"https:\\\/\\\/dodo-inflatables.com\\\/sv\\\/kop-av-gonflabla-rutschkanor-och-gonflabla-slott-i-schweiz\\\/#breadcrumb\"},\"inLanguage\":\"sv-SE\",\"potentialAction\":[{\"@type\":\"ReadAction\",\"target\":[\"https:\\\/\\\/dodo-inflatables.com\\\/sv\\\/kop-av-gonflabla-rutschkanor-och-gonflabla-slott-i-schweiz\\\/\"]}]},{\"@type\":\"ImageObject\",\"inLanguage\":\"sv-SE\",\"@id\":\"https:\\\/\\\/dodo-inflatables.com\\\/sv\\\/kop-av-gonflabla-rutschkanor-och-gonflabla-slott-i-schweiz\\\/#primaryimage\",\"url\":\"https:\\\/\\\/dodo-inflatables.com\\\/wp-content\\\/uploads\\\/2022\\\/01\\\/seperator-kleiner-1024x102.png\",\"contentUrl\":\"https:\\\/\\\/dodo-inflatables.com\\\/wp-content\\\/uploads\\\/2022\\\/01\\\/seperator-kleiner-1024x102.png\"},{\"@type\":\"BreadcrumbList\",\"@id\":\"https:\\\/\\\/dodo-inflatables.com\\\/sv\\\/kop-av-gonflabla-rutschkanor-och-gonflabla-slott-i-schweiz\\\/#breadcrumb\",\"itemListElement\":[{\"@type\":\"ListItem\",\"position\":1,\"name\":\"Hem\",\"item\":\"https:\\\/\\\/dodo-inflatables.com\\\/sv\\\/\"},{\"@type\":\"ListItem\",\"position\":2,\"name\":\"K\u00f6p av gonflabla rutschkanor och gonflabla slott i Schweiz\"}]},{\"@type\":\"WebSite\",\"@id\":\"https:\\\/\\\/dodo-inflatables.com\\\/sv\\\/#website\",\"url\":\"https:\\\/\\\/dodo-inflatables.com\\\/sv\\\/\",\"name\":\"dodo-inflatables.com\",\"description\":\"K\u00f6p hoppborgar och attraktioner i v\u00e5r butik.\",\"publisher\":{\"@id\":\"https:\\\/\\\/dodo-inflatables.com\\\/sv\\\/#organization\"},\"potentialAction\":[{\"@type\":\"SearchAction\",\"target\":{\"@type\":\"EntryPoint\",\"urlTemplate\":\"https:\\\/\\\/dodo-inflatables.com\\\/sv\\\/?s={search_term_string}\"},\"query-input\":{\"@type\":\"PropertyValueSpecification\",\"valueRequired\":true,\"valueName\":\"search_term_string\"}}],\"inLanguage\":\"sv-SE\"},{\"@type\":\"Organization\",\"@id\":\"https:\\\/\\\/dodo-inflatables.com\\\/sv\\\/#organization\",\"name\":\"dodo-inflatables.com\",\"url\":\"https:\\\/\\\/dodo-inflatables.com\\\/sv\\\/\",\"logo\":{\"@type\":\"ImageObject\",\"inLanguage\":\"sv-SE\",\"@id\":\"https:\\\/\\\/dodo-inflatables.com\\\/sv\\\/#\\\/schema\\\/logo\\\/image\\\/\",\"url\":\"https:\\\/\\\/dodo-inflatables.com\\\/wp-content\\\/uploads\\\/2023\\\/04\\\/cropped-cropped-cropped-Dodo-Logo.png\",\"contentUrl\":\"https:\\\/\\\/dodo-inflatables.com\\\/wp-content\\\/uploads\\\/2023\\\/04\\\/cropped-cropped-cropped-Dodo-Logo.png\",\"width\":2996,\"height\":1545,\"caption\":\"dodo-inflatables.com\"},\"image\":{\"@id\":\"https:\\\/\\\/dodo-inflatables.com\\\/sv\\\/#\\\/schema\\\/logo\\\/image\\\/\"}}]}<\/script>\n<!-- \/ Yoast SEO plugin. -->","yoast_head_json":{"title":"K\u00f6p av gonflabla rutschkanor och gonflabla slott i Schweiz - dodo-inflatables.com","robots":{"index":"index","follow":"follow","max-snippet":"max-snippet:-1","max-image-preview":"max-image-preview:large","max-video-preview":"max-video-preview:-1"},"canonical":"https:\/\/dodo-inflatables.com\/sv\/kop-av-gonflabla-rutschkanor-och-gonflabla-slott-i-schweiz\/","twitter_misc":{"Ber\u00e4knad l\u00e4stid":"2 minuter"},"schema":{"@context":"https:\/\/schema.org","@graph":[{"@type":"WebPage","@id":"https:\/\/dodo-inflatables.com\/sv\/kop-av-gonflabla-rutschkanor-och-gonflabla-slott-i-schweiz\/","url":"https:\/\/dodo-inflatables.com\/sv\/kop-av-gonflabla-rutschkanor-och-gonflabla-slott-i-schweiz\/","name":"K\u00f6p av gonflabla rutschkanor och gonflabla slott i Schweiz - dodo-inflatables.com","isPartOf":{"@id":"https:\/\/dodo-inflatables.com\/sv\/#website"},"primaryImageOfPage":{"@id":"https:\/\/dodo-inflatables.com\/sv\/kop-av-gonflabla-rutschkanor-och-gonflabla-slott-i-schweiz\/#primaryimage"},"image":{"@id":"https:\/\/dodo-inflatables.com\/sv\/kop-av-gonflabla-rutschkanor-och-gonflabla-slott-i-schweiz\/#primaryimage"},"thumbnailUrl":"https:\/\/dodo-inflatables.com\/wp-content\/uploads\/2022\/01\/seperator-kleiner-1024x102.png","datePublished":"2024-03-04T16:37:09+00:00","dateModified":"2024-07-17T12:55:42+00:00","breadcrumb":{"@id":"https:\/\/dodo-inflatables.com\/sv\/kop-av-gonflabla-rutschkanor-och-gonflabla-slott-i-schweiz\/#breadcrumb"},"inLanguage":"sv-SE","potentialAction":[{"@type":"ReadAction","target":["https:\/\/dodo-inflatables.com\/sv\/kop-av-gonflabla-rutschkanor-och-gonflabla-slott-i-schweiz\/"]}]},{"@type":"ImageObject","inLanguage":"sv-SE","@id":"https:\/\/dodo-inflatables.com\/sv\/kop-av-gonflabla-rutschkanor-och-gonflabla-slott-i-schweiz\/#primaryimage","url":"https:\/\/dodo-inflatables.com\/wp-content\/uploads\/2022\/01\/seperator-kleiner-1024x102.png","contentUrl":"https:\/\/dodo-inflatables.com\/wp-content\/uploads\/2022\/01\/seperator-kleiner-1024x102.png"},{"@type":"BreadcrumbList","@id":"https:\/\/dodo-inflatables.com\/sv\/kop-av-gonflabla-rutschkanor-och-gonflabla-slott-i-schweiz\/#breadcrumb","itemListElement":[{"@type":"ListItem","position":1,"name":"Hem","item":"https:\/\/dodo-inflatables.com\/sv\/"},{"@type":"ListItem","position":2,"name":"K\u00f6p av gonflabla rutschkanor och gonflabla slott i Schweiz"}]},{"@type":"WebSite","@id":"https:\/\/dodo-inflatables.com\/sv\/#website","url":"https:\/\/dodo-inflatables.com\/sv\/","name":"dodo-inflatables.com","description":"K\u00f6p hoppborgar och attraktioner i v\u00e5r butik.","publisher":{"@id":"https:\/\/dodo-inflatables.com\/sv\/#organization"},"potentialAction":[{"@type":"SearchAction","target":{"@type":"EntryPoint","urlTemplate":"https:\/\/dodo-inflatables.com\/sv\/?s={search_term_string}"},"query-input":{"@type":"PropertyValueSpecification","valueRequired":true,"valueName":"search_term_string"}}],"inLanguage":"sv-SE"},{"@type":"Organization","@id":"https:\/\/dodo-inflatables.com\/sv\/#organization","name":"dodo-inflatables.com","url":"https:\/\/dodo-inflatables.com\/sv\/","logo":{"@type":"ImageObject","inLanguage":"sv-SE","@id":"https:\/\/dodo-inflatables.com\/sv\/#\/schema\/logo\/image\/","url":"https:\/\/dodo-inflatables.com\/wp-content\/uploads\/2023\/04\/cropped-cropped-cropped-Dodo-Logo.png","contentUrl":"https:\/\/dodo-inflatables.com\/wp-content\/uploads\/2023\/04\/cropped-cropped-cropped-Dodo-Logo.png","width":2996,"height":1545,"caption":"dodo-inflatables.com"},"image":{"@id":"https:\/\/dodo-inflatables.com\/sv\/#\/schema\/logo\/image\/"}}]}},"uagb_featured_image_src":{"full":false,"thumbnail":false,"medium":false,"medium_large":false,"large":false,"1536x1536":false,"2048x2048":false,"woocommerce_thumbnail":false,"woocommerce_single":false,"woocommerce_gallery_thumbnail":false},"uagb_author_info":{"display_name":"Andreas","author_link":"https:\/\/dodo-inflatables.com\/sv\/author\/andreas\/"},"uagb_comment_info":0,"uagb_excerpt":"K\u00f6p av gonflabla rutschkanor och gonflabla slott i Schweiz V\u00e4lkommen till Dodo-Inflatables.com &#8211; v\u00e5r webbutik f\u00f6r gonflatables-strukturer i Europa! Ta del av v\u00e5rt stora urval av gonflabla strukturer, gonflabla slott och h\u00f6gkvalitativa rutschkanor som ger varje evenemang ett litet plus. Oavsett om du vill ha en stor gonflable-struktur f\u00f6r ett f\u00f6retagsevenemang, en liten gonflable-struktur f\u00f6r&hellip;","_links":{"self":[{"href":"https:\/\/dodo-inflatables.com\/sv\/wp-json\/wp\/v2\/pages\/16654","targetHints":{"allow":["GET"]}}],"collection":[{"href":"https:\/\/dodo-inflatables.com\/sv\/wp-json\/wp\/v2\/pages"}],"about":[{"href":"https:\/\/dodo-inflatables.com\/sv\/wp-json\/wp\/v2\/types\/page"}],"author":[{"embeddable":true,"href":"https:\/\/dodo-inflatables.com\/sv\/wp-json\/wp\/v2\/users\/1"}],"replies":[{"embeddable":true,"href":"https:\/\/dodo-inflatables.com\/sv\/wp-json\/wp\/v2\/comments?post=16654"}],"version-history":[{"count":2,"href":"https:\/\/dodo-inflatables.com\/sv\/wp-json\/wp\/v2\/pages\/16654\/revisions"}],"predecessor-version":[{"id":16657,"href":"https:\/\/dodo-inflatables.com\/sv\/wp-json\/wp\/v2\/pages\/16654\/revisions\/16657"}],"wp:attachment":[{"href":"https:\/\/dodo-inflatables.com\/sv\/wp-json\/wp\/v2\/media?parent=16654"}],"curies":[{"name":"wp","href":"https:\/\/api.w.org\/{rel}","templated":true}]}}