{"id":16755,"date":"2023-12-15T18:04:24","date_gmt":"2023-12-15T17:04:24","guid":{"rendered":"https:\/\/dodo-inflatables.com\/vanliga-fragor\/"},"modified":"2024-07-17T14:56:03","modified_gmt":"2024-07-17T12:56:03","slug":"vanliga-fragor","status":"publish","type":"page","link":"https:\/\/dodo-inflatables.com\/sv\/vanliga-fragor\/","title":{"rendered":"Vanliga fr\u00e5gor"},"content":{"rendered":"\n<div style=\"height:79px\" aria-hidden=\"true\" class=\"wp-block-spacer\"><\/div>\n\n<h2 class=\"wp-block-heading has-text-align-center\">Vanliga fr\u00e5gor och svar<\/h2>\n\n<div style=\"height:38px\" aria-hidden=\"true\" class=\"wp-block-spacer\"><\/div>\n<div class=\"wp-block-uagb-faq uagb-faq__outer-wrap uagb-block-26519e15 uagb-faq-icon-row uagb-faq-layout-accordion uagb-faq-expand-first-true uagb-faq-inactive-other-true uagb-faq__wrap uagb-buttons-layout-wrap uagb-faq-equal-height     \" data-faqtoggle=\"true\" role=\"tablist\"><div class=\"wp-block-uagb-faq-child uagb-faq-child__outer-wrap uagb-faq-item uagb-block-870a750c \" role=\"tab\" tabindex=\"0\"><div class=\"uagb-faq-questions-button uagb-faq-questions\">\t\t\t<span class=\"uagb-icon uagb-faq-icon-wrap\">\n\t\t\t\t\t\t\t\t<svg xmlns=\"https:\/\/www.w3.org\/2000\/svg\" viewBox= \"0 0 448 512\"><path d=\"M432 256c0 17.69-14.33 32.01-32 32.01H256v144c0 17.69-14.33 31.99-32 31.99s-32-14.3-32-31.99v-144H48c-17.67 0-32-14.32-32-32.01s14.33-31.99 32-31.99H192v-144c0-17.69 14.33-32.01 32-32.01s32 14.32 32 32.01v144h144C417.7 224 432 238.3 432 256z\"><\/path><\/svg>\n\t\t\t\t\t\t\t<\/span>\n\t\t\t\t\t\t<span class=\"uagb-icon-active uagb-faq-icon-wrap\">\n\t\t\t\t\t\t\t\t<svg xmlns=\"https:\/\/www.w3.org\/2000\/svg\" viewBox= \"0 0 448 512\"><path d=\"M400 288h-352c-17.69 0-32-14.32-32-32.01s14.31-31.99 32-31.99h352c17.69 0 32 14.3 32 31.99S417.7 288 400 288z\"><\/path><\/svg>\n\t\t\t\t\t\t\t<\/span>\n\t\t\t<span class=\"uagb-question\"><strong>\u00c4r hoppborgen du vill ha alltid sluts\u00e5ld och den angivna leveranstiden skjuts hela tiden upp?<\/strong><\/span><\/div><div class=\"uagb-faq-content\"><p>Eftersom efterfr\u00e5gan n\u00e4stan alltid \u00e4r st\u00f6rre \u00e4n tillg\u00e5ngen arbetar vi fr\u00e4mst med f\u00f6rbest\u00e4llningar. Om du har valt en hoppborg som inte finns i lager direkt, men som finns i lager, \u00e4r det b\u00e4st att f\u00f6rbest\u00e4lla den. Vi har n\u00e4stan aldrig s\u00e4rskilt popul\u00e4ra modeller i lager eftersom de alltid \u00e4r sluts\u00e5lda innan de n\u00e5r oss.<br>Du kan enkelt best\u00e4lla i butiken och om hoppborgen inte finns i lager registreras din best\u00e4llning automatiskt som en f\u00f6rbest\u00e4llning. Alternativt kan du ocks\u00e5 skicka ett e-postmeddelande till oss med din best\u00e4llning. S\u00e5 snart vi kan f\u00f6rutse leveransdatumet kommer vi att informera dig s\u00e5 att du kan betala i tid.<\/p><\/div><\/div><div class=\"wp-block-uagb-faq-child uagb-faq-child__outer-wrap uagb-faq-item uagb-block-8d8ddae3 \" role=\"tab\" tabindex=\"0\"><div class=\"uagb-faq-questions-button uagb-faq-questions\">\t\t\t<span class=\"uagb-icon uagb-faq-icon-wrap\">\n\t\t\t\t\t\t\t\t<svg xmlns=\"https:\/\/www.w3.org\/2000\/svg\" viewBox= \"0 0 448 512\"><path d=\"M432 256c0 17.69-14.33 32.01-32 32.01H256v144c0 17.69-14.33 31.99-32 31.99s-32-14.3-32-31.99v-144H48c-17.67 0-32-14.32-32-32.01s14.33-31.99 32-31.99H192v-144c0-17.69 14.33-32.01 32-32.01s32 14.32 32 32.01v144h144C417.7 224 432 238.3 432 256z\"><\/path><\/svg>\n\t\t\t\t\t\t\t<\/span>\n\t\t\t\t\t\t<span class=\"uagb-icon-active uagb-faq-icon-wrap\">\n\t\t\t\t\t\t\t\t<svg xmlns=\"https:\/\/www.w3.org\/2000\/svg\" viewBox= \"0 0 448 512\"><path d=\"M400 288h-352c-17.69 0-32-14.32-32-32.01s14.31-31.99 32-31.99h352c17.69 0 32 14.3 32 31.99S417.7 288 400 288z\"><\/path><\/svg>\n\t\t\t\t\t\t\t<\/span>\n\t\t\t<span class=\"uagb-question\"><strong>Har du best\u00e4llt en hoppborg och den angivna leveranstiden skjuts upp l\u00e4ngre och l\u00e4ngre?<\/strong><\/span><\/div><div class=\"uagb-faq-content\"><p>Inga problem! Vi har registrerat din f\u00f6rbest\u00e4llning och schemalagt den f\u00f6r oss. Den leveranstid som anges i butiken \u00e4r alltid n\u00e4r n\u00e4sta tillg\u00e4ngliga hoppborg skulle finnas tillg\u00e4nglig om du best\u00e4llde nu.<\/p><\/div><\/div><div class=\"wp-block-uagb-faq-child uagb-faq-child__outer-wrap uagb-faq-item uagb-block-3d56f3eb \" role=\"tab\" tabindex=\"0\"><div class=\"uagb-faq-questions-button uagb-faq-questions\">\t\t\t<span class=\"uagb-icon uagb-faq-icon-wrap\">\n\t\t\t\t\t\t\t\t<svg xmlns=\"https:\/\/www.w3.org\/2000\/svg\" viewBox= \"0 0 448 512\"><path d=\"M432 256c0 17.69-14.33 32.01-32 32.01H256v144c0 17.69-14.33 31.99-32 31.99s-32-14.3-32-31.99v-144H48c-17.67 0-32-14.32-32-32.01s14.33-31.99 32-31.99H192v-144c0-17.69 14.33-32.01 32-32.01s32 14.32 32 32.01v144h144C417.7 224 432 238.3 432 256z\"><\/path><\/svg>\n\t\t\t\t\t\t\t<\/span>\n\t\t\t\t\t\t<span class=\"uagb-icon-active uagb-faq-icon-wrap\">\n\t\t\t\t\t\t\t\t<svg xmlns=\"https:\/\/www.w3.org\/2000\/svg\" viewBox= \"0 0 448 512\"><path d=\"M400 288h-352c-17.69 0-32-14.32-32-32.01s14.31-31.99 32-31.99h352c17.69 0 32 14.3 32 31.99S417.7 288 400 288z\"><\/path><\/svg>\n\t\t\t\t\t\t\t<\/span>\n\t\t\t<span class=\"uagb-question\"><strong>Hur l\u00e5ng \u00e4r garantin p\u00e5 v\u00e5ra gummib\u00e5tar?<\/strong><\/span><\/div><div class=\"uagb-faq-content\"><p>Vi erbjuder den lagstadgade garantin mot material- och tillverkningsfel. Detta \u00e4r 24 m\u00e5nader f\u00f6r privatkunder och 12 m\u00e5nader f\u00f6r f\u00f6retagskunder. Observera dock att skador som orsakats av normalt slitage, bristande sk\u00f6tsel eller felaktig anv\u00e4ndning inte omfattas. Se till att ta v\u00e4l hand om din hoppborg och f\u00f6lj de bifogade bruksanvisningarna.<\/p><\/div><\/div><div class=\"wp-block-uagb-faq-child uagb-faq-child__outer-wrap uagb-faq-item uagb-block-0b20eca9 \" role=\"tab\" tabindex=\"0\"><div class=\"uagb-faq-questions-button uagb-faq-questions\">\t\t\t<span class=\"uagb-icon uagb-faq-icon-wrap\">\n\t\t\t\t\t\t\t\t<svg xmlns=\"https:\/\/www.w3.org\/2000\/svg\" viewBox= \"0 0 448 512\"><path d=\"M432 256c0 17.69-14.33 32.01-32 32.01H256v144c0 17.69-14.33 31.99-32 31.99s-32-14.3-32-31.99v-144H48c-17.67 0-32-14.32-32-32.01s14.33-31.99 32-31.99H192v-144c0-17.69 14.33-32.01 32-32.01s32 14.32 32 32.01v144h144C417.7 224 432 238.3 432 256z\"><\/path><\/svg>\n\t\t\t\t\t\t\t<\/span>\n\t\t\t\t\t\t<span class=\"uagb-icon-active uagb-faq-icon-wrap\">\n\t\t\t\t\t\t\t\t<svg xmlns=\"https:\/\/www.w3.org\/2000\/svg\" viewBox= \"0 0 448 512\"><path d=\"M400 288h-352c-17.69 0-32-14.32-32-32.01s14.31-31.99 32-31.99h352c17.69 0 32 14.3 32 31.99S417.7 288 400 288z\"><\/path><\/svg>\n\t\t\t\t\t\t\t<\/span>\n\t\t\t<span class=\"uagb-question\"><strong>Kan hoppborgen anl\u00e4nda tidigare eller senare \u00e4n den angivna leveranstiden?<\/strong><\/span><\/div><div class=\"uagb-faq-content\"><p>Vi planerar alltid leveranserna med en gener\u00f6s buffert. Om allt g\u00e5r smidigt anl\u00e4nder hoppborgen i regel under den f\u00f6rsta m\u00e5naden som n\u00e4mns, ibland till och med tidigare. Om det blir n\u00e5gra f\u00f6rseningar \u00e4r det mer troligt att det blir i b\u00f6rjan eller mitten av den andra m\u00e5naden.<br>Tyv\u00e4rr kan man planera en o\u00e4ndlig m\u00e4ngd buffertar, men om allt i v\u00e4rlden g\u00e5r fel kan leveranstiden i undantagsfall \u00f6verskridas. Men som sagt, detta \u00e4r ett s\u00e4llsynt undantagsfall.<\/p><\/div><\/div><div class=\"wp-block-uagb-faq-child uagb-faq-child__outer-wrap uagb-faq-item uagb-block-53e65bb7 \" role=\"tab\" tabindex=\"0\"><div class=\"uagb-faq-questions-button uagb-faq-questions\">\t\t\t<span class=\"uagb-icon uagb-faq-icon-wrap\">\n\t\t\t\t\t\t\t\t<svg xmlns=\"https:\/\/www.w3.org\/2000\/svg\" viewBox= \"0 0 448 512\"><path d=\"M432 256c0 17.69-14.33 32.01-32 32.01H256v144c0 17.69-14.33 31.99-32 31.99s-32-14.3-32-31.99v-144H48c-17.67 0-32-14.32-32-32.01s14.33-31.99 32-31.99H192v-144c0-17.69 14.33-32.01 32-32.01s32 14.32 32 32.01v144h144C417.7 224 432 238.3 432 256z\"><\/path><\/svg>\n\t\t\t\t\t\t\t<\/span>\n\t\t\t\t\t\t<span class=\"uagb-icon-active uagb-faq-icon-wrap\">\n\t\t\t\t\t\t\t\t<svg xmlns=\"https:\/\/www.w3.org\/2000\/svg\" viewBox= \"0 0 448 512\"><path d=\"M400 288h-352c-17.69 0-32-14.32-32-32.01s14.31-31.99 32-31.99h352c17.69 0 32 14.3 32 31.99S417.7 288 400 288z\"><\/path><\/svg>\n\t\t\t\t\t\t\t<\/span>\n\t\t\t<span class=\"uagb-question\"><strong>Vad betyder leveranstiden &#8221;Out of stock &#8211; On request&#8221;?<\/strong><\/span><\/div><div class=\"uagb-faq-content\"><p>F\u00f6r hoppborgar med denna leveranstid har alla kommande hoppborgar redan f\u00f6rbest\u00e4llts eller s\u00e5 har vi inte n\u00e5gon stor efterfr\u00e5gan och har d\u00e4rf\u00f6r tagit bort dem fr\u00e5n det fasta sortimentet. Om du vill ha dessa \u00e4r du v\u00e4lkommen att f\u00f6rbest\u00e4lla dem fr\u00e5n oss. Sedan kommer den att g\u00f6ras p\u00e5 best\u00e4llning f\u00f6r dig. Du b\u00f6r r\u00e4kna med en leveranstid (beroende p\u00e5 s\u00e4song) p\u00e5 ca. 5 &#8211; 6 m\u00e5nader.<\/p><\/div><\/div><div class=\"wp-block-uagb-faq-child uagb-faq-child__outer-wrap uagb-faq-item uagb-block-37a26ef9 \" role=\"tab\" tabindex=\"0\"><div class=\"uagb-faq-questions-button uagb-faq-questions\">\t\t\t<span class=\"uagb-icon uagb-faq-icon-wrap\">\n\t\t\t\t\t\t\t\t<svg xmlns=\"https:\/\/www.w3.org\/2000\/svg\" viewBox= \"0 0 448 512\"><path d=\"M432 256c0 17.69-14.33 32.01-32 32.01H256v144c0 17.69-14.33 31.99-32 31.99s-32-14.3-32-31.99v-144H48c-17.67 0-32-14.32-32-32.01s14.33-31.99 32-31.99H192v-144c0-17.69 14.33-32.01 32-32.01s32 14.32 32 32.01v144h144C417.7 224 432 238.3 432 256z\"><\/path><\/svg>\n\t\t\t\t\t\t\t<\/span>\n\t\t\t\t\t\t<span class=\"uagb-icon-active uagb-faq-icon-wrap\">\n\t\t\t\t\t\t\t\t<svg xmlns=\"https:\/\/www.w3.org\/2000\/svg\" viewBox= \"0 0 448 512\"><path d=\"M400 288h-352c-17.69 0-32-14.32-32-32.01s14.31-31.99 32-31.99h352c17.69 0 32 14.3 32 31.99S417.7 288 400 288z\"><\/path><\/svg>\n\t\t\t\t\t\t\t<\/span>\n\t\t\t<span class=\"uagb-question\"><strong>Hur l\u00e5ng tid tar leveransen?<\/strong><\/span><\/div><div class=\"uagb-faq-content\"><p>Om betalningen inkommer idag kan vi packa hoppborgen direkt och l\u00e4mna \u00f6ver den till fraktbolaget i morgon. D\u00e5 tar frakten ca. 2 &#8211; 3 arbetsdagar.<br>V\u00e4nligen kontrollera den angivna leveranstiden f\u00f6r \u00f6nskad hoppborg innan du best\u00e4ller. Det \u00e4r b\u00e4st att uppdatera sidan eftersom leveranstiderna kan \u00e4ndras varje timme.<\/p><\/div><\/div><div class=\"wp-block-uagb-faq-child uagb-faq-child__outer-wrap uagb-faq-item uagb-block-1c1c42ec \" role=\"tab\" tabindex=\"0\"><div class=\"uagb-faq-questions-button uagb-faq-questions\">\t\t\t<span class=\"uagb-icon uagb-faq-icon-wrap\">\n\t\t\t\t\t\t\t\t<svg xmlns=\"https:\/\/www.w3.org\/2000\/svg\" viewBox= \"0 0 448 512\"><path d=\"M432 256c0 17.69-14.33 32.01-32 32.01H256v144c0 17.69-14.33 31.99-32 31.99s-32-14.3-32-31.99v-144H48c-17.67 0-32-14.32-32-32.01s14.33-31.99 32-31.99H192v-144c0-17.69 14.33-32.01 32-32.01s32 14.32 32 32.01v144h144C417.7 224 432 238.3 432 256z\"><\/path><\/svg>\n\t\t\t\t\t\t\t<\/span>\n\t\t\t\t\t\t<span class=\"uagb-icon-active uagb-faq-icon-wrap\">\n\t\t\t\t\t\t\t\t<svg xmlns=\"https:\/\/www.w3.org\/2000\/svg\" viewBox= \"0 0 448 512\"><path d=\"M400 288h-352c-17.69 0-32-14.32-32-32.01s14.31-31.99 32-31.99h352c17.69 0 32 14.3 32 31.99S417.7 288 400 288z\"><\/path><\/svg>\n\t\t\t\t\t\t\t<\/span>\n\t\t\t<span class=\"uagb-question\"><strong>Hur l\u00e4nge h\u00e5ller en hoppborg i genomsnitt?<\/strong><\/span><\/div><div class=\"uagb-faq-content\"><p>Detta beror till stor del p\u00e5 anv\u00e4ndning och underh\u00e5ll av hoppborgen. En hoppborg h\u00e5ller i regel i m\u00e5nga \u00e5r om den sk\u00f6ts v\u00e4l. Observera informationen i v\u00e5ra bruksanvisningar.<br>V\u00e5ra kommersiella kunder byter dock ofta ut sina hoppborgar med n\u00e5gra \u00e5rs mellanrum f\u00f6r att kunna gl\u00e4dja sina kunder med nya modeller. Dessutom har en begagnad hoppborg fortfarande ett h\u00f6gt andrahandsv\u00e4rde.<\/p><\/div><\/div><div class=\"wp-block-uagb-faq-child uagb-faq-child__outer-wrap uagb-faq-item uagb-block-ff0c1f1c \" role=\"tab\" tabindex=\"0\"><div class=\"uagb-faq-questions-button uagb-faq-questions\">\t\t\t<span class=\"uagb-icon uagb-faq-icon-wrap\">\n\t\t\t\t\t\t\t\t<svg xmlns=\"https:\/\/www.w3.org\/2000\/svg\" viewBox= \"0 0 448 512\"><path d=\"M432 256c0 17.69-14.33 32.01-32 32.01H256v144c0 17.69-14.33 31.99-32 31.99s-32-14.3-32-31.99v-144H48c-17.67 0-32-14.32-32-32.01s14.33-31.99 32-31.99H192v-144c0-17.69 14.33-32.01 32-32.01s32 14.32 32 32.01v144h144C417.7 224 432 238.3 432 256z\"><\/path><\/svg>\n\t\t\t\t\t\t\t<\/span>\n\t\t\t\t\t\t<span class=\"uagb-icon-active uagb-faq-icon-wrap\">\n\t\t\t\t\t\t\t\t<svg xmlns=\"https:\/\/www.w3.org\/2000\/svg\" viewBox= \"0 0 448 512\"><path d=\"M400 288h-352c-17.69 0-32-14.32-32-32.01s14.31-31.99 32-31.99h352c17.69 0 32 14.3 32 31.99S417.7 288 400 288z\"><\/path><\/svg>\n\t\t\t\t\t\t\t<\/span>\n\t\t\t<span class=\"uagb-question\"><strong>\u00c4r sj\u00e4lvinkassering m\u00f6jlig?<\/strong><\/span><\/div><div class=\"uagb-faq-content\"><p>Du \u00e4r ocks\u00e5 v\u00e4lkommen att sj\u00e4lv h\u00e4mta den hoppborg du best\u00e4llt fr\u00e5n oss.\nV\u00e5rt lager ligger i Gilching, v\u00e4ster om M\u00fcnchen.  Var noga med att boka tid med oss f\u00f6r upph\u00e4mtning, eftersom v\u00e5rt lager inte \u00e4r bemannat hela tiden.<\/p><\/div><\/div><div class=\"wp-block-uagb-faq-child uagb-faq-child__outer-wrap uagb-faq-item uagb-block-af23d7c6 \" role=\"tab\" tabindex=\"0\"><div class=\"uagb-faq-questions-button uagb-faq-questions\">\t\t\t<span class=\"uagb-icon uagb-faq-icon-wrap\">\n\t\t\t\t\t\t\t\t<svg xmlns=\"https:\/\/www.w3.org\/2000\/svg\" viewBox= \"0 0 448 512\"><path d=\"M432 256c0 17.69-14.33 32.01-32 32.01H256v144c0 17.69-14.33 31.99-32 31.99s-32-14.3-32-31.99v-144H48c-17.67 0-32-14.32-32-32.01s14.33-31.99 32-31.99H192v-144c0-17.69 14.33-32.01 32-32.01s32 14.32 32 32.01v144h144C417.7 224 432 238.3 432 256z\"><\/path><\/svg>\n\t\t\t\t\t\t\t<\/span>\n\t\t\t\t\t\t<span class=\"uagb-icon-active uagb-faq-icon-wrap\">\n\t\t\t\t\t\t\t\t<svg xmlns=\"https:\/\/www.w3.org\/2000\/svg\" viewBox= \"0 0 448 512\"><path d=\"M400 288h-352c-17.69 0-32-14.32-32-32.01s14.31-31.99 32-31.99h352c17.69 0 32 14.3 32 31.99S417.7 288 400 288z\"><\/path><\/svg>\n\t\t\t\t\t\t\t<\/span>\n\t\t\t<span class=\"uagb-question\"><strong>\u00c4r v\u00e5ra hoppborgar testade?<\/strong><\/span><\/div><div class=\"uagb-faq-content\"><p>Alla uppbl\u00e5sbara produkter tillverkas och testas i enlighet med DIN EN 14960. Efter ditt k\u00f6p f\u00e5r du en guide via e-post med alla viktiga riktlinjer. D\u00e4r hittar du ocks\u00e5 certifikatet.<\/p><\/div><\/div><div class=\"wp-block-uagb-faq-child uagb-faq-child__outer-wrap uagb-faq-item uagb-block-7d02841e \" role=\"tab\" tabindex=\"0\"><div class=\"uagb-faq-questions-button uagb-faq-questions\">\t\t\t<span class=\"uagb-icon uagb-faq-icon-wrap\">\n\t\t\t\t\t\t\t\t<svg xmlns=\"https:\/\/www.w3.org\/2000\/svg\" viewBox= \"0 0 448 512\"><path d=\"M432 256c0 17.69-14.33 32.01-32 32.01H256v144c0 17.69-14.33 31.99-32 31.99s-32-14.3-32-31.99v-144H48c-17.67 0-32-14.32-32-32.01s14.33-31.99 32-31.99H192v-144c0-17.69 14.33-32.01 32-32.01s32 14.32 32 32.01v144h144C417.7 224 432 238.3 432 256z\"><\/path><\/svg>\n\t\t\t\t\t\t\t<\/span>\n\t\t\t\t\t\t<span class=\"uagb-icon-active uagb-faq-icon-wrap\">\n\t\t\t\t\t\t\t\t<svg xmlns=\"https:\/\/www.w3.org\/2000\/svg\" viewBox= \"0 0 448 512\"><path d=\"M400 288h-352c-17.69 0-32-14.32-32-32.01s14.31-31.99 32-31.99h352c17.69 0 32 14.3 32 31.99S417.7 288 400 288z\"><\/path><\/svg>\n\t\t\t\t\t\t\t<\/span>\n\t\t\t<span class=\"uagb-question\"><strong>F\u00e5r vuxna ocks\u00e5 anv\u00e4nda hoppborgarna?<\/strong><\/span><\/div><div class=\"uagb-faq-content\"><p>Nej! Nej! V\u00e5ra hoppborgar \u00e4r endast byggda och godk\u00e4nda f\u00f6r barn. De v\u00e4ggh\u00f6jder etc. som kontrolleras vid certifieringen \u00e4r ocks\u00e5 endast avsedda f\u00f6r barn upp till max 1,50 m. Den h\u00f6ga punktbelastningen med vikten av en vuxen person kan f\u00f6rkorta hoppborgens livsl\u00e4ngd.<\/p><\/div><\/div><\/div>\n<div style=\"height:79px\" aria-hidden=\"true\" class=\"wp-block-spacer\"><\/div>\n","protected":false},"excerpt":{"rendered":"<p>Vanliga fr\u00e5gor och svar<\/p>\n","protected":false},"author":1,"featured_media":0,"parent":0,"menu_order":0,"comment_status":"closed","ping_status":"closed","template":"","meta":{"_acf_changed":false,"_uag_custom_page_level_css":"","site-sidebar-layout":"default","site-content-layout":"","ast-site-content-layout":"normal-width-container","site-content-style":"default","site-sidebar-style":"default","ast-global-header-display":"","ast-banner-title-visibility":"","ast-main-header-display":"","ast-hfb-above-header-display":"","ast-hfb-below-header-display":"","ast-hfb-mobile-header-display":"","site-post-title":"","ast-breadcrumbs-content":"","ast-featured-img":"","footer-sml-layout":"","ast-disable-related-posts":"","theme-transparent-header-meta":"","adv-header-id-meta":"7189","stick-header-meta":"","header-above-stick-meta":"","header-main-stick-meta":"","header-below-stick-meta":"","astra-migrate-meta-layouts":"default","ast-page-background-enabled":"default","ast-page-background-meta":{"desktop":{"background-color":"var(--ast-global-color-4)","background-image":"","background-repeat":"repeat","background-position":"center center","background-size":"auto","background-attachment":"scroll","background-type":"","background-media":"","overlay-type":"","overlay-color":"","overlay-opacity":"","overlay-gradient":""},"tablet":{"background-color":"","background-image":"","background-repeat":"repeat","background-position":"center center","background-size":"auto","background-attachment":"scroll","background-type":"","background-media":"","overlay-type":"","overlay-color":"","overlay-opacity":"","overlay-gradient":""},"mobile":{"background-color":"","background-image":"","background-repeat":"repeat","background-position":"center center","background-size":"auto","background-attachment":"scroll","background-type":"","background-media":"","overlay-type":"","overlay-color":"","overlay-opacity":"","overlay-gradient":""}},"ast-content-background-meta":{"desktop":{"background-color":"var(--ast-global-color-5)","background-image":"","background-repeat":"repeat","background-position":"center center","background-size":"auto","background-attachment":"scroll","background-type":"","background-media":"","overlay-type":"","overlay-color":"","overlay-opacity":"","overlay-gradient":""},"tablet":{"background-color":"var(--ast-global-color-5)","background-image":"","background-repeat":"repeat","background-position":"center center","background-size":"auto","background-attachment":"scroll","background-type":"","background-media":"","overlay-type":"","overlay-color":"","overlay-opacity":"","overlay-gradient":""},"mobile":{"background-color":"var(--ast-global-color-5)","background-image":"","background-repeat":"repeat","background-position":"center center","background-size":"auto","background-attachment":"scroll","background-type":"","background-media":"","overlay-type":"","overlay-color":"","overlay-opacity":"","overlay-gradient":""}},"footnotes":""},"class_list":["post-16755","page","type-page","status-publish","hentry"],"acf":[],"yoast_head":"<!-- This site is optimized with the Yoast SEO plugin v27.3 - https:\/\/yoast.com\/product\/yoast-seo-wordpress\/ -->\n<title>Har du n\u00e5gra fr\u00e5gor? Vanliga fr\u00e5gor om Dodo Inflatables har du t\u00e4ckt<\/title>\n<meta name=\"description\" content=\"Hitta svar p\u00e5 alla dina fr\u00e5gor om v\u00e5ra DIN EN 14960-certifierade hoppborgar och starta en uthyrningsverksamhet med Inflatables.\" \/>\n<meta name=\"robots\" content=\"index, follow, max-snippet:-1, max-image-preview:large, max-video-preview:-1\" \/>\n<link rel=\"canonical\" href=\"https:\/\/dodo-inflatables.com\/sv\/vanliga-fragor\/\" \/>\n<meta name=\"twitter:label1\" content=\"Ber\u00e4knad l\u00e4stid\" \/>\n\t<meta name=\"twitter:data1\" content=\"3 minuter\" \/>\n<script type=\"application\/ld+json\" class=\"yoast-schema-graph\">{\"@context\":\"https:\\\/\\\/schema.org\",\"@graph\":[{\"@type\":\"WebPage\",\"@id\":\"https:\\\/\\\/dodo-inflatables.com\\\/sv\\\/vanliga-fragor\\\/\",\"url\":\"https:\\\/\\\/dodo-inflatables.com\\\/sv\\\/vanliga-fragor\\\/\",\"name\":\"Har du n\u00e5gra fr\u00e5gor? Vanliga fr\u00e5gor om Dodo Inflatables har du t\u00e4ckt\",\"isPartOf\":{\"@id\":\"https:\\\/\\\/dodo-inflatables.com\\\/sv\\\/#website\"},\"datePublished\":\"2023-12-15T17:04:24+00:00\",\"dateModified\":\"2024-07-17T12:56:03+00:00\",\"description\":\"Hitta svar p\u00e5 alla dina fr\u00e5gor om v\u00e5ra DIN EN 14960-certifierade hoppborgar och starta en uthyrningsverksamhet med Inflatables.\",\"breadcrumb\":{\"@id\":\"https:\\\/\\\/dodo-inflatables.com\\\/sv\\\/vanliga-fragor\\\/#breadcrumb\"},\"inLanguage\":\"sv-SE\",\"potentialAction\":[{\"@type\":\"ReadAction\",\"target\":[\"https:\\\/\\\/dodo-inflatables.com\\\/sv\\\/vanliga-fragor\\\/\"]}]},{\"@type\":\"BreadcrumbList\",\"@id\":\"https:\\\/\\\/dodo-inflatables.com\\\/sv\\\/vanliga-fragor\\\/#breadcrumb\",\"itemListElement\":[{\"@type\":\"ListItem\",\"position\":1,\"name\":\"Hem\",\"item\":\"https:\\\/\\\/dodo-inflatables.com\\\/sv\\\/\"},{\"@type\":\"ListItem\",\"position\":2,\"name\":\"Vanliga fr\u00e5gor\"}]},{\"@type\":\"WebSite\",\"@id\":\"https:\\\/\\\/dodo-inflatables.com\\\/sv\\\/#website\",\"url\":\"https:\\\/\\\/dodo-inflatables.com\\\/sv\\\/\",\"name\":\"dodo-inflatables.com\",\"description\":\"K\u00f6p hoppborgar och attraktioner i v\u00e5r butik.\",\"publisher\":{\"@id\":\"https:\\\/\\\/dodo-inflatables.com\\\/sv\\\/#organization\"},\"potentialAction\":[{\"@type\":\"SearchAction\",\"target\":{\"@type\":\"EntryPoint\",\"urlTemplate\":\"https:\\\/\\\/dodo-inflatables.com\\\/sv\\\/?s={search_term_string}\"},\"query-input\":{\"@type\":\"PropertyValueSpecification\",\"valueRequired\":true,\"valueName\":\"search_term_string\"}}],\"inLanguage\":\"sv-SE\"},{\"@type\":\"Organization\",\"@id\":\"https:\\\/\\\/dodo-inflatables.com\\\/sv\\\/#organization\",\"name\":\"dodo-inflatables.com\",\"url\":\"https:\\\/\\\/dodo-inflatables.com\\\/sv\\\/\",\"logo\":{\"@type\":\"ImageObject\",\"inLanguage\":\"sv-SE\",\"@id\":\"https:\\\/\\\/dodo-inflatables.com\\\/sv\\\/#\\\/schema\\\/logo\\\/image\\\/\",\"url\":\"https:\\\/\\\/dodo-inflatables.com\\\/wp-content\\\/uploads\\\/2023\\\/04\\\/cropped-cropped-cropped-Dodo-Logo.png\",\"contentUrl\":\"https:\\\/\\\/dodo-inflatables.com\\\/wp-content\\\/uploads\\\/2023\\\/04\\\/cropped-cropped-cropped-Dodo-Logo.png\",\"width\":2996,\"height\":1545,\"caption\":\"dodo-inflatables.com\"},\"image\":{\"@id\":\"https:\\\/\\\/dodo-inflatables.com\\\/sv\\\/#\\\/schema\\\/logo\\\/image\\\/\"}}]}<\/script>\n<!-- \/ Yoast SEO plugin. -->","yoast_head_json":{"title":"Har du n\u00e5gra fr\u00e5gor? Vanliga fr\u00e5gor om Dodo Inflatables har du t\u00e4ckt","description":"Hitta svar p\u00e5 alla dina fr\u00e5gor om v\u00e5ra DIN EN 14960-certifierade hoppborgar och starta en uthyrningsverksamhet med Inflatables.","robots":{"index":"index","follow":"follow","max-snippet":"max-snippet:-1","max-image-preview":"max-image-preview:large","max-video-preview":"max-video-preview:-1"},"canonical":"https:\/\/dodo-inflatables.com\/sv\/vanliga-fragor\/","twitter_misc":{"Ber\u00e4knad l\u00e4stid":"3 minuter"},"schema":{"@context":"https:\/\/schema.org","@graph":[{"@type":"WebPage","@id":"https:\/\/dodo-inflatables.com\/sv\/vanliga-fragor\/","url":"https:\/\/dodo-inflatables.com\/sv\/vanliga-fragor\/","name":"Har du n\u00e5gra fr\u00e5gor? Vanliga fr\u00e5gor om Dodo Inflatables har du t\u00e4ckt","isPartOf":{"@id":"https:\/\/dodo-inflatables.com\/sv\/#website"},"datePublished":"2023-12-15T17:04:24+00:00","dateModified":"2024-07-17T12:56:03+00:00","description":"Hitta svar p\u00e5 alla dina fr\u00e5gor om v\u00e5ra DIN EN 14960-certifierade hoppborgar och starta en uthyrningsverksamhet med Inflatables.","breadcrumb":{"@id":"https:\/\/dodo-inflatables.com\/sv\/vanliga-fragor\/#breadcrumb"},"inLanguage":"sv-SE","potentialAction":[{"@type":"ReadAction","target":["https:\/\/dodo-inflatables.com\/sv\/vanliga-fragor\/"]}]},{"@type":"BreadcrumbList","@id":"https:\/\/dodo-inflatables.com\/sv\/vanliga-fragor\/#breadcrumb","itemListElement":[{"@type":"ListItem","position":1,"name":"Hem","item":"https:\/\/dodo-inflatables.com\/sv\/"},{"@type":"ListItem","position":2,"name":"Vanliga fr\u00e5gor"}]},{"@type":"WebSite","@id":"https:\/\/dodo-inflatables.com\/sv\/#website","url":"https:\/\/dodo-inflatables.com\/sv\/","name":"dodo-inflatables.com","description":"K\u00f6p hoppborgar och attraktioner i v\u00e5r butik.","publisher":{"@id":"https:\/\/dodo-inflatables.com\/sv\/#organization"},"potentialAction":[{"@type":"SearchAction","target":{"@type":"EntryPoint","urlTemplate":"https:\/\/dodo-inflatables.com\/sv\/?s={search_term_string}"},"query-input":{"@type":"PropertyValueSpecification","valueRequired":true,"valueName":"search_term_string"}}],"inLanguage":"sv-SE"},{"@type":"Organization","@id":"https:\/\/dodo-inflatables.com\/sv\/#organization","name":"dodo-inflatables.com","url":"https:\/\/dodo-inflatables.com\/sv\/","logo":{"@type":"ImageObject","inLanguage":"sv-SE","@id":"https:\/\/dodo-inflatables.com\/sv\/#\/schema\/logo\/image\/","url":"https:\/\/dodo-inflatables.com\/wp-content\/uploads\/2023\/04\/cropped-cropped-cropped-Dodo-Logo.png","contentUrl":"https:\/\/dodo-inflatables.com\/wp-content\/uploads\/2023\/04\/cropped-cropped-cropped-Dodo-Logo.png","width":2996,"height":1545,"caption":"dodo-inflatables.com"},"image":{"@id":"https:\/\/dodo-inflatables.com\/sv\/#\/schema\/logo\/image\/"}}]}},"uagb_featured_image_src":{"full":false,"thumbnail":false,"medium":false,"medium_large":false,"large":false,"1536x1536":false,"2048x2048":false,"woocommerce_thumbnail":false,"woocommerce_single":false,"woocommerce_gallery_thumbnail":false},"uagb_author_info":{"display_name":"Andreas","author_link":"https:\/\/dodo-inflatables.com\/sv\/author\/andreas\/"},"uagb_comment_info":0,"uagb_excerpt":"Vanliga fr\u00e5gor och svar","_links":{"self":[{"href":"https:\/\/dodo-inflatables.com\/sv\/wp-json\/wp\/v2\/pages\/16755","targetHints":{"allow":["GET"]}}],"collection":[{"href":"https:\/\/dodo-inflatables.com\/sv\/wp-json\/wp\/v2\/pages"}],"about":[{"href":"https:\/\/dodo-inflatables.com\/sv\/wp-json\/wp\/v2\/types\/page"}],"author":[{"embeddable":true,"href":"https:\/\/dodo-inflatables.com\/sv\/wp-json\/wp\/v2\/users\/1"}],"replies":[{"embeddable":true,"href":"https:\/\/dodo-inflatables.com\/sv\/wp-json\/wp\/v2\/comments?post=16755"}],"version-history":[{"count":2,"href":"https:\/\/dodo-inflatables.com\/sv\/wp-json\/wp\/v2\/pages\/16755\/revisions"}],"predecessor-version":[{"id":16759,"href":"https:\/\/dodo-inflatables.com\/sv\/wp-json\/wp\/v2\/pages\/16755\/revisions\/16759"}],"wp:attachment":[{"href":"https:\/\/dodo-inflatables.com\/sv\/wp-json\/wp\/v2\/media?parent=16755"}],"curies":[{"name":"wp","href":"https:\/\/api.w.org\/{rel}","templated":true}]}}