{"id":16959,"date":"2020-04-22T12:06:26","date_gmt":"2020-04-22T10:06:26","guid":{"rendered":"https:\/\/dodo-inflatables.com\/dostava-u-hrvatsku\/"},"modified":"2024-07-17T14:56:51","modified_gmt":"2024-07-17T12:56:51","slug":"dostava-u-hrvatsku","status":"publish","type":"page","link":"https:\/\/dodo-inflatables.com\/sv\/dostava-u-hrvatsku\/","title":{"rendered":"Dostava u Hrvatsku"},"content":{"rendered":"\n<h2 class=\"wp-block-heading\" id=\"dostava-u-hrvatsku\">Dostava u Hrvatsku<\/h2>\n\n<p><br\/>Sretni smo \u0161to \u0107emo vam isporu\u010diti \u017eeljeni dvorac u Hrvatsku.  <\/p>\n\n<p>Kao privatna osoba naplatit \u0107e vam se njema\u010dki PDV. Redovito mo\u017eete izvr\u0161iti narud\u017ebu putem internetske trgovine.  <\/p>\n\n<p>Naru\u010dite se kao tvrtka i imate va\u017ee\u0107i porez na promet (PDV)? Tada vam mo\u017eemo prodati robu bez poreza. Za to, po\u0161aljite svoju narud\u017ebu kod nas putem e-maila.<\/p>\n","protected":false},"excerpt":{"rendered":"<p>Dostava u Hrvatsku Sretni smo \u0161to \u0107emo vam isporu\u010diti \u017eeljeni dvorac u Hrvatsku. Kao privatna osoba naplatit \u0107e vam se njema\u010dki PDV. Redovito mo\u017eete izvr\u0161iti narud\u017ebu putem internetske trgovine. Naru\u010dite se kao tvrtka i imate va\u017ee\u0107i porez na promet (PDV)? Tada vam mo\u017eemo prodati robu bez poreza. Za to, po\u0161aljite svoju narud\u017ebu kod nas putem [&hellip;]<\/p>\n","protected":false},"author":1,"featured_media":0,"parent":0,"menu_order":0,"comment_status":"closed","ping_status":"closed","template":"","meta":{"_acf_changed":false,"_uag_custom_page_level_css":"","site-sidebar-layout":"default","site-content-layout":"content-boxed-container","ast-site-content-layout":"default","site-content-style":"default","site-sidebar-style":"default","ast-global-header-display":"","ast-banner-title-visibility":"","ast-main-header-display":"","ast-hfb-above-header-display":"","ast-hfb-below-header-display":"","ast-hfb-mobile-header-display":"","site-post-title":"disabled","ast-breadcrumbs-content":"disabled","ast-featured-img":"disabled","footer-sml-layout":"","ast-disable-related-posts":"","theme-transparent-header-meta":"","adv-header-id-meta":"4069","stick-header-meta":"","header-above-stick-meta":"","header-main-stick-meta":"","header-below-stick-meta":"","astra-migrate-meta-layouts":"default","ast-page-background-enabled":"default","ast-page-background-meta":{"desktop":{"background-color":"var(--ast-global-color-4)","background-image":"","background-repeat":"repeat","background-position":"center center","background-size":"auto","background-attachment":"scroll","background-type":"","background-media":"","overlay-type":"","overlay-color":"","overlay-opacity":"","overlay-gradient":""},"tablet":{"background-color":"","background-image":"","background-repeat":"repeat","background-position":"center center","background-size":"auto","background-attachment":"scroll","background-type":"","background-media":"","overlay-type":"","overlay-color":"","overlay-opacity":"","overlay-gradient":""},"mobile":{"background-color":"","background-image":"","background-repeat":"repeat","background-position":"center center","background-size":"auto","background-attachment":"scroll","background-type":"","background-media":"","overlay-type":"","overlay-color":"","overlay-opacity":"","overlay-gradient":""}},"ast-content-background-meta":{"desktop":{"background-color":"var(--ast-global-color-5)","background-image":"","background-repeat":"repeat","background-position":"center center","background-size":"auto","background-attachment":"scroll","background-type":"","background-media":"","overlay-type":"","overlay-color":"","overlay-opacity":"","overlay-gradient":""},"tablet":{"background-color":"var(--ast-global-color-5)","background-image":"","background-repeat":"repeat","background-position":"center center","background-size":"auto","background-attachment":"scroll","background-type":"","background-media":"","overlay-type":"","overlay-color":"","overlay-opacity":"","overlay-gradient":""},"mobile":{"background-color":"var(--ast-global-color-5)","background-image":"","background-repeat":"repeat","background-position":"center center","background-size":"auto","background-attachment":"scroll","background-type":"","background-media":"","overlay-type":"","overlay-color":"","overlay-opacity":"","overlay-gradient":""}},"footnotes":""},"class_list":["post-16959","page","type-page","status-publish","hentry"],"acf":[],"yoast_head":"<!-- This site is optimized with the Yoast SEO plugin v27.4 - https:\/\/yoast.com\/product\/yoast-seo-wordpress\/ -->\n<title>Kupite bu\u010dni dvorac | Dostava u Hrvatsku<\/title>\n<meta name=\"description\" content=\"Kod nas \u0107ete na\u0107i veliki izbor visokokvalitetnih gumenjaka u izvrsnoj izvedbi! \u2713 Dostava mogu\u0107a diljem Europe! \u2713 Brza isporuka!\" \/>\n<meta name=\"robots\" content=\"index, follow, max-snippet:-1, max-image-preview:large, max-video-preview:-1\" \/>\n<link rel=\"canonical\" href=\"https:\/\/dodo-inflatables.com\/sv\/dostava-u-hrvatsku\/\" \/>\n<script type=\"application\/ld+json\" class=\"yoast-schema-graph\">{\"@context\":\"https:\\\/\\\/schema.org\",\"@graph\":[{\"@type\":\"WebPage\",\"@id\":\"https:\\\/\\\/dodo-inflatables.com\\\/sv\\\/dostava-u-hrvatsku\\\/\",\"url\":\"https:\\\/\\\/dodo-inflatables.com\\\/sv\\\/dostava-u-hrvatsku\\\/\",\"name\":\"Kupite bu\u010dni dvorac | Dostava u Hrvatsku\",\"isPartOf\":{\"@id\":\"https:\\\/\\\/dodo-inflatables.com\\\/sv\\\/#website\"},\"datePublished\":\"2020-04-22T10:06:26+00:00\",\"dateModified\":\"2024-07-17T12:56:51+00:00\",\"description\":\"Kod nas \u0107ete na\u0107i veliki izbor visokokvalitetnih gumenjaka u izvrsnoj izvedbi! \u2713 Dostava mogu\u0107a diljem Europe! \u2713 Brza isporuka!\",\"breadcrumb\":{\"@id\":\"https:\\\/\\\/dodo-inflatables.com\\\/sv\\\/dostava-u-hrvatsku\\\/#breadcrumb\"},\"inLanguage\":\"sv-SE\",\"potentialAction\":[{\"@type\":\"ReadAction\",\"target\":[\"https:\\\/\\\/dodo-inflatables.com\\\/sv\\\/dostava-u-hrvatsku\\\/\"]}]},{\"@type\":\"BreadcrumbList\",\"@id\":\"https:\\\/\\\/dodo-inflatables.com\\\/sv\\\/dostava-u-hrvatsku\\\/#breadcrumb\",\"itemListElement\":[{\"@type\":\"ListItem\",\"position\":1,\"name\":\"Hem\",\"item\":\"https:\\\/\\\/dodo-inflatables.com\\\/sv\\\/\"},{\"@type\":\"ListItem\",\"position\":2,\"name\":\"Dostava u Hrvatsku\"}]},{\"@type\":\"WebSite\",\"@id\":\"https:\\\/\\\/dodo-inflatables.com\\\/sv\\\/#website\",\"url\":\"https:\\\/\\\/dodo-inflatables.com\\\/sv\\\/\",\"name\":\"dodo-inflatables.com\",\"description\":\"K\u00f6p hoppborgar och attraktioner i v\u00e5r butik.\",\"publisher\":{\"@id\":\"https:\\\/\\\/dodo-inflatables.com\\\/sv\\\/#organization\"},\"potentialAction\":[{\"@type\":\"SearchAction\",\"target\":{\"@type\":\"EntryPoint\",\"urlTemplate\":\"https:\\\/\\\/dodo-inflatables.com\\\/sv\\\/?s={search_term_string}\"},\"query-input\":{\"@type\":\"PropertyValueSpecification\",\"valueRequired\":true,\"valueName\":\"search_term_string\"}}],\"inLanguage\":\"sv-SE\"},{\"@type\":\"Organization\",\"@id\":\"https:\\\/\\\/dodo-inflatables.com\\\/sv\\\/#organization\",\"name\":\"dodo-inflatables.com\",\"url\":\"https:\\\/\\\/dodo-inflatables.com\\\/sv\\\/\",\"logo\":{\"@type\":\"ImageObject\",\"inLanguage\":\"sv-SE\",\"@id\":\"https:\\\/\\\/dodo-inflatables.com\\\/sv\\\/#\\\/schema\\\/logo\\\/image\\\/\",\"url\":\"https:\\\/\\\/dodo-inflatables.com\\\/wp-content\\\/uploads\\\/2023\\\/04\\\/cropped-cropped-cropped-Dodo-Logo.png\",\"contentUrl\":\"https:\\\/\\\/dodo-inflatables.com\\\/wp-content\\\/uploads\\\/2023\\\/04\\\/cropped-cropped-cropped-Dodo-Logo.png\",\"width\":2996,\"height\":1545,\"caption\":\"dodo-inflatables.com\"},\"image\":{\"@id\":\"https:\\\/\\\/dodo-inflatables.com\\\/sv\\\/#\\\/schema\\\/logo\\\/image\\\/\"}}]}<\/script>\n<!-- \/ Yoast SEO plugin. -->","yoast_head_json":{"title":"Kupite bu\u010dni dvorac | Dostava u Hrvatsku","description":"Kod nas \u0107ete na\u0107i veliki izbor visokokvalitetnih gumenjaka u izvrsnoj izvedbi! \u2713 Dostava mogu\u0107a diljem Europe! \u2713 Brza isporuka!","robots":{"index":"index","follow":"follow","max-snippet":"max-snippet:-1","max-image-preview":"max-image-preview:large","max-video-preview":"max-video-preview:-1"},"canonical":"https:\/\/dodo-inflatables.com\/sv\/dostava-u-hrvatsku\/","schema":{"@context":"https:\/\/schema.org","@graph":[{"@type":"WebPage","@id":"https:\/\/dodo-inflatables.com\/sv\/dostava-u-hrvatsku\/","url":"https:\/\/dodo-inflatables.com\/sv\/dostava-u-hrvatsku\/","name":"Kupite bu\u010dni dvorac | Dostava u Hrvatsku","isPartOf":{"@id":"https:\/\/dodo-inflatables.com\/sv\/#website"},"datePublished":"2020-04-22T10:06:26+00:00","dateModified":"2024-07-17T12:56:51+00:00","description":"Kod nas \u0107ete na\u0107i veliki izbor visokokvalitetnih gumenjaka u izvrsnoj izvedbi! \u2713 Dostava mogu\u0107a diljem Europe! \u2713 Brza isporuka!","breadcrumb":{"@id":"https:\/\/dodo-inflatables.com\/sv\/dostava-u-hrvatsku\/#breadcrumb"},"inLanguage":"sv-SE","potentialAction":[{"@type":"ReadAction","target":["https:\/\/dodo-inflatables.com\/sv\/dostava-u-hrvatsku\/"]}]},{"@type":"BreadcrumbList","@id":"https:\/\/dodo-inflatables.com\/sv\/dostava-u-hrvatsku\/#breadcrumb","itemListElement":[{"@type":"ListItem","position":1,"name":"Hem","item":"https:\/\/dodo-inflatables.com\/sv\/"},{"@type":"ListItem","position":2,"name":"Dostava u Hrvatsku"}]},{"@type":"WebSite","@id":"https:\/\/dodo-inflatables.com\/sv\/#website","url":"https:\/\/dodo-inflatables.com\/sv\/","name":"dodo-inflatables.com","description":"K\u00f6p hoppborgar och attraktioner i v\u00e5r butik.","publisher":{"@id":"https:\/\/dodo-inflatables.com\/sv\/#organization"},"potentialAction":[{"@type":"SearchAction","target":{"@type":"EntryPoint","urlTemplate":"https:\/\/dodo-inflatables.com\/sv\/?s={search_term_string}"},"query-input":{"@type":"PropertyValueSpecification","valueRequired":true,"valueName":"search_term_string"}}],"inLanguage":"sv-SE"},{"@type":"Organization","@id":"https:\/\/dodo-inflatables.com\/sv\/#organization","name":"dodo-inflatables.com","url":"https:\/\/dodo-inflatables.com\/sv\/","logo":{"@type":"ImageObject","inLanguage":"sv-SE","@id":"https:\/\/dodo-inflatables.com\/sv\/#\/schema\/logo\/image\/","url":"https:\/\/dodo-inflatables.com\/wp-content\/uploads\/2023\/04\/cropped-cropped-cropped-Dodo-Logo.png","contentUrl":"https:\/\/dodo-inflatables.com\/wp-content\/uploads\/2023\/04\/cropped-cropped-cropped-Dodo-Logo.png","width":2996,"height":1545,"caption":"dodo-inflatables.com"},"image":{"@id":"https:\/\/dodo-inflatables.com\/sv\/#\/schema\/logo\/image\/"}}]}},"uagb_featured_image_src":{"full":false,"thumbnail":false,"medium":false,"medium_large":false,"large":false,"1536x1536":false,"2048x2048":false,"woocommerce_thumbnail":false,"woocommerce_single":false,"woocommerce_gallery_thumbnail":false},"uagb_author_info":{"display_name":"Andreas","author_link":"https:\/\/dodo-inflatables.com\/sv\/author\/andreas\/"},"uagb_comment_info":0,"uagb_excerpt":"Dostava u Hrvatsku Sretni smo \u0161to \u0107emo vam isporu\u010diti \u017eeljeni dvorac u Hrvatsku. Kao privatna osoba naplatit \u0107e vam se njema\u010dki PDV. Redovito mo\u017eete izvr\u0161iti narud\u017ebu putem internetske trgovine. Naru\u010dite se kao tvrtka i imate va\u017ee\u0107i porez na promet (PDV)? Tada vam mo\u017eemo prodati robu bez poreza. Za to, po\u0161aljite svoju narud\u017ebu kod nas putem&hellip;","_links":{"self":[{"href":"https:\/\/dodo-inflatables.com\/sv\/wp-json\/wp\/v2\/pages\/16959","targetHints":{"allow":["GET"]}}],"collection":[{"href":"https:\/\/dodo-inflatables.com\/sv\/wp-json\/wp\/v2\/pages"}],"about":[{"href":"https:\/\/dodo-inflatables.com\/sv\/wp-json\/wp\/v2\/types\/page"}],"author":[{"embeddable":true,"href":"https:\/\/dodo-inflatables.com\/sv\/wp-json\/wp\/v2\/users\/1"}],"replies":[{"embeddable":true,"href":"https:\/\/dodo-inflatables.com\/sv\/wp-json\/wp\/v2\/comments?post=16959"}],"version-history":[{"count":2,"href":"https:\/\/dodo-inflatables.com\/sv\/wp-json\/wp\/v2\/pages\/16959\/revisions"}],"predecessor-version":[{"id":16963,"href":"https:\/\/dodo-inflatables.com\/sv\/wp-json\/wp\/v2\/pages\/16959\/revisions\/16963"}],"wp:attachment":[{"href":"https:\/\/dodo-inflatables.com\/sv\/wp-json\/wp\/v2\/media?parent=16959"}],"curies":[{"name":"wp","href":"https:\/\/api.w.org\/{rel}","templated":true}]}}