{"id":17031,"date":"2019-03-01T13:01:27","date_gmt":"2019-03-01T12:01:27","guid":{"rendered":"https:\/\/dodo-inflatables.com\/var-kvalitet\/"},"modified":"2024-08-19T14:44:18","modified_gmt":"2024-08-19T12:44:18","slug":"var-kvalitet","status":"publish","type":"page","link":"https:\/\/dodo-inflatables.com\/sv\/var-kvalitet\/","title":{"rendered":"V\u00e5r kvalitet"},"content":{"rendered":"\n<figure class=\"wp-block-image alignfull size-large\"><a href=\"https:\/\/dodo-inflatables.com\/wp-content\/uploads\/2022\/01\/banner_dunkel-kleiner-1.jpg\"><img decoding=\"async\" src=\"https:\/\/dodo-inflatables.com\/wp-content\/uploads\/2022\/01\/banner_dunkel-kleiner-1-1024x397.jpg\" alt=\"\" class=\"wp-image-4055\"\/><\/a><\/figure>\n\n<h1 class=\"wp-block-heading has-text-align-center\" id=\"unsere-qualitat\"><strong>V\u00e5r kvalitet<\/strong><\/h1>\n\n<figure class=\"wp-block-image aligncenter size-large\"><a href=\"https:\/\/dodo-inflatables.com\/wp-content\/uploads\/2022\/01\/seperator-kleiner.png\"><img fetchpriority=\"high\" decoding=\"async\" width=\"1024\" height=\"102\" src=\"https:\/\/dodo-inflatables.com\/wp-content\/uploads\/2022\/01\/seperator-kleiner-1024x102.png\" alt=\"\" class=\"wp-image-4026\" srcset=\"https:\/\/dodo-inflatables.com\/wp-content\/uploads\/2022\/01\/seperator-kleiner-1024x102.png 1024w, https:\/\/dodo-inflatables.com\/wp-content\/uploads\/2022\/01\/seperator-kleiner-900x90.png 900w, https:\/\/dodo-inflatables.com\/wp-content\/uploads\/2022\/01\/seperator-kleiner-300x30.png 300w, https:\/\/dodo-inflatables.com\/wp-content\/uploads\/2022\/01\/seperator-kleiner-768x77.png 768w, https:\/\/dodo-inflatables.com\/wp-content\/uploads\/2022\/01\/seperator-kleiner-1536x154.png 1536w, https:\/\/dodo-inflatables.com\/wp-content\/uploads\/2022\/01\/seperator-kleiner-340x34.png 340w, https:\/\/dodo-inflatables.com\/wp-content\/uploads\/2022\/01\/seperator-kleiner.png 2000w\" sizes=\"(max-width: 1024px) 100vw, 1024px\" \/><\/a><\/figure>\n\n<p>Intressenter och potentiella kunder fr\u00e5gar oss hela tiden &#8221;\u00c4r era uppbl\u00e5sbara produkter av bra kvalitet?&#8221;. Vi kan bara s\u00e4ga otvetydigt: Ja!<\/p>\n\n<p>V\u00e5ra uppbl\u00e5sbara produkter tillverkas och inspekteras uteslutande i enlighet med v\u00e5ra strikta specifikationer. V\u00e5r produktkvalitet k\u00e4nnetecknas av f\u00f6ljande egenskaper:<\/p>\n\n<ul class=\"wp-block-list\">\n<li>Certifierad enligt DIN EN 14960<\/li>\n\n\n\n<li>0,55 PVC \/ 18oz vinyl, utformad f\u00f6r kommersiell uthyrning<\/li>\n\n\n\n<li>Dubbla, tredubbla och till och med sexdubbla s\u00f6mmar i s\u00e4rskilt belastade omr\u00e5den<\/li>\n\n\n\n<li>Unika och detaljerade m\u00f6nster<\/li>\n\n\n\n<li>M\u00e5nga f\u00e4st\u00f6glor runt hoppborgen<\/li>\n<\/ul>\n\n<p>Vi har sj\u00e4lva hyrt ut n\u00e5gra av v\u00e5ra uppbl\u00e5sbara f\u00f6rem\u00e5l i flera \u00e5r och har kunnat se kvaliteten och h\u00e5llbarheten med egna \u00f6gon. Oavsett om det bara \u00e4r f\u00f6r n\u00e5gra f\u00e5 anv\u00e4ndningsomr\u00e5den per \u00e5r i en idrottsf\u00f6rening, f\u00f6r hoppslottsuthyrningsf\u00f6retag p\u00e5 sidan om eller f\u00f6r anv\u00e4ndning i inomhuslekparker. Vi kan rekommendera v\u00e5r hoppborg utan f\u00f6rbeh\u00e5ll!<\/p>\n\n<p>\u00c4r du fortfarande skeptisk och vill se kvaliteten med egna \u00f6gon innan du k\u00f6per? Bes\u00f6k oss sedan efter \u00f6verenskommelse p\u00e5 v\u00e5rt lager i M\u00fcnchen och testa kvaliteten p\u00e5 v\u00e5r demonstrationsmodell.<\/p>\n\n<div style=\"height:100px\" aria-hidden=\"true\" class=\"wp-block-spacer\"><\/div>\n","protected":false},"excerpt":{"rendered":"<p>V\u00e5r kvalitet Intressenter och potentiella kunder fr\u00e5gar oss hela tiden &#8221;\u00c4r era uppbl\u00e5sbara produkter av bra kvalitet?&#8221;. Vi kan bara s\u00e4ga otvetydigt: Ja! V\u00e5ra uppbl\u00e5sbara produkter tillverkas och inspekteras uteslutande i enlighet med v\u00e5ra strikta specifikationer. V\u00e5r produktkvalitet k\u00e4nnetecknas av f\u00f6ljande egenskaper: Vi har sj\u00e4lva hyrt ut n\u00e5gra av v\u00e5ra uppbl\u00e5sbara f\u00f6rem\u00e5l i flera \u00e5r [&hellip;]<\/p>\n","protected":false},"author":1,"featured_media":0,"parent":0,"menu_order":0,"comment_status":"closed","ping_status":"closed","template":"","meta":{"_acf_changed":false,"_uag_custom_page_level_css":"","site-sidebar-layout":"default","site-content-layout":"","ast-site-content-layout":"default","site-content-style":"default","site-sidebar-style":"default","ast-global-header-display":"","ast-banner-title-visibility":"","ast-main-header-display":"","ast-hfb-above-header-display":"","ast-hfb-below-header-display":"","ast-hfb-mobile-header-display":"","site-post-title":"disabled","ast-breadcrumbs-content":"","ast-featured-img":"","footer-sml-layout":"","ast-disable-related-posts":"","theme-transparent-header-meta":"","adv-header-id-meta":"7189","stick-header-meta":"","header-above-stick-meta":"","header-main-stick-meta":"","header-below-stick-meta":"","astra-migrate-meta-layouts":"default","ast-page-background-enabled":"default","ast-page-background-meta":{"desktop":{"background-color":"var(--ast-global-color-4)","background-image":"","background-repeat":"repeat","background-position":"center center","background-size":"auto","background-attachment":"scroll","background-type":"","background-media":"","overlay-type":"","overlay-color":"","overlay-opacity":"","overlay-gradient":""},"tablet":{"background-color":"","background-image":"","background-repeat":"repeat","background-position":"center center","background-size":"auto","background-attachment":"scroll","background-type":"","background-media":"","overlay-type":"","overlay-color":"","overlay-opacity":"","overlay-gradient":""},"mobile":{"background-color":"","background-image":"","background-repeat":"repeat","background-position":"center center","background-size":"auto","background-attachment":"scroll","background-type":"","background-media":"","overlay-type":"","overlay-color":"","overlay-opacity":"","overlay-gradient":""}},"ast-content-background-meta":{"desktop":{"background-color":"var(--ast-global-color-5)","background-image":"","background-repeat":"repeat","background-position":"center center","background-size":"auto","background-attachment":"scroll","background-type":"","background-media":"","overlay-type":"","overlay-color":"","overlay-opacity":"","overlay-gradient":""},"tablet":{"background-color":"var(--ast-global-color-5)","background-image":"","background-repeat":"repeat","background-position":"center center","background-size":"auto","background-attachment":"scroll","background-type":"","background-media":"","overlay-type":"","overlay-color":"","overlay-opacity":"","overlay-gradient":""},"mobile":{"background-color":"var(--ast-global-color-5)","background-image":"","background-repeat":"repeat","background-position":"center center","background-size":"auto","background-attachment":"scroll","background-type":"","background-media":"","overlay-type":"","overlay-color":"","overlay-opacity":"","overlay-gradient":""}},"footnotes":""},"class_list":["post-17031","page","type-page","status-publish","hentry"],"acf":[],"yoast_head":"<!-- This site is optimized with the Yoast SEO plugin v27.5 - https:\/\/yoast.com\/product\/yoast-seo-wordpress\/ -->\n<title>Dodo-Inflatables.com | Certifierade uppbl\u00e5sbara f\u00f6rem\u00e5l och hoppslott av h\u00f6g kvalitet<\/title>\n<meta name=\"description\" content=\"Upplev spetskompetens med Dodo Inflatables! V\u00e5ra hoppborgar \u00e4r certifierade enligt DIN EN 14960, vilket garanterar h\u00f6gsta s\u00e4kerhetsstandard f\u00f6r ditt hoppande n\u00f6je\" \/>\n<meta name=\"robots\" content=\"index, follow, max-snippet:-1, max-image-preview:large, max-video-preview:-1\" \/>\n<link rel=\"canonical\" href=\"https:\/\/dodo-inflatables.com\/sv\/var-kvalitet\/\" \/>\n<meta name=\"twitter:label1\" content=\"Ber\u00e4knad l\u00e4stid\" \/>\n\t<meta name=\"twitter:data1\" content=\"1 minut\" \/>\n<script type=\"application\/ld+json\" class=\"yoast-schema-graph\">{\"@context\":\"https:\\\/\\\/schema.org\",\"@graph\":[{\"@type\":\"WebPage\",\"@id\":\"https:\\\/\\\/dodo-inflatables.com\\\/sv\\\/var-kvalitet\\\/\",\"url\":\"https:\\\/\\\/dodo-inflatables.com\\\/sv\\\/var-kvalitet\\\/\",\"name\":\"Dodo-Inflatables.com | Certifierade uppbl\u00e5sbara f\u00f6rem\u00e5l och hoppslott av h\u00f6g kvalitet\",\"isPartOf\":{\"@id\":\"https:\\\/\\\/dodo-inflatables.com\\\/sv\\\/#website\"},\"primaryImageOfPage\":{\"@id\":\"https:\\\/\\\/dodo-inflatables.com\\\/sv\\\/var-kvalitet\\\/#primaryimage\"},\"image\":{\"@id\":\"https:\\\/\\\/dodo-inflatables.com\\\/sv\\\/var-kvalitet\\\/#primaryimage\"},\"thumbnailUrl\":\"https:\\\/\\\/dodo-inflatables.com\\\/wp-content\\\/uploads\\\/2022\\\/01\\\/banner_dunkel-kleiner-1-1024x397.jpg\",\"datePublished\":\"2019-03-01T12:01:27+00:00\",\"dateModified\":\"2024-08-19T12:44:18+00:00\",\"description\":\"Upplev spetskompetens med Dodo Inflatables! V\u00e5ra hoppborgar \u00e4r certifierade enligt DIN EN 14960, vilket garanterar h\u00f6gsta s\u00e4kerhetsstandard f\u00f6r ditt hoppande n\u00f6je\",\"breadcrumb\":{\"@id\":\"https:\\\/\\\/dodo-inflatables.com\\\/sv\\\/var-kvalitet\\\/#breadcrumb\"},\"inLanguage\":\"sv-SE\",\"potentialAction\":[{\"@type\":\"ReadAction\",\"target\":[\"https:\\\/\\\/dodo-inflatables.com\\\/sv\\\/var-kvalitet\\\/\"]}]},{\"@type\":\"ImageObject\",\"inLanguage\":\"sv-SE\",\"@id\":\"https:\\\/\\\/dodo-inflatables.com\\\/sv\\\/var-kvalitet\\\/#primaryimage\",\"url\":\"https:\\\/\\\/dodo-inflatables.com\\\/wp-content\\\/uploads\\\/2022\\\/01\\\/banner_dunkel-kleiner-1-1024x397.jpg\",\"contentUrl\":\"https:\\\/\\\/dodo-inflatables.com\\\/wp-content\\\/uploads\\\/2022\\\/01\\\/banner_dunkel-kleiner-1-1024x397.jpg\"},{\"@type\":\"BreadcrumbList\",\"@id\":\"https:\\\/\\\/dodo-inflatables.com\\\/sv\\\/var-kvalitet\\\/#breadcrumb\",\"itemListElement\":[{\"@type\":\"ListItem\",\"position\":1,\"name\":\"Hem\",\"item\":\"https:\\\/\\\/dodo-inflatables.com\\\/sv\\\/\"},{\"@type\":\"ListItem\",\"position\":2,\"name\":\"V\u00e5r kvalitet\"}]},{\"@type\":\"WebSite\",\"@id\":\"https:\\\/\\\/dodo-inflatables.com\\\/sv\\\/#website\",\"url\":\"https:\\\/\\\/dodo-inflatables.com\\\/sv\\\/\",\"name\":\"dodo-inflatables.com\",\"description\":\"K\u00f6p hoppborgar och attraktioner i v\u00e5r butik.\",\"potentialAction\":[{\"@type\":\"SearchAction\",\"target\":{\"@type\":\"EntryPoint\",\"urlTemplate\":\"https:\\\/\\\/dodo-inflatables.com\\\/sv\\\/?s={search_term_string}\"},\"query-input\":{\"@type\":\"PropertyValueSpecification\",\"valueRequired\":true,\"valueName\":\"search_term_string\"}}],\"inLanguage\":\"sv-SE\"}]}<\/script>\n<!-- \/ Yoast SEO plugin. -->","yoast_head_json":{"title":"Dodo-Inflatables.com | Certifierade uppbl\u00e5sbara f\u00f6rem\u00e5l och hoppslott av h\u00f6g kvalitet","description":"Upplev spetskompetens med Dodo Inflatables! V\u00e5ra hoppborgar \u00e4r certifierade enligt DIN EN 14960, vilket garanterar h\u00f6gsta s\u00e4kerhetsstandard f\u00f6r ditt hoppande n\u00f6je","robots":{"index":"index","follow":"follow","max-snippet":"max-snippet:-1","max-image-preview":"max-image-preview:large","max-video-preview":"max-video-preview:-1"},"canonical":"https:\/\/dodo-inflatables.com\/sv\/var-kvalitet\/","twitter_misc":{"Ber\u00e4knad l\u00e4stid":"1 minut"},"schema":{"@context":"https:\/\/schema.org","@graph":[{"@type":"WebPage","@id":"https:\/\/dodo-inflatables.com\/sv\/var-kvalitet\/","url":"https:\/\/dodo-inflatables.com\/sv\/var-kvalitet\/","name":"Dodo-Inflatables.com | Certifierade uppbl\u00e5sbara f\u00f6rem\u00e5l och hoppslott av h\u00f6g kvalitet","isPartOf":{"@id":"https:\/\/dodo-inflatables.com\/sv\/#website"},"primaryImageOfPage":{"@id":"https:\/\/dodo-inflatables.com\/sv\/var-kvalitet\/#primaryimage"},"image":{"@id":"https:\/\/dodo-inflatables.com\/sv\/var-kvalitet\/#primaryimage"},"thumbnailUrl":"https:\/\/dodo-inflatables.com\/wp-content\/uploads\/2022\/01\/banner_dunkel-kleiner-1-1024x397.jpg","datePublished":"2019-03-01T12:01:27+00:00","dateModified":"2024-08-19T12:44:18+00:00","description":"Upplev spetskompetens med Dodo Inflatables! V\u00e5ra hoppborgar \u00e4r certifierade enligt DIN EN 14960, vilket garanterar h\u00f6gsta s\u00e4kerhetsstandard f\u00f6r ditt hoppande n\u00f6je","breadcrumb":{"@id":"https:\/\/dodo-inflatables.com\/sv\/var-kvalitet\/#breadcrumb"},"inLanguage":"sv-SE","potentialAction":[{"@type":"ReadAction","target":["https:\/\/dodo-inflatables.com\/sv\/var-kvalitet\/"]}]},{"@type":"ImageObject","inLanguage":"sv-SE","@id":"https:\/\/dodo-inflatables.com\/sv\/var-kvalitet\/#primaryimage","url":"https:\/\/dodo-inflatables.com\/wp-content\/uploads\/2022\/01\/banner_dunkel-kleiner-1-1024x397.jpg","contentUrl":"https:\/\/dodo-inflatables.com\/wp-content\/uploads\/2022\/01\/banner_dunkel-kleiner-1-1024x397.jpg"},{"@type":"BreadcrumbList","@id":"https:\/\/dodo-inflatables.com\/sv\/var-kvalitet\/#breadcrumb","itemListElement":[{"@type":"ListItem","position":1,"name":"Hem","item":"https:\/\/dodo-inflatables.com\/sv\/"},{"@type":"ListItem","position":2,"name":"V\u00e5r kvalitet"}]},{"@type":"WebSite","@id":"https:\/\/dodo-inflatables.com\/sv\/#website","url":"https:\/\/dodo-inflatables.com\/sv\/","name":"dodo-inflatables.com","description":"K\u00f6p hoppborgar och attraktioner i v\u00e5r butik.","potentialAction":[{"@type":"SearchAction","target":{"@type":"EntryPoint","urlTemplate":"https:\/\/dodo-inflatables.com\/sv\/?s={search_term_string}"},"query-input":{"@type":"PropertyValueSpecification","valueRequired":true,"valueName":"search_term_string"}}],"inLanguage":"sv-SE"}]}},"uagb_featured_image_src":{"full":false,"thumbnail":false,"medium":false,"medium_large":false,"large":false,"1536x1536":false,"2048x2048":false,"woocommerce_thumbnail":false,"woocommerce_single":false,"woocommerce_gallery_thumbnail":false},"uagb_author_info":{"display_name":"Andreas","author_link":"https:\/\/dodo-inflatables.com\/sv\/author\/andreas\/"},"uagb_comment_info":0,"uagb_excerpt":"V\u00e5r kvalitet Intressenter och potentiella kunder fr\u00e5gar oss hela tiden &#8221;\u00c4r era uppbl\u00e5sbara produkter av bra kvalitet?&#8221;. Vi kan bara s\u00e4ga otvetydigt: Ja! V\u00e5ra uppbl\u00e5sbara produkter tillverkas och inspekteras uteslutande i enlighet med v\u00e5ra strikta specifikationer. V\u00e5r produktkvalitet k\u00e4nnetecknas av f\u00f6ljande egenskaper: Vi har sj\u00e4lva hyrt ut n\u00e5gra av v\u00e5ra uppbl\u00e5sbara f\u00f6rem\u00e5l i flera \u00e5r&hellip;","_links":{"self":[{"href":"https:\/\/dodo-inflatables.com\/sv\/wp-json\/wp\/v2\/pages\/17031","targetHints":{"allow":["GET"]}}],"collection":[{"href":"https:\/\/dodo-inflatables.com\/sv\/wp-json\/wp\/v2\/pages"}],"about":[{"href":"https:\/\/dodo-inflatables.com\/sv\/wp-json\/wp\/v2\/types\/page"}],"author":[{"embeddable":true,"href":"https:\/\/dodo-inflatables.com\/sv\/wp-json\/wp\/v2\/users\/1"}],"replies":[{"embeddable":true,"href":"https:\/\/dodo-inflatables.com\/sv\/wp-json\/wp\/v2\/comments?post=17031"}],"version-history":[{"count":2,"href":"https:\/\/dodo-inflatables.com\/sv\/wp-json\/wp\/v2\/pages\/17031\/revisions"}],"predecessor-version":[{"id":17035,"href":"https:\/\/dodo-inflatables.com\/sv\/wp-json\/wp\/v2\/pages\/17031\/revisions\/17035"}],"wp:attachment":[{"href":"https:\/\/dodo-inflatables.com\/sv\/wp-json\/wp\/v2\/media?parent=17031"}],"curies":[{"name":"wp","href":"https:\/\/api.w.org\/{rel}","templated":true}]}}