{"id":17089,"date":"2024-03-07T18:43:40","date_gmt":"2024-03-07T17:43:40","guid":{"rendered":"https:\/\/dodo-inflatables.com\/uppblasbara-rutschkanor-och-haftburar-kop-i-tyskland\/"},"modified":"2024-07-17T15:08:23","modified_gmt":"2024-07-17T13:08:23","slug":"uppblasbara-rutschkanor-och-haftburar-kop-i-tyskland","status":"publish","type":"page","link":"https:\/\/dodo-inflatables.com\/sv\/uppblasbara-rutschkanor-och-haftburar-kop-i-tyskland\/","title":{"rendered":"Uppbl\u00e5sbara rutschkanor och h\u00e4ftburar &#8211; k\u00f6p i Tyskland"},"content":{"rendered":"\n<h2 class=\"wp-block-heading has-text-align-center\"><strong>Uppbl\u00e5sbara rutschkanor och h\u00e4ftburar &#8211; k\u00f6p i Tyskland<\/strong><\/h2>\n\n<figure class=\"wp-block-image aligncenter size-large\"><a href=\"https:\/\/dodo-inflatables.com\/wp-content\/uploads\/2022\/01\/seperator-kleiner.png\"><img fetchpriority=\"high\" decoding=\"async\" width=\"1024\" height=\"102\" src=\"https:\/\/dodo-inflatables.com\/wp-content\/uploads\/2022\/01\/seperator-kleiner-1024x102.png\" alt=\"\" class=\"wp-image-4026\" srcset=\"https:\/\/dodo-inflatables.com\/wp-content\/uploads\/2022\/01\/seperator-kleiner-1024x102.png 1024w, https:\/\/dodo-inflatables.com\/wp-content\/uploads\/2022\/01\/seperator-kleiner-900x90.png 900w, https:\/\/dodo-inflatables.com\/wp-content\/uploads\/2022\/01\/seperator-kleiner-300x30.png 300w, https:\/\/dodo-inflatables.com\/wp-content\/uploads\/2022\/01\/seperator-kleiner-768x77.png 768w, https:\/\/dodo-inflatables.com\/wp-content\/uploads\/2022\/01\/seperator-kleiner-1536x154.png 1536w, https:\/\/dodo-inflatables.com\/wp-content\/uploads\/2022\/01\/seperator-kleiner-340x34.png 340w, https:\/\/dodo-inflatables.com\/wp-content\/uploads\/2022\/01\/seperator-kleiner.png 2000w\" sizes=\"(max-width: 1024px) 100vw, 1024px\" \/><\/a><\/figure>\n\n<h3 class=\"wp-block-heading has-text-align-center\">V\u00e4lkommen till Dodo-Inflatables.com &#8211; v\u00e5r webbshop f\u00f6r H\u00fcpfburgen i Europa!<\/h3>\n\n<p style=\"font-size:17px\">Ta en titt p\u00e5 v\u00e5rt omfattande urval av h\u00f6gkvalitativa h\u00e4ftburkar, uppbl\u00e5sbara slanor och rutschkanor, som varje g\u00e5ng ger ett extra v\u00e4rde. Oavsett om du s\u00f6ker en stor H\u00fcpfburg f\u00f6r ett f\u00f6retagsevent, en liten H\u00fcpfschloss f\u00f6r en barnf\u00f6delsedag eller en H\u00fcpfburg med Rutsche f\u00f6r en sommarfest &#8211; hos oss hittar du garanterat det Passande!<\/p>\n\n<p style=\"font-size:17px\">V\u00e5rt sortiment omfattar inte bara en m\u00e4ngd H\u00fcpfburgen, utan \u00e4ven en bred palett av tillbeh\u00f6r, d\u00e4ribland Gibbons och Huawei Gebl\u00e4se f\u00f6r H\u00fcpfburgen.<\/p>\n\n<p style=\"font-size:17px\">F\u00f6rs\u00e4ndelsen av en H\u00fcpfburg och motsvarande tillbeh\u00f6r till <strong>Tyskland kostar 128,95 \u20ac<\/strong>. Ett paket med H\u00fcpfburgen tillbeh\u00f6r kostar 9,95 \u20ac. Om H\u00fcpfburg \u00e4r p\u00e5 lager, kommer den omedelbart efter betalningseingang till dig. Leveransen till Tyskland tar ca <strong>2 &#8211; 4 arbetsdagar<\/strong>. En sj\u00e4lvbetj\u00e4ning \u00e4r m\u00f6jlig i v\u00e5rt lager i M\u00fcnchen, Tyskland.<\/p>\n\n<p style=\"font-size:17px\">Alla v\u00e5ra H\u00fcpfburgen uppfyller de str\u00e4nga s\u00e4kerhetsstandarderna i <strong>DIN EN 14960 <\/strong>och \u00e4r l\u00e4mpliga f\u00f6r privat och yrkesm\u00e4ssig anv\u00e4ndning. Du f\u00e5r efter leverans av H\u00fcpfburg en detaljerad guide samt ett motsvarande certifikat f\u00f6r din nya H\u00fcpfburg.<\/p>\n\n<p style=\"font-size:17px\">Befrielse fr\u00e5n merv\u00e4rdesskatt f\u00f6r f\u00f6retag! Om du som f\u00f6retag k\u00f6per in, ge din Umsatzsteuer-Identifikationsnummer till kassan f\u00f6r att kunna k\u00f6pa in skattefritt.<\/p>\n\n<p style=\"font-size:17px\">Oavsett om du som privatperson vill ha en H\u00fcpfburg f\u00f6r din n\u00e4sta familjefest eller om du \u00e4r en professionell leverant\u00f6r som vill ut\u00f6ka sitt erbjudande &#8211; v\u00e5ra H\u00fcpfburgen \u00e4r l\u00e4mpliga f\u00f6r alla. Faktum \u00e4r att de flesta av v\u00e5ra kunder i hela Europa \u00e4r H\u00fcpfburgenvermieter, som uppskattar v\u00e5ra produkter f\u00f6r evenemang av alla storlekar.<\/p>\n\n<p style=\"font-size:17px\">Vi \u00f6nskar dig mycket Spa\u00df beim St\u00f6bern i v\u00e5r Online Shop och st\u00e4ller g\u00e4rna fr\u00e5gor under <a href=\"mailto:contact@dodo-inflatables.com\">contact@dodo-inflatables.com<\/a> till f\u00f6rfogande eller bes\u00f6ker v\u00e5r tyska Online Shop: <a href=\"https:\/\/huepfburg-guenstig-kaufen.de\/\">huepfburg-guenstig-kaufen.de<\/a>!<\/p>\n\n<div style=\"height:100px\" aria-hidden=\"true\" class=\"wp-block-spacer\"><\/div>\n","protected":false},"excerpt":{"rendered":"<p>Uppbl\u00e5sbara rutschkanor och h\u00e4ftburar &#8211; k\u00f6p i Tyskland V\u00e4lkommen till Dodo-Inflatables.com &#8211; v\u00e5r webbshop f\u00f6r H\u00fcpfburgen i Europa! Ta en titt p\u00e5 v\u00e5rt omfattande urval av h\u00f6gkvalitativa h\u00e4ftburkar, uppbl\u00e5sbara slanor och rutschkanor, som varje g\u00e5ng ger ett extra v\u00e4rde. Oavsett om du s\u00f6ker en stor H\u00fcpfburg f\u00f6r ett f\u00f6retagsevent, en liten H\u00fcpfschloss f\u00f6r en barnf\u00f6delsedag [&hellip;]<\/p>\n","protected":false},"author":1,"featured_media":0,"parent":0,"menu_order":0,"comment_status":"closed","ping_status":"closed","template":"","meta":{"_acf_changed":false,"_uag_custom_page_level_css":"","site-sidebar-layout":"default","site-content-layout":"","ast-site-content-layout":"normal-width-container","site-content-style":"boxed","site-sidebar-style":"default","ast-global-header-display":"","ast-banner-title-visibility":"","ast-main-header-display":"","ast-hfb-above-header-display":"","ast-hfb-below-header-display":"","ast-hfb-mobile-header-display":"","site-post-title":"","ast-breadcrumbs-content":"","ast-featured-img":"","footer-sml-layout":"","ast-disable-related-posts":"","theme-transparent-header-meta":"","adv-header-id-meta":"4069","stick-header-meta":"","header-above-stick-meta":"","header-main-stick-meta":"","header-below-stick-meta":"","astra-migrate-meta-layouts":"default","ast-page-background-enabled":"default","ast-page-background-meta":{"desktop":{"background-color":"var(--ast-global-color-4)","background-image":"","background-repeat":"repeat","background-position":"center center","background-size":"auto","background-attachment":"scroll","background-type":"","background-media":"","overlay-type":"","overlay-color":"","overlay-opacity":"","overlay-gradient":""},"tablet":{"background-color":"","background-image":"","background-repeat":"repeat","background-position":"center center","background-size":"auto","background-attachment":"scroll","background-type":"","background-media":"","overlay-type":"","overlay-color":"","overlay-opacity":"","overlay-gradient":""},"mobile":{"background-color":"","background-image":"","background-repeat":"repeat","background-position":"center center","background-size":"auto","background-attachment":"scroll","background-type":"","background-media":"","overlay-type":"","overlay-color":"","overlay-opacity":"","overlay-gradient":""}},"ast-content-background-meta":{"desktop":{"background-color":"var(--ast-global-color-5)","background-image":"","background-repeat":"repeat","background-position":"center center","background-size":"auto","background-attachment":"scroll","background-type":"","background-media":"","overlay-type":"","overlay-color":"","overlay-opacity":"","overlay-gradient":""},"tablet":{"background-color":"var(--ast-global-color-5)","background-image":"","background-repeat":"repeat","background-position":"center center","background-size":"auto","background-attachment":"scroll","background-type":"","background-media":"","overlay-type":"","overlay-color":"","overlay-opacity":"","overlay-gradient":""},"mobile":{"background-color":"var(--ast-global-color-5)","background-image":"","background-repeat":"repeat","background-position":"center center","background-size":"auto","background-attachment":"scroll","background-type":"","background-media":"","overlay-type":"","overlay-color":"","overlay-opacity":"","overlay-gradient":""}},"footnotes":""},"class_list":["post-17089","page","type-page","status-publish","hentry"],"acf":[],"yoast_head":"<!-- This site is optimized with the Yoast SEO plugin v27.5 - https:\/\/yoast.com\/product\/yoast-seo-wordpress\/ -->\n<title>Uppbl\u00e5sbara rutschkanor och h\u00e4ftburar - k\u00f6p i Tyskland - dodo-inflatables.com<\/title>\n<meta name=\"robots\" content=\"index, follow, max-snippet:-1, max-image-preview:large, max-video-preview:-1\" \/>\n<link rel=\"canonical\" href=\"https:\/\/dodo-inflatables.com\/sv\/uppblasbara-rutschkanor-och-haftburar-kop-i-tyskland\/\" \/>\n<meta name=\"twitter:label1\" content=\"Ber\u00e4knad l\u00e4stid\" \/>\n\t<meta name=\"twitter:data1\" content=\"2 minuter\" \/>\n<script type=\"application\/ld+json\" class=\"yoast-schema-graph\">{\"@context\":\"https:\\\/\\\/schema.org\",\"@graph\":[{\"@type\":\"WebPage\",\"@id\":\"https:\\\/\\\/dodo-inflatables.com\\\/sv\\\/uppblasbara-rutschkanor-och-haftburar-kop-i-tyskland\\\/\",\"url\":\"https:\\\/\\\/dodo-inflatables.com\\\/sv\\\/uppblasbara-rutschkanor-och-haftburar-kop-i-tyskland\\\/\",\"name\":\"Uppbl\u00e5sbara rutschkanor och h\u00e4ftburar - k\u00f6p i Tyskland - dodo-inflatables.com\",\"isPartOf\":{\"@id\":\"https:\\\/\\\/dodo-inflatables.com\\\/sv\\\/#website\"},\"primaryImageOfPage\":{\"@id\":\"https:\\\/\\\/dodo-inflatables.com\\\/sv\\\/uppblasbara-rutschkanor-och-haftburar-kop-i-tyskland\\\/#primaryimage\"},\"image\":{\"@id\":\"https:\\\/\\\/dodo-inflatables.com\\\/sv\\\/uppblasbara-rutschkanor-och-haftburar-kop-i-tyskland\\\/#primaryimage\"},\"thumbnailUrl\":\"https:\\\/\\\/dodo-inflatables.com\\\/wp-content\\\/uploads\\\/2022\\\/01\\\/seperator-kleiner-1024x102.png\",\"datePublished\":\"2024-03-07T17:43:40+00:00\",\"dateModified\":\"2024-07-17T13:08:23+00:00\",\"breadcrumb\":{\"@id\":\"https:\\\/\\\/dodo-inflatables.com\\\/sv\\\/uppblasbara-rutschkanor-och-haftburar-kop-i-tyskland\\\/#breadcrumb\"},\"inLanguage\":\"sv-SE\",\"potentialAction\":[{\"@type\":\"ReadAction\",\"target\":[\"https:\\\/\\\/dodo-inflatables.com\\\/sv\\\/uppblasbara-rutschkanor-och-haftburar-kop-i-tyskland\\\/\"]}]},{\"@type\":\"ImageObject\",\"inLanguage\":\"sv-SE\",\"@id\":\"https:\\\/\\\/dodo-inflatables.com\\\/sv\\\/uppblasbara-rutschkanor-och-haftburar-kop-i-tyskland\\\/#primaryimage\",\"url\":\"https:\\\/\\\/dodo-inflatables.com\\\/wp-content\\\/uploads\\\/2022\\\/01\\\/seperator-kleiner-1024x102.png\",\"contentUrl\":\"https:\\\/\\\/dodo-inflatables.com\\\/wp-content\\\/uploads\\\/2022\\\/01\\\/seperator-kleiner-1024x102.png\"},{\"@type\":\"BreadcrumbList\",\"@id\":\"https:\\\/\\\/dodo-inflatables.com\\\/sv\\\/uppblasbara-rutschkanor-och-haftburar-kop-i-tyskland\\\/#breadcrumb\",\"itemListElement\":[{\"@type\":\"ListItem\",\"position\":1,\"name\":\"Hem\",\"item\":\"https:\\\/\\\/dodo-inflatables.com\\\/sv\\\/\"},{\"@type\":\"ListItem\",\"position\":2,\"name\":\"Uppbl\u00e5sbara rutschkanor och h\u00e4ftburar &#8211; k\u00f6p i Tyskland\"}]},{\"@type\":\"WebSite\",\"@id\":\"https:\\\/\\\/dodo-inflatables.com\\\/sv\\\/#website\",\"url\":\"https:\\\/\\\/dodo-inflatables.com\\\/sv\\\/\",\"name\":\"dodo-inflatables.com\",\"description\":\"K\u00f6p hoppborgar och attraktioner i v\u00e5r butik.\",\"potentialAction\":[{\"@type\":\"SearchAction\",\"target\":{\"@type\":\"EntryPoint\",\"urlTemplate\":\"https:\\\/\\\/dodo-inflatables.com\\\/sv\\\/?s={search_term_string}\"},\"query-input\":{\"@type\":\"PropertyValueSpecification\",\"valueRequired\":true,\"valueName\":\"search_term_string\"}}],\"inLanguage\":\"sv-SE\"}]}<\/script>\n<!-- \/ Yoast SEO plugin. -->","yoast_head_json":{"title":"Uppbl\u00e5sbara rutschkanor och h\u00e4ftburar - k\u00f6p i Tyskland - dodo-inflatables.com","robots":{"index":"index","follow":"follow","max-snippet":"max-snippet:-1","max-image-preview":"max-image-preview:large","max-video-preview":"max-video-preview:-1"},"canonical":"https:\/\/dodo-inflatables.com\/sv\/uppblasbara-rutschkanor-och-haftburar-kop-i-tyskland\/","twitter_misc":{"Ber\u00e4knad l\u00e4stid":"2 minuter"},"schema":{"@context":"https:\/\/schema.org","@graph":[{"@type":"WebPage","@id":"https:\/\/dodo-inflatables.com\/sv\/uppblasbara-rutschkanor-och-haftburar-kop-i-tyskland\/","url":"https:\/\/dodo-inflatables.com\/sv\/uppblasbara-rutschkanor-och-haftburar-kop-i-tyskland\/","name":"Uppbl\u00e5sbara rutschkanor och h\u00e4ftburar - k\u00f6p i Tyskland - dodo-inflatables.com","isPartOf":{"@id":"https:\/\/dodo-inflatables.com\/sv\/#website"},"primaryImageOfPage":{"@id":"https:\/\/dodo-inflatables.com\/sv\/uppblasbara-rutschkanor-och-haftburar-kop-i-tyskland\/#primaryimage"},"image":{"@id":"https:\/\/dodo-inflatables.com\/sv\/uppblasbara-rutschkanor-och-haftburar-kop-i-tyskland\/#primaryimage"},"thumbnailUrl":"https:\/\/dodo-inflatables.com\/wp-content\/uploads\/2022\/01\/seperator-kleiner-1024x102.png","datePublished":"2024-03-07T17:43:40+00:00","dateModified":"2024-07-17T13:08:23+00:00","breadcrumb":{"@id":"https:\/\/dodo-inflatables.com\/sv\/uppblasbara-rutschkanor-och-haftburar-kop-i-tyskland\/#breadcrumb"},"inLanguage":"sv-SE","potentialAction":[{"@type":"ReadAction","target":["https:\/\/dodo-inflatables.com\/sv\/uppblasbara-rutschkanor-och-haftburar-kop-i-tyskland\/"]}]},{"@type":"ImageObject","inLanguage":"sv-SE","@id":"https:\/\/dodo-inflatables.com\/sv\/uppblasbara-rutschkanor-och-haftburar-kop-i-tyskland\/#primaryimage","url":"https:\/\/dodo-inflatables.com\/wp-content\/uploads\/2022\/01\/seperator-kleiner-1024x102.png","contentUrl":"https:\/\/dodo-inflatables.com\/wp-content\/uploads\/2022\/01\/seperator-kleiner-1024x102.png"},{"@type":"BreadcrumbList","@id":"https:\/\/dodo-inflatables.com\/sv\/uppblasbara-rutschkanor-och-haftburar-kop-i-tyskland\/#breadcrumb","itemListElement":[{"@type":"ListItem","position":1,"name":"Hem","item":"https:\/\/dodo-inflatables.com\/sv\/"},{"@type":"ListItem","position":2,"name":"Uppbl\u00e5sbara rutschkanor och h\u00e4ftburar &#8211; k\u00f6p i Tyskland"}]},{"@type":"WebSite","@id":"https:\/\/dodo-inflatables.com\/sv\/#website","url":"https:\/\/dodo-inflatables.com\/sv\/","name":"dodo-inflatables.com","description":"K\u00f6p hoppborgar och attraktioner i v\u00e5r butik.","potentialAction":[{"@type":"SearchAction","target":{"@type":"EntryPoint","urlTemplate":"https:\/\/dodo-inflatables.com\/sv\/?s={search_term_string}"},"query-input":{"@type":"PropertyValueSpecification","valueRequired":true,"valueName":"search_term_string"}}],"inLanguage":"sv-SE"}]}},"uagb_featured_image_src":{"full":false,"thumbnail":false,"medium":false,"medium_large":false,"large":false,"1536x1536":false,"2048x2048":false,"woocommerce_thumbnail":false,"woocommerce_single":false,"woocommerce_gallery_thumbnail":false},"uagb_author_info":{"display_name":"Andreas","author_link":"https:\/\/dodo-inflatables.com\/sv\/author\/andreas\/"},"uagb_comment_info":0,"uagb_excerpt":"Uppbl\u00e5sbara rutschkanor och h\u00e4ftburar &#8211; k\u00f6p i Tyskland V\u00e4lkommen till Dodo-Inflatables.com &#8211; v\u00e5r webbshop f\u00f6r H\u00fcpfburgen i Europa! Ta en titt p\u00e5 v\u00e5rt omfattande urval av h\u00f6gkvalitativa h\u00e4ftburkar, uppbl\u00e5sbara slanor och rutschkanor, som varje g\u00e5ng ger ett extra v\u00e4rde. Oavsett om du s\u00f6ker en stor H\u00fcpfburg f\u00f6r ett f\u00f6retagsevent, en liten H\u00fcpfschloss f\u00f6r en barnf\u00f6delsedag&hellip;","_links":{"self":[{"href":"https:\/\/dodo-inflatables.com\/sv\/wp-json\/wp\/v2\/pages\/17089","targetHints":{"allow":["GET"]}}],"collection":[{"href":"https:\/\/dodo-inflatables.com\/sv\/wp-json\/wp\/v2\/pages"}],"about":[{"href":"https:\/\/dodo-inflatables.com\/sv\/wp-json\/wp\/v2\/types\/page"}],"author":[{"embeddable":true,"href":"https:\/\/dodo-inflatables.com\/sv\/wp-json\/wp\/v2\/users\/1"}],"replies":[{"embeddable":true,"href":"https:\/\/dodo-inflatables.com\/sv\/wp-json\/wp\/v2\/comments?post=17089"}],"version-history":[{"count":2,"href":"https:\/\/dodo-inflatables.com\/sv\/wp-json\/wp\/v2\/pages\/17089\/revisions"}],"predecessor-version":[{"id":17093,"href":"https:\/\/dodo-inflatables.com\/sv\/wp-json\/wp\/v2\/pages\/17089\/revisions\/17093"}],"wp:attachment":[{"href":"https:\/\/dodo-inflatables.com\/sv\/wp-json\/wp\/v2\/media?parent=17089"}],"curies":[{"name":"wp","href":"https:\/\/api.w.org\/{rel}","templated":true}]}}