{"id":17676,"date":"2017-01-06T19:43:59","date_gmt":"2017-01-06T18:43:59","guid":{"rendered":"https:\/\/dodo-inflatables.com\/betalningsalternativ\/"},"modified":"2024-08-19T14:52:42","modified_gmt":"2024-08-19T12:52:42","slug":"betalningsalternativ","status":"publish","type":"page","link":"https:\/\/dodo-inflatables.com\/sv\/betalningsalternativ\/","title":{"rendered":"Betalningsalternativ"},"content":{"rendered":"\n<h2 class=\"wp-block-heading has-text-align-center\" style=\"font-size:31px\"><strong>Betalningsalternativ<\/strong><\/h2>\n\n<p class=\"has-text-align-center\">Vi erbjuder olika betalningsalternativ f\u00f6r att du ska kunna g\u00f6ra ett smidigt och s\u00e4kert k\u00f6p.<br\/>Om du har n\u00e5gra fr\u00e5gor om v\u00e5ra betalningsmetoder, tveka inte att kontakta oss.<\/p>\n\n<div style=\"height:55px\" aria-hidden=\"true\" class=\"wp-block-spacer\"><\/div>\n\n<div class=\"wp-block-columns is-layout-flex wp-container-core-columns-is-layout-e0e4babd wp-block-columns-is-layout-flex\" style=\"padding-right:0;padding-left:0\">\n<div class=\"wp-block-column is-vertically-aligned-center is-layout-flow wp-block-column-is-layout-flow\" style=\"flex-basis:15%\">\n<figure class=\"wp-block-image alignwide size-full\"><a href=\"https:\/\/dodo-inflatables.com\/wp-content\/uploads\/2024\/03\/2.png\"><img decoding=\"async\" src=\"https:\/\/dodo-inflatables.com\/wp-content\/uploads\/2024\/03\/2.png\" alt=\"\" class=\"wp-image-7141\"\/><\/a><\/figure>\n<\/div>\n\n\n\n<div class=\"wp-block-column is-layout-flow wp-block-column-is-layout-flow\" style=\"flex-basis:85%\">\n<p><strong>Bank\u00f6verf\u00f6ring<\/strong><br\/>\u00d6verf\u00f6r direkt till v\u00e5rt bankkonto. V\u00e4nligen anv\u00e4nd ordernumret som betalningsgrund. Din best\u00e4llning skickas f\u00f6rst n\u00e4r vi har f\u00e5tt in pengarna p\u00e5 v\u00e5rt konto. Om du beh\u00f6ver din best\u00e4llning snabbt, skicka oss bara betalningsbeviset f\u00f6r din \u00f6verf\u00f6ring via e-post, s\u00e5 kan vi p\u00e5skynda hela processen.<\/p>\n<\/div>\n<\/div>\n\n<div style=\"height:40px\" aria-hidden=\"true\" class=\"wp-block-spacer\"><\/div>\n\n<div class=\"wp-block-columns is-layout-flex wp-container-core-columns-is-layout-28f84493 wp-block-columns-is-layout-flex\">\n<div class=\"wp-block-column is-vertically-aligned-center is-layout-flow wp-block-column-is-layout-flow\" style=\"flex-basis:15%\">\n<figure class=\"wp-block-image alignwide size-full\"><a href=\"https:\/\/dodo-inflatables.com\/wp-content\/uploads\/2024\/03\/7.png\"><img decoding=\"async\" src=\"https:\/\/dodo-inflatables.com\/wp-content\/uploads\/2024\/03\/7.png\" alt=\"\" class=\"wp-image-7142\"\/><\/a><\/figure>\n<\/div>\n\n\n\n<div class=\"wp-block-column is-layout-flow wp-block-column-is-layout-flow\" style=\"flex-basis:85%\">\n<p><strong>PayPal<\/strong><br\/>Betala dina ink\u00f6p enkelt och s\u00e4kert med PayPal. Koppla bara ditt kreditkort, bankkonto eller anv\u00e4nd ditt PayPal-saldo f\u00f6r att hantera betalningar. Dina transaktioner \u00e4r skyddade och dina uppgifter f\u00f6rblir privata. S\u00e5 snart din betalning har bekr\u00e4ftats kommer din best\u00e4llning att behandlas och skickas omedelbart.<\/p>\n<\/div>\n<\/div>\n\n<div style=\"height:40px\" aria-hidden=\"true\" class=\"wp-block-spacer\"><\/div>\n\n<div class=\"wp-block-columns is-layout-flex wp-container-core-columns-is-layout-28f84493 wp-block-columns-is-layout-flex\">\n<div class=\"wp-block-column is-vertically-aligned-center is-layout-flow wp-block-column-is-layout-flow\" style=\"flex-basis:15%\">\n<figure class=\"wp-block-image alignwide size-full\"><a href=\"https:\/\/dodo-inflatables.com\/wp-content\/uploads\/2024\/03\/7.png\"><img decoding=\"async\" src=\"https:\/\/dodo-inflatables.com\/wp-content\/uploads\/2024\/03\/7.png\" alt=\"\" class=\"wp-image-7142\"\/><\/a><\/figure>\n<\/div>\n\n\n\n<div class=\"wp-block-column is-layout-flow wp-block-column-is-layout-flow\" style=\"flex-basis:85%\">\n<p><strong>Delbetalning via PayPal<\/strong><br\/>Betala enkelt f\u00f6r din \u00f6nskade produkt med 12 m\u00e5natliga delbetalningar. L\u00e4gg bara till de \u00f6nskade artiklarna i din varukorg och v\u00e4lj sedan betalningsmetoden PayPal i kassan. I n\u00e4sta steg kommer du att vidarebefordras till betaltj\u00e4nstleverant\u00f6ren PayPal. H\u00e4r klickar du sedan p\u00e5 PayPal delbetalning, som \u00e4r tillg\u00e4nglig f\u00f6r dig, f\u00f6rutsatt att du har en god kreditv\u00e4rdighet. G\u00e4ller endast privatkunder.<\/p>\n<\/div>\n<\/div>\n\n<div style=\"height:40px\" aria-hidden=\"true\" class=\"wp-block-spacer\"><\/div>\n\n<div class=\"wp-block-columns is-layout-flex wp-container-core-columns-is-layout-28f84493 wp-block-columns-is-layout-flex\">\n<div class=\"wp-block-column is-vertically-aligned-center is-layout-flow wp-block-column-is-layout-flow\" style=\"flex-basis:15%\">\n<figure class=\"wp-block-image alignwide size-full\"><a href=\"https:\/\/dodo-inflatables.com\/wp-content\/uploads\/2024\/03\/9.png\"><img decoding=\"async\" src=\"https:\/\/dodo-inflatables.com\/wp-content\/uploads\/2024\/03\/9.png\" alt=\"\" class=\"wp-image-7144\"\/><\/a><\/figure>\n<\/div>\n\n\n\n<div class=\"wp-block-column is-vertically-aligned-center is-layout-flow wp-block-column-is-layout-flow\" style=\"flex-basis:85%\">\n<p><strong>Kreditkort<\/strong><br\/>Betala din best\u00e4llning s\u00e4kert och bekv\u00e4mt med ditt kreditkort. Vi accepterar kreditkorten Visa, MasterCard och American Express. Din betalning sker snabbt och enkelt under orderprocessen. Din best\u00e4llning kommer att skickas omedelbart efter att den har godk\u00e4nts.<\/p>\n<\/div>\n<\/div>\n\n<div style=\"height:40px\" aria-hidden=\"true\" class=\"wp-block-spacer\"><\/div>\n\n<div class=\"wp-block-columns is-layout-flex wp-container-core-columns-is-layout-28f84493 wp-block-columns-is-layout-flex\">\n<div class=\"wp-block-column is-vertically-aligned-center is-layout-flow wp-block-column-is-layout-flow\" style=\"flex-basis:15%\">\n<figure class=\"wp-block-image alignwide size-full\"><a href=\"https:\/\/dodo-inflatables.com\/wp-content\/uploads\/2024\/03\/13.png\"><img decoding=\"async\" src=\"https:\/\/dodo-inflatables.com\/wp-content\/uploads\/2024\/03\/13.png\" alt=\"\" class=\"wp-image-7148\"\/><\/a><\/figure>\n<\/div>\n\n\n\n<div class=\"wp-block-column is-layout-flow wp-block-column-is-layout-flow\" style=\"flex-basis:85%\">\n<p><strong>Klarna<\/strong><br\/>Med Klarna kan du delbetala dina ink\u00f6p, betala fakturabeloppet senare eller betala direkt med den betalningsmetod du f\u00f6redrar. V\u00e4lj Klarna i kassan och njut av en enkel och s\u00e4ker betalningsupplevelse. Din best\u00e4llning kommer att behandlas snabbt och vara p\u00e5 v\u00e4g till dig s\u00e5 snart betalningen \u00e4r klar. Endast tillg\u00e4ngligt i Belgien, Tyskland, Nederl\u00e4nderna, Schweiz, \u00d6sterrike, Danmark, Finland, Norge och Sverige.<\/p>\n<\/div>\n<\/div>\n\n<div style=\"height:40px\" aria-hidden=\"true\" class=\"wp-block-spacer\"><\/div>\n\n<div class=\"wp-block-columns is-layout-flex wp-container-core-columns-is-layout-28f84493 wp-block-columns-is-layout-flex\">\n<div class=\"wp-block-column is-vertically-aligned-center is-layout-flow wp-block-column-is-layout-flow\" style=\"flex-basis:15%\">\n<figure class=\"wp-block-image alignwide size-full\"><a href=\"https:\/\/dodo-inflatables.com\/wp-content\/uploads\/2024\/03\/11.png\"><img decoding=\"async\" src=\"https:\/\/dodo-inflatables.com\/wp-content\/uploads\/2024\/03\/11.png\" alt=\"\" class=\"wp-image-7146\"\/><\/a><\/figure>\n<\/div>\n\n\n\n<div class=\"wp-block-column is-layout-flow wp-block-column-is-layout-flow\" style=\"flex-basis:85%\">\n<p><strong>Apple Pay<\/strong><br\/>Betala enkelt och s\u00e4kert med din iPhone, iPad, Mac eller Apple Watch. L\u00e4gg till dina kredit- eller betalkort i Apple Pay och betala med bara ett tryck eller en blick. Dina transaktioner \u00e4r s\u00e4kra och skyddas av Touch ID eller Face ID. S\u00e5 snart din betalning har godk\u00e4nts kommer din best\u00e4llning att behandlas och skickas omedelbart.<\/p>\n<\/div>\n<\/div>\n\n<div style=\"height:40px\" aria-hidden=\"true\" class=\"wp-block-spacer\"><\/div>\n\n<div class=\"wp-block-columns is-layout-flex wp-container-core-columns-is-layout-28f84493 wp-block-columns-is-layout-flex\">\n<div class=\"wp-block-column is-vertically-aligned-center is-layout-flow wp-block-column-is-layout-flow\" style=\"flex-basis:15%\">\n<figure class=\"wp-block-image alignwide size-full\"><a href=\"https:\/\/dodo-inflatables.com\/wp-content\/uploads\/2024\/03\/12.png\"><img decoding=\"async\" src=\"https:\/\/dodo-inflatables.com\/wp-content\/uploads\/2024\/03\/12.png\" alt=\"\" class=\"wp-image-7147\"\/><\/a><\/figure>\n<\/div>\n\n\n\n<div class=\"wp-block-column is-layout-flow wp-block-column-is-layout-flow\" style=\"flex-basis:85%\">\n<p><strong>Google Betalning<\/strong><br\/>L\u00e4gg till dina kredit- eller betalkort i Google Pay och betala online med din Android-enhet. Dina kortuppgifter \u00e4r krypterade och f\u00f6rblir privata. Med bara ett klick eller en tryckning \u00e4r betalningen klar. N\u00e4r din transaktion har bekr\u00e4ftats kommer din best\u00e4llning att behandlas och skickas omedelbart.<\/p>\n<\/div>\n<\/div>\n\n<div style=\"height:40px\" aria-hidden=\"true\" class=\"wp-block-spacer\"><\/div>\n\n<div class=\"wp-block-columns is-layout-flex wp-container-core-columns-is-layout-28f84493 wp-block-columns-is-layout-flex\">\n<div class=\"wp-block-column is-vertically-aligned-center is-layout-flow wp-block-column-is-layout-flow\" style=\"flex-basis:15%\">\n<figure class=\"wp-block-image alignwide size-full\"><a href=\"https:\/\/dodo-inflatables.com\/wp-content\/uploads\/2024\/03\/18.png\"><img decoding=\"async\" src=\"https:\/\/dodo-inflatables.com\/wp-content\/uploads\/2024\/03\/18.png\" alt=\"\" class=\"wp-image-7153\"\/><\/a><\/figure>\n<\/div>\n\n\n\n<div class=\"wp-block-column is-layout-flow wp-block-column-is-layout-flow\" style=\"flex-basis:85%\">\n<p><strong>EPS<\/strong><br\/>F\u00f6r v\u00e5ra \u00f6sterrikiska kunder: Med EPS kan du betala direkt via din internetbank. V\u00e4lj EPS i kassan, v\u00e4lj din bank och logga in p\u00e5 din internetbank f\u00f6r att slutf\u00f6ra betalningen. Din best\u00e4llning kommer att behandlas och skickas omedelbart efter en lyckad transaktion.<\/p>\n<\/div>\n<\/div>\n\n<div style=\"height:40px\" aria-hidden=\"true\" class=\"wp-block-spacer\"><\/div>\n\n<div class=\"wp-block-columns is-layout-flex wp-container-core-columns-is-layout-28f84493 wp-block-columns-is-layout-flex\">\n<div class=\"wp-block-column is-vertically-aligned-center is-layout-flow wp-block-column-is-layout-flow\" style=\"flex-basis:15%\">\n<figure class=\"wp-block-image alignwide size-full\"><a href=\"https:\/\/dodo-inflatables.com\/wp-content\/uploads\/2024\/03\/14.png\"><img decoding=\"async\" src=\"https:\/\/dodo-inflatables.com\/wp-content\/uploads\/2024\/03\/14.png\" alt=\"\" class=\"wp-image-7149\"\/><\/a><\/figure>\n<\/div>\n\n\n\n<div class=\"wp-block-column is-layout-flow wp-block-column-is-layout-flow\" style=\"flex-basis:85%\">\n<p><strong>Bancontact<\/strong><br\/>F\u00f6r v\u00e5ra belgiska kunder: Med Bancontact kan du betala snabbt och bekv\u00e4mt online. V\u00e4lj Bancontact i kassan, ange dina bankuppgifter och bekr\u00e4fta betalningen med din s\u00e4kerhetskod eller smartphone. Din best\u00e4llning behandlas omedelbart och \u00e4r p\u00e5 v\u00e4g till dig s\u00e5 snart betalningen har gjorts.<\/p>\n<\/div>\n<\/div>\n\n<div style=\"height:40px\" aria-hidden=\"true\" class=\"wp-block-spacer\"><\/div>\n\n<div class=\"wp-block-columns is-layout-flex wp-container-core-columns-is-layout-28f84493 wp-block-columns-is-layout-flex\">\n<div class=\"wp-block-column is-vertically-aligned-center is-layout-flow wp-block-column-is-layout-flow\" style=\"flex-basis:15%\">\n<figure class=\"wp-block-image alignwide size-full\"><a href=\"https:\/\/dodo-inflatables.com\/wp-content\/uploads\/2024\/03\/15.png\"><img decoding=\"async\" src=\"https:\/\/dodo-inflatables.com\/wp-content\/uploads\/2024\/03\/15.png\" alt=\"\" class=\"wp-image-7150\"\/><\/a><\/figure>\n<\/div>\n\n\n\n<div class=\"wp-block-column is-layout-flow wp-block-column-is-layout-flow\" style=\"flex-basis:85%\">\n<p><strong>iDEAL<\/strong><br\/>F\u00f6r v\u00e5ra nederl\u00e4ndska kunder: V\u00e4lj iDEAL under kassaprocessen, v\u00e4lj din bank och logga in p\u00e5 din internetbank f\u00f6r att slutf\u00f6ra betalningen. Din best\u00e4llning kommer att behandlas och skickas omedelbart efter en lyckad transaktion.<\/p>\n<\/div>\n<\/div>\n\n<div style=\"height:40px\" aria-hidden=\"true\" class=\"wp-block-spacer\"><\/div>\n\n<div class=\"wp-block-columns is-layout-flex wp-container-core-columns-is-layout-28f84493 wp-block-columns-is-layout-flex\">\n<div class=\"wp-block-column is-vertically-aligned-center is-layout-flow wp-block-column-is-layout-flow\" style=\"flex-basis:15%\">\n<figure class=\"wp-block-image alignwide size-full\"><a href=\"https:\/\/dodo-inflatables.com\/wp-content\/uploads\/2024\/03\/16.png\"><img decoding=\"async\" src=\"https:\/\/dodo-inflatables.com\/wp-content\/uploads\/2024\/03\/16.png\" alt=\"\" class=\"wp-image-7151\"\/><\/a><\/figure>\n<\/div>\n\n\n\n<div class=\"wp-block-column is-layout-flow wp-block-column-is-layout-flow\" style=\"flex-basis:85%\">\n<p><strong>Przelewy24<\/strong><br\/>F\u00f6r v\u00e5ra polska kunder: V\u00e4lj Przelewy24 i kassan, v\u00e4lj din bank och logga in p\u00e5 din internetbank f\u00f6r att slutf\u00f6ra betalningen. Din best\u00e4llning kommer att behandlas och skickas omedelbart efter en lyckad transaktion.<\/p>\n<\/div>\n<\/div>\n\n<p><\/p>\n","protected":false},"excerpt":{"rendered":"<p>Betalningsalternativ Vi erbjuder olika betalningsalternativ f\u00f6r att du ska kunna g\u00f6ra ett smidigt och s\u00e4kert k\u00f6p.Om du har n\u00e5gra fr\u00e5gor om v\u00e5ra betalningsmetoder, tveka inte att kontakta oss. Bank\u00f6verf\u00f6ring\u00d6verf\u00f6r direkt till v\u00e5rt bankkonto. V\u00e4nligen anv\u00e4nd ordernumret som betalningsgrund. Din best\u00e4llning skickas f\u00f6rst n\u00e4r vi har f\u00e5tt in pengarna p\u00e5 v\u00e5rt konto. Om du beh\u00f6ver din [&hellip;]<\/p>\n","protected":false},"author":1,"featured_media":0,"parent":0,"menu_order":0,"comment_status":"closed","ping_status":"closed","template":"","meta":{"_acf_changed":false,"_uag_custom_page_level_css":"","site-sidebar-layout":"default","site-content-layout":"boxed-container","ast-site-content-layout":"normal-width-container","site-content-style":"boxed","site-sidebar-style":"boxed","ast-global-header-display":"","ast-banner-title-visibility":"","ast-main-header-display":"","ast-hfb-above-header-display":"","ast-hfb-below-header-display":"","ast-hfb-mobile-header-display":"","site-post-title":"disabled","ast-breadcrumbs-content":"disabled","ast-featured-img":"disabled","footer-sml-layout":"","ast-disable-related-posts":"","theme-transparent-header-meta":"","adv-header-id-meta":"7189","stick-header-meta":"","header-above-stick-meta":"","header-main-stick-meta":"","header-below-stick-meta":"","astra-migrate-meta-layouts":"default","ast-page-background-enabled":"default","ast-page-background-meta":{"desktop":{"background-color":"var(--ast-global-color-4)","background-image":"","background-repeat":"repeat","background-position":"center center","background-size":"auto","background-attachment":"scroll","background-type":"","background-media":"","overlay-type":"","overlay-color":"","overlay-opacity":"","overlay-gradient":""},"tablet":{"background-color":"","background-image":"","background-repeat":"repeat","background-position":"center center","background-size":"auto","background-attachment":"scroll","background-type":"","background-media":"","overlay-type":"","overlay-color":"","overlay-opacity":"","overlay-gradient":""},"mobile":{"background-color":"","background-image":"","background-repeat":"repeat","background-position":"center center","background-size":"auto","background-attachment":"scroll","background-type":"","background-media":"","overlay-type":"","overlay-color":"","overlay-opacity":"","overlay-gradient":""}},"ast-content-background-meta":{"desktop":{"background-color":"var(--ast-global-color-5)","background-image":"","background-repeat":"repeat","background-position":"center center","background-size":"auto","background-attachment":"scroll","background-type":"","background-media":"","overlay-type":"","overlay-color":"","overlay-opacity":"","overlay-gradient":""},"tablet":{"background-color":"var(--ast-global-color-5)","background-image":"","background-repeat":"repeat","background-position":"center center","background-size":"auto","background-attachment":"scroll","background-type":"","background-media":"","overlay-type":"","overlay-color":"","overlay-opacity":"","overlay-gradient":""},"mobile":{"background-color":"var(--ast-global-color-5)","background-image":"","background-repeat":"repeat","background-position":"center center","background-size":"auto","background-attachment":"scroll","background-type":"","background-media":"","overlay-type":"","overlay-color":"","overlay-opacity":"","overlay-gradient":""}},"footnotes":""},"class_list":["post-17676","page","type-page","status-publish","hentry"],"acf":[],"yoast_head":"<!-- This site is optimized with the Yoast SEO plugin v27.3 - https:\/\/yoast.com\/product\/yoast-seo-wordpress\/ -->\n<title>S\u00e4kra betalningsalternativ f\u00f6r din hoppborg Bliss - Dodo Inflatables<\/title>\n<meta name=\"description\" content=\"V\u00e4lj gl\u00e4dje p\u00e5 ett s\u00e4kert s\u00e4tt med Dodo Inflatables! Utforska olika betalningsmetoder och ta hem DIN EN 14960-certifierade hoppborgar och uppbl\u00e5sbara leksaker.\" \/>\n<meta name=\"robots\" content=\"index, follow, max-snippet:-1, max-image-preview:large, max-video-preview:-1\" \/>\n<link rel=\"canonical\" href=\"https:\/\/dodo-inflatables.com\/sv\/betalningsalternativ\/\" \/>\n<meta name=\"twitter:label1\" content=\"Ber\u00e4knad l\u00e4stid\" \/>\n\t<meta name=\"twitter:data1\" content=\"3 minuter\" \/>\n<script type=\"application\/ld+json\" class=\"yoast-schema-graph\">{\"@context\":\"https:\\\/\\\/schema.org\",\"@graph\":[{\"@type\":\"WebPage\",\"@id\":\"https:\\\/\\\/dodo-inflatables.com\\\/sv\\\/betalningsalternativ\\\/\",\"url\":\"https:\\\/\\\/dodo-inflatables.com\\\/sv\\\/betalningsalternativ\\\/\",\"name\":\"S\u00e4kra betalningsalternativ f\u00f6r din hoppborg Bliss - Dodo Inflatables\",\"isPartOf\":{\"@id\":\"https:\\\/\\\/dodo-inflatables.com\\\/sv\\\/#website\"},\"primaryImageOfPage\":{\"@id\":\"https:\\\/\\\/dodo-inflatables.com\\\/sv\\\/betalningsalternativ\\\/#primaryimage\"},\"image\":{\"@id\":\"https:\\\/\\\/dodo-inflatables.com\\\/sv\\\/betalningsalternativ\\\/#primaryimage\"},\"thumbnailUrl\":\"https:\\\/\\\/dodo-inflatables.com\\\/wp-content\\\/uploads\\\/2024\\\/03\\\/2.png\",\"datePublished\":\"2017-01-06T18:43:59+00:00\",\"dateModified\":\"2024-08-19T12:52:42+00:00\",\"description\":\"V\u00e4lj gl\u00e4dje p\u00e5 ett s\u00e4kert s\u00e4tt med Dodo Inflatables! Utforska olika betalningsmetoder och ta hem DIN EN 14960-certifierade hoppborgar och uppbl\u00e5sbara leksaker.\",\"breadcrumb\":{\"@id\":\"https:\\\/\\\/dodo-inflatables.com\\\/sv\\\/betalningsalternativ\\\/#breadcrumb\"},\"inLanguage\":\"sv-SE\",\"potentialAction\":[{\"@type\":\"ReadAction\",\"target\":[\"https:\\\/\\\/dodo-inflatables.com\\\/sv\\\/betalningsalternativ\\\/\"]}]},{\"@type\":\"ImageObject\",\"inLanguage\":\"sv-SE\",\"@id\":\"https:\\\/\\\/dodo-inflatables.com\\\/sv\\\/betalningsalternativ\\\/#primaryimage\",\"url\":\"https:\\\/\\\/dodo-inflatables.com\\\/wp-content\\\/uploads\\\/2024\\\/03\\\/2.png\",\"contentUrl\":\"https:\\\/\\\/dodo-inflatables.com\\\/wp-content\\\/uploads\\\/2024\\\/03\\\/2.png\"},{\"@type\":\"BreadcrumbList\",\"@id\":\"https:\\\/\\\/dodo-inflatables.com\\\/sv\\\/betalningsalternativ\\\/#breadcrumb\",\"itemListElement\":[{\"@type\":\"ListItem\",\"position\":1,\"name\":\"Hem\",\"item\":\"https:\\\/\\\/dodo-inflatables.com\\\/sv\\\/\"},{\"@type\":\"ListItem\",\"position\":2,\"name\":\"Betalningsalternativ\"}]},{\"@type\":\"WebSite\",\"@id\":\"https:\\\/\\\/dodo-inflatables.com\\\/sv\\\/#website\",\"url\":\"https:\\\/\\\/dodo-inflatables.com\\\/sv\\\/\",\"name\":\"dodo-inflatables.com\",\"description\":\"K\u00f6p hoppborgar och attraktioner i v\u00e5r butik.\",\"publisher\":{\"@id\":\"https:\\\/\\\/dodo-inflatables.com\\\/sv\\\/#organization\"},\"potentialAction\":[{\"@type\":\"SearchAction\",\"target\":{\"@type\":\"EntryPoint\",\"urlTemplate\":\"https:\\\/\\\/dodo-inflatables.com\\\/sv\\\/?s={search_term_string}\"},\"query-input\":{\"@type\":\"PropertyValueSpecification\",\"valueRequired\":true,\"valueName\":\"search_term_string\"}}],\"inLanguage\":\"sv-SE\"},{\"@type\":\"Organization\",\"@id\":\"https:\\\/\\\/dodo-inflatables.com\\\/sv\\\/#organization\",\"name\":\"dodo-inflatables.com\",\"url\":\"https:\\\/\\\/dodo-inflatables.com\\\/sv\\\/\",\"logo\":{\"@type\":\"ImageObject\",\"inLanguage\":\"sv-SE\",\"@id\":\"https:\\\/\\\/dodo-inflatables.com\\\/sv\\\/#\\\/schema\\\/logo\\\/image\\\/\",\"url\":\"https:\\\/\\\/dodo-inflatables.com\\\/wp-content\\\/uploads\\\/2023\\\/04\\\/cropped-cropped-cropped-Dodo-Logo.png\",\"contentUrl\":\"https:\\\/\\\/dodo-inflatables.com\\\/wp-content\\\/uploads\\\/2023\\\/04\\\/cropped-cropped-cropped-Dodo-Logo.png\",\"width\":2996,\"height\":1545,\"caption\":\"dodo-inflatables.com\"},\"image\":{\"@id\":\"https:\\\/\\\/dodo-inflatables.com\\\/sv\\\/#\\\/schema\\\/logo\\\/image\\\/\"}}]}<\/script>\n<!-- \/ Yoast SEO plugin. -->","yoast_head_json":{"title":"S\u00e4kra betalningsalternativ f\u00f6r din hoppborg Bliss - Dodo Inflatables","description":"V\u00e4lj gl\u00e4dje p\u00e5 ett s\u00e4kert s\u00e4tt med Dodo Inflatables! Utforska olika betalningsmetoder och ta hem DIN EN 14960-certifierade hoppborgar och uppbl\u00e5sbara leksaker.","robots":{"index":"index","follow":"follow","max-snippet":"max-snippet:-1","max-image-preview":"max-image-preview:large","max-video-preview":"max-video-preview:-1"},"canonical":"https:\/\/dodo-inflatables.com\/sv\/betalningsalternativ\/","twitter_misc":{"Ber\u00e4knad l\u00e4stid":"3 minuter"},"schema":{"@context":"https:\/\/schema.org","@graph":[{"@type":"WebPage","@id":"https:\/\/dodo-inflatables.com\/sv\/betalningsalternativ\/","url":"https:\/\/dodo-inflatables.com\/sv\/betalningsalternativ\/","name":"S\u00e4kra betalningsalternativ f\u00f6r din hoppborg Bliss - Dodo Inflatables","isPartOf":{"@id":"https:\/\/dodo-inflatables.com\/sv\/#website"},"primaryImageOfPage":{"@id":"https:\/\/dodo-inflatables.com\/sv\/betalningsalternativ\/#primaryimage"},"image":{"@id":"https:\/\/dodo-inflatables.com\/sv\/betalningsalternativ\/#primaryimage"},"thumbnailUrl":"https:\/\/dodo-inflatables.com\/wp-content\/uploads\/2024\/03\/2.png","datePublished":"2017-01-06T18:43:59+00:00","dateModified":"2024-08-19T12:52:42+00:00","description":"V\u00e4lj gl\u00e4dje p\u00e5 ett s\u00e4kert s\u00e4tt med Dodo Inflatables! Utforska olika betalningsmetoder och ta hem DIN EN 14960-certifierade hoppborgar och uppbl\u00e5sbara leksaker.","breadcrumb":{"@id":"https:\/\/dodo-inflatables.com\/sv\/betalningsalternativ\/#breadcrumb"},"inLanguage":"sv-SE","potentialAction":[{"@type":"ReadAction","target":["https:\/\/dodo-inflatables.com\/sv\/betalningsalternativ\/"]}]},{"@type":"ImageObject","inLanguage":"sv-SE","@id":"https:\/\/dodo-inflatables.com\/sv\/betalningsalternativ\/#primaryimage","url":"https:\/\/dodo-inflatables.com\/wp-content\/uploads\/2024\/03\/2.png","contentUrl":"https:\/\/dodo-inflatables.com\/wp-content\/uploads\/2024\/03\/2.png"},{"@type":"BreadcrumbList","@id":"https:\/\/dodo-inflatables.com\/sv\/betalningsalternativ\/#breadcrumb","itemListElement":[{"@type":"ListItem","position":1,"name":"Hem","item":"https:\/\/dodo-inflatables.com\/sv\/"},{"@type":"ListItem","position":2,"name":"Betalningsalternativ"}]},{"@type":"WebSite","@id":"https:\/\/dodo-inflatables.com\/sv\/#website","url":"https:\/\/dodo-inflatables.com\/sv\/","name":"dodo-inflatables.com","description":"K\u00f6p hoppborgar och attraktioner i v\u00e5r butik.","publisher":{"@id":"https:\/\/dodo-inflatables.com\/sv\/#organization"},"potentialAction":[{"@type":"SearchAction","target":{"@type":"EntryPoint","urlTemplate":"https:\/\/dodo-inflatables.com\/sv\/?s={search_term_string}"},"query-input":{"@type":"PropertyValueSpecification","valueRequired":true,"valueName":"search_term_string"}}],"inLanguage":"sv-SE"},{"@type":"Organization","@id":"https:\/\/dodo-inflatables.com\/sv\/#organization","name":"dodo-inflatables.com","url":"https:\/\/dodo-inflatables.com\/sv\/","logo":{"@type":"ImageObject","inLanguage":"sv-SE","@id":"https:\/\/dodo-inflatables.com\/sv\/#\/schema\/logo\/image\/","url":"https:\/\/dodo-inflatables.com\/wp-content\/uploads\/2023\/04\/cropped-cropped-cropped-Dodo-Logo.png","contentUrl":"https:\/\/dodo-inflatables.com\/wp-content\/uploads\/2023\/04\/cropped-cropped-cropped-Dodo-Logo.png","width":2996,"height":1545,"caption":"dodo-inflatables.com"},"image":{"@id":"https:\/\/dodo-inflatables.com\/sv\/#\/schema\/logo\/image\/"}}]}},"uagb_featured_image_src":{"full":false,"thumbnail":false,"medium":false,"medium_large":false,"large":false,"1536x1536":false,"2048x2048":false,"woocommerce_thumbnail":false,"woocommerce_single":false,"woocommerce_gallery_thumbnail":false},"uagb_author_info":{"display_name":"Andreas","author_link":"https:\/\/dodo-inflatables.com\/sv\/author\/andreas\/"},"uagb_comment_info":0,"uagb_excerpt":"Betalningsalternativ Vi erbjuder olika betalningsalternativ f\u00f6r att du ska kunna g\u00f6ra ett smidigt och s\u00e4kert k\u00f6p.Om du har n\u00e5gra fr\u00e5gor om v\u00e5ra betalningsmetoder, tveka inte att kontakta oss. Bank\u00f6verf\u00f6ring\u00d6verf\u00f6r direkt till v\u00e5rt bankkonto. V\u00e4nligen anv\u00e4nd ordernumret som betalningsgrund. Din best\u00e4llning skickas f\u00f6rst n\u00e4r vi har f\u00e5tt in pengarna p\u00e5 v\u00e5rt konto. Om du beh\u00f6ver din&hellip;","_links":{"self":[{"href":"https:\/\/dodo-inflatables.com\/sv\/wp-json\/wp\/v2\/pages\/17676","targetHints":{"allow":["GET"]}}],"collection":[{"href":"https:\/\/dodo-inflatables.com\/sv\/wp-json\/wp\/v2\/pages"}],"about":[{"href":"https:\/\/dodo-inflatables.com\/sv\/wp-json\/wp\/v2\/types\/page"}],"author":[{"embeddable":true,"href":"https:\/\/dodo-inflatables.com\/sv\/wp-json\/wp\/v2\/users\/1"}],"replies":[{"embeddable":true,"href":"https:\/\/dodo-inflatables.com\/sv\/wp-json\/wp\/v2\/comments?post=17676"}],"version-history":[{"count":2,"href":"https:\/\/dodo-inflatables.com\/sv\/wp-json\/wp\/v2\/pages\/17676\/revisions"}],"predecessor-version":[{"id":17678,"href":"https:\/\/dodo-inflatables.com\/sv\/wp-json\/wp\/v2\/pages\/17676\/revisions\/17678"}],"wp:attachment":[{"href":"https:\/\/dodo-inflatables.com\/sv\/wp-json\/wp\/v2\/media?parent=17676"}],"curies":[{"name":"wp","href":"https:\/\/api.w.org\/{rel}","templated":true}]}}