{"id":18504,"date":"2024-03-07T20:04:06","date_gmt":"2024-03-07T19:04:06","guid":{"rendered":"https:\/\/dodo-inflatables.com\/kob-oppustelige-rutsjebaner-og-hoppeborge-til-danmark\/"},"modified":"2024-07-17T15:15:32","modified_gmt":"2024-07-17T13:15:32","slug":"kob-oppustelige-rutsjebaner-og-hoppeborge-til-danmark","status":"publish","type":"page","link":"https:\/\/dodo-inflatables.com\/sv\/kob-oppustelige-rutsjebaner-og-hoppeborge-til-danmark\/","title":{"rendered":"K\u00f8b oppustelige rutsjebaner og hoppeborge til Danmark"},"content":{"rendered":"\n<h2 class=\"wp-block-heading has-text-align-center\"><strong>K\u00f8b oppustelige rutsjebaner og hoppeborge til Danmark<\/strong><\/h2>\n\n<figure class=\"wp-block-image aligncenter size-large\"><a href=\"https:\/\/dodo-inflatables.com\/wp-content\/uploads\/2022\/01\/seperator-kleiner.png\"><img loading=\"lazy\" decoding=\"async\" width=\"1024\" height=\"102\" src=\"https:\/\/dodo-inflatables.com\/wp-content\/uploads\/2022\/01\/seperator-kleiner-1024x102.png\" alt=\"\" class=\"wp-image-4026\" srcset=\"https:\/\/dodo-inflatables.com\/wp-content\/uploads\/2022\/01\/seperator-kleiner-1024x102.png 1024w, https:\/\/dodo-inflatables.com\/wp-content\/uploads\/2022\/01\/seperator-kleiner-900x90.png 900w, https:\/\/dodo-inflatables.com\/wp-content\/uploads\/2022\/01\/seperator-kleiner-300x30.png 300w, https:\/\/dodo-inflatables.com\/wp-content\/uploads\/2022\/01\/seperator-kleiner-768x77.png 768w, https:\/\/dodo-inflatables.com\/wp-content\/uploads\/2022\/01\/seperator-kleiner-1536x154.png 1536w, https:\/\/dodo-inflatables.com\/wp-content\/uploads\/2022\/01\/seperator-kleiner-340x34.png 340w, https:\/\/dodo-inflatables.com\/wp-content\/uploads\/2022\/01\/seperator-kleiner.png 2000w\" sizes=\"auto, (max-width: 1024px) 100vw, 1024px\" \/><\/a><\/figure>\n\n<h3 class=\"wp-block-heading has-text-align-center\">Velkommen til Dodo-Inflatables.com &#8211; vores onlinebutik for oppustelige produkter i Europa!<\/h3>\n\n<p style=\"font-size:17px\">Dyk ner i v\u00e5rt omfattande udvalg af hoppeborge og rutsjebaner af h\u00f8j kvalitet, som vil tilf\u00f8je det lille ekstra til enhver lejlighed. Oavsett om du leder efter en stor hoppeborg till ett firmaarrangemang, en liten hoppeborg till en b\u00f8rnef\u00f8dselsdag eller en hoppeborg med rutsjebane till en sommerfest &#8211; s\u00e5 hittar du med garanti n\u00e5got, som passerar till dig h\u00e4r!<\/p>\n\n<p style=\"font-size:17px\">V\u00e5rt sortiment omfattar inte bara en rad hoppeborge, men ocks\u00e5 en bred vifte af tilbeh\u00f8r, herunder Gibbons og Huawei-bl\u00e6sere til hoppeborge.<\/p>\n\n<p style=\"font-size:17px\">Forsendelse af en hoppeborg med tilbeh\u00f8r til <strong>Danmark koster \u20ac184,00<\/strong>. En paket med oppusteligt tilbeh\u00f8r koster 25,00 \u20ac. Om hoppeborgen \u00e4r p\u00e5 lager, blir den skickad till dig omedelbart efter modtagelse av betalning. Leverans till Danmark tar ca.  <strong>4 &#8211; 6 arbetsdag.<\/strong>  Det \u00e4r muligt selv at afhente hoppeborgen p\u00e5 vores lager i M\u00fcnchen, Tyskland.<\/p>\n\n<p style=\"font-size:17px\">Alla v\u00e5ra hoppborgar uppfyller de str\u00e4nga s\u00e4kerhetsstandarderna i <strong>DIN EN 14960<\/strong> och \u00e4r v\u00e4legnede til privat og kommerciel brug. Du kommer att ta emot en detaljerad v\u00e4gledning och det tillh\u00f6rande certifikatet till din nya hoppborg, n\u00e4r den \u00e4r blevet afsendt.<\/p>\n\n<p style=\"font-size:17px\">Momsfritagelse f\u00f6r f\u00f6retag! Om du k\u00f6per som f\u00f6retag, ska du indtaste dit momsregistreringsnummer vid kassen f\u00f6r att foretage skattefrie k\u00f8b.<\/p>\n\n<p style=\"font-size:17px\">Oavsett om du \u00e4r en privatperson, som leder efter en hoppborg till din n\u00e4sta familjefest, eller om du \u00e4r en kommersiell utlejningsfirma, som \u00f6nskar att utvidga detta sortiment, \u00e4r v\u00e5r hoppborg velegnede til alle. Faktiskt \u00e4r de flesta av v\u00e5ra kunder i hela Europa utlejare av hoppeborge, som v\u00e4rds\u00e4tter v\u00e5ra produkter till arrangemang i alla storlekar.<\/p>\n\n<p style=\"font-size:17px\">Vi hoppas, du kommer att njuta av att \u00f6verleva runt i v\u00e5r onlinebutik, och vi kommer med gl\u00e4dje att besvara eventuella fr\u00e5gor, du m\u00e5ste ha p\u00e5 <a href=\"mailto:contact@dodo-inflatables.com\">contact@dodo-inflatables.com<\/a>!<\/p>\n\n<div style=\"height:100px\" aria-hidden=\"true\" class=\"wp-block-spacer\"><\/div>\n","protected":false},"excerpt":{"rendered":"<p>K\u00f8b oppustelige rutsjebaner og hoppeborge til Danmark Velkommen til Dodo-Inflatables.com &#8211; vores onlinebutik for oppustelige produkter i Europa! Dyk ner i v\u00e5rt omfattande udvalg af hoppeborge og rutsjebaner af h\u00f8j kvalitet, som vil tilf\u00f8je det lille ekstra til enhver lejlighed. Oavsett om du leder efter en stor hoppeborg till ett firmaarrangemang, en liten hoppeborg till [&hellip;]<\/p>\n","protected":false},"author":1,"featured_media":0,"parent":0,"menu_order":0,"comment_status":"closed","ping_status":"closed","template":"","meta":{"_acf_changed":false,"_uag_custom_page_level_css":"","site-sidebar-layout":"default","site-content-layout":"","ast-site-content-layout":"normal-width-container","site-content-style":"boxed","site-sidebar-style":"default","ast-global-header-display":"","ast-banner-title-visibility":"","ast-main-header-display":"","ast-hfb-above-header-display":"","ast-hfb-below-header-display":"","ast-hfb-mobile-header-display":"","site-post-title":"","ast-breadcrumbs-content":"","ast-featured-img":"","footer-sml-layout":"","ast-disable-related-posts":"","theme-transparent-header-meta":"","adv-header-id-meta":"4069","stick-header-meta":"","header-above-stick-meta":"","header-main-stick-meta":"","header-below-stick-meta":"","astra-migrate-meta-layouts":"default","ast-page-background-enabled":"default","ast-page-background-meta":{"desktop":{"background-color":"var(--ast-global-color-4)","background-image":"","background-repeat":"repeat","background-position":"center center","background-size":"auto","background-attachment":"scroll","background-type":"","background-media":"","overlay-type":"","overlay-color":"","overlay-opacity":"","overlay-gradient":""},"tablet":{"background-color":"","background-image":"","background-repeat":"repeat","background-position":"center center","background-size":"auto","background-attachment":"scroll","background-type":"","background-media":"","overlay-type":"","overlay-color":"","overlay-opacity":"","overlay-gradient":""},"mobile":{"background-color":"","background-image":"","background-repeat":"repeat","background-position":"center center","background-size":"auto","background-attachment":"scroll","background-type":"","background-media":"","overlay-type":"","overlay-color":"","overlay-opacity":"","overlay-gradient":""}},"ast-content-background-meta":{"desktop":{"background-color":"var(--ast-global-color-5)","background-image":"","background-repeat":"repeat","background-position":"center center","background-size":"auto","background-attachment":"scroll","background-type":"","background-media":"","overlay-type":"","overlay-color":"","overlay-opacity":"","overlay-gradient":""},"tablet":{"background-color":"var(--ast-global-color-5)","background-image":"","background-repeat":"repeat","background-position":"center center","background-size":"auto","background-attachment":"scroll","background-type":"","background-media":"","overlay-type":"","overlay-color":"","overlay-opacity":"","overlay-gradient":""},"mobile":{"background-color":"var(--ast-global-color-5)","background-image":"","background-repeat":"repeat","background-position":"center center","background-size":"auto","background-attachment":"scroll","background-type":"","background-media":"","overlay-type":"","overlay-color":"","overlay-opacity":"","overlay-gradient":""}},"footnotes":""},"class_list":["post-18504","page","type-page","status-publish","hentry"],"acf":[],"yoast_head":"<!-- This site is optimized with the Yoast SEO plugin v27.3 - https:\/\/yoast.com\/product\/yoast-seo-wordpress\/ -->\n<title>K\u00f8b oppustelige rutsjebaner og hoppeborge til Danmark - dodo-inflatables.com<\/title>\n<meta name=\"robots\" content=\"index, follow, max-snippet:-1, max-image-preview:large, max-video-preview:-1\" \/>\n<link rel=\"canonical\" href=\"https:\/\/dodo-inflatables.com\/sv\/kob-oppustelige-rutsjebaner-og-hoppeborge-til-danmark\/\" \/>\n<meta name=\"twitter:label1\" content=\"Ber\u00e4knad l\u00e4stid\" \/>\n\t<meta name=\"twitter:data1\" content=\"2 minuter\" \/>\n<script type=\"application\/ld+json\" class=\"yoast-schema-graph\">{\"@context\":\"https:\\\/\\\/schema.org\",\"@graph\":[{\"@type\":\"WebPage\",\"@id\":\"https:\\\/\\\/dodo-inflatables.com\\\/sv\\\/kob-oppustelige-rutsjebaner-og-hoppeborge-til-danmark\\\/\",\"url\":\"https:\\\/\\\/dodo-inflatables.com\\\/sv\\\/kob-oppustelige-rutsjebaner-og-hoppeborge-til-danmark\\\/\",\"name\":\"K\u00f8b oppustelige rutsjebaner og hoppeborge til Danmark - dodo-inflatables.com\",\"isPartOf\":{\"@id\":\"https:\\\/\\\/dodo-inflatables.com\\\/sv\\\/#website\"},\"primaryImageOfPage\":{\"@id\":\"https:\\\/\\\/dodo-inflatables.com\\\/sv\\\/kob-oppustelige-rutsjebaner-og-hoppeborge-til-danmark\\\/#primaryimage\"},\"image\":{\"@id\":\"https:\\\/\\\/dodo-inflatables.com\\\/sv\\\/kob-oppustelige-rutsjebaner-og-hoppeborge-til-danmark\\\/#primaryimage\"},\"thumbnailUrl\":\"https:\\\/\\\/dodo-inflatables.com\\\/wp-content\\\/uploads\\\/2022\\\/01\\\/seperator-kleiner-1024x102.png\",\"datePublished\":\"2024-03-07T19:04:06+00:00\",\"dateModified\":\"2024-07-17T13:15:32+00:00\",\"breadcrumb\":{\"@id\":\"https:\\\/\\\/dodo-inflatables.com\\\/sv\\\/kob-oppustelige-rutsjebaner-og-hoppeborge-til-danmark\\\/#breadcrumb\"},\"inLanguage\":\"sv-SE\",\"potentialAction\":[{\"@type\":\"ReadAction\",\"target\":[\"https:\\\/\\\/dodo-inflatables.com\\\/sv\\\/kob-oppustelige-rutsjebaner-og-hoppeborge-til-danmark\\\/\"]}]},{\"@type\":\"ImageObject\",\"inLanguage\":\"sv-SE\",\"@id\":\"https:\\\/\\\/dodo-inflatables.com\\\/sv\\\/kob-oppustelige-rutsjebaner-og-hoppeborge-til-danmark\\\/#primaryimage\",\"url\":\"https:\\\/\\\/dodo-inflatables.com\\\/wp-content\\\/uploads\\\/2022\\\/01\\\/seperator-kleiner-1024x102.png\",\"contentUrl\":\"https:\\\/\\\/dodo-inflatables.com\\\/wp-content\\\/uploads\\\/2022\\\/01\\\/seperator-kleiner-1024x102.png\"},{\"@type\":\"BreadcrumbList\",\"@id\":\"https:\\\/\\\/dodo-inflatables.com\\\/sv\\\/kob-oppustelige-rutsjebaner-og-hoppeborge-til-danmark\\\/#breadcrumb\",\"itemListElement\":[{\"@type\":\"ListItem\",\"position\":1,\"name\":\"Hem\",\"item\":\"https:\\\/\\\/dodo-inflatables.com\\\/sv\\\/\"},{\"@type\":\"ListItem\",\"position\":2,\"name\":\"K\u00f8b oppustelige rutsjebaner og hoppeborge til Danmark\"}]},{\"@type\":\"WebSite\",\"@id\":\"https:\\\/\\\/dodo-inflatables.com\\\/sv\\\/#website\",\"url\":\"https:\\\/\\\/dodo-inflatables.com\\\/sv\\\/\",\"name\":\"dodo-inflatables.com\",\"description\":\"K\u00f6p hoppborgar och attraktioner i v\u00e5r butik.\",\"publisher\":{\"@id\":\"https:\\\/\\\/dodo-inflatables.com\\\/sv\\\/#organization\"},\"potentialAction\":[{\"@type\":\"SearchAction\",\"target\":{\"@type\":\"EntryPoint\",\"urlTemplate\":\"https:\\\/\\\/dodo-inflatables.com\\\/sv\\\/?s={search_term_string}\"},\"query-input\":{\"@type\":\"PropertyValueSpecification\",\"valueRequired\":true,\"valueName\":\"search_term_string\"}}],\"inLanguage\":\"sv-SE\"},{\"@type\":\"Organization\",\"@id\":\"https:\\\/\\\/dodo-inflatables.com\\\/sv\\\/#organization\",\"name\":\"dodo-inflatables.com\",\"url\":\"https:\\\/\\\/dodo-inflatables.com\\\/sv\\\/\",\"logo\":{\"@type\":\"ImageObject\",\"inLanguage\":\"sv-SE\",\"@id\":\"https:\\\/\\\/dodo-inflatables.com\\\/sv\\\/#\\\/schema\\\/logo\\\/image\\\/\",\"url\":\"https:\\\/\\\/dodo-inflatables.com\\\/wp-content\\\/uploads\\\/2023\\\/04\\\/cropped-cropped-cropped-Dodo-Logo.png\",\"contentUrl\":\"https:\\\/\\\/dodo-inflatables.com\\\/wp-content\\\/uploads\\\/2023\\\/04\\\/cropped-cropped-cropped-Dodo-Logo.png\",\"width\":2996,\"height\":1545,\"caption\":\"dodo-inflatables.com\"},\"image\":{\"@id\":\"https:\\\/\\\/dodo-inflatables.com\\\/sv\\\/#\\\/schema\\\/logo\\\/image\\\/\"}}]}<\/script>\n<!-- \/ Yoast SEO plugin. -->","yoast_head_json":{"title":"K\u00f8b oppustelige rutsjebaner og hoppeborge til Danmark - dodo-inflatables.com","robots":{"index":"index","follow":"follow","max-snippet":"max-snippet:-1","max-image-preview":"max-image-preview:large","max-video-preview":"max-video-preview:-1"},"canonical":"https:\/\/dodo-inflatables.com\/sv\/kob-oppustelige-rutsjebaner-og-hoppeborge-til-danmark\/","twitter_misc":{"Ber\u00e4knad l\u00e4stid":"2 minuter"},"schema":{"@context":"https:\/\/schema.org","@graph":[{"@type":"WebPage","@id":"https:\/\/dodo-inflatables.com\/sv\/kob-oppustelige-rutsjebaner-og-hoppeborge-til-danmark\/","url":"https:\/\/dodo-inflatables.com\/sv\/kob-oppustelige-rutsjebaner-og-hoppeborge-til-danmark\/","name":"K\u00f8b oppustelige rutsjebaner og hoppeborge til Danmark - dodo-inflatables.com","isPartOf":{"@id":"https:\/\/dodo-inflatables.com\/sv\/#website"},"primaryImageOfPage":{"@id":"https:\/\/dodo-inflatables.com\/sv\/kob-oppustelige-rutsjebaner-og-hoppeborge-til-danmark\/#primaryimage"},"image":{"@id":"https:\/\/dodo-inflatables.com\/sv\/kob-oppustelige-rutsjebaner-og-hoppeborge-til-danmark\/#primaryimage"},"thumbnailUrl":"https:\/\/dodo-inflatables.com\/wp-content\/uploads\/2022\/01\/seperator-kleiner-1024x102.png","datePublished":"2024-03-07T19:04:06+00:00","dateModified":"2024-07-17T13:15:32+00:00","breadcrumb":{"@id":"https:\/\/dodo-inflatables.com\/sv\/kob-oppustelige-rutsjebaner-og-hoppeborge-til-danmark\/#breadcrumb"},"inLanguage":"sv-SE","potentialAction":[{"@type":"ReadAction","target":["https:\/\/dodo-inflatables.com\/sv\/kob-oppustelige-rutsjebaner-og-hoppeborge-til-danmark\/"]}]},{"@type":"ImageObject","inLanguage":"sv-SE","@id":"https:\/\/dodo-inflatables.com\/sv\/kob-oppustelige-rutsjebaner-og-hoppeborge-til-danmark\/#primaryimage","url":"https:\/\/dodo-inflatables.com\/wp-content\/uploads\/2022\/01\/seperator-kleiner-1024x102.png","contentUrl":"https:\/\/dodo-inflatables.com\/wp-content\/uploads\/2022\/01\/seperator-kleiner-1024x102.png"},{"@type":"BreadcrumbList","@id":"https:\/\/dodo-inflatables.com\/sv\/kob-oppustelige-rutsjebaner-og-hoppeborge-til-danmark\/#breadcrumb","itemListElement":[{"@type":"ListItem","position":1,"name":"Hem","item":"https:\/\/dodo-inflatables.com\/sv\/"},{"@type":"ListItem","position":2,"name":"K\u00f8b oppustelige rutsjebaner og hoppeborge til Danmark"}]},{"@type":"WebSite","@id":"https:\/\/dodo-inflatables.com\/sv\/#website","url":"https:\/\/dodo-inflatables.com\/sv\/","name":"dodo-inflatables.com","description":"K\u00f6p hoppborgar och attraktioner i v\u00e5r butik.","publisher":{"@id":"https:\/\/dodo-inflatables.com\/sv\/#organization"},"potentialAction":[{"@type":"SearchAction","target":{"@type":"EntryPoint","urlTemplate":"https:\/\/dodo-inflatables.com\/sv\/?s={search_term_string}"},"query-input":{"@type":"PropertyValueSpecification","valueRequired":true,"valueName":"search_term_string"}}],"inLanguage":"sv-SE"},{"@type":"Organization","@id":"https:\/\/dodo-inflatables.com\/sv\/#organization","name":"dodo-inflatables.com","url":"https:\/\/dodo-inflatables.com\/sv\/","logo":{"@type":"ImageObject","inLanguage":"sv-SE","@id":"https:\/\/dodo-inflatables.com\/sv\/#\/schema\/logo\/image\/","url":"https:\/\/dodo-inflatables.com\/wp-content\/uploads\/2023\/04\/cropped-cropped-cropped-Dodo-Logo.png","contentUrl":"https:\/\/dodo-inflatables.com\/wp-content\/uploads\/2023\/04\/cropped-cropped-cropped-Dodo-Logo.png","width":2996,"height":1545,"caption":"dodo-inflatables.com"},"image":{"@id":"https:\/\/dodo-inflatables.com\/sv\/#\/schema\/logo\/image\/"}}]}},"uagb_featured_image_src":{"full":false,"thumbnail":false,"medium":false,"medium_large":false,"large":false,"1536x1536":false,"2048x2048":false,"woocommerce_thumbnail":false,"woocommerce_single":false,"woocommerce_gallery_thumbnail":false},"uagb_author_info":{"display_name":"Andreas","author_link":"https:\/\/dodo-inflatables.com\/sv\/author\/andreas\/"},"uagb_comment_info":0,"uagb_excerpt":"K\u00f8b oppustelige rutsjebaner og hoppeborge til Danmark Velkommen til Dodo-Inflatables.com &#8211; vores onlinebutik for oppustelige produkter i Europa! Dyk ner i v\u00e5rt omfattande udvalg af hoppeborge og rutsjebaner af h\u00f8j kvalitet, som vil tilf\u00f8je det lille ekstra til enhver lejlighed. Oavsett om du leder efter en stor hoppeborg till ett firmaarrangemang, en liten hoppeborg till&hellip;","_links":{"self":[{"href":"https:\/\/dodo-inflatables.com\/sv\/wp-json\/wp\/v2\/pages\/18504","targetHints":{"allow":["GET"]}}],"collection":[{"href":"https:\/\/dodo-inflatables.com\/sv\/wp-json\/wp\/v2\/pages"}],"about":[{"href":"https:\/\/dodo-inflatables.com\/sv\/wp-json\/wp\/v2\/types\/page"}],"author":[{"embeddable":true,"href":"https:\/\/dodo-inflatables.com\/sv\/wp-json\/wp\/v2\/users\/1"}],"replies":[{"embeddable":true,"href":"https:\/\/dodo-inflatables.com\/sv\/wp-json\/wp\/v2\/comments?post=18504"}],"version-history":[{"count":2,"href":"https:\/\/dodo-inflatables.com\/sv\/wp-json\/wp\/v2\/pages\/18504\/revisions"}],"predecessor-version":[{"id":18508,"href":"https:\/\/dodo-inflatables.com\/sv\/wp-json\/wp\/v2\/pages\/18504\/revisions\/18508"}],"wp:attachment":[{"href":"https:\/\/dodo-inflatables.com\/sv\/wp-json\/wp\/v2\/media?parent=18504"}],"curies":[{"name":"wp","href":"https:\/\/api.w.org\/{rel}","templated":true}]}}