{"id":18577,"date":"2024-03-07T19:08:01","date_gmt":"2024-03-07T18:08:01","guid":{"rendered":"https:\/\/dodo-inflatables.com\/kjop-oppblasbare-sklier-og-hoppeslott-til-norge\/"},"modified":"2024-07-17T15:15:56","modified_gmt":"2024-07-17T13:15:56","slug":"kjop-oppblasbare-sklier-og-hoppeslott-til-norge","status":"publish","type":"page","link":"https:\/\/dodo-inflatables.com\/sv\/kjop-oppblasbare-sklier-og-hoppeslott-til-norge\/","title":{"rendered":"Kj\u00f8p oppbl\u00e5sbare sklier og hoppeslott til Norge"},"content":{"rendered":"\n<h2 class=\"wp-block-heading has-text-align-center\"><strong>Kj\u00f8p oppbl\u00e5sbare sklier og hoppeslott til Norge<\/strong><\/h2>\n\n<figure class=\"wp-block-image aligncenter size-large\"><a href=\"https:\/\/dodo-inflatables.com\/wp-content\/uploads\/2022\/01\/seperator-kleiner.png\"><img fetchpriority=\"high\" decoding=\"async\" width=\"1024\" height=\"102\" src=\"https:\/\/dodo-inflatables.com\/wp-content\/uploads\/2022\/01\/seperator-kleiner-1024x102.png\" alt=\"\" class=\"wp-image-4026\" srcset=\"https:\/\/dodo-inflatables.com\/wp-content\/uploads\/2022\/01\/seperator-kleiner-1024x102.png 1024w, https:\/\/dodo-inflatables.com\/wp-content\/uploads\/2022\/01\/seperator-kleiner-900x90.png 900w, https:\/\/dodo-inflatables.com\/wp-content\/uploads\/2022\/01\/seperator-kleiner-300x30.png 300w, https:\/\/dodo-inflatables.com\/wp-content\/uploads\/2022\/01\/seperator-kleiner-768x77.png 768w, https:\/\/dodo-inflatables.com\/wp-content\/uploads\/2022\/01\/seperator-kleiner-1536x154.png 1536w, https:\/\/dodo-inflatables.com\/wp-content\/uploads\/2022\/01\/seperator-kleiner-340x34.png 340w, https:\/\/dodo-inflatables.com\/wp-content\/uploads\/2022\/01\/seperator-kleiner.png 2000w\" sizes=\"(max-width: 1024px) 100vw, 1024px\" \/><\/a><\/figure>\n\n<h3 class=\"wp-block-heading has-text-align-center\">Velkommen til Dodo-Inflatables.com &#8211; v\u00e5r nettbutikk for oppbl\u00e5sbare hoppeslott i Europa!<\/h3>\n\n<p style=\"font-size:17px\">Ta ett djupdyk i v\u00e5rt omfattande urval av oppbl\u00e5sbare hoppeslott och sklier av h\u00f6g kvalitet som kommer att bidra till det lilla extra till enhver anledning. Enten du er p\u00e5 utkikk etter en stor hoppeslott til et bedriftsarrangement, et lite oppbl\u00e5sbart slott til barnebursdagen eller et hoppeslott med sklie til sommerfesten &#8211; her finner du garantert noe som passer!<\/p>\n\n<p style=\"font-size:17px\">I v\u00e5rt sortiment hittar du inte bara en stor hoppslott, men ocks\u00e5 ett brett urval av tillbeh\u00f6r, bland annat Gibbons och Huawei-bl\u00e5sare till hoppslott.<\/p>\n\n<p style=\"font-size:17px\">Frakt av hoppslott och tillbeh\u00f6r till <strong>Norge kostar \u20ac359,00<\/strong>. Ett paket med oppbl\u00e5sbart tillbeh\u00f6r kostar \u20ac59,00. Om hoppeslottet \u00e4r p\u00e5 lager, skicka det till deg umiddelbart etter at betalingen er mottatt. Leverans till Norge tar ca. <strong>4-6 virkedager<\/strong>. Det \u00e4r m\u00f6jligt att h\u00e4mta hoppslottet sj\u00e4lv fr\u00e5n v\u00e5rt lager i M\u00fcnchen, Tyskland.<\/p>\n\n<p style=\"font-size:17px\">Alla v\u00e5ra hoppslott uppfyller de str\u00e4nga s\u00e4kerhetsstandarderna i <strong>DIN EN 14960<\/strong> och \u00e4r l\u00e4mpliga f\u00f6r privat och kommersiellt bruk. Du kommer att f\u00e5 en detaljerad v\u00e4gledning och ett sertifikat f\u00f6r din nya oppbl\u00e5sbare n\u00e4r den skickas.<\/p>\n\n<p style=\"font-size:17px\">Momsfritak f\u00f6r bedrifter! Om du k\u00f6per som bedrift, kan du oppgi MVA-nummeret ditt i kassen f\u00f6r att k\u00f6pa momsfritt.<\/p>\n\n<p style=\"font-size:17px\">Enten du er en privatperson p\u00e5 jakt etter en hoppeslott til neste familiefest, eller du er et kommersielt utleieselskap som \u00f8nsker \u00e5 utvide sortimentet, passer hoppeslottene v\u00e5re for alle. De flesta av v\u00e5ra kunder i Europa \u00e4r faktiskt utleiefirmor som leier ut hoppeslott, och som s\u00e4tter pris p\u00e5 v\u00e5ra produkter till arrangemang i alla storlekar.<\/p>\n\n<p style=\"font-size:17px\">Vi hoppas att du gillar att surfa runt i n\u00e4tbutiken v\u00e5r, och svarar g\u00e4rna p\u00e5 fr\u00e5gor p\u00e5 <a href=\"mailto:contact@dodo-inflatables.com\">contact@dodo-inflatables.com!<\/a><\/p>\n\n<div style=\"height:100px\" aria-hidden=\"true\" class=\"wp-block-spacer\"><\/div>\n","protected":false},"excerpt":{"rendered":"<p>Kj\u00f8p oppbl\u00e5sbare sklier og hoppeslott til Norge Velkommen til Dodo-Inflatables.com &#8211; v\u00e5r nettbutikk for oppbl\u00e5sbare hoppeslott i Europa! Ta ett djupdyk i v\u00e5rt omfattande urval av oppbl\u00e5sbare hoppeslott och sklier av h\u00f6g kvalitet som kommer att bidra till det lilla extra till enhver anledning. Enten du er p\u00e5 utkikk etter en stor hoppeslott til et [&hellip;]<\/p>\n","protected":false},"author":1,"featured_media":0,"parent":0,"menu_order":0,"comment_status":"closed","ping_status":"closed","template":"","meta":{"_acf_changed":false,"_uag_custom_page_level_css":"","site-sidebar-layout":"default","site-content-layout":"","ast-site-content-layout":"normal-width-container","site-content-style":"boxed","site-sidebar-style":"default","ast-global-header-display":"","ast-banner-title-visibility":"","ast-main-header-display":"","ast-hfb-above-header-display":"","ast-hfb-below-header-display":"","ast-hfb-mobile-header-display":"","site-post-title":"","ast-breadcrumbs-content":"","ast-featured-img":"","footer-sml-layout":"","ast-disable-related-posts":"","theme-transparent-header-meta":"","adv-header-id-meta":"4069","stick-header-meta":"","header-above-stick-meta":"","header-main-stick-meta":"","header-below-stick-meta":"","astra-migrate-meta-layouts":"default","ast-page-background-enabled":"default","ast-page-background-meta":{"desktop":{"background-color":"var(--ast-global-color-4)","background-image":"","background-repeat":"repeat","background-position":"center center","background-size":"auto","background-attachment":"scroll","background-type":"","background-media":"","overlay-type":"","overlay-color":"","overlay-opacity":"","overlay-gradient":""},"tablet":{"background-color":"","background-image":"","background-repeat":"repeat","background-position":"center center","background-size":"auto","background-attachment":"scroll","background-type":"","background-media":"","overlay-type":"","overlay-color":"","overlay-opacity":"","overlay-gradient":""},"mobile":{"background-color":"","background-image":"","background-repeat":"repeat","background-position":"center center","background-size":"auto","background-attachment":"scroll","background-type":"","background-media":"","overlay-type":"","overlay-color":"","overlay-opacity":"","overlay-gradient":""}},"ast-content-background-meta":{"desktop":{"background-color":"var(--ast-global-color-5)","background-image":"","background-repeat":"repeat","background-position":"center center","background-size":"auto","background-attachment":"scroll","background-type":"","background-media":"","overlay-type":"","overlay-color":"","overlay-opacity":"","overlay-gradient":""},"tablet":{"background-color":"var(--ast-global-color-5)","background-image":"","background-repeat":"repeat","background-position":"center center","background-size":"auto","background-attachment":"scroll","background-type":"","background-media":"","overlay-type":"","overlay-color":"","overlay-opacity":"","overlay-gradient":""},"mobile":{"background-color":"var(--ast-global-color-5)","background-image":"","background-repeat":"repeat","background-position":"center center","background-size":"auto","background-attachment":"scroll","background-type":"","background-media":"","overlay-type":"","overlay-color":"","overlay-opacity":"","overlay-gradient":""}},"footnotes":""},"class_list":["post-18577","page","type-page","status-publish","hentry"],"acf":[],"yoast_head":"<!-- This site is optimized with the Yoast SEO plugin v27.5 - https:\/\/yoast.com\/product\/yoast-seo-wordpress\/ -->\n<title>Kj\u00f8p oppbl\u00e5sbare sklier og hoppeslott til Norge - dodo-inflatables.com<\/title>\n<meta name=\"robots\" content=\"index, follow, max-snippet:-1, max-image-preview:large, max-video-preview:-1\" \/>\n<link rel=\"canonical\" href=\"https:\/\/dodo-inflatables.com\/sv\/kjop-oppblasbare-sklier-og-hoppeslott-til-norge\/\" \/>\n<meta name=\"twitter:label1\" content=\"Ber\u00e4knad l\u00e4stid\" \/>\n\t<meta name=\"twitter:data1\" content=\"2 minuter\" \/>\n<script type=\"application\/ld+json\" class=\"yoast-schema-graph\">{\"@context\":\"https:\\\/\\\/schema.org\",\"@graph\":[{\"@type\":\"WebPage\",\"@id\":\"https:\\\/\\\/dodo-inflatables.com\\\/sv\\\/kjop-oppblasbare-sklier-og-hoppeslott-til-norge\\\/\",\"url\":\"https:\\\/\\\/dodo-inflatables.com\\\/sv\\\/kjop-oppblasbare-sklier-og-hoppeslott-til-norge\\\/\",\"name\":\"Kj\u00f8p oppbl\u00e5sbare sklier og hoppeslott til Norge - dodo-inflatables.com\",\"isPartOf\":{\"@id\":\"https:\\\/\\\/dodo-inflatables.com\\\/sv\\\/#website\"},\"primaryImageOfPage\":{\"@id\":\"https:\\\/\\\/dodo-inflatables.com\\\/sv\\\/kjop-oppblasbare-sklier-og-hoppeslott-til-norge\\\/#primaryimage\"},\"image\":{\"@id\":\"https:\\\/\\\/dodo-inflatables.com\\\/sv\\\/kjop-oppblasbare-sklier-og-hoppeslott-til-norge\\\/#primaryimage\"},\"thumbnailUrl\":\"https:\\\/\\\/dodo-inflatables.com\\\/wp-content\\\/uploads\\\/2022\\\/01\\\/seperator-kleiner-1024x102.png\",\"datePublished\":\"2024-03-07T18:08:01+00:00\",\"dateModified\":\"2024-07-17T13:15:56+00:00\",\"breadcrumb\":{\"@id\":\"https:\\\/\\\/dodo-inflatables.com\\\/sv\\\/kjop-oppblasbare-sklier-og-hoppeslott-til-norge\\\/#breadcrumb\"},\"inLanguage\":\"sv-SE\",\"potentialAction\":[{\"@type\":\"ReadAction\",\"target\":[\"https:\\\/\\\/dodo-inflatables.com\\\/sv\\\/kjop-oppblasbare-sklier-og-hoppeslott-til-norge\\\/\"]}]},{\"@type\":\"ImageObject\",\"inLanguage\":\"sv-SE\",\"@id\":\"https:\\\/\\\/dodo-inflatables.com\\\/sv\\\/kjop-oppblasbare-sklier-og-hoppeslott-til-norge\\\/#primaryimage\",\"url\":\"https:\\\/\\\/dodo-inflatables.com\\\/wp-content\\\/uploads\\\/2022\\\/01\\\/seperator-kleiner-1024x102.png\",\"contentUrl\":\"https:\\\/\\\/dodo-inflatables.com\\\/wp-content\\\/uploads\\\/2022\\\/01\\\/seperator-kleiner-1024x102.png\"},{\"@type\":\"BreadcrumbList\",\"@id\":\"https:\\\/\\\/dodo-inflatables.com\\\/sv\\\/kjop-oppblasbare-sklier-og-hoppeslott-til-norge\\\/#breadcrumb\",\"itemListElement\":[{\"@type\":\"ListItem\",\"position\":1,\"name\":\"Hem\",\"item\":\"https:\\\/\\\/dodo-inflatables.com\\\/sv\\\/\"},{\"@type\":\"ListItem\",\"position\":2,\"name\":\"Kj\u00f8p oppbl\u00e5sbare sklier og hoppeslott til Norge\"}]},{\"@type\":\"WebSite\",\"@id\":\"https:\\\/\\\/dodo-inflatables.com\\\/sv\\\/#website\",\"url\":\"https:\\\/\\\/dodo-inflatables.com\\\/sv\\\/\",\"name\":\"dodo-inflatables.com\",\"description\":\"K\u00f6p hoppborgar och attraktioner i v\u00e5r butik.\",\"potentialAction\":[{\"@type\":\"SearchAction\",\"target\":{\"@type\":\"EntryPoint\",\"urlTemplate\":\"https:\\\/\\\/dodo-inflatables.com\\\/sv\\\/?s={search_term_string}\"},\"query-input\":{\"@type\":\"PropertyValueSpecification\",\"valueRequired\":true,\"valueName\":\"search_term_string\"}}],\"inLanguage\":\"sv-SE\"}]}<\/script>\n<!-- \/ Yoast SEO plugin. -->","yoast_head_json":{"title":"Kj\u00f8p oppbl\u00e5sbare sklier og hoppeslott til Norge - dodo-inflatables.com","robots":{"index":"index","follow":"follow","max-snippet":"max-snippet:-1","max-image-preview":"max-image-preview:large","max-video-preview":"max-video-preview:-1"},"canonical":"https:\/\/dodo-inflatables.com\/sv\/kjop-oppblasbare-sklier-og-hoppeslott-til-norge\/","twitter_misc":{"Ber\u00e4knad l\u00e4stid":"2 minuter"},"schema":{"@context":"https:\/\/schema.org","@graph":[{"@type":"WebPage","@id":"https:\/\/dodo-inflatables.com\/sv\/kjop-oppblasbare-sklier-og-hoppeslott-til-norge\/","url":"https:\/\/dodo-inflatables.com\/sv\/kjop-oppblasbare-sklier-og-hoppeslott-til-norge\/","name":"Kj\u00f8p oppbl\u00e5sbare sklier og hoppeslott til Norge - dodo-inflatables.com","isPartOf":{"@id":"https:\/\/dodo-inflatables.com\/sv\/#website"},"primaryImageOfPage":{"@id":"https:\/\/dodo-inflatables.com\/sv\/kjop-oppblasbare-sklier-og-hoppeslott-til-norge\/#primaryimage"},"image":{"@id":"https:\/\/dodo-inflatables.com\/sv\/kjop-oppblasbare-sklier-og-hoppeslott-til-norge\/#primaryimage"},"thumbnailUrl":"https:\/\/dodo-inflatables.com\/wp-content\/uploads\/2022\/01\/seperator-kleiner-1024x102.png","datePublished":"2024-03-07T18:08:01+00:00","dateModified":"2024-07-17T13:15:56+00:00","breadcrumb":{"@id":"https:\/\/dodo-inflatables.com\/sv\/kjop-oppblasbare-sklier-og-hoppeslott-til-norge\/#breadcrumb"},"inLanguage":"sv-SE","potentialAction":[{"@type":"ReadAction","target":["https:\/\/dodo-inflatables.com\/sv\/kjop-oppblasbare-sklier-og-hoppeslott-til-norge\/"]}]},{"@type":"ImageObject","inLanguage":"sv-SE","@id":"https:\/\/dodo-inflatables.com\/sv\/kjop-oppblasbare-sklier-og-hoppeslott-til-norge\/#primaryimage","url":"https:\/\/dodo-inflatables.com\/wp-content\/uploads\/2022\/01\/seperator-kleiner-1024x102.png","contentUrl":"https:\/\/dodo-inflatables.com\/wp-content\/uploads\/2022\/01\/seperator-kleiner-1024x102.png"},{"@type":"BreadcrumbList","@id":"https:\/\/dodo-inflatables.com\/sv\/kjop-oppblasbare-sklier-og-hoppeslott-til-norge\/#breadcrumb","itemListElement":[{"@type":"ListItem","position":1,"name":"Hem","item":"https:\/\/dodo-inflatables.com\/sv\/"},{"@type":"ListItem","position":2,"name":"Kj\u00f8p oppbl\u00e5sbare sklier og hoppeslott til Norge"}]},{"@type":"WebSite","@id":"https:\/\/dodo-inflatables.com\/sv\/#website","url":"https:\/\/dodo-inflatables.com\/sv\/","name":"dodo-inflatables.com","description":"K\u00f6p hoppborgar och attraktioner i v\u00e5r butik.","potentialAction":[{"@type":"SearchAction","target":{"@type":"EntryPoint","urlTemplate":"https:\/\/dodo-inflatables.com\/sv\/?s={search_term_string}"},"query-input":{"@type":"PropertyValueSpecification","valueRequired":true,"valueName":"search_term_string"}}],"inLanguage":"sv-SE"}]}},"uagb_featured_image_src":{"full":false,"thumbnail":false,"medium":false,"medium_large":false,"large":false,"1536x1536":false,"2048x2048":false,"woocommerce_thumbnail":false,"woocommerce_single":false,"woocommerce_gallery_thumbnail":false},"uagb_author_info":{"display_name":"Andreas","author_link":"https:\/\/dodo-inflatables.com\/sv\/author\/andreas\/"},"uagb_comment_info":0,"uagb_excerpt":"Kj\u00f8p oppbl\u00e5sbare sklier og hoppeslott til Norge Velkommen til Dodo-Inflatables.com &#8211; v\u00e5r nettbutikk for oppbl\u00e5sbare hoppeslott i Europa! Ta ett djupdyk i v\u00e5rt omfattande urval av oppbl\u00e5sbare hoppeslott och sklier av h\u00f6g kvalitet som kommer att bidra till det lilla extra till enhver anledning. Enten du er p\u00e5 utkikk etter en stor hoppeslott til et&hellip;","_links":{"self":[{"href":"https:\/\/dodo-inflatables.com\/sv\/wp-json\/wp\/v2\/pages\/18577","targetHints":{"allow":["GET"]}}],"collection":[{"href":"https:\/\/dodo-inflatables.com\/sv\/wp-json\/wp\/v2\/pages"}],"about":[{"href":"https:\/\/dodo-inflatables.com\/sv\/wp-json\/wp\/v2\/types\/page"}],"author":[{"embeddable":true,"href":"https:\/\/dodo-inflatables.com\/sv\/wp-json\/wp\/v2\/users\/1"}],"replies":[{"embeddable":true,"href":"https:\/\/dodo-inflatables.com\/sv\/wp-json\/wp\/v2\/comments?post=18577"}],"version-history":[{"count":2,"href":"https:\/\/dodo-inflatables.com\/sv\/wp-json\/wp\/v2\/pages\/18577\/revisions"}],"predecessor-version":[{"id":18581,"href":"https:\/\/dodo-inflatables.com\/sv\/wp-json\/wp\/v2\/pages\/18577\/revisions\/18581"}],"wp:attachment":[{"href":"https:\/\/dodo-inflatables.com\/sv\/wp-json\/wp\/v2\/media?parent=18577"}],"curies":[{"name":"wp","href":"https:\/\/api.w.org\/{rel}","templated":true}]}}