{"id":105706,"date":"2026-04-04T13:54:46","date_gmt":"2026-04-04T11:54:46","guid":{"rendered":"https:\/\/dodo-inflatables.com\/dodo-relaunch?product=starter-set-stort-huawei-15-hp"},"modified":"2026-04-04T13:54:46","modified_gmt":"2026-04-04T11:54:46","slug":"starter-set-stort-huawei-15-hp","status":"publish","type":"product","link":"https:\/\/dodo-inflatables.com\/sv\/produkt\/starter-set-stort-huawei-15-hp\/","title":{"rendered":"Starter Set stort &#8211; Huawei 1,5 HP"},"content":{"rendered":"<h2>Starter Set stort &#8211; Huawei \u2013 Allt du beh\u00f6ver f\u00f6r den perfekta starten med din hoppborg!<\/h2>\n<p>&nbsp;<br \/>\nHar du k\u00f6pt en hoppborg och vill komma ig\u00e5ng direkt? D\u00e5 \u00e4r v\u00e5rt Starter Set stort &#8211; Huawei precis vad du beh\u00f6ver! Det inkluderar alla viktiga tillbeh\u00f6r du beh\u00f6ver f\u00f6r s\u00e4ker och smidig drift av din hoppborg \u2013 och som en extra bonus ing\u00e5r en dubbel deflator gratis!<br \/>\n<em><strong>Detta set inneh\u00e5ller:<\/strong><\/em><br \/>\n\u2705 <strong>Huawei fl\u00e4kt (1,5 HP) &#8211; <\/strong><br \/>\nEn stark och p\u00e5litlig fl\u00e4kt \u00e4r hj\u00e4rtat i varje hoppborg. Huawei fl\u00e4kten p\u00e5 1,5 HP s\u00e4kerst\u00e4ller snabb och j\u00e4mn uppbl\u00e5sning, s\u00e5 att din hoppborg \u00e4r redo att anv\u00e4ndas p\u00e5 nolltid. Den fungerar effektivt, \u00e4r byggd f\u00f6r att h\u00e5lla och \u00e4r perfekt anpassad till kraven f\u00f6r uppbl\u00e5sbara hoppborgar.<br \/>\n\u2705 <strong>Markpinnar f\u00f6r s\u00e4ker f\u00f6rankring &#8211; <\/strong><br \/>\nF\u00f6r att h\u00e5lla din hoppborg stabil och s\u00e4kert p\u00e5 plats ing\u00e5r h\u00f6gkvalitativa markpinnar i setet. De hj\u00e4lper till att s\u00e4kerst\u00e4lla att ditt uppbl\u00e5sbara f\u00f6rblir stadigt positionerat, \u00e4ven vid intensiv anv\u00e4ndning och energiskt hoppande, och ger ocks\u00e5 extra s\u00e4kerhet vid l\u00e4tta vindf\u00f6rh\u00e5llanden. Enkel att anv\u00e4nda, maximal s\u00e4kerhet!<br \/>\n\u2705 <strong>Underlagsduk (5 x 6 m) \u2013 Skydd f\u00f6r din hoppborg &#8211; <\/strong><br \/>\nEn bra underlagsduk \u00e4r avg\u00f6rande f\u00f6r att skydda din hoppborg mot smuts, sm\u00e5stenar och oj\u00e4mna underlag. Den medf\u00f6ljande underlagsduken p\u00e5 5 x 6 m ger ett h\u00e5llbart skyddande lager och hj\u00e4lper till att f\u00f6rl\u00e4nga livsl\u00e4ngden p\u00e5 ditt uppbl\u00e5sbara.<br \/>\n\u2705 <strong>S\u00e4kerhetsmattor f\u00f6r extra skydd<\/strong><br \/>\n1x stor s\u00e4kerhetsmatta \u2013 Perfekt f\u00f6r s\u00e4rskilt k\u00e4nsliga omr\u00e5den som ing\u00e5ngen eller rutschbaneomr\u00e5det.<br \/>\n2x sm\u00e5 s\u00e4kerhetsmattor \u2013 Extra skydd f\u00f6r ytterligare in- och uttr\u00e4desomr\u00e5den.<br \/>\n\ud83d\udca8 <strong>Ing\u00e5r gratis: Dubbel deflator \u2013 f\u00f6r snabbare nedpackning! &#8211; <\/strong><br \/>\nN\u00e4r roligheterna \u00e4r \u00f6ver beh\u00f6ver hoppborgen t\u00f6mmas p\u00e5 luft och packas ner \u2013 och det \u00e4r precis h\u00e4r deflatorn kommer in! Detta praktiska tillbeh\u00f6r hj\u00e4lper till att ta ut luften mycket snabbare, vilket g\u00f6r nedpackningen snabb och enkel.<br \/>\n<strong>Varf\u00f6r v\u00e4lja detta starter set?<\/strong><br \/>\n\u2714 <em>Perfekt matchande tillbeh\u00f6r<\/em> \u2013 Allt du beh\u00f6ver f\u00f6r att komma ig\u00e5ng i ett praktiskt set.<br \/>\n\u2714 <em>Maximal s\u00e4kerhet<\/em> \u2013 Tack vare s\u00e4kerhetsmattorna f\u00f6r in- och uttr\u00e4desomr\u00e5den.<br \/>\n\u2714 <em>Snabb installation och s\u00e4ker drift<\/em> \u2013 Tack vare den kraftfulla fl\u00e4kten och de stabila markpinnarna.<br \/>\n\u2714 <em>L\u00e4ngre livsl\u00e4ngd f\u00f6r din hoppborg<\/em> \u2013 Med den skyddande underlagsduken.<br \/>\n\u2714 <em>Enklare nedpackning<\/em> \u2013 Den gratis dubbla deflatorn sparar tid och anstr\u00e4ngning!<br \/>\nMed Starter Set stort &#8211; Huawei \u00e4r du fullt utrustad och redo att s\u00e4tta ig\u00e5ng direkt.<\/p>\n","protected":false},"excerpt":{"rendered":"<p>\u2714 <em>Perfekt matchande tillbeh\u00f6r<\/em> \u2013 Allt du beh\u00f6ver f\u00f6r att komma ig\u00e5ng i ett praktiskt set.<br \/>\n\u2714 <em>Maximal s\u00e4kerhet<\/em> \u2013 Tack vare s\u00e4kerhetsmattorna f\u00f6r in- och uttr\u00e4desomr\u00e5den.<br \/>\n\u2714 <em>Snabb installation och s\u00e4ker drift<\/em> \u2013 Tack vare den kraftfulla fl\u00e4kten och de stabila markpinnarna.<br \/>\n\u2714 <em>L\u00e4ngre livsl\u00e4ngd f\u00f6r din hoppborg<\/em> \u2013 Med den skyddande underlagsduken.<br \/>\n\u2714 <em>Enklare nedpackning<\/em> \u2013 Den gratis dubbla deflatorn sparar tid och anstr\u00e4ngning!<\/p>\n","protected":false},"featured_media":105705,"comment_status":"open","ping_status":"closed","template":"","meta":{"_acf_changed":false,"_uag_custom_page_level_css":"","site-sidebar-layout":"default","site-content-layout":"boxed-container","ast-site-content-layout":"normal-width-container","site-content-style":"boxed","site-sidebar-style":"default","ast-global-header-display":"","ast-banner-title-visibility":"","ast-main-header-display":"","ast-hfb-above-header-display":"","ast-hfb-below-header-display":"","ast-hfb-mobile-header-display":"","site-post-title":"disabled","ast-breadcrumbs-content":"","ast-featured-img":"","footer-sml-layout":"","ast-disable-related-posts":"","theme-transparent-header-meta":"default","adv-header-id-meta":"","stick-header-meta":"default","header-above-stick-meta":"","header-main-stick-meta":"","header-below-stick-meta":"","astra-migrate-meta-layouts":"default","ast-page-background-enabled":"default","ast-page-background-meta":{"desktop":{"background-color":"var(--ast-global-color-4)","background-image":"","background-repeat":"repeat","background-position":"center center","background-size":"auto","background-attachment":"scroll","background-type":"","background-media":"","overlay-type":"","overlay-color":"","overlay-opacity":"","overlay-gradient":""},"tablet":{"background-color":"","background-image":"","background-repeat":"repeat","background-position":"center center","background-size":"auto","background-attachment":"scroll","background-type":"","background-media":"","overlay-type":"","overlay-color":"","overlay-opacity":"","overlay-gradient":""},"mobile":{"background-color":"","background-image":"","background-repeat":"repeat","background-position":"center center","background-size":"auto","background-attachment":"scroll","background-type":"","background-media":"","overlay-type":"","overlay-color":"","overlay-opacity":"","overlay-gradient":""}},"ast-content-background-meta":{"desktop":{"background-color":"var(--ast-global-color-5)","background-image":"","background-repeat":"repeat","background-position":"center center","background-size":"auto","background-attachment":"scroll","background-type":"","background-media":"","overlay-type":"","overlay-color":"","overlay-opacity":"","overlay-gradient":""},"tablet":{"background-color":"var(--ast-global-color-5)","background-image":"","background-repeat":"repeat","background-position":"center center","background-size":"auto","background-attachment":"scroll","background-type":"","background-media":"","overlay-type":"","overlay-color":"","overlay-opacity":"","overlay-gradient":""},"mobile":{"background-color":"var(--ast-global-color-5)","background-image":"","background-repeat":"repeat","background-position":"center center","background-size":"auto","background-attachment":"scroll","background-type":"","background-media":"","overlay-type":"","overlay-color":"","overlay-opacity":"","overlay-gradient":""}}},"product_brand":[],"product_cat":[2060],"product_tag":[],"class_list":{"0":"post-105706","1":"product","2":"type-product","3":"status-publish","4":"has-post-thumbnail","6":"product_cat-tillbehor","7":"product_shipping_class-spedition-hupfburg-sv","8":"desktop-align-center","9":"tablet-align-center","10":"mobile-align-center","11":"ast-product-gallery-layout-horizontal","12":"ast-product-tabs-layout-horizontal","14":"first","15":"instock","16":"sale","17":"taxable","18":"shipping-taxable","19":"purchasable","20":"product-type-simple"},"acf":[],"yoast_head":"<!-- This site is optimized with the Yoast SEO plugin v27.5 - https:\/\/yoast.com\/product\/yoast-seo-wordpress\/ -->\n<title>Starter Set stort - Huawei 1,5 HP till hoppborg | Dodo Inflatables<\/title>\n<meta name=\"description\" content=\"Starter Set stort - Huawei 1,5 HP \u2013 fl\u00e4kt, markpinnar, underlagsduk 5 x 6 m, s\u00e4kerhetsmattor och gratis dubbel deflator. Allt f\u00f6r den perfekta starten med din hoppborg.\" \/>\n<meta name=\"robots\" content=\"index, follow, max-snippet:-1, max-image-preview:large, max-video-preview:-1\" \/>\n<link rel=\"canonical\" href=\"https:\/\/dodo-inflatables.com\/sv\/produkt\/starter-set-stort-huawei-15-hp\/\" \/>\n<meta name=\"twitter:label1\" content=\"Ber\u00e4knad l\u00e4stid\" \/>\n\t<meta name=\"twitter:data1\" content=\"2 minuter\" \/>\n<script type=\"application\/ld+json\" class=\"yoast-schema-graph\">{\"@context\":\"https:\\\/\\\/schema.org\",\"@graph\":[{\"@type\":\"WebPage\",\"@id\":\"https:\\\/\\\/dodo-inflatables.com\\\/sv\\\/produkt\\\/starter-set-stort-huawei-15-hp\\\/\",\"url\":\"https:\\\/\\\/dodo-inflatables.com\\\/sv\\\/produkt\\\/starter-set-stort-huawei-15-hp\\\/\",\"name\":\"Starter Set stort - Huawei 1,5 HP till hoppborg | Dodo Inflatables\",\"isPartOf\":{\"@id\":\"https:\\\/\\\/dodo-inflatables.com\\\/sv\\\/#website\"},\"primaryImageOfPage\":{\"@id\":\"https:\\\/\\\/dodo-inflatables.com\\\/sv\\\/produkt\\\/starter-set-stort-huawei-15-hp\\\/#primaryimage\"},\"image\":{\"@id\":\"https:\\\/\\\/dodo-inflatables.com\\\/sv\\\/produkt\\\/starter-set-stort-huawei-15-hp\\\/#primaryimage\"},\"thumbnailUrl\":\"https:\\\/\\\/dodo-inflatables.com\\\/wp-content\\\/uploads\\\/2026\\\/04\\\/Starterset-gross-huawei.png\",\"datePublished\":\"2026-04-04T11:54:46+00:00\",\"description\":\"Starter Set stort - Huawei 1,5 HP \u2013 fl\u00e4kt, markpinnar, underlagsduk 5 x 6 m, s\u00e4kerhetsmattor och gratis dubbel deflator. Allt f\u00f6r den perfekta starten med din hoppborg.\",\"breadcrumb\":{\"@id\":\"https:\\\/\\\/dodo-inflatables.com\\\/sv\\\/produkt\\\/starter-set-stort-huawei-15-hp\\\/#breadcrumb\"},\"inLanguage\":\"sv-SE\",\"potentialAction\":[{\"@type\":\"ReadAction\",\"target\":[\"https:\\\/\\\/dodo-inflatables.com\\\/sv\\\/produkt\\\/starter-set-stort-huawei-15-hp\\\/\"]}]},{\"@type\":\"ImageObject\",\"inLanguage\":\"sv-SE\",\"@id\":\"https:\\\/\\\/dodo-inflatables.com\\\/sv\\\/produkt\\\/starter-set-stort-huawei-15-hp\\\/#primaryimage\",\"url\":\"https:\\\/\\\/dodo-inflatables.com\\\/wp-content\\\/uploads\\\/2026\\\/04\\\/Starterset-gross-huawei.png\",\"contentUrl\":\"https:\\\/\\\/dodo-inflatables.com\\\/wp-content\\\/uploads\\\/2026\\\/04\\\/Starterset-gross-huawei.png\",\"width\":1000,\"height\":1000,\"caption\":\"Starter Set stort - Huawei 2 HP till hoppborg | Dodo Inflatables\"},{\"@type\":\"BreadcrumbList\",\"@id\":\"https:\\\/\\\/dodo-inflatables.com\\\/sv\\\/produkt\\\/starter-set-stort-huawei-15-hp\\\/#breadcrumb\",\"itemListElement\":[{\"@type\":\"ListItem\",\"position\":1,\"name\":\"Hem\",\"item\":\"https:\\\/\\\/dodo-inflatables.com\\\/sv\\\/\"},{\"@type\":\"ListItem\",\"position\":2,\"name\":\"Butik\",\"item\":\"https:\\\/\\\/dodo-inflatables.com\\\/sv\\\/butik\\\/\"},{\"@type\":\"ListItem\",\"position\":3,\"name\":\"Starter Set stort &#8211; Huawei 1,5 HP\"}]},{\"@type\":\"WebSite\",\"@id\":\"https:\\\/\\\/dodo-inflatables.com\\\/sv\\\/#website\",\"url\":\"https:\\\/\\\/dodo-inflatables.com\\\/sv\\\/\",\"name\":\"dodo-inflatables.com\",\"description\":\"K\u00f6p hoppborgar och attraktioner i v\u00e5r butik.\",\"potentialAction\":[{\"@type\":\"SearchAction\",\"target\":{\"@type\":\"EntryPoint\",\"urlTemplate\":\"https:\\\/\\\/dodo-inflatables.com\\\/sv\\\/?s={search_term_string}\"},\"query-input\":{\"@type\":\"PropertyValueSpecification\",\"valueRequired\":true,\"valueName\":\"search_term_string\"}}],\"inLanguage\":\"sv-SE\"}]}<\/script>\n<!-- \/ Yoast SEO plugin. -->","yoast_head_json":{"title":"Starter Set stort - Huawei 1,5 HP till hoppborg | Dodo Inflatables","description":"Starter Set stort - Huawei 1,5 HP \u2013 fl\u00e4kt, markpinnar, underlagsduk 5 x 6 m, s\u00e4kerhetsmattor och gratis dubbel deflator. Allt f\u00f6r den perfekta starten med din hoppborg.","robots":{"index":"index","follow":"follow","max-snippet":"max-snippet:-1","max-image-preview":"max-image-preview:large","max-video-preview":"max-video-preview:-1"},"canonical":"https:\/\/dodo-inflatables.com\/sv\/produkt\/starter-set-stort-huawei-15-hp\/","twitter_misc":{"Ber\u00e4knad l\u00e4stid":"2 minuter"},"schema":{"@context":"https:\/\/schema.org","@graph":[{"@type":"WebPage","@id":"https:\/\/dodo-inflatables.com\/sv\/produkt\/starter-set-stort-huawei-15-hp\/","url":"https:\/\/dodo-inflatables.com\/sv\/produkt\/starter-set-stort-huawei-15-hp\/","name":"Starter Set stort - Huawei 1,5 HP till hoppborg | Dodo Inflatables","isPartOf":{"@id":"https:\/\/dodo-inflatables.com\/sv\/#website"},"primaryImageOfPage":{"@id":"https:\/\/dodo-inflatables.com\/sv\/produkt\/starter-set-stort-huawei-15-hp\/#primaryimage"},"image":{"@id":"https:\/\/dodo-inflatables.com\/sv\/produkt\/starter-set-stort-huawei-15-hp\/#primaryimage"},"thumbnailUrl":"https:\/\/dodo-inflatables.com\/wp-content\/uploads\/2026\/04\/Starterset-gross-huawei.png","datePublished":"2026-04-04T11:54:46+00:00","description":"Starter Set stort - Huawei 1,5 HP \u2013 fl\u00e4kt, markpinnar, underlagsduk 5 x 6 m, s\u00e4kerhetsmattor och gratis dubbel deflator. Allt f\u00f6r den perfekta starten med din hoppborg.","breadcrumb":{"@id":"https:\/\/dodo-inflatables.com\/sv\/produkt\/starter-set-stort-huawei-15-hp\/#breadcrumb"},"inLanguage":"sv-SE","potentialAction":[{"@type":"ReadAction","target":["https:\/\/dodo-inflatables.com\/sv\/produkt\/starter-set-stort-huawei-15-hp\/"]}]},{"@type":"ImageObject","inLanguage":"sv-SE","@id":"https:\/\/dodo-inflatables.com\/sv\/produkt\/starter-set-stort-huawei-15-hp\/#primaryimage","url":"https:\/\/dodo-inflatables.com\/wp-content\/uploads\/2026\/04\/Starterset-gross-huawei.png","contentUrl":"https:\/\/dodo-inflatables.com\/wp-content\/uploads\/2026\/04\/Starterset-gross-huawei.png","width":1000,"height":1000,"caption":"Starter Set stort - Huawei 2 HP till hoppborg | Dodo Inflatables"},{"@type":"BreadcrumbList","@id":"https:\/\/dodo-inflatables.com\/sv\/produkt\/starter-set-stort-huawei-15-hp\/#breadcrumb","itemListElement":[{"@type":"ListItem","position":1,"name":"Hem","item":"https:\/\/dodo-inflatables.com\/sv\/"},{"@type":"ListItem","position":2,"name":"Butik","item":"https:\/\/dodo-inflatables.com\/sv\/butik\/"},{"@type":"ListItem","position":3,"name":"Starter Set stort &#8211; Huawei 1,5 HP"}]},{"@type":"WebSite","@id":"https:\/\/dodo-inflatables.com\/sv\/#website","url":"https:\/\/dodo-inflatables.com\/sv\/","name":"dodo-inflatables.com","description":"K\u00f6p hoppborgar och attraktioner i v\u00e5r butik.","potentialAction":[{"@type":"SearchAction","target":{"@type":"EntryPoint","urlTemplate":"https:\/\/dodo-inflatables.com\/sv\/?s={search_term_string}"},"query-input":{"@type":"PropertyValueSpecification","valueRequired":true,"valueName":"search_term_string"}}],"inLanguage":"sv-SE"}]}},"uagb_featured_image_src":{"full":["https:\/\/dodo-inflatables.com\/wp-content\/uploads\/2026\/04\/Starterset-gross-huawei.png",1000,1000,false],"thumbnail":["https:\/\/dodo-inflatables.com\/wp-content\/uploads\/2026\/04\/Starterset-gross-huawei-150x150.png",150,150,true],"medium":["https:\/\/dodo-inflatables.com\/wp-content\/uploads\/2026\/04\/Starterset-gross-huawei-300x300.png",300,300,true],"medium_large":["https:\/\/dodo-inflatables.com\/wp-content\/uploads\/2026\/04\/Starterset-gross-huawei-768x768.png",768,768,true],"large":["https:\/\/dodo-inflatables.com\/wp-content\/uploads\/2026\/04\/Starterset-gross-huawei.png",1000,1000,false],"1536x1536":["https:\/\/dodo-inflatables.com\/wp-content\/uploads\/2026\/04\/Starterset-gross-huawei.png",1000,1000,false],"2048x2048":["https:\/\/dodo-inflatables.com\/wp-content\/uploads\/2026\/04\/Starterset-gross-huawei.png",1000,1000,false],"woocommerce_thumbnail":["https:\/\/dodo-inflatables.com\/wp-content\/uploads\/2026\/04\/Starterset-gross-huawei-900x900.png",900,900,true],"woocommerce_single":["https:\/\/dodo-inflatables.com\/wp-content\/uploads\/2026\/04\/Starterset-gross-huawei-900x900.png",900,900,true],"woocommerce_gallery_thumbnail":["https:\/\/dodo-inflatables.com\/wp-content\/uploads\/2026\/04\/Starterset-gross-huawei-100x100.png",100,100,true]},"uagb_author_info":{"display_name":"Andreas","author_link":"https:\/\/dodo-inflatables.com\/sv\/author\/"},"uagb_comment_info":0,"uagb_excerpt":"\u2714 Perfekt matchande tillbeh\u00f6r \u2013 Allt du beh\u00f6ver f\u00f6r att komma ig\u00e5ng i ett praktiskt set. \u2714 Maximal s\u00e4kerhet \u2013 Tack vare s\u00e4kerhetsmattorna f\u00f6r in- och uttr\u00e4desomr\u00e5den. \u2714 Snabb installation och s\u00e4ker drift \u2013 Tack vare den kraftfulla fl\u00e4kten och de stabila markpinnarna. \u2714 L\u00e4ngre livsl\u00e4ngd f\u00f6r din hoppborg \u2013 Med den skyddande underlagsduken. \u2714&hellip;","_links":{"self":[{"href":"https:\/\/dodo-inflatables.com\/sv\/wp-json\/wp\/v2\/product\/105706","targetHints":{"allow":["GET"]}}],"collection":[{"href":"https:\/\/dodo-inflatables.com\/sv\/wp-json\/wp\/v2\/product"}],"about":[{"href":"https:\/\/dodo-inflatables.com\/sv\/wp-json\/wp\/v2\/types\/product"}],"replies":[{"embeddable":true,"href":"https:\/\/dodo-inflatables.com\/sv\/wp-json\/wp\/v2\/comments?post=105706"}],"wp:featuredmedia":[{"embeddable":true,"href":"https:\/\/dodo-inflatables.com\/sv\/wp-json\/wp\/v2\/media\/105705"}],"wp:attachment":[{"href":"https:\/\/dodo-inflatables.com\/sv\/wp-json\/wp\/v2\/media?parent=105706"}],"wp:term":[{"taxonomy":"product_brand","embeddable":true,"href":"https:\/\/dodo-inflatables.com\/sv\/wp-json\/wp\/v2\/product_brand?post=105706"},{"taxonomy":"product_cat","embeddable":true,"href":"https:\/\/dodo-inflatables.com\/sv\/wp-json\/wp\/v2\/product_cat?post=105706"},{"taxonomy":"product_tag","embeddable":true,"href":"https:\/\/dodo-inflatables.com\/sv\/wp-json\/wp\/v2\/product_tag?post=105706"}],"curies":[{"name":"wp","href":"https:\/\/api.w.org\/{rel}","templated":true}]}}