{"id":105774,"date":"2026-04-04T13:54:46","date_gmt":"2026-04-04T11:54:46","guid":{"rendered":"https:\/\/dodo-inflatables.com\/dodo-relaunch?product=16-pack-huawei-reh-1-5e-flaktar-till-hoppborg"},"modified":"2026-04-04T13:54:46","modified_gmt":"2026-04-04T11:54:46","slug":"16-pack-huawei-reh-1-5e-flaktar-till-hoppborg","status":"publish","type":"product","link":"https:\/\/dodo-inflatables.com\/sv\/produkt\/16-pack-huawei-reh-1-5e-flaktar-till-hoppborg\/","title":{"rendered":"16-Pack Huawei REH-1.5E fl\u00e4ktar till hoppborg"},"content":{"rendered":"<h2>16-Pack Huawei REH-1.5E fl\u00e4ktar till hoppborg \u2013 Nu tillg\u00e4ngliga som v\u00e4rdepaket!<\/h2>\n<p>F\u00f6r uthyrningsf\u00f6retag, evenemangsarrang\u00f6rer eller kunder med en st\u00f6rre hoppborgsflotta \u00e4r v\u00e5rt 16-Pack Huawei REH-1.5E fl\u00e4ktar det perfekta valet. S\u00e4kra en full pall med 16 fl\u00e4ktar och utrusta ditt lager effektivt med detta praktiska paket.<br \/>\n<strong>Varf\u00f6r v\u00e4lja detta set?<\/strong><br \/>\n\u2705 <em>Kraftigt luftfl\u00f6de<\/em> \u2013 Huawei fl\u00e4ktarna p\u00e5 1,5 HP s\u00e4kerst\u00e4ller snabb uppbl\u00e5sning och stabilt lufttryck, s\u00e5 att dina hoppborgar alltid \u00e4r redo att anv\u00e4ndas.<br \/>\n\u2705 <em>Idealisk f\u00f6r st\u00f6rre lager<\/em> \u2013 En praktisk l\u00f6sning f\u00f6r f\u00f6retag och operat\u00f6rer som beh\u00f6ver flera fl\u00e4ktar f\u00f6r regelbundet bruk.<br \/>\n\u2705 <em>Utbyggbar f\u00f6r \u00e4nnu st\u00f6rre effektivitet<\/em> \u2013 Fl\u00e4ktarna \u00e4r kompatibla med:<br \/>\n&#8211; Deflator och dubbel deflator tillbeh\u00f6r f\u00f6r snabbare luftborttagning under nedpackning.<br \/>\n&#8211; V\u00e4rmetillbeh\u00f6r f\u00f6r torkning av v\u00e5ta hoppborgar med uppv\u00e4rmd luft (b\u00e5da tillbeh\u00f6ren s\u00e4ljs separat).<br \/>\n<strong>Produktdetaljer (per fl\u00e4kt):<\/strong><br \/>\n&#8211; Material: h\u00f6lje av h\u00f6gkvalitativ plast<br \/>\n&#8211; Effekt: 1,35 kW (utg\u00e5ng), 1,8 kW (ing\u00e5ng), 1,5 HP<br \/>\n&#8211; Anslutning: Schuko-kontakt<br \/>\n&#8211; Trattdiameter: 14,5 cm<br \/>\n&#8211; M\u00e5tt: 49 x 38,5 x 49,5 cm<br \/>\n&#8211; Vikt: 16,8 kg<br \/>\n&#8211; Ljudniv\u00e5: 85 dB<br \/>\n&#8211; WEEE-registreringsnr.: DE 82972723<br \/>\nDra nytta av detta praktiska paket f\u00f6r att effektivt ut\u00f6ka ditt lager. Best\u00e4ll din pall med 16 Huawei fl\u00e4ktar nu!<\/p>\n","protected":false},"excerpt":{"rendered":"<p><strong>Produktdetaljer (per fl\u00e4kt):<\/strong><br \/>\n&#8211; Material: h\u00f6lje av h\u00f6gkvalitativ plast<br \/>\n&#8211; Effekt: 1,35 kW (utg\u00e5ng), 1,8 kW (ing\u00e5ng), 1,5 HP<br \/>\n&#8211; Anslutning: Schuko-kontakt<br \/>\n&#8211; Trattdiameter: 14,5 cm<br \/>\n&#8211; M\u00e5tt: 49 x 38,5 x 49,5 cm<br \/>\n&#8211; Vikt: 16,8 kg<br \/>\n&#8211; Ljudniv\u00e5: 85 dB<br \/>\n&#8211; WEEE-registreringsnr.: DE 82972723<\/p>\n","protected":false},"featured_media":105773,"comment_status":"open","ping_status":"closed","template":"","meta":{"_acf_changed":false,"_uag_custom_page_level_css":"","site-sidebar-layout":"default","site-content-layout":"boxed-container","ast-site-content-layout":"normal-width-container","site-content-style":"boxed","site-sidebar-style":"default","ast-global-header-display":"","ast-banner-title-visibility":"","ast-main-header-display":"","ast-hfb-above-header-display":"","ast-hfb-below-header-display":"","ast-hfb-mobile-header-display":"","site-post-title":"disabled","ast-breadcrumbs-content":"","ast-featured-img":"","footer-sml-layout":"","ast-disable-related-posts":"","theme-transparent-header-meta":"default","adv-header-id-meta":"","stick-header-meta":"default","header-above-stick-meta":"","header-main-stick-meta":"","header-below-stick-meta":"","astra-migrate-meta-layouts":"default","ast-page-background-enabled":"default","ast-page-background-meta":{"desktop":{"background-color":"var(--ast-global-color-4)","background-image":"","background-repeat":"repeat","background-position":"center center","background-size":"auto","background-attachment":"scroll","background-type":"","background-media":"","overlay-type":"","overlay-color":"","overlay-opacity":"","overlay-gradient":""},"tablet":{"background-color":"","background-image":"","background-repeat":"repeat","background-position":"center center","background-size":"auto","background-attachment":"scroll","background-type":"","background-media":"","overlay-type":"","overlay-color":"","overlay-opacity":"","overlay-gradient":""},"mobile":{"background-color":"","background-image":"","background-repeat":"repeat","background-position":"center center","background-size":"auto","background-attachment":"scroll","background-type":"","background-media":"","overlay-type":"","overlay-color":"","overlay-opacity":"","overlay-gradient":""}},"ast-content-background-meta":{"desktop":{"background-color":"var(--ast-global-color-5)","background-image":"","background-repeat":"repeat","background-position":"center center","background-size":"auto","background-attachment":"scroll","background-type":"","background-media":"","overlay-type":"","overlay-color":"","overlay-opacity":"","overlay-gradient":""},"tablet":{"background-color":"var(--ast-global-color-5)","background-image":"","background-repeat":"repeat","background-position":"center center","background-size":"auto","background-attachment":"scroll","background-type":"","background-media":"","overlay-type":"","overlay-color":"","overlay-opacity":"","overlay-gradient":""},"mobile":{"background-color":"var(--ast-global-color-5)","background-image":"","background-repeat":"repeat","background-position":"center center","background-size":"auto","background-attachment":"scroll","background-type":"","background-media":"","overlay-type":"","overlay-color":"","overlay-opacity":"","overlay-gradient":""}}},"product_brand":[],"product_cat":[2060],"product_tag":[],"class_list":{"0":"post-105774","1":"product","2":"type-product","3":"status-publish","4":"has-post-thumbnail","6":"product_cat-tillbehor","7":"product_shipping_class-spedition-hupfburg-sv","8":"desktop-align-center","9":"tablet-align-center","10":"mobile-align-center","11":"ast-product-gallery-layout-horizontal","12":"ast-product-tabs-layout-horizontal","14":"first","15":"instock","16":"sale","17":"taxable","18":"shipping-taxable","19":"purchasable","20":"product-type-simple"},"acf":[],"yoast_head":"<!-- This site is optimized with the Yoast SEO plugin v27.5 - https:\/\/yoast.com\/product\/yoast-seo-wordpress\/ -->\n<title>16-Pack Huawei REH-1.5E fl\u00e4ktar till hoppborg | Dodo Inflatables<\/title>\n<meta name=\"description\" content=\"16-Pack Huawei REH-1.5E fl\u00e4ktar till hoppborg \u2013 1,5 HP, 85 dB, trattdiameter 14,5 cm. Idealiskt v\u00e4rdepaket f\u00f6r uthyrningsf\u00f6retag med st\u00f6rre hoppborgsflottor.\" \/>\n<meta name=\"robots\" content=\"index, follow, max-snippet:-1, max-image-preview:large, max-video-preview:-1\" \/>\n<link rel=\"canonical\" href=\"https:\/\/dodo-inflatables.com\/sv\/produkt\/16-pack-huawei-reh-1-5e-flaktar-till-hoppborg\/\" \/>\n<meta name=\"twitter:label1\" content=\"Ber\u00e4knad l\u00e4stid\" \/>\n\t<meta name=\"twitter:data1\" content=\"1 minut\" \/>\n<script type=\"application\/ld+json\" class=\"yoast-schema-graph\">{\"@context\":\"https:\\\/\\\/schema.org\",\"@graph\":[{\"@type\":\"WebPage\",\"@id\":\"https:\\\/\\\/dodo-inflatables.com\\\/sv\\\/produkt\\\/16-pack-huawei-reh-1-5e-flaktar-till-hoppborg\\\/\",\"url\":\"https:\\\/\\\/dodo-inflatables.com\\\/sv\\\/produkt\\\/16-pack-huawei-reh-1-5e-flaktar-till-hoppborg\\\/\",\"name\":\"16-Pack Huawei REH-1.5E fl\u00e4ktar till hoppborg | Dodo Inflatables\",\"isPartOf\":{\"@id\":\"https:\\\/\\\/dodo-inflatables.com\\\/sv\\\/#website\"},\"primaryImageOfPage\":{\"@id\":\"https:\\\/\\\/dodo-inflatables.com\\\/sv\\\/produkt\\\/16-pack-huawei-reh-1-5e-flaktar-till-hoppborg\\\/#primaryimage\"},\"image\":{\"@id\":\"https:\\\/\\\/dodo-inflatables.com\\\/sv\\\/produkt\\\/16-pack-huawei-reh-1-5e-flaktar-till-hoppborg\\\/#primaryimage\"},\"thumbnailUrl\":\"https:\\\/\\\/dodo-inflatables.com\\\/wp-content\\\/uploads\\\/2026\\\/04\\\/huawei-huepfburg-geblaese-kaufen.jpg\",\"datePublished\":\"2026-04-04T11:54:46+00:00\",\"description\":\"16-Pack Huawei REH-1.5E fl\u00e4ktar till hoppborg \u2013 1,5 HP, 85 dB, trattdiameter 14,5 cm. Idealiskt v\u00e4rdepaket f\u00f6r uthyrningsf\u00f6retag med st\u00f6rre hoppborgsflottor.\",\"breadcrumb\":{\"@id\":\"https:\\\/\\\/dodo-inflatables.com\\\/sv\\\/produkt\\\/16-pack-huawei-reh-1-5e-flaktar-till-hoppborg\\\/#breadcrumb\"},\"inLanguage\":\"sv-SE\",\"potentialAction\":[{\"@type\":\"ReadAction\",\"target\":[\"https:\\\/\\\/dodo-inflatables.com\\\/sv\\\/produkt\\\/16-pack-huawei-reh-1-5e-flaktar-till-hoppborg\\\/\"]}]},{\"@type\":\"ImageObject\",\"inLanguage\":\"sv-SE\",\"@id\":\"https:\\\/\\\/dodo-inflatables.com\\\/sv\\\/produkt\\\/16-pack-huawei-reh-1-5e-flaktar-till-hoppborg\\\/#primaryimage\",\"url\":\"https:\\\/\\\/dodo-inflatables.com\\\/wp-content\\\/uploads\\\/2026\\\/04\\\/huawei-huepfburg-geblaese-kaufen.jpg\",\"contentUrl\":\"https:\\\/\\\/dodo-inflatables.com\\\/wp-content\\\/uploads\\\/2026\\\/04\\\/huawei-huepfburg-geblaese-kaufen.jpg\",\"width\":1000,\"height\":1000,\"caption\":\"16-Pack Huawei REH-1.5E fl\u00e4ktar till hoppborg | Dodo Inflatables\"},{\"@type\":\"BreadcrumbList\",\"@id\":\"https:\\\/\\\/dodo-inflatables.com\\\/sv\\\/produkt\\\/16-pack-huawei-reh-1-5e-flaktar-till-hoppborg\\\/#breadcrumb\",\"itemListElement\":[{\"@type\":\"ListItem\",\"position\":1,\"name\":\"Hem\",\"item\":\"https:\\\/\\\/dodo-inflatables.com\\\/sv\\\/\"},{\"@type\":\"ListItem\",\"position\":2,\"name\":\"Butik\",\"item\":\"https:\\\/\\\/dodo-inflatables.com\\\/sv\\\/butik\\\/\"},{\"@type\":\"ListItem\",\"position\":3,\"name\":\"16-Pack Huawei REH-1.5E fl\u00e4ktar till hoppborg\"}]},{\"@type\":\"WebSite\",\"@id\":\"https:\\\/\\\/dodo-inflatables.com\\\/sv\\\/#website\",\"url\":\"https:\\\/\\\/dodo-inflatables.com\\\/sv\\\/\",\"name\":\"dodo-inflatables.com\",\"description\":\"K\u00f6p hoppborgar och attraktioner i v\u00e5r butik.\",\"potentialAction\":[{\"@type\":\"SearchAction\",\"target\":{\"@type\":\"EntryPoint\",\"urlTemplate\":\"https:\\\/\\\/dodo-inflatables.com\\\/sv\\\/?s={search_term_string}\"},\"query-input\":{\"@type\":\"PropertyValueSpecification\",\"valueRequired\":true,\"valueName\":\"search_term_string\"}}],\"inLanguage\":\"sv-SE\"}]}<\/script>\n<!-- \/ Yoast SEO plugin. -->","yoast_head_json":{"title":"16-Pack Huawei REH-1.5E fl\u00e4ktar till hoppborg | Dodo Inflatables","description":"16-Pack Huawei REH-1.5E fl\u00e4ktar till hoppborg \u2013 1,5 HP, 85 dB, trattdiameter 14,5 cm. Idealiskt v\u00e4rdepaket f\u00f6r uthyrningsf\u00f6retag med st\u00f6rre hoppborgsflottor.","robots":{"index":"index","follow":"follow","max-snippet":"max-snippet:-1","max-image-preview":"max-image-preview:large","max-video-preview":"max-video-preview:-1"},"canonical":"https:\/\/dodo-inflatables.com\/sv\/produkt\/16-pack-huawei-reh-1-5e-flaktar-till-hoppborg\/","twitter_misc":{"Ber\u00e4knad l\u00e4stid":"1 minut"},"schema":{"@context":"https:\/\/schema.org","@graph":[{"@type":"WebPage","@id":"https:\/\/dodo-inflatables.com\/sv\/produkt\/16-pack-huawei-reh-1-5e-flaktar-till-hoppborg\/","url":"https:\/\/dodo-inflatables.com\/sv\/produkt\/16-pack-huawei-reh-1-5e-flaktar-till-hoppborg\/","name":"16-Pack Huawei REH-1.5E fl\u00e4ktar till hoppborg | Dodo Inflatables","isPartOf":{"@id":"https:\/\/dodo-inflatables.com\/sv\/#website"},"primaryImageOfPage":{"@id":"https:\/\/dodo-inflatables.com\/sv\/produkt\/16-pack-huawei-reh-1-5e-flaktar-till-hoppborg\/#primaryimage"},"image":{"@id":"https:\/\/dodo-inflatables.com\/sv\/produkt\/16-pack-huawei-reh-1-5e-flaktar-till-hoppborg\/#primaryimage"},"thumbnailUrl":"https:\/\/dodo-inflatables.com\/wp-content\/uploads\/2026\/04\/huawei-huepfburg-geblaese-kaufen.jpg","datePublished":"2026-04-04T11:54:46+00:00","description":"16-Pack Huawei REH-1.5E fl\u00e4ktar till hoppborg \u2013 1,5 HP, 85 dB, trattdiameter 14,5 cm. Idealiskt v\u00e4rdepaket f\u00f6r uthyrningsf\u00f6retag med st\u00f6rre hoppborgsflottor.","breadcrumb":{"@id":"https:\/\/dodo-inflatables.com\/sv\/produkt\/16-pack-huawei-reh-1-5e-flaktar-till-hoppborg\/#breadcrumb"},"inLanguage":"sv-SE","potentialAction":[{"@type":"ReadAction","target":["https:\/\/dodo-inflatables.com\/sv\/produkt\/16-pack-huawei-reh-1-5e-flaktar-till-hoppborg\/"]}]},{"@type":"ImageObject","inLanguage":"sv-SE","@id":"https:\/\/dodo-inflatables.com\/sv\/produkt\/16-pack-huawei-reh-1-5e-flaktar-till-hoppborg\/#primaryimage","url":"https:\/\/dodo-inflatables.com\/wp-content\/uploads\/2026\/04\/huawei-huepfburg-geblaese-kaufen.jpg","contentUrl":"https:\/\/dodo-inflatables.com\/wp-content\/uploads\/2026\/04\/huawei-huepfburg-geblaese-kaufen.jpg","width":1000,"height":1000,"caption":"16-Pack Huawei REH-1.5E fl\u00e4ktar till hoppborg | Dodo Inflatables"},{"@type":"BreadcrumbList","@id":"https:\/\/dodo-inflatables.com\/sv\/produkt\/16-pack-huawei-reh-1-5e-flaktar-till-hoppborg\/#breadcrumb","itemListElement":[{"@type":"ListItem","position":1,"name":"Hem","item":"https:\/\/dodo-inflatables.com\/sv\/"},{"@type":"ListItem","position":2,"name":"Butik","item":"https:\/\/dodo-inflatables.com\/sv\/butik\/"},{"@type":"ListItem","position":3,"name":"16-Pack Huawei REH-1.5E fl\u00e4ktar till hoppborg"}]},{"@type":"WebSite","@id":"https:\/\/dodo-inflatables.com\/sv\/#website","url":"https:\/\/dodo-inflatables.com\/sv\/","name":"dodo-inflatables.com","description":"K\u00f6p hoppborgar och attraktioner i v\u00e5r butik.","potentialAction":[{"@type":"SearchAction","target":{"@type":"EntryPoint","urlTemplate":"https:\/\/dodo-inflatables.com\/sv\/?s={search_term_string}"},"query-input":{"@type":"PropertyValueSpecification","valueRequired":true,"valueName":"search_term_string"}}],"inLanguage":"sv-SE"}]}},"uagb_featured_image_src":{"full":["https:\/\/dodo-inflatables.com\/wp-content\/uploads\/2026\/04\/huawei-huepfburg-geblaese-kaufen.jpg",1000,1000,false],"thumbnail":["https:\/\/dodo-inflatables.com\/wp-content\/uploads\/2026\/04\/huawei-huepfburg-geblaese-kaufen-150x150.jpg",150,150,true],"medium":["https:\/\/dodo-inflatables.com\/wp-content\/uploads\/2026\/04\/huawei-huepfburg-geblaese-kaufen-300x300.jpg",300,300,true],"medium_large":["https:\/\/dodo-inflatables.com\/wp-content\/uploads\/2026\/04\/huawei-huepfburg-geblaese-kaufen-768x768.jpg",768,768,true],"large":["https:\/\/dodo-inflatables.com\/wp-content\/uploads\/2026\/04\/huawei-huepfburg-geblaese-kaufen.jpg",1000,1000,false],"1536x1536":["https:\/\/dodo-inflatables.com\/wp-content\/uploads\/2026\/04\/huawei-huepfburg-geblaese-kaufen.jpg",1000,1000,false],"2048x2048":["https:\/\/dodo-inflatables.com\/wp-content\/uploads\/2026\/04\/huawei-huepfburg-geblaese-kaufen.jpg",1000,1000,false],"woocommerce_thumbnail":["https:\/\/dodo-inflatables.com\/wp-content\/uploads\/2026\/04\/huawei-huepfburg-geblaese-kaufen-900x900.jpg",900,900,true],"woocommerce_single":["https:\/\/dodo-inflatables.com\/wp-content\/uploads\/2026\/04\/huawei-huepfburg-geblaese-kaufen-900x900.jpg",900,900,true],"woocommerce_gallery_thumbnail":["https:\/\/dodo-inflatables.com\/wp-content\/uploads\/2026\/04\/huawei-huepfburg-geblaese-kaufen-100x100.jpg",100,100,true]},"uagb_author_info":{"display_name":"Andreas","author_link":"https:\/\/dodo-inflatables.com\/sv\/author\/"},"uagb_comment_info":0,"uagb_excerpt":"Produktdetaljer (per fl\u00e4kt): - Material: h\u00f6lje av h\u00f6gkvalitativ plast - Effekt: 1,35 kW (utg\u00e5ng), 1,8 kW (ing\u00e5ng), 1,5 HP - Anslutning: Schuko-kontakt - Trattdiameter: 14,5 cm - M\u00e5tt: 49 x 38,5 x 49,5 cm - Vikt: 16,8 kg - Ljudniv\u00e5: 85 dB - WEEE-registreringsnr.: DE 82972723","_links":{"self":[{"href":"https:\/\/dodo-inflatables.com\/sv\/wp-json\/wp\/v2\/product\/105774","targetHints":{"allow":["GET"]}}],"collection":[{"href":"https:\/\/dodo-inflatables.com\/sv\/wp-json\/wp\/v2\/product"}],"about":[{"href":"https:\/\/dodo-inflatables.com\/sv\/wp-json\/wp\/v2\/types\/product"}],"replies":[{"embeddable":true,"href":"https:\/\/dodo-inflatables.com\/sv\/wp-json\/wp\/v2\/comments?post=105774"}],"wp:featuredmedia":[{"embeddable":true,"href":"https:\/\/dodo-inflatables.com\/sv\/wp-json\/wp\/v2\/media\/105773"}],"wp:attachment":[{"href":"https:\/\/dodo-inflatables.com\/sv\/wp-json\/wp\/v2\/media?parent=105774"}],"wp:term":[{"taxonomy":"product_brand","embeddable":true,"href":"https:\/\/dodo-inflatables.com\/sv\/wp-json\/wp\/v2\/product_brand?post=105774"},{"taxonomy":"product_cat","embeddable":true,"href":"https:\/\/dodo-inflatables.com\/sv\/wp-json\/wp\/v2\/product_cat?post=105774"},{"taxonomy":"product_tag","embeddable":true,"href":"https:\/\/dodo-inflatables.com\/sv\/wp-json\/wp\/v2\/product_tag?post=105774"}],"curies":[{"name":"wp","href":"https:\/\/api.w.org\/{rel}","templated":true}]}}