{"id":18011,"date":"2017-01-06T20:54:55","date_gmt":"2017-01-06T19:54:55","guid":{"rendered":"https:\/\/dodo-inflatables.com\/product\/fotboll-biljard\/"},"modified":"2024-07-17T15:12:46","modified_gmt":"2024-07-17T13:12:46","slug":"fotboll-biljard","status":"publish","type":"product","link":"https:\/\/dodo-inflatables.com\/sv\/produkt\/fotboll-biljard\/","title":{"rendered":"Fotboll Biljard"},"content":{"rendered":"<h3>K\u00f6p uppbl\u00e5sbar fotboll biljardbord<\/h3>\n<p>\u00c4r vanlig fotboll f\u00f6r tr\u00e5kig f\u00f6r dig? Inga problem! Med v\u00e5ra fotbollsbiljarder eller snookerfotbollar kan du variera spelet. Fotbollsbiljard eller poolball \/ fotbollsbiljard kombinerar det roliga med b\u00e5da spelen och ger kul f\u00f6r \u00e5sk\u00e5dare och medspelare. Spelet spelas enligt de vanliga biljardreglerna, men din egen fot blir k\u00f6. Hela och halva fotbollar i biljardbollsutseende m\u00e5ste sparkas in i h\u00e5len med hj\u00e4lp av den vita k\u00f6bollen. Den f\u00f6rsta spelaren som har lagt sina bollar i potten och \u00e4ven lagt den svarta \u00e5ttan i potten vinner spelet. Detta kr\u00e4ver dock en hel del noggrannhet, en bra k\u00e4nsla f\u00f6r bollen och en sofistikerad strategi. Spelet kan spelas i par eller som ett lag. Spelet spelas b\u00e4st p\u00e5 fotbollsgr\u00e4s eller annan plan yta. Fotbollsbiljard \u00e4r alltid r\u00e4tt attraktion! Den enorma spelplanen kommer att locka bes\u00f6kare fr\u00e5n n\u00e4r och fj\u00e4rran och erbjuda den b\u00e4sta underh\u00e5llningen f\u00f6r b\u00e5de spelare och \u00e5sk\u00e5dare.<\/p>\n<p>&nbsp;<\/p>\n<h4>Detaljer om det uppbl\u00e5sbara biljardbordet f\u00f6r fotboll<\/h4>\n<ul>\n<li>M\u00e5tt (L x B x H): 8,00 m x 4,00 m x 0,75 m *<\/li>\n<li>Vikt: ca. 60 kg *.<\/li>\n<li>F\u00f6rpackningsstorlek: 100 x 70 x 70 cm *.<\/li>\n<li>Monteringstid: 10 minuter<\/li>\n<li>Material: 0,55 mm PVC<\/li>\n<li>Dragkedja med kardborreh\u00f6lje, f\u00f6rst\u00e4rkta h\u00f6rn<\/li>\n<\/ul>\n<p>&nbsp;<\/p>\n<p>Leveransen omfattar surround f\u00f6r fotbollsbiljard<\/p>\n<p>Bl\u00e5sare, underl\u00e4ggspresenning, fotbollsbiljardbollar och fotbollsbiljardtriangel ing\u00e5r inte. Dessa hittar du i kategorin tillbeh\u00f6r.<\/p>\n<p>Den uppbl\u00e5sbara fotbollsbiljarden \u00e4r en kvalitetsprodukt som tillverkas enligt strikta riktlinjer i enlighet med EN 14960. Alla v\u00e5ra hoppborgar och uppbl\u00e5sbara attraktioner \u00e4r professionella moduler som \u00e4r l\u00e4mpliga f\u00f6r professionell uthyrning och anv\u00e4ndning i fritidsparker, inomhuslekplatser och liknande.<\/p>\n<p>&nbsp;<\/p>\n<p><strong>Viktiga anvisningar om anv\u00e4ndning<\/strong><\/p>\n<p>Fl\u00e4kten (ing\u00e5r ej) m\u00e5ste vara ig\u00e5ng kontinuerligt under anv\u00e4ndningen.<br \/>\nEtt litet luftl\u00e4ckage genom h\u00e5len i s\u00f6mmarna \u00e4r normalt.<\/p>\n<p>* Vikt och m\u00e5tt \u00e4r ungef\u00e4rliga och kan variera n\u00e5got<\/p>\n","protected":false},"excerpt":{"rendered":"<p><i class=\"fa fa-arrows-alt\"><\/i>  M\u00e5tt (L x B x H): 8,00 m x 4,00 m x 0,75 m *<br \/>\n<i class=\"fa fa-plus\"><\/i>  Fotbollar i biljardbollsdesign finns som tillval<br \/>\n<i class=\"fa fa-check\"><\/i>  Professionell modul &#8211; l\u00e4mplig f\u00f6r kommersiellt och privat bruk<\/p>\n<p><i class=\"fa fa-square\"><\/i>  PVC (0,55 mm \/ 621,3 g\/kvm) och kardborreband<br \/>\n<i class=\"fa fa-align-justify\"><\/i>  2 &#8211; 4-faldigt stygn (beroende p\u00e5 last)<br \/>\n<i class=\"fa fa-fire\"><\/i>  Flamskyddande<\/p>\n<p>&nbsp;<\/p>\n","protected":false},"featured_media":18012,"comment_status":"open","ping_status":"closed","template":"","meta":{"_acf_changed":false,"_uag_custom_page_level_css":"","site-sidebar-layout":"default","site-content-layout":"boxed-container","ast-site-content-layout":"normal-width-container","site-content-style":"boxed","site-sidebar-style":"boxed","ast-global-header-display":"","ast-banner-title-visibility":"","ast-main-header-display":"","ast-hfb-above-header-display":"","ast-hfb-below-header-display":"","ast-hfb-mobile-header-display":"","site-post-title":"disabled","ast-breadcrumbs-content":"","ast-featured-img":"","footer-sml-layout":"","ast-disable-related-posts":"","theme-transparent-header-meta":"default","adv-header-id-meta":"","stick-header-meta":"default","header-above-stick-meta":"","header-main-stick-meta":"","header-below-stick-meta":"","astra-migrate-meta-layouts":"default","ast-page-background-enabled":"default","ast-page-background-meta":{"desktop":{"background-color":"var(--ast-global-color-4)","background-image":"","background-repeat":"repeat","background-position":"center center","background-size":"auto","background-attachment":"scroll","background-type":"","background-media":"","overlay-type":"","overlay-color":"","overlay-opacity":"","overlay-gradient":""},"tablet":{"background-color":"","background-image":"","background-repeat":"repeat","background-position":"center center","background-size":"auto","background-attachment":"scroll","background-type":"","background-media":"","overlay-type":"","overlay-color":"","overlay-opacity":"","overlay-gradient":""},"mobile":{"background-color":"","background-image":"","background-repeat":"repeat","background-position":"center center","background-size":"auto","background-attachment":"scroll","background-type":"","background-media":"","overlay-type":"","overlay-color":"","overlay-opacity":"","overlay-gradient":""}},"ast-content-background-meta":{"desktop":{"background-color":"var(--ast-global-color-5)","background-image":"","background-repeat":"repeat","background-position":"center center","background-size":"auto","background-attachment":"scroll","background-type":"","background-media":"","overlay-type":"","overlay-color":"","overlay-opacity":"","overlay-gradient":""},"tablet":{"background-color":"var(--ast-global-color-5)","background-image":"","background-repeat":"repeat","background-position":"center center","background-size":"auto","background-attachment":"scroll","background-type":"","background-media":"","overlay-type":"","overlay-color":"","overlay-opacity":"","overlay-gradient":""},"mobile":{"background-color":"var(--ast-global-color-5)","background-image":"","background-repeat":"repeat","background-position":"center center","background-size":"auto","background-attachment":"scroll","background-type":"","background-media":"","overlay-type":"","overlay-color":"","overlay-opacity":"","overlay-gradient":""}}},"product_brand":[],"product_cat":[2039],"product_tag":[],"class_list":{"0":"post-18011","1":"product","2":"type-product","3":"status-publish","4":"has-post-thumbnail","6":"product_cat-attraktioner","7":"product_shipping_class-spedition-hupfburg-sv","8":"desktop-align-center","9":"tablet-align-center","10":"mobile-align-center","11":"ast-product-gallery-layout-horizontal","12":"ast-product-tabs-layout-horizontal","14":"first","15":"instock","16":"taxable","17":"shipping-taxable","18":"purchasable","19":"product-type-simple"},"acf":[],"yoast_head":"<!-- This site is optimized with the Yoast SEO plugin v27.3 - https:\/\/yoast.com\/product\/yoast-seo-wordpress\/ -->\n<title>Aufblasbares Fu\u00dfball Billard kaufen | H\u00fcpfburg-g\u00fcnstig-kaufen.de<\/title>\n<meta name=\"description\" content=\"K\u00f6p uppbl\u00e5sbar fotbollspool &amp; fotbollsbiljard p\u00e5 dodo-inflatables.com! | R\u00e4ttvisa priser | Alltid i lager | Snabb leverans!\" \/>\n<meta name=\"robots\" content=\"index, follow, max-snippet:-1, max-image-preview:large, max-video-preview:-1\" \/>\n<link rel=\"canonical\" href=\"https:\/\/dodo-inflatables.com\/sv\/produkt\/fotboll-biljard\/\" \/>\n<meta name=\"twitter:label1\" content=\"Ber\u00e4knad l\u00e4stid\" \/>\n\t<meta name=\"twitter:data1\" content=\"2 minuter\" \/>\n<script type=\"application\/ld+json\" class=\"yoast-schema-graph\">{\"@context\":\"https:\\\/\\\/schema.org\",\"@graph\":[{\"@type\":\"WebPage\",\"@id\":\"https:\\\/\\\/dodo-inflatables.com\\\/sv\\\/produkt\\\/fotboll-biljard\\\/\",\"url\":\"https:\\\/\\\/dodo-inflatables.com\\\/sv\\\/produkt\\\/fotboll-biljard\\\/\",\"name\":\"Aufblasbares Fu\u00dfball Billard kaufen | H\u00fcpfburg-g\u00fcnstig-kaufen.de\",\"isPartOf\":{\"@id\":\"https:\\\/\\\/dodo-inflatables.com\\\/sv\\\/#website\"},\"primaryImageOfPage\":{\"@id\":\"https:\\\/\\\/dodo-inflatables.com\\\/sv\\\/produkt\\\/fotboll-biljard\\\/#primaryimage\"},\"image\":{\"@id\":\"https:\\\/\\\/dodo-inflatables.com\\\/sv\\\/produkt\\\/fotboll-biljard\\\/#primaryimage\"},\"thumbnailUrl\":\"https:\\\/\\\/dodo-inflatables.com\\\/wp-content\\\/uploads\\\/2017\\\/01\\\/snooker-football-fussball-billard-kaufen-4.png\",\"datePublished\":\"2017-01-06T19:54:55+00:00\",\"dateModified\":\"2024-07-17T13:12:46+00:00\",\"description\":\"K\u00f6p uppbl\u00e5sbar fotbollspool & fotbollsbiljard p\u00e5 dodo-inflatables.com! | R\u00e4ttvisa priser | Alltid i lager | Snabb leverans!\",\"breadcrumb\":{\"@id\":\"https:\\\/\\\/dodo-inflatables.com\\\/sv\\\/produkt\\\/fotboll-biljard\\\/#breadcrumb\"},\"inLanguage\":\"sv-SE\",\"potentialAction\":[{\"@type\":\"ReadAction\",\"target\":[\"https:\\\/\\\/dodo-inflatables.com\\\/sv\\\/produkt\\\/fotboll-biljard\\\/\"]}]},{\"@type\":\"ImageObject\",\"inLanguage\":\"sv-SE\",\"@id\":\"https:\\\/\\\/dodo-inflatables.com\\\/sv\\\/produkt\\\/fotboll-biljard\\\/#primaryimage\",\"url\":\"https:\\\/\\\/dodo-inflatables.com\\\/wp-content\\\/uploads\\\/2017\\\/01\\\/snooker-football-fussball-billard-kaufen-4.png\",\"contentUrl\":\"https:\\\/\\\/dodo-inflatables.com\\\/wp-content\\\/uploads\\\/2017\\\/01\\\/snooker-football-fussball-billard-kaufen-4.png\",\"width\":500,\"height\":500},{\"@type\":\"BreadcrumbList\",\"@id\":\"https:\\\/\\\/dodo-inflatables.com\\\/sv\\\/produkt\\\/fotboll-biljard\\\/#breadcrumb\",\"itemListElement\":[{\"@type\":\"ListItem\",\"position\":1,\"name\":\"Hem\",\"item\":\"https:\\\/\\\/dodo-inflatables.com\\\/sv\\\/\"},{\"@type\":\"ListItem\",\"position\":2,\"name\":\"Butik\",\"item\":\"https:\\\/\\\/dodo-inflatables.com\\\/sv\\\/?page_id=16794\"},{\"@type\":\"ListItem\",\"position\":3,\"name\":\"Fotboll Biljard\"}]},{\"@type\":\"WebSite\",\"@id\":\"https:\\\/\\\/dodo-inflatables.com\\\/sv\\\/#website\",\"url\":\"https:\\\/\\\/dodo-inflatables.com\\\/sv\\\/\",\"name\":\"dodo-inflatables.com\",\"description\":\"K\u00f6p hoppborgar och attraktioner i v\u00e5r butik.\",\"publisher\":{\"@id\":\"https:\\\/\\\/dodo-inflatables.com\\\/sv\\\/#organization\"},\"potentialAction\":[{\"@type\":\"SearchAction\",\"target\":{\"@type\":\"EntryPoint\",\"urlTemplate\":\"https:\\\/\\\/dodo-inflatables.com\\\/sv\\\/?s={search_term_string}\"},\"query-input\":{\"@type\":\"PropertyValueSpecification\",\"valueRequired\":true,\"valueName\":\"search_term_string\"}}],\"inLanguage\":\"sv-SE\"},{\"@type\":\"Organization\",\"@id\":\"https:\\\/\\\/dodo-inflatables.com\\\/sv\\\/#organization\",\"name\":\"dodo-inflatables.com\",\"url\":\"https:\\\/\\\/dodo-inflatables.com\\\/sv\\\/\",\"logo\":{\"@type\":\"ImageObject\",\"inLanguage\":\"sv-SE\",\"@id\":\"https:\\\/\\\/dodo-inflatables.com\\\/sv\\\/#\\\/schema\\\/logo\\\/image\\\/\",\"url\":\"https:\\\/\\\/dodo-inflatables.com\\\/wp-content\\\/uploads\\\/2023\\\/04\\\/cropped-cropped-cropped-Dodo-Logo.png\",\"contentUrl\":\"https:\\\/\\\/dodo-inflatables.com\\\/wp-content\\\/uploads\\\/2023\\\/04\\\/cropped-cropped-cropped-Dodo-Logo.png\",\"width\":2996,\"height\":1545,\"caption\":\"dodo-inflatables.com\"},\"image\":{\"@id\":\"https:\\\/\\\/dodo-inflatables.com\\\/sv\\\/#\\\/schema\\\/logo\\\/image\\\/\"}}]}<\/script>\n<!-- \/ Yoast SEO plugin. -->","yoast_head_json":{"title":"Aufblasbares Fu\u00dfball Billard kaufen | H\u00fcpfburg-g\u00fcnstig-kaufen.de","description":"K\u00f6p uppbl\u00e5sbar fotbollspool & fotbollsbiljard p\u00e5 dodo-inflatables.com! | R\u00e4ttvisa priser | Alltid i lager | Snabb leverans!","robots":{"index":"index","follow":"follow","max-snippet":"max-snippet:-1","max-image-preview":"max-image-preview:large","max-video-preview":"max-video-preview:-1"},"canonical":"https:\/\/dodo-inflatables.com\/sv\/produkt\/fotboll-biljard\/","twitter_misc":{"Ber\u00e4knad l\u00e4stid":"2 minuter"},"schema":{"@context":"https:\/\/schema.org","@graph":[{"@type":"WebPage","@id":"https:\/\/dodo-inflatables.com\/sv\/produkt\/fotboll-biljard\/","url":"https:\/\/dodo-inflatables.com\/sv\/produkt\/fotboll-biljard\/","name":"Aufblasbares Fu\u00dfball Billard kaufen | H\u00fcpfburg-g\u00fcnstig-kaufen.de","isPartOf":{"@id":"https:\/\/dodo-inflatables.com\/sv\/#website"},"primaryImageOfPage":{"@id":"https:\/\/dodo-inflatables.com\/sv\/produkt\/fotboll-biljard\/#primaryimage"},"image":{"@id":"https:\/\/dodo-inflatables.com\/sv\/produkt\/fotboll-biljard\/#primaryimage"},"thumbnailUrl":"https:\/\/dodo-inflatables.com\/wp-content\/uploads\/2017\/01\/snooker-football-fussball-billard-kaufen-4.png","datePublished":"2017-01-06T19:54:55+00:00","dateModified":"2024-07-17T13:12:46+00:00","description":"K\u00f6p uppbl\u00e5sbar fotbollspool & fotbollsbiljard p\u00e5 dodo-inflatables.com! | R\u00e4ttvisa priser | Alltid i lager | Snabb leverans!","breadcrumb":{"@id":"https:\/\/dodo-inflatables.com\/sv\/produkt\/fotboll-biljard\/#breadcrumb"},"inLanguage":"sv-SE","potentialAction":[{"@type":"ReadAction","target":["https:\/\/dodo-inflatables.com\/sv\/produkt\/fotboll-biljard\/"]}]},{"@type":"ImageObject","inLanguage":"sv-SE","@id":"https:\/\/dodo-inflatables.com\/sv\/produkt\/fotboll-biljard\/#primaryimage","url":"https:\/\/dodo-inflatables.com\/wp-content\/uploads\/2017\/01\/snooker-football-fussball-billard-kaufen-4.png","contentUrl":"https:\/\/dodo-inflatables.com\/wp-content\/uploads\/2017\/01\/snooker-football-fussball-billard-kaufen-4.png","width":500,"height":500},{"@type":"BreadcrumbList","@id":"https:\/\/dodo-inflatables.com\/sv\/produkt\/fotboll-biljard\/#breadcrumb","itemListElement":[{"@type":"ListItem","position":1,"name":"Hem","item":"https:\/\/dodo-inflatables.com\/sv\/"},{"@type":"ListItem","position":2,"name":"Butik","item":"https:\/\/dodo-inflatables.com\/sv\/?page_id=16794"},{"@type":"ListItem","position":3,"name":"Fotboll Biljard"}]},{"@type":"WebSite","@id":"https:\/\/dodo-inflatables.com\/sv\/#website","url":"https:\/\/dodo-inflatables.com\/sv\/","name":"dodo-inflatables.com","description":"K\u00f6p hoppborgar och attraktioner i v\u00e5r butik.","publisher":{"@id":"https:\/\/dodo-inflatables.com\/sv\/#organization"},"potentialAction":[{"@type":"SearchAction","target":{"@type":"EntryPoint","urlTemplate":"https:\/\/dodo-inflatables.com\/sv\/?s={search_term_string}"},"query-input":{"@type":"PropertyValueSpecification","valueRequired":true,"valueName":"search_term_string"}}],"inLanguage":"sv-SE"},{"@type":"Organization","@id":"https:\/\/dodo-inflatables.com\/sv\/#organization","name":"dodo-inflatables.com","url":"https:\/\/dodo-inflatables.com\/sv\/","logo":{"@type":"ImageObject","inLanguage":"sv-SE","@id":"https:\/\/dodo-inflatables.com\/sv\/#\/schema\/logo\/image\/","url":"https:\/\/dodo-inflatables.com\/wp-content\/uploads\/2023\/04\/cropped-cropped-cropped-Dodo-Logo.png","contentUrl":"https:\/\/dodo-inflatables.com\/wp-content\/uploads\/2023\/04\/cropped-cropped-cropped-Dodo-Logo.png","width":2996,"height":1545,"caption":"dodo-inflatables.com"},"image":{"@id":"https:\/\/dodo-inflatables.com\/sv\/#\/schema\/logo\/image\/"}}]}},"uagb_featured_image_src":{"full":["https:\/\/dodo-inflatables.com\/wp-content\/uploads\/2017\/01\/snooker-football-fussball-billard-kaufen-4.png",500,500,false],"thumbnail":["https:\/\/dodo-inflatables.com\/wp-content\/uploads\/2017\/01\/snooker-football-fussball-billard-kaufen-4-150x150.png",150,150,true],"medium":["https:\/\/dodo-inflatables.com\/wp-content\/uploads\/2017\/01\/snooker-football-fussball-billard-kaufen-4-300x300.png",300,300,true],"medium_large":["https:\/\/dodo-inflatables.com\/wp-content\/uploads\/2017\/01\/snooker-football-fussball-billard-kaufen-4.png",500,500,false],"large":["https:\/\/dodo-inflatables.com\/wp-content\/uploads\/2017\/01\/snooker-football-fussball-billard-kaufen-4.png",500,500,false],"1536x1536":["https:\/\/dodo-inflatables.com\/wp-content\/uploads\/2017\/01\/snooker-football-fussball-billard-kaufen-4.png",500,500,false],"2048x2048":["https:\/\/dodo-inflatables.com\/wp-content\/uploads\/2017\/01\/snooker-football-fussball-billard-kaufen-4.png",500,500,false],"woocommerce_thumbnail":["https:\/\/dodo-inflatables.com\/wp-content\/uploads\/2017\/01\/snooker-football-fussball-billard-kaufen-4.png",500,500,false],"woocommerce_single":["https:\/\/dodo-inflatables.com\/wp-content\/uploads\/2017\/01\/snooker-football-fussball-billard-kaufen-4.png",500,500,false],"woocommerce_gallery_thumbnail":["https:\/\/dodo-inflatables.com\/wp-content\/uploads\/2017\/01\/snooker-football-fussball-billard-kaufen-4-100x100.png",100,100,true]},"uagb_author_info":{"display_name":"Andreas","author_link":"https:\/\/dodo-inflatables.com\/sv\/author\/"},"uagb_comment_info":0,"uagb_excerpt":"M\u00e5tt (L x B x H): 8,00 m x 4,00 m x 0,75 m * Fotbollar i biljardbollsdesign finns som tillval Professionell modul - l\u00e4mplig f\u00f6r kommersiellt och privat bruk PVC (0,55 mm \/ 621,3 g\/kvm) och kardborreband 2 - 4-faldigt stygn (beroende p\u00e5 last) Flamskyddande &nbsp;","_links":{"self":[{"href":"https:\/\/dodo-inflatables.com\/sv\/wp-json\/wp\/v2\/product\/18011","targetHints":{"allow":["GET"]}}],"collection":[{"href":"https:\/\/dodo-inflatables.com\/sv\/wp-json\/wp\/v2\/product"}],"about":[{"href":"https:\/\/dodo-inflatables.com\/sv\/wp-json\/wp\/v2\/types\/product"}],"replies":[{"embeddable":true,"href":"https:\/\/dodo-inflatables.com\/sv\/wp-json\/wp\/v2\/comments?post=18011"}],"wp:featuredmedia":[{"embeddable":true,"href":"https:\/\/dodo-inflatables.com\/sv\/wp-json\/wp\/v2\/media\/18012"}],"wp:attachment":[{"href":"https:\/\/dodo-inflatables.com\/sv\/wp-json\/wp\/v2\/media?parent=18011"}],"wp:term":[{"taxonomy":"product_brand","embeddable":true,"href":"https:\/\/dodo-inflatables.com\/sv\/wp-json\/wp\/v2\/product_brand?post=18011"},{"taxonomy":"product_cat","embeddable":true,"href":"https:\/\/dodo-inflatables.com\/sv\/wp-json\/wp\/v2\/product_cat?post=18011"},{"taxonomy":"product_tag","embeddable":true,"href":"https:\/\/dodo-inflatables.com\/sv\/wp-json\/wp\/v2\/product_tag?post=18011"}],"curies":[{"name":"wp","href":"https:\/\/api.w.org\/{rel}","templated":true}]}}