{"id":19019,"date":"2018-05-11T14:38:49","date_gmt":"2018-05-11T12:38:49","guid":{"rendered":"https:\/\/dodo-inflatables.com\/product\/markpinnar-for-fastning-av-uppblasbara-foremal\/"},"modified":"2026-04-02T16:13:01","modified_gmt":"2026-04-02T14:13:01","slug":"markpinnar-for-fastning-av-uppblasbara-foremal","status":"publish","type":"product","link":"https:\/\/dodo-inflatables.com\/sv\/produkt\/markpinnar-for-fastning-av-uppblasbara-foremal\/","title":{"rendered":"Markpinnar f\u00f6r f\u00e4stning av uppbl\u00e5sbara f\u00f6rem\u00e5l"},"content":{"rendered":"<h1>K\u00f6p markpinnar f\u00f6r att f\u00f6rankra hoppborgar i marken<\/h1>\n<p>Med v\u00e5rt set med 4 pinnar \u00e4r du perfekt rustad f\u00f6r v\u00e4der och vind. Sl\u00e5 helt enkelt en pinne i gr\u00e4set i varje h\u00f6rn av uppbl\u00e5sbarheten och uppbl\u00e5sbarheten eller andra uppbl\u00e5sbara eventmoduler kommer att sitta s\u00e4kert p\u00e5 plats och skyddas fr\u00e5n att v\u00e4lta. Tack vare den grova ytan sitter pinnarna stadigt i marken och lossnar inte ens n\u00e4r hoppborgen hoppar aktivt.<br \/>\nPinnarna \u00e4r ocks\u00e5 l\u00e4mpliga f\u00f6r att f\u00f6rankra andra uppbl\u00e5sbara eventmoduler som t.ex. v\u00e5ra <a href=\"https:\/\/dodo-inflatables.com\/product\/fussball-dart\/\">fotbollspilar<\/a> i marken.<\/p>\n<h3>Detaljer om upps\u00e4ttningen med 4 pinnar<\/h3>\n<ul>\n<li>St\u00e5l<\/li>\n<li>L\u00e4ngd ca. 38 cm<\/li>\n<li>Diameter ca. 16 mm (enligt f\u00f6reskrifterna i DIN EN 14960)<\/li>\n<li>Vikt per styck ca. 280g<\/li>\n<\/ul>\n<p>&nbsp;<\/p>\n","protected":false},"excerpt":{"rendered":"<ul>\n<li>Pinnar av massivt st\u00e5l<\/li>\n<li>L\u00e4ngd ca. 38 cm<\/li>\n<li>F\u00f6r fasts\u00e4ttning av hoppborgar och uppbl\u00e5sbara eventmoduler<\/li>\n<\/ul>\n","protected":false},"featured_media":55352,"comment_status":"open","ping_status":"closed","template":"","meta":{"_acf_changed":false,"_uag_custom_page_level_css":"","site-sidebar-layout":"default","site-content-layout":"boxed-container","ast-site-content-layout":"normal-width-container","site-content-style":"boxed","site-sidebar-style":"boxed","ast-global-header-display":"","ast-banner-title-visibility":"","ast-main-header-display":"","ast-hfb-above-header-display":"","ast-hfb-below-header-display":"","ast-hfb-mobile-header-display":"","site-post-title":"disabled","ast-breadcrumbs-content":"","ast-featured-img":"","footer-sml-layout":"","ast-disable-related-posts":"","theme-transparent-header-meta":"default","adv-header-id-meta":"","stick-header-meta":"default","header-above-stick-meta":"","header-main-stick-meta":"","header-below-stick-meta":"","astra-migrate-meta-layouts":"default","ast-page-background-enabled":"default","ast-page-background-meta":{"desktop":{"background-color":"var(--ast-global-color-4)","background-image":"","background-repeat":"repeat","background-position":"center center","background-size":"auto","background-attachment":"scroll","background-type":"","background-media":"","overlay-type":"","overlay-color":"","overlay-opacity":"","overlay-gradient":""},"tablet":{"background-color":"","background-image":"","background-repeat":"repeat","background-position":"center center","background-size":"auto","background-attachment":"scroll","background-type":"","background-media":"","overlay-type":"","overlay-color":"","overlay-opacity":"","overlay-gradient":""},"mobile":{"background-color":"","background-image":"","background-repeat":"repeat","background-position":"center center","background-size":"auto","background-attachment":"scroll","background-type":"","background-media":"","overlay-type":"","overlay-color":"","overlay-opacity":"","overlay-gradient":""}},"ast-content-background-meta":{"desktop":{"background-color":"var(--ast-global-color-5)","background-image":"","background-repeat":"repeat","background-position":"center center","background-size":"auto","background-attachment":"scroll","background-type":"","background-media":"","overlay-type":"","overlay-color":"","overlay-opacity":"","overlay-gradient":""},"tablet":{"background-color":"var(--ast-global-color-5)","background-image":"","background-repeat":"repeat","background-position":"center center","background-size":"auto","background-attachment":"scroll","background-type":"","background-media":"","overlay-type":"","overlay-color":"","overlay-opacity":"","overlay-gradient":""},"mobile":{"background-color":"var(--ast-global-color-5)","background-image":"","background-repeat":"repeat","background-position":"center center","background-size":"auto","background-attachment":"scroll","background-type":"","background-media":"","overlay-type":"","overlay-color":"","overlay-opacity":"","overlay-gradient":""}}},"product_brand":[],"product_cat":[2060],"product_tag":[],"class_list":{"0":"post-19019","1":"product","2":"type-product","3":"status-publish","4":"has-post-thumbnail","6":"product_cat-tillbehor","7":"product_shipping_class-tillbehor","8":"desktop-align-center","9":"tablet-align-center","10":"mobile-align-center","11":"ast-product-gallery-layout-horizontal","12":"ast-product-tabs-layout-horizontal","14":"first","15":"instock","16":"taxable","17":"shipping-taxable","18":"purchasable","19":"product-type-simple"},"acf":[],"yoast_head":"<!-- This site is optimized with the Yoast SEO plugin v27.4 - https:\/\/yoast.com\/product\/yoast-seo-wordpress\/ -->\n<title>K\u00f6p markpinnar f\u00f6r f\u00e4stning av uppbl\u00e5sbara f\u00f6rem\u00e5l | Dodo-Inflatables.com<\/title>\n<meta name=\"description\" content=\"K\u00f6p markpinnar f\u00f6r att f\u00e4sta uppbl\u00e5sbara f\u00f6rem\u00e5l p\u00e5 Dodo-Inflatables.com! | R\u00e4ttvisa priser | Stora kvantiteter i lager | Snabb leverans!\" \/>\n<meta name=\"robots\" content=\"index, follow, max-snippet:-1, max-image-preview:large, max-video-preview:-1\" \/>\n<link rel=\"canonical\" href=\"https:\/\/dodo-inflatables.com\/sv\/produkt\/markpinnar-for-fastning-av-uppblasbara-foremal\/\" \/>\n<meta name=\"twitter:label1\" content=\"Ber\u00e4knad l\u00e4stid\" \/>\n\t<meta name=\"twitter:data1\" content=\"1 minut\" \/>\n<script type=\"application\/ld+json\" class=\"yoast-schema-graph\">{\"@context\":\"https:\\\/\\\/schema.org\",\"@graph\":[{\"@type\":\"WebPage\",\"@id\":\"https:\\\/\\\/dodo-inflatables.com\\\/sv\\\/produkt\\\/markpinnar-for-fastning-av-uppblasbara-foremal\\\/\",\"url\":\"https:\\\/\\\/dodo-inflatables.com\\\/sv\\\/produkt\\\/markpinnar-for-fastning-av-uppblasbara-foremal\\\/\",\"name\":\"K\u00f6p markpinnar f\u00f6r f\u00e4stning av uppbl\u00e5sbara f\u00f6rem\u00e5l | Dodo-Inflatables.com\",\"isPartOf\":{\"@id\":\"https:\\\/\\\/dodo-inflatables.com\\\/sv\\\/#website\"},\"primaryImageOfPage\":{\"@id\":\"https:\\\/\\\/dodo-inflatables.com\\\/sv\\\/produkt\\\/markpinnar-for-fastning-av-uppblasbara-foremal\\\/#primaryimage\"},\"image\":{\"@id\":\"https:\\\/\\\/dodo-inflatables.com\\\/sv\\\/produkt\\\/markpinnar-for-fastning-av-uppblasbara-foremal\\\/#primaryimage\"},\"thumbnailUrl\":\"https:\\\/\\\/dodo-inflatables.com\\\/wp-content\\\/uploads\\\/2018\\\/05\\\/Buy-Ground-Pegs-for-Inflatablesnew.jpg\",\"datePublished\":\"2018-05-11T12:38:49+00:00\",\"dateModified\":\"2026-04-02T14:13:01+00:00\",\"description\":\"K\u00f6p markpinnar f\u00f6r att f\u00e4sta uppbl\u00e5sbara f\u00f6rem\u00e5l p\u00e5 Dodo-Inflatables.com! | R\u00e4ttvisa priser | Stora kvantiteter i lager | Snabb leverans!\",\"breadcrumb\":{\"@id\":\"https:\\\/\\\/dodo-inflatables.com\\\/sv\\\/produkt\\\/markpinnar-for-fastning-av-uppblasbara-foremal\\\/#breadcrumb\"},\"inLanguage\":\"sv-SE\",\"potentialAction\":[{\"@type\":\"ReadAction\",\"target\":[\"https:\\\/\\\/dodo-inflatables.com\\\/sv\\\/produkt\\\/markpinnar-for-fastning-av-uppblasbara-foremal\\\/\"]}]},{\"@type\":\"ImageObject\",\"inLanguage\":\"sv-SE\",\"@id\":\"https:\\\/\\\/dodo-inflatables.com\\\/sv\\\/produkt\\\/markpinnar-for-fastning-av-uppblasbara-foremal\\\/#primaryimage\",\"url\":\"https:\\\/\\\/dodo-inflatables.com\\\/wp-content\\\/uploads\\\/2018\\\/05\\\/Buy-Ground-Pegs-for-Inflatablesnew.jpg\",\"contentUrl\":\"https:\\\/\\\/dodo-inflatables.com\\\/wp-content\\\/uploads\\\/2018\\\/05\\\/Buy-Ground-Pegs-for-Inflatablesnew.jpg\",\"width\":1000,\"height\":1000},{\"@type\":\"BreadcrumbList\",\"@id\":\"https:\\\/\\\/dodo-inflatables.com\\\/sv\\\/produkt\\\/markpinnar-for-fastning-av-uppblasbara-foremal\\\/#breadcrumb\",\"itemListElement\":[{\"@type\":\"ListItem\",\"position\":1,\"name\":\"Hem\",\"item\":\"https:\\\/\\\/dodo-inflatables.com\\\/sv\\\/\"},{\"@type\":\"ListItem\",\"position\":2,\"name\":\"Butik\",\"item\":\"https:\\\/\\\/dodo-inflatables.com\\\/sv\\\/?page_id=16794\"},{\"@type\":\"ListItem\",\"position\":3,\"name\":\"Markpinnar f\u00f6r f\u00e4stning av uppbl\u00e5sbara f\u00f6rem\u00e5l\"}]},{\"@type\":\"WebSite\",\"@id\":\"https:\\\/\\\/dodo-inflatables.com\\\/sv\\\/#website\",\"url\":\"https:\\\/\\\/dodo-inflatables.com\\\/sv\\\/\",\"name\":\"dodo-inflatables.com\",\"description\":\"K\u00f6p hoppborgar och attraktioner i v\u00e5r butik.\",\"publisher\":{\"@id\":\"https:\\\/\\\/dodo-inflatables.com\\\/sv\\\/#organization\"},\"potentialAction\":[{\"@type\":\"SearchAction\",\"target\":{\"@type\":\"EntryPoint\",\"urlTemplate\":\"https:\\\/\\\/dodo-inflatables.com\\\/sv\\\/?s={search_term_string}\"},\"query-input\":{\"@type\":\"PropertyValueSpecification\",\"valueRequired\":true,\"valueName\":\"search_term_string\"}}],\"inLanguage\":\"sv-SE\"},{\"@type\":\"Organization\",\"@id\":\"https:\\\/\\\/dodo-inflatables.com\\\/sv\\\/#organization\",\"name\":\"dodo-inflatables.com\",\"url\":\"https:\\\/\\\/dodo-inflatables.com\\\/sv\\\/\",\"logo\":{\"@type\":\"ImageObject\",\"inLanguage\":\"sv-SE\",\"@id\":\"https:\\\/\\\/dodo-inflatables.com\\\/sv\\\/#\\\/schema\\\/logo\\\/image\\\/\",\"url\":\"https:\\\/\\\/dodo-inflatables.com\\\/wp-content\\\/uploads\\\/2023\\\/04\\\/cropped-cropped-cropped-Dodo-Logo.png\",\"contentUrl\":\"https:\\\/\\\/dodo-inflatables.com\\\/wp-content\\\/uploads\\\/2023\\\/04\\\/cropped-cropped-cropped-Dodo-Logo.png\",\"width\":2996,\"height\":1545,\"caption\":\"dodo-inflatables.com\"},\"image\":{\"@id\":\"https:\\\/\\\/dodo-inflatables.com\\\/sv\\\/#\\\/schema\\\/logo\\\/image\\\/\"}}]}<\/script>\n<!-- \/ Yoast SEO plugin. -->","yoast_head_json":{"title":"K\u00f6p markpinnar f\u00f6r f\u00e4stning av uppbl\u00e5sbara f\u00f6rem\u00e5l | Dodo-Inflatables.com","description":"K\u00f6p markpinnar f\u00f6r att f\u00e4sta uppbl\u00e5sbara f\u00f6rem\u00e5l p\u00e5 Dodo-Inflatables.com! | R\u00e4ttvisa priser | Stora kvantiteter i lager | Snabb leverans!","robots":{"index":"index","follow":"follow","max-snippet":"max-snippet:-1","max-image-preview":"max-image-preview:large","max-video-preview":"max-video-preview:-1"},"canonical":"https:\/\/dodo-inflatables.com\/sv\/produkt\/markpinnar-for-fastning-av-uppblasbara-foremal\/","twitter_misc":{"Ber\u00e4knad l\u00e4stid":"1 minut"},"schema":{"@context":"https:\/\/schema.org","@graph":[{"@type":"WebPage","@id":"https:\/\/dodo-inflatables.com\/sv\/produkt\/markpinnar-for-fastning-av-uppblasbara-foremal\/","url":"https:\/\/dodo-inflatables.com\/sv\/produkt\/markpinnar-for-fastning-av-uppblasbara-foremal\/","name":"K\u00f6p markpinnar f\u00f6r f\u00e4stning av uppbl\u00e5sbara f\u00f6rem\u00e5l | Dodo-Inflatables.com","isPartOf":{"@id":"https:\/\/dodo-inflatables.com\/sv\/#website"},"primaryImageOfPage":{"@id":"https:\/\/dodo-inflatables.com\/sv\/produkt\/markpinnar-for-fastning-av-uppblasbara-foremal\/#primaryimage"},"image":{"@id":"https:\/\/dodo-inflatables.com\/sv\/produkt\/markpinnar-for-fastning-av-uppblasbara-foremal\/#primaryimage"},"thumbnailUrl":"https:\/\/dodo-inflatables.com\/wp-content\/uploads\/2018\/05\/Buy-Ground-Pegs-for-Inflatablesnew.jpg","datePublished":"2018-05-11T12:38:49+00:00","dateModified":"2026-04-02T14:13:01+00:00","description":"K\u00f6p markpinnar f\u00f6r att f\u00e4sta uppbl\u00e5sbara f\u00f6rem\u00e5l p\u00e5 Dodo-Inflatables.com! | R\u00e4ttvisa priser | Stora kvantiteter i lager | Snabb leverans!","breadcrumb":{"@id":"https:\/\/dodo-inflatables.com\/sv\/produkt\/markpinnar-for-fastning-av-uppblasbara-foremal\/#breadcrumb"},"inLanguage":"sv-SE","potentialAction":[{"@type":"ReadAction","target":["https:\/\/dodo-inflatables.com\/sv\/produkt\/markpinnar-for-fastning-av-uppblasbara-foremal\/"]}]},{"@type":"ImageObject","inLanguage":"sv-SE","@id":"https:\/\/dodo-inflatables.com\/sv\/produkt\/markpinnar-for-fastning-av-uppblasbara-foremal\/#primaryimage","url":"https:\/\/dodo-inflatables.com\/wp-content\/uploads\/2018\/05\/Buy-Ground-Pegs-for-Inflatablesnew.jpg","contentUrl":"https:\/\/dodo-inflatables.com\/wp-content\/uploads\/2018\/05\/Buy-Ground-Pegs-for-Inflatablesnew.jpg","width":1000,"height":1000},{"@type":"BreadcrumbList","@id":"https:\/\/dodo-inflatables.com\/sv\/produkt\/markpinnar-for-fastning-av-uppblasbara-foremal\/#breadcrumb","itemListElement":[{"@type":"ListItem","position":1,"name":"Hem","item":"https:\/\/dodo-inflatables.com\/sv\/"},{"@type":"ListItem","position":2,"name":"Butik","item":"https:\/\/dodo-inflatables.com\/sv\/?page_id=16794"},{"@type":"ListItem","position":3,"name":"Markpinnar f\u00f6r f\u00e4stning av uppbl\u00e5sbara f\u00f6rem\u00e5l"}]},{"@type":"WebSite","@id":"https:\/\/dodo-inflatables.com\/sv\/#website","url":"https:\/\/dodo-inflatables.com\/sv\/","name":"dodo-inflatables.com","description":"K\u00f6p hoppborgar och attraktioner i v\u00e5r butik.","publisher":{"@id":"https:\/\/dodo-inflatables.com\/sv\/#organization"},"potentialAction":[{"@type":"SearchAction","target":{"@type":"EntryPoint","urlTemplate":"https:\/\/dodo-inflatables.com\/sv\/?s={search_term_string}"},"query-input":{"@type":"PropertyValueSpecification","valueRequired":true,"valueName":"search_term_string"}}],"inLanguage":"sv-SE"},{"@type":"Organization","@id":"https:\/\/dodo-inflatables.com\/sv\/#organization","name":"dodo-inflatables.com","url":"https:\/\/dodo-inflatables.com\/sv\/","logo":{"@type":"ImageObject","inLanguage":"sv-SE","@id":"https:\/\/dodo-inflatables.com\/sv\/#\/schema\/logo\/image\/","url":"https:\/\/dodo-inflatables.com\/wp-content\/uploads\/2023\/04\/cropped-cropped-cropped-Dodo-Logo.png","contentUrl":"https:\/\/dodo-inflatables.com\/wp-content\/uploads\/2023\/04\/cropped-cropped-cropped-Dodo-Logo.png","width":2996,"height":1545,"caption":"dodo-inflatables.com"},"image":{"@id":"https:\/\/dodo-inflatables.com\/sv\/#\/schema\/logo\/image\/"}}]}},"uagb_featured_image_src":{"full":["https:\/\/dodo-inflatables.com\/wp-content\/uploads\/2018\/05\/Buy-Ground-Pegs-for-Inflatablesnew.jpg",1000,1000,false],"thumbnail":["https:\/\/dodo-inflatables.com\/wp-content\/uploads\/2018\/05\/Buy-Ground-Pegs-for-Inflatablesnew-150x150.jpg",150,150,true],"medium":["https:\/\/dodo-inflatables.com\/wp-content\/uploads\/2018\/05\/Buy-Ground-Pegs-for-Inflatablesnew-300x300.jpg",300,300,true],"medium_large":["https:\/\/dodo-inflatables.com\/wp-content\/uploads\/2018\/05\/Buy-Ground-Pegs-for-Inflatablesnew-768x768.jpg",768,768,true],"large":["https:\/\/dodo-inflatables.com\/wp-content\/uploads\/2018\/05\/Buy-Ground-Pegs-for-Inflatablesnew.jpg",1000,1000,false],"1536x1536":["https:\/\/dodo-inflatables.com\/wp-content\/uploads\/2018\/05\/Buy-Ground-Pegs-for-Inflatablesnew.jpg",1000,1000,false],"2048x2048":["https:\/\/dodo-inflatables.com\/wp-content\/uploads\/2018\/05\/Buy-Ground-Pegs-for-Inflatablesnew.jpg",1000,1000,false],"woocommerce_thumbnail":["https:\/\/dodo-inflatables.com\/wp-content\/uploads\/2018\/05\/Buy-Ground-Pegs-for-Inflatablesnew-900x900.jpg",900,900,true],"woocommerce_single":["https:\/\/dodo-inflatables.com\/wp-content\/uploads\/2018\/05\/Buy-Ground-Pegs-for-Inflatablesnew-900x900.jpg",900,900,true],"woocommerce_gallery_thumbnail":["https:\/\/dodo-inflatables.com\/wp-content\/uploads\/2018\/05\/Buy-Ground-Pegs-for-Inflatablesnew-100x100.jpg",100,100,true]},"uagb_author_info":{"display_name":"Andreas","author_link":"https:\/\/dodo-inflatables.com\/sv\/author\/"},"uagb_comment_info":0,"uagb_excerpt":"Pinnar av massivt st\u00e5l L\u00e4ngd ca. 38 cm F\u00f6r fasts\u00e4ttning av hoppborgar och uppbl\u00e5sbara eventmoduler","_links":{"self":[{"href":"https:\/\/dodo-inflatables.com\/sv\/wp-json\/wp\/v2\/product\/19019","targetHints":{"allow":["GET"]}}],"collection":[{"href":"https:\/\/dodo-inflatables.com\/sv\/wp-json\/wp\/v2\/product"}],"about":[{"href":"https:\/\/dodo-inflatables.com\/sv\/wp-json\/wp\/v2\/types\/product"}],"replies":[{"embeddable":true,"href":"https:\/\/dodo-inflatables.com\/sv\/wp-json\/wp\/v2\/comments?post=19019"}],"wp:featuredmedia":[{"embeddable":true,"href":"https:\/\/dodo-inflatables.com\/sv\/wp-json\/wp\/v2\/media\/55352"}],"wp:attachment":[{"href":"https:\/\/dodo-inflatables.com\/sv\/wp-json\/wp\/v2\/media?parent=19019"}],"wp:term":[{"taxonomy":"product_brand","embeddable":true,"href":"https:\/\/dodo-inflatables.com\/sv\/wp-json\/wp\/v2\/product_brand?post=19019"},{"taxonomy":"product_cat","embeddable":true,"href":"https:\/\/dodo-inflatables.com\/sv\/wp-json\/wp\/v2\/product_cat?post=19019"},{"taxonomy":"product_tag","embeddable":true,"href":"https:\/\/dodo-inflatables.com\/sv\/wp-json\/wp\/v2\/product_tag?post=19019"}],"curies":[{"name":"wp","href":"https:\/\/api.w.org\/{rel}","templated":true}]}}