{"id":19250,"date":"2018-01-19T15:47:49","date_gmt":"2018-01-19T14:47:49","guid":{"rendered":"https:\/\/dodo-inflatables.com\/product\/fotboll-dart\/"},"modified":"2026-04-17T17:13:07","modified_gmt":"2026-04-17T15:13:07","slug":"fotboll-dart","status":"publish","type":"product","link":"https:\/\/dodo-inflatables.com\/sv\/produkt\/fotboll-dart\/","title":{"rendered":"Fotboll Dart"},"content":{"rendered":"<h2>K\u00f6p uppbl\u00e5sbar fotboll dart<\/h2>\n<p>Fotbollsdart \u00e4r den senaste trenden p\u00e5 evenemang fr\u00e5n England. Fotbollsdart, \u00e4ven k\u00e4nd som fotbollsdart eller fotdart, kombinerar de vanliga fotbolls- och dartf\u00e4rdigheterna och inneb\u00e4r att man skjuter kardborrefotbollar mot en gigantisk uppbl\u00e5sbar darttavla.<\/p>\n<p>V\u00e5rt stora uppbl\u00e5sbara fotbolls-dartspel \u00e4r 4,5 meter h\u00f6gt, vilket g\u00f6r det till ett fantastiskt blickf\u00e5ng vid alla fotbollsevenemang. L\u00e5t v\u00e4nner, g\u00e4ster, kunder, kollegor eller din familj t\u00e4vla mot varandra i Soccer Darts och ta reda p\u00e5 vem som \u00e4r den b\u00e4sta skytten bland er. Spelarna har vanligtvis tre f\u00f6rs\u00f6k p\u00e5 sig att antingen placera bollen s\u00e5 n\u00e4ra m\u00e5ltavlan som m\u00f6jligt eller &#8221;skjuta&#8221; ett visst antal po\u00e4ng. Det \u00e4r inte bara dina lagkamrater som kommer att heja p\u00e5 dig, utan \u00e4ven \u00e5sk\u00e5darna kommer att f\u00f6lja dig med sp\u00e4nning.<\/p>\n<p>Fotbollsdart kan spelas p\u00e5 alla ytor d\u00e4r fotboll vanligtvis spelas. De kardborrefotbollar som kr\u00e4vs levereras f\u00f6r att matcha. Dessa \u00e4r tillverkade av specialkardborreband, som f\u00e4ster s\u00e4rskilt bra p\u00e5 kardborrebandet p\u00e5 den uppbl\u00e5sbara darttavlan. Dessa speciella <a href=\"https:\/\/dodo-inflatables.com\/product\/velcro-football-for-football-darts\/\">kardborrefotbollar<\/a> finns ocks\u00e5 tillg\u00e4ngliga individuellt i <a href=\"https:\/\/dodo-inflatables.com\/product-category\/accessories\/\">tillbeh\u00f6rskategorin<\/a>.<\/p>\n<p>&nbsp;<\/p>\n<h4>Detaljer om den uppbl\u00e5sbara fotbollspilen<\/h4>\n<ul>\n<li>M\u00e5tt (L x B x H): 4,50 m x 6,20 m x 4,50 m *<\/li>\n<li>Vikt: ca. 95 kg *.<\/li>\n<li>F\u00f6rpackningsstorlek: 100 x 70 x 70 cm *.<\/li>\n<li>Monteringstid: 10 minuter<\/li>\n<li>Material: 0,55 mm PVC och kardborreband<\/li>\n<li>Utbytbar Darttavla med kardborreband<\/li>\n<li>Dragkedja med kardborre\u00f6verdrag, f\u00f6rst\u00e4rkta h\u00f6rn, kardborre av h\u00f6g kvalitet<\/li>\n<li>Rep f\u00f6r att ta bort kulorna<\/li>\n<\/ul>\n<p>Ing\u00e5r i leveransomfattningen: Fotbollspilar och tre fotbollar med kardborreband av h\u00f6g kvalitet<\/p>\n<p>Fl\u00e4kt och goundpl\u00e5t ing\u00e5r inte. Dessa hittar du i kategorin tillbeh\u00f6r.<\/p>\n<p>Alla v\u00e5ra hoppborgar och uppbl\u00e5sbara attraktioner \u00e4r professionella moduler som \u00e4r l\u00e4mpliga f\u00f6r professionella uthyrningsf\u00f6retag och anv\u00e4ndning i fritidsparker, inomhuslekplatser och liknande.<\/p>\n<p><strong>Viktiga bruksanvisningar<\/strong><\/p>\n<p>Fl\u00e4kten (medf\u00f6ljer ej) m\u00e5ste vara ig\u00e5ng kontinuerligt under anv\u00e4ndning.<br \/>\nDet \u00e4r normalt med ett litet luftl\u00e4ckage genom h\u00e5len i s\u00f6mmarna.<\/p>\n<p>* Vikt och m\u00e5tt \u00e4r ungef\u00e4rliga och kan variera n\u00e5got<\/p>\n","protected":false},"excerpt":{"rendered":"<p><i class=\"fa fa-arrows-alt\"><\/i>  M\u00e5tt (L x B x H): 4,50 m x 6,20 m x 4,50 m *<br \/>\n<i class=\"fa fa-plus\"><\/i>  Inneh\u00e5ller tre fotbollar med kardborre\u00f6verdrag, utbytbar kardborre Darttavla<i class=\"fa fa-check\"><\/i> Professionell modul &#8211; l\u00e4mplig f\u00f6r kommersiellt och privat bruk<\/p>\n<p><i class=\"fa fa-square\"><\/i>  PVC (0,55 mm \/ 621,3 g\/kvm) och kardborreband<br \/>\n<i class=\"fa fa-align-justify\"><\/i>  2 &#8211; 4-faldigt stygn (beroende p\u00e5 last)<br \/>\n<i class=\"fa fa-fire\"><\/i>  Flamskyddande<br \/>\n<i class=\"fas fa-edit\"><\/i>  Inkl. individuellt serienummer<\/p>\n","protected":false},"featured_media":19268,"comment_status":"open","ping_status":"closed","template":"","meta":{"_acf_changed":false,"_uag_custom_page_level_css":"","site-sidebar-layout":"default","site-content-layout":"boxed-container","ast-site-content-layout":"normal-width-container","site-content-style":"boxed","site-sidebar-style":"boxed","ast-global-header-display":"","ast-banner-title-visibility":"","ast-main-header-display":"","ast-hfb-above-header-display":"","ast-hfb-below-header-display":"","ast-hfb-mobile-header-display":"","site-post-title":"disabled","ast-breadcrumbs-content":"","ast-featured-img":"","footer-sml-layout":"","ast-disable-related-posts":"","theme-transparent-header-meta":"default","adv-header-id-meta":"","stick-header-meta":"default","header-above-stick-meta":"","header-main-stick-meta":"","header-below-stick-meta":"","astra-migrate-meta-layouts":"default","ast-page-background-enabled":"default","ast-page-background-meta":{"desktop":{"background-color":"var(--ast-global-color-4)","background-image":"","background-repeat":"repeat","background-position":"center center","background-size":"auto","background-attachment":"scroll","background-type":"","background-media":"","overlay-type":"","overlay-color":"","overlay-opacity":"","overlay-gradient":""},"tablet":{"background-color":"","background-image":"","background-repeat":"repeat","background-position":"center center","background-size":"auto","background-attachment":"scroll","background-type":"","background-media":"","overlay-type":"","overlay-color":"","overlay-opacity":"","overlay-gradient":""},"mobile":{"background-color":"","background-image":"","background-repeat":"repeat","background-position":"center center","background-size":"auto","background-attachment":"scroll","background-type":"","background-media":"","overlay-type":"","overlay-color":"","overlay-opacity":"","overlay-gradient":""}},"ast-content-background-meta":{"desktop":{"background-color":"var(--ast-global-color-5)","background-image":"","background-repeat":"repeat","background-position":"center center","background-size":"auto","background-attachment":"scroll","background-type":"","background-media":"","overlay-type":"","overlay-color":"","overlay-opacity":"","overlay-gradient":""},"tablet":{"background-color":"var(--ast-global-color-5)","background-image":"","background-repeat":"repeat","background-position":"center center","background-size":"auto","background-attachment":"scroll","background-type":"","background-media":"","overlay-type":"","overlay-color":"","overlay-opacity":"","overlay-gradient":""},"mobile":{"background-color":"var(--ast-global-color-5)","background-image":"","background-repeat":"repeat","background-position":"center center","background-size":"auto","background-attachment":"scroll","background-type":"","background-media":"","overlay-type":"","overlay-color":"","overlay-opacity":"","overlay-gradient":""}}},"product_brand":[],"product_cat":[2039],"product_tag":[7155],"class_list":{"0":"post-19250","1":"product","2":"type-product","3":"status-publish","4":"has-post-thumbnail","6":"product_cat-attraktioner","7":"product_tag-geblase-1-5ps","8":"product_shipping_class-spedition-hupfburg-sv","9":"pa_gtin-0669145336841-sv","10":"desktop-align-center","11":"tablet-align-center","12":"mobile-align-center","13":"ast-product-gallery-layout-horizontal","14":"ast-product-tabs-layout-horizontal","16":"first","17":"instock","18":"taxable","19":"shipping-taxable","20":"purchasable","21":"product-type-simple"},"acf":[],"yoast_head":"<!-- This site is optimized with the Yoast SEO plugin v27.5 - https:\/\/yoast.com\/product\/yoast-seo-wordpress\/ -->\n<title>K\u00f6p uppbl\u00e5sbar fotbollspj\u00e4s | Dodo-Inflatables.com<\/title>\n<meta name=\"description\" content=\"K\u00f6p uppbl\u00e5sbar fotboll Soccerdart p\u00e5 dodo-inflatables.com! | R\u00e4ttvisa priser | Alltid i lager | Snabb leverans!\" \/>\n<meta name=\"robots\" content=\"index, follow, max-snippet:-1, max-image-preview:large, max-video-preview:-1\" \/>\n<link rel=\"canonical\" href=\"https:\/\/dodo-inflatables.com\/sv\/produkt\/fotboll-dart\/\" \/>\n<meta name=\"twitter:label1\" content=\"Ber\u00e4knad l\u00e4stid\" \/>\n\t<meta name=\"twitter:data1\" content=\"2 minuter\" \/>\n<script type=\"application\/ld+json\" class=\"yoast-schema-graph\">{\"@context\":\"https:\\\/\\\/schema.org\",\"@graph\":[{\"@type\":\"WebPage\",\"@id\":\"https:\\\/\\\/dodo-inflatables.com\\\/sv\\\/produkt\\\/fotboll-dart\\\/\",\"url\":\"https:\\\/\\\/dodo-inflatables.com\\\/sv\\\/produkt\\\/fotboll-dart\\\/\",\"name\":\"K\u00f6p uppbl\u00e5sbar fotbollspj\u00e4s | Dodo-Inflatables.com\",\"isPartOf\":{\"@id\":\"https:\\\/\\\/dodo-inflatables.com\\\/sv\\\/#website\"},\"primaryImageOfPage\":{\"@id\":\"https:\\\/\\\/dodo-inflatables.com\\\/sv\\\/produkt\\\/fotboll-dart\\\/#primaryimage\"},\"image\":{\"@id\":\"https:\\\/\\\/dodo-inflatables.com\\\/sv\\\/produkt\\\/fotboll-dart\\\/#primaryimage\"},\"thumbnailUrl\":\"https:\\\/\\\/dodo-inflatables.com\\\/wp-content\\\/uploads\\\/2018\\\/01\\\/fussball-dart-neu-kaufen-1.png\",\"datePublished\":\"2018-01-19T14:47:49+00:00\",\"dateModified\":\"2026-04-17T15:13:07+00:00\",\"description\":\"K\u00f6p uppbl\u00e5sbar fotboll Soccerdart p\u00e5 dodo-inflatables.com! | R\u00e4ttvisa priser | Alltid i lager | Snabb leverans!\",\"breadcrumb\":{\"@id\":\"https:\\\/\\\/dodo-inflatables.com\\\/sv\\\/produkt\\\/fotboll-dart\\\/#breadcrumb\"},\"inLanguage\":\"sv-SE\",\"potentialAction\":[{\"@type\":\"ReadAction\",\"target\":[\"https:\\\/\\\/dodo-inflatables.com\\\/sv\\\/produkt\\\/fotboll-dart\\\/\"]}]},{\"@type\":\"ImageObject\",\"inLanguage\":\"sv-SE\",\"@id\":\"https:\\\/\\\/dodo-inflatables.com\\\/sv\\\/produkt\\\/fotboll-dart\\\/#primaryimage\",\"url\":\"https:\\\/\\\/dodo-inflatables.com\\\/wp-content\\\/uploads\\\/2018\\\/01\\\/fussball-dart-neu-kaufen-1.png\",\"contentUrl\":\"https:\\\/\\\/dodo-inflatables.com\\\/wp-content\\\/uploads\\\/2018\\\/01\\\/fussball-dart-neu-kaufen-1.png\",\"width\":500,\"height\":500},{\"@type\":\"BreadcrumbList\",\"@id\":\"https:\\\/\\\/dodo-inflatables.com\\\/sv\\\/produkt\\\/fotboll-dart\\\/#breadcrumb\",\"itemListElement\":[{\"@type\":\"ListItem\",\"position\":1,\"name\":\"Hem\",\"item\":\"https:\\\/\\\/dodo-inflatables.com\\\/sv\\\/\"},{\"@type\":\"ListItem\",\"position\":2,\"name\":\"Butik\",\"item\":\"https:\\\/\\\/dodo-inflatables.com\\\/sv\\\/butik\\\/\"},{\"@type\":\"ListItem\",\"position\":3,\"name\":\"Fotboll Dart\"}]},{\"@type\":\"WebSite\",\"@id\":\"https:\\\/\\\/dodo-inflatables.com\\\/sv\\\/#website\",\"url\":\"https:\\\/\\\/dodo-inflatables.com\\\/sv\\\/\",\"name\":\"dodo-inflatables.com\",\"description\":\"K\u00f6p hoppborgar och attraktioner i v\u00e5r butik.\",\"potentialAction\":[{\"@type\":\"SearchAction\",\"target\":{\"@type\":\"EntryPoint\",\"urlTemplate\":\"https:\\\/\\\/dodo-inflatables.com\\\/sv\\\/?s={search_term_string}\"},\"query-input\":{\"@type\":\"PropertyValueSpecification\",\"valueRequired\":true,\"valueName\":\"search_term_string\"}}],\"inLanguage\":\"sv-SE\"}]}<\/script>\n<!-- \/ Yoast SEO plugin. -->","yoast_head_json":{"title":"K\u00f6p uppbl\u00e5sbar fotbollspj\u00e4s | Dodo-Inflatables.com","description":"K\u00f6p uppbl\u00e5sbar fotboll Soccerdart p\u00e5 dodo-inflatables.com! | R\u00e4ttvisa priser | Alltid i lager | Snabb leverans!","robots":{"index":"index","follow":"follow","max-snippet":"max-snippet:-1","max-image-preview":"max-image-preview:large","max-video-preview":"max-video-preview:-1"},"canonical":"https:\/\/dodo-inflatables.com\/sv\/produkt\/fotboll-dart\/","twitter_misc":{"Ber\u00e4knad l\u00e4stid":"2 minuter"},"schema":{"@context":"https:\/\/schema.org","@graph":[{"@type":"WebPage","@id":"https:\/\/dodo-inflatables.com\/sv\/produkt\/fotboll-dart\/","url":"https:\/\/dodo-inflatables.com\/sv\/produkt\/fotboll-dart\/","name":"K\u00f6p uppbl\u00e5sbar fotbollspj\u00e4s | Dodo-Inflatables.com","isPartOf":{"@id":"https:\/\/dodo-inflatables.com\/sv\/#website"},"primaryImageOfPage":{"@id":"https:\/\/dodo-inflatables.com\/sv\/produkt\/fotboll-dart\/#primaryimage"},"image":{"@id":"https:\/\/dodo-inflatables.com\/sv\/produkt\/fotboll-dart\/#primaryimage"},"thumbnailUrl":"https:\/\/dodo-inflatables.com\/wp-content\/uploads\/2018\/01\/fussball-dart-neu-kaufen-1.png","datePublished":"2018-01-19T14:47:49+00:00","dateModified":"2026-04-17T15:13:07+00:00","description":"K\u00f6p uppbl\u00e5sbar fotboll Soccerdart p\u00e5 dodo-inflatables.com! | R\u00e4ttvisa priser | Alltid i lager | Snabb leverans!","breadcrumb":{"@id":"https:\/\/dodo-inflatables.com\/sv\/produkt\/fotboll-dart\/#breadcrumb"},"inLanguage":"sv-SE","potentialAction":[{"@type":"ReadAction","target":["https:\/\/dodo-inflatables.com\/sv\/produkt\/fotboll-dart\/"]}]},{"@type":"ImageObject","inLanguage":"sv-SE","@id":"https:\/\/dodo-inflatables.com\/sv\/produkt\/fotboll-dart\/#primaryimage","url":"https:\/\/dodo-inflatables.com\/wp-content\/uploads\/2018\/01\/fussball-dart-neu-kaufen-1.png","contentUrl":"https:\/\/dodo-inflatables.com\/wp-content\/uploads\/2018\/01\/fussball-dart-neu-kaufen-1.png","width":500,"height":500},{"@type":"BreadcrumbList","@id":"https:\/\/dodo-inflatables.com\/sv\/produkt\/fotboll-dart\/#breadcrumb","itemListElement":[{"@type":"ListItem","position":1,"name":"Hem","item":"https:\/\/dodo-inflatables.com\/sv\/"},{"@type":"ListItem","position":2,"name":"Butik","item":"https:\/\/dodo-inflatables.com\/sv\/butik\/"},{"@type":"ListItem","position":3,"name":"Fotboll Dart"}]},{"@type":"WebSite","@id":"https:\/\/dodo-inflatables.com\/sv\/#website","url":"https:\/\/dodo-inflatables.com\/sv\/","name":"dodo-inflatables.com","description":"K\u00f6p hoppborgar och attraktioner i v\u00e5r butik.","potentialAction":[{"@type":"SearchAction","target":{"@type":"EntryPoint","urlTemplate":"https:\/\/dodo-inflatables.com\/sv\/?s={search_term_string}"},"query-input":{"@type":"PropertyValueSpecification","valueRequired":true,"valueName":"search_term_string"}}],"inLanguage":"sv-SE"}]}},"uagb_featured_image_src":{"full":["https:\/\/dodo-inflatables.com\/wp-content\/uploads\/2018\/01\/fussball-dart-neu-kaufen-1.png",500,500,false],"thumbnail":["https:\/\/dodo-inflatables.com\/wp-content\/uploads\/2018\/01\/fussball-dart-neu-kaufen-1-150x150.png",150,150,true],"medium":["https:\/\/dodo-inflatables.com\/wp-content\/uploads\/2018\/01\/fussball-dart-neu-kaufen-1-300x300.png",300,300,true],"medium_large":["https:\/\/dodo-inflatables.com\/wp-content\/uploads\/2018\/01\/fussball-dart-neu-kaufen-1.png",500,500,false],"large":["https:\/\/dodo-inflatables.com\/wp-content\/uploads\/2018\/01\/fussball-dart-neu-kaufen-1.png",500,500,false],"1536x1536":["https:\/\/dodo-inflatables.com\/wp-content\/uploads\/2018\/01\/fussball-dart-neu-kaufen-1.png",500,500,false],"2048x2048":["https:\/\/dodo-inflatables.com\/wp-content\/uploads\/2018\/01\/fussball-dart-neu-kaufen-1.png",500,500,false],"woocommerce_thumbnail":["https:\/\/dodo-inflatables.com\/wp-content\/uploads\/2018\/01\/fussball-dart-neu-kaufen-1.png",500,500,false],"woocommerce_single":["https:\/\/dodo-inflatables.com\/wp-content\/uploads\/2018\/01\/fussball-dart-neu-kaufen-1.png",500,500,false],"woocommerce_gallery_thumbnail":["https:\/\/dodo-inflatables.com\/wp-content\/uploads\/2018\/01\/fussball-dart-neu-kaufen-1-100x100.png",100,100,true]},"uagb_author_info":{"display_name":"Andreas","author_link":"https:\/\/dodo-inflatables.com\/sv\/author\/"},"uagb_comment_info":0,"uagb_excerpt":"M\u00e5tt (L x B x H): 4,50 m x 6,20 m x 4,50 m * Inneh\u00e5ller tre fotbollar med kardborre\u00f6verdrag, utbytbar kardborre Darttavla Professionell modul - l\u00e4mplig f\u00f6r kommersiellt och privat bruk PVC (0,55 mm \/ 621,3 g\/kvm) och kardborreband 2 - 4-faldigt stygn (beroende p\u00e5 last) Flamskyddande Inkl. individuellt serienummer","_links":{"self":[{"href":"https:\/\/dodo-inflatables.com\/sv\/wp-json\/wp\/v2\/product\/19250","targetHints":{"allow":["GET"]}}],"collection":[{"href":"https:\/\/dodo-inflatables.com\/sv\/wp-json\/wp\/v2\/product"}],"about":[{"href":"https:\/\/dodo-inflatables.com\/sv\/wp-json\/wp\/v2\/types\/product"}],"replies":[{"embeddable":true,"href":"https:\/\/dodo-inflatables.com\/sv\/wp-json\/wp\/v2\/comments?post=19250"}],"wp:featuredmedia":[{"embeddable":true,"href":"https:\/\/dodo-inflatables.com\/sv\/wp-json\/wp\/v2\/media\/19268"}],"wp:attachment":[{"href":"https:\/\/dodo-inflatables.com\/sv\/wp-json\/wp\/v2\/media?parent=19250"}],"wp:term":[{"taxonomy":"product_brand","embeddable":true,"href":"https:\/\/dodo-inflatables.com\/sv\/wp-json\/wp\/v2\/product_brand?post=19250"},{"taxonomy":"product_cat","embeddable":true,"href":"https:\/\/dodo-inflatables.com\/sv\/wp-json\/wp\/v2\/product_cat?post=19250"},{"taxonomy":"product_tag","embeddable":true,"href":"https:\/\/dodo-inflatables.com\/sv\/wp-json\/wp\/v2\/product_tag?post=19250"}],"curies":[{"name":"wp","href":"https:\/\/api.w.org\/{rel}","templated":true}]}}