{"id":19503,"date":"2021-04-14T14:59:50","date_gmt":"2021-04-14T12:59:50","guid":{"rendered":"https:\/\/dodo-inflatables.com\/product\/desinfektionsmedel-for-hoppborgar\/"},"modified":"2026-04-23T19:45:35","modified_gmt":"2026-04-23T17:45:35","slug":"desinfektionsmedel-for-hoppborgar","status":"publish","type":"product","link":"https:\/\/dodo-inflatables.com\/sv\/produkt\/desinfektionsmedel-for-hoppborgar\/","title":{"rendered":"Desinfektionsmedel f\u00f6r hoppborg (12 x 500 ml)"},"content":{"rendered":"<h1>K\u00f6p desinfektionsmedel f\u00f6r hoppborg<\/h1>\n<p class=\"p1\">V\u00e5rt desinfektionsmedel \u00e4r l\u00e4mpligt f\u00f6r hygienisk reng\u00f6ring av hoppborgar och annan uppbl\u00e5sbar lekutrustning.<br \/>\nTack vare sina aktiva ingredienser \u00e4r det effektivt mot bakteriestammar samt <span class=\"s1\"><b>h\u00f6ljef\u00f6rsedda virus (inklusive SARS-CoV-2)<\/b><\/span> och har speciellt utvecklats f\u00f6r k\u00e4nsliga ytor.<\/p>\n<p class=\"p3\"><b>Skonsamt mot material och alkoholfritt:<br \/>\n<\/b>Detta desinfektionsmedel inneh\u00e5ller inget alkohol och \u00e4r d\u00e4rf\u00f6r s\u00e4kert att anv\u00e4nda p\u00e5 ytorna p\u00e5 hoppborgar, rutschbanor och uppbl\u00e5sbara eventmoduler.<br \/>\nDet \u00e4r icke-korrosivt och biologiskt nedbrytbart.<\/p>\n<p class=\"p3\"><b>Redo att anv\u00e4nda och anv\u00e4ndarv\u00e4nligt:<br \/>\n<\/b>Desinfektionsmedlet levereras f\u00e4rdigblandat och kan anv\u00e4ndas omedelbart.<br \/>\nDen praktiska sprayflaskan m\u00f6jligg\u00f6r enkel och j\u00e4mn applicering.<\/p>\n<p class=\"p3\"><b>L\u00e4mpligt f\u00f6r uthyrningsf\u00f6retag och operat\u00f6rer:<br \/>\n<\/b>S\u00e4rskilt vid kommersiell anv\u00e4ndning ger detta desinfektionsmedel extra hygien mellan uthyrningar och hj\u00e4lper till att s\u00e4kerst\u00e4lla att hoppborgar \u00f6verl\u00e4mnas till n\u00e4sta kund rena och v\u00e4lsk\u00f6tta.<\/p>\n<p>&nbsp;<\/p>\n<h3><strong>Anv\u00e4ndning<\/strong><\/h3>\n<ol>\n<li>\n<p class=\"p1\">Ta bort grovt smuts fr\u00e5n insidan av och runt hoppborgen innan anv\u00e4ndning.<\/p>\n<\/li>\n<li>\n<p class=\"p1\">Spraya omr\u00e5det som ska desinficeras eller applicera j\u00e4mnt med en svamp eller trasa tills ytan \u00e4r helt t\u00e4ckt.<\/p>\n<\/li>\n<li>\n<p class=\"p1\">L\u00e5t verka kort tid och torka sedan f\u00f6rsiktigt av med en ren trasa (gnid inte torrt).<\/p>\n<\/li>\n<li>\n<p class=\"p1\">Efter ca. <span class=\"s1\"><b>15 minuters kontakttid<\/b><\/span> uppn\u00e5s full effektivitet.<\/p>\n<\/li>\n<\/ol>\n<h4><b>Verksamt \u00e4mne och godk\u00e4nnande<\/b><\/h4>\n<p class=\"p3\">Verksamt \u00e4mne: 100 g av den outsp\u00e4dda produkten inneh\u00e5ller f\u00f6ljande biocida verksamma \u00e4mne:<br \/>\n<b>Bensyl-C12-16-alkyldimetylklorider<\/b><\/p>\n<p class=\"p3\">Godk\u00e4nnande: Uppfyller det europeiska biociddirektivet<br \/>\nBAuA-registreringsnr.: <span class=\"s2\"><b>N-31951<\/b><\/span><\/p>\n<p>&nbsp;<\/p>\n<h4><b>Tester och standarder<\/b><\/h4>\n<p class=\"p3\">Testat enligt bland annat: AMS 1550B, Boeing D6-17487, D6-7127, Airbus och McDonnell Douglas specifikationer, ASTM F 487, LH specifikation, Boeing BSS 7434 (under testning), AMS 1452C (under testning), testat i enlighet med DGHM-riktlinjer<\/p>\n<p><strong>Anv\u00e4nd desinfektionsmedel med f\u00f6rsiktighet. L\u00e4s alltid etiketten och produktinformationen innan anv\u00e4ndning.<\/strong><\/p>\n","protected":false},"excerpt":{"rendered":"<ul>\n<li>Desinfektionsmedel f\u00f6r hoppborg<\/li>\n<li>12 x 500 ml flaskor<\/li>\n<li>F\u00e4rdigblandat och redo att anv\u00e4nda<\/li>\n<li>1 liter = 11,66 \u20ac<\/li>\n<\/ul>\n","protected":false},"featured_media":19505,"comment_status":"open","ping_status":"closed","template":"","meta":{"_acf_changed":false,"_uag_custom_page_level_css":"","site-sidebar-layout":"default","site-content-layout":"boxed-container","ast-site-content-layout":"normal-width-container","site-content-style":"boxed","site-sidebar-style":"boxed","ast-global-header-display":"","ast-banner-title-visibility":"","ast-main-header-display":"","ast-hfb-above-header-display":"","ast-hfb-below-header-display":"","ast-hfb-mobile-header-display":"","site-post-title":"disabled","ast-breadcrumbs-content":"","ast-featured-img":"","footer-sml-layout":"","ast-disable-related-posts":"","theme-transparent-header-meta":"default","adv-header-id-meta":"","stick-header-meta":"default","header-above-stick-meta":"","header-main-stick-meta":"","header-below-stick-meta":"","astra-migrate-meta-layouts":"default","ast-page-background-enabled":"default","ast-page-background-meta":{"desktop":{"background-color":"var(--ast-global-color-4)","background-image":"","background-repeat":"repeat","background-position":"center center","background-size":"auto","background-attachment":"scroll","background-type":"","background-media":"","overlay-type":"","overlay-color":"","overlay-opacity":"","overlay-gradient":""},"tablet":{"background-color":"","background-image":"","background-repeat":"repeat","background-position":"center center","background-size":"auto","background-attachment":"scroll","background-type":"","background-media":"","overlay-type":"","overlay-color":"","overlay-opacity":"","overlay-gradient":""},"mobile":{"background-color":"","background-image":"","background-repeat":"repeat","background-position":"center center","background-size":"auto","background-attachment":"scroll","background-type":"","background-media":"","overlay-type":"","overlay-color":"","overlay-opacity":"","overlay-gradient":""}},"ast-content-background-meta":{"desktop":{"background-color":"var(--ast-global-color-5)","background-image":"","background-repeat":"repeat","background-position":"center center","background-size":"auto","background-attachment":"scroll","background-type":"","background-media":"","overlay-type":"","overlay-color":"","overlay-opacity":"","overlay-gradient":""},"tablet":{"background-color":"var(--ast-global-color-5)","background-image":"","background-repeat":"repeat","background-position":"center center","background-size":"auto","background-attachment":"scroll","background-type":"","background-media":"","overlay-type":"","overlay-color":"","overlay-opacity":"","overlay-gradient":""},"mobile":{"background-color":"var(--ast-global-color-5)","background-image":"","background-repeat":"repeat","background-position":"center center","background-size":"auto","background-attachment":"scroll","background-type":"","background-media":"","overlay-type":"","overlay-color":"","overlay-opacity":"","overlay-gradient":""}}},"product_brand":[],"product_cat":[2060],"product_tag":[],"class_list":{"0":"post-19503","1":"product","2":"type-product","3":"status-publish","4":"has-post-thumbnail","6":"product_cat-tillbehor","7":"product_shipping_class-tillbehor","8":"desktop-align-center","9":"tablet-align-center","10":"mobile-align-center","11":"ast-product-gallery-layout-horizontal","12":"ast-product-gallery-with-no-image","13":"ast-product-tabs-layout-horizontal","15":"first","16":"instock","17":"taxable","18":"shipping-taxable","19":"purchasable","20":"product-type-simple"},"acf":[],"yoast_head":"<!-- This site is optimized with the Yoast SEO plugin v27.5 - https:\/\/yoast.com\/product\/yoast-seo-wordpress\/ -->\n<title>Desinfektionsmedel f\u00f6r hoppborgar | Dodo-Inflatables.com<\/title>\n<meta name=\"description\" content=\"K\u00f6p desinfektionsmedel f\u00f6r reng\u00f6ring av uppbl\u00e5sbara produkter p\u00e5 Dodo-Inflatables.com | Stort urval i lager | Certifierad enligt EN14960 | Snabb leverans!\" \/>\n<meta name=\"robots\" content=\"index, follow, max-snippet:-1, max-image-preview:large, max-video-preview:-1\" \/>\n<link rel=\"canonical\" href=\"https:\/\/dodo-inflatables.com\/sv\/produkt\/desinfektionsmedel-for-hoppborgar\/\" \/>\n<meta name=\"twitter:label1\" content=\"Ber\u00e4knad l\u00e4stid\" \/>\n\t<meta name=\"twitter:data1\" content=\"2 minuter\" \/>\n<script type=\"application\/ld+json\" class=\"yoast-schema-graph\">{\"@context\":\"https:\\\/\\\/schema.org\",\"@graph\":[{\"@type\":\"WebPage\",\"@id\":\"https:\\\/\\\/dodo-inflatables.com\\\/sv\\\/produkt\\\/desinfektionsmedel-for-hoppborgar\\\/\",\"url\":\"https:\\\/\\\/dodo-inflatables.com\\\/sv\\\/produkt\\\/desinfektionsmedel-for-hoppborgar\\\/\",\"name\":\"Desinfektionsmedel f\u00f6r hoppborgar | Dodo-Inflatables.com\",\"isPartOf\":{\"@id\":\"https:\\\/\\\/dodo-inflatables.com\\\/sv\\\/#website\"},\"primaryImageOfPage\":{\"@id\":\"https:\\\/\\\/dodo-inflatables.com\\\/sv\\\/produkt\\\/desinfektionsmedel-for-hoppborgar\\\/#primaryimage\"},\"image\":{\"@id\":\"https:\\\/\\\/dodo-inflatables.com\\\/sv\\\/produkt\\\/desinfektionsmedel-for-hoppborgar\\\/#primaryimage\"},\"thumbnailUrl\":\"https:\\\/\\\/dodo-inflatables.com\\\/wp-content\\\/uploads\\\/2021\\\/04\\\/huepfburg-desinfektionsmittel-kaufen.png\",\"datePublished\":\"2021-04-14T12:59:50+00:00\",\"dateModified\":\"2026-04-23T17:45:35+00:00\",\"description\":\"K\u00f6p desinfektionsmedel f\u00f6r reng\u00f6ring av uppbl\u00e5sbara produkter p\u00e5 Dodo-Inflatables.com | Stort urval i lager | Certifierad enligt EN14960 | Snabb leverans!\",\"breadcrumb\":{\"@id\":\"https:\\\/\\\/dodo-inflatables.com\\\/sv\\\/produkt\\\/desinfektionsmedel-for-hoppborgar\\\/#breadcrumb\"},\"inLanguage\":\"sv-SE\",\"potentialAction\":[{\"@type\":\"ReadAction\",\"target\":[\"https:\\\/\\\/dodo-inflatables.com\\\/sv\\\/produkt\\\/desinfektionsmedel-for-hoppborgar\\\/\"]}]},{\"@type\":\"ImageObject\",\"inLanguage\":\"sv-SE\",\"@id\":\"https:\\\/\\\/dodo-inflatables.com\\\/sv\\\/produkt\\\/desinfektionsmedel-for-hoppborgar\\\/#primaryimage\",\"url\":\"https:\\\/\\\/dodo-inflatables.com\\\/wp-content\\\/uploads\\\/2021\\\/04\\\/huepfburg-desinfektionsmittel-kaufen.png\",\"contentUrl\":\"https:\\\/\\\/dodo-inflatables.com\\\/wp-content\\\/uploads\\\/2021\\\/04\\\/huepfburg-desinfektionsmittel-kaufen.png\",\"width\":500,\"height\":500,\"caption\":\"Desinfektionsmedel f\u00f6r hoppborg (12 x 500 ml) | Dodo Inflatables\"},{\"@type\":\"BreadcrumbList\",\"@id\":\"https:\\\/\\\/dodo-inflatables.com\\\/sv\\\/produkt\\\/desinfektionsmedel-for-hoppborgar\\\/#breadcrumb\",\"itemListElement\":[{\"@type\":\"ListItem\",\"position\":1,\"name\":\"Hem\",\"item\":\"https:\\\/\\\/dodo-inflatables.com\\\/sv\\\/\"},{\"@type\":\"ListItem\",\"position\":2,\"name\":\"Butik\",\"item\":\"https:\\\/\\\/dodo-inflatables.com\\\/sv\\\/butik\\\/\"},{\"@type\":\"ListItem\",\"position\":3,\"name\":\"Desinfektionsmedel f\u00f6r hoppborgar\"}]},{\"@type\":\"WebSite\",\"@id\":\"https:\\\/\\\/dodo-inflatables.com\\\/sv\\\/#website\",\"url\":\"https:\\\/\\\/dodo-inflatables.com\\\/sv\\\/\",\"name\":\"dodo-inflatables.com\",\"description\":\"K\u00f6p hoppborgar och attraktioner i v\u00e5r butik.\",\"potentialAction\":[{\"@type\":\"SearchAction\",\"target\":{\"@type\":\"EntryPoint\",\"urlTemplate\":\"https:\\\/\\\/dodo-inflatables.com\\\/sv\\\/?s={search_term_string}\"},\"query-input\":{\"@type\":\"PropertyValueSpecification\",\"valueRequired\":true,\"valueName\":\"search_term_string\"}}],\"inLanguage\":\"sv-SE\"}]}<\/script>\n<!-- \/ Yoast SEO plugin. -->","yoast_head_json":{"title":"Desinfektionsmedel f\u00f6r hoppborgar | Dodo-Inflatables.com","description":"K\u00f6p desinfektionsmedel f\u00f6r reng\u00f6ring av uppbl\u00e5sbara produkter p\u00e5 Dodo-Inflatables.com | Stort urval i lager | Certifierad enligt EN14960 | Snabb leverans!","robots":{"index":"index","follow":"follow","max-snippet":"max-snippet:-1","max-image-preview":"max-image-preview:large","max-video-preview":"max-video-preview:-1"},"canonical":"https:\/\/dodo-inflatables.com\/sv\/produkt\/desinfektionsmedel-for-hoppborgar\/","twitter_misc":{"Ber\u00e4knad l\u00e4stid":"2 minuter"},"schema":{"@context":"https:\/\/schema.org","@graph":[{"@type":"WebPage","@id":"https:\/\/dodo-inflatables.com\/sv\/produkt\/desinfektionsmedel-for-hoppborgar\/","url":"https:\/\/dodo-inflatables.com\/sv\/produkt\/desinfektionsmedel-for-hoppborgar\/","name":"Desinfektionsmedel f\u00f6r hoppborgar | Dodo-Inflatables.com","isPartOf":{"@id":"https:\/\/dodo-inflatables.com\/sv\/#website"},"primaryImageOfPage":{"@id":"https:\/\/dodo-inflatables.com\/sv\/produkt\/desinfektionsmedel-for-hoppborgar\/#primaryimage"},"image":{"@id":"https:\/\/dodo-inflatables.com\/sv\/produkt\/desinfektionsmedel-for-hoppborgar\/#primaryimage"},"thumbnailUrl":"https:\/\/dodo-inflatables.com\/wp-content\/uploads\/2021\/04\/huepfburg-desinfektionsmittel-kaufen.png","datePublished":"2021-04-14T12:59:50+00:00","dateModified":"2026-04-23T17:45:35+00:00","description":"K\u00f6p desinfektionsmedel f\u00f6r reng\u00f6ring av uppbl\u00e5sbara produkter p\u00e5 Dodo-Inflatables.com | Stort urval i lager | Certifierad enligt EN14960 | Snabb leverans!","breadcrumb":{"@id":"https:\/\/dodo-inflatables.com\/sv\/produkt\/desinfektionsmedel-for-hoppborgar\/#breadcrumb"},"inLanguage":"sv-SE","potentialAction":[{"@type":"ReadAction","target":["https:\/\/dodo-inflatables.com\/sv\/produkt\/desinfektionsmedel-for-hoppborgar\/"]}]},{"@type":"ImageObject","inLanguage":"sv-SE","@id":"https:\/\/dodo-inflatables.com\/sv\/produkt\/desinfektionsmedel-for-hoppborgar\/#primaryimage","url":"https:\/\/dodo-inflatables.com\/wp-content\/uploads\/2021\/04\/huepfburg-desinfektionsmittel-kaufen.png","contentUrl":"https:\/\/dodo-inflatables.com\/wp-content\/uploads\/2021\/04\/huepfburg-desinfektionsmittel-kaufen.png","width":500,"height":500,"caption":"Desinfektionsmedel f\u00f6r hoppborg (12 x 500 ml) | Dodo Inflatables"},{"@type":"BreadcrumbList","@id":"https:\/\/dodo-inflatables.com\/sv\/produkt\/desinfektionsmedel-for-hoppborgar\/#breadcrumb","itemListElement":[{"@type":"ListItem","position":1,"name":"Hem","item":"https:\/\/dodo-inflatables.com\/sv\/"},{"@type":"ListItem","position":2,"name":"Butik","item":"https:\/\/dodo-inflatables.com\/sv\/butik\/"},{"@type":"ListItem","position":3,"name":"Desinfektionsmedel f\u00f6r hoppborgar"}]},{"@type":"WebSite","@id":"https:\/\/dodo-inflatables.com\/sv\/#website","url":"https:\/\/dodo-inflatables.com\/sv\/","name":"dodo-inflatables.com","description":"K\u00f6p hoppborgar och attraktioner i v\u00e5r butik.","potentialAction":[{"@type":"SearchAction","target":{"@type":"EntryPoint","urlTemplate":"https:\/\/dodo-inflatables.com\/sv\/?s={search_term_string}"},"query-input":{"@type":"PropertyValueSpecification","valueRequired":true,"valueName":"search_term_string"}}],"inLanguage":"sv-SE"}]}},"uagb_featured_image_src":{"full":["https:\/\/dodo-inflatables.com\/wp-content\/uploads\/2021\/04\/huepfburg-desinfektionsmittel-kaufen.png",500,500,false],"thumbnail":["https:\/\/dodo-inflatables.com\/wp-content\/uploads\/2021\/04\/huepfburg-desinfektionsmittel-kaufen-150x150.png",150,150,true],"medium":["https:\/\/dodo-inflatables.com\/wp-content\/uploads\/2021\/04\/huepfburg-desinfektionsmittel-kaufen-300x300.png",300,300,true],"medium_large":["https:\/\/dodo-inflatables.com\/wp-content\/uploads\/2021\/04\/huepfburg-desinfektionsmittel-kaufen.png",500,500,false],"large":["https:\/\/dodo-inflatables.com\/wp-content\/uploads\/2021\/04\/huepfburg-desinfektionsmittel-kaufen.png",500,500,false],"1536x1536":["https:\/\/dodo-inflatables.com\/wp-content\/uploads\/2021\/04\/huepfburg-desinfektionsmittel-kaufen.png",500,500,false],"2048x2048":["https:\/\/dodo-inflatables.com\/wp-content\/uploads\/2021\/04\/huepfburg-desinfektionsmittel-kaufen.png",500,500,false],"woocommerce_thumbnail":["https:\/\/dodo-inflatables.com\/wp-content\/uploads\/2021\/04\/huepfburg-desinfektionsmittel-kaufen.png",500,500,false],"woocommerce_single":["https:\/\/dodo-inflatables.com\/wp-content\/uploads\/2021\/04\/huepfburg-desinfektionsmittel-kaufen.png",500,500,false],"woocommerce_gallery_thumbnail":["https:\/\/dodo-inflatables.com\/wp-content\/uploads\/2021\/04\/huepfburg-desinfektionsmittel-kaufen-100x100.png",100,100,true]},"uagb_author_info":{"display_name":"Andreas","author_link":"https:\/\/dodo-inflatables.com\/sv\/author\/"},"uagb_comment_info":0,"uagb_excerpt":"Desinfektionsmedel f\u00f6r hoppborg 12 x 500 ml flaskor F\u00e4rdigblandat och redo att anv\u00e4nda 1 liter = 11,66 \u20ac","_links":{"self":[{"href":"https:\/\/dodo-inflatables.com\/sv\/wp-json\/wp\/v2\/product\/19503","targetHints":{"allow":["GET"]}}],"collection":[{"href":"https:\/\/dodo-inflatables.com\/sv\/wp-json\/wp\/v2\/product"}],"about":[{"href":"https:\/\/dodo-inflatables.com\/sv\/wp-json\/wp\/v2\/types\/product"}],"replies":[{"embeddable":true,"href":"https:\/\/dodo-inflatables.com\/sv\/wp-json\/wp\/v2\/comments?post=19503"}],"wp:featuredmedia":[{"embeddable":true,"href":"https:\/\/dodo-inflatables.com\/sv\/wp-json\/wp\/v2\/media\/19505"}],"wp:attachment":[{"href":"https:\/\/dodo-inflatables.com\/sv\/wp-json\/wp\/v2\/media?parent=19503"}],"wp:term":[{"taxonomy":"product_brand","embeddable":true,"href":"https:\/\/dodo-inflatables.com\/sv\/wp-json\/wp\/v2\/product_brand?post=19503"},{"taxonomy":"product_cat","embeddable":true,"href":"https:\/\/dodo-inflatables.com\/sv\/wp-json\/wp\/v2\/product_cat?post=19503"},{"taxonomy":"product_tag","embeddable":true,"href":"https:\/\/dodo-inflatables.com\/sv\/wp-json\/wp\/v2\/product_tag?post=19503"}],"curies":[{"name":"wp","href":"https:\/\/api.w.org\/{rel}","templated":true}]}}