{"id":19534,"date":"2021-01-18T12:17:14","date_gmt":"2021-01-18T11:17:14","guid":{"rendered":"https:\/\/dodo-inflatables.com\/product\/uppblasbar-alpstuga\/"},"modified":"2024-07-17T15:23:58","modified_gmt":"2024-07-17T13:23:58","slug":"uppblasbar-alpstuga","status":"publish","type":"product","link":"https:\/\/dodo-inflatables.com\/sv\/produkt\/uppblasbar-alpstuga\/","title":{"rendered":"Uppbl\u00e5sbar alpstuga"},"content":{"rendered":"<h1>K\u00f6p uppbl\u00e5sbar alpstuga &#8211; t\u00e4ltet f\u00f6r speciella tillf\u00e4llen<\/h1>\n<p>H\u00e4r har vi ett mycket speciellt uppbl\u00e5sbart t\u00e4lt i form av en bergsstuga i tr\u00e4. Den h\u00e4r uppbl\u00e5sbara tr\u00e4kojan \u00e4r perfekt f\u00f6r evenemang och reklamaktiviteter. Det uppbl\u00e5sbara t\u00e4ltet f\u00f6rses permanent med luft med hj\u00e4lp av en hoppborgsfl\u00e4kt och \u00e4r d\u00e4rf\u00f6r mycket stabilt. Naturligtvis har det uppbl\u00e5sbara t\u00e4ltet flera \u00f6glor f\u00f6r att s\u00e4kra det mot vind p\u00e5 b\u00e4sta m\u00f6jliga s\u00e4tt. Detaljerna i alpstugan \u00e4r mycket v\u00e4l genomt\u00e4nkta, till exempel kan d\u00f6rren \u00f6ppnas och st\u00e4ngas med dragkedja. Taksp\u00e5nen ser fantastiskt \u00e4kta ut och f\u00f6nstren har avtagbara myggn\u00e4t f\u00f6r avkopplande kv\u00e4llar i stugan. Stugan har ocks\u00e5 2 \u00f6glor i den \u00f6vre gaveln, som \u00e4r perfekta f\u00f6r att f\u00e4sta en banderoll med \u00f6nskad inskription, logotyp eller design. En riktig multifunktionell stuga med m\u00e5nga olika anv\u00e4ndningsomr\u00e5den! Oavsett om det \u00e4r som ett bart\u00e4lt, en eventbar, ett kampanjt\u00e4lt eller helt enkelt som ett blickf\u00e5ng, kommer denna uppbl\u00e5sbara bergshydda garanterat att dra blickarna till sig.<\/p>\n<p>Vill du ha stugan i andra dimensioner eller i en design, till exempel som en irl\u00e4ndsk pub? Inga problem, vi \u00e4r glada att kunna erbjuda dig alla alternativ.<\/p>\n<p>Vi rekommenderar endast att du anv\u00e4nder den uppbl\u00e5sbara alpstugan p\u00e5 l\u00e4mpliga underlagspresenningar. Du hittar \u00e4ven dessa i v\u00e5r tillbeh\u00f6rskategori. Vi rekommenderar i allm\u00e4nhet att du st\u00e4ller upp den uppbl\u00e5sbara partystugan p\u00e5 en gr\u00e4smatta. V\u00e5ra markpinnar \u00e4r ocks\u00e5 perfekta f\u00f6r att f\u00e4sta den d\u00e4r.<\/p>\n<p>Den uppbl\u00e5sbara tr\u00e4kojan levereras i en l\u00e4mplig transportv\u00e4ska. F\u00f6r att skydda den uppbl\u00e5sbara kojan mot yttre p\u00e5verkan och transportskador b\u00f6r kojan packas om ordentligt efter varje anv\u00e4ndning. Som uthyrningsf\u00f6retag b\u00f6r du ocks\u00e5 kr\u00e4va att kunden packar om den uppbl\u00e5sbara kojan ordentligt.<\/p>\n<h3>Detaljer om den uppbl\u00e5sbara alpina stugan<\/h3>\n<ul>\n<li>M\u00e5tt (L x B x H): 6,00 m x 4,00 m x 6,20 m *<\/li>\n<li>Vikt: ca. 80 kg *.<\/li>\n<li>F\u00f6rpackningsstorlek: 80 x 80 x 110 cm *.<\/li>\n<li>Monteringstid: 10 minuter<\/li>\n<li>Material: PVC PVC (0,55 mm \/ 621,3 g\/kvm)<\/li>\n<li>2 &#8211; 4 s\u00f6mmar (beroende p\u00e5 anv\u00e4ndning)<\/li>\n<li>Flamskyddande<\/li>\n<li>Godk\u00e4nnandeintyg i enlighet med EN 14960<\/li>\n<li>Dragkedja med kardborreh\u00f6lje, f\u00f6rst\u00e4rkta h\u00f6rn<\/li>\n<\/ul>\n<p>Leveransen omfattar: uppbl\u00e5sbar alpinhydda, transportv\u00e4ska och reparationssats<\/p>\n<p>Fl\u00e4kten och markduken ing\u00e5r inte. Dessa hittar du i kategorin tillbeh\u00f6r.<\/p>\n<p>Den uppbl\u00e5sbara alpstugan \u00e4r en kvalitetsprodukt som tillverkas enligt strikta riktlinjer i enlighet med EN 14960. Alla v\u00e5ra hoppborgar och uppbl\u00e5sbara attraktioner \u00e4r professionella moduler som \u00e4r l\u00e4mpliga f\u00f6r professionell uthyrning och anv\u00e4ndning i n\u00f6jesparker, inomhuslekplatser och liknande.<\/p>\n<p>Viktiga bruksanvisningar<\/p>\n<p>Fl\u00e4kten (ing\u00e5r ej) m\u00e5ste vara ig\u00e5ng kontinuerligt under anv\u00e4ndningen.<br \/>\nEtt litet luftl\u00e4ckage genom h\u00e5len i s\u00f6mmarna \u00e4r normalt.<\/p>\n<p>* Vikt och m\u00e5tt \u00e4r ungef\u00e4rliga och kan variera n\u00e5got<\/p>\n","protected":false},"excerpt":{"rendered":"<p><i class=\"fa fa-arrows-alt\"><\/i>  M\u00e5tt (L x B x H): 6,00 m x 4,00 m x 6,20 m *<br \/>\n<i class=\"fa fa-check\"><\/i>  Professionell modul &#8211; l\u00e4mplig f\u00f6r kommersiellt och privat bruk<\/p>\n<p><i class=\"fa fa-square\"><\/i>  PVC (0,55 mm \/ 621,3 g\/kvm)<br \/>\n<i class=\"fa fa-align-justify\"><\/i>  2 &#8211; 4-faldigt stygn (beroende p\u00e5 last)<br \/>\n<i class=\"fa fa-fire\"><\/i>  Flamskyddande<\/p>\n","protected":false},"featured_media":19539,"comment_status":"open","ping_status":"closed","template":"","meta":{"_acf_changed":false,"_uag_custom_page_level_css":"","site-sidebar-layout":"default","site-content-layout":"boxed-container","ast-site-content-layout":"normal-width-container","site-content-style":"boxed","site-sidebar-style":"boxed","ast-global-header-display":"","ast-banner-title-visibility":"","ast-main-header-display":"","ast-hfb-above-header-display":"","ast-hfb-below-header-display":"","ast-hfb-mobile-header-display":"","site-post-title":"disabled","ast-breadcrumbs-content":"","ast-featured-img":"","footer-sml-layout":"","ast-disable-related-posts":"","theme-transparent-header-meta":"default","adv-header-id-meta":"","stick-header-meta":"default","header-above-stick-meta":"","header-main-stick-meta":"","header-below-stick-meta":"","astra-migrate-meta-layouts":"default","ast-page-background-enabled":"default","ast-page-background-meta":{"desktop":{"background-color":"var(--ast-global-color-4)","background-image":"","background-repeat":"repeat","background-position":"center center","background-size":"auto","background-attachment":"scroll","background-type":"","background-media":"","overlay-type":"","overlay-color":"","overlay-opacity":"","overlay-gradient":""},"tablet":{"background-color":"","background-image":"","background-repeat":"repeat","background-position":"center center","background-size":"auto","background-attachment":"scroll","background-type":"","background-media":"","overlay-type":"","overlay-color":"","overlay-opacity":"","overlay-gradient":""},"mobile":{"background-color":"","background-image":"","background-repeat":"repeat","background-position":"center center","background-size":"auto","background-attachment":"scroll","background-type":"","background-media":"","overlay-type":"","overlay-color":"","overlay-opacity":"","overlay-gradient":""}},"ast-content-background-meta":{"desktop":{"background-color":"var(--ast-global-color-5)","background-image":"","background-repeat":"repeat","background-position":"center center","background-size":"auto","background-attachment":"scroll","background-type":"","background-media":"","overlay-type":"","overlay-color":"","overlay-opacity":"","overlay-gradient":""},"tablet":{"background-color":"var(--ast-global-color-5)","background-image":"","background-repeat":"repeat","background-position":"center center","background-size":"auto","background-attachment":"scroll","background-type":"","background-media":"","overlay-type":"","overlay-color":"","overlay-opacity":"","overlay-gradient":""},"mobile":{"background-color":"var(--ast-global-color-5)","background-image":"","background-repeat":"repeat","background-position":"center center","background-size":"auto","background-attachment":"scroll","background-type":"","background-media":"","overlay-type":"","overlay-color":"","overlay-opacity":"","overlay-gradient":""}}},"product_brand":[],"product_cat":[2039],"product_tag":[],"class_list":{"0":"post-19534","1":"product","2":"type-product","3":"status-publish","4":"has-post-thumbnail","6":"product_cat-attraktioner","7":"product_shipping_class-spedition-hupfburg-sv","8":"pa_gtin-0669145336636-sv","9":"desktop-align-center","10":"tablet-align-center","11":"mobile-align-center","12":"ast-product-gallery-layout-horizontal","13":"ast-product-tabs-layout-horizontal","15":"first","16":"onbackorder","17":"taxable","18":"shipping-taxable","19":"purchasable","20":"product-type-simple"},"acf":[],"yoast_head":"<!-- This site is optimized with the Yoast SEO plugin v27.3 - https:\/\/yoast.com\/product\/yoast-seo-wordpress\/ -->\n<title>K\u00f6p uppbl\u00e5sbar alpstuga och tr\u00e4stuga | Dodo-Inflatables.com<\/title>\n<meta name=\"description\" content=\"K\u00f6p v\u00e5r uppbl\u00e5sbara tr\u00e4hydda som partyt\u00e4lt direkt online p\u00e5 Dodo-Inflatables.com | M\u00e5nga modeller i lager | Snabb leverans | B\u00e4sta kvalitet\" \/>\n<meta name=\"robots\" content=\"index, follow, max-snippet:-1, max-image-preview:large, max-video-preview:-1\" \/>\n<link rel=\"canonical\" href=\"https:\/\/dodo-inflatables.com\/sv\/produkt\/uppblasbar-alpstuga\/\" \/>\n<meta name=\"twitter:label1\" content=\"Ber\u00e4knad l\u00e4stid\" \/>\n\t<meta name=\"twitter:data1\" content=\"3 minuter\" \/>\n<script type=\"application\/ld+json\" class=\"yoast-schema-graph\">{\"@context\":\"https:\\\/\\\/schema.org\",\"@graph\":[{\"@type\":\"WebPage\",\"@id\":\"https:\\\/\\\/dodo-inflatables.com\\\/sv\\\/produkt\\\/uppblasbar-alpstuga\\\/\",\"url\":\"https:\\\/\\\/dodo-inflatables.com\\\/sv\\\/produkt\\\/uppblasbar-alpstuga\\\/\",\"name\":\"K\u00f6p uppbl\u00e5sbar alpstuga och tr\u00e4stuga | Dodo-Inflatables.com\",\"isPartOf\":{\"@id\":\"https:\\\/\\\/dodo-inflatables.com\\\/sv\\\/#website\"},\"primaryImageOfPage\":{\"@id\":\"https:\\\/\\\/dodo-inflatables.com\\\/sv\\\/produkt\\\/uppblasbar-alpstuga\\\/#primaryimage\"},\"image\":{\"@id\":\"https:\\\/\\\/dodo-inflatables.com\\\/sv\\\/produkt\\\/uppblasbar-alpstuga\\\/#primaryimage\"},\"thumbnailUrl\":\"https:\\\/\\\/dodo-inflatables.com\\\/wp-content\\\/uploads\\\/2021\\\/01\\\/Aufblasbare-Almhuette-Partyzelt-kaufen_0006_Ebene-3.jpg\",\"datePublished\":\"2021-01-18T11:17:14+00:00\",\"dateModified\":\"2024-07-17T13:23:58+00:00\",\"description\":\"K\u00f6p v\u00e5r uppbl\u00e5sbara tr\u00e4hydda som partyt\u00e4lt direkt online p\u00e5 Dodo-Inflatables.com | M\u00e5nga modeller i lager | Snabb leverans | B\u00e4sta kvalitet\",\"breadcrumb\":{\"@id\":\"https:\\\/\\\/dodo-inflatables.com\\\/sv\\\/produkt\\\/uppblasbar-alpstuga\\\/#breadcrumb\"},\"inLanguage\":\"sv-SE\",\"potentialAction\":[{\"@type\":\"ReadAction\",\"target\":[\"https:\\\/\\\/dodo-inflatables.com\\\/sv\\\/produkt\\\/uppblasbar-alpstuga\\\/\"]}]},{\"@type\":\"ImageObject\",\"inLanguage\":\"sv-SE\",\"@id\":\"https:\\\/\\\/dodo-inflatables.com\\\/sv\\\/produkt\\\/uppblasbar-alpstuga\\\/#primaryimage\",\"url\":\"https:\\\/\\\/dodo-inflatables.com\\\/wp-content\\\/uploads\\\/2021\\\/01\\\/Aufblasbare-Almhuette-Partyzelt-kaufen_0006_Ebene-3.jpg\",\"contentUrl\":\"https:\\\/\\\/dodo-inflatables.com\\\/wp-content\\\/uploads\\\/2021\\\/01\\\/Aufblasbare-Almhuette-Partyzelt-kaufen_0006_Ebene-3.jpg\",\"width\":500,\"height\":500},{\"@type\":\"BreadcrumbList\",\"@id\":\"https:\\\/\\\/dodo-inflatables.com\\\/sv\\\/produkt\\\/uppblasbar-alpstuga\\\/#breadcrumb\",\"itemListElement\":[{\"@type\":\"ListItem\",\"position\":1,\"name\":\"Hem\",\"item\":\"https:\\\/\\\/dodo-inflatables.com\\\/sv\\\/\"},{\"@type\":\"ListItem\",\"position\":2,\"name\":\"Butik\",\"item\":\"https:\\\/\\\/dodo-inflatables.com\\\/sv\\\/?page_id=16794\"},{\"@type\":\"ListItem\",\"position\":3,\"name\":\"Uppbl\u00e5sbar alpstuga\"}]},{\"@type\":\"WebSite\",\"@id\":\"https:\\\/\\\/dodo-inflatables.com\\\/sv\\\/#website\",\"url\":\"https:\\\/\\\/dodo-inflatables.com\\\/sv\\\/\",\"name\":\"dodo-inflatables.com\",\"description\":\"K\u00f6p hoppborgar och attraktioner i v\u00e5r butik.\",\"publisher\":{\"@id\":\"https:\\\/\\\/dodo-inflatables.com\\\/sv\\\/#organization\"},\"potentialAction\":[{\"@type\":\"SearchAction\",\"target\":{\"@type\":\"EntryPoint\",\"urlTemplate\":\"https:\\\/\\\/dodo-inflatables.com\\\/sv\\\/?s={search_term_string}\"},\"query-input\":{\"@type\":\"PropertyValueSpecification\",\"valueRequired\":true,\"valueName\":\"search_term_string\"}}],\"inLanguage\":\"sv-SE\"},{\"@type\":\"Organization\",\"@id\":\"https:\\\/\\\/dodo-inflatables.com\\\/sv\\\/#organization\",\"name\":\"dodo-inflatables.com\",\"url\":\"https:\\\/\\\/dodo-inflatables.com\\\/sv\\\/\",\"logo\":{\"@type\":\"ImageObject\",\"inLanguage\":\"sv-SE\",\"@id\":\"https:\\\/\\\/dodo-inflatables.com\\\/sv\\\/#\\\/schema\\\/logo\\\/image\\\/\",\"url\":\"https:\\\/\\\/dodo-inflatables.com\\\/wp-content\\\/uploads\\\/2023\\\/04\\\/cropped-cropped-cropped-Dodo-Logo.png\",\"contentUrl\":\"https:\\\/\\\/dodo-inflatables.com\\\/wp-content\\\/uploads\\\/2023\\\/04\\\/cropped-cropped-cropped-Dodo-Logo.png\",\"width\":2996,\"height\":1545,\"caption\":\"dodo-inflatables.com\"},\"image\":{\"@id\":\"https:\\\/\\\/dodo-inflatables.com\\\/sv\\\/#\\\/schema\\\/logo\\\/image\\\/\"}}]}<\/script>\n<!-- \/ Yoast SEO plugin. -->","yoast_head_json":{"title":"K\u00f6p uppbl\u00e5sbar alpstuga och tr\u00e4stuga | Dodo-Inflatables.com","description":"K\u00f6p v\u00e5r uppbl\u00e5sbara tr\u00e4hydda som partyt\u00e4lt direkt online p\u00e5 Dodo-Inflatables.com | M\u00e5nga modeller i lager | Snabb leverans | B\u00e4sta kvalitet","robots":{"index":"index","follow":"follow","max-snippet":"max-snippet:-1","max-image-preview":"max-image-preview:large","max-video-preview":"max-video-preview:-1"},"canonical":"https:\/\/dodo-inflatables.com\/sv\/produkt\/uppblasbar-alpstuga\/","twitter_misc":{"Ber\u00e4knad l\u00e4stid":"3 minuter"},"schema":{"@context":"https:\/\/schema.org","@graph":[{"@type":"WebPage","@id":"https:\/\/dodo-inflatables.com\/sv\/produkt\/uppblasbar-alpstuga\/","url":"https:\/\/dodo-inflatables.com\/sv\/produkt\/uppblasbar-alpstuga\/","name":"K\u00f6p uppbl\u00e5sbar alpstuga och tr\u00e4stuga | Dodo-Inflatables.com","isPartOf":{"@id":"https:\/\/dodo-inflatables.com\/sv\/#website"},"primaryImageOfPage":{"@id":"https:\/\/dodo-inflatables.com\/sv\/produkt\/uppblasbar-alpstuga\/#primaryimage"},"image":{"@id":"https:\/\/dodo-inflatables.com\/sv\/produkt\/uppblasbar-alpstuga\/#primaryimage"},"thumbnailUrl":"https:\/\/dodo-inflatables.com\/wp-content\/uploads\/2021\/01\/Aufblasbare-Almhuette-Partyzelt-kaufen_0006_Ebene-3.jpg","datePublished":"2021-01-18T11:17:14+00:00","dateModified":"2024-07-17T13:23:58+00:00","description":"K\u00f6p v\u00e5r uppbl\u00e5sbara tr\u00e4hydda som partyt\u00e4lt direkt online p\u00e5 Dodo-Inflatables.com | M\u00e5nga modeller i lager | Snabb leverans | B\u00e4sta kvalitet","breadcrumb":{"@id":"https:\/\/dodo-inflatables.com\/sv\/produkt\/uppblasbar-alpstuga\/#breadcrumb"},"inLanguage":"sv-SE","potentialAction":[{"@type":"ReadAction","target":["https:\/\/dodo-inflatables.com\/sv\/produkt\/uppblasbar-alpstuga\/"]}]},{"@type":"ImageObject","inLanguage":"sv-SE","@id":"https:\/\/dodo-inflatables.com\/sv\/produkt\/uppblasbar-alpstuga\/#primaryimage","url":"https:\/\/dodo-inflatables.com\/wp-content\/uploads\/2021\/01\/Aufblasbare-Almhuette-Partyzelt-kaufen_0006_Ebene-3.jpg","contentUrl":"https:\/\/dodo-inflatables.com\/wp-content\/uploads\/2021\/01\/Aufblasbare-Almhuette-Partyzelt-kaufen_0006_Ebene-3.jpg","width":500,"height":500},{"@type":"BreadcrumbList","@id":"https:\/\/dodo-inflatables.com\/sv\/produkt\/uppblasbar-alpstuga\/#breadcrumb","itemListElement":[{"@type":"ListItem","position":1,"name":"Hem","item":"https:\/\/dodo-inflatables.com\/sv\/"},{"@type":"ListItem","position":2,"name":"Butik","item":"https:\/\/dodo-inflatables.com\/sv\/?page_id=16794"},{"@type":"ListItem","position":3,"name":"Uppbl\u00e5sbar alpstuga"}]},{"@type":"WebSite","@id":"https:\/\/dodo-inflatables.com\/sv\/#website","url":"https:\/\/dodo-inflatables.com\/sv\/","name":"dodo-inflatables.com","description":"K\u00f6p hoppborgar och attraktioner i v\u00e5r butik.","publisher":{"@id":"https:\/\/dodo-inflatables.com\/sv\/#organization"},"potentialAction":[{"@type":"SearchAction","target":{"@type":"EntryPoint","urlTemplate":"https:\/\/dodo-inflatables.com\/sv\/?s={search_term_string}"},"query-input":{"@type":"PropertyValueSpecification","valueRequired":true,"valueName":"search_term_string"}}],"inLanguage":"sv-SE"},{"@type":"Organization","@id":"https:\/\/dodo-inflatables.com\/sv\/#organization","name":"dodo-inflatables.com","url":"https:\/\/dodo-inflatables.com\/sv\/","logo":{"@type":"ImageObject","inLanguage":"sv-SE","@id":"https:\/\/dodo-inflatables.com\/sv\/#\/schema\/logo\/image\/","url":"https:\/\/dodo-inflatables.com\/wp-content\/uploads\/2023\/04\/cropped-cropped-cropped-Dodo-Logo.png","contentUrl":"https:\/\/dodo-inflatables.com\/wp-content\/uploads\/2023\/04\/cropped-cropped-cropped-Dodo-Logo.png","width":2996,"height":1545,"caption":"dodo-inflatables.com"},"image":{"@id":"https:\/\/dodo-inflatables.com\/sv\/#\/schema\/logo\/image\/"}}]}},"uagb_featured_image_src":{"full":["https:\/\/dodo-inflatables.com\/wp-content\/uploads\/2021\/01\/Aufblasbare-Almhuette-Partyzelt-kaufen_0006_Ebene-3.jpg",500,500,false],"thumbnail":["https:\/\/dodo-inflatables.com\/wp-content\/uploads\/2021\/01\/Aufblasbare-Almhuette-Partyzelt-kaufen_0006_Ebene-3-150x150.jpg",150,150,true],"medium":["https:\/\/dodo-inflatables.com\/wp-content\/uploads\/2021\/01\/Aufblasbare-Almhuette-Partyzelt-kaufen_0006_Ebene-3-300x300.jpg",300,300,true],"medium_large":["https:\/\/dodo-inflatables.com\/wp-content\/uploads\/2021\/01\/Aufblasbare-Almhuette-Partyzelt-kaufen_0006_Ebene-3.jpg",500,500,false],"large":["https:\/\/dodo-inflatables.com\/wp-content\/uploads\/2021\/01\/Aufblasbare-Almhuette-Partyzelt-kaufen_0006_Ebene-3.jpg",500,500,false],"1536x1536":["https:\/\/dodo-inflatables.com\/wp-content\/uploads\/2021\/01\/Aufblasbare-Almhuette-Partyzelt-kaufen_0006_Ebene-3.jpg",500,500,false],"2048x2048":["https:\/\/dodo-inflatables.com\/wp-content\/uploads\/2021\/01\/Aufblasbare-Almhuette-Partyzelt-kaufen_0006_Ebene-3.jpg",500,500,false],"woocommerce_thumbnail":["https:\/\/dodo-inflatables.com\/wp-content\/uploads\/2021\/01\/Aufblasbare-Almhuette-Partyzelt-kaufen_0006_Ebene-3.jpg",500,500,false],"woocommerce_single":["https:\/\/dodo-inflatables.com\/wp-content\/uploads\/2021\/01\/Aufblasbare-Almhuette-Partyzelt-kaufen_0006_Ebene-3.jpg",500,500,false],"woocommerce_gallery_thumbnail":["https:\/\/dodo-inflatables.com\/wp-content\/uploads\/2021\/01\/Aufblasbare-Almhuette-Partyzelt-kaufen_0006_Ebene-3-100x100.jpg",100,100,true]},"uagb_author_info":{"display_name":"Andreas","author_link":"https:\/\/dodo-inflatables.com\/sv\/author\/"},"uagb_comment_info":0,"uagb_excerpt":"M\u00e5tt (L x B x H): 6,00 m x 4,00 m x 6,20 m * Professionell modul - l\u00e4mplig f\u00f6r kommersiellt och privat bruk PVC (0,55 mm \/ 621,3 g\/kvm) 2 - 4-faldigt stygn (beroende p\u00e5 last) Flamskyddande","_links":{"self":[{"href":"https:\/\/dodo-inflatables.com\/sv\/wp-json\/wp\/v2\/product\/19534","targetHints":{"allow":["GET"]}}],"collection":[{"href":"https:\/\/dodo-inflatables.com\/sv\/wp-json\/wp\/v2\/product"}],"about":[{"href":"https:\/\/dodo-inflatables.com\/sv\/wp-json\/wp\/v2\/types\/product"}],"replies":[{"embeddable":true,"href":"https:\/\/dodo-inflatables.com\/sv\/wp-json\/wp\/v2\/comments?post=19534"}],"wp:featuredmedia":[{"embeddable":true,"href":"https:\/\/dodo-inflatables.com\/sv\/wp-json\/wp\/v2\/media\/19539"}],"wp:attachment":[{"href":"https:\/\/dodo-inflatables.com\/sv\/wp-json\/wp\/v2\/media?parent=19534"}],"wp:term":[{"taxonomy":"product_brand","embeddable":true,"href":"https:\/\/dodo-inflatables.com\/sv\/wp-json\/wp\/v2\/product_brand?post=19534"},{"taxonomy":"product_cat","embeddable":true,"href":"https:\/\/dodo-inflatables.com\/sv\/wp-json\/wp\/v2\/product_cat?post=19534"},{"taxonomy":"product_tag","embeddable":true,"href":"https:\/\/dodo-inflatables.com\/sv\/wp-json\/wp\/v2\/product_tag?post=19534"}],"curies":[{"name":"wp","href":"https:\/\/api.w.org\/{rel}","templated":true}]}}