{"id":19665,"date":"2020-12-29T14:47:59","date_gmt":"2020-12-29T13:47:59","guid":{"rendered":"https:\/\/dodo-inflatables.com\/product\/huawei-deflator-tillbehor\/"},"modified":"2026-04-25T18:41:55","modified_gmt":"2026-04-25T16:41:55","slug":"huawei-deflator-tillbehor","status":"publish","type":"product","link":"https:\/\/dodo-inflatables.com\/sv\/produkt\/huawei-deflator-tillbehor\/","title":{"rendered":"Deflator tillbeh\u00f6r till Huawei fl\u00e4ktar"},"content":{"rendered":"<h2>K\u00f6p deflator tillbeh\u00f6r till Huawei fl\u00e4ktar till hoppborg<\/h2>\n<p>Deflator tillbeh\u00f6ret till Huawei fl\u00e4ktar till hoppborg \u00e4r det ideala till\u00e4gget f\u00f6r uthyrningsf\u00f6retag och operat\u00f6rer med flera hoppborgar i sitt lager. Deflatorn extraherar aktivt luft fr\u00e5n hoppborgen, vilket g\u00f6r packning mycket enklare och snabbare.<br \/>\n<strong>Snabbare packning:<\/strong><br \/>\nDeflatorn hj\u00e4lper till att ta bort luften fr\u00e5n hoppborgen, vilket l\u00e4mnar mindre restluft inuti. Detta g\u00f6r det l\u00e4ttare att vika det uppbl\u00e5sbara till en mer kompakt storlek och f\u00f6rbereda det snabbare f\u00f6r transport.<br \/>\n<strong>Praktiskt st\u00f6d f\u00f6r uthyrningsf\u00f6retag:<\/strong><br \/>\n\u00c4ven n\u00e4r deflatorn anv\u00e4nds \u00e4r packning inte helt automatisk och vikning av hoppborgen m\u00e5ste fortfarande g\u00f6ras f\u00f6r hand. Speciellt vid hantering av flera uppbl\u00e5sbara konstruktioner sparar deflatorn dock m\u00e4rkbart tid och anstr\u00e4ngning.<br \/>\n<strong>Tv\u00e5 versioner tillg\u00e4ngliga:<\/strong><br \/>\nDeflator tillbeh\u00f6ret finns i b\u00e5de en kort och en l\u00e5ng version. Vilken version som \u00e4r det b\u00e4ttre valet beror p\u00e5 personliga preferenser och den enskilda anv\u00e4ndarens hanteringsbehov.<br \/>\n<strong>Enkel att anv\u00e4nda:<\/strong><br \/>\nHelst b\u00f6r deflatorn s\u00e4ttas in i sido\u00f6ppningen p\u00e5 hoppborgen. Alla andra luftutg\u00e5ngar b\u00f6r f\u00f6rbli st\u00e4ngda under anv\u00e4ndning f\u00f6r att minimera intaget av uteluft och f\u00f6rb\u00e4ttra effektiviteten.<\/p>\n","protected":false},"excerpt":{"rendered":"<ul>\n<li>L\u00e4mplig f\u00f6r Huawei fl\u00e4kt REH-1.5E &#8211; 1.5 HP och Huawei fl\u00e4kt REH-2E &#8211; 2 HP<\/li>\n<li>L\u00e4mplig f\u00f6r alla hoppborgar och eventmoduler i sortimentet<\/li>\n<li>Enkel att anv\u00e4nda \u2013 idealisk f\u00f6r att extrahera luft<\/li>\n<\/ul>\n","protected":false},"featured_media":19667,"comment_status":"open","ping_status":"closed","template":"","meta":{"_acf_changed":false,"_uag_custom_page_level_css":"","site-sidebar-layout":"default","site-content-layout":"boxed-container","ast-site-content-layout":"normal-width-container","site-content-style":"boxed","site-sidebar-style":"boxed","ast-global-header-display":"","ast-banner-title-visibility":"","ast-main-header-display":"","ast-hfb-above-header-display":"","ast-hfb-below-header-display":"","ast-hfb-mobile-header-display":"","site-post-title":"disabled","ast-breadcrumbs-content":"","ast-featured-img":"","footer-sml-layout":"","ast-disable-related-posts":"","theme-transparent-header-meta":"default","adv-header-id-meta":"","stick-header-meta":"default","header-above-stick-meta":"","header-main-stick-meta":"","header-below-stick-meta":"","astra-migrate-meta-layouts":"default","ast-page-background-enabled":"default","ast-page-background-meta":{"desktop":{"background-color":"var(--ast-global-color-4)","background-image":"","background-repeat":"repeat","background-position":"center center","background-size":"auto","background-attachment":"scroll","background-type":"","background-media":"","overlay-type":"","overlay-color":"","overlay-opacity":"","overlay-gradient":""},"tablet":{"background-color":"","background-image":"","background-repeat":"repeat","background-position":"center center","background-size":"auto","background-attachment":"scroll","background-type":"","background-media":"","overlay-type":"","overlay-color":"","overlay-opacity":"","overlay-gradient":""},"mobile":{"background-color":"","background-image":"","background-repeat":"repeat","background-position":"center center","background-size":"auto","background-attachment":"scroll","background-type":"","background-media":"","overlay-type":"","overlay-color":"","overlay-opacity":"","overlay-gradient":""}},"ast-content-background-meta":{"desktop":{"background-color":"var(--ast-global-color-5)","background-image":"","background-repeat":"repeat","background-position":"center center","background-size":"auto","background-attachment":"scroll","background-type":"","background-media":"","overlay-type":"","overlay-color":"","overlay-opacity":"","overlay-gradient":""},"tablet":{"background-color":"var(--ast-global-color-5)","background-image":"","background-repeat":"repeat","background-position":"center center","background-size":"auto","background-attachment":"scroll","background-type":"","background-media":"","overlay-type":"","overlay-color":"","overlay-opacity":"","overlay-gradient":""},"mobile":{"background-color":"var(--ast-global-color-5)","background-image":"","background-repeat":"repeat","background-position":"center center","background-size":"auto","background-attachment":"scroll","background-type":"","background-media":"","overlay-type":"","overlay-color":"","overlay-opacity":"","overlay-gradient":""}}},"product_brand":[],"product_cat":[2060],"product_tag":[],"class_list":{"0":"post-19665","1":"product","2":"type-product","3":"status-publish","4":"has-post-thumbnail","6":"product_cat-tillbehor","7":"product_shipping_class-tillbehor","8":"pa_gtin-0669145333994-sv","9":"desktop-align-center","10":"tablet-align-center","11":"mobile-align-center","12":"ast-product-gallery-layout-horizontal","13":"ast-product-tabs-layout-horizontal","15":"first","16":"instock","17":"taxable","18":"shipping-taxable","19":"purchasable","20":"product-type-simple"},"acf":[],"yoast_head":"<!-- This site is optimized with the Yoast SEO plugin v27.5 - https:\/\/yoast.com\/product\/yoast-seo-wordpress\/ -->\n<title>K\u00f6p Deflator f\u00f6r Huawei Blowers | Dodo-Inflatables.com<\/title>\n<meta name=\"description\" content=\"K\u00f6p Deflator f\u00f6r Huawei Uppbl\u00e5sbara Bl\u00e5sare REH-1.5E - 1.5HP p\u00e5 Dodo-Inflatables.com | Rimliga priser | Finns alltid i lager | Snabb leverans!\" \/>\n<meta name=\"robots\" content=\"index, follow, max-snippet:-1, max-image-preview:large, max-video-preview:-1\" \/>\n<link rel=\"canonical\" href=\"https:\/\/dodo-inflatables.com\/sv\/produkt\/huawei-deflator-tillbehor\/\" \/>\n<meta name=\"twitter:label1\" content=\"Ber\u00e4knad l\u00e4stid\" \/>\n\t<meta name=\"twitter:data1\" content=\"1 minut\" \/>\n<script type=\"application\/ld+json\" class=\"yoast-schema-graph\">{\"@context\":\"https:\\\/\\\/schema.org\",\"@graph\":[{\"@type\":\"WebPage\",\"@id\":\"https:\\\/\\\/dodo-inflatables.com\\\/sv\\\/produkt\\\/huawei-deflator-tillbehor\\\/\",\"url\":\"https:\\\/\\\/dodo-inflatables.com\\\/sv\\\/produkt\\\/huawei-deflator-tillbehor\\\/\",\"name\":\"K\u00f6p Deflator f\u00f6r Huawei Blowers | Dodo-Inflatables.com\",\"isPartOf\":{\"@id\":\"https:\\\/\\\/dodo-inflatables.com\\\/sv\\\/#website\"},\"primaryImageOfPage\":{\"@id\":\"https:\\\/\\\/dodo-inflatables.com\\\/sv\\\/produkt\\\/huawei-deflator-tillbehor\\\/#primaryimage\"},\"image\":{\"@id\":\"https:\\\/\\\/dodo-inflatables.com\\\/sv\\\/produkt\\\/huawei-deflator-tillbehor\\\/#primaryimage\"},\"thumbnailUrl\":\"https:\\\/\\\/dodo-inflatables.com\\\/wp-content\\\/uploads\\\/2020\\\/12\\\/Hupfburg-Geblase-Huawei-kaufen_0000_Short-Deflator-B.jpg\",\"datePublished\":\"2020-12-29T13:47:59+00:00\",\"dateModified\":\"2026-04-25T16:41:55+00:00\",\"description\":\"K\u00f6p Deflator f\u00f6r Huawei Uppbl\u00e5sbara Bl\u00e5sare REH-1.5E - 1.5HP p\u00e5 Dodo-Inflatables.com | Rimliga priser | Finns alltid i lager | Snabb leverans!\",\"breadcrumb\":{\"@id\":\"https:\\\/\\\/dodo-inflatables.com\\\/sv\\\/produkt\\\/huawei-deflator-tillbehor\\\/#breadcrumb\"},\"inLanguage\":\"sv-SE\",\"potentialAction\":[{\"@type\":\"ReadAction\",\"target\":[\"https:\\\/\\\/dodo-inflatables.com\\\/sv\\\/produkt\\\/huawei-deflator-tillbehor\\\/\"]}]},{\"@type\":\"ImageObject\",\"inLanguage\":\"sv-SE\",\"@id\":\"https:\\\/\\\/dodo-inflatables.com\\\/sv\\\/produkt\\\/huawei-deflator-tillbehor\\\/#primaryimage\",\"url\":\"https:\\\/\\\/dodo-inflatables.com\\\/wp-content\\\/uploads\\\/2020\\\/12\\\/Hupfburg-Geblase-Huawei-kaufen_0000_Short-Deflator-B.jpg\",\"contentUrl\":\"https:\\\/\\\/dodo-inflatables.com\\\/wp-content\\\/uploads\\\/2020\\\/12\\\/Hupfburg-Geblase-Huawei-kaufen_0000_Short-Deflator-B.jpg\",\"width\":500,\"height\":500,\"caption\":\"Deflator tillbeh\u00f6r till Huawei fl\u00e4ktar | Dodo Inflatables\"},{\"@type\":\"BreadcrumbList\",\"@id\":\"https:\\\/\\\/dodo-inflatables.com\\\/sv\\\/produkt\\\/huawei-deflator-tillbehor\\\/#breadcrumb\",\"itemListElement\":[{\"@type\":\"ListItem\",\"position\":1,\"name\":\"Hem\",\"item\":\"https:\\\/\\\/dodo-inflatables.com\\\/sv\\\/\"},{\"@type\":\"ListItem\",\"position\":2,\"name\":\"Butik\",\"item\":\"https:\\\/\\\/dodo-inflatables.com\\\/sv\\\/butik\\\/\"},{\"@type\":\"ListItem\",\"position\":3,\"name\":\"Huawei Deflator-tillbeh\u00f6r\"}]},{\"@type\":\"WebSite\",\"@id\":\"https:\\\/\\\/dodo-inflatables.com\\\/sv\\\/#website\",\"url\":\"https:\\\/\\\/dodo-inflatables.com\\\/sv\\\/\",\"name\":\"dodo-inflatables.com\",\"description\":\"K\u00f6p hoppborgar och attraktioner i v\u00e5r butik.\",\"potentialAction\":[{\"@type\":\"SearchAction\",\"target\":{\"@type\":\"EntryPoint\",\"urlTemplate\":\"https:\\\/\\\/dodo-inflatables.com\\\/sv\\\/?s={search_term_string}\"},\"query-input\":{\"@type\":\"PropertyValueSpecification\",\"valueRequired\":true,\"valueName\":\"search_term_string\"}}],\"inLanguage\":\"sv-SE\"}]}<\/script>\n<!-- \/ Yoast SEO plugin. -->","yoast_head_json":{"title":"K\u00f6p Deflator f\u00f6r Huawei Blowers | Dodo-Inflatables.com","description":"K\u00f6p Deflator f\u00f6r Huawei Uppbl\u00e5sbara Bl\u00e5sare REH-1.5E - 1.5HP p\u00e5 Dodo-Inflatables.com | Rimliga priser | Finns alltid i lager | Snabb leverans!","robots":{"index":"index","follow":"follow","max-snippet":"max-snippet:-1","max-image-preview":"max-image-preview:large","max-video-preview":"max-video-preview:-1"},"canonical":"https:\/\/dodo-inflatables.com\/sv\/produkt\/huawei-deflator-tillbehor\/","twitter_misc":{"Ber\u00e4knad l\u00e4stid":"1 minut"},"schema":{"@context":"https:\/\/schema.org","@graph":[{"@type":"WebPage","@id":"https:\/\/dodo-inflatables.com\/sv\/produkt\/huawei-deflator-tillbehor\/","url":"https:\/\/dodo-inflatables.com\/sv\/produkt\/huawei-deflator-tillbehor\/","name":"K\u00f6p Deflator f\u00f6r Huawei Blowers | Dodo-Inflatables.com","isPartOf":{"@id":"https:\/\/dodo-inflatables.com\/sv\/#website"},"primaryImageOfPage":{"@id":"https:\/\/dodo-inflatables.com\/sv\/produkt\/huawei-deflator-tillbehor\/#primaryimage"},"image":{"@id":"https:\/\/dodo-inflatables.com\/sv\/produkt\/huawei-deflator-tillbehor\/#primaryimage"},"thumbnailUrl":"https:\/\/dodo-inflatables.com\/wp-content\/uploads\/2020\/12\/Hupfburg-Geblase-Huawei-kaufen_0000_Short-Deflator-B.jpg","datePublished":"2020-12-29T13:47:59+00:00","dateModified":"2026-04-25T16:41:55+00:00","description":"K\u00f6p Deflator f\u00f6r Huawei Uppbl\u00e5sbara Bl\u00e5sare REH-1.5E - 1.5HP p\u00e5 Dodo-Inflatables.com | Rimliga priser | Finns alltid i lager | Snabb leverans!","breadcrumb":{"@id":"https:\/\/dodo-inflatables.com\/sv\/produkt\/huawei-deflator-tillbehor\/#breadcrumb"},"inLanguage":"sv-SE","potentialAction":[{"@type":"ReadAction","target":["https:\/\/dodo-inflatables.com\/sv\/produkt\/huawei-deflator-tillbehor\/"]}]},{"@type":"ImageObject","inLanguage":"sv-SE","@id":"https:\/\/dodo-inflatables.com\/sv\/produkt\/huawei-deflator-tillbehor\/#primaryimage","url":"https:\/\/dodo-inflatables.com\/wp-content\/uploads\/2020\/12\/Hupfburg-Geblase-Huawei-kaufen_0000_Short-Deflator-B.jpg","contentUrl":"https:\/\/dodo-inflatables.com\/wp-content\/uploads\/2020\/12\/Hupfburg-Geblase-Huawei-kaufen_0000_Short-Deflator-B.jpg","width":500,"height":500,"caption":"Deflator tillbeh\u00f6r till Huawei fl\u00e4ktar | Dodo Inflatables"},{"@type":"BreadcrumbList","@id":"https:\/\/dodo-inflatables.com\/sv\/produkt\/huawei-deflator-tillbehor\/#breadcrumb","itemListElement":[{"@type":"ListItem","position":1,"name":"Hem","item":"https:\/\/dodo-inflatables.com\/sv\/"},{"@type":"ListItem","position":2,"name":"Butik","item":"https:\/\/dodo-inflatables.com\/sv\/butik\/"},{"@type":"ListItem","position":3,"name":"Huawei Deflator-tillbeh\u00f6r"}]},{"@type":"WebSite","@id":"https:\/\/dodo-inflatables.com\/sv\/#website","url":"https:\/\/dodo-inflatables.com\/sv\/","name":"dodo-inflatables.com","description":"K\u00f6p hoppborgar och attraktioner i v\u00e5r butik.","potentialAction":[{"@type":"SearchAction","target":{"@type":"EntryPoint","urlTemplate":"https:\/\/dodo-inflatables.com\/sv\/?s={search_term_string}"},"query-input":{"@type":"PropertyValueSpecification","valueRequired":true,"valueName":"search_term_string"}}],"inLanguage":"sv-SE"}]}},"uagb_featured_image_src":{"full":["https:\/\/dodo-inflatables.com\/wp-content\/uploads\/2020\/12\/Hupfburg-Geblase-Huawei-kaufen_0000_Short-Deflator-B.jpg",500,500,false],"thumbnail":["https:\/\/dodo-inflatables.com\/wp-content\/uploads\/2020\/12\/Hupfburg-Geblase-Huawei-kaufen_0000_Short-Deflator-B-150x150.jpg",150,150,true],"medium":["https:\/\/dodo-inflatables.com\/wp-content\/uploads\/2020\/12\/Hupfburg-Geblase-Huawei-kaufen_0000_Short-Deflator-B-300x300.jpg",300,300,true],"medium_large":["https:\/\/dodo-inflatables.com\/wp-content\/uploads\/2020\/12\/Hupfburg-Geblase-Huawei-kaufen_0000_Short-Deflator-B.jpg",500,500,false],"large":["https:\/\/dodo-inflatables.com\/wp-content\/uploads\/2020\/12\/Hupfburg-Geblase-Huawei-kaufen_0000_Short-Deflator-B.jpg",500,500,false],"1536x1536":["https:\/\/dodo-inflatables.com\/wp-content\/uploads\/2020\/12\/Hupfburg-Geblase-Huawei-kaufen_0000_Short-Deflator-B.jpg",500,500,false],"2048x2048":["https:\/\/dodo-inflatables.com\/wp-content\/uploads\/2020\/12\/Hupfburg-Geblase-Huawei-kaufen_0000_Short-Deflator-B.jpg",500,500,false],"woocommerce_thumbnail":["https:\/\/dodo-inflatables.com\/wp-content\/uploads\/2020\/12\/Hupfburg-Geblase-Huawei-kaufen_0000_Short-Deflator-B.jpg",500,500,false],"woocommerce_single":["https:\/\/dodo-inflatables.com\/wp-content\/uploads\/2020\/12\/Hupfburg-Geblase-Huawei-kaufen_0000_Short-Deflator-B.jpg",500,500,false],"woocommerce_gallery_thumbnail":["https:\/\/dodo-inflatables.com\/wp-content\/uploads\/2020\/12\/Hupfburg-Geblase-Huawei-kaufen_0000_Short-Deflator-B-100x100.jpg",100,100,true]},"uagb_author_info":{"display_name":"Andreas","author_link":"https:\/\/dodo-inflatables.com\/sv\/author\/"},"uagb_comment_info":0,"uagb_excerpt":"L\u00e4mplig f\u00f6r Huawei fl\u00e4kt REH-1.5E - 1.5 HP och Huawei fl\u00e4kt REH-2E - 2 HP L\u00e4mplig f\u00f6r alla hoppborgar och eventmoduler i sortimentet Enkel att anv\u00e4nda \u2013 idealisk f\u00f6r att extrahera luft","_links":{"self":[{"href":"https:\/\/dodo-inflatables.com\/sv\/wp-json\/wp\/v2\/product\/19665","targetHints":{"allow":["GET"]}}],"collection":[{"href":"https:\/\/dodo-inflatables.com\/sv\/wp-json\/wp\/v2\/product"}],"about":[{"href":"https:\/\/dodo-inflatables.com\/sv\/wp-json\/wp\/v2\/types\/product"}],"replies":[{"embeddable":true,"href":"https:\/\/dodo-inflatables.com\/sv\/wp-json\/wp\/v2\/comments?post=19665"}],"wp:featuredmedia":[{"embeddable":true,"href":"https:\/\/dodo-inflatables.com\/sv\/wp-json\/wp\/v2\/media\/19667"}],"wp:attachment":[{"href":"https:\/\/dodo-inflatables.com\/sv\/wp-json\/wp\/v2\/media?parent=19665"}],"wp:term":[{"taxonomy":"product_brand","embeddable":true,"href":"https:\/\/dodo-inflatables.com\/sv\/wp-json\/wp\/v2\/product_brand?post=19665"},{"taxonomy":"product_cat","embeddable":true,"href":"https:\/\/dodo-inflatables.com\/sv\/wp-json\/wp\/v2\/product_cat?post=19665"},{"taxonomy":"product_tag","embeddable":true,"href":"https:\/\/dodo-inflatables.com\/sv\/wp-json\/wp\/v2\/product_tag?post=19665"}],"curies":[{"name":"wp","href":"https:\/\/api.w.org\/{rel}","templated":true}]}}