{"id":20667,"date":"2024-07-10T13:09:06","date_gmt":"2024-07-10T11:09:06","guid":{"rendered":"https:\/\/dodo-inflatables.com\/product\/transportvaska-for-hoppborg-s\/"},"modified":"2024-07-17T15:30:16","modified_gmt":"2024-07-17T13:30:16","slug":"transportvaska-for-hoppborg-s","status":"publish","type":"product","link":"https:\/\/dodo-inflatables.com\/sv\/produkt\/transportvaska-for-hoppborg-s\/","title":{"rendered":"Transportv\u00e4ska f\u00f6r hoppborg S"},"content":{"rendered":"<h2>K\u00f6p transportv\u00e4skor f\u00f6r hoppborgar<\/h2>\n<p>V\u00e5ra transportv\u00e4skor f\u00f6r hoppborgar \u00e4r den perfekta l\u00f6sningen f\u00f6r uthyrningsf\u00f6retag eller kunder som har flera hoppborgar i lager.<\/p>\n<p><strong>Praktiska<\/strong> handtag: Handtagen g\u00f6r det enkelt att hantera v\u00e4skorna och g\u00f6r det l\u00e4ttare att flytta de uppbl\u00e5sbara f\u00f6rem\u00e5len. Observera att handtagen inte alltid kan b\u00e4ra hela vikten, beroende p\u00e5 uppbl\u00e5sbarheten, och att de d\u00e4rf\u00f6r b\u00f6r anv\u00e4ndas f\u00f6rsiktigt f\u00f6r att undvika att de slits av.<\/p>\n<p><strong>Alternativ f\u00f6r s\u00e4ker fasts\u00e4ttning<\/strong>: Transportv\u00e4skorna kan f\u00e4stas s\u00e4kert upptill med \u00f6glor s\u00e5 att ditt uppbl\u00e5sbara f\u00f6rem\u00e5l f\u00f6rblir skyddat och v\u00e4lpackat under transporten. Detta f\u00f6rhindrar oavsiktlig \u00f6ppning och s\u00e4kerst\u00e4ller att uppbl\u00e5sbarheten f\u00f6rblir ren och st\u00e4dad.<\/p>\n<p><strong>Skydd mot transport<\/strong>skador: V\u00e5ra transportv\u00e4skor \u00e4r speciellt utformade f\u00f6r att skydda dina uppbl\u00e5sbara f\u00f6rem\u00e5l fr\u00e5n transportskador. Det slitstarka materialet skyddar gummib\u00e5tarna fr\u00e5n smuts, damm och mekanisk p\u00e5verkan s\u00e5 att de alltid kommer fram till sin destination i perfekt skick.<\/p>\n<p>V\u00e5ra uppbl\u00e5sbara transportv\u00e4skor ger dig den perfekta kombinationen av funktionalitet och komfort. De g\u00f6r det mycket enklare att transportera dina uppbl\u00e5sbara konstruktioner och s\u00e4kerst\u00e4ller att dina uppbl\u00e5sbara konstruktioner alltid f\u00f6rblir i toppskick.<\/p>\n<h3>Detaljer om transportv\u00e4skans storlek S<\/h3>\n<ul>\n<li>Material: PVC PVC (0,55 mm \/ 621,3 g\/kvm)<\/li>\n<li>Diameter 90 cm<\/li>\n<li>H\u00f6jd 120 cm<\/li>\n<li>Blandade f\u00e4rger<\/li>\n<\/ul>\n<p><strong>Varje uppbl\u00e5sbar enhet levereras i en transportv\u00e4ska, ingen extra v\u00e4ska beh\u00f6ver best\u00e4llas.<\/strong><\/p>\n","protected":false},"excerpt":{"rendered":"<ul>\n<li style=\"list-style-type: none;\">\n<ul>\n<li>Transportv\u00e4ska i storlek S (diameter 90 cm, h\u00f6jd 120 cm)<\/li>\n<li>Material: PVC PVC (0,55 mm \/ 621,3 g\/kvm)<\/li>\n<li>Blandade f\u00e4rger<\/li>\n<\/ul>\n<\/li>\n<\/ul>\n","protected":false},"featured_media":55162,"comment_status":"open","ping_status":"closed","template":"","meta":{"_acf_changed":false,"_uag_custom_page_level_css":"","site-sidebar-layout":"default","site-content-layout":"boxed-container","ast-site-content-layout":"normal-width-container","site-content-style":"boxed","site-sidebar-style":"boxed","ast-global-header-display":"","ast-banner-title-visibility":"","ast-main-header-display":"","ast-hfb-above-header-display":"","ast-hfb-below-header-display":"","ast-hfb-mobile-header-display":"","site-post-title":"disabled","ast-breadcrumbs-content":"","ast-featured-img":"","footer-sml-layout":"","ast-disable-related-posts":"","theme-transparent-header-meta":"default","adv-header-id-meta":"","stick-header-meta":"default","header-above-stick-meta":"","header-main-stick-meta":"","header-below-stick-meta":"","astra-migrate-meta-layouts":"default","ast-page-background-enabled":"default","ast-page-background-meta":{"desktop":{"background-color":"var(--ast-global-color-4)","background-image":"","background-repeat":"repeat","background-position":"center center","background-size":"auto","background-attachment":"scroll","background-type":"","background-media":"","overlay-type":"","overlay-color":"","overlay-opacity":"","overlay-gradient":""},"tablet":{"background-color":"","background-image":"","background-repeat":"repeat","background-position":"center center","background-size":"auto","background-attachment":"scroll","background-type":"","background-media":"","overlay-type":"","overlay-color":"","overlay-opacity":"","overlay-gradient":""},"mobile":{"background-color":"","background-image":"","background-repeat":"repeat","background-position":"center center","background-size":"auto","background-attachment":"scroll","background-type":"","background-media":"","overlay-type":"","overlay-color":"","overlay-opacity":"","overlay-gradient":""}},"ast-content-background-meta":{"desktop":{"background-color":"var(--ast-global-color-5)","background-image":"","background-repeat":"repeat","background-position":"center center","background-size":"auto","background-attachment":"scroll","background-type":"","background-media":"","overlay-type":"","overlay-color":"","overlay-opacity":"","overlay-gradient":""},"tablet":{"background-color":"var(--ast-global-color-5)","background-image":"","background-repeat":"repeat","background-position":"center center","background-size":"auto","background-attachment":"scroll","background-type":"","background-media":"","overlay-type":"","overlay-color":"","overlay-opacity":"","overlay-gradient":""},"mobile":{"background-color":"var(--ast-global-color-5)","background-image":"","background-repeat":"repeat","background-position":"center center","background-size":"auto","background-attachment":"scroll","background-type":"","background-media":"","overlay-type":"","overlay-color":"","overlay-opacity":"","overlay-gradient":""}}},"product_brand":[],"product_cat":[2060],"product_tag":[],"class_list":{"0":"post-20667","1":"product","2":"type-product","3":"status-publish","4":"has-post-thumbnail","6":"product_cat-tillbehor","7":"product_shipping_class-tillbehor","8":"pa_gtin-0654170861765-sv","9":"desktop-align-center","10":"tablet-align-center","11":"mobile-align-center","12":"ast-product-gallery-layout-horizontal","13":"ast-product-gallery-with-no-image","14":"ast-product-tabs-layout-horizontal","16":"first","17":"onbackorder","18":"taxable","19":"shipping-taxable","20":"purchasable","21":"product-type-simple"},"acf":[],"yoast_head":"<!-- This site is optimized with the Yoast SEO plugin v27.3 - https:\/\/yoast.com\/product\/yoast-seo-wordpress\/ -->\n<title>K\u00f6p uppbl\u00e5sbara transportv\u00e4skor | Dodo-Inflatables.com<\/title>\n<meta name=\"description\" content=\"K\u00f6p transportv\u00e4skor f\u00f6r uppbl\u00e5sbara f\u00f6rem\u00e5l och hoppborgar p\u00e5 Dodo-Inflatables.com | Certifierad enligt EN14960 | Snabb leverans!\" \/>\n<meta name=\"robots\" content=\"index, follow, max-snippet:-1, max-image-preview:large, max-video-preview:-1\" \/>\n<link rel=\"canonical\" href=\"https:\/\/dodo-inflatables.com\/sv\/produkt\/transportvaska-for-hoppborg-s\/\" \/>\n<meta name=\"twitter:label1\" content=\"Ber\u00e4knad l\u00e4stid\" \/>\n\t<meta name=\"twitter:data1\" content=\"1 minut\" \/>\n<script type=\"application\/ld+json\" class=\"yoast-schema-graph\">{\"@context\":\"https:\\\/\\\/schema.org\",\"@graph\":[{\"@type\":\"WebPage\",\"@id\":\"https:\\\/\\\/dodo-inflatables.com\\\/sv\\\/produkt\\\/transportvaska-for-hoppborg-s\\\/\",\"url\":\"https:\\\/\\\/dodo-inflatables.com\\\/sv\\\/produkt\\\/transportvaska-for-hoppborg-s\\\/\",\"name\":\"K\u00f6p uppbl\u00e5sbara transportv\u00e4skor | Dodo-Inflatables.com\",\"isPartOf\":{\"@id\":\"https:\\\/\\\/dodo-inflatables.com\\\/sv\\\/#website\"},\"primaryImageOfPage\":{\"@id\":\"https:\\\/\\\/dodo-inflatables.com\\\/sv\\\/produkt\\\/transportvaska-for-hoppborg-s\\\/#primaryimage\"},\"image\":{\"@id\":\"https:\\\/\\\/dodo-inflatables.com\\\/sv\\\/produkt\\\/transportvaska-for-hoppborg-s\\\/#primaryimage\"},\"thumbnailUrl\":\"https:\\\/\\\/dodo-inflatables.com\\\/wp-content\\\/uploads\\\/2024\\\/07\\\/S-Bouncy-castle-Transport-bag.jpg\",\"datePublished\":\"2024-07-10T11:09:06+00:00\",\"dateModified\":\"2024-07-17T13:30:16+00:00\",\"description\":\"K\u00f6p transportv\u00e4skor f\u00f6r uppbl\u00e5sbara f\u00f6rem\u00e5l och hoppborgar p\u00e5 Dodo-Inflatables.com | Certifierad enligt EN14960 | Snabb leverans!\",\"breadcrumb\":{\"@id\":\"https:\\\/\\\/dodo-inflatables.com\\\/sv\\\/produkt\\\/transportvaska-for-hoppborg-s\\\/#breadcrumb\"},\"inLanguage\":\"sv-SE\",\"potentialAction\":[{\"@type\":\"ReadAction\",\"target\":[\"https:\\\/\\\/dodo-inflatables.com\\\/sv\\\/produkt\\\/transportvaska-for-hoppborg-s\\\/\"]}]},{\"@type\":\"ImageObject\",\"inLanguage\":\"sv-SE\",\"@id\":\"https:\\\/\\\/dodo-inflatables.com\\\/sv\\\/produkt\\\/transportvaska-for-hoppborg-s\\\/#primaryimage\",\"url\":\"https:\\\/\\\/dodo-inflatables.com\\\/wp-content\\\/uploads\\\/2024\\\/07\\\/S-Bouncy-castle-Transport-bag.jpg\",\"contentUrl\":\"https:\\\/\\\/dodo-inflatables.com\\\/wp-content\\\/uploads\\\/2024\\\/07\\\/S-Bouncy-castle-Transport-bag.jpg\",\"width\":1000,\"height\":1000},{\"@type\":\"BreadcrumbList\",\"@id\":\"https:\\\/\\\/dodo-inflatables.com\\\/sv\\\/produkt\\\/transportvaska-for-hoppborg-s\\\/#breadcrumb\",\"itemListElement\":[{\"@type\":\"ListItem\",\"position\":1,\"name\":\"Hem\",\"item\":\"https:\\\/\\\/dodo-inflatables.com\\\/sv\\\/\"},{\"@type\":\"ListItem\",\"position\":2,\"name\":\"Butik\",\"item\":\"https:\\\/\\\/dodo-inflatables.com\\\/sv\\\/?page_id=16794\"},{\"@type\":\"ListItem\",\"position\":3,\"name\":\"Transportv\u00e4ska f\u00f6r hoppborg S\"}]},{\"@type\":\"WebSite\",\"@id\":\"https:\\\/\\\/dodo-inflatables.com\\\/sv\\\/#website\",\"url\":\"https:\\\/\\\/dodo-inflatables.com\\\/sv\\\/\",\"name\":\"dodo-inflatables.com\",\"description\":\"K\u00f6p hoppborgar och attraktioner i v\u00e5r butik.\",\"publisher\":{\"@id\":\"https:\\\/\\\/dodo-inflatables.com\\\/sv\\\/#organization\"},\"potentialAction\":[{\"@type\":\"SearchAction\",\"target\":{\"@type\":\"EntryPoint\",\"urlTemplate\":\"https:\\\/\\\/dodo-inflatables.com\\\/sv\\\/?s={search_term_string}\"},\"query-input\":{\"@type\":\"PropertyValueSpecification\",\"valueRequired\":true,\"valueName\":\"search_term_string\"}}],\"inLanguage\":\"sv-SE\"},{\"@type\":\"Organization\",\"@id\":\"https:\\\/\\\/dodo-inflatables.com\\\/sv\\\/#organization\",\"name\":\"dodo-inflatables.com\",\"url\":\"https:\\\/\\\/dodo-inflatables.com\\\/sv\\\/\",\"logo\":{\"@type\":\"ImageObject\",\"inLanguage\":\"sv-SE\",\"@id\":\"https:\\\/\\\/dodo-inflatables.com\\\/sv\\\/#\\\/schema\\\/logo\\\/image\\\/\",\"url\":\"https:\\\/\\\/dodo-inflatables.com\\\/wp-content\\\/uploads\\\/2023\\\/04\\\/cropped-cropped-cropped-Dodo-Logo.png\",\"contentUrl\":\"https:\\\/\\\/dodo-inflatables.com\\\/wp-content\\\/uploads\\\/2023\\\/04\\\/cropped-cropped-cropped-Dodo-Logo.png\",\"width\":2996,\"height\":1545,\"caption\":\"dodo-inflatables.com\"},\"image\":{\"@id\":\"https:\\\/\\\/dodo-inflatables.com\\\/sv\\\/#\\\/schema\\\/logo\\\/image\\\/\"}}]}<\/script>\n<!-- \/ Yoast SEO plugin. -->","yoast_head_json":{"title":"K\u00f6p uppbl\u00e5sbara transportv\u00e4skor | Dodo-Inflatables.com","description":"K\u00f6p transportv\u00e4skor f\u00f6r uppbl\u00e5sbara f\u00f6rem\u00e5l och hoppborgar p\u00e5 Dodo-Inflatables.com | Certifierad enligt EN14960 | Snabb leverans!","robots":{"index":"index","follow":"follow","max-snippet":"max-snippet:-1","max-image-preview":"max-image-preview:large","max-video-preview":"max-video-preview:-1"},"canonical":"https:\/\/dodo-inflatables.com\/sv\/produkt\/transportvaska-for-hoppborg-s\/","twitter_misc":{"Ber\u00e4knad l\u00e4stid":"1 minut"},"schema":{"@context":"https:\/\/schema.org","@graph":[{"@type":"WebPage","@id":"https:\/\/dodo-inflatables.com\/sv\/produkt\/transportvaska-for-hoppborg-s\/","url":"https:\/\/dodo-inflatables.com\/sv\/produkt\/transportvaska-for-hoppborg-s\/","name":"K\u00f6p uppbl\u00e5sbara transportv\u00e4skor | Dodo-Inflatables.com","isPartOf":{"@id":"https:\/\/dodo-inflatables.com\/sv\/#website"},"primaryImageOfPage":{"@id":"https:\/\/dodo-inflatables.com\/sv\/produkt\/transportvaska-for-hoppborg-s\/#primaryimage"},"image":{"@id":"https:\/\/dodo-inflatables.com\/sv\/produkt\/transportvaska-for-hoppborg-s\/#primaryimage"},"thumbnailUrl":"https:\/\/dodo-inflatables.com\/wp-content\/uploads\/2024\/07\/S-Bouncy-castle-Transport-bag.jpg","datePublished":"2024-07-10T11:09:06+00:00","dateModified":"2024-07-17T13:30:16+00:00","description":"K\u00f6p transportv\u00e4skor f\u00f6r uppbl\u00e5sbara f\u00f6rem\u00e5l och hoppborgar p\u00e5 Dodo-Inflatables.com | Certifierad enligt EN14960 | Snabb leverans!","breadcrumb":{"@id":"https:\/\/dodo-inflatables.com\/sv\/produkt\/transportvaska-for-hoppborg-s\/#breadcrumb"},"inLanguage":"sv-SE","potentialAction":[{"@type":"ReadAction","target":["https:\/\/dodo-inflatables.com\/sv\/produkt\/transportvaska-for-hoppborg-s\/"]}]},{"@type":"ImageObject","inLanguage":"sv-SE","@id":"https:\/\/dodo-inflatables.com\/sv\/produkt\/transportvaska-for-hoppborg-s\/#primaryimage","url":"https:\/\/dodo-inflatables.com\/wp-content\/uploads\/2024\/07\/S-Bouncy-castle-Transport-bag.jpg","contentUrl":"https:\/\/dodo-inflatables.com\/wp-content\/uploads\/2024\/07\/S-Bouncy-castle-Transport-bag.jpg","width":1000,"height":1000},{"@type":"BreadcrumbList","@id":"https:\/\/dodo-inflatables.com\/sv\/produkt\/transportvaska-for-hoppborg-s\/#breadcrumb","itemListElement":[{"@type":"ListItem","position":1,"name":"Hem","item":"https:\/\/dodo-inflatables.com\/sv\/"},{"@type":"ListItem","position":2,"name":"Butik","item":"https:\/\/dodo-inflatables.com\/sv\/?page_id=16794"},{"@type":"ListItem","position":3,"name":"Transportv\u00e4ska f\u00f6r hoppborg S"}]},{"@type":"WebSite","@id":"https:\/\/dodo-inflatables.com\/sv\/#website","url":"https:\/\/dodo-inflatables.com\/sv\/","name":"dodo-inflatables.com","description":"K\u00f6p hoppborgar och attraktioner i v\u00e5r butik.","publisher":{"@id":"https:\/\/dodo-inflatables.com\/sv\/#organization"},"potentialAction":[{"@type":"SearchAction","target":{"@type":"EntryPoint","urlTemplate":"https:\/\/dodo-inflatables.com\/sv\/?s={search_term_string}"},"query-input":{"@type":"PropertyValueSpecification","valueRequired":true,"valueName":"search_term_string"}}],"inLanguage":"sv-SE"},{"@type":"Organization","@id":"https:\/\/dodo-inflatables.com\/sv\/#organization","name":"dodo-inflatables.com","url":"https:\/\/dodo-inflatables.com\/sv\/","logo":{"@type":"ImageObject","inLanguage":"sv-SE","@id":"https:\/\/dodo-inflatables.com\/sv\/#\/schema\/logo\/image\/","url":"https:\/\/dodo-inflatables.com\/wp-content\/uploads\/2023\/04\/cropped-cropped-cropped-Dodo-Logo.png","contentUrl":"https:\/\/dodo-inflatables.com\/wp-content\/uploads\/2023\/04\/cropped-cropped-cropped-Dodo-Logo.png","width":2996,"height":1545,"caption":"dodo-inflatables.com"},"image":{"@id":"https:\/\/dodo-inflatables.com\/sv\/#\/schema\/logo\/image\/"}}]}},"uagb_featured_image_src":{"full":["https:\/\/dodo-inflatables.com\/wp-content\/uploads\/2024\/07\/S-Bouncy-castle-Transport-bag.jpg",1000,1000,false],"thumbnail":["https:\/\/dodo-inflatables.com\/wp-content\/uploads\/2024\/07\/S-Bouncy-castle-Transport-bag-150x150.jpg",150,150,true],"medium":["https:\/\/dodo-inflatables.com\/wp-content\/uploads\/2024\/07\/S-Bouncy-castle-Transport-bag-300x300.jpg",300,300,true],"medium_large":["https:\/\/dodo-inflatables.com\/wp-content\/uploads\/2024\/07\/S-Bouncy-castle-Transport-bag-768x768.jpg",768,768,true],"large":["https:\/\/dodo-inflatables.com\/wp-content\/uploads\/2024\/07\/S-Bouncy-castle-Transport-bag.jpg",1000,1000,false],"1536x1536":["https:\/\/dodo-inflatables.com\/wp-content\/uploads\/2024\/07\/S-Bouncy-castle-Transport-bag.jpg",1000,1000,false],"2048x2048":["https:\/\/dodo-inflatables.com\/wp-content\/uploads\/2024\/07\/S-Bouncy-castle-Transport-bag.jpg",1000,1000,false],"woocommerce_thumbnail":["https:\/\/dodo-inflatables.com\/wp-content\/uploads\/2024\/07\/S-Bouncy-castle-Transport-bag-900x900.jpg",900,900,true],"woocommerce_single":["https:\/\/dodo-inflatables.com\/wp-content\/uploads\/2024\/07\/S-Bouncy-castle-Transport-bag-900x900.jpg",900,900,true],"woocommerce_gallery_thumbnail":["https:\/\/dodo-inflatables.com\/wp-content\/uploads\/2024\/07\/S-Bouncy-castle-Transport-bag-100x100.jpg",100,100,true]},"uagb_author_info":{"display_name":"Andreas","author_link":"https:\/\/dodo-inflatables.com\/sv\/author\/"},"uagb_comment_info":0,"uagb_excerpt":"Transportv\u00e4ska i storlek S (diameter 90 cm, h\u00f6jd 120 cm) Material: PVC PVC (0,55 mm \/ 621,3 g\/kvm) Blandade f\u00e4rger","_links":{"self":[{"href":"https:\/\/dodo-inflatables.com\/sv\/wp-json\/wp\/v2\/product\/20667","targetHints":{"allow":["GET"]}}],"collection":[{"href":"https:\/\/dodo-inflatables.com\/sv\/wp-json\/wp\/v2\/product"}],"about":[{"href":"https:\/\/dodo-inflatables.com\/sv\/wp-json\/wp\/v2\/types\/product"}],"replies":[{"embeddable":true,"href":"https:\/\/dodo-inflatables.com\/sv\/wp-json\/wp\/v2\/comments?post=20667"}],"wp:featuredmedia":[{"embeddable":true,"href":"https:\/\/dodo-inflatables.com\/sv\/wp-json\/wp\/v2\/media\/55162"}],"wp:attachment":[{"href":"https:\/\/dodo-inflatables.com\/sv\/wp-json\/wp\/v2\/media?parent=20667"}],"wp:term":[{"taxonomy":"product_brand","embeddable":true,"href":"https:\/\/dodo-inflatables.com\/sv\/wp-json\/wp\/v2\/product_brand?post=20667"},{"taxonomy":"product_cat","embeddable":true,"href":"https:\/\/dodo-inflatables.com\/sv\/wp-json\/wp\/v2\/product_cat?post=20667"},{"taxonomy":"product_tag","embeddable":true,"href":"https:\/\/dodo-inflatables.com\/sv\/wp-json\/wp\/v2\/product_tag?post=20667"}],"curies":[{"name":"wp","href":"https:\/\/api.w.org\/{rel}","templated":true}]}}