{"id":20683,"date":"2024-07-10T13:01:33","date_gmt":"2024-07-10T11:01:33","guid":{"rendered":"https:\/\/dodo-inflatables.com\/product\/transportvaska-for-hoppborg-xs\/"},"modified":"2026-04-25T18:24:55","modified_gmt":"2026-04-25T16:24:55","slug":"transportvaska-for-hoppborg-xs","status":"publish","type":"product","link":"https:\/\/dodo-inflatables.com\/sv\/produkt\/transportvaska-for-hoppborg-xs\/","title":{"rendered":"Transportv\u00e4skor till hoppborg XS"},"content":{"rendered":"<h2>K\u00f6p transportv\u00e4skor till hoppborg<\/h2>\n<p>V\u00e5ra transportv\u00e4skor till hoppborg \u00e4r den ideala l\u00f6sningen f\u00f6r uthyrningsf\u00f6retag eller kunder med flera hoppborgar i lager.<br \/>\n<strong>Praktiska handtag<\/strong>: Handtagen m\u00f6jligg\u00f6r enkel hantering av v\u00e4skorna och g\u00f6r det l\u00e4ttare att flytta de uppbl\u00e5sbara konstruktionerna. Observera att beroende p\u00e5 vikten av det uppbl\u00e5sbara kan handtagen inte alltid b\u00e4ra den fulla vikten och b\u00f6r d\u00e4rf\u00f6r anv\u00e4ndas f\u00f6rsiktigt f\u00f6r att undvika att de rivs av.<br \/>\n<strong>S\u00e4kra f\u00e4stm\u00f6jligheter<\/strong>: Transportv\u00e4skorna kan bindas s\u00e4kert upptill med \u00f6glor s\u00e5 att din uppbl\u00e5sbara konstruktion f\u00f6rblir skyddad och v\u00e4l packad under transport. Detta f\u00f6rhindrar oavsiktlig \u00f6ppning och s\u00e4kerst\u00e4ller att det uppbl\u00e5sbara f\u00f6rblir rent och snyggt.<br \/>\n<strong>Skydd mot transportskador<\/strong>: V\u00e5ra transportv\u00e4skor \u00e4r speciellt utformade f\u00f6r att skydda dina uppbl\u00e5sbara konstruktioner fr\u00e5n transportskador. Det slitstarka materialet skyddar de uppbl\u00e5sbara konstruktionerna fr\u00e5n smuts, damm och mekaniska p\u00e5verkan s\u00e5 att de alltid anl\u00e4nder till sin destination i perfekt skick.<br \/>\nV\u00e5ra uppbl\u00e5sbara transportv\u00e4skor erbjuder dig den perfekta kombinationen av funktionalitet och komfort. De g\u00f6r transporten av dina uppbl\u00e5sbara konstruktioner mycket enklare och s\u00e4kerst\u00e4ller att dina uppbl\u00e5sbara konstruktioner alltid f\u00f6rblir i toppskick.<\/p>\n<h3>Detaljer om transportv\u00e4ska storlek XS<\/h3>\n<ul>\n<li>Material: PVC (0,55 mm \/ 621,3 g\/m\u00b2)<\/li>\n<li>Diameter 80 cm<\/li>\n<li>H\u00f6jd 100 cm<\/li>\n<li>Blandade f\u00e4rger<\/li>\n<\/ul>\n<p><strong>Varje uppbl\u00e5sbart levereras i en transportv\u00e4ska, ingen extra v\u00e4ska beh\u00f6ver best\u00e4llas.<\/strong><\/p>\n","protected":false},"excerpt":{"rendered":"<ul>\n<li>Transportv\u00e4ska storlek XS (diameter 80 cm, h\u00f6jd 100 cm)<\/li>\n<li>Material: PVC (0,55 mm \/ 621,3 g\/m\u00b2)<\/li>\n<li>Blandade f\u00e4rger<\/li>\n<\/ul>\n","protected":false},"featured_media":55181,"comment_status":"open","ping_status":"closed","template":"","meta":{"_acf_changed":false,"_uag_custom_page_level_css":"","site-sidebar-layout":"default","site-content-layout":"boxed-container","ast-site-content-layout":"normal-width-container","site-content-style":"boxed","site-sidebar-style":"boxed","ast-global-header-display":"","ast-banner-title-visibility":"","ast-main-header-display":"","ast-hfb-above-header-display":"","ast-hfb-below-header-display":"","ast-hfb-mobile-header-display":"","site-post-title":"disabled","ast-breadcrumbs-content":"","ast-featured-img":"","footer-sml-layout":"","ast-disable-related-posts":"","theme-transparent-header-meta":"default","adv-header-id-meta":"","stick-header-meta":"default","header-above-stick-meta":"","header-main-stick-meta":"","header-below-stick-meta":"","astra-migrate-meta-layouts":"default","ast-page-background-enabled":"default","ast-page-background-meta":{"desktop":{"background-color":"var(--ast-global-color-4)","background-image":"","background-repeat":"repeat","background-position":"center center","background-size":"auto","background-attachment":"scroll","background-type":"","background-media":"","overlay-type":"","overlay-color":"","overlay-opacity":"","overlay-gradient":""},"tablet":{"background-color":"","background-image":"","background-repeat":"repeat","background-position":"center center","background-size":"auto","background-attachment":"scroll","background-type":"","background-media":"","overlay-type":"","overlay-color":"","overlay-opacity":"","overlay-gradient":""},"mobile":{"background-color":"","background-image":"","background-repeat":"repeat","background-position":"center center","background-size":"auto","background-attachment":"scroll","background-type":"","background-media":"","overlay-type":"","overlay-color":"","overlay-opacity":"","overlay-gradient":""}},"ast-content-background-meta":{"desktop":{"background-color":"var(--ast-global-color-5)","background-image":"","background-repeat":"repeat","background-position":"center center","background-size":"auto","background-attachment":"scroll","background-type":"","background-media":"","overlay-type":"","overlay-color":"","overlay-opacity":"","overlay-gradient":""},"tablet":{"background-color":"var(--ast-global-color-5)","background-image":"","background-repeat":"repeat","background-position":"center center","background-size":"auto","background-attachment":"scroll","background-type":"","background-media":"","overlay-type":"","overlay-color":"","overlay-opacity":"","overlay-gradient":""},"mobile":{"background-color":"var(--ast-global-color-5)","background-image":"","background-repeat":"repeat","background-position":"center center","background-size":"auto","background-attachment":"scroll","background-type":"","background-media":"","overlay-type":"","overlay-color":"","overlay-opacity":"","overlay-gradient":""}}},"product_brand":[],"product_cat":[2060],"product_tag":[],"class_list":{"0":"post-20683","1":"product","2":"type-product","3":"status-publish","4":"has-post-thumbnail","6":"product_cat-tillbehor","7":"product_shipping_class-tillbehor","8":"pa_gtin-0654170861734-sv","9":"desktop-align-center","10":"tablet-align-center","11":"mobile-align-center","12":"ast-product-gallery-layout-horizontal","13":"ast-product-gallery-with-no-image","14":"ast-product-tabs-layout-horizontal","16":"first","17":"instock","18":"taxable","19":"shipping-taxable","20":"purchasable","21":"product-type-simple"},"acf":[],"yoast_head":"<!-- This site is optimized with the Yoast SEO plugin v27.5 - https:\/\/yoast.com\/product\/yoast-seo-wordpress\/ -->\n<title>K\u00f6p uppbl\u00e5sbara transportv\u00e4skor | Dodo-Inflatables.com<\/title>\n<meta name=\"description\" content=\"K\u00f6p transportv\u00e4skor f\u00f6r uppbl\u00e5sbara f\u00f6rem\u00e5l och hoppborgar p\u00e5 Dodo-Inflatables.com | Certifierad enligt EN14960 | Snabb leverans!\" \/>\n<meta name=\"robots\" content=\"index, follow, max-snippet:-1, max-image-preview:large, max-video-preview:-1\" \/>\n<link rel=\"canonical\" href=\"https:\/\/dodo-inflatables.com\/sv\/produkt\/transportvaska-for-hoppborg-xs\/\" \/>\n<meta name=\"twitter:label1\" content=\"Ber\u00e4knad l\u00e4stid\" \/>\n\t<meta name=\"twitter:data1\" content=\"1 minut\" \/>\n<script type=\"application\/ld+json\" class=\"yoast-schema-graph\">{\"@context\":\"https:\\\/\\\/schema.org\",\"@graph\":[{\"@type\":\"WebPage\",\"@id\":\"https:\\\/\\\/dodo-inflatables.com\\\/sv\\\/produkt\\\/transportvaska-for-hoppborg-xs\\\/\",\"url\":\"https:\\\/\\\/dodo-inflatables.com\\\/sv\\\/produkt\\\/transportvaska-for-hoppborg-xs\\\/\",\"name\":\"K\u00f6p uppbl\u00e5sbara transportv\u00e4skor | Dodo-Inflatables.com\",\"isPartOf\":{\"@id\":\"https:\\\/\\\/dodo-inflatables.com\\\/sv\\\/#website\"},\"primaryImageOfPage\":{\"@id\":\"https:\\\/\\\/dodo-inflatables.com\\\/sv\\\/produkt\\\/transportvaska-for-hoppborg-xs\\\/#primaryimage\"},\"image\":{\"@id\":\"https:\\\/\\\/dodo-inflatables.com\\\/sv\\\/produkt\\\/transportvaska-for-hoppborg-xs\\\/#primaryimage\"},\"thumbnailUrl\":\"https:\\\/\\\/dodo-inflatables.com\\\/wp-content\\\/uploads\\\/2024\\\/07\\\/XS-Bouncy-castle-Transport-bag.jpg\",\"datePublished\":\"2024-07-10T11:01:33+00:00\",\"dateModified\":\"2026-04-25T16:24:55+00:00\",\"description\":\"K\u00f6p transportv\u00e4skor f\u00f6r uppbl\u00e5sbara f\u00f6rem\u00e5l och hoppborgar p\u00e5 Dodo-Inflatables.com | Certifierad enligt EN14960 | Snabb leverans!\",\"breadcrumb\":{\"@id\":\"https:\\\/\\\/dodo-inflatables.com\\\/sv\\\/produkt\\\/transportvaska-for-hoppborg-xs\\\/#breadcrumb\"},\"inLanguage\":\"sv-SE\",\"potentialAction\":[{\"@type\":\"ReadAction\",\"target\":[\"https:\\\/\\\/dodo-inflatables.com\\\/sv\\\/produkt\\\/transportvaska-for-hoppborg-xs\\\/\"]}]},{\"@type\":\"ImageObject\",\"inLanguage\":\"sv-SE\",\"@id\":\"https:\\\/\\\/dodo-inflatables.com\\\/sv\\\/produkt\\\/transportvaska-for-hoppborg-xs\\\/#primaryimage\",\"url\":\"https:\\\/\\\/dodo-inflatables.com\\\/wp-content\\\/uploads\\\/2024\\\/07\\\/XS-Bouncy-castle-Transport-bag.jpg\",\"contentUrl\":\"https:\\\/\\\/dodo-inflatables.com\\\/wp-content\\\/uploads\\\/2024\\\/07\\\/XS-Bouncy-castle-Transport-bag.jpg\",\"width\":1000,\"height\":1000,\"caption\":\"Transportv\u00e4skor till hoppborg XS | Dodo Inflatables\"},{\"@type\":\"BreadcrumbList\",\"@id\":\"https:\\\/\\\/dodo-inflatables.com\\\/sv\\\/produkt\\\/transportvaska-for-hoppborg-xs\\\/#breadcrumb\",\"itemListElement\":[{\"@type\":\"ListItem\",\"position\":1,\"name\":\"Hem\",\"item\":\"https:\\\/\\\/dodo-inflatables.com\\\/sv\\\/\"},{\"@type\":\"ListItem\",\"position\":2,\"name\":\"Butik\",\"item\":\"https:\\\/\\\/dodo-inflatables.com\\\/sv\\\/butik\\\/\"},{\"@type\":\"ListItem\",\"position\":3,\"name\":\"Transportv\u00e4ska f\u00f6r hoppborg XS\"}]},{\"@type\":\"WebSite\",\"@id\":\"https:\\\/\\\/dodo-inflatables.com\\\/sv\\\/#website\",\"url\":\"https:\\\/\\\/dodo-inflatables.com\\\/sv\\\/\",\"name\":\"dodo-inflatables.com\",\"description\":\"K\u00f6p hoppborgar och attraktioner i v\u00e5r butik.\",\"potentialAction\":[{\"@type\":\"SearchAction\",\"target\":{\"@type\":\"EntryPoint\",\"urlTemplate\":\"https:\\\/\\\/dodo-inflatables.com\\\/sv\\\/?s={search_term_string}\"},\"query-input\":{\"@type\":\"PropertyValueSpecification\",\"valueRequired\":true,\"valueName\":\"search_term_string\"}}],\"inLanguage\":\"sv-SE\"}]}<\/script>\n<!-- \/ Yoast SEO plugin. -->","yoast_head_json":{"title":"K\u00f6p uppbl\u00e5sbara transportv\u00e4skor | Dodo-Inflatables.com","description":"K\u00f6p transportv\u00e4skor f\u00f6r uppbl\u00e5sbara f\u00f6rem\u00e5l och hoppborgar p\u00e5 Dodo-Inflatables.com | Certifierad enligt EN14960 | Snabb leverans!","robots":{"index":"index","follow":"follow","max-snippet":"max-snippet:-1","max-image-preview":"max-image-preview:large","max-video-preview":"max-video-preview:-1"},"canonical":"https:\/\/dodo-inflatables.com\/sv\/produkt\/transportvaska-for-hoppborg-xs\/","twitter_misc":{"Ber\u00e4knad l\u00e4stid":"1 minut"},"schema":{"@context":"https:\/\/schema.org","@graph":[{"@type":"WebPage","@id":"https:\/\/dodo-inflatables.com\/sv\/produkt\/transportvaska-for-hoppborg-xs\/","url":"https:\/\/dodo-inflatables.com\/sv\/produkt\/transportvaska-for-hoppborg-xs\/","name":"K\u00f6p uppbl\u00e5sbara transportv\u00e4skor | Dodo-Inflatables.com","isPartOf":{"@id":"https:\/\/dodo-inflatables.com\/sv\/#website"},"primaryImageOfPage":{"@id":"https:\/\/dodo-inflatables.com\/sv\/produkt\/transportvaska-for-hoppborg-xs\/#primaryimage"},"image":{"@id":"https:\/\/dodo-inflatables.com\/sv\/produkt\/transportvaska-for-hoppborg-xs\/#primaryimage"},"thumbnailUrl":"https:\/\/dodo-inflatables.com\/wp-content\/uploads\/2024\/07\/XS-Bouncy-castle-Transport-bag.jpg","datePublished":"2024-07-10T11:01:33+00:00","dateModified":"2026-04-25T16:24:55+00:00","description":"K\u00f6p transportv\u00e4skor f\u00f6r uppbl\u00e5sbara f\u00f6rem\u00e5l och hoppborgar p\u00e5 Dodo-Inflatables.com | Certifierad enligt EN14960 | Snabb leverans!","breadcrumb":{"@id":"https:\/\/dodo-inflatables.com\/sv\/produkt\/transportvaska-for-hoppborg-xs\/#breadcrumb"},"inLanguage":"sv-SE","potentialAction":[{"@type":"ReadAction","target":["https:\/\/dodo-inflatables.com\/sv\/produkt\/transportvaska-for-hoppborg-xs\/"]}]},{"@type":"ImageObject","inLanguage":"sv-SE","@id":"https:\/\/dodo-inflatables.com\/sv\/produkt\/transportvaska-for-hoppborg-xs\/#primaryimage","url":"https:\/\/dodo-inflatables.com\/wp-content\/uploads\/2024\/07\/XS-Bouncy-castle-Transport-bag.jpg","contentUrl":"https:\/\/dodo-inflatables.com\/wp-content\/uploads\/2024\/07\/XS-Bouncy-castle-Transport-bag.jpg","width":1000,"height":1000,"caption":"Transportv\u00e4skor till hoppborg XS | Dodo Inflatables"},{"@type":"BreadcrumbList","@id":"https:\/\/dodo-inflatables.com\/sv\/produkt\/transportvaska-for-hoppborg-xs\/#breadcrumb","itemListElement":[{"@type":"ListItem","position":1,"name":"Hem","item":"https:\/\/dodo-inflatables.com\/sv\/"},{"@type":"ListItem","position":2,"name":"Butik","item":"https:\/\/dodo-inflatables.com\/sv\/butik\/"},{"@type":"ListItem","position":3,"name":"Transportv\u00e4ska f\u00f6r hoppborg XS"}]},{"@type":"WebSite","@id":"https:\/\/dodo-inflatables.com\/sv\/#website","url":"https:\/\/dodo-inflatables.com\/sv\/","name":"dodo-inflatables.com","description":"K\u00f6p hoppborgar och attraktioner i v\u00e5r butik.","potentialAction":[{"@type":"SearchAction","target":{"@type":"EntryPoint","urlTemplate":"https:\/\/dodo-inflatables.com\/sv\/?s={search_term_string}"},"query-input":{"@type":"PropertyValueSpecification","valueRequired":true,"valueName":"search_term_string"}}],"inLanguage":"sv-SE"}]}},"uagb_featured_image_src":{"full":["https:\/\/dodo-inflatables.com\/wp-content\/uploads\/2024\/07\/XS-Bouncy-castle-Transport-bag.jpg",1000,1000,false],"thumbnail":["https:\/\/dodo-inflatables.com\/wp-content\/uploads\/2024\/07\/XS-Bouncy-castle-Transport-bag-150x150.jpg",150,150,true],"medium":["https:\/\/dodo-inflatables.com\/wp-content\/uploads\/2024\/07\/XS-Bouncy-castle-Transport-bag-300x300.jpg",300,300,true],"medium_large":["https:\/\/dodo-inflatables.com\/wp-content\/uploads\/2024\/07\/XS-Bouncy-castle-Transport-bag-768x768.jpg",768,768,true],"large":["https:\/\/dodo-inflatables.com\/wp-content\/uploads\/2024\/07\/XS-Bouncy-castle-Transport-bag.jpg",1000,1000,false],"1536x1536":["https:\/\/dodo-inflatables.com\/wp-content\/uploads\/2024\/07\/XS-Bouncy-castle-Transport-bag.jpg",1000,1000,false],"2048x2048":["https:\/\/dodo-inflatables.com\/wp-content\/uploads\/2024\/07\/XS-Bouncy-castle-Transport-bag.jpg",1000,1000,false],"woocommerce_thumbnail":["https:\/\/dodo-inflatables.com\/wp-content\/uploads\/2024\/07\/XS-Bouncy-castle-Transport-bag-900x900.jpg",900,900,true],"woocommerce_single":["https:\/\/dodo-inflatables.com\/wp-content\/uploads\/2024\/07\/XS-Bouncy-castle-Transport-bag-900x900.jpg",900,900,true],"woocommerce_gallery_thumbnail":["https:\/\/dodo-inflatables.com\/wp-content\/uploads\/2024\/07\/XS-Bouncy-castle-Transport-bag-100x100.jpg",100,100,true]},"uagb_author_info":{"display_name":"Andreas","author_link":"https:\/\/dodo-inflatables.com\/sv\/author\/"},"uagb_comment_info":0,"uagb_excerpt":"Transportv\u00e4ska storlek XS (diameter 80 cm, h\u00f6jd 100 cm) Material: PVC (0,55 mm \/ 621,3 g\/m\u00b2) Blandade f\u00e4rger","_links":{"self":[{"href":"https:\/\/dodo-inflatables.com\/sv\/wp-json\/wp\/v2\/product\/20683","targetHints":{"allow":["GET"]}}],"collection":[{"href":"https:\/\/dodo-inflatables.com\/sv\/wp-json\/wp\/v2\/product"}],"about":[{"href":"https:\/\/dodo-inflatables.com\/sv\/wp-json\/wp\/v2\/types\/product"}],"replies":[{"embeddable":true,"href":"https:\/\/dodo-inflatables.com\/sv\/wp-json\/wp\/v2\/comments?post=20683"}],"wp:featuredmedia":[{"embeddable":true,"href":"https:\/\/dodo-inflatables.com\/sv\/wp-json\/wp\/v2\/media\/55181"}],"wp:attachment":[{"href":"https:\/\/dodo-inflatables.com\/sv\/wp-json\/wp\/v2\/media?parent=20683"}],"wp:term":[{"taxonomy":"product_brand","embeddable":true,"href":"https:\/\/dodo-inflatables.com\/sv\/wp-json\/wp\/v2\/product_brand?post=20683"},{"taxonomy":"product_cat","embeddable":true,"href":"https:\/\/dodo-inflatables.com\/sv\/wp-json\/wp\/v2\/product_cat?post=20683"},{"taxonomy":"product_tag","embeddable":true,"href":"https:\/\/dodo-inflatables.com\/sv\/wp-json\/wp\/v2\/product_tag?post=20683"}],"curies":[{"name":"wp","href":"https:\/\/api.w.org\/{rel}","templated":true}]}}