{"id":20773,"date":"2024-06-10T15:48:06","date_gmt":"2024-06-10T13:48:06","guid":{"rendered":"https:\/\/dodo-inflatables.com\/product\/ljuddampare-for-uppblasbar-blasmaskin\/"},"modified":"2024-07-17T15:31:39","modified_gmt":"2024-07-17T13:31:39","slug":"ljuddampare-for-uppblasbar-blasmaskin","status":"publish","type":"product","link":"https:\/\/dodo-inflatables.com\/sv\/produkt\/ljuddampare-for-uppblasbar-blasmaskin\/","title":{"rendered":"Ljudd\u00e4mpare f\u00f6r uppbl\u00e5sbar bl\u00e5smaskin"},"content":{"rendered":"<h2>K\u00f6p ljudd\u00e4mpare f\u00f6r uppbl\u00e5sbar bl\u00e5smaskin<\/h2>\n<p>Vi har n\u00f6jet att presentera v\u00e5r senaste produkt: ljudd\u00e4mparen f\u00f6r uppbl\u00e5sbara fl\u00e4ktar. Om du \u00e4ger eller hyr ut en hoppborg vet du s\u00e4kert att ljudniv\u00e5n fr\u00e5n fl\u00e4kten ibland kan vara irriterande. Denna innovativa ljudd\u00e4mpare har utvecklats i Tyskland f\u00f6r att l\u00f6sa detta problem.<\/p>\n<p>V\u00e5r ljudd\u00e4mpare f\u00f6r uppbl\u00e5sbara bl\u00e5smaskiner minskar bullret med imponerande 5 dB. Det kan l\u00e5ta som en liten siffra, men den h\u00f6rbara skillnaden \u00e4r enorm! Med v\u00e5r ljudd\u00e4mpare kan du njuta av det roliga med uppbl\u00e5sbara attraktioner utan att beh\u00f6va oroa dig f\u00f6r alltf\u00f6r h\u00f6ga ljudniv\u00e5er. Dina kunder och grannar kommer att tacka dig!<\/p>\n<p>Ljudd\u00e4mparen \u00e4r speciellt utformad f\u00f6r uppbl\u00e5sbara bl\u00e5sare och passar perfekt till v\u00e5ra Huawei- och Gibbons-bl\u00e5sare. Installationen \u00e4r enkel och okomplicerad. Allt du beh\u00f6ver g\u00f6ra \u00e4r att h\u00e5lla ljudd\u00e4mparen mot fl\u00e4kten, s\u00e5 sugs den in och du kan njuta av den tystare driften. Ljudd\u00e4mparen p\u00e5verkar inte fl\u00e4ktens prestanda och s\u00e4kerst\u00e4ller en effektiv lufttillf\u00f6rsel till uppbl\u00e5sningsanordningen. Du kan ocks\u00e5 f\u00e4sta ljudd\u00e4mparen p\u00e5 fl\u00e4kten med hj\u00e4lp av det medf\u00f6ljande gummibandet.<\/p>\n<p>Ljudd\u00e4mparen f\u00f6r hoppborgsbl\u00e5sare \u00e4r inte bara avsedd f\u00f6r kommersiella akt\u00f6rer utan \u00e4ven f\u00f6r privatpersoner som vill s\u00e4tta upp sin hoppborg hemma. Njut av lugnet och tystnaden i tr\u00e4dg\u00e5rden medan barnen leker utan bekymmer.<\/p>\n<p>Se sj\u00e4lv med f\u00f6ljande videor och ha kul med ditt tystare hoppslotts\u00e4ventyr!<\/p>\n<p><a href=\"https:\/\/youtube.com\/shorts\/GT6E5sDd6xI\">Schalld\u00e4mpfer Test am Huawei Gebl\u00e4se<\/a><br \/>\n<a href=\"https:\/\/youtube.com\/shorts\/UastjvwxdU4\">Schlld\u00e4mpfer Test am Gibbons Gebl\u00e4se<\/a><\/p>\n<p>(Fl\u00e4kten ing\u00e5r inte i leveransen.)<\/p>\n","protected":false},"excerpt":{"rendered":"<ul>\n<li>Ljudd\u00e4mpare f\u00f6r uppbl\u00e5sbar fl\u00e4kt<\/li>\n<\/ul>\n","protected":false},"featured_media":55257,"comment_status":"open","ping_status":"closed","template":"","meta":{"_acf_changed":false,"_uag_custom_page_level_css":"","site-sidebar-layout":"default","site-content-layout":"boxed-container","ast-site-content-layout":"normal-width-container","site-content-style":"boxed","site-sidebar-style":"boxed","ast-global-header-display":"","ast-banner-title-visibility":"","ast-main-header-display":"","ast-hfb-above-header-display":"","ast-hfb-below-header-display":"","ast-hfb-mobile-header-display":"","site-post-title":"disabled","ast-breadcrumbs-content":"","ast-featured-img":"","footer-sml-layout":"","ast-disable-related-posts":"","theme-transparent-header-meta":"default","adv-header-id-meta":"","stick-header-meta":"default","header-above-stick-meta":"","header-main-stick-meta":"","header-below-stick-meta":"","astra-migrate-meta-layouts":"default","ast-page-background-enabled":"default","ast-page-background-meta":{"desktop":{"background-color":"var(--ast-global-color-4)","background-image":"","background-repeat":"repeat","background-position":"center center","background-size":"auto","background-attachment":"scroll","background-type":"","background-media":"","overlay-type":"","overlay-color":"","overlay-opacity":"","overlay-gradient":""},"tablet":{"background-color":"","background-image":"","background-repeat":"repeat","background-position":"center center","background-size":"auto","background-attachment":"scroll","background-type":"","background-media":"","overlay-type":"","overlay-color":"","overlay-opacity":"","overlay-gradient":""},"mobile":{"background-color":"","background-image":"","background-repeat":"repeat","background-position":"center center","background-size":"auto","background-attachment":"scroll","background-type":"","background-media":"","overlay-type":"","overlay-color":"","overlay-opacity":"","overlay-gradient":""}},"ast-content-background-meta":{"desktop":{"background-color":"var(--ast-global-color-5)","background-image":"","background-repeat":"repeat","background-position":"center center","background-size":"auto","background-attachment":"scroll","background-type":"","background-media":"","overlay-type":"","overlay-color":"","overlay-opacity":"","overlay-gradient":""},"tablet":{"background-color":"var(--ast-global-color-5)","background-image":"","background-repeat":"repeat","background-position":"center center","background-size":"auto","background-attachment":"scroll","background-type":"","background-media":"","overlay-type":"","overlay-color":"","overlay-opacity":"","overlay-gradient":""},"mobile":{"background-color":"var(--ast-global-color-5)","background-image":"","background-repeat":"repeat","background-position":"center center","background-size":"auto","background-attachment":"scroll","background-type":"","background-media":"","overlay-type":"","overlay-color":"","overlay-opacity":"","overlay-gradient":""}}},"product_brand":[],"product_cat":[2060],"product_tag":[],"class_list":{"0":"post-20773","1":"product","2":"type-product","3":"status-publish","4":"has-post-thumbnail","6":"product_cat-tillbehor","7":"product_shipping_class-tillbehor","8":"desktop-align-center","9":"tablet-align-center","10":"mobile-align-center","11":"ast-product-gallery-layout-horizontal","12":"ast-product-tabs-layout-horizontal","14":"first","15":"instock","16":"taxable","17":"shipping-taxable","18":"purchasable","19":"product-type-simple"},"acf":[],"yoast_head":"<!-- This site is optimized with the Yoast SEO plugin v27.4 - https:\/\/yoast.com\/product\/yoast-seo-wordpress\/ -->\n<title>K\u00f6p bullerskydd f\u00f6r hoppborgar | Dodo-Inflatables.com<\/title>\n<meta name=\"description\" content=\"K\u00f6p bullerskydd f\u00f6r hoppborgar bl\u00e5sare hos Dodo-Inflatables.com | Certifierad enligt EN14960 | Snabb leverans!\" \/>\n<meta name=\"robots\" content=\"index, follow, max-snippet:-1, max-image-preview:large, max-video-preview:-1\" \/>\n<link rel=\"canonical\" href=\"https:\/\/dodo-inflatables.com\/sv\/produkt\/ljuddampare-for-uppblasbar-blasmaskin\/\" \/>\n<meta name=\"twitter:label1\" content=\"Ber\u00e4knad l\u00e4stid\" \/>\n\t<meta name=\"twitter:data1\" content=\"2 minuter\" \/>\n<script type=\"application\/ld+json\" class=\"yoast-schema-graph\">{\"@context\":\"https:\\\/\\\/schema.org\",\"@graph\":[{\"@type\":\"WebPage\",\"@id\":\"https:\\\/\\\/dodo-inflatables.com\\\/sv\\\/produkt\\\/ljuddampare-for-uppblasbar-blasmaskin\\\/\",\"url\":\"https:\\\/\\\/dodo-inflatables.com\\\/sv\\\/produkt\\\/ljuddampare-for-uppblasbar-blasmaskin\\\/\",\"name\":\"K\u00f6p bullerskydd f\u00f6r hoppborgar | Dodo-Inflatables.com\",\"isPartOf\":{\"@id\":\"https:\\\/\\\/dodo-inflatables.com\\\/sv\\\/#website\"},\"primaryImageOfPage\":{\"@id\":\"https:\\\/\\\/dodo-inflatables.com\\\/sv\\\/produkt\\\/ljuddampare-for-uppblasbar-blasmaskin\\\/#primaryimage\"},\"image\":{\"@id\":\"https:\\\/\\\/dodo-inflatables.com\\\/sv\\\/produkt\\\/ljuddampare-for-uppblasbar-blasmaskin\\\/#primaryimage\"},\"thumbnailUrl\":\"https:\\\/\\\/dodo-inflatables.com\\\/wp-content\\\/uploads\\\/2024\\\/06\\\/buy-bouncy-castle-blower-noise-protection-silencer-4-Kopie.jpg\",\"datePublished\":\"2024-06-10T13:48:06+00:00\",\"dateModified\":\"2024-07-17T13:31:39+00:00\",\"description\":\"K\u00f6p bullerskydd f\u00f6r hoppborgar bl\u00e5sare hos Dodo-Inflatables.com | Certifierad enligt EN14960 | Snabb leverans!\",\"breadcrumb\":{\"@id\":\"https:\\\/\\\/dodo-inflatables.com\\\/sv\\\/produkt\\\/ljuddampare-for-uppblasbar-blasmaskin\\\/#breadcrumb\"},\"inLanguage\":\"sv-SE\",\"potentialAction\":[{\"@type\":\"ReadAction\",\"target\":[\"https:\\\/\\\/dodo-inflatables.com\\\/sv\\\/produkt\\\/ljuddampare-for-uppblasbar-blasmaskin\\\/\"]}]},{\"@type\":\"ImageObject\",\"inLanguage\":\"sv-SE\",\"@id\":\"https:\\\/\\\/dodo-inflatables.com\\\/sv\\\/produkt\\\/ljuddampare-for-uppblasbar-blasmaskin\\\/#primaryimage\",\"url\":\"https:\\\/\\\/dodo-inflatables.com\\\/wp-content\\\/uploads\\\/2024\\\/06\\\/buy-bouncy-castle-blower-noise-protection-silencer-4-Kopie.jpg\",\"contentUrl\":\"https:\\\/\\\/dodo-inflatables.com\\\/wp-content\\\/uploads\\\/2024\\\/06\\\/buy-bouncy-castle-blower-noise-protection-silencer-4-Kopie.jpg\",\"width\":1000,\"height\":1000},{\"@type\":\"BreadcrumbList\",\"@id\":\"https:\\\/\\\/dodo-inflatables.com\\\/sv\\\/produkt\\\/ljuddampare-for-uppblasbar-blasmaskin\\\/#breadcrumb\",\"itemListElement\":[{\"@type\":\"ListItem\",\"position\":1,\"name\":\"Hem\",\"item\":\"https:\\\/\\\/dodo-inflatables.com\\\/sv\\\/\"},{\"@type\":\"ListItem\",\"position\":2,\"name\":\"Butik\",\"item\":\"https:\\\/\\\/dodo-inflatables.com\\\/sv\\\/?page_id=16794\"},{\"@type\":\"ListItem\",\"position\":3,\"name\":\"Ljudd\u00e4mpare f\u00f6r uppbl\u00e5sbar bl\u00e5smaskin\"}]},{\"@type\":\"WebSite\",\"@id\":\"https:\\\/\\\/dodo-inflatables.com\\\/sv\\\/#website\",\"url\":\"https:\\\/\\\/dodo-inflatables.com\\\/sv\\\/\",\"name\":\"dodo-inflatables.com\",\"description\":\"K\u00f6p hoppborgar och attraktioner i v\u00e5r butik.\",\"publisher\":{\"@id\":\"https:\\\/\\\/dodo-inflatables.com\\\/sv\\\/#organization\"},\"potentialAction\":[{\"@type\":\"SearchAction\",\"target\":{\"@type\":\"EntryPoint\",\"urlTemplate\":\"https:\\\/\\\/dodo-inflatables.com\\\/sv\\\/?s={search_term_string}\"},\"query-input\":{\"@type\":\"PropertyValueSpecification\",\"valueRequired\":true,\"valueName\":\"search_term_string\"}}],\"inLanguage\":\"sv-SE\"},{\"@type\":\"Organization\",\"@id\":\"https:\\\/\\\/dodo-inflatables.com\\\/sv\\\/#organization\",\"name\":\"dodo-inflatables.com\",\"url\":\"https:\\\/\\\/dodo-inflatables.com\\\/sv\\\/\",\"logo\":{\"@type\":\"ImageObject\",\"inLanguage\":\"sv-SE\",\"@id\":\"https:\\\/\\\/dodo-inflatables.com\\\/sv\\\/#\\\/schema\\\/logo\\\/image\\\/\",\"url\":\"https:\\\/\\\/dodo-inflatables.com\\\/wp-content\\\/uploads\\\/2023\\\/04\\\/cropped-cropped-cropped-Dodo-Logo.png\",\"contentUrl\":\"https:\\\/\\\/dodo-inflatables.com\\\/wp-content\\\/uploads\\\/2023\\\/04\\\/cropped-cropped-cropped-Dodo-Logo.png\",\"width\":2996,\"height\":1545,\"caption\":\"dodo-inflatables.com\"},\"image\":{\"@id\":\"https:\\\/\\\/dodo-inflatables.com\\\/sv\\\/#\\\/schema\\\/logo\\\/image\\\/\"}}]}<\/script>\n<!-- \/ Yoast SEO plugin. -->","yoast_head_json":{"title":"K\u00f6p bullerskydd f\u00f6r hoppborgar | Dodo-Inflatables.com","description":"K\u00f6p bullerskydd f\u00f6r hoppborgar bl\u00e5sare hos Dodo-Inflatables.com | Certifierad enligt EN14960 | Snabb leverans!","robots":{"index":"index","follow":"follow","max-snippet":"max-snippet:-1","max-image-preview":"max-image-preview:large","max-video-preview":"max-video-preview:-1"},"canonical":"https:\/\/dodo-inflatables.com\/sv\/produkt\/ljuddampare-for-uppblasbar-blasmaskin\/","twitter_misc":{"Ber\u00e4knad l\u00e4stid":"2 minuter"},"schema":{"@context":"https:\/\/schema.org","@graph":[{"@type":"WebPage","@id":"https:\/\/dodo-inflatables.com\/sv\/produkt\/ljuddampare-for-uppblasbar-blasmaskin\/","url":"https:\/\/dodo-inflatables.com\/sv\/produkt\/ljuddampare-for-uppblasbar-blasmaskin\/","name":"K\u00f6p bullerskydd f\u00f6r hoppborgar | Dodo-Inflatables.com","isPartOf":{"@id":"https:\/\/dodo-inflatables.com\/sv\/#website"},"primaryImageOfPage":{"@id":"https:\/\/dodo-inflatables.com\/sv\/produkt\/ljuddampare-for-uppblasbar-blasmaskin\/#primaryimage"},"image":{"@id":"https:\/\/dodo-inflatables.com\/sv\/produkt\/ljuddampare-for-uppblasbar-blasmaskin\/#primaryimage"},"thumbnailUrl":"https:\/\/dodo-inflatables.com\/wp-content\/uploads\/2024\/06\/buy-bouncy-castle-blower-noise-protection-silencer-4-Kopie.jpg","datePublished":"2024-06-10T13:48:06+00:00","dateModified":"2024-07-17T13:31:39+00:00","description":"K\u00f6p bullerskydd f\u00f6r hoppborgar bl\u00e5sare hos Dodo-Inflatables.com | Certifierad enligt EN14960 | Snabb leverans!","breadcrumb":{"@id":"https:\/\/dodo-inflatables.com\/sv\/produkt\/ljuddampare-for-uppblasbar-blasmaskin\/#breadcrumb"},"inLanguage":"sv-SE","potentialAction":[{"@type":"ReadAction","target":["https:\/\/dodo-inflatables.com\/sv\/produkt\/ljuddampare-for-uppblasbar-blasmaskin\/"]}]},{"@type":"ImageObject","inLanguage":"sv-SE","@id":"https:\/\/dodo-inflatables.com\/sv\/produkt\/ljuddampare-for-uppblasbar-blasmaskin\/#primaryimage","url":"https:\/\/dodo-inflatables.com\/wp-content\/uploads\/2024\/06\/buy-bouncy-castle-blower-noise-protection-silencer-4-Kopie.jpg","contentUrl":"https:\/\/dodo-inflatables.com\/wp-content\/uploads\/2024\/06\/buy-bouncy-castle-blower-noise-protection-silencer-4-Kopie.jpg","width":1000,"height":1000},{"@type":"BreadcrumbList","@id":"https:\/\/dodo-inflatables.com\/sv\/produkt\/ljuddampare-for-uppblasbar-blasmaskin\/#breadcrumb","itemListElement":[{"@type":"ListItem","position":1,"name":"Hem","item":"https:\/\/dodo-inflatables.com\/sv\/"},{"@type":"ListItem","position":2,"name":"Butik","item":"https:\/\/dodo-inflatables.com\/sv\/?page_id=16794"},{"@type":"ListItem","position":3,"name":"Ljudd\u00e4mpare f\u00f6r uppbl\u00e5sbar bl\u00e5smaskin"}]},{"@type":"WebSite","@id":"https:\/\/dodo-inflatables.com\/sv\/#website","url":"https:\/\/dodo-inflatables.com\/sv\/","name":"dodo-inflatables.com","description":"K\u00f6p hoppborgar och attraktioner i v\u00e5r butik.","publisher":{"@id":"https:\/\/dodo-inflatables.com\/sv\/#organization"},"potentialAction":[{"@type":"SearchAction","target":{"@type":"EntryPoint","urlTemplate":"https:\/\/dodo-inflatables.com\/sv\/?s={search_term_string}"},"query-input":{"@type":"PropertyValueSpecification","valueRequired":true,"valueName":"search_term_string"}}],"inLanguage":"sv-SE"},{"@type":"Organization","@id":"https:\/\/dodo-inflatables.com\/sv\/#organization","name":"dodo-inflatables.com","url":"https:\/\/dodo-inflatables.com\/sv\/","logo":{"@type":"ImageObject","inLanguage":"sv-SE","@id":"https:\/\/dodo-inflatables.com\/sv\/#\/schema\/logo\/image\/","url":"https:\/\/dodo-inflatables.com\/wp-content\/uploads\/2023\/04\/cropped-cropped-cropped-Dodo-Logo.png","contentUrl":"https:\/\/dodo-inflatables.com\/wp-content\/uploads\/2023\/04\/cropped-cropped-cropped-Dodo-Logo.png","width":2996,"height":1545,"caption":"dodo-inflatables.com"},"image":{"@id":"https:\/\/dodo-inflatables.com\/sv\/#\/schema\/logo\/image\/"}}]}},"uagb_featured_image_src":{"full":["https:\/\/dodo-inflatables.com\/wp-content\/uploads\/2024\/06\/buy-bouncy-castle-blower-noise-protection-silencer-4-Kopie.jpg",1000,1000,false],"thumbnail":["https:\/\/dodo-inflatables.com\/wp-content\/uploads\/2024\/06\/buy-bouncy-castle-blower-noise-protection-silencer-4-Kopie-150x150.jpg",150,150,true],"medium":["https:\/\/dodo-inflatables.com\/wp-content\/uploads\/2024\/06\/buy-bouncy-castle-blower-noise-protection-silencer-4-Kopie-300x300.jpg",300,300,true],"medium_large":["https:\/\/dodo-inflatables.com\/wp-content\/uploads\/2024\/06\/buy-bouncy-castle-blower-noise-protection-silencer-4-Kopie-768x768.jpg",768,768,true],"large":["https:\/\/dodo-inflatables.com\/wp-content\/uploads\/2024\/06\/buy-bouncy-castle-blower-noise-protection-silencer-4-Kopie.jpg",1000,1000,false],"1536x1536":["https:\/\/dodo-inflatables.com\/wp-content\/uploads\/2024\/06\/buy-bouncy-castle-blower-noise-protection-silencer-4-Kopie.jpg",1000,1000,false],"2048x2048":["https:\/\/dodo-inflatables.com\/wp-content\/uploads\/2024\/06\/buy-bouncy-castle-blower-noise-protection-silencer-4-Kopie.jpg",1000,1000,false],"woocommerce_thumbnail":["https:\/\/dodo-inflatables.com\/wp-content\/uploads\/2024\/06\/buy-bouncy-castle-blower-noise-protection-silencer-4-Kopie-900x900.jpg",900,900,true],"woocommerce_single":["https:\/\/dodo-inflatables.com\/wp-content\/uploads\/2024\/06\/buy-bouncy-castle-blower-noise-protection-silencer-4-Kopie-900x900.jpg",900,900,true],"woocommerce_gallery_thumbnail":["https:\/\/dodo-inflatables.com\/wp-content\/uploads\/2024\/06\/buy-bouncy-castle-blower-noise-protection-silencer-4-Kopie-100x100.jpg",100,100,true]},"uagb_author_info":{"display_name":"Andreas","author_link":"https:\/\/dodo-inflatables.com\/sv\/author\/"},"uagb_comment_info":0,"uagb_excerpt":"Ljudd\u00e4mpare f\u00f6r uppbl\u00e5sbar fl\u00e4kt","_links":{"self":[{"href":"https:\/\/dodo-inflatables.com\/sv\/wp-json\/wp\/v2\/product\/20773","targetHints":{"allow":["GET"]}}],"collection":[{"href":"https:\/\/dodo-inflatables.com\/sv\/wp-json\/wp\/v2\/product"}],"about":[{"href":"https:\/\/dodo-inflatables.com\/sv\/wp-json\/wp\/v2\/types\/product"}],"replies":[{"embeddable":true,"href":"https:\/\/dodo-inflatables.com\/sv\/wp-json\/wp\/v2\/comments?post=20773"}],"wp:featuredmedia":[{"embeddable":true,"href":"https:\/\/dodo-inflatables.com\/sv\/wp-json\/wp\/v2\/media\/55257"}],"wp:attachment":[{"href":"https:\/\/dodo-inflatables.com\/sv\/wp-json\/wp\/v2\/media?parent=20773"}],"wp:term":[{"taxonomy":"product_brand","embeddable":true,"href":"https:\/\/dodo-inflatables.com\/sv\/wp-json\/wp\/v2\/product_brand?post=20773"},{"taxonomy":"product_cat","embeddable":true,"href":"https:\/\/dodo-inflatables.com\/sv\/wp-json\/wp\/v2\/product_cat?post=20773"},{"taxonomy":"product_tag","embeddable":true,"href":"https:\/\/dodo-inflatables.com\/sv\/wp-json\/wp\/v2\/product_tag?post=20773"}],"curies":[{"name":"wp","href":"https:\/\/api.w.org\/{rel}","templated":true}]}}