{"id":78239,"date":"2025-05-06T20:01:51","date_gmt":"2025-05-06T18:01:51","guid":{"rendered":"https:\/\/dodo-inflatables.com\/?post_type=product&#038;p=78239"},"modified":"2025-08-22T17:52:00","modified_gmt":"2025-08-22T15:52:00","slug":"hoppborg-fotbollshjalte","status":"publish","type":"product","link":"https:\/\/dodo-inflatables.com\/sv\/produkt\/hoppborg-fotbollshjalte\/","title":{"rendered":"Hoppborg Fotbollshj\u00e4lte"},"content":{"rendered":"<h2>K\u00f6p Hoppborg Fotbollshj\u00e4lte<\/h2>\n<p>Redo att leka loss? V\u00e5r Hoppborg \u201cFotbollshj\u00e4lte\u201d \u00e4r perfekt f\u00f6r unga fotbollsfans och blivande idrottsstj\u00e4rnor. Med en detaljerad stadionscen, en flygande m\u00e5lvakt och gott om plats att springa kan barnen verkligen f\u00e5 utlopp f\u00f6r sin energi. I slut\u00e4ndan blir det sp\u00e4nnande att se vem som tar hem den gyllene pokalen! Taket skyddar barnen fr\u00e5n regnskurar, och s\u00e4kerhetsn\u00e4tet baktill g\u00f6r hoppborgen mycket s\u00e4ker.<\/p>\n<p>Hoppborg Fotbollshj\u00e4lte levereras i en passande transportv\u00e4ska och \u00e4r enkel att s\u00e4tta upp p\u00e5 cirka 10 minuter. I leveransen ing\u00e5r hoppborgen, en transportv\u00e4ska och ett reparationskit. Observera att <a href=\"https:\/\/dodo-inflatables.com\/sv\/produkt\/huawei-flakt-reh-1-5e-15ps\/\">fl\u00e4kten<\/a> och <a href=\"https:\/\/dodo-inflatables.com\/sv\/produkt\/markplat-5-x-6-meter\/\">underlagsduken<\/a> inte ing\u00e5r; dessa hittar du i v\u00e5r kategori <a href=\"https:\/\/dodo-inflatables.com\/sv\/produkt-kategori\/tillbehor\/\">Tillbeh\u00f6r<\/a>. B\u00e5da tillg\u00e4ngliga fl\u00e4ktar (<a href=\"https:\/\/dodo-inflatables.com\/sv\/produkt\/huawei-flakt-reh-1-5e-15ps\/\">Huawei<\/a> och <a href=\"https:\/\/dodo-inflatables.com\/sv\/produkt\/gibbons-blasmaskin-fp5005-15-hk\/\">Gibbons<\/a>) \u00e4r l\u00e4mpliga f\u00f6r hoppborgen.<\/p>\n<p>Tillverkad av robust PVC-duk (0,55 mm \/ 621,3 g\/m\u00b2) och certifierad enligt DIN EN 14960 \u00e4r Hoppborg Fotbollshj\u00e4lte en kvalitetsprodukt som uppfyller de h\u00f6gsta s\u00e4kerhetsstandarderna.<\/p>\n<p>Anv\u00e4nd hoppborgen endast p\u00e5 l\u00e4mpliga underlagsdukar f\u00f6r att skydda den mot vassa f\u00f6rem\u00e5l p\u00e5 marken och slitage. Vi rekommenderar att s\u00e4tta upp hoppborgen p\u00e5 en gr\u00e4syta och s\u00e4kra den med v\u00e5ra <a href=\"https:\/\/dodo-inflatables.com\/sv\/produkt\/markpinnar-for-fastning-av-uppblasbara-foremal\/\">markspikar<\/a> f\u00f6r maximal s\u00e4kerhet. Efter varje anv\u00e4ndning b\u00f6r hoppborgen torkas och packas ordentligt f\u00f6r att skydda den mot yttre p\u00e5verkan och transportskador.<\/p>\n<p>\u26a0\ufe0f Endast <strong>en fl\u00e4kt<\/strong> kr\u00e4vs f\u00f6r att driva hoppborgen. Den andra luftslangen \u00e4r endast ett alternativ \u2013 till exempel om det finns platsproblem p\u00e5 platsen och en annan anslutning \u00e4r mer f\u00f6rdelaktig \u2013 eller kan anv\u00e4ndas vid nedmontering f\u00f6r att snabbt sl\u00e4ppa ut luften.<\/p>\n<div class=\"product-description\">\n<p><!-- Gul informationsruta --><\/p>\n<div class=\"yellow-box\">\n<h2>Detaljer om Hoppborg Fotbollshj\u00e4lte<\/h2>\n<div class=\"info-container\">\n<p><!-- F\u00f6rsta raden --><\/p>\n<div class=\"info-group\">\n<div class=\"info-column\">\n<h3>M\u00e5tt &#038; anv\u00e4ndare<\/h3>\n<ul>\n<li><strong>M\u00e5tt<\/strong>: 4,60 m x 4,00 m x 4,30 m * (L x B x H)<\/li>\n<li><strong>Hoppomr\u00e5de<\/strong>:  (L x B)<\/li>\n<li><strong>H\u00f6jd p\u00e5 rutschkanan<\/strong>: &#8211;<\/li>\n<li>L\u00e4mplig f\u00f6r cirka <strong>10 barn<\/strong> (beroende p\u00e5 \u00e5lder &#038; storlek)<\/li>\n<li><strong>Maximal anv\u00e4ndarh\u00f6jd<\/strong>: 1,50 m<\/li>\n<\/ul>\n<\/div>\n<div class=\"info-column\">\n<h3>Upp- och nedmontering<\/h3>\n<ul>\n<li><strong>F\u00f6rpackningsm\u00e5tt<\/strong>: H\u00f6jd 120 cm, Diameter 90 cm<\/li>\n<li><strong>Vikt<\/strong>: cirka 90 kg<\/li>\n<li><strong>Monteringstid<\/strong>: 10\u201320 minuter<\/li>\n<li><strong>Beh\u00f6vd fl\u00e4kt<\/strong>: <span style=\"color: #ffffff\"><a style=\"color: #ffffff\" href=\"https:\/\/dodo-inflatables.com\/sv\/produkt\/huawei-flakt-reh-1-5e-15ps\/\">1 x Huawei REH-1.5E \u2013 1,5 PS<\/a> eller <a style=\"color: #ffffff\" href=\"https:\/\/dodo-inflatables.com\/sv\/produkt\/gibbons-blasmaskin-fp5005-15-hk\/\">1 x Gibbons Bl\u00e5sare FP5005 \u2013 1.5PS<\/a><\/span><\/li>\n<li><strong>Beh\u00f6vd plats<\/strong>: 9,90 x 7,60 m (L x B) (enligt DIN EN14960) <span class=\"tooltip\"><em><span style=\"color: #ffffff\">Vad betyder detta?<\/span><\/em><span class=\"tooltiptext\"> Enligt DIN-standarden m\u00e5ste det finnas cirka 1,80 m utrymme runt hoppborgen och 3,50 m framf\u00f6r den \u00f6ppna sidan. Detta \u00e4r f\u00f6r s\u00e4kerheten, implementeringen \u00e4r upp till eget omd\u00f6me.<\/span><\/span><\/li>\n<\/ul>\n<\/div>\n<div class=\"info-column\">\n<h3>Egenskaper<\/h3>\n<ul>\n<li><strong>Godk\u00e4nnandecertifikat<\/strong> enligt EN 14960<\/li>\n<li>Material: PVC (0,55 mm \/ 621,3 g\/m\u00b2)<\/li>\n<li>2\u20134-faldigt sydd<\/li>\n<li>Sv\u00e5rant\u00e4ndlig<\/li>\n<li>Hoppomr\u00e5de med skyddsremsor, dragkedja med kardborref\u00f6rslutning, f\u00f6rst\u00e4rkta h\u00f6rn<\/li>\n<\/ul>\n<\/div>\n<\/div>\n<p><!-- Andra raden --><\/p>\n<div class=\"info-group\">\n<div class=\"info-column\">\n<h3>Ing\u00e5r<\/h3>\n<ul class=\"check-list\">\n<li>Omfattande guide med s\u00e4kerhetsanvisningar, monterings- och demonteringsinstruktioner samt tips f\u00f6r uthyrning<\/li>\n<li>Passande transportv\u00e4ska<\/li>\n<li>Reparationskit<\/li>\n<\/ul>\n<\/div>\n<div class=\"info-column\">\n<h3>Ing\u00e5r ej<\/h3>\n<ul class=\"cross-list\">\n<li><span style=\"color: #ffffff\"><a style=\"color: #ffffff\" href=\"https:\/\/dodo-inflatables.com\/sv\/produkt\/huawei-flakt-reh-1-5e-15ps\/\">Fl\u00e4kt<\/a><\/span><\/li>\n<li><span style=\"color: #ffffff\"><a style=\"color: #ffffff\" href=\"https:\/\/dodo-inflatables.com\/sv\/produkt\/markplat-5-x-6-meter\/\">Underlagsduk<\/a><\/span><\/li>\n<li><span style=\"color: #ffffff\"><a style=\"color: #ffffff\" href=\"https:\/\/dodo-inflatables.com\/sv\/produkt\/markpinnar-for-fastning-av-uppblasbara-foremal\/\">Markspikar<\/a><\/span><\/li>\n<li><span style=\"color: #ffffff\"><a style=\"color: #ffffff\" href=\"https:\/\/dodo-inflatables.com\/sv\/produkt\/fallskyddsmattor-240-x-120-x-5-cm\/\">Skyddsmattor<\/a><\/span><\/li>\n<li>\u00d6vriga tillbeh\u00f6r<\/li>\n<\/ul>\n<\/div>\n<div class=\"info-column\"><\/div>\n<\/div>\n<\/div>\n<\/div>\n<\/div>\n<h3>Viktiga anm\u00e4rkningar om anv\u00e4ndning<\/h3>\n<p>Hoppborg Fotbollshj\u00e4lte \u00e4r en professionell modell som \u00e4r tillverkad och testad enligt de strikta riktlinjerna i DIN EN 14960, vilket inneb\u00e4r att den \u00e4r s\u00e4ker och p\u00e5litlig. D\u00e4rmed \u00e4r Hoppborg Fotbollshj\u00e4lte perfekt l\u00e4mpad f\u00f6r professionell uthyrning. Observera att endast barn f\u00e5r anv\u00e4nda hoppborgen \u2013 inga vuxna!<\/p>\n<p>Observera att fl\u00e4kten (ing\u00e5r ej) m\u00e5ste vara ig\u00e5ng kontinuerligt under anv\u00e4ndning, och ett visst luftutsl\u00e4pp genom \u00f6ppningarna \u00e4r n\u00f6dv\u00e4ndigt f\u00f6r att f\u00f6rhindra att hoppborgen spricker.<\/p>\n<p>Skaffa dig Hoppborg Fotbollshj\u00e4lte nu och upplev of\u00f6rgl\u00f6mliga stunder fyllda med gl\u00e4dje och \u00e4ventyr!<\/p>\n<p><em>Denna modell \u00e4r designskyddad inom hela EU.<\/em><\/p>\n<div class=\"green-box\">\n<p><img decoding=\"async\" src=\"https:\/\/dodo-inflatables.com\/wp-content\/uploads\/2025\/04\/SE-1.png\" alt=\"Instruktionsguide\" \/><\/p>\n<div class=\"text-container\">\n<h3>Efter k\u00f6pet f\u00e5r du en 23-sidig guide med f\u00f6ljande inneh\u00e5ll:<\/h3>\n<ul>\n<li>S\u00e4kerhetsf\u00f6reskrifter f\u00f6r montering, demontering och anv\u00e4ndning av hoppborgen<\/li>\n<li>DIN EN 14960-certifikat och individuell serienummer<\/li>\n<li>Detaljerad instruktion f\u00f6r montering och demontering<\/li>\n<li>Information om inspektion och underh\u00e5ll<\/li>\n<li>Rekommendationer f\u00f6r uthyrning<\/li>\n<\/ul>\n<\/div>\n<\/div>\n","protected":false},"excerpt":{"rendered":"<h4>[gzd_product_delivery_time]<\/h4>\n<div class=\"delivery-info\">\n<p>Vid best\u00e4llning och mottagen betalning <b>f\u00f6re kl. 11:00<\/b><br \/>\nskickas varan samma dag!<\/p>\n<p><i class=\"fas fa-shipping-fast\"><\/i> &nbsp;&nbsp;Leveranstid ca 4 \u2013 10 arbetsdagar (Leverans fr\u00e5n Tyskland)<br \/>\n<i class=\"fas fa-expand-arrows-alt\"><\/i> &nbsp;&nbsp;&nbsp;M\u00e5tt: 4,60 m x 4,00 m x 4,30 m * (L \u00d7 B \u00d7 H)<br \/>\n<i class=\"fas fa-users\"><\/i> &nbsp;&nbsp;L\u00e4mplig f\u00f6r ca 10 barn (beroende p\u00e5 \u00e5lder och storlek)<br \/>\n<i class=\"fas fa-award\"><\/i> &nbsp;&nbsp;&nbsp;Certifierad enligt DIN EN 14960<br \/>\n<i class=\"fas fa-book\"><\/i> &nbsp;&nbsp;&nbsp;Guide med certifikat och serienummer<\/p>\n<\/div>\n","protected":false},"featured_media":84147,"comment_status":"open","ping_status":"closed","template":"","meta":{"_acf_changed":false,"_uag_custom_page_level_css":"","site-sidebar-layout":"default","site-content-layout":"boxed-container","ast-site-content-layout":"normal-width-container","site-content-style":"boxed","site-sidebar-style":"boxed","ast-global-header-display":"","ast-banner-title-visibility":"","ast-main-header-display":"","ast-hfb-above-header-display":"","ast-hfb-below-header-display":"","ast-hfb-mobile-header-display":"","site-post-title":"disabled","ast-breadcrumbs-content":"","ast-featured-img":"","footer-sml-layout":"","ast-disable-related-posts":"","theme-transparent-header-meta":"default","adv-header-id-meta":"","stick-header-meta":"default","header-above-stick-meta":"","header-main-stick-meta":"","header-below-stick-meta":"","astra-migrate-meta-layouts":"set","ast-page-background-enabled":"default","ast-page-background-meta":{"desktop":{"background-color":"var(--ast-global-color-4)","background-image":"","background-repeat":"repeat","background-position":"center center","background-size":"auto","background-attachment":"scroll","background-type":"","background-media":"","overlay-type":"","overlay-color":"","overlay-opacity":"","overlay-gradient":""},"tablet":{"background-color":"","background-image":"","background-repeat":"repeat","background-position":"center center","background-size":"auto","background-attachment":"scroll","background-type":"","background-media":"","overlay-type":"","overlay-color":"","overlay-opacity":"","overlay-gradient":""},"mobile":{"background-color":"","background-image":"","background-repeat":"repeat","background-position":"center center","background-size":"auto","background-attachment":"scroll","background-type":"","background-media":"","overlay-type":"","overlay-color":"","overlay-opacity":"","overlay-gradient":""}},"ast-content-background-meta":{"desktop":{"background-color":"var(--ast-global-color-5)","background-image":"","background-repeat":"repeat","background-position":"center center","background-size":"auto","background-attachment":"scroll","background-type":"","background-media":"","overlay-type":"","overlay-color":"","overlay-opacity":"","overlay-gradient":""},"tablet":{"background-color":"var(--ast-global-color-5)","background-image":"","background-repeat":"repeat","background-position":"center center","background-size":"auto","background-attachment":"scroll","background-type":"","background-media":"","overlay-type":"","overlay-color":"","overlay-opacity":"","overlay-gradient":""},"mobile":{"background-color":"var(--ast-global-color-5)","background-image":"","background-repeat":"repeat","background-position":"center center","background-size":"auto","background-attachment":"scroll","background-type":"","background-media":"","overlay-type":"","overlay-color":"","overlay-opacity":"","overlay-gradient":""}}},"product_brand":[],"product_cat":[1951],"product_tag":[1954],"class_list":{"0":"post-78239","1":"product","2":"type-product","3":"status-publish","4":"has-post-thumbnail","6":"product_cat-bouncy-slott","7":"product_tag-utan-glid","8":"product_shipping_class-spedition-hupfburg-sv","9":"pa_gtin-5235","10":"pa_height-410-m-450-m-sv","11":"pa_length-460-m-500-m-sv","12":"pa_type-of-bouncy-castle-bouncy-castle-without-slide-sv","13":"pa_width-360-m-400-m-sv","14":"desktop-align-center","15":"tablet-align-center","16":"mobile-align-center","17":"ast-product-gallery-layout-horizontal","18":"ast-product-tabs-layout-horizontal","20":"first","21":"instock","22":"taxable","23":"shipping-taxable","24":"purchasable","25":"product-type-simple"},"acf":[],"yoast_head":"<!-- This site is optimized with the Yoast SEO plugin v27.3 - https:\/\/yoast.com\/product\/yoast-seo-wordpress\/ -->\n<title>K\u00f6p Hoppborg Fotbollshj\u00e4lte - T\u00dcV-godk\u00e4nd, snabb frakt<\/title>\n<meta name=\"description\" content=\"K\u00f6p Hoppborg Fotbollshj\u00e4lte f\u00f6r privat och kommersiellt bruk i Sverige. T\u00dcV-testad, certifierad enligt EN 14960 och snabb leverans.\" \/>\n<meta name=\"robots\" content=\"index, follow, max-snippet:-1, max-image-preview:large, max-video-preview:-1\" \/>\n<link rel=\"canonical\" href=\"https:\/\/dodo-inflatables.com\/sv\/produkt\/hoppborg-fotbollshjalte\/\" \/>\n<meta name=\"twitter:label1\" content=\"Ber\u00e4knad l\u00e4stid\" \/>\n\t<meta name=\"twitter:data1\" content=\"3 minuter\" \/>\n<script type=\"application\/ld+json\" class=\"yoast-schema-graph\">{\"@context\":\"https:\\\/\\\/schema.org\",\"@graph\":[{\"@type\":\"WebPage\",\"@id\":\"https:\\\/\\\/dodo-inflatables.com\\\/sv\\\/produkt\\\/hoppborg-fotbollshjalte\\\/\",\"url\":\"https:\\\/\\\/dodo-inflatables.com\\\/sv\\\/produkt\\\/hoppborg-fotbollshjalte\\\/\",\"name\":\"K\u00f6p Hoppborg Fotbollshj\u00e4lte - T\u00dcV-godk\u00e4nd, snabb frakt\",\"isPartOf\":{\"@id\":\"https:\\\/\\\/dodo-inflatables.com\\\/sv\\\/#website\"},\"primaryImageOfPage\":{\"@id\":\"https:\\\/\\\/dodo-inflatables.com\\\/sv\\\/produkt\\\/hoppborg-fotbollshjalte\\\/#primaryimage\"},\"image\":{\"@id\":\"https:\\\/\\\/dodo-inflatables.com\\\/sv\\\/produkt\\\/hoppborg-fotbollshjalte\\\/#primaryimage\"},\"thumbnailUrl\":\"https:\\\/\\\/dodo-inflatables.com\\\/wp-content\\\/uploads\\\/2025\\\/05\\\/Bouncy-Castle-Soccer-Hero13.jpg\",\"datePublished\":\"2025-05-06T18:01:51+00:00\",\"dateModified\":\"2025-08-22T15:52:00+00:00\",\"description\":\"K\u00f6p Hoppborg Fotbollshj\u00e4lte f\u00f6r privat och kommersiellt bruk i Sverige. T\u00dcV-testad, certifierad enligt EN 14960 och snabb leverans.\",\"breadcrumb\":{\"@id\":\"https:\\\/\\\/dodo-inflatables.com\\\/sv\\\/produkt\\\/hoppborg-fotbollshjalte\\\/#breadcrumb\"},\"inLanguage\":\"sv-SE\",\"potentialAction\":[{\"@type\":\"ReadAction\",\"target\":[\"https:\\\/\\\/dodo-inflatables.com\\\/sv\\\/produkt\\\/hoppborg-fotbollshjalte\\\/\"]}]},{\"@type\":\"ImageObject\",\"inLanguage\":\"sv-SE\",\"@id\":\"https:\\\/\\\/dodo-inflatables.com\\\/sv\\\/produkt\\\/hoppborg-fotbollshjalte\\\/#primaryimage\",\"url\":\"https:\\\/\\\/dodo-inflatables.com\\\/wp-content\\\/uploads\\\/2025\\\/05\\\/Bouncy-Castle-Soccer-Hero13.jpg\",\"contentUrl\":\"https:\\\/\\\/dodo-inflatables.com\\\/wp-content\\\/uploads\\\/2025\\\/05\\\/Bouncy-Castle-Soccer-Hero13.jpg\",\"width\":1000,\"height\":1000},{\"@type\":\"BreadcrumbList\",\"@id\":\"https:\\\/\\\/dodo-inflatables.com\\\/sv\\\/produkt\\\/hoppborg-fotbollshjalte\\\/#breadcrumb\",\"itemListElement\":[{\"@type\":\"ListItem\",\"position\":1,\"name\":\"Hem\",\"item\":\"https:\\\/\\\/dodo-inflatables.com\\\/sv\\\/\"},{\"@type\":\"ListItem\",\"position\":2,\"name\":\"Butik\",\"item\":\"https:\\\/\\\/dodo-inflatables.com\\\/sv\\\/?page_id=16794\"},{\"@type\":\"ListItem\",\"position\":3,\"name\":\"Hoppborg Fotbollshj\u00e4lte\"}]},{\"@type\":\"WebSite\",\"@id\":\"https:\\\/\\\/dodo-inflatables.com\\\/sv\\\/#website\",\"url\":\"https:\\\/\\\/dodo-inflatables.com\\\/sv\\\/\",\"name\":\"dodo-inflatables.com\",\"description\":\"K\u00f6p hoppborgar och attraktioner i v\u00e5r butik.\",\"publisher\":{\"@id\":\"https:\\\/\\\/dodo-inflatables.com\\\/sv\\\/#organization\"},\"potentialAction\":[{\"@type\":\"SearchAction\",\"target\":{\"@type\":\"EntryPoint\",\"urlTemplate\":\"https:\\\/\\\/dodo-inflatables.com\\\/sv\\\/?s={search_term_string}\"},\"query-input\":{\"@type\":\"PropertyValueSpecification\",\"valueRequired\":true,\"valueName\":\"search_term_string\"}}],\"inLanguage\":\"sv-SE\"},{\"@type\":\"Organization\",\"@id\":\"https:\\\/\\\/dodo-inflatables.com\\\/sv\\\/#organization\",\"name\":\"dodo-inflatables.com\",\"url\":\"https:\\\/\\\/dodo-inflatables.com\\\/sv\\\/\",\"logo\":{\"@type\":\"ImageObject\",\"inLanguage\":\"sv-SE\",\"@id\":\"https:\\\/\\\/dodo-inflatables.com\\\/sv\\\/#\\\/schema\\\/logo\\\/image\\\/\",\"url\":\"https:\\\/\\\/dodo-inflatables.com\\\/wp-content\\\/uploads\\\/2023\\\/04\\\/cropped-cropped-cropped-Dodo-Logo.png\",\"contentUrl\":\"https:\\\/\\\/dodo-inflatables.com\\\/wp-content\\\/uploads\\\/2023\\\/04\\\/cropped-cropped-cropped-Dodo-Logo.png\",\"width\":2996,\"height\":1545,\"caption\":\"dodo-inflatables.com\"},\"image\":{\"@id\":\"https:\\\/\\\/dodo-inflatables.com\\\/sv\\\/#\\\/schema\\\/logo\\\/image\\\/\"}}]}<\/script>\n<!-- \/ Yoast SEO plugin. -->","yoast_head_json":{"title":"K\u00f6p Hoppborg Fotbollshj\u00e4lte - T\u00dcV-godk\u00e4nd, snabb frakt","description":"K\u00f6p Hoppborg Fotbollshj\u00e4lte f\u00f6r privat och kommersiellt bruk i Sverige. T\u00dcV-testad, certifierad enligt EN 14960 och snabb leverans.","robots":{"index":"index","follow":"follow","max-snippet":"max-snippet:-1","max-image-preview":"max-image-preview:large","max-video-preview":"max-video-preview:-1"},"canonical":"https:\/\/dodo-inflatables.com\/sv\/produkt\/hoppborg-fotbollshjalte\/","twitter_misc":{"Ber\u00e4knad l\u00e4stid":"3 minuter"},"schema":{"@context":"https:\/\/schema.org","@graph":[{"@type":"WebPage","@id":"https:\/\/dodo-inflatables.com\/sv\/produkt\/hoppborg-fotbollshjalte\/","url":"https:\/\/dodo-inflatables.com\/sv\/produkt\/hoppborg-fotbollshjalte\/","name":"K\u00f6p Hoppborg Fotbollshj\u00e4lte - T\u00dcV-godk\u00e4nd, snabb frakt","isPartOf":{"@id":"https:\/\/dodo-inflatables.com\/sv\/#website"},"primaryImageOfPage":{"@id":"https:\/\/dodo-inflatables.com\/sv\/produkt\/hoppborg-fotbollshjalte\/#primaryimage"},"image":{"@id":"https:\/\/dodo-inflatables.com\/sv\/produkt\/hoppborg-fotbollshjalte\/#primaryimage"},"thumbnailUrl":"https:\/\/dodo-inflatables.com\/wp-content\/uploads\/2025\/05\/Bouncy-Castle-Soccer-Hero13.jpg","datePublished":"2025-05-06T18:01:51+00:00","dateModified":"2025-08-22T15:52:00+00:00","description":"K\u00f6p Hoppborg Fotbollshj\u00e4lte f\u00f6r privat och kommersiellt bruk i Sverige. T\u00dcV-testad, certifierad enligt EN 14960 och snabb leverans.","breadcrumb":{"@id":"https:\/\/dodo-inflatables.com\/sv\/produkt\/hoppborg-fotbollshjalte\/#breadcrumb"},"inLanguage":"sv-SE","potentialAction":[{"@type":"ReadAction","target":["https:\/\/dodo-inflatables.com\/sv\/produkt\/hoppborg-fotbollshjalte\/"]}]},{"@type":"ImageObject","inLanguage":"sv-SE","@id":"https:\/\/dodo-inflatables.com\/sv\/produkt\/hoppborg-fotbollshjalte\/#primaryimage","url":"https:\/\/dodo-inflatables.com\/wp-content\/uploads\/2025\/05\/Bouncy-Castle-Soccer-Hero13.jpg","contentUrl":"https:\/\/dodo-inflatables.com\/wp-content\/uploads\/2025\/05\/Bouncy-Castle-Soccer-Hero13.jpg","width":1000,"height":1000},{"@type":"BreadcrumbList","@id":"https:\/\/dodo-inflatables.com\/sv\/produkt\/hoppborg-fotbollshjalte\/#breadcrumb","itemListElement":[{"@type":"ListItem","position":1,"name":"Hem","item":"https:\/\/dodo-inflatables.com\/sv\/"},{"@type":"ListItem","position":2,"name":"Butik","item":"https:\/\/dodo-inflatables.com\/sv\/?page_id=16794"},{"@type":"ListItem","position":3,"name":"Hoppborg Fotbollshj\u00e4lte"}]},{"@type":"WebSite","@id":"https:\/\/dodo-inflatables.com\/sv\/#website","url":"https:\/\/dodo-inflatables.com\/sv\/","name":"dodo-inflatables.com","description":"K\u00f6p hoppborgar och attraktioner i v\u00e5r butik.","publisher":{"@id":"https:\/\/dodo-inflatables.com\/sv\/#organization"},"potentialAction":[{"@type":"SearchAction","target":{"@type":"EntryPoint","urlTemplate":"https:\/\/dodo-inflatables.com\/sv\/?s={search_term_string}"},"query-input":{"@type":"PropertyValueSpecification","valueRequired":true,"valueName":"search_term_string"}}],"inLanguage":"sv-SE"},{"@type":"Organization","@id":"https:\/\/dodo-inflatables.com\/sv\/#organization","name":"dodo-inflatables.com","url":"https:\/\/dodo-inflatables.com\/sv\/","logo":{"@type":"ImageObject","inLanguage":"sv-SE","@id":"https:\/\/dodo-inflatables.com\/sv\/#\/schema\/logo\/image\/","url":"https:\/\/dodo-inflatables.com\/wp-content\/uploads\/2023\/04\/cropped-cropped-cropped-Dodo-Logo.png","contentUrl":"https:\/\/dodo-inflatables.com\/wp-content\/uploads\/2023\/04\/cropped-cropped-cropped-Dodo-Logo.png","width":2996,"height":1545,"caption":"dodo-inflatables.com"},"image":{"@id":"https:\/\/dodo-inflatables.com\/sv\/#\/schema\/logo\/image\/"}}]}},"uagb_featured_image_src":{"full":["https:\/\/dodo-inflatables.com\/wp-content\/uploads\/2025\/05\/Bouncy-Castle-Soccer-Hero13.jpg",1000,1000,false],"thumbnail":["https:\/\/dodo-inflatables.com\/wp-content\/uploads\/2025\/05\/Bouncy-Castle-Soccer-Hero13-150x150.jpg",150,150,true],"medium":["https:\/\/dodo-inflatables.com\/wp-content\/uploads\/2025\/05\/Bouncy-Castle-Soccer-Hero13-300x300.jpg",300,300,true],"medium_large":["https:\/\/dodo-inflatables.com\/wp-content\/uploads\/2025\/05\/Bouncy-Castle-Soccer-Hero13-768x768.jpg",768,768,true],"large":["https:\/\/dodo-inflatables.com\/wp-content\/uploads\/2025\/05\/Bouncy-Castle-Soccer-Hero13.jpg",1000,1000,false],"1536x1536":["https:\/\/dodo-inflatables.com\/wp-content\/uploads\/2025\/05\/Bouncy-Castle-Soccer-Hero13.jpg",1000,1000,false],"2048x2048":["https:\/\/dodo-inflatables.com\/wp-content\/uploads\/2025\/05\/Bouncy-Castle-Soccer-Hero13.jpg",1000,1000,false],"woocommerce_thumbnail":["https:\/\/dodo-inflatables.com\/wp-content\/uploads\/2025\/05\/Bouncy-Castle-Soccer-Hero13-900x900.jpg",900,900,true],"woocommerce_single":["https:\/\/dodo-inflatables.com\/wp-content\/uploads\/2025\/05\/Bouncy-Castle-Soccer-Hero13-900x900.jpg",900,900,true],"woocommerce_gallery_thumbnail":["https:\/\/dodo-inflatables.com\/wp-content\/uploads\/2025\/05\/Bouncy-Castle-Soccer-Hero13-100x100.jpg",100,100,true]},"uagb_author_info":{"display_name":"Andreas","author_link":"https:\/\/dodo-inflatables.com\/sv\/author\/"},"uagb_comment_info":0,"uagb_excerpt":"[gzd_product_delivery_time] Vid best\u00e4llning och mottagen betalning f\u00f6re kl. 11:00 skickas varan samma dag! &nbsp;&nbsp;Leveranstid ca 4 \u2013 10 arbetsdagar (Leverans fr\u00e5n Tyskland) &nbsp;&nbsp;&nbsp;M\u00e5tt: 4,60 m x 4,00 m x 4,30 m * (L \u00d7 B \u00d7 H) &nbsp;&nbsp;L\u00e4mplig f\u00f6r ca 10 barn (beroende p\u00e5 \u00e5lder och storlek) &nbsp;&nbsp;&nbsp;Certifierad enligt DIN EN 14960 &nbsp;&nbsp;&nbsp;Guide med certifikat&hellip;","_links":{"self":[{"href":"https:\/\/dodo-inflatables.com\/sv\/wp-json\/wp\/v2\/product\/78239","targetHints":{"allow":["GET"]}}],"collection":[{"href":"https:\/\/dodo-inflatables.com\/sv\/wp-json\/wp\/v2\/product"}],"about":[{"href":"https:\/\/dodo-inflatables.com\/sv\/wp-json\/wp\/v2\/types\/product"}],"replies":[{"embeddable":true,"href":"https:\/\/dodo-inflatables.com\/sv\/wp-json\/wp\/v2\/comments?post=78239"}],"wp:featuredmedia":[{"embeddable":true,"href":"https:\/\/dodo-inflatables.com\/sv\/wp-json\/wp\/v2\/media\/84147"}],"wp:attachment":[{"href":"https:\/\/dodo-inflatables.com\/sv\/wp-json\/wp\/v2\/media?parent=78239"}],"wp:term":[{"taxonomy":"product_brand","embeddable":true,"href":"https:\/\/dodo-inflatables.com\/sv\/wp-json\/wp\/v2\/product_brand?post=78239"},{"taxonomy":"product_cat","embeddable":true,"href":"https:\/\/dodo-inflatables.com\/sv\/wp-json\/wp\/v2\/product_cat?post=78239"},{"taxonomy":"product_tag","embeddable":true,"href":"https:\/\/dodo-inflatables.com\/sv\/wp-json\/wp\/v2\/product_tag?post=78239"}],"curies":[{"name":"wp","href":"https:\/\/api.w.org\/{rel}","templated":true}]}}